{"id":469,"date":"2024-03-19T12:24:33","date_gmt":"2024-03-19T12:24:33","guid":{"rendered":"https:\/\/fliparas.com\/?post_type=product&#038;p=469"},"modified":"2025-01-31T11:28:28","modified_gmt":"2025-01-31T10:28:28","slug":"jeep-fahren-mallorca","status":"publish","type":"product","link":"https:\/\/fliparas.com\/de\/tatigkeit\/jeep-fahren-mallorca\/","title":{"rendered":"Jeep fahren auf Mallorca"},"content":{"rendered":"<p>Jeep fahren auf Mallorca. Genie\u00dfen Sie eine vierst\u00fcndige Jeeptour auf Mallorca.<\/p>\n<p>Die besten Junggesellenabschiede mit <a href=\"https:\/\/fliparas.com\/de\/junggesellenabschied\/\">Junggesellenabschied<\/a>! <a href=\"https:\/\/fliparas.com\/de\/junggesellinnenabschied\/\">Junggesellinnenabschied<\/a>!<\/p>\n<h2 style=\"text-align: center;\">Jeep fahren auf Mallorca<\/h2>\n<p style=\"text-align: center;\">MINDESTUMSATZ: 2 PERSONEN.<\/p>\n<h4>\ud83d\ude99 <strong>Erkunden Sie Cala Millor mit dem Jeep: Ein unvergessliches Off-Road-Abenteuer!<\/strong> \ud83c\udf1f<\/h4>\n<p>Machen Sie sich bereit f\u00fcr ein unvergessliches Abenteuer mit unserer 4-st\u00fcndigen Jeep-Tour von Cala Millor aus!<\/p>\n<p>\ud83c\udfde\ufe0f Steigen Sie in Ihren gel\u00e4ndeg\u00e4ngigen Jeep und tauchen Sie ein in ein einzigartiges Erlebnis inmitten der herrlichen Landschaften Mallorcas.<\/p>\n<p>Ihr Abenteuer beginnt damit, dass Sie Ihren Jeep abholen, bereit, die kurvenreichen Stra\u00dfen und fesselnden Pfade von Cala Millor zu erobern. Unser umfassendes Paket beinhaltet die gesamte Ausr\u00fcstung, die Sie f\u00fcr ein problemloses Erlebnis ben\u00f6tigen. Helme, eine ausf\u00fchrliche Einweisung und alles, was Sie f\u00fcr ein erfolgreiches Offroad-Abenteuer brauchen. \ud83c\udf04\ud83d\uddfa\ufe0f<\/p>\n<p>Erkunden Sie vier Stunden lang die geheimsten Ecken der Insel! Entdecken Sie atemberaubende Aussichten und erleben Sie den Nervenkitzel einer Jeepfahrt durch abwechslungsreiche Landschaften. Unsere sorgf\u00e4ltig geplante Route bietet ein abwechslungsreiches Terrain, von glitzernden Str\u00e4nden bis zu bergigen Pfaden, und schafft so das perfekte Abenteuer zwischen Nervenkitzel und Erkundung. \ud83c\udfdc\ufe0f\ud83d\ude99<\/p>\n<p>Erleben Sie mit uns ein unvergessliches Jeep-Erlebnis, das Abenteuer, Erkundung und spektakul\u00e4re Landschaften miteinander verbindet. Buchen Sie jetzt und machen Sie sich bereit f\u00fcr ein aufregendes Abenteuer bei <a href=\"https:\/\/es.wikipedia.org\/wiki\/Cala_Millor\">Cala Millor<\/a>! \ud83c\udf1e\ud83d\ude99<\/p>","protected":false},"excerpt":{"rendered":"<p>Jeep fahren auf Mallorca. Genie\u00dfen Sie eine vierst\u00fcndige Jeeptour auf Mallorca.<\/p>\n<p>MINDESTUMSATZ: 2 PERSONEN.<\/p>","protected":false},"featured_media":765,"template":"","meta":[],"product_brand":[425],"product_cat":[193,165,194],"product_tag":[215,216],"class_list":{"0":"post-469","1":"product","2":"type-product","3":"status-publish","4":"has-post-thumbnail","6":"product_brand-fliparas-inc","7":"product_cat-hen-party-mallorca","8":"product_cat-mallorca","9":"product_cat-stag-party-mallorca","10":"product_tag-driving-a-jeep","11":"product_tag-driving-a-jeep-mallorca","13":"first","14":"instock","15":"virtual","16":"sold-individually","17":"purchasable","18":"product-type-booking"},"yoast_head":"<!-- This site is optimized with the Yoast SEO plugin v26.9 - https:\/\/yoast.com\/product\/yoast-seo-wordpress\/ -->\n<title>Driving a Jeep Mallorca<\/title>\n<meta name=\"description\" content=\"Driving a Jeep Mallorca. Enjoy a four-hour Jeep tour in Mallorca. Jeep Tour Mallorca. Jeep Mallorca.\" \/>\n<meta name=\"robots\" content=\"index, follow, max-snippet:-1, max-image-preview:large, max-video-preview:-1\" \/>\n<link rel=\"canonical\" href=\"https:\/\/fliparas.com\/de\/tatigkeit\/jeep-fahren-mallorca\/\" \/>\n<meta property=\"og:locale\" content=\"de_DE\" \/>\n<meta property=\"og:type\" content=\"article\" \/>\n<meta property=\"og:title\" content=\"Driving a Jeep Mallorca\" \/>\n<meta property=\"og:description\" content=\"Driving a Jeep Mallorca. Enjoy a four-hour Jeep tour in Mallorca. Jeep Tour Mallorca. Jeep Mallorca.\" \/>\n<meta property=\"og:url\" content=\"https:\/\/fliparas.com\/de\/tatigkeit\/jeep-fahren-mallorca\/\" \/>\n<meta property=\"og:site_name\" content=\"Agency Specialised in Stag and Hen Parties\" \/>\n<meta property=\"article:modified_time\" content=\"2025-01-31T10:28:28+00:00\" \/>\n<meta property=\"og:image\" content=\"https:\/\/fliparas.com\/wp-content\/uploads\/2024\/03\/Driving-a-Jeep-Mallorca-img.jpeg\" \/>\n\t<meta property=\"og:image:width\" content=\"1024\" \/>\n\t<meta property=\"og:image:height\" content=\"1024\" \/>\n\t<meta property=\"og:image:type\" content=\"image\/jpeg\" \/>\n<meta name=\"twitter:card\" content=\"summary_large_image\" \/>\n<meta name=\"twitter:label1\" content=\"Price\" \/>\n\t<meta name=\"twitter:data1\" content=\"110,00&nbsp;&euro;\" \/>\n\t<meta name=\"twitter:label2\" content=\"Availability\" \/>\n\t<meta name=\"twitter:data2\" content=\"In stock\" \/>\n<script type=\"application\/ld+json\" class=\"yoast-schema-graph\">{\"@context\":\"https:\/\/schema.org\",\"@graph\":[{\"@type\":\"WebPage\",\"@id\":\"https:\/\/fliparas.com\/activity\/driving-a-jeep-mallorca\/\",\"url\":\"https:\/\/fliparas.com\/activity\/driving-a-jeep-mallorca\/\",\"name\":\"Driving a Jeep Mallorca\",\"isPartOf\":{\"@id\":\"https:\/\/fliparas.com\/#website\"},\"primaryImageOfPage\":{\"@id\":\"https:\/\/fliparas.com\/activity\/driving-a-jeep-mallorca\/#primaryimage\"},\"image\":{\"@id\":\"https:\/\/fliparas.com\/activity\/driving-a-jeep-mallorca\/#primaryimage\"},\"thumbnailUrl\":\"https:\/\/fliparas.com\/wp-content\/uploads\/2024\/03\/Driving-a-Jeep-Mallorca-img.jpeg\",\"datePublished\":\"2024-03-19T12:24:33+00:00\",\"dateModified\":\"2025-01-31T10:28:28+00:00\",\"description\":\"Driving a Jeep Mallorca. Enjoy a four-hour Jeep tour in Mallorca. Jeep Tour Mallorca. Jeep Mallorca.\",\"breadcrumb\":{\"@id\":\"https:\/\/fliparas.com\/activity\/driving-a-jeep-mallorca\/#breadcrumb\"},\"inLanguage\":\"de\",\"potentialAction\":[{\"@type\":\"ReadAction\",\"target\":[\"https:\/\/fliparas.com\/activity\/driving-a-jeep-mallorca\/\"]}]},{\"@type\":\"ImageObject\",\"inLanguage\":\"de\",\"@id\":\"https:\/\/fliparas.com\/activity\/driving-a-jeep-mallorca\/#primaryimage\",\"url\":\"https:\/\/fliparas.com\/wp-content\/uploads\/2024\/03\/Driving-a-Jeep-Mallorca-img.jpeg\",\"contentUrl\":\"https:\/\/fliparas.com\/wp-content\/uploads\/2024\/03\/Driving-a-Jeep-Mallorca-img.jpeg\",\"width\":1024,\"height\":1024},{\"@type\":\"BreadcrumbList\",\"@id\":\"https:\/\/fliparas.com\/activity\/driving-a-jeep-mallorca\/#breadcrumb\",\"itemListElement\":[{\"@type\":\"ListItem\",\"position\":1,\"name\":\"Home\",\"item\":\"https:\/\/fliparas.com\/\"},{\"@type\":\"ListItem\",\"position\":2,\"name\":\"Shop\",\"item\":\"https:\/\/fliparas.com\/shop\/\"},{\"@type\":\"ListItem\",\"position\":3,\"name\":\"Driving a Jeep Mallorca\"}]},{\"@type\":\"WebSite\",\"@id\":\"https:\/\/fliparas.com\/#website\",\"url\":\"https:\/\/fliparas.com\/\",\"name\":\"Agency Specialised in Stag and Hen Parties\",\"description\":\"Trust the highest rated agency to organize an unforgettable stag and hen parties in Europe\",\"publisher\":{\"@id\":\"https:\/\/fliparas.com\/#organization\"},\"alternateName\":\"Fliparas Agency Specialised in Stag and Hen Parties\",\"potentialAction\":[{\"@type\":\"SearchAction\",\"target\":{\"@type\":\"EntryPoint\",\"urlTemplate\":\"https:\/\/fliparas.com\/?s={search_term_string}\"},\"query-input\":{\"@type\":\"PropertyValueSpecification\",\"valueRequired\":true,\"valueName\":\"search_term_string\"}}],\"inLanguage\":\"de\"},{\"@type\":\"Organization\",\"@id\":\"https:\/\/fliparas.com\/#organization\",\"name\":\"Fliparas\",\"alternateName\":\"Agency Specialised in Stag and Hen Parties\",\"url\":\"https:\/\/fliparas.com\/\",\"logo\":{\"@type\":\"ImageObject\",\"inLanguage\":\"de\",\"@id\":\"https:\/\/fliparas.com\/#\/schema\/logo\/image\/\",\"url\":\"https:\/\/fliparas.com\/wp-content\/uploads\/2024\/03\/Logo-Fliparas.png\",\"contentUrl\":\"https:\/\/fliparas.com\/wp-content\/uploads\/2024\/03\/Logo-Fliparas.png\",\"width\":1024,\"height\":1024,\"caption\":\"Fliparas\"},\"image\":{\"@id\":\"https:\/\/fliparas.com\/#\/schema\/logo\/image\/\"}}]}<\/script>\n<meta property=\"product:price:amount\" content=\"110.00\" \/>\n<meta property=\"product:price:currency\" content=\"EUR\" \/>\n<meta property=\"og:availability\" content=\"instock\" \/>\n<meta property=\"product:availability\" content=\"instock\" \/>\n<meta property=\"product:condition\" content=\"new\" \/>\n<!-- \/ Yoast SEO plugin. -->","yoast_head_json":{"title":"Jeep fahren auf Mallorca","description":"Jeep fahren auf Mallorca. Genie\u00dfen Sie eine vierst\u00fcndige Jeeptour auf Mallorca. Jeep Tour Mallorca. Jeep Mallorca.","robots":{"index":"index","follow":"follow","max-snippet":"max-snippet:-1","max-image-preview":"max-image-preview:large","max-video-preview":"max-video-preview:-1"},"canonical":"https:\/\/fliparas.com\/de\/tatigkeit\/jeep-fahren-mallorca\/","og_locale":"de_DE","og_type":"article","og_title":"Driving a Jeep Mallorca","og_description":"Driving a Jeep Mallorca. Enjoy a four-hour Jeep tour in Mallorca. Jeep Tour Mallorca. Jeep Mallorca.","og_url":"https:\/\/fliparas.com\/de\/tatigkeit\/jeep-fahren-mallorca\/","og_site_name":"Agency Specialised in Stag and Hen Parties","article_modified_time":"2025-01-31T10:28:28+00:00","og_image":[{"width":1024,"height":1024,"url":"https:\/\/fliparas.com\/wp-content\/uploads\/2024\/03\/Driving-a-Jeep-Mallorca-img.jpeg","type":"image\/jpeg"}],"twitter_card":"summary_large_image","twitter_misc":{"Price":"110,00&nbsp;&euro;","Availability":"In stock"},"schema":{"@context":"https:\/\/schema.org","@graph":[{"@type":"WebPage","@id":"https:\/\/fliparas.com\/activity\/driving-a-jeep-mallorca\/","url":"https:\/\/fliparas.com\/activity\/driving-a-jeep-mallorca\/","name":"Jeep fahren auf Mallorca","isPartOf":{"@id":"https:\/\/fliparas.com\/#website"},"primaryImageOfPage":{"@id":"https:\/\/fliparas.com\/activity\/driving-a-jeep-mallorca\/#primaryimage"},"image":{"@id":"https:\/\/fliparas.com\/activity\/driving-a-jeep-mallorca\/#primaryimage"},"thumbnailUrl":"https:\/\/fliparas.com\/wp-content\/uploads\/2024\/03\/Driving-a-Jeep-Mallorca-img.jpeg","datePublished":"2024-03-19T12:24:33+00:00","dateModified":"2025-01-31T10:28:28+00:00","description":"Jeep fahren auf Mallorca. Genie\u00dfen Sie eine vierst\u00fcndige Jeeptour auf Mallorca. Jeep Tour Mallorca. Jeep Mallorca.","breadcrumb":{"@id":"https:\/\/fliparas.com\/activity\/driving-a-jeep-mallorca\/#breadcrumb"},"inLanguage":"de","potentialAction":[{"@type":"ReadAction","target":["https:\/\/fliparas.com\/activity\/driving-a-jeep-mallorca\/"]}]},{"@type":"ImageObject","inLanguage":"de","@id":"https:\/\/fliparas.com\/activity\/driving-a-jeep-mallorca\/#primaryimage","url":"https:\/\/fliparas.com\/wp-content\/uploads\/2024\/03\/Driving-a-Jeep-Mallorca-img.jpeg","contentUrl":"https:\/\/fliparas.com\/wp-content\/uploads\/2024\/03\/Driving-a-Jeep-Mallorca-img.jpeg","width":1024,"height":1024},{"@type":"BreadcrumbList","@id":"https:\/\/fliparas.com\/activity\/driving-a-jeep-mallorca\/#breadcrumb","itemListElement":[{"@type":"ListItem","position":1,"name":"Home","item":"https:\/\/fliparas.com\/"},{"@type":"ListItem","position":2,"name":"Shop","item":"https:\/\/fliparas.com\/shop\/"},{"@type":"ListItem","position":3,"name":"Driving a Jeep Mallorca"}]},{"@type":"WebSite","@id":"https:\/\/fliparas.com\/#website","url":"https:\/\/fliparas.com\/","name":"Auf Junggesellen- und Junggesellinnenabschiede spezialisierte Agentur","description":"Vertrauen Sie der bestbewerteten Agentur, um einen unvergesslichen Junggesellenabschied in Europa zu organisieren","publisher":{"@id":"https:\/\/fliparas.com\/#organization"},"alternateName":"Fliparas Agency Specialised in Stag and Hen Parties","potentialAction":[{"@type":"SearchAction","target":{"@type":"EntryPoint","urlTemplate":"https:\/\/fliparas.com\/?s={search_term_string}"},"query-input":{"@type":"PropertyValueSpecification","valueRequired":true,"valueName":"search_term_string"}}],"inLanguage":"de"},{"@type":"Organization","@id":"https:\/\/fliparas.com\/#organization","name":"Fliparas","alternateName":"Agency Specialised in Stag and Hen Parties","url":"https:\/\/fliparas.com\/","logo":{"@type":"ImageObject","inLanguage":"de","@id":"https:\/\/fliparas.com\/#\/schema\/logo\/image\/","url":"https:\/\/fliparas.com\/wp-content\/uploads\/2024\/03\/Logo-Fliparas.png","contentUrl":"https:\/\/fliparas.com\/wp-content\/uploads\/2024\/03\/Logo-Fliparas.png","width":1024,"height":1024,"caption":"Fliparas"},"image":{"@id":"https:\/\/fliparas.com\/#\/schema\/logo\/image\/"}}]},"product_price_amount":"110.00","product_price_currency":"EUR","og_availability":"instock","product_availability":"instock","product_condition":"new"},"_links":{"self":[{"href":"https:\/\/fliparas.com\/de\/wp-json\/wp\/v2\/product\/469","targetHints":{"allow":["GET"]}}],"collection":[{"href":"https:\/\/fliparas.com\/de\/wp-json\/wp\/v2\/product"}],"about":[{"href":"https:\/\/fliparas.com\/de\/wp-json\/wp\/v2\/types\/product"}],"wp:featuredmedia":[{"embeddable":true,"href":"https:\/\/fliparas.com\/de\/wp-json\/wp\/v2\/media\/765"}],"wp:attachment":[{"href":"https:\/\/fliparas.com\/de\/wp-json\/wp\/v2\/media?parent=469"}],"wp:term":[{"taxonomy":"product_brand","embeddable":true,"href":"https:\/\/fliparas.com\/de\/wp-json\/wp\/v2\/product_brand?post=469"},{"taxonomy":"product_cat","embeddable":true,"href":"https:\/\/fliparas.com\/de\/wp-json\/wp\/v2\/product_cat?post=469"},{"taxonomy":"product_tag","embeddable":true,"href":"https:\/\/fliparas.com\/de\/wp-json\/wp\/v2\/product_tag?post=469"}],"curies":[{"name":"wp","href":"https:\/\/api.w.org\/{rel}","templated":true}]}}