{"id":470,"date":"2024-03-19T12:24:33","date_gmt":"2024-03-19T12:24:33","guid":{"rendered":"https:\/\/fliparas.com\/?post_type=product&#038;p=470"},"modified":"2025-01-31T11:28:27","modified_gmt":"2025-01-31T10:28:27","slug":"madchen-in-bikinis-mallorca","status":"publish","type":"product","link":"https:\/\/fliparas.com\/de\/tatigkeit\/madchen-in-bikinis-mallorca\/","title":{"rendered":"M\u00e4dchen in Bikinis Mallorca"},"content":{"rendered":"<p>M\u00e4dchen im Bikini Mallorca. Wenn Sie mit dem Gedanken spielen, ein Boot auf Mallorca zu mieten, d\u00fcrfen Sie die M\u00e4dchen in Bikinis nicht verpassen!<\/p>\n<p>Die besten Junggesellenabschiede mit <a href=\"https:\/\/fliparas.com\/de\/junggesellenabschied\/\">Junggesellenabschied<\/a>!<\/p>\n<h2 style=\"text-align: center;\">M\u00e4dchen in Mallorca Bikinis\ud83d\udc59<\/h2>\n<h4>Das ultimative Erlebnis am Meer auf Mallorca erwartet Sie mit unserem exklusiven Service von charmanten Hostessen im Bikini, die Ihre Bootsfahrt bereichern! \u26f5<\/h4>\n<p>Stellen Sie sich vor, Sie segeln auf den kristallklaren Gew\u00e4ssern Mallorcas... Umgeben von atemberaubenden Landschaften, in Begleitung von sch\u00f6nen Stewardessen in sexy Bikinis.<\/p>\n<p>Unsere professionellen und aufmerksamen Hostessen machen Ihren Tag auf See zu etwas ganz Besonderem. Sie werden Sie w\u00e4hrend der gesamten Reise begleiten! Sie werden Fotos machen und daf\u00fcr sorgen, dass Ihr Erlebnis auf dem Schiff unvergesslich wird.<\/p>\n<p>Ob es sich um einen Ausflug mit Freunden, eine besondere Feier oder einfach nur einen erholsamen Tag auf dem Meer, unsere Bikini-M\u00e4dchen wird einen Hauch von Sinnlichkeit und Spa\u00df zu Ihrem Abenteuer auf See hinzuzuf\u00fcgen. Ihre Anwesenheit bemerkenswert und ihre tadellosen Bild wird Ihnen helfen, zu entspannen und genie\u00dfen Sie jeden Moment.<\/p>\n<p>Buchen Sie jetzt f\u00fcr ein exklusives Segelerlebnis in <a href=\"https:\/\/es.wikipedia.org\/wiki\/Mallorca\">Mallorca<\/a>, wo Luxus, Sinnlichkeit und au\u00dfergew\u00f6hnlicher Service zusammenkommen, um unvergessliche Erinnerungen zu schaffen. Verbringen Sie mit uns einen traumhaften Tag auf dem Meer, umgeben von Sch\u00f6nheit und Bikinis. \ud83c\udf1e\u26f5\ud83d\udc59<\/p>\n<p>Trauen Sie sich, umgeben von sexy M\u00e4dchen zu segeln? Genie\u00dfen Sie Mallorca Bikini-M\u00e4dchen!<\/p>","protected":false},"excerpt":{"rendered":"<p>M\u00e4dchen im Bikini Mallorca. Wenn Sie mit dem Gedanken spielen, ein Boot auf Mallorca zu mieten, d\u00fcrfen Sie die M\u00e4dchen in Bikinis nicht verpassen!<\/p>","protected":false},"featured_media":838,"template":"","meta":[],"product_brand":[425],"product_cat":[165,194],"product_tag":[218,217],"class_list":{"0":"post-470","1":"product","2":"type-product","3":"status-publish","4":"has-post-thumbnail","6":"product_brand-fliparas-inc","7":"product_cat-mallorca","8":"product_cat-stag-party-mallorca","9":"product_tag-girls-in-bikinis","10":"product_tag-girls-in-bikinis-mallorca","12":"first","13":"instock","14":"virtual","15":"sold-individually","16":"purchasable","17":"product-type-booking"},"yoast_head":"<!-- This site is optimized with the Yoast SEO plugin v26.9 - https:\/\/yoast.com\/product\/yoast-seo-wordpress\/ -->\n<title>Girls in Bikinis Mallorca<\/title>\n<meta name=\"description\" content=\"Girls in Bikini Mallorca. If you are thinking of renting a boat in Mallorca, you can&#039;t miss the girls in bikinis! Bikini Girls Mallorca.\" \/>\n<meta name=\"robots\" content=\"index, follow, max-snippet:-1, max-image-preview:large, max-video-preview:-1\" \/>\n<link rel=\"canonical\" href=\"https:\/\/fliparas.com\/de\/tatigkeit\/madchen-in-bikinis-mallorca\/\" \/>\n<meta property=\"og:locale\" content=\"de_DE\" \/>\n<meta property=\"og:type\" content=\"article\" \/>\n<meta property=\"og:title\" content=\"Girls in Bikinis Mallorca\" \/>\n<meta property=\"og:description\" content=\"Girls in Bikini Mallorca. If you are thinking of renting a boat in Mallorca, you can&#039;t miss the girls in bikinis! Bikini Girls Mallorca.\" \/>\n<meta property=\"og:url\" content=\"https:\/\/fliparas.com\/de\/tatigkeit\/madchen-in-bikinis-mallorca\/\" \/>\n<meta property=\"og:site_name\" content=\"Agency Specialised in Stag and Hen Parties\" \/>\n<meta property=\"article:modified_time\" content=\"2025-01-31T10:28:27+00:00\" \/>\n<meta property=\"og:image\" content=\"https:\/\/fliparas.com\/wp-content\/uploads\/2024\/03\/Girls-in-Bikinis-Mallorca-img.jpeg\" \/>\n\t<meta property=\"og:image:width\" content=\"1024\" \/>\n\t<meta property=\"og:image:height\" content=\"1024\" \/>\n\t<meta property=\"og:image:type\" content=\"image\/jpeg\" \/>\n<meta name=\"twitter:card\" content=\"summary_large_image\" \/>\n<meta name=\"twitter:label1\" content=\"Price\" \/>\n\t<meta name=\"twitter:data1\" content=\"370,00&nbsp;&euro;\" \/>\n\t<meta name=\"twitter:label2\" content=\"Availability\" \/>\n\t<meta name=\"twitter:data2\" content=\"In stock\" \/>\n<script type=\"application\/ld+json\" class=\"yoast-schema-graph\">{\"@context\":\"https:\/\/schema.org\",\"@graph\":[{\"@type\":\"WebPage\",\"@id\":\"https:\/\/fliparas.com\/activity\/girls-in-bikinis-mallorca\/\",\"url\":\"https:\/\/fliparas.com\/activity\/girls-in-bikinis-mallorca\/\",\"name\":\"Girls in Bikinis Mallorca\",\"isPartOf\":{\"@id\":\"https:\/\/fliparas.com\/#website\"},\"primaryImageOfPage\":{\"@id\":\"https:\/\/fliparas.com\/activity\/girls-in-bikinis-mallorca\/#primaryimage\"},\"image\":{\"@id\":\"https:\/\/fliparas.com\/activity\/girls-in-bikinis-mallorca\/#primaryimage\"},\"thumbnailUrl\":\"https:\/\/fliparas.com\/wp-content\/uploads\/2024\/03\/Girls-in-Bikinis-Mallorca-img.jpeg\",\"datePublished\":\"2024-03-19T12:24:33+00:00\",\"dateModified\":\"2025-01-31T10:28:27+00:00\",\"description\":\"Girls in Bikini Mallorca. If you are thinking of renting a boat in Mallorca, you can't miss the girls in bikinis! Bikini Girls Mallorca.\",\"breadcrumb\":{\"@id\":\"https:\/\/fliparas.com\/activity\/girls-in-bikinis-mallorca\/#breadcrumb\"},\"inLanguage\":\"de\",\"potentialAction\":[{\"@type\":\"ReadAction\",\"target\":[\"https:\/\/fliparas.com\/activity\/girls-in-bikinis-mallorca\/\"]}]},{\"@type\":\"ImageObject\",\"inLanguage\":\"de\",\"@id\":\"https:\/\/fliparas.com\/activity\/girls-in-bikinis-mallorca\/#primaryimage\",\"url\":\"https:\/\/fliparas.com\/wp-content\/uploads\/2024\/03\/Girls-in-Bikinis-Mallorca-img.jpeg\",\"contentUrl\":\"https:\/\/fliparas.com\/wp-content\/uploads\/2024\/03\/Girls-in-Bikinis-Mallorca-img.jpeg\",\"width\":1024,\"height\":1024},{\"@type\":\"BreadcrumbList\",\"@id\":\"https:\/\/fliparas.com\/activity\/girls-in-bikinis-mallorca\/#breadcrumb\",\"itemListElement\":[{\"@type\":\"ListItem\",\"position\":1,\"name\":\"Home\",\"item\":\"https:\/\/fliparas.com\/\"},{\"@type\":\"ListItem\",\"position\":2,\"name\":\"Shop\",\"item\":\"https:\/\/fliparas.com\/shop\/\"},{\"@type\":\"ListItem\",\"position\":3,\"name\":\"Girls in Bikinis Mallorca\"}]},{\"@type\":\"WebSite\",\"@id\":\"https:\/\/fliparas.com\/#website\",\"url\":\"https:\/\/fliparas.com\/\",\"name\":\"Agency Specialised in Stag and Hen Parties\",\"description\":\"Trust the highest rated agency to organize an unforgettable stag and hen parties in Europe\",\"publisher\":{\"@id\":\"https:\/\/fliparas.com\/#organization\"},\"alternateName\":\"Fliparas Agency Specialised in Stag and Hen Parties\",\"potentialAction\":[{\"@type\":\"SearchAction\",\"target\":{\"@type\":\"EntryPoint\",\"urlTemplate\":\"https:\/\/fliparas.com\/?s={search_term_string}\"},\"query-input\":{\"@type\":\"PropertyValueSpecification\",\"valueRequired\":true,\"valueName\":\"search_term_string\"}}],\"inLanguage\":\"de\"},{\"@type\":\"Organization\",\"@id\":\"https:\/\/fliparas.com\/#organization\",\"name\":\"Fliparas\",\"alternateName\":\"Agency Specialised in Stag and Hen Parties\",\"url\":\"https:\/\/fliparas.com\/\",\"logo\":{\"@type\":\"ImageObject\",\"inLanguage\":\"de\",\"@id\":\"https:\/\/fliparas.com\/#\/schema\/logo\/image\/\",\"url\":\"https:\/\/fliparas.com\/wp-content\/uploads\/2024\/03\/Logo-Fliparas.png\",\"contentUrl\":\"https:\/\/fliparas.com\/wp-content\/uploads\/2024\/03\/Logo-Fliparas.png\",\"width\":1024,\"height\":1024,\"caption\":\"Fliparas\"},\"image\":{\"@id\":\"https:\/\/fliparas.com\/#\/schema\/logo\/image\/\"}}]}<\/script>\n<meta property=\"product:price:amount\" content=\"370.00\" \/>\n<meta property=\"product:price:currency\" content=\"EUR\" \/>\n<meta property=\"og:availability\" content=\"instock\" \/>\n<meta property=\"product:availability\" content=\"instock\" \/>\n<meta property=\"product:condition\" content=\"new\" \/>\n<!-- \/ Yoast SEO plugin. -->","yoast_head_json":{"title":"M\u00e4dchen in Bikinis Mallorca","description":"M\u00e4dchen im Bikini Mallorca. Wenn Sie mit dem Gedanken spielen, ein Boot auf Mallorca zu mieten, d\u00fcrfen Sie die M\u00e4dchen in Bikinis nicht verpassen! Bikini Girls Mallorca.","robots":{"index":"index","follow":"follow","max-snippet":"max-snippet:-1","max-image-preview":"max-image-preview:large","max-video-preview":"max-video-preview:-1"},"canonical":"https:\/\/fliparas.com\/de\/tatigkeit\/madchen-in-bikinis-mallorca\/","og_locale":"de_DE","og_type":"article","og_title":"Girls in Bikinis Mallorca","og_description":"Girls in Bikini Mallorca. If you are thinking of renting a boat in Mallorca, you can't miss the girls in bikinis! Bikini Girls Mallorca.","og_url":"https:\/\/fliparas.com\/de\/tatigkeit\/madchen-in-bikinis-mallorca\/","og_site_name":"Agency Specialised in Stag and Hen Parties","article_modified_time":"2025-01-31T10:28:27+00:00","og_image":[{"width":1024,"height":1024,"url":"https:\/\/fliparas.com\/wp-content\/uploads\/2024\/03\/Girls-in-Bikinis-Mallorca-img.jpeg","type":"image\/jpeg"}],"twitter_card":"summary_large_image","twitter_misc":{"Price":"370,00&nbsp;&euro;","Availability":"In stock"},"schema":{"@context":"https:\/\/schema.org","@graph":[{"@type":"WebPage","@id":"https:\/\/fliparas.com\/activity\/girls-in-bikinis-mallorca\/","url":"https:\/\/fliparas.com\/activity\/girls-in-bikinis-mallorca\/","name":"M\u00e4dchen in Bikinis Mallorca","isPartOf":{"@id":"https:\/\/fliparas.com\/#website"},"primaryImageOfPage":{"@id":"https:\/\/fliparas.com\/activity\/girls-in-bikinis-mallorca\/#primaryimage"},"image":{"@id":"https:\/\/fliparas.com\/activity\/girls-in-bikinis-mallorca\/#primaryimage"},"thumbnailUrl":"https:\/\/fliparas.com\/wp-content\/uploads\/2024\/03\/Girls-in-Bikinis-Mallorca-img.jpeg","datePublished":"2024-03-19T12:24:33+00:00","dateModified":"2025-01-31T10:28:27+00:00","description":"M\u00e4dchen im Bikini Mallorca. Wenn Sie mit dem Gedanken spielen, ein Boot auf Mallorca zu mieten, d\u00fcrfen Sie die M\u00e4dchen in Bikinis nicht verpassen! Bikini Girls Mallorca.","breadcrumb":{"@id":"https:\/\/fliparas.com\/activity\/girls-in-bikinis-mallorca\/#breadcrumb"},"inLanguage":"de","potentialAction":[{"@type":"ReadAction","target":["https:\/\/fliparas.com\/activity\/girls-in-bikinis-mallorca\/"]}]},{"@type":"ImageObject","inLanguage":"de","@id":"https:\/\/fliparas.com\/activity\/girls-in-bikinis-mallorca\/#primaryimage","url":"https:\/\/fliparas.com\/wp-content\/uploads\/2024\/03\/Girls-in-Bikinis-Mallorca-img.jpeg","contentUrl":"https:\/\/fliparas.com\/wp-content\/uploads\/2024\/03\/Girls-in-Bikinis-Mallorca-img.jpeg","width":1024,"height":1024},{"@type":"BreadcrumbList","@id":"https:\/\/fliparas.com\/activity\/girls-in-bikinis-mallorca\/#breadcrumb","itemListElement":[{"@type":"ListItem","position":1,"name":"Home","item":"https:\/\/fliparas.com\/"},{"@type":"ListItem","position":2,"name":"Shop","item":"https:\/\/fliparas.com\/shop\/"},{"@type":"ListItem","position":3,"name":"Girls in Bikinis Mallorca"}]},{"@type":"WebSite","@id":"https:\/\/fliparas.com\/#website","url":"https:\/\/fliparas.com\/","name":"Auf Junggesellen- und Junggesellinnenabschiede spezialisierte Agentur","description":"Vertrauen Sie der bestbewerteten Agentur, um einen unvergesslichen Junggesellenabschied in Europa zu organisieren","publisher":{"@id":"https:\/\/fliparas.com\/#organization"},"alternateName":"Fliparas Agency Specialised in Stag and Hen Parties","potentialAction":[{"@type":"SearchAction","target":{"@type":"EntryPoint","urlTemplate":"https:\/\/fliparas.com\/?s={search_term_string}"},"query-input":{"@type":"PropertyValueSpecification","valueRequired":true,"valueName":"search_term_string"}}],"inLanguage":"de"},{"@type":"Organization","@id":"https:\/\/fliparas.com\/#organization","name":"Fliparas","alternateName":"Agency Specialised in Stag and Hen Parties","url":"https:\/\/fliparas.com\/","logo":{"@type":"ImageObject","inLanguage":"de","@id":"https:\/\/fliparas.com\/#\/schema\/logo\/image\/","url":"https:\/\/fliparas.com\/wp-content\/uploads\/2024\/03\/Logo-Fliparas.png","contentUrl":"https:\/\/fliparas.com\/wp-content\/uploads\/2024\/03\/Logo-Fliparas.png","width":1024,"height":1024,"caption":"Fliparas"},"image":{"@id":"https:\/\/fliparas.com\/#\/schema\/logo\/image\/"}}]},"product_price_amount":"370.00","product_price_currency":"EUR","og_availability":"instock","product_availability":"instock","product_condition":"new"},"_links":{"self":[{"href":"https:\/\/fliparas.com\/de\/wp-json\/wp\/v2\/product\/470","targetHints":{"allow":["GET"]}}],"collection":[{"href":"https:\/\/fliparas.com\/de\/wp-json\/wp\/v2\/product"}],"about":[{"href":"https:\/\/fliparas.com\/de\/wp-json\/wp\/v2\/types\/product"}],"wp:featuredmedia":[{"embeddable":true,"href":"https:\/\/fliparas.com\/de\/wp-json\/wp\/v2\/media\/838"}],"wp:attachment":[{"href":"https:\/\/fliparas.com\/de\/wp-json\/wp\/v2\/media?parent=470"}],"wp:term":[{"taxonomy":"product_brand","embeddable":true,"href":"https:\/\/fliparas.com\/de\/wp-json\/wp\/v2\/product_brand?post=470"},{"taxonomy":"product_cat","embeddable":true,"href":"https:\/\/fliparas.com\/de\/wp-json\/wp\/v2\/product_cat?post=470"},{"taxonomy":"product_tag","embeddable":true,"href":"https:\/\/fliparas.com\/de\/wp-json\/wp\/v2\/product_tag?post=470"}],"curies":[{"name":"wp","href":"https:\/\/api.w.org\/{rel}","templated":true}]}}