{"id":473,"date":"2024-03-19T12:24:33","date_gmt":"2024-03-19T12:24:33","guid":{"rendered":"https:\/\/fliparas.com\/?post_type=product&#038;p=473"},"modified":"2025-01-31T11:28:27","modified_gmt":"2025-01-31T10:28:27","slug":"parasailing-mallorca","status":"publish","type":"product","link":"https:\/\/fliparas.com\/de\/tatigkeit\/parasailing-mallorca\/","title":{"rendered":"Parasailing Mallorca"},"content":{"rendered":"<p>Parasailing Mallorca. Es fliegt \u00fcber Palma mehr als f\u00fcnfzig Meter \u00fcber dem Wasser. M\u00f6glichkeit, es bei Sonnenuntergang zu tun!<\/p>\n<p>Die besten Junggesellenabschiede mit <a href=\"https:\/\/fliparas.com\/de\/junggesellenabschied\/\">Junggesellenabschied<\/a>! <a href=\"https:\/\/fliparas.com\/de\/junggesellinnenabschied\/\">Junggesellinnenabschied<\/a>!<\/p>\n<h2 style=\"text-align: center;\">Parasailing Mallorca \ud83e\ude82<\/h2>\n<p style=\"text-align: center;\">MINDESTUMSATZ: 2 PERSONEN.<\/p>\n<h4>\ud83c\udf0a <strong>Parasailing in Palma de Mallorca: Erleben Sie die Emotionen des Mittelmeerhimmels!<\/strong> \ud83e\ude82<\/h4>\n<p>Bereiten Sie sich auf ein sensationelles Abenteuer in der Luft in Palma de Mallorca mit unserem Parasailing-Erlebnis vor!<\/p>\n<p>Begleiten Sie uns zu einem einzigartigen Erlebnis, bei dem Sie zehn Minuten lang in 50 Metern H\u00f6he \u00fcber das kristallklare Wasser von Palma fliegen und einen unvergesslichen Panoramablick auf die Sch\u00f6nheit des Mittelmeers genie\u00dfen k\u00f6nnen.<\/p>\n<p>H\u00e4ngen Sie sich an Ihren Fallschirm und lassen Sie sich vom Seewind tragen, w\u00e4hrend Sie das Gef\u00fchl der reinen Freiheit genie\u00dfen. Das glitzernde Wasser von Palma wird sich unter Ihren F\u00fc\u00dfen entfalten und unausl\u00f6schliche Erinnerungen an dieses au\u00dfergew\u00f6hnliche Erlebnis in der Luft schaffen.<\/p>\n<p>Unser qualifiziertes Team sorgt w\u00e4hrend des gesamten Abenteuers f\u00fcr Ihre Sicherheit, so dass Sie sich entspannen und sich von der Aufregung mitrei\u00dfen lassen k\u00f6nnen. Egal, ob Sie alleine, zu zweit oder in einer Gruppe den Nervenkitzel suchen, Parasailing ist ein Erlebnis f\u00fcr alle Abenteuerlustigen.<\/p>\n<p>Buchen Sie jetzt f\u00fcr ein unvergessliches Erlebnis, bei dem sich Adrenalin, Ruhe und Sch\u00f6nheit am Himmel von <a href=\"https:\/\/es.wikipedia.org\/wiki\/Palma_de_Mallorca\">Palma de Mallorca. <\/a><\/p>\n<p>Verpassen Sie nicht diese einzigartige Gelegenheit, die Wolken zu ber\u00fchren und unvergessliche Erinnerungen aus der Luft zu schaffen! \ud83c\udf0a\ud83e\ude82\ud83c\udf1f<\/p>\n<p>Buchen Sie jetzt und genie\u00dfen Sie Parasailing Mallorca!<\/p>","protected":false},"excerpt":{"rendered":"<p>Parasailing Mallorca. Es fliegt \u00fcber Palma mehr als f\u00fcnfzig Meter \u00fcber dem Wasser. M\u00f6glichkeit, es bei Sonnenuntergang zu tun!<\/p>\n<p>MINDESTUMSATZ: 2 PERSONEN.<\/p>","protected":false},"featured_media":841,"template":"","meta":[],"product_brand":[425],"product_cat":[193,165,194],"product_tag":[224,223],"class_list":{"0":"post-473","1":"product","2":"type-product","3":"status-publish","4":"has-post-thumbnail","6":"product_brand-fliparas-inc","7":"product_cat-hen-party-mallorca","8":"product_cat-mallorca","9":"product_cat-stag-party-mallorca","10":"product_tag-parasailing","11":"product_tag-parasailing-mallorca","13":"first","14":"instock","15":"virtual","16":"sold-individually","17":"purchasable","18":"product-type-booking"},"yoast_head":"<!-- This site is optimized with the Yoast SEO plugin v26.9 - https:\/\/yoast.com\/product\/yoast-seo-wordpress\/ -->\n<title>Parasailing Mallorca<\/title>\n<meta name=\"description\" content=\"Parasailing Mallorca. It flies over Palma more than fifty meters above the water. Possibility of doing it at sunset.\" \/>\n<meta name=\"robots\" content=\"index, follow, max-snippet:-1, max-image-preview:large, max-video-preview:-1\" \/>\n<link rel=\"canonical\" href=\"https:\/\/fliparas.com\/de\/tatigkeit\/parasailing-mallorca\/\" \/>\n<meta property=\"og:locale\" content=\"de_DE\" \/>\n<meta property=\"og:type\" content=\"article\" \/>\n<meta property=\"og:title\" content=\"Parasailing Mallorca\" \/>\n<meta property=\"og:description\" content=\"Parasailing Mallorca. It flies over Palma more than fifty meters above the water. Possibility of doing it at sunset.\" \/>\n<meta property=\"og:url\" content=\"https:\/\/fliparas.com\/de\/tatigkeit\/parasailing-mallorca\/\" \/>\n<meta property=\"og:site_name\" content=\"Agency Specialised in Stag and Hen Parties\" \/>\n<meta property=\"article:modified_time\" content=\"2025-01-31T10:28:27+00:00\" \/>\n<meta property=\"og:image\" content=\"https:\/\/fliparas.com\/wp-content\/uploads\/2024\/03\/Parasailing-img.jpeg\" \/>\n\t<meta property=\"og:image:width\" content=\"1024\" \/>\n\t<meta property=\"og:image:height\" content=\"1024\" \/>\n\t<meta property=\"og:image:type\" content=\"image\/jpeg\" \/>\n<meta name=\"twitter:card\" content=\"summary_large_image\" \/>\n<meta name=\"twitter:label1\" content=\"Price\" \/>\n\t<meta name=\"twitter:data1\" content=\"65,00&nbsp;&euro;\" \/>\n\t<meta name=\"twitter:label2\" content=\"Availability\" \/>\n\t<meta name=\"twitter:data2\" content=\"In stock\" \/>\n<script type=\"application\/ld+json\" class=\"yoast-schema-graph\">{\"@context\":\"https:\/\/schema.org\",\"@graph\":[{\"@type\":\"WebPage\",\"@id\":\"https:\/\/fliparas.com\/activity\/parasailing-mallorca\/\",\"url\":\"https:\/\/fliparas.com\/activity\/parasailing-mallorca\/\",\"name\":\"Parasailing Mallorca\",\"isPartOf\":{\"@id\":\"https:\/\/fliparas.com\/#website\"},\"primaryImageOfPage\":{\"@id\":\"https:\/\/fliparas.com\/activity\/parasailing-mallorca\/#primaryimage\"},\"image\":{\"@id\":\"https:\/\/fliparas.com\/activity\/parasailing-mallorca\/#primaryimage\"},\"thumbnailUrl\":\"https:\/\/fliparas.com\/wp-content\/uploads\/2024\/03\/Parasailing-img.jpeg\",\"datePublished\":\"2024-03-19T12:24:33+00:00\",\"dateModified\":\"2025-01-31T10:28:27+00:00\",\"description\":\"Parasailing Mallorca. It flies over Palma more than fifty meters above the water. Possibility of doing it at sunset.\",\"breadcrumb\":{\"@id\":\"https:\/\/fliparas.com\/activity\/parasailing-mallorca\/#breadcrumb\"},\"inLanguage\":\"de\",\"potentialAction\":[{\"@type\":\"ReadAction\",\"target\":[\"https:\/\/fliparas.com\/activity\/parasailing-mallorca\/\"]}]},{\"@type\":\"ImageObject\",\"inLanguage\":\"de\",\"@id\":\"https:\/\/fliparas.com\/activity\/parasailing-mallorca\/#primaryimage\",\"url\":\"https:\/\/fliparas.com\/wp-content\/uploads\/2024\/03\/Parasailing-img.jpeg\",\"contentUrl\":\"https:\/\/fliparas.com\/wp-content\/uploads\/2024\/03\/Parasailing-img.jpeg\",\"width\":1024,\"height\":1024},{\"@type\":\"BreadcrumbList\",\"@id\":\"https:\/\/fliparas.com\/activity\/parasailing-mallorca\/#breadcrumb\",\"itemListElement\":[{\"@type\":\"ListItem\",\"position\":1,\"name\":\"Home\",\"item\":\"https:\/\/fliparas.com\/\"},{\"@type\":\"ListItem\",\"position\":2,\"name\":\"Shop\",\"item\":\"https:\/\/fliparas.com\/shop\/\"},{\"@type\":\"ListItem\",\"position\":3,\"name\":\"Parasailing Mallorca\"}]},{\"@type\":\"WebSite\",\"@id\":\"https:\/\/fliparas.com\/#website\",\"url\":\"https:\/\/fliparas.com\/\",\"name\":\"Agency Specialised in Stag and Hen Parties\",\"description\":\"Trust the highest rated agency to organize an unforgettable stag and hen parties in Europe\",\"publisher\":{\"@id\":\"https:\/\/fliparas.com\/#organization\"},\"alternateName\":\"Fliparas Agency Specialised in Stag and Hen Parties\",\"potentialAction\":[{\"@type\":\"SearchAction\",\"target\":{\"@type\":\"EntryPoint\",\"urlTemplate\":\"https:\/\/fliparas.com\/?s={search_term_string}\"},\"query-input\":{\"@type\":\"PropertyValueSpecification\",\"valueRequired\":true,\"valueName\":\"search_term_string\"}}],\"inLanguage\":\"de\"},{\"@type\":\"Organization\",\"@id\":\"https:\/\/fliparas.com\/#organization\",\"name\":\"Fliparas\",\"alternateName\":\"Agency Specialised in Stag and Hen Parties\",\"url\":\"https:\/\/fliparas.com\/\",\"logo\":{\"@type\":\"ImageObject\",\"inLanguage\":\"de\",\"@id\":\"https:\/\/fliparas.com\/#\/schema\/logo\/image\/\",\"url\":\"https:\/\/fliparas.com\/wp-content\/uploads\/2024\/03\/Logo-Fliparas.png\",\"contentUrl\":\"https:\/\/fliparas.com\/wp-content\/uploads\/2024\/03\/Logo-Fliparas.png\",\"width\":1024,\"height\":1024,\"caption\":\"Fliparas\"},\"image\":{\"@id\":\"https:\/\/fliparas.com\/#\/schema\/logo\/image\/\"}}]}<\/script>\n<meta property=\"product:price:amount\" content=\"65.00\" \/>\n<meta property=\"product:price:currency\" content=\"EUR\" \/>\n<meta property=\"og:availability\" content=\"instock\" \/>\n<meta property=\"product:availability\" content=\"instock\" \/>\n<meta property=\"product:condition\" content=\"new\" \/>\n<!-- \/ Yoast SEO plugin. -->","yoast_head_json":{"title":"Parasailing Mallorca","description":"Parasailing Mallorca. Es fliegt \u00fcber Palma mehr als f\u00fcnfzig Meter \u00fcber dem Wasser. M\u00f6glichkeit, es bei Sonnenuntergang zu tun.","robots":{"index":"index","follow":"follow","max-snippet":"max-snippet:-1","max-image-preview":"max-image-preview:large","max-video-preview":"max-video-preview:-1"},"canonical":"https:\/\/fliparas.com\/de\/tatigkeit\/parasailing-mallorca\/","og_locale":"de_DE","og_type":"article","og_title":"Parasailing Mallorca","og_description":"Parasailing Mallorca. It flies over Palma more than fifty meters above the water. Possibility of doing it at sunset.","og_url":"https:\/\/fliparas.com\/de\/tatigkeit\/parasailing-mallorca\/","og_site_name":"Agency Specialised in Stag and Hen Parties","article_modified_time":"2025-01-31T10:28:27+00:00","og_image":[{"width":1024,"height":1024,"url":"https:\/\/fliparas.com\/wp-content\/uploads\/2024\/03\/Parasailing-img.jpeg","type":"image\/jpeg"}],"twitter_card":"summary_large_image","twitter_misc":{"Price":"65,00&nbsp;&euro;","Availability":"In stock"},"schema":{"@context":"https:\/\/schema.org","@graph":[{"@type":"WebPage","@id":"https:\/\/fliparas.com\/activity\/parasailing-mallorca\/","url":"https:\/\/fliparas.com\/activity\/parasailing-mallorca\/","name":"Parasailing Mallorca","isPartOf":{"@id":"https:\/\/fliparas.com\/#website"},"primaryImageOfPage":{"@id":"https:\/\/fliparas.com\/activity\/parasailing-mallorca\/#primaryimage"},"image":{"@id":"https:\/\/fliparas.com\/activity\/parasailing-mallorca\/#primaryimage"},"thumbnailUrl":"https:\/\/fliparas.com\/wp-content\/uploads\/2024\/03\/Parasailing-img.jpeg","datePublished":"2024-03-19T12:24:33+00:00","dateModified":"2025-01-31T10:28:27+00:00","description":"Parasailing Mallorca. Es fliegt \u00fcber Palma mehr als f\u00fcnfzig Meter \u00fcber dem Wasser. M\u00f6glichkeit, es bei Sonnenuntergang zu tun.","breadcrumb":{"@id":"https:\/\/fliparas.com\/activity\/parasailing-mallorca\/#breadcrumb"},"inLanguage":"de","potentialAction":[{"@type":"ReadAction","target":["https:\/\/fliparas.com\/activity\/parasailing-mallorca\/"]}]},{"@type":"ImageObject","inLanguage":"de","@id":"https:\/\/fliparas.com\/activity\/parasailing-mallorca\/#primaryimage","url":"https:\/\/fliparas.com\/wp-content\/uploads\/2024\/03\/Parasailing-img.jpeg","contentUrl":"https:\/\/fliparas.com\/wp-content\/uploads\/2024\/03\/Parasailing-img.jpeg","width":1024,"height":1024},{"@type":"BreadcrumbList","@id":"https:\/\/fliparas.com\/activity\/parasailing-mallorca\/#breadcrumb","itemListElement":[{"@type":"ListItem","position":1,"name":"Home","item":"https:\/\/fliparas.com\/"},{"@type":"ListItem","position":2,"name":"Shop","item":"https:\/\/fliparas.com\/shop\/"},{"@type":"ListItem","position":3,"name":"Parasailing Mallorca"}]},{"@type":"WebSite","@id":"https:\/\/fliparas.com\/#website","url":"https:\/\/fliparas.com\/","name":"Auf Junggesellen- und Junggesellinnenabschiede spezialisierte Agentur","description":"Vertrauen Sie der bestbewerteten Agentur, um einen unvergesslichen Junggesellenabschied in Europa zu organisieren","publisher":{"@id":"https:\/\/fliparas.com\/#organization"},"alternateName":"Fliparas Agency Specialised in Stag and Hen Parties","potentialAction":[{"@type":"SearchAction","target":{"@type":"EntryPoint","urlTemplate":"https:\/\/fliparas.com\/?s={search_term_string}"},"query-input":{"@type":"PropertyValueSpecification","valueRequired":true,"valueName":"search_term_string"}}],"inLanguage":"de"},{"@type":"Organization","@id":"https:\/\/fliparas.com\/#organization","name":"Fliparas","alternateName":"Agency Specialised in Stag and Hen Parties","url":"https:\/\/fliparas.com\/","logo":{"@type":"ImageObject","inLanguage":"de","@id":"https:\/\/fliparas.com\/#\/schema\/logo\/image\/","url":"https:\/\/fliparas.com\/wp-content\/uploads\/2024\/03\/Logo-Fliparas.png","contentUrl":"https:\/\/fliparas.com\/wp-content\/uploads\/2024\/03\/Logo-Fliparas.png","width":1024,"height":1024,"caption":"Fliparas"},"image":{"@id":"https:\/\/fliparas.com\/#\/schema\/logo\/image\/"}}]},"product_price_amount":"65.00","product_price_currency":"EUR","og_availability":"instock","product_availability":"instock","product_condition":"new"},"_links":{"self":[{"href":"https:\/\/fliparas.com\/de\/wp-json\/wp\/v2\/product\/473","targetHints":{"allow":["GET"]}}],"collection":[{"href":"https:\/\/fliparas.com\/de\/wp-json\/wp\/v2\/product"}],"about":[{"href":"https:\/\/fliparas.com\/de\/wp-json\/wp\/v2\/types\/product"}],"wp:featuredmedia":[{"embeddable":true,"href":"https:\/\/fliparas.com\/de\/wp-json\/wp\/v2\/media\/841"}],"wp:attachment":[{"href":"https:\/\/fliparas.com\/de\/wp-json\/wp\/v2\/media?parent=473"}],"wp:term":[{"taxonomy":"product_brand","embeddable":true,"href":"https:\/\/fliparas.com\/de\/wp-json\/wp\/v2\/product_brand?post=473"},{"taxonomy":"product_cat","embeddable":true,"href":"https:\/\/fliparas.com\/de\/wp-json\/wp\/v2\/product_cat?post=473"},{"taxonomy":"product_tag","embeddable":true,"href":"https:\/\/fliparas.com\/de\/wp-json\/wp\/v2\/product_tag?post=473"}],"curies":[{"name":"wp","href":"https:\/\/api.w.org\/{rel}","templated":true}]}}