{"id":488,"date":"2024-03-19T12:24:55","date_gmt":"2024-03-19T12:24:55","guid":{"rendered":"https:\/\/fliparas.com\/?post_type=product&#038;p=488"},"modified":"2025-01-31T11:30:07","modified_gmt":"2025-01-31T10:30:07","slug":"crazy-sofa-mallorca","status":"publish","type":"product","link":"https:\/\/fliparas.com\/de\/tatigkeit\/crazy-sofa-mallorca\/","title":{"rendered":"Verr\u00fccktes Sofa Mallorca"},"content":{"rendered":"<p>Verr\u00fccktes Sofa Mallorca. Wenn Sie Wasser, Spa\u00df und Adrenalin m\u00f6gen, ist das Crazy Sofa Ihre Wahl. Brechen Sie die Wellen mit Geschwindigkeit in Mallorca!<\/p>\n<p>Die besten Junggesellenabschiede mit <a href=\"https:\/\/fliparas.com\/de\/junggesellenabschied\/\">Junggesellenabschied<\/a>! <a href=\"https:\/\/fliparas.com\/de\/junggesellinnenabschied\/\">Junggesellinnenabschied<\/a>!<\/p>\n<h2 style=\"text-align: center;\">Verr\u00fccktes Sofa Mallorca\ud83c\udf0a<\/h2>\n<p style=\"text-align: center;\">MINDESTUMSATZ: 5 PERSONEN.<\/p>\n<h4>\ud83c\udf0a <strong>Crazy Sofa in Palma de Mallorca oder Magaluf: Fordern Sie die Wellen mit Spirit heraus!<\/strong> \ud83c\udfd6\ufe0f<\/h4>\n<p>Machen Sie sich bereit f\u00fcr ein verr\u00fccktes Wassererlebnis in Palma de Mallorca oder Magaluf mit unserem Crazy Sofa Abenteuer! \ud83e\udd2a<\/p>\n<p>Diese aufblasbare Colchoneta ist f\u00fcr Liebhaber des Adrenalins und des reinen Vergn\u00fcgens reserviert. Sie l\u00e4dt dazu ein, zehn aufregende Minuten lang die Wellen herauszufordern und garantiert Lachanf\u00e4lle und unvergessliche Erinnerungen.<\/p>\n<p>Halten Sie sich mit Ihrer F\u00fcnfergruppe auf unserem Crazy Sofa fest und machen Sie sich bereit, \u00fcber die Wellen des Mittelmeers zu springen. Wer das Gef\u00fchl, \u00fcber das Wasser zu fliegen, mit unb\u00e4ndigem Lachen verbinden m\u00f6chte, wird bei diesem einzigartigen Erlebnis f\u00fcndig.<\/p>\n<p>Ob Sie sich f\u00fcr<a href=\"https:\/\/es.wikipedia.org\/wiki\/Palma_de_Mallorca\">Palma de Mallorca<\/a> oder Magaluf ist Aufregung garantiert. Unsere Colchoneta bietet das perfekte Erlebnis f\u00fcr Gruppen von Freunden, die auf der Suche nach einem verr\u00fcckten Wasserabenteuer sind.<\/p>\n<p>Buchen Sie jetzt ein Abenteuer am Meer, das Adrenalin und Unterhaltung vereint. Steigen Sie auf unserem Crazy Sofa ein und erleben Sie eine Erfahrung, die Sie bei jeder Welle vor Freude springen l\u00e4sst.<\/p>\n<p>Mach dich bereit zu lachen, zu springen und bleibende Erinnerungen zu schaffen! \ud83c\udf0a\ud83e\udd2a\ud83d\udea4<\/p>\n<p>Buchen Sie Crazy Sofa Mallorca jetzt!<\/p>","protected":false},"excerpt":{"rendered":"<p>Verr\u00fccktes Sofa Mallorca. Wenn Sie Wasser, Spa\u00df und Adrenalin m\u00f6gen, ist das Crazy Sofa Ihre Wahl. Brechen Sie die Wellen mit Geschwindigkeit in Mallorca!<\/p>\n<p>MINDESTUMSATZ: 5 PERSONEN.<\/p>","protected":false},"featured_media":681,"template":"","meta":[],"product_brand":[425],"product_cat":[193,165,194],"product_tag":[196,195],"class_list":{"0":"post-488","1":"product","2":"type-product","3":"status-publish","4":"has-post-thumbnail","6":"product_brand-fliparas-inc","7":"product_cat-hen-party-mallorca","8":"product_cat-mallorca","9":"product_cat-stag-party-mallorca","10":"product_tag-crazy-sofa","11":"product_tag-crazy-sofa-mallorca","13":"first","14":"instock","15":"virtual","16":"sold-individually","17":"purchasable","18":"product-type-booking"},"yoast_head":"<!-- This site is optimized with the Yoast SEO plugin v26.9 - https:\/\/yoast.com\/product\/yoast-seo-wordpress\/ -->\n<title>Crazy Sofa Mallorca<\/title>\n<meta name=\"description\" content=\"Crazy Sofa Mallorca. If you like water, fun and adrenaline, the crazy sofa is your choice. Break the waves with speed in Mallorca.\" \/>\n<meta name=\"robots\" content=\"index, follow, max-snippet:-1, max-image-preview:large, max-video-preview:-1\" \/>\n<link rel=\"canonical\" href=\"https:\/\/fliparas.com\/de\/tatigkeit\/crazy-sofa-mallorca\/\" \/>\n<meta property=\"og:locale\" content=\"de_DE\" \/>\n<meta property=\"og:type\" content=\"article\" \/>\n<meta property=\"og:title\" content=\"Crazy Sofa Mallorca\" \/>\n<meta property=\"og:description\" content=\"Crazy Sofa Mallorca. If you like water, fun and adrenaline, the crazy sofa is your choice. Break the waves with speed in Mallorca.\" \/>\n<meta property=\"og:url\" content=\"https:\/\/fliparas.com\/de\/tatigkeit\/crazy-sofa-mallorca\/\" \/>\n<meta property=\"og:site_name\" content=\"Agency Specialised in Stag and Hen Parties\" \/>\n<meta property=\"article:modified_time\" content=\"2025-01-31T10:30:07+00:00\" \/>\n<meta property=\"og:image\" content=\"https:\/\/fliparas.com\/wp-content\/uploads\/2024\/03\/Crazy-Sofa-Mallorca.jpg\" \/>\n\t<meta property=\"og:image:width\" content=\"1024\" \/>\n\t<meta property=\"og:image:height\" content=\"1024\" \/>\n\t<meta property=\"og:image:type\" content=\"image\/jpeg\" \/>\n<meta name=\"twitter:card\" content=\"summary_large_image\" \/>\n<meta name=\"twitter:label1\" content=\"Price\" \/>\n\t<meta name=\"twitter:data1\" content=\"49,00&nbsp;&euro;\" \/>\n\t<meta name=\"twitter:label2\" content=\"Availability\" \/>\n\t<meta name=\"twitter:data2\" content=\"In stock\" \/>\n<script type=\"application\/ld+json\" class=\"yoast-schema-graph\">{\"@context\":\"https:\/\/schema.org\",\"@graph\":[{\"@type\":\"WebPage\",\"@id\":\"https:\/\/fliparas.com\/activity\/crazy-sofa-mallorca\/\",\"url\":\"https:\/\/fliparas.com\/activity\/crazy-sofa-mallorca\/\",\"name\":\"Crazy Sofa Mallorca\",\"isPartOf\":{\"@id\":\"https:\/\/fliparas.com\/#website\"},\"primaryImageOfPage\":{\"@id\":\"https:\/\/fliparas.com\/activity\/crazy-sofa-mallorca\/#primaryimage\"},\"image\":{\"@id\":\"https:\/\/fliparas.com\/activity\/crazy-sofa-mallorca\/#primaryimage\"},\"thumbnailUrl\":\"https:\/\/fliparas.com\/wp-content\/uploads\/2024\/03\/Crazy-Sofa-Mallorca.jpg\",\"datePublished\":\"2024-03-19T12:24:55+00:00\",\"dateModified\":\"2025-01-31T10:30:07+00:00\",\"description\":\"Crazy Sofa Mallorca. If you like water, fun and adrenaline, the crazy sofa is your choice. Break the waves with speed in Mallorca.\",\"breadcrumb\":{\"@id\":\"https:\/\/fliparas.com\/activity\/crazy-sofa-mallorca\/#breadcrumb\"},\"inLanguage\":\"de\",\"potentialAction\":[{\"@type\":\"ReadAction\",\"target\":[\"https:\/\/fliparas.com\/activity\/crazy-sofa-mallorca\/\"]}]},{\"@type\":\"ImageObject\",\"inLanguage\":\"de\",\"@id\":\"https:\/\/fliparas.com\/activity\/crazy-sofa-mallorca\/#primaryimage\",\"url\":\"https:\/\/fliparas.com\/wp-content\/uploads\/2024\/03\/Crazy-Sofa-Mallorca.jpg\",\"contentUrl\":\"https:\/\/fliparas.com\/wp-content\/uploads\/2024\/03\/Crazy-Sofa-Mallorca.jpg\",\"width\":1024,\"height\":1024},{\"@type\":\"BreadcrumbList\",\"@id\":\"https:\/\/fliparas.com\/activity\/crazy-sofa-mallorca\/#breadcrumb\",\"itemListElement\":[{\"@type\":\"ListItem\",\"position\":1,\"name\":\"Home\",\"item\":\"https:\/\/fliparas.com\/\"},{\"@type\":\"ListItem\",\"position\":2,\"name\":\"Shop\",\"item\":\"https:\/\/fliparas.com\/shop\/\"},{\"@type\":\"ListItem\",\"position\":3,\"name\":\"Crazy Sofa Mallorca\"}]},{\"@type\":\"WebSite\",\"@id\":\"https:\/\/fliparas.com\/#website\",\"url\":\"https:\/\/fliparas.com\/\",\"name\":\"Agency Specialised in Stag and Hen Parties\",\"description\":\"Trust the highest rated agency to organize an unforgettable stag and hen parties in Europe\",\"publisher\":{\"@id\":\"https:\/\/fliparas.com\/#organization\"},\"alternateName\":\"Fliparas Agency Specialised in Stag and Hen Parties\",\"potentialAction\":[{\"@type\":\"SearchAction\",\"target\":{\"@type\":\"EntryPoint\",\"urlTemplate\":\"https:\/\/fliparas.com\/?s={search_term_string}\"},\"query-input\":{\"@type\":\"PropertyValueSpecification\",\"valueRequired\":true,\"valueName\":\"search_term_string\"}}],\"inLanguage\":\"de\"},{\"@type\":\"Organization\",\"@id\":\"https:\/\/fliparas.com\/#organization\",\"name\":\"Fliparas\",\"alternateName\":\"Agency Specialised in Stag and Hen Parties\",\"url\":\"https:\/\/fliparas.com\/\",\"logo\":{\"@type\":\"ImageObject\",\"inLanguage\":\"de\",\"@id\":\"https:\/\/fliparas.com\/#\/schema\/logo\/image\/\",\"url\":\"https:\/\/fliparas.com\/wp-content\/uploads\/2024\/03\/Logo-Fliparas.png\",\"contentUrl\":\"https:\/\/fliparas.com\/wp-content\/uploads\/2024\/03\/Logo-Fliparas.png\",\"width\":1024,\"height\":1024,\"caption\":\"Fliparas\"},\"image\":{\"@id\":\"https:\/\/fliparas.com\/#\/schema\/logo\/image\/\"}}]}<\/script>\n<meta property=\"product:price:amount\" content=\"49.00\" \/>\n<meta property=\"product:price:currency\" content=\"EUR\" \/>\n<meta property=\"og:availability\" content=\"instock\" \/>\n<meta property=\"product:availability\" content=\"instock\" \/>\n<meta property=\"product:condition\" content=\"new\" \/>\n<!-- \/ Yoast SEO plugin. -->","yoast_head_json":{"title":"Verr\u00fccktes Sofa Mallorca","description":"Verr\u00fccktes Sofa Mallorca. Wenn Sie Wasser, Spa\u00df und Adrenalin m\u00f6gen, ist das Crazy Sofa Ihre Wahl. Brechen Sie die Wellen mit Geschwindigkeit in Mallorca.","robots":{"index":"index","follow":"follow","max-snippet":"max-snippet:-1","max-image-preview":"max-image-preview:large","max-video-preview":"max-video-preview:-1"},"canonical":"https:\/\/fliparas.com\/de\/tatigkeit\/crazy-sofa-mallorca\/","og_locale":"de_DE","og_type":"article","og_title":"Crazy Sofa Mallorca","og_description":"Crazy Sofa Mallorca. If you like water, fun and adrenaline, the crazy sofa is your choice. Break the waves with speed in Mallorca.","og_url":"https:\/\/fliparas.com\/de\/tatigkeit\/crazy-sofa-mallorca\/","og_site_name":"Agency Specialised in Stag and Hen Parties","article_modified_time":"2025-01-31T10:30:07+00:00","og_image":[{"width":1024,"height":1024,"url":"https:\/\/fliparas.com\/wp-content\/uploads\/2024\/03\/Crazy-Sofa-Mallorca.jpg","type":"image\/jpeg"}],"twitter_card":"summary_large_image","twitter_misc":{"Price":"49,00&nbsp;&euro;","Availability":"In stock"},"schema":{"@context":"https:\/\/schema.org","@graph":[{"@type":"WebPage","@id":"https:\/\/fliparas.com\/activity\/crazy-sofa-mallorca\/","url":"https:\/\/fliparas.com\/activity\/crazy-sofa-mallorca\/","name":"Verr\u00fccktes Sofa Mallorca","isPartOf":{"@id":"https:\/\/fliparas.com\/#website"},"primaryImageOfPage":{"@id":"https:\/\/fliparas.com\/activity\/crazy-sofa-mallorca\/#primaryimage"},"image":{"@id":"https:\/\/fliparas.com\/activity\/crazy-sofa-mallorca\/#primaryimage"},"thumbnailUrl":"https:\/\/fliparas.com\/wp-content\/uploads\/2024\/03\/Crazy-Sofa-Mallorca.jpg","datePublished":"2024-03-19T12:24:55+00:00","dateModified":"2025-01-31T10:30:07+00:00","description":"Verr\u00fccktes Sofa Mallorca. Wenn Sie Wasser, Spa\u00df und Adrenalin m\u00f6gen, ist das Crazy Sofa Ihre Wahl. Brechen Sie die Wellen mit Geschwindigkeit in Mallorca.","breadcrumb":{"@id":"https:\/\/fliparas.com\/activity\/crazy-sofa-mallorca\/#breadcrumb"},"inLanguage":"de","potentialAction":[{"@type":"ReadAction","target":["https:\/\/fliparas.com\/activity\/crazy-sofa-mallorca\/"]}]},{"@type":"ImageObject","inLanguage":"de","@id":"https:\/\/fliparas.com\/activity\/crazy-sofa-mallorca\/#primaryimage","url":"https:\/\/fliparas.com\/wp-content\/uploads\/2024\/03\/Crazy-Sofa-Mallorca.jpg","contentUrl":"https:\/\/fliparas.com\/wp-content\/uploads\/2024\/03\/Crazy-Sofa-Mallorca.jpg","width":1024,"height":1024},{"@type":"BreadcrumbList","@id":"https:\/\/fliparas.com\/activity\/crazy-sofa-mallorca\/#breadcrumb","itemListElement":[{"@type":"ListItem","position":1,"name":"Home","item":"https:\/\/fliparas.com\/"},{"@type":"ListItem","position":2,"name":"Shop","item":"https:\/\/fliparas.com\/shop\/"},{"@type":"ListItem","position":3,"name":"Crazy Sofa Mallorca"}]},{"@type":"WebSite","@id":"https:\/\/fliparas.com\/#website","url":"https:\/\/fliparas.com\/","name":"Auf Junggesellen- und Junggesellinnenabschiede spezialisierte Agentur","description":"Vertrauen Sie der bestbewerteten Agentur, um einen unvergesslichen Junggesellenabschied in Europa zu organisieren","publisher":{"@id":"https:\/\/fliparas.com\/#organization"},"alternateName":"Fliparas Agency Specialised in Stag and Hen Parties","potentialAction":[{"@type":"SearchAction","target":{"@type":"EntryPoint","urlTemplate":"https:\/\/fliparas.com\/?s={search_term_string}"},"query-input":{"@type":"PropertyValueSpecification","valueRequired":true,"valueName":"search_term_string"}}],"inLanguage":"de"},{"@type":"Organization","@id":"https:\/\/fliparas.com\/#organization","name":"Fliparas","alternateName":"Agency Specialised in Stag and Hen Parties","url":"https:\/\/fliparas.com\/","logo":{"@type":"ImageObject","inLanguage":"de","@id":"https:\/\/fliparas.com\/#\/schema\/logo\/image\/","url":"https:\/\/fliparas.com\/wp-content\/uploads\/2024\/03\/Logo-Fliparas.png","contentUrl":"https:\/\/fliparas.com\/wp-content\/uploads\/2024\/03\/Logo-Fliparas.png","width":1024,"height":1024,"caption":"Fliparas"},"image":{"@id":"https:\/\/fliparas.com\/#\/schema\/logo\/image\/"}}]},"product_price_amount":"49.00","product_price_currency":"EUR","og_availability":"instock","product_availability":"instock","product_condition":"new"},"_links":{"self":[{"href":"https:\/\/fliparas.com\/de\/wp-json\/wp\/v2\/product\/488","targetHints":{"allow":["GET"]}}],"collection":[{"href":"https:\/\/fliparas.com\/de\/wp-json\/wp\/v2\/product"}],"about":[{"href":"https:\/\/fliparas.com\/de\/wp-json\/wp\/v2\/types\/product"}],"wp:featuredmedia":[{"embeddable":true,"href":"https:\/\/fliparas.com\/de\/wp-json\/wp\/v2\/media\/681"}],"wp:attachment":[{"href":"https:\/\/fliparas.com\/de\/wp-json\/wp\/v2\/media?parent=488"}],"wp:term":[{"taxonomy":"product_brand","embeddable":true,"href":"https:\/\/fliparas.com\/de\/wp-json\/wp\/v2\/product_brand?post=488"},{"taxonomy":"product_cat","embeddable":true,"href":"https:\/\/fliparas.com\/de\/wp-json\/wp\/v2\/product_cat?post=488"},{"taxonomy":"product_tag","embeddable":true,"href":"https:\/\/fliparas.com\/de\/wp-json\/wp\/v2\/product_tag?post=488"}],"curies":[{"name":"wp","href":"https:\/\/api.w.org\/{rel}","templated":true}]}}