{"id":490,"date":"2024-03-19T12:24:55","date_gmt":"2024-03-19T12:24:55","guid":{"rendered":"https:\/\/fliparas.com\/?post_type=product&#038;p=490"},"modified":"2025-01-31T11:30:07","modified_gmt":"2025-01-31T10:30:07","slug":"vip-nachtclub-palma-mallorca","status":"publish","type":"product","link":"https:\/\/fliparas.com\/de\/tatigkeit\/vip-nachtclub-palma-mallorca\/","title":{"rendered":"VIP-Nachtclub Palma Mallorca"},"content":{"rendered":"<p>VIP-Nachtclub Palma Mallorca. Die Nacht in Mallorca ist un\u00fcbersehbar. Buchen Sie jetzt Ihre Tickets mit Getr\u00e4nken inklusive (VIP-Tisch m\u00f6glich)!<\/p>\n<p>Die besten Junggesellenabschiede mit <a href=\"https:\/\/fliparas.com\/de\/junggesellenabschied\/\">Junggesellenabschied<\/a>! <a href=\"https:\/\/fliparas.com\/de\/junggesellinnenabschied\/\">Junggesellinnenabschied<\/a>!<\/p>\n<h2 style=\"text-align: center;\">Palma Mallorca VIP Nachtclub \ud83c\udf89<\/h2>\n<h4>\ud83c\udf89 <strong>Tauchen Sie ein in den Glanz der mallorquinischen Nacht! Buchen Sie Ihren VIP-Abend!<\/strong> \ud83c\udf34<\/h4>\n<p>Entdecken Sie die Essenz des Nachtlebens von Palma de Mallorca! Unser exklusives Angebot f\u00fcr den Eintritt in einen der angesagtesten Nachtclubs der Stadt! \ud83d\udd7a<\/p>\n<p>Buchen Sie mit uns und profitieren Sie von einem fr\u00fchen Einlass, privilegiertem Zugang und kostenlosen Getr\u00e4nken, die Ihnen eine unvergessliche Partynacht an diesem kultigen Ort versprechen.<\/p>\n<p>Lassen Sie sich von der elektrisierenden Energie der Tanzfl\u00e4che mitrei\u00dfen, die von Live-DJs moderiert wird, die Sie bis zum Ende der Nacht tanzen lassen werden. Unser Angebot umfasst auch die M\u00f6glichkeit, einen VIP-Tisch mit einer exklusiven Flasche f\u00fcr jede Gruppe von vier Personen zu reservieren, um Ihnen ein noch luxuri\u00f6seres und pers\u00f6nlicheres Erlebnis zu bieten.<\/p>\n<p>Genie\u00dfen Sie die pulsierende Atmosph\u00e4re, in der lebendige Musik und hypnotisierende Lichter ein einzigartiges sensorisches Erlebnis schaffen. Genie\u00dfen Sie die mallorquinische Nacht in unserem komfortablen VIP-Bereich oder auf der lebhaften Tanzfl\u00e4che.<\/p>\n<p>Buchen Sie jetzt und sichern Sie sich Ihren Platz in diesem Party-Hotspot in <a href=\"https:\/\/es.wikipedia.org\/wiki\/Palma_de_Mallorca\">Palma<\/a>. Buchen Sie VIP Discothek Palma Mallorca!<\/p>\n<p>G\u00f6nnen Sie sich einen au\u00dfergew\u00f6hnlichen Abend mit Freunden oder Liebhabern in einer feurigen Atmosph\u00e4re, in der die Magie der mallorquinischen Nacht zum Leben erwacht. \ud83c\udf1f\ud83c\udfb6\ud83c\udf7e<\/p>","protected":false},"excerpt":{"rendered":"<p>VIP-Nachtclub Palma Mallorca. Die Nacht in Mallorca ist un\u00fcbersehbar. Buchen Sie jetzt Ihre Tickets mit Getr\u00e4nken inklusive (VIP-Tisch m\u00f6glich)!<\/p>","protected":false},"featured_media":695,"template":"","meta":[],"product_brand":[425],"product_cat":[193,165,194],"product_tag":[199,198],"class_list":{"0":"post-490","1":"product","2":"type-product","3":"status-publish","4":"has-post-thumbnail","6":"product_brand-fliparas-inc","7":"product_cat-hen-party-mallorca","8":"product_cat-mallorca","9":"product_cat-stag-party-mallorca","10":"product_tag-vip-nightclub","11":"product_tag-vip-nightclub-palma","13":"first","14":"instock","15":"virtual","16":"sold-individually","17":"purchasable","18":"product-type-booking"},"yoast_head":"<!-- This site is optimized with the Yoast SEO plugin v26.9 - https:\/\/yoast.com\/product\/yoast-seo-wordpress\/ -->\n<title>VIP Nightclub Palma Mallorca<\/title>\n<meta name=\"description\" content=\"VIP nightclub Palma Mallorca . The night in Mallorca is unmissable. Book your tickets now with drinks included (VIP table possible).\" \/>\n<meta name=\"robots\" content=\"index, follow, max-snippet:-1, max-image-preview:large, max-video-preview:-1\" \/>\n<link rel=\"canonical\" href=\"https:\/\/fliparas.com\/de\/tatigkeit\/vip-nachtclub-palma-mallorca\/\" \/>\n<meta property=\"og:locale\" content=\"de_DE\" \/>\n<meta property=\"og:type\" content=\"article\" \/>\n<meta property=\"og:title\" content=\"VIP Nightclub Palma Mallorca\" \/>\n<meta property=\"og:description\" content=\"VIP nightclub Palma Mallorca . The night in Mallorca is unmissable. Book your tickets now with drinks included (VIP table possible).\" \/>\n<meta property=\"og:url\" content=\"https:\/\/fliparas.com\/de\/tatigkeit\/vip-nachtclub-palma-mallorca\/\" \/>\n<meta property=\"og:site_name\" content=\"Agency Specialised in Stag and Hen Parties\" \/>\n<meta property=\"article:modified_time\" content=\"2025-01-31T10:30:07+00:00\" \/>\n<meta property=\"og:image\" content=\"https:\/\/fliparas.com\/wp-content\/uploads\/2024\/03\/VIP-Nightclub-Mallorca.jpeg\" \/>\n\t<meta property=\"og:image:width\" content=\"1024\" \/>\n\t<meta property=\"og:image:height\" content=\"1024\" \/>\n\t<meta property=\"og:image:type\" content=\"image\/jpeg\" \/>\n<meta name=\"twitter:card\" content=\"summary_large_image\" \/>\n<meta name=\"twitter:label1\" content=\"Price\" \/>\n\t<meta name=\"twitter:data1\" content=\"350,00&nbsp;&euro;\" \/>\n\t<meta name=\"twitter:label2\" content=\"Availability\" \/>\n\t<meta name=\"twitter:data2\" content=\"In stock\" \/>\n<script type=\"application\/ld+json\" class=\"yoast-schema-graph\">{\"@context\":\"https:\/\/schema.org\",\"@graph\":[{\"@type\":\"WebPage\",\"@id\":\"https:\/\/fliparas.com\/activity\/vip-nightclub-palma-mallorca\/\",\"url\":\"https:\/\/fliparas.com\/activity\/vip-nightclub-palma-mallorca\/\",\"name\":\"VIP Nightclub Palma Mallorca\",\"isPartOf\":{\"@id\":\"https:\/\/fliparas.com\/#website\"},\"primaryImageOfPage\":{\"@id\":\"https:\/\/fliparas.com\/activity\/vip-nightclub-palma-mallorca\/#primaryimage\"},\"image\":{\"@id\":\"https:\/\/fliparas.com\/activity\/vip-nightclub-palma-mallorca\/#primaryimage\"},\"thumbnailUrl\":\"https:\/\/fliparas.com\/wp-content\/uploads\/2024\/03\/VIP-Nightclub-Mallorca.jpeg\",\"datePublished\":\"2024-03-19T12:24:55+00:00\",\"dateModified\":\"2025-01-31T10:30:07+00:00\",\"description\":\"VIP nightclub Palma Mallorca . The night in Mallorca is unmissable. Book your tickets now with drinks included (VIP table possible).\",\"breadcrumb\":{\"@id\":\"https:\/\/fliparas.com\/activity\/vip-nightclub-palma-mallorca\/#breadcrumb\"},\"inLanguage\":\"de\",\"potentialAction\":[{\"@type\":\"ReadAction\",\"target\":[\"https:\/\/fliparas.com\/activity\/vip-nightclub-palma-mallorca\/\"]}]},{\"@type\":\"ImageObject\",\"inLanguage\":\"de\",\"@id\":\"https:\/\/fliparas.com\/activity\/vip-nightclub-palma-mallorca\/#primaryimage\",\"url\":\"https:\/\/fliparas.com\/wp-content\/uploads\/2024\/03\/VIP-Nightclub-Mallorca.jpeg\",\"contentUrl\":\"https:\/\/fliparas.com\/wp-content\/uploads\/2024\/03\/VIP-Nightclub-Mallorca.jpeg\",\"width\":1024,\"height\":1024},{\"@type\":\"BreadcrumbList\",\"@id\":\"https:\/\/fliparas.com\/activity\/vip-nightclub-palma-mallorca\/#breadcrumb\",\"itemListElement\":[{\"@type\":\"ListItem\",\"position\":1,\"name\":\"Home\",\"item\":\"https:\/\/fliparas.com\/\"},{\"@type\":\"ListItem\",\"position\":2,\"name\":\"Shop\",\"item\":\"https:\/\/fliparas.com\/shop\/\"},{\"@type\":\"ListItem\",\"position\":3,\"name\":\"VIP Nightclub Palma Mallorca\"}]},{\"@type\":\"WebSite\",\"@id\":\"https:\/\/fliparas.com\/#website\",\"url\":\"https:\/\/fliparas.com\/\",\"name\":\"Agency Specialised in Stag and Hen Parties\",\"description\":\"Trust the highest rated agency to organize an unforgettable stag and hen parties in Europe\",\"publisher\":{\"@id\":\"https:\/\/fliparas.com\/#organization\"},\"alternateName\":\"Fliparas Agency Specialised in Stag and Hen Parties\",\"potentialAction\":[{\"@type\":\"SearchAction\",\"target\":{\"@type\":\"EntryPoint\",\"urlTemplate\":\"https:\/\/fliparas.com\/?s={search_term_string}\"},\"query-input\":{\"@type\":\"PropertyValueSpecification\",\"valueRequired\":true,\"valueName\":\"search_term_string\"}}],\"inLanguage\":\"de\"},{\"@type\":\"Organization\",\"@id\":\"https:\/\/fliparas.com\/#organization\",\"name\":\"Fliparas\",\"alternateName\":\"Agency Specialised in Stag and Hen Parties\",\"url\":\"https:\/\/fliparas.com\/\",\"logo\":{\"@type\":\"ImageObject\",\"inLanguage\":\"de\",\"@id\":\"https:\/\/fliparas.com\/#\/schema\/logo\/image\/\",\"url\":\"https:\/\/fliparas.com\/wp-content\/uploads\/2024\/03\/Logo-Fliparas.png\",\"contentUrl\":\"https:\/\/fliparas.com\/wp-content\/uploads\/2024\/03\/Logo-Fliparas.png\",\"width\":1024,\"height\":1024,\"caption\":\"Fliparas\"},\"image\":{\"@id\":\"https:\/\/fliparas.com\/#\/schema\/logo\/image\/\"}}]}<\/script>\n<meta property=\"product:price:amount\" content=\"350.00\" \/>\n<meta property=\"product:price:currency\" content=\"EUR\" \/>\n<meta property=\"og:availability\" content=\"instock\" \/>\n<meta property=\"product:availability\" content=\"instock\" \/>\n<meta property=\"product:condition\" content=\"new\" \/>\n<!-- \/ Yoast SEO plugin. -->","yoast_head_json":{"title":"VIP-Nachtclub Palma Mallorca","description":"VIP-Nachtclub Palma Mallorca . Die Nacht in Mallorca ist un\u00fcbersehbar. Buchen Sie jetzt Ihre Tickets mit Getr\u00e4nken inklusive (VIP-Tisch m\u00f6glich).","robots":{"index":"index","follow":"follow","max-snippet":"max-snippet:-1","max-image-preview":"max-image-preview:large","max-video-preview":"max-video-preview:-1"},"canonical":"https:\/\/fliparas.com\/de\/tatigkeit\/vip-nachtclub-palma-mallorca\/","og_locale":"de_DE","og_type":"article","og_title":"VIP Nightclub Palma Mallorca","og_description":"VIP nightclub Palma Mallorca . The night in Mallorca is unmissable. Book your tickets now with drinks included (VIP table possible).","og_url":"https:\/\/fliparas.com\/de\/tatigkeit\/vip-nachtclub-palma-mallorca\/","og_site_name":"Agency Specialised in Stag and Hen Parties","article_modified_time":"2025-01-31T10:30:07+00:00","og_image":[{"width":1024,"height":1024,"url":"https:\/\/fliparas.com\/wp-content\/uploads\/2024\/03\/VIP-Nightclub-Mallorca.jpeg","type":"image\/jpeg"}],"twitter_card":"summary_large_image","twitter_misc":{"Price":"350,00&nbsp;&euro;","Availability":"In stock"},"schema":{"@context":"https:\/\/schema.org","@graph":[{"@type":"WebPage","@id":"https:\/\/fliparas.com\/activity\/vip-nightclub-palma-mallorca\/","url":"https:\/\/fliparas.com\/activity\/vip-nightclub-palma-mallorca\/","name":"VIP-Nachtclub Palma Mallorca","isPartOf":{"@id":"https:\/\/fliparas.com\/#website"},"primaryImageOfPage":{"@id":"https:\/\/fliparas.com\/activity\/vip-nightclub-palma-mallorca\/#primaryimage"},"image":{"@id":"https:\/\/fliparas.com\/activity\/vip-nightclub-palma-mallorca\/#primaryimage"},"thumbnailUrl":"https:\/\/fliparas.com\/wp-content\/uploads\/2024\/03\/VIP-Nightclub-Mallorca.jpeg","datePublished":"2024-03-19T12:24:55+00:00","dateModified":"2025-01-31T10:30:07+00:00","description":"VIP-Nachtclub Palma Mallorca . Die Nacht in Mallorca ist un\u00fcbersehbar. Buchen Sie jetzt Ihre Tickets mit Getr\u00e4nken inklusive (VIP-Tisch m\u00f6glich).","breadcrumb":{"@id":"https:\/\/fliparas.com\/activity\/vip-nightclub-palma-mallorca\/#breadcrumb"},"inLanguage":"de","potentialAction":[{"@type":"ReadAction","target":["https:\/\/fliparas.com\/activity\/vip-nightclub-palma-mallorca\/"]}]},{"@type":"ImageObject","inLanguage":"de","@id":"https:\/\/fliparas.com\/activity\/vip-nightclub-palma-mallorca\/#primaryimage","url":"https:\/\/fliparas.com\/wp-content\/uploads\/2024\/03\/VIP-Nightclub-Mallorca.jpeg","contentUrl":"https:\/\/fliparas.com\/wp-content\/uploads\/2024\/03\/VIP-Nightclub-Mallorca.jpeg","width":1024,"height":1024},{"@type":"BreadcrumbList","@id":"https:\/\/fliparas.com\/activity\/vip-nightclub-palma-mallorca\/#breadcrumb","itemListElement":[{"@type":"ListItem","position":1,"name":"Home","item":"https:\/\/fliparas.com\/"},{"@type":"ListItem","position":2,"name":"Shop","item":"https:\/\/fliparas.com\/shop\/"},{"@type":"ListItem","position":3,"name":"VIP Nightclub Palma Mallorca"}]},{"@type":"WebSite","@id":"https:\/\/fliparas.com\/#website","url":"https:\/\/fliparas.com\/","name":"Auf Junggesellen- und Junggesellinnenabschiede spezialisierte Agentur","description":"Vertrauen Sie der bestbewerteten Agentur, um einen unvergesslichen Junggesellenabschied in Europa zu organisieren","publisher":{"@id":"https:\/\/fliparas.com\/#organization"},"alternateName":"Fliparas Agency Specialised in Stag and Hen Parties","potentialAction":[{"@type":"SearchAction","target":{"@type":"EntryPoint","urlTemplate":"https:\/\/fliparas.com\/?s={search_term_string}"},"query-input":{"@type":"PropertyValueSpecification","valueRequired":true,"valueName":"search_term_string"}}],"inLanguage":"de"},{"@type":"Organization","@id":"https:\/\/fliparas.com\/#organization","name":"Fliparas","alternateName":"Agency Specialised in Stag and Hen Parties","url":"https:\/\/fliparas.com\/","logo":{"@type":"ImageObject","inLanguage":"de","@id":"https:\/\/fliparas.com\/#\/schema\/logo\/image\/","url":"https:\/\/fliparas.com\/wp-content\/uploads\/2024\/03\/Logo-Fliparas.png","contentUrl":"https:\/\/fliparas.com\/wp-content\/uploads\/2024\/03\/Logo-Fliparas.png","width":1024,"height":1024,"caption":"Fliparas"},"image":{"@id":"https:\/\/fliparas.com\/#\/schema\/logo\/image\/"}}]},"product_price_amount":"350.00","product_price_currency":"EUR","og_availability":"instock","product_availability":"instock","product_condition":"new"},"_links":{"self":[{"href":"https:\/\/fliparas.com\/de\/wp-json\/wp\/v2\/product\/490","targetHints":{"allow":["GET"]}}],"collection":[{"href":"https:\/\/fliparas.com\/de\/wp-json\/wp\/v2\/product"}],"about":[{"href":"https:\/\/fliparas.com\/de\/wp-json\/wp\/v2\/types\/product"}],"wp:featuredmedia":[{"embeddable":true,"href":"https:\/\/fliparas.com\/de\/wp-json\/wp\/v2\/media\/695"}],"wp:attachment":[{"href":"https:\/\/fliparas.com\/de\/wp-json\/wp\/v2\/media?parent=490"}],"wp:term":[{"taxonomy":"product_brand","embeddable":true,"href":"https:\/\/fliparas.com\/de\/wp-json\/wp\/v2\/product_brand?post=490"},{"taxonomy":"product_cat","embeddable":true,"href":"https:\/\/fliparas.com\/de\/wp-json\/wp\/v2\/product_cat?post=490"},{"taxonomy":"product_tag","embeddable":true,"href":"https:\/\/fliparas.com\/de\/wp-json\/wp\/v2\/product_tag?post=490"}],"curies":[{"name":"wp","href":"https:\/\/api.w.org\/{rel}","templated":true}]}}