{"id":493,"date":"2024-03-19T12:24:55","date_gmt":"2024-03-19T12:24:55","guid":{"rendered":"https:\/\/fliparas.com\/?post_type=product&#038;p=493"},"modified":"2025-01-31T11:30:07","modified_gmt":"2025-01-31T10:30:07","slug":"zwerg-in-handschellen-mallorca","status":"publish","type":"product","link":"https:\/\/fliparas.com\/de\/tatigkeit\/zwerg-in-handschellen-mallorca\/","title":{"rendered":"Handschellen-Zwerg Mallorca"},"content":{"rendered":"<p>Zwerg in Handschellen Mallorca. Eine v\u00f6llig ungew\u00f6hnliche und lustige Aktivit\u00e4t f\u00fcr Ihren Junggesellenabschied auf Mallorca! Mieten Sie einen Zwerg, der Sie 1 Stunde lang begleitet und an Sie gefesselt ist! Lacher garantiert.<\/p>\n<p>Die besten Junggesellenabschiede mit <a href=\"https:\/\/fliparas.com\/de\/junggesellinnenabschied\/\">Junggesellinnenabschied<\/a>!<\/p>\n<h2 style=\"text-align: center;\">Zwerg Mallorca in Handschellen\ud83d\udc66<\/h2>\n<p>Der zuk\u00fcnftige Br\u00e4utigam organisiert seinen Junggesellenabschied auf Mallorca, ohne zu bedenken, dass es \u00dcberraschungen geben k\u00f6nnte.<\/p>\n<p>Der zuk\u00fcnftige Br\u00e4utigam wird bereit sein, eine Nacht auf der Insel zu verbringen, ein paar Drinks zu nehmen und seine letzte Nacht als Junggeselle zu genie\u00dfen, aber stellen Sie sich sein Gesicht vor, wenn er unseren Zwerg trifft! Er ist ein professioneller Schauspieler, der es gewohnt ist, lustige und unterhaltsame Shows zu veranstalten. Der Zwerg wird dem zuk\u00fcnftigen Br\u00e4utigam eine Stunde lang Handschellen anlegen. Wenn der zuk\u00fcnftige Br\u00e4utigam auf die Toilette geht, geht der Zwerg mit. Wenn er mit einem M\u00e4dchen reden will, muss er mit dem Zwerg reden!<\/p>\n<p>Ein Moment des gro\u00dfen Lachens ist garantiert! Der Br\u00e4utigam wird es vielleicht nicht lustig finden, aber alle seine Freunde werden es lieben!<\/p>\n<p>Dieser Gnom in Handschellen ist eine lebendige, lustige und originelle Aktivit\u00e4t f\u00fcr Junggesellen- und Junggesellinnenabschiede - nicht jeder kann von sich behaupten, eine Stunde lang mit Handschellen an einen Gnom gefesselt gewesen zu sein! Dies ist zweifellos eine der originellsten Aktivit\u00e4ten f\u00fcr einen Junggesellen- oder Junggesellinnenabschied.<\/p>\n<p>Sie k\u00f6nnen dem Br\u00e4utigam einen guten Streich spielen, indem Sie ihn mit einem Zwerg in Handschellen \u00fcberraschen!<\/p>\n<p>Sicherlich wird es nicht viel Spa\u00df machen, aber es wird eine unvergessliche Erinnerung f\u00fcr den zuk\u00fcnftigen Br\u00e4utigam w\u00e4hrend seines Junggesellenabschieds auf Mallorca sein.<\/p>\n<p>Daher sollte die Aktivit\u00e4t \"Zwerg in Handschellen\" zu Ihrem Aufenthalt hinzugef\u00fcgt werden, wenn Sie dem zuk\u00fcnftigen Br\u00e4utigam einen guten Streich spielen wollen.<\/p>\n<p style=\"text-align: center;\">Jetzt buchen Handcuffed Dwarf <a href=\"https:\/\/es.wikipedia.org\/wiki\/Mallorca\">Mallorca<\/a> \ud83c\udf89<\/p>","protected":false},"excerpt":{"rendered":"<p>Zwerg in Handschellen Mallorca. Eine v\u00f6llig ungew\u00f6hnliche und lustige Aktivit\u00e4t f\u00fcr Ihren Junggesellenabschied auf Mallorca! Mieten Sie einen Zwerg, der Sie 1 Stunde lang begleitet und an Sie gefesselt ist! Lacher garantiert.<\/p>","protected":false},"featured_media":726,"template":"","meta":[],"product_brand":[425],"product_cat":[193,165],"product_tag":[204,203],"class_list":{"0":"post-493","1":"product","2":"type-product","3":"status-publish","4":"has-post-thumbnail","6":"product_brand-fliparas-inc","7":"product_cat-hen-party-mallorca","8":"product_cat-mallorca","9":"product_tag-handcuffed-dwarf","10":"product_tag-handcuffed-dwarf-mallorca","12":"first","13":"instock","14":"virtual","15":"sold-individually","16":"purchasable","17":"product-type-booking"},"yoast_head":"<!-- This site is optimized with the Yoast SEO plugin v26.9 - https:\/\/yoast.com\/product\/yoast-seo-wordpress\/ -->\n<title>Handcuffed Dwarf Mallorca<\/title>\n<meta name=\"description\" content=\"Handcuffed Dwarf Mallorca. A fun activity for your bachelor party in Mallorca: dwarf to accompany you for 1 hour, handcuffed to you!\" \/>\n<meta name=\"robots\" content=\"index, follow, max-snippet:-1, max-image-preview:large, max-video-preview:-1\" \/>\n<link rel=\"canonical\" href=\"https:\/\/fliparas.com\/de\/tatigkeit\/zwerg-in-handschellen-mallorca\/\" \/>\n<meta property=\"og:locale\" content=\"de_DE\" \/>\n<meta property=\"og:type\" content=\"article\" \/>\n<meta property=\"og:title\" content=\"Handcuffed Dwarf Mallorca\" \/>\n<meta property=\"og:description\" content=\"Handcuffed Dwarf Mallorca. A fun activity for your bachelor party in Mallorca: dwarf to accompany you for 1 hour, handcuffed to you!\" \/>\n<meta property=\"og:url\" content=\"https:\/\/fliparas.com\/de\/tatigkeit\/zwerg-in-handschellen-mallorca\/\" \/>\n<meta property=\"og:site_name\" content=\"Agency Specialised in Stag and Hen Parties\" \/>\n<meta property=\"article:modified_time\" content=\"2025-01-31T10:30:07+00:00\" \/>\n<meta property=\"og:image\" content=\"https:\/\/fliparas.com\/wp-content\/uploads\/2024\/03\/Handcuffed-Dwarf-Mallorca-img.jpeg\" \/>\n\t<meta property=\"og:image:width\" content=\"1024\" \/>\n\t<meta property=\"og:image:height\" content=\"1024\" \/>\n\t<meta property=\"og:image:type\" content=\"image\/jpeg\" \/>\n<meta name=\"twitter:card\" content=\"summary_large_image\" \/>\n<meta name=\"twitter:label1\" content=\"Price\" \/>\n\t<meta name=\"twitter:data1\" content=\"600,00&nbsp;&euro;\" \/>\n\t<meta name=\"twitter:label2\" content=\"Availability\" \/>\n\t<meta name=\"twitter:data2\" content=\"In stock\" \/>\n<script type=\"application\/ld+json\" class=\"yoast-schema-graph\">{\"@context\":\"https:\/\/schema.org\",\"@graph\":[{\"@type\":\"WebPage\",\"@id\":\"https:\/\/fliparas.com\/activity\/handcuffed-dwarf-mallorca\/\",\"url\":\"https:\/\/fliparas.com\/activity\/handcuffed-dwarf-mallorca\/\",\"name\":\"Handcuffed Dwarf Mallorca\",\"isPartOf\":{\"@id\":\"https:\/\/fliparas.com\/#website\"},\"primaryImageOfPage\":{\"@id\":\"https:\/\/fliparas.com\/activity\/handcuffed-dwarf-mallorca\/#primaryimage\"},\"image\":{\"@id\":\"https:\/\/fliparas.com\/activity\/handcuffed-dwarf-mallorca\/#primaryimage\"},\"thumbnailUrl\":\"https:\/\/fliparas.com\/wp-content\/uploads\/2024\/03\/Handcuffed-Dwarf-Mallorca-img.jpeg\",\"datePublished\":\"2024-03-19T12:24:55+00:00\",\"dateModified\":\"2025-01-31T10:30:07+00:00\",\"description\":\"Handcuffed Dwarf Mallorca. A fun activity for your bachelor party in Mallorca: dwarf to accompany you for 1 hour, handcuffed to you!\",\"breadcrumb\":{\"@id\":\"https:\/\/fliparas.com\/activity\/handcuffed-dwarf-mallorca\/#breadcrumb\"},\"inLanguage\":\"de\",\"potentialAction\":[{\"@type\":\"ReadAction\",\"target\":[\"https:\/\/fliparas.com\/activity\/handcuffed-dwarf-mallorca\/\"]}]},{\"@type\":\"ImageObject\",\"inLanguage\":\"de\",\"@id\":\"https:\/\/fliparas.com\/activity\/handcuffed-dwarf-mallorca\/#primaryimage\",\"url\":\"https:\/\/fliparas.com\/wp-content\/uploads\/2024\/03\/Handcuffed-Dwarf-Mallorca-img.jpeg\",\"contentUrl\":\"https:\/\/fliparas.com\/wp-content\/uploads\/2024\/03\/Handcuffed-Dwarf-Mallorca-img.jpeg\",\"width\":1024,\"height\":1024},{\"@type\":\"BreadcrumbList\",\"@id\":\"https:\/\/fliparas.com\/activity\/handcuffed-dwarf-mallorca\/#breadcrumb\",\"itemListElement\":[{\"@type\":\"ListItem\",\"position\":1,\"name\":\"Home\",\"item\":\"https:\/\/fliparas.com\/\"},{\"@type\":\"ListItem\",\"position\":2,\"name\":\"Shop\",\"item\":\"https:\/\/fliparas.com\/shop\/\"},{\"@type\":\"ListItem\",\"position\":3,\"name\":\"Handcuffed Dwarf Mallorca\"}]},{\"@type\":\"WebSite\",\"@id\":\"https:\/\/fliparas.com\/#website\",\"url\":\"https:\/\/fliparas.com\/\",\"name\":\"Agency Specialised in Stag and Hen Parties\",\"description\":\"Trust the highest rated agency to organize an unforgettable stag and hen parties in Europe\",\"publisher\":{\"@id\":\"https:\/\/fliparas.com\/#organization\"},\"alternateName\":\"Fliparas Agency Specialised in Stag and Hen Parties\",\"potentialAction\":[{\"@type\":\"SearchAction\",\"target\":{\"@type\":\"EntryPoint\",\"urlTemplate\":\"https:\/\/fliparas.com\/?s={search_term_string}\"},\"query-input\":{\"@type\":\"PropertyValueSpecification\",\"valueRequired\":true,\"valueName\":\"search_term_string\"}}],\"inLanguage\":\"de\"},{\"@type\":\"Organization\",\"@id\":\"https:\/\/fliparas.com\/#organization\",\"name\":\"Fliparas\",\"alternateName\":\"Agency Specialised in Stag and Hen Parties\",\"url\":\"https:\/\/fliparas.com\/\",\"logo\":{\"@type\":\"ImageObject\",\"inLanguage\":\"de\",\"@id\":\"https:\/\/fliparas.com\/#\/schema\/logo\/image\/\",\"url\":\"https:\/\/fliparas.com\/wp-content\/uploads\/2024\/03\/Logo-Fliparas.png\",\"contentUrl\":\"https:\/\/fliparas.com\/wp-content\/uploads\/2024\/03\/Logo-Fliparas.png\",\"width\":1024,\"height\":1024,\"caption\":\"Fliparas\"},\"image\":{\"@id\":\"https:\/\/fliparas.com\/#\/schema\/logo\/image\/\"}}]}<\/script>\n<meta property=\"product:price:amount\" content=\"600.00\" \/>\n<meta property=\"product:price:currency\" content=\"EUR\" \/>\n<meta property=\"og:availability\" content=\"instock\" \/>\n<meta property=\"product:availability\" content=\"instock\" \/>\n<meta property=\"product:condition\" content=\"new\" \/>\n<!-- \/ Yoast SEO plugin. -->","yoast_head_json":{"title":"Handschellen-Zwerg Mallorca","description":"Zwerg in Handschellen Mallorca. Eine lustige Aktivit\u00e4t f\u00fcr Ihren Junggesellenabschied auf Mallorca: Zwerg, um Sie f\u00fcr 1 Stunde zu begleiten, mit Handschellen an Sie gekettet!","robots":{"index":"index","follow":"follow","max-snippet":"max-snippet:-1","max-image-preview":"max-image-preview:large","max-video-preview":"max-video-preview:-1"},"canonical":"https:\/\/fliparas.com\/de\/tatigkeit\/zwerg-in-handschellen-mallorca\/","og_locale":"de_DE","og_type":"article","og_title":"Handcuffed Dwarf Mallorca","og_description":"Handcuffed Dwarf Mallorca. A fun activity for your bachelor party in Mallorca: dwarf to accompany you for 1 hour, handcuffed to you!","og_url":"https:\/\/fliparas.com\/de\/tatigkeit\/zwerg-in-handschellen-mallorca\/","og_site_name":"Agency Specialised in Stag and Hen Parties","article_modified_time":"2025-01-31T10:30:07+00:00","og_image":[{"width":1024,"height":1024,"url":"https:\/\/fliparas.com\/wp-content\/uploads\/2024\/03\/Handcuffed-Dwarf-Mallorca-img.jpeg","type":"image\/jpeg"}],"twitter_card":"summary_large_image","twitter_misc":{"Price":"600,00&nbsp;&euro;","Availability":"In stock"},"schema":{"@context":"https:\/\/schema.org","@graph":[{"@type":"WebPage","@id":"https:\/\/fliparas.com\/activity\/handcuffed-dwarf-mallorca\/","url":"https:\/\/fliparas.com\/activity\/handcuffed-dwarf-mallorca\/","name":"Handschellen-Zwerg Mallorca","isPartOf":{"@id":"https:\/\/fliparas.com\/#website"},"primaryImageOfPage":{"@id":"https:\/\/fliparas.com\/activity\/handcuffed-dwarf-mallorca\/#primaryimage"},"image":{"@id":"https:\/\/fliparas.com\/activity\/handcuffed-dwarf-mallorca\/#primaryimage"},"thumbnailUrl":"https:\/\/fliparas.com\/wp-content\/uploads\/2024\/03\/Handcuffed-Dwarf-Mallorca-img.jpeg","datePublished":"2024-03-19T12:24:55+00:00","dateModified":"2025-01-31T10:30:07+00:00","description":"Zwerg in Handschellen Mallorca. Eine lustige Aktivit\u00e4t f\u00fcr Ihren Junggesellenabschied auf Mallorca: Zwerg, um Sie f\u00fcr 1 Stunde zu begleiten, mit Handschellen an Sie gekettet!","breadcrumb":{"@id":"https:\/\/fliparas.com\/activity\/handcuffed-dwarf-mallorca\/#breadcrumb"},"inLanguage":"de","potentialAction":[{"@type":"ReadAction","target":["https:\/\/fliparas.com\/activity\/handcuffed-dwarf-mallorca\/"]}]},{"@type":"ImageObject","inLanguage":"de","@id":"https:\/\/fliparas.com\/activity\/handcuffed-dwarf-mallorca\/#primaryimage","url":"https:\/\/fliparas.com\/wp-content\/uploads\/2024\/03\/Handcuffed-Dwarf-Mallorca-img.jpeg","contentUrl":"https:\/\/fliparas.com\/wp-content\/uploads\/2024\/03\/Handcuffed-Dwarf-Mallorca-img.jpeg","width":1024,"height":1024},{"@type":"BreadcrumbList","@id":"https:\/\/fliparas.com\/activity\/handcuffed-dwarf-mallorca\/#breadcrumb","itemListElement":[{"@type":"ListItem","position":1,"name":"Home","item":"https:\/\/fliparas.com\/"},{"@type":"ListItem","position":2,"name":"Shop","item":"https:\/\/fliparas.com\/shop\/"},{"@type":"ListItem","position":3,"name":"Handcuffed Dwarf Mallorca"}]},{"@type":"WebSite","@id":"https:\/\/fliparas.com\/#website","url":"https:\/\/fliparas.com\/","name":"Auf Junggesellen- und Junggesellinnenabschiede spezialisierte Agentur","description":"Vertrauen Sie der bestbewerteten Agentur, um einen unvergesslichen Junggesellenabschied in Europa zu organisieren","publisher":{"@id":"https:\/\/fliparas.com\/#organization"},"alternateName":"Fliparas Agency Specialised in Stag and Hen Parties","potentialAction":[{"@type":"SearchAction","target":{"@type":"EntryPoint","urlTemplate":"https:\/\/fliparas.com\/?s={search_term_string}"},"query-input":{"@type":"PropertyValueSpecification","valueRequired":true,"valueName":"search_term_string"}}],"inLanguage":"de"},{"@type":"Organization","@id":"https:\/\/fliparas.com\/#organization","name":"Fliparas","alternateName":"Agency Specialised in Stag and Hen Parties","url":"https:\/\/fliparas.com\/","logo":{"@type":"ImageObject","inLanguage":"de","@id":"https:\/\/fliparas.com\/#\/schema\/logo\/image\/","url":"https:\/\/fliparas.com\/wp-content\/uploads\/2024\/03\/Logo-Fliparas.png","contentUrl":"https:\/\/fliparas.com\/wp-content\/uploads\/2024\/03\/Logo-Fliparas.png","width":1024,"height":1024,"caption":"Fliparas"},"image":{"@id":"https:\/\/fliparas.com\/#\/schema\/logo\/image\/"}}]},"product_price_amount":"600.00","product_price_currency":"EUR","og_availability":"instock","product_availability":"instock","product_condition":"new"},"_links":{"self":[{"href":"https:\/\/fliparas.com\/de\/wp-json\/wp\/v2\/product\/493","targetHints":{"allow":["GET"]}}],"collection":[{"href":"https:\/\/fliparas.com\/de\/wp-json\/wp\/v2\/product"}],"about":[{"href":"https:\/\/fliparas.com\/de\/wp-json\/wp\/v2\/types\/product"}],"wp:featuredmedia":[{"embeddable":true,"href":"https:\/\/fliparas.com\/de\/wp-json\/wp\/v2\/media\/726"}],"wp:attachment":[{"href":"https:\/\/fliparas.com\/de\/wp-json\/wp\/v2\/media?parent=493"}],"wp:term":[{"taxonomy":"product_brand","embeddable":true,"href":"https:\/\/fliparas.com\/de\/wp-json\/wp\/v2\/product_brand?post=493"},{"taxonomy":"product_cat","embeddable":true,"href":"https:\/\/fliparas.com\/de\/wp-json\/wp\/v2\/product_cat?post=493"},{"taxonomy":"product_tag","embeddable":true,"href":"https:\/\/fliparas.com\/de\/wp-json\/wp\/v2\/product_tag?post=493"}],"curies":[{"name":"wp","href":"https:\/\/api.w.org\/{rel}","templated":true}]}}