{"id":494,"date":"2024-03-19T12:24:55","date_gmt":"2024-03-19T12:24:55","guid":{"rendered":"https:\/\/fliparas.com\/?post_type=product&#038;p=494"},"modified":"2025-03-10T16:19:05","modified_gmt":"2025-03-10T15:19:05","slug":"mallorquinischer-zwergstreifenfisch","status":"publish","type":"product","link":"https:\/\/fliparas.com\/de\/tatigkeit\/mallorquinischer-zwergstreifenfisch\/","title":{"rendered":"Mallorca-Zwergstriper"},"content":{"rendered":"<p>Mallorca-Zwergstriper. Ein kleines Geschenk f\u00fcr den zuk\u00fcnftigen Br\u00e4utigam. Kleiner Stripper. Spa\u00df und \u00dcberraschung garantiert. Private Show.<\/p>\n<p>Die besten Junggesellenabschiede mit <a href=\"https:\/\/fliparas.com\/de\/junggesellenabschied\/\">Junggesellenabschied<\/a>!<\/p>\n<h2 style=\"text-align: center;\">Mallorca-Zwergstriper\ud83c\udf89<\/h2>\n<p>Schenken Sie dem zuk\u00fcnftigen Br\u00e4utigam einen kleinen Striptease, um ihn w\u00e4hrend seines Junggesellenabschieds auf Mallorca mit unserer kleinen Stripperin zu \u00fcberraschen!<\/p>\n<p>Die typische Junggesellenabschiedsaktivit\u00e4t ist der Striptease. Der Striptease ist immer ein Erfolg, ein Klassiker unter den Junggesellenabschieden. Aber wenn du das Typische nicht magst und du den Br\u00e4utigam wirklich \u00fcberraschen willst, ist dies die Aktivit\u00e4t f\u00fcr dich!<\/p>\n<p>Wenn Sie eine gro\u00dfe \u00dcberraschung (oder eine kleine in diesem Fall) garantieren wollen, erhalten Sie nicht eine typische Stripperin mit einem unglaublichen K\u00f6rper, die die Hitze dreht (obwohl, wenn Sie diese Option m\u00f6chten, haben wir \"auch in unserer Agentur). Entscheiden Sie sich stattdessen f\u00fcr eine kleine Stripperin, die in der Lage sein wird, Ihrem Freund eine sexy und sinnliche Show zu bieten, bei der die \u00dcberraschung absolut garantiert ist. \ud83d\udd25<\/p>\n<p>\u00dcberrasche den Br\u00e4utigam und seine Freunde mit dem Zwergenstripper. Machen Sie Fotos und am\u00fcsieren Sie sich \u00fcber den originellen Ausflug, den Sie geplant haben!\ud83d\udcf7<\/p>\n<p style=\"text-align: center;\">\u2b50Buchen Sie die originellste Show auf Mallorca\u2b50<\/p>\n<p>Reserve-Zwergstripper Mallorca<\/p>","protected":false},"excerpt":{"rendered":"<p>Mallorca-Zwergstriper. Ein kleines Geschenk f\u00fcr den zuk\u00fcnftigen Br\u00e4utigam. Kleiner Stripper. Spa\u00df und \u00dcberraschung garantiert. Private Show.<\/p>","protected":false},"featured_media":657,"template":"","meta":[],"product_brand":[425],"product_cat":[165,194],"product_tag":[205],"class_list":{"0":"post-494","1":"product","2":"type-product","3":"status-publish","4":"has-post-thumbnail","6":"product_brand-fliparas-inc","7":"product_cat-mallorca","8":"product_cat-stag-party-mallorca","9":"product_tag-dwarf-striper","11":"first","12":"instock","13":"virtual","14":"sold-individually","15":"purchasable","16":"product-type-booking"},"yoast_head":"<!-- This site is optimized with the Yoast SEO plugin v26.9 - https:\/\/yoast.com\/product\/yoast-seo-wordpress\/ -->\n<title>Mallorca Dwarf Striper<\/title>\n<meta name=\"description\" content=\"Mallorcan Dwarf Striper. A small gift for the future groom. Little Stripper. Fun and surprise guaranteed. Private show.\" \/>\n<meta name=\"robots\" content=\"index, follow, max-snippet:-1, max-image-preview:large, max-video-preview:-1\" \/>\n<link rel=\"canonical\" href=\"https:\/\/fliparas.com\/de\/tatigkeit\/mallorquinischer-zwergstreifenfisch\/\" \/>\n<meta property=\"og:locale\" content=\"de_DE\" \/>\n<meta property=\"og:type\" content=\"article\" \/>\n<meta property=\"og:title\" content=\"Mallorca Dwarf Striper\" \/>\n<meta property=\"og:description\" content=\"Mallorcan Dwarf Striper. A small gift for the future groom. Little Stripper. Fun and surprise guaranteed. Private show.\" \/>\n<meta property=\"og:url\" content=\"https:\/\/fliparas.com\/de\/tatigkeit\/mallorquinischer-zwergstreifenfisch\/\" \/>\n<meta property=\"og:site_name\" content=\"Agency Specialised in Stag and Hen Parties\" \/>\n<meta property=\"article:modified_time\" content=\"2025-03-10T15:19:05+00:00\" \/>\n<meta property=\"og:image\" content=\"https:\/\/fliparas.com\/wp-content\/uploads\/2024\/03\/Striptease-Mallorca-VIP.jpg\" \/>\n\t<meta property=\"og:image:width\" content=\"1080\" \/>\n\t<meta property=\"og:image:height\" content=\"1080\" \/>\n\t<meta property=\"og:image:type\" content=\"image\/jpeg\" \/>\n<meta name=\"twitter:card\" content=\"summary_large_image\" \/>\n<meta name=\"twitter:label1\" content=\"Price\" \/>\n\t<meta name=\"twitter:data1\" content=\"1.000,00&nbsp;&euro;\" \/>\n\t<meta name=\"twitter:label2\" content=\"Availability\" \/>\n\t<meta name=\"twitter:data2\" content=\"In stock\" \/>\n<script type=\"application\/ld+json\" class=\"yoast-schema-graph\">{\"@context\":\"https:\/\/schema.org\",\"@graph\":[{\"@type\":\"WebPage\",\"@id\":\"https:\/\/fliparas.com\/activity\/mallorca-dwarf-striper\/\",\"url\":\"https:\/\/fliparas.com\/activity\/mallorca-dwarf-striper\/\",\"name\":\"Mallorca Dwarf Striper\",\"isPartOf\":{\"@id\":\"https:\/\/fliparas.com\/#website\"},\"primaryImageOfPage\":{\"@id\":\"https:\/\/fliparas.com\/activity\/mallorca-dwarf-striper\/#primaryimage\"},\"image\":{\"@id\":\"https:\/\/fliparas.com\/activity\/mallorca-dwarf-striper\/#primaryimage\"},\"thumbnailUrl\":\"https:\/\/fliparas.com\/wp-content\/uploads\/2024\/03\/Striptease-Mallorca-VIP.jpg\",\"datePublished\":\"2024-03-19T12:24:55+00:00\",\"dateModified\":\"2025-03-10T15:19:05+00:00\",\"description\":\"Mallorcan Dwarf Striper. A small gift for the future groom. Little Stripper. Fun and surprise guaranteed. Private show.\",\"breadcrumb\":{\"@id\":\"https:\/\/fliparas.com\/activity\/mallorca-dwarf-striper\/#breadcrumb\"},\"inLanguage\":\"de\",\"potentialAction\":[{\"@type\":\"ReadAction\",\"target\":[\"https:\/\/fliparas.com\/activity\/mallorca-dwarf-striper\/\"]}]},{\"@type\":\"ImageObject\",\"inLanguage\":\"de\",\"@id\":\"https:\/\/fliparas.com\/activity\/mallorca-dwarf-striper\/#primaryimage\",\"url\":\"https:\/\/fliparas.com\/wp-content\/uploads\/2024\/03\/Striptease-Mallorca-VIP.jpg\",\"contentUrl\":\"https:\/\/fliparas.com\/wp-content\/uploads\/2024\/03\/Striptease-Mallorca-VIP.jpg\",\"width\":1080,\"height\":1080},{\"@type\":\"BreadcrumbList\",\"@id\":\"https:\/\/fliparas.com\/activity\/mallorca-dwarf-striper\/#breadcrumb\",\"itemListElement\":[{\"@type\":\"ListItem\",\"position\":1,\"name\":\"Home\",\"item\":\"https:\/\/fliparas.com\/\"},{\"@type\":\"ListItem\",\"position\":2,\"name\":\"Shop\",\"item\":\"https:\/\/fliparas.com\/shop\/\"},{\"@type\":\"ListItem\",\"position\":3,\"name\":\"Mallorca Dwarf Striper\"}]},{\"@type\":\"WebSite\",\"@id\":\"https:\/\/fliparas.com\/#website\",\"url\":\"https:\/\/fliparas.com\/\",\"name\":\"Agency Specialised in Stag and Hen Parties\",\"description\":\"Trust the highest rated agency to organize an unforgettable stag and hen parties in Europe\",\"publisher\":{\"@id\":\"https:\/\/fliparas.com\/#organization\"},\"alternateName\":\"Fliparas Agency Specialised in Stag and Hen Parties\",\"potentialAction\":[{\"@type\":\"SearchAction\",\"target\":{\"@type\":\"EntryPoint\",\"urlTemplate\":\"https:\/\/fliparas.com\/?s={search_term_string}\"},\"query-input\":{\"@type\":\"PropertyValueSpecification\",\"valueRequired\":true,\"valueName\":\"search_term_string\"}}],\"inLanguage\":\"de\"},{\"@type\":\"Organization\",\"@id\":\"https:\/\/fliparas.com\/#organization\",\"name\":\"Fliparas\",\"alternateName\":\"Agency Specialised in Stag and Hen Parties\",\"url\":\"https:\/\/fliparas.com\/\",\"logo\":{\"@type\":\"ImageObject\",\"inLanguage\":\"de\",\"@id\":\"https:\/\/fliparas.com\/#\/schema\/logo\/image\/\",\"url\":\"https:\/\/fliparas.com\/wp-content\/uploads\/2024\/03\/Logo-Fliparas.png\",\"contentUrl\":\"https:\/\/fliparas.com\/wp-content\/uploads\/2024\/03\/Logo-Fliparas.png\",\"width\":1024,\"height\":1024,\"caption\":\"Fliparas\"},\"image\":{\"@id\":\"https:\/\/fliparas.com\/#\/schema\/logo\/image\/\"}}]}<\/script>\n<meta property=\"product:price:amount\" content=\"1000.00\" \/>\n<meta property=\"product:price:currency\" content=\"EUR\" \/>\n<meta property=\"og:availability\" content=\"instock\" \/>\n<meta property=\"product:availability\" content=\"instock\" \/>\n<meta property=\"product:condition\" content=\"new\" \/>\n<!-- \/ Yoast SEO plugin. -->","yoast_head_json":{"title":"Mallorca-Zwergstriper","description":"Mallorquinischer Zwergstriper. Ein kleines Geschenk f\u00fcr den zuk\u00fcnftigen Br\u00e4utigam. Kleiner Stripper. Spa\u00df und \u00dcberraschung garantiert. Private Show.","robots":{"index":"index","follow":"follow","max-snippet":"max-snippet:-1","max-image-preview":"max-image-preview:large","max-video-preview":"max-video-preview:-1"},"canonical":"https:\/\/fliparas.com\/de\/tatigkeit\/mallorquinischer-zwergstreifenfisch\/","og_locale":"de_DE","og_type":"article","og_title":"Mallorca Dwarf Striper","og_description":"Mallorcan Dwarf Striper. A small gift for the future groom. Little Stripper. Fun and surprise guaranteed. Private show.","og_url":"https:\/\/fliparas.com\/de\/tatigkeit\/mallorquinischer-zwergstreifenfisch\/","og_site_name":"Agency Specialised in Stag and Hen Parties","article_modified_time":"2025-03-10T15:19:05+00:00","og_image":[{"width":1080,"height":1080,"url":"https:\/\/fliparas.com\/wp-content\/uploads\/2024\/03\/Striptease-Mallorca-VIP.jpg","type":"image\/jpeg"}],"twitter_card":"summary_large_image","twitter_misc":{"Price":"1.000,00&nbsp;&euro;","Availability":"In stock"},"schema":{"@context":"https:\/\/schema.org","@graph":[{"@type":"WebPage","@id":"https:\/\/fliparas.com\/activity\/mallorca-dwarf-striper\/","url":"https:\/\/fliparas.com\/activity\/mallorca-dwarf-striper\/","name":"Mallorca-Zwergstriper","isPartOf":{"@id":"https:\/\/fliparas.com\/#website"},"primaryImageOfPage":{"@id":"https:\/\/fliparas.com\/activity\/mallorca-dwarf-striper\/#primaryimage"},"image":{"@id":"https:\/\/fliparas.com\/activity\/mallorca-dwarf-striper\/#primaryimage"},"thumbnailUrl":"https:\/\/fliparas.com\/wp-content\/uploads\/2024\/03\/Striptease-Mallorca-VIP.jpg","datePublished":"2024-03-19T12:24:55+00:00","dateModified":"2025-03-10T15:19:05+00:00","description":"Mallorquinischer Zwergstriper. Ein kleines Geschenk f\u00fcr den zuk\u00fcnftigen Br\u00e4utigam. Kleiner Stripper. Spa\u00df und \u00dcberraschung garantiert. Private Show.","breadcrumb":{"@id":"https:\/\/fliparas.com\/activity\/mallorca-dwarf-striper\/#breadcrumb"},"inLanguage":"de","potentialAction":[{"@type":"ReadAction","target":["https:\/\/fliparas.com\/activity\/mallorca-dwarf-striper\/"]}]},{"@type":"ImageObject","inLanguage":"de","@id":"https:\/\/fliparas.com\/activity\/mallorca-dwarf-striper\/#primaryimage","url":"https:\/\/fliparas.com\/wp-content\/uploads\/2024\/03\/Striptease-Mallorca-VIP.jpg","contentUrl":"https:\/\/fliparas.com\/wp-content\/uploads\/2024\/03\/Striptease-Mallorca-VIP.jpg","width":1080,"height":1080},{"@type":"BreadcrumbList","@id":"https:\/\/fliparas.com\/activity\/mallorca-dwarf-striper\/#breadcrumb","itemListElement":[{"@type":"ListItem","position":1,"name":"Home","item":"https:\/\/fliparas.com\/"},{"@type":"ListItem","position":2,"name":"Shop","item":"https:\/\/fliparas.com\/shop\/"},{"@type":"ListItem","position":3,"name":"Mallorca Dwarf Striper"}]},{"@type":"WebSite","@id":"https:\/\/fliparas.com\/#website","url":"https:\/\/fliparas.com\/","name":"Auf Junggesellen- und Junggesellinnenabschiede spezialisierte Agentur","description":"Vertrauen Sie der bestbewerteten Agentur, um einen unvergesslichen Junggesellenabschied in Europa zu organisieren","publisher":{"@id":"https:\/\/fliparas.com\/#organization"},"alternateName":"Fliparas Agency Specialised in Stag and Hen Parties","potentialAction":[{"@type":"SearchAction","target":{"@type":"EntryPoint","urlTemplate":"https:\/\/fliparas.com\/?s={search_term_string}"},"query-input":{"@type":"PropertyValueSpecification","valueRequired":true,"valueName":"search_term_string"}}],"inLanguage":"de"},{"@type":"Organization","@id":"https:\/\/fliparas.com\/#organization","name":"Fliparas","alternateName":"Agency Specialised in Stag and Hen Parties","url":"https:\/\/fliparas.com\/","logo":{"@type":"ImageObject","inLanguage":"de","@id":"https:\/\/fliparas.com\/#\/schema\/logo\/image\/","url":"https:\/\/fliparas.com\/wp-content\/uploads\/2024\/03\/Logo-Fliparas.png","contentUrl":"https:\/\/fliparas.com\/wp-content\/uploads\/2024\/03\/Logo-Fliparas.png","width":1024,"height":1024,"caption":"Fliparas"},"image":{"@id":"https:\/\/fliparas.com\/#\/schema\/logo\/image\/"}}]},"product_price_amount":"1000.00","product_price_currency":"EUR","og_availability":"instock","product_availability":"instock","product_condition":"new"},"_links":{"self":[{"href":"https:\/\/fliparas.com\/de\/wp-json\/wp\/v2\/product\/494","targetHints":{"allow":["GET"]}}],"collection":[{"href":"https:\/\/fliparas.com\/de\/wp-json\/wp\/v2\/product"}],"about":[{"href":"https:\/\/fliparas.com\/de\/wp-json\/wp\/v2\/types\/product"}],"wp:featuredmedia":[{"embeddable":true,"href":"https:\/\/fliparas.com\/de\/wp-json\/wp\/v2\/media\/657"}],"wp:attachment":[{"href":"https:\/\/fliparas.com\/de\/wp-json\/wp\/v2\/media?parent=494"}],"wp:term":[{"taxonomy":"product_brand","embeddable":true,"href":"https:\/\/fliparas.com\/de\/wp-json\/wp\/v2\/product_brand?post=494"},{"taxonomy":"product_cat","embeddable":true,"href":"https:\/\/fliparas.com\/de\/wp-json\/wp\/v2\/product_cat?post=494"},{"taxonomy":"product_tag","embeddable":true,"href":"https:\/\/fliparas.com\/de\/wp-json\/wp\/v2\/product_tag?post=494"}],"curies":[{"name":"wp","href":"https:\/\/api.w.org\/{rel}","templated":true}]}}