{"id":495,"date":"2024-03-19T12:24:55","date_gmt":"2024-03-19T12:24:55","guid":{"rendered":"https:\/\/fliparas.com\/?post_type=product&#038;p=495"},"modified":"2025-01-31T11:30:07","modified_gmt":"2025-01-31T10:30:07","slug":"zeichnung-von-aktmodell-mallorca","status":"publish","type":"product","link":"https:\/\/fliparas.com\/de\/tatigkeit\/zeichnung-von-aktmodell-mallorca\/","title":{"rendered":"Zeichnung von Nacktmodell Mallorca"},"content":{"rendered":"<p>Zeichnung von Nacktmodell Mallorca. Aktmodell-Zeichnung auf Mallorca. Wenn Sie gerne Kunst und Sinnlichkeit mischen, ist dies die Aktivit\u00e4t f\u00fcr Sie!<\/p>\n<p>Die besten Junggesellenabschiede mit <a href=\"https:\/\/fliparas.com\/de\/junggesellenabschied\/\">Junggesellenabschied<\/a>!<\/p>\n<h2 style=\"text-align: center;\">Mallorca Nacktmodell Zeichnung \ud83c\udfa8<\/h2>\n<p style=\"text-align: center;\">MINDESTUMSATZ: 8 PERSONEN.<\/p>\n<p>Gem\u00e4lde, Leinw\u00e4nde und ein spektakul\u00e4rer weiblicher Akt\ud83d\udd25.<\/p>\n<p>Es gibt viele Arten von Reisen und viele Arten von Junggesellenabschieden. Aber bei Stagparty haben wir etwas f\u00fcr jeden! Wenn Sie Kunst lieben, aber auch sch\u00f6ne weibliche K\u00f6rper sch\u00e4tzen, h\u00f6ren Sie auf zu denken und buchen Sie diese Aktivit\u00e4t.<\/p>\n<p>Eine originelle und lustige Aktivit\u00e4t. Wird einer deiner Freunde in der Lage sein, sich zu konzentrieren und eine sch\u00f6ne Zeichnung anzufertigen, w\u00e4hrend er den nackten K\u00f6rper unseres sch\u00f6nen Models betrachtet?<\/p>\n<p>Die Aktivit\u00e4t umfasst alle notwendigen Materialien: Workshop, Farbe, Leinwand und vor allem eine nackte Frau! Das Modell stellt sich unbekleidet in die Mitte der Gruppe, w\u00e4hlt eine Pose und bleibt bis zum Ende still. Kannst du stillhalten?<\/p>\n<p>Sie k\u00f6nnen Champagner oder Wein hinzuf\u00fcgen, um die Aktivit\u00e4t eleganter und sinnlicher zu gestalten.\ud83c\udf77<\/p>\n<p>Eine lustige und originelle Aktivit\u00e4t mit Freunden, die garantiert f\u00fcr Lacher sorgt! Nat\u00fcrlich k\u00f6nnen Sie am Ende der Aktivit\u00e4t Ihr Tuch mit nach Hause nehmen (und es gut verstecken).<\/p>\n<p style=\"text-align: center;\">\ud83d\udd25Buch Sinnlichkeit und Kunst\ud83d\udd25<\/p>\n<p style=\"text-align: center;\">Buchen Sie Aktmodell Zeichnung Palma Mallorca<\/p>","protected":false},"excerpt":{"rendered":"<p>Zeichnung von Nacktmodell Mallorca. Aktmodell-Zeichnung auf Mallorca. Wenn Sie gerne Kunst und Sinnlichkeit mischen, ist dies die Aktivit\u00e4t f\u00fcr Sie!<\/p>\n<p>MINDESTUMSATZ: 8 PERSONEN.<\/p>","protected":false},"featured_media":742,"template":"","meta":[],"product_brand":[425],"product_cat":[165,194],"product_tag":[206],"class_list":{"0":"post-495","1":"product","2":"type-product","3":"status-publish","4":"has-post-thumbnail","6":"product_brand-fliparas-inc","7":"product_cat-mallorca","8":"product_cat-stag-party-mallorca","9":"product_tag-drawing-of-nude-model","11":"first","12":"instock","13":"virtual","14":"sold-individually","15":"purchasable","16":"product-type-booking"},"yoast_head":"<!-- This site is optimized with the Yoast SEO plugin v26.9 - https:\/\/yoast.com\/product\/yoast-seo-wordpress\/ -->\n<title>Drawing of Nude Model Mallorca<\/title>\n<meta name=\"description\" content=\"Drawing of Nude Model Mallorca. Nude model drawing in Mallorca. If you like mixing art and sensuality, this is the activity for you!\" \/>\n<meta name=\"robots\" content=\"index, follow, max-snippet:-1, max-image-preview:large, max-video-preview:-1\" \/>\n<link rel=\"canonical\" href=\"https:\/\/fliparas.com\/de\/tatigkeit\/zeichnung-von-aktmodell-mallorca\/\" \/>\n<meta property=\"og:locale\" content=\"de_DE\" \/>\n<meta property=\"og:type\" content=\"article\" \/>\n<meta property=\"og:title\" content=\"Drawing of Nude Model Mallorca\" \/>\n<meta property=\"og:description\" content=\"Drawing of Nude Model Mallorca. Nude model drawing in Mallorca. If you like mixing art and sensuality, this is the activity for you!\" \/>\n<meta property=\"og:url\" content=\"https:\/\/fliparas.com\/de\/tatigkeit\/zeichnung-von-aktmodell-mallorca\/\" \/>\n<meta property=\"og:site_name\" content=\"Agency Specialised in Stag and Hen Parties\" \/>\n<meta property=\"article:modified_time\" content=\"2025-01-31T10:30:07+00:00\" \/>\n<meta property=\"og:image\" content=\"https:\/\/fliparas.com\/wp-content\/uploads\/2024\/03\/Drawing-of-Nude-Model-img.jpeg\" \/>\n\t<meta property=\"og:image:width\" content=\"1080\" \/>\n\t<meta property=\"og:image:height\" content=\"1080\" \/>\n\t<meta property=\"og:image:type\" content=\"image\/jpeg\" \/>\n<meta name=\"twitter:card\" content=\"summary_large_image\" \/>\n<meta name=\"twitter:label1\" content=\"Price\" \/>\n\t<meta name=\"twitter:data1\" content=\"50,00&nbsp;&euro;\" \/>\n\t<meta name=\"twitter:label2\" content=\"Availability\" \/>\n\t<meta name=\"twitter:data2\" content=\"In stock\" \/>\n<script type=\"application\/ld+json\" class=\"yoast-schema-graph\">{\"@context\":\"https:\/\/schema.org\",\"@graph\":[{\"@type\":\"WebPage\",\"@id\":\"https:\/\/fliparas.com\/activity\/drawing-of-nude-model-mallorca\/\",\"url\":\"https:\/\/fliparas.com\/activity\/drawing-of-nude-model-mallorca\/\",\"name\":\"Drawing of Nude Model Mallorca\",\"isPartOf\":{\"@id\":\"https:\/\/fliparas.com\/#website\"},\"primaryImageOfPage\":{\"@id\":\"https:\/\/fliparas.com\/activity\/drawing-of-nude-model-mallorca\/#primaryimage\"},\"image\":{\"@id\":\"https:\/\/fliparas.com\/activity\/drawing-of-nude-model-mallorca\/#primaryimage\"},\"thumbnailUrl\":\"https:\/\/fliparas.com\/wp-content\/uploads\/2024\/03\/Drawing-of-Nude-Model-img.jpeg\",\"datePublished\":\"2024-03-19T12:24:55+00:00\",\"dateModified\":\"2025-01-31T10:30:07+00:00\",\"description\":\"Drawing of Nude Model Mallorca. Nude model drawing in Mallorca. If you like mixing art and sensuality, this is the activity for you!\",\"breadcrumb\":{\"@id\":\"https:\/\/fliparas.com\/activity\/drawing-of-nude-model-mallorca\/#breadcrumb\"},\"inLanguage\":\"de\",\"potentialAction\":[{\"@type\":\"ReadAction\",\"target\":[\"https:\/\/fliparas.com\/activity\/drawing-of-nude-model-mallorca\/\"]}]},{\"@type\":\"ImageObject\",\"inLanguage\":\"de\",\"@id\":\"https:\/\/fliparas.com\/activity\/drawing-of-nude-model-mallorca\/#primaryimage\",\"url\":\"https:\/\/fliparas.com\/wp-content\/uploads\/2024\/03\/Drawing-of-Nude-Model-img.jpeg\",\"contentUrl\":\"https:\/\/fliparas.com\/wp-content\/uploads\/2024\/03\/Drawing-of-Nude-Model-img.jpeg\",\"width\":1080,\"height\":1080},{\"@type\":\"BreadcrumbList\",\"@id\":\"https:\/\/fliparas.com\/activity\/drawing-of-nude-model-mallorca\/#breadcrumb\",\"itemListElement\":[{\"@type\":\"ListItem\",\"position\":1,\"name\":\"Home\",\"item\":\"https:\/\/fliparas.com\/\"},{\"@type\":\"ListItem\",\"position\":2,\"name\":\"Shop\",\"item\":\"https:\/\/fliparas.com\/shop\/\"},{\"@type\":\"ListItem\",\"position\":3,\"name\":\"Drawing of Nude Model Mallorca\"}]},{\"@type\":\"WebSite\",\"@id\":\"https:\/\/fliparas.com\/#website\",\"url\":\"https:\/\/fliparas.com\/\",\"name\":\"Agency Specialised in Stag and Hen Parties\",\"description\":\"Trust the highest rated agency to organize an unforgettable stag and hen parties in Europe\",\"publisher\":{\"@id\":\"https:\/\/fliparas.com\/#organization\"},\"alternateName\":\"Fliparas Agency Specialised in Stag and Hen Parties\",\"potentialAction\":[{\"@type\":\"SearchAction\",\"target\":{\"@type\":\"EntryPoint\",\"urlTemplate\":\"https:\/\/fliparas.com\/?s={search_term_string}\"},\"query-input\":{\"@type\":\"PropertyValueSpecification\",\"valueRequired\":true,\"valueName\":\"search_term_string\"}}],\"inLanguage\":\"de\"},{\"@type\":\"Organization\",\"@id\":\"https:\/\/fliparas.com\/#organization\",\"name\":\"Fliparas\",\"alternateName\":\"Agency Specialised in Stag and Hen Parties\",\"url\":\"https:\/\/fliparas.com\/\",\"logo\":{\"@type\":\"ImageObject\",\"inLanguage\":\"de\",\"@id\":\"https:\/\/fliparas.com\/#\/schema\/logo\/image\/\",\"url\":\"https:\/\/fliparas.com\/wp-content\/uploads\/2024\/03\/Logo-Fliparas.png\",\"contentUrl\":\"https:\/\/fliparas.com\/wp-content\/uploads\/2024\/03\/Logo-Fliparas.png\",\"width\":1024,\"height\":1024,\"caption\":\"Fliparas\"},\"image\":{\"@id\":\"https:\/\/fliparas.com\/#\/schema\/logo\/image\/\"}}]}<\/script>\n<meta property=\"product:price:amount\" content=\"50.00\" \/>\n<meta property=\"product:price:currency\" content=\"EUR\" \/>\n<meta property=\"og:availability\" content=\"instock\" \/>\n<meta property=\"product:availability\" content=\"instock\" \/>\n<meta property=\"product:condition\" content=\"new\" \/>\n<!-- \/ Yoast SEO plugin. -->","yoast_head_json":{"title":"Zeichnung von Nacktmodell Mallorca","description":"Zeichnung von Nacktmodell Mallorca. Aktmodell-Zeichnung auf Mallorca. Wenn Sie gerne Kunst und Sinnlichkeit mischen, ist dies die Aktivit\u00e4t f\u00fcr Sie!","robots":{"index":"index","follow":"follow","max-snippet":"max-snippet:-1","max-image-preview":"max-image-preview:large","max-video-preview":"max-video-preview:-1"},"canonical":"https:\/\/fliparas.com\/de\/tatigkeit\/zeichnung-von-aktmodell-mallorca\/","og_locale":"de_DE","og_type":"article","og_title":"Drawing of Nude Model Mallorca","og_description":"Drawing of Nude Model Mallorca. Nude model drawing in Mallorca. If you like mixing art and sensuality, this is the activity for you!","og_url":"https:\/\/fliparas.com\/de\/tatigkeit\/zeichnung-von-aktmodell-mallorca\/","og_site_name":"Agency Specialised in Stag and Hen Parties","article_modified_time":"2025-01-31T10:30:07+00:00","og_image":[{"width":1080,"height":1080,"url":"https:\/\/fliparas.com\/wp-content\/uploads\/2024\/03\/Drawing-of-Nude-Model-img.jpeg","type":"image\/jpeg"}],"twitter_card":"summary_large_image","twitter_misc":{"Price":"50,00&nbsp;&euro;","Availability":"In stock"},"schema":{"@context":"https:\/\/schema.org","@graph":[{"@type":"WebPage","@id":"https:\/\/fliparas.com\/activity\/drawing-of-nude-model-mallorca\/","url":"https:\/\/fliparas.com\/activity\/drawing-of-nude-model-mallorca\/","name":"Zeichnung von Nacktmodell Mallorca","isPartOf":{"@id":"https:\/\/fliparas.com\/#website"},"primaryImageOfPage":{"@id":"https:\/\/fliparas.com\/activity\/drawing-of-nude-model-mallorca\/#primaryimage"},"image":{"@id":"https:\/\/fliparas.com\/activity\/drawing-of-nude-model-mallorca\/#primaryimage"},"thumbnailUrl":"https:\/\/fliparas.com\/wp-content\/uploads\/2024\/03\/Drawing-of-Nude-Model-img.jpeg","datePublished":"2024-03-19T12:24:55+00:00","dateModified":"2025-01-31T10:30:07+00:00","description":"Zeichnung von Nacktmodell Mallorca. Aktmodell-Zeichnung auf Mallorca. Wenn Sie gerne Kunst und Sinnlichkeit mischen, ist dies die Aktivit\u00e4t f\u00fcr Sie!","breadcrumb":{"@id":"https:\/\/fliparas.com\/activity\/drawing-of-nude-model-mallorca\/#breadcrumb"},"inLanguage":"de","potentialAction":[{"@type":"ReadAction","target":["https:\/\/fliparas.com\/activity\/drawing-of-nude-model-mallorca\/"]}]},{"@type":"ImageObject","inLanguage":"de","@id":"https:\/\/fliparas.com\/activity\/drawing-of-nude-model-mallorca\/#primaryimage","url":"https:\/\/fliparas.com\/wp-content\/uploads\/2024\/03\/Drawing-of-Nude-Model-img.jpeg","contentUrl":"https:\/\/fliparas.com\/wp-content\/uploads\/2024\/03\/Drawing-of-Nude-Model-img.jpeg","width":1080,"height":1080},{"@type":"BreadcrumbList","@id":"https:\/\/fliparas.com\/activity\/drawing-of-nude-model-mallorca\/#breadcrumb","itemListElement":[{"@type":"ListItem","position":1,"name":"Home","item":"https:\/\/fliparas.com\/"},{"@type":"ListItem","position":2,"name":"Shop","item":"https:\/\/fliparas.com\/shop\/"},{"@type":"ListItem","position":3,"name":"Drawing of Nude Model Mallorca"}]},{"@type":"WebSite","@id":"https:\/\/fliparas.com\/#website","url":"https:\/\/fliparas.com\/","name":"Auf Junggesellen- und Junggesellinnenabschiede spezialisierte Agentur","description":"Vertrauen Sie der bestbewerteten Agentur, um einen unvergesslichen Junggesellenabschied in Europa zu organisieren","publisher":{"@id":"https:\/\/fliparas.com\/#organization"},"alternateName":"Fliparas Agency Specialised in Stag and Hen Parties","potentialAction":[{"@type":"SearchAction","target":{"@type":"EntryPoint","urlTemplate":"https:\/\/fliparas.com\/?s={search_term_string}"},"query-input":{"@type":"PropertyValueSpecification","valueRequired":true,"valueName":"search_term_string"}}],"inLanguage":"de"},{"@type":"Organization","@id":"https:\/\/fliparas.com\/#organization","name":"Fliparas","alternateName":"Agency Specialised in Stag and Hen Parties","url":"https:\/\/fliparas.com\/","logo":{"@type":"ImageObject","inLanguage":"de","@id":"https:\/\/fliparas.com\/#\/schema\/logo\/image\/","url":"https:\/\/fliparas.com\/wp-content\/uploads\/2024\/03\/Logo-Fliparas.png","contentUrl":"https:\/\/fliparas.com\/wp-content\/uploads\/2024\/03\/Logo-Fliparas.png","width":1024,"height":1024,"caption":"Fliparas"},"image":{"@id":"https:\/\/fliparas.com\/#\/schema\/logo\/image\/"}}]},"product_price_amount":"50.00","product_price_currency":"EUR","og_availability":"instock","product_availability":"instock","product_condition":"new"},"_links":{"self":[{"href":"https:\/\/fliparas.com\/de\/wp-json\/wp\/v2\/product\/495","targetHints":{"allow":["GET"]}}],"collection":[{"href":"https:\/\/fliparas.com\/de\/wp-json\/wp\/v2\/product"}],"about":[{"href":"https:\/\/fliparas.com\/de\/wp-json\/wp\/v2\/types\/product"}],"wp:featuredmedia":[{"embeddable":true,"href":"https:\/\/fliparas.com\/de\/wp-json\/wp\/v2\/media\/742"}],"wp:attachment":[{"href":"https:\/\/fliparas.com\/de\/wp-json\/wp\/v2\/media?parent=495"}],"wp:term":[{"taxonomy":"product_brand","embeddable":true,"href":"https:\/\/fliparas.com\/de\/wp-json\/wp\/v2\/product_brand?post=495"},{"taxonomy":"product_cat","embeddable":true,"href":"https:\/\/fliparas.com\/de\/wp-json\/wp\/v2\/product_cat?post=495"},{"taxonomy":"product_tag","embeddable":true,"href":"https:\/\/fliparas.com\/de\/wp-json\/wp\/v2\/product_tag?post=495"}],"curies":[{"name":"wp","href":"https:\/\/api.w.org\/{rel}","templated":true}]}}