{"id":496,"date":"2024-03-19T12:24:55","date_gmt":"2024-03-19T12:24:55","guid":{"rendered":"https:\/\/fliparas.com\/?post_type=product&#038;p=496"},"modified":"2025-01-31T11:30:07","modified_gmt":"2025-01-31T10:30:07","slug":"limousine-striptease-mallorca","status":"publish","type":"product","link":"https:\/\/fliparas.com\/de\/tatigkeit\/limousine-striptease-mallorca\/","title":{"rendered":"Limousine &amp; Striptease Mallorca"},"content":{"rendered":"<div>Limousine &amp; Striptease Mallorca. Eine Stunde Limousinenservice mit 2 Flaschen Cava inklusive und Striptease im Innenraum \"maximal 8 Pl\u00e4tze\". Sinnlichkeit und Luxus.<\/div>\n<div><\/div>\n<div>Die besten Junggesellenabschiede mit <a href=\"https:\/\/fliparas.com\/de\/junggesellenabschied\/\">Junggesellenabschied <\/a>!<\/div>\n<div><\/div>\n<h2 style=\"text-align: center;\">Limousine &amp; Striptease Mallorca<\/h2>\n<div>\ud83d\ude97 Erleben Sie Luxus mit unserem Limousinen- und Stripper-Service auf Mallorca! \ud83c\udf7e<\/div>\n<div><\/div>\n<div>Erleben Sie Glamour und Komfort, w\u00e4hrend Sie die wundersch\u00f6ne Insel Mallorca mit unserem exklusiven Limousinenservice erkunden. Eine Stunde lang werden Sie sich in der ger\u00e4umigen und eleganten Limousine nicht nur luxuri\u00f6s f\u00fchlen, sondern es wird auch ein M\u00e4dchen in der Limousine sein, damit Sie die Fahrt voll und ganz genie\u00dfen k\u00f6nnen...\u2728<\/div>\n<div><\/div>\n<div>Wenn die Fahrt in einer Limousine bereits ein Erlebnis ist, das Ihnen ein starkes Gef\u00fchl gibt, dann stellen Sie sich vor, Sie h\u00e4tten ein erotisches Spektakel im Inneren. Zwei Flaschen Cava und ein wundersch\u00f6nes, sp\u00e4rlich bekleidetes M\u00e4dchen inklusive... die Fahrt wird zur Luxusparty! Entspannen Sie sich, genie\u00dfen Sie die Gesellschaft und sto\u00dfen Sie stilvoll an, w\u00e4hrend Sie zu Ihren Lieblingszielen fahren. \ud83d\udd25<\/div>\n<div><\/div>\n<div>\n<p>Unser Limousinenservice ist darauf ausgerichtet, Ihren Aufenthalt auf Mallorca unvergesslich zu machen. Ob es sich um einen besonderen Anlass, einen Junggesellen- oder Junggesellinnenabschied oder einfach eine Klassenfahrt handelt, wir sind hier, um Ihre luxuri\u00f6sen Inseltr\u00e4ume wahr werden zu lassen. Genie\u00dfen Sie die S\u00fcnde auf der Insel mit Karriere und sexy Frau.\ud83c\udf34<\/p>\n<\/div>\n<div>Buchen Sie jetzt und lassen Sie sich von uns auf die n\u00e4chste Stufe der Sinnlichkeit und des Vergn\u00fcgens auf Mallorca bringen und entdecken Sie das Vergn\u00fcgen der Exklusivit\u00e4t beim Flanieren durch die Stra\u00dfen von Palma de Mallorca und Magaluf!<\/div>\n<div>\n<div style=\"text-align: center;\"><\/div>\n<div style=\"text-align: center;\">W\u00e4hlen Sie Sinnlichkeit, w\u00e4hlen Sie Luxus<\/div>\n<div style=\"text-align: center;\">Jetzt buchen Limousine &amp; Striptease <a href=\"https:\/\/es.wikipedia.org\/wiki\/Mallorca\">Mallorca<\/a>. \ud83d\udd25<\/div>\n<\/div>","protected":false},"excerpt":{"rendered":"<p>Limousine &amp; Striptease Mallorca. Eine Stunde Limousinenservice mit 2 Flaschen Cava inklusive und Striptease im Innenraum \"maximal 8 Pl\u00e4tze\". Sinnlichkeit und Luxus.<\/p>\n<p>MINDESTUMSATZ: 8 PERSONEN.<\/p>","protected":false},"featured_media":657,"template":"","meta":[],"product_brand":[425],"product_cat":[193,165,194],"product_tag":[190,191,192],"class_list":{"0":"post-496","1":"product","2":"type-product","3":"status-publish","4":"has-post-thumbnail","6":"product_brand-fliparas-inc","7":"product_cat-hen-party-mallorca","8":"product_cat-mallorca","9":"product_cat-stag-party-mallorca","10":"product_tag-limousine-striptease-mallorca","11":"product_tag-limousine-mallorca","12":"product_tag-striptease-mallorca","14":"first","15":"instock","16":"virtual","17":"sold-individually","18":"purchasable","19":"product-type-booking"},"yoast_head":"<!-- This site is optimized with the Yoast SEO plugin v26.9 - https:\/\/yoast.com\/product\/yoast-seo-wordpress\/ -->\n<title>Limousine &amp; Striptease Mallorca<\/title>\n<meta name=\"description\" content=\"Limousine &amp; Striptease Mallorca. One-hour limousine service with 2 bottles of cava included and striptease inside &quot;maximum 8 seats&quot;.\" \/>\n<meta name=\"robots\" content=\"index, follow, max-snippet:-1, max-image-preview:large, max-video-preview:-1\" \/>\n<link rel=\"canonical\" href=\"https:\/\/fliparas.com\/de\/tatigkeit\/limousine-striptease-mallorca\/\" \/>\n<meta property=\"og:locale\" content=\"de_DE\" \/>\n<meta property=\"og:type\" content=\"article\" \/>\n<meta property=\"og:title\" content=\"Limousine &amp; Striptease Mallorca\" \/>\n<meta property=\"og:description\" content=\"Limousine &amp; Striptease Mallorca. One-hour limousine service with 2 bottles of cava included and striptease inside &quot;maximum 8 seats&quot;.\" \/>\n<meta property=\"og:url\" content=\"https:\/\/fliparas.com\/de\/tatigkeit\/limousine-striptease-mallorca\/\" \/>\n<meta property=\"og:site_name\" content=\"Agency Specialised in Stag and Hen Parties\" \/>\n<meta property=\"article:modified_time\" content=\"2025-01-31T10:30:07+00:00\" \/>\n<meta property=\"og:image\" content=\"https:\/\/fliparas.com\/wp-content\/uploads\/2024\/03\/Striptease-Mallorca-VIP.jpg\" \/>\n\t<meta property=\"og:image:width\" content=\"1080\" \/>\n\t<meta property=\"og:image:height\" content=\"1080\" \/>\n\t<meta property=\"og:image:type\" content=\"image\/jpeg\" \/>\n<meta name=\"twitter:card\" content=\"summary_large_image\" \/>\n<meta name=\"twitter:label1\" content=\"Price\" \/>\n\t<meta name=\"twitter:data1\" content=\"70,00&nbsp;&euro;\" \/>\n\t<meta name=\"twitter:label2\" content=\"Availability\" \/>\n\t<meta name=\"twitter:data2\" content=\"In stock\" \/>\n<script type=\"application\/ld+json\" class=\"yoast-schema-graph\">{\"@context\":\"https:\/\/schema.org\",\"@graph\":[{\"@type\":\"WebPage\",\"@id\":\"https:\/\/fliparas.com\/activity\/limousine-striptease-mallorca\/\",\"url\":\"https:\/\/fliparas.com\/activity\/limousine-striptease-mallorca\/\",\"name\":\"Limousine & Striptease Mallorca\",\"isPartOf\":{\"@id\":\"https:\/\/fliparas.com\/#website\"},\"primaryImageOfPage\":{\"@id\":\"https:\/\/fliparas.com\/activity\/limousine-striptease-mallorca\/#primaryimage\"},\"image\":{\"@id\":\"https:\/\/fliparas.com\/activity\/limousine-striptease-mallorca\/#primaryimage\"},\"thumbnailUrl\":\"https:\/\/fliparas.com\/wp-content\/uploads\/2024\/03\/Striptease-Mallorca-VIP.jpg\",\"datePublished\":\"2024-03-19T12:24:55+00:00\",\"dateModified\":\"2025-01-31T10:30:07+00:00\",\"description\":\"Limousine & Striptease Mallorca. One-hour limousine service with 2 bottles of cava included and striptease inside \\\"maximum 8 seats\\\".\",\"breadcrumb\":{\"@id\":\"https:\/\/fliparas.com\/activity\/limousine-striptease-mallorca\/#breadcrumb\"},\"inLanguage\":\"de\",\"potentialAction\":[{\"@type\":\"ReadAction\",\"target\":[\"https:\/\/fliparas.com\/activity\/limousine-striptease-mallorca\/\"]}]},{\"@type\":\"ImageObject\",\"inLanguage\":\"de\",\"@id\":\"https:\/\/fliparas.com\/activity\/limousine-striptease-mallorca\/#primaryimage\",\"url\":\"https:\/\/fliparas.com\/wp-content\/uploads\/2024\/03\/Striptease-Mallorca-VIP.jpg\",\"contentUrl\":\"https:\/\/fliparas.com\/wp-content\/uploads\/2024\/03\/Striptease-Mallorca-VIP.jpg\",\"width\":1080,\"height\":1080},{\"@type\":\"BreadcrumbList\",\"@id\":\"https:\/\/fliparas.com\/activity\/limousine-striptease-mallorca\/#breadcrumb\",\"itemListElement\":[{\"@type\":\"ListItem\",\"position\":1,\"name\":\"Home\",\"item\":\"https:\/\/fliparas.com\/\"},{\"@type\":\"ListItem\",\"position\":2,\"name\":\"Shop\",\"item\":\"https:\/\/fliparas.com\/shop\/\"},{\"@type\":\"ListItem\",\"position\":3,\"name\":\"Limousine &#038; Striptease Mallorca\"}]},{\"@type\":\"WebSite\",\"@id\":\"https:\/\/fliparas.com\/#website\",\"url\":\"https:\/\/fliparas.com\/\",\"name\":\"Agency Specialised in Stag and Hen Parties\",\"description\":\"Trust the highest rated agency to organize an unforgettable stag and hen parties in Europe\",\"publisher\":{\"@id\":\"https:\/\/fliparas.com\/#organization\"},\"alternateName\":\"Fliparas Agency Specialised in Stag and Hen Parties\",\"potentialAction\":[{\"@type\":\"SearchAction\",\"target\":{\"@type\":\"EntryPoint\",\"urlTemplate\":\"https:\/\/fliparas.com\/?s={search_term_string}\"},\"query-input\":{\"@type\":\"PropertyValueSpecification\",\"valueRequired\":true,\"valueName\":\"search_term_string\"}}],\"inLanguage\":\"de\"},{\"@type\":\"Organization\",\"@id\":\"https:\/\/fliparas.com\/#organization\",\"name\":\"Fliparas\",\"alternateName\":\"Agency Specialised in Stag and Hen Parties\",\"url\":\"https:\/\/fliparas.com\/\",\"logo\":{\"@type\":\"ImageObject\",\"inLanguage\":\"de\",\"@id\":\"https:\/\/fliparas.com\/#\/schema\/logo\/image\/\",\"url\":\"https:\/\/fliparas.com\/wp-content\/uploads\/2024\/03\/Logo-Fliparas.png\",\"contentUrl\":\"https:\/\/fliparas.com\/wp-content\/uploads\/2024\/03\/Logo-Fliparas.png\",\"width\":1024,\"height\":1024,\"caption\":\"Fliparas\"},\"image\":{\"@id\":\"https:\/\/fliparas.com\/#\/schema\/logo\/image\/\"}}]}<\/script>\n<meta property=\"product:price:amount\" content=\"70.00\" \/>\n<meta property=\"product:price:currency\" content=\"EUR\" \/>\n<meta property=\"og:availability\" content=\"instock\" \/>\n<meta property=\"product:availability\" content=\"instock\" \/>\n<meta property=\"product:condition\" content=\"new\" \/>\n<!-- \/ Yoast SEO plugin. -->","yoast_head_json":{"title":"Limousine &amp; Striptease Mallorca","description":"Limousine &amp; Striptease Mallorca. Eine Stunde Limousinen-Service mit 2 Flaschen Cava inklusive und Striptease im Inneren \"maximal 8 Sitze\".","robots":{"index":"index","follow":"follow","max-snippet":"max-snippet:-1","max-image-preview":"max-image-preview:large","max-video-preview":"max-video-preview:-1"},"canonical":"https:\/\/fliparas.com\/de\/tatigkeit\/limousine-striptease-mallorca\/","og_locale":"de_DE","og_type":"article","og_title":"Limousine & Striptease Mallorca","og_description":"Limousine & Striptease Mallorca. One-hour limousine service with 2 bottles of cava included and striptease inside \"maximum 8 seats\".","og_url":"https:\/\/fliparas.com\/de\/tatigkeit\/limousine-striptease-mallorca\/","og_site_name":"Agency Specialised in Stag and Hen Parties","article_modified_time":"2025-01-31T10:30:07+00:00","og_image":[{"width":1080,"height":1080,"url":"https:\/\/fliparas.com\/wp-content\/uploads\/2024\/03\/Striptease-Mallorca-VIP.jpg","type":"image\/jpeg"}],"twitter_card":"summary_large_image","twitter_misc":{"Price":"70,00&nbsp;&euro;","Availability":"In stock"},"schema":{"@context":"https:\/\/schema.org","@graph":[{"@type":"WebPage","@id":"https:\/\/fliparas.com\/activity\/limousine-striptease-mallorca\/","url":"https:\/\/fliparas.com\/activity\/limousine-striptease-mallorca\/","name":"Limousine &amp; Striptease Mallorca","isPartOf":{"@id":"https:\/\/fliparas.com\/#website"},"primaryImageOfPage":{"@id":"https:\/\/fliparas.com\/activity\/limousine-striptease-mallorca\/#primaryimage"},"image":{"@id":"https:\/\/fliparas.com\/activity\/limousine-striptease-mallorca\/#primaryimage"},"thumbnailUrl":"https:\/\/fliparas.com\/wp-content\/uploads\/2024\/03\/Striptease-Mallorca-VIP.jpg","datePublished":"2024-03-19T12:24:55+00:00","dateModified":"2025-01-31T10:30:07+00:00","description":"Limousine &amp; Striptease Mallorca. Eine Stunde Limousinen-Service mit 2 Flaschen Cava inklusive und Striptease im Inneren \"maximal 8 Sitze\".","breadcrumb":{"@id":"https:\/\/fliparas.com\/activity\/limousine-striptease-mallorca\/#breadcrumb"},"inLanguage":"de","potentialAction":[{"@type":"ReadAction","target":["https:\/\/fliparas.com\/activity\/limousine-striptease-mallorca\/"]}]},{"@type":"ImageObject","inLanguage":"de","@id":"https:\/\/fliparas.com\/activity\/limousine-striptease-mallorca\/#primaryimage","url":"https:\/\/fliparas.com\/wp-content\/uploads\/2024\/03\/Striptease-Mallorca-VIP.jpg","contentUrl":"https:\/\/fliparas.com\/wp-content\/uploads\/2024\/03\/Striptease-Mallorca-VIP.jpg","width":1080,"height":1080},{"@type":"BreadcrumbList","@id":"https:\/\/fliparas.com\/activity\/limousine-striptease-mallorca\/#breadcrumb","itemListElement":[{"@type":"ListItem","position":1,"name":"Home","item":"https:\/\/fliparas.com\/"},{"@type":"ListItem","position":2,"name":"Shop","item":"https:\/\/fliparas.com\/shop\/"},{"@type":"ListItem","position":3,"name":"Limousine &#038; Striptease Mallorca"}]},{"@type":"WebSite","@id":"https:\/\/fliparas.com\/#website","url":"https:\/\/fliparas.com\/","name":"Auf Junggesellen- und Junggesellinnenabschiede spezialisierte Agentur","description":"Vertrauen Sie der bestbewerteten Agentur, um einen unvergesslichen Junggesellenabschied in Europa zu organisieren","publisher":{"@id":"https:\/\/fliparas.com\/#organization"},"alternateName":"Fliparas Agency Specialised in Stag and Hen Parties","potentialAction":[{"@type":"SearchAction","target":{"@type":"EntryPoint","urlTemplate":"https:\/\/fliparas.com\/?s={search_term_string}"},"query-input":{"@type":"PropertyValueSpecification","valueRequired":true,"valueName":"search_term_string"}}],"inLanguage":"de"},{"@type":"Organization","@id":"https:\/\/fliparas.com\/#organization","name":"Fliparas","alternateName":"Agency Specialised in Stag and Hen Parties","url":"https:\/\/fliparas.com\/","logo":{"@type":"ImageObject","inLanguage":"de","@id":"https:\/\/fliparas.com\/#\/schema\/logo\/image\/","url":"https:\/\/fliparas.com\/wp-content\/uploads\/2024\/03\/Logo-Fliparas.png","contentUrl":"https:\/\/fliparas.com\/wp-content\/uploads\/2024\/03\/Logo-Fliparas.png","width":1024,"height":1024,"caption":"Fliparas"},"image":{"@id":"https:\/\/fliparas.com\/#\/schema\/logo\/image\/"}}]},"product_price_amount":"70.00","product_price_currency":"EUR","og_availability":"instock","product_availability":"instock","product_condition":"new"},"_links":{"self":[{"href":"https:\/\/fliparas.com\/de\/wp-json\/wp\/v2\/product\/496","targetHints":{"allow":["GET"]}}],"collection":[{"href":"https:\/\/fliparas.com\/de\/wp-json\/wp\/v2\/product"}],"about":[{"href":"https:\/\/fliparas.com\/de\/wp-json\/wp\/v2\/types\/product"}],"wp:featuredmedia":[{"embeddable":true,"href":"https:\/\/fliparas.com\/de\/wp-json\/wp\/v2\/media\/657"}],"wp:attachment":[{"href":"https:\/\/fliparas.com\/de\/wp-json\/wp\/v2\/media?parent=496"}],"wp:term":[{"taxonomy":"product_brand","embeddable":true,"href":"https:\/\/fliparas.com\/de\/wp-json\/wp\/v2\/product_brand?post=496"},{"taxonomy":"product_cat","embeddable":true,"href":"https:\/\/fliparas.com\/de\/wp-json\/wp\/v2\/product_cat?post=496"},{"taxonomy":"product_tag","embeddable":true,"href":"https:\/\/fliparas.com\/de\/wp-json\/wp\/v2\/product_tag?post=496"}],"curies":[{"name":"wp","href":"https:\/\/api.w.org\/{rel}","templated":true}]}}