{"id":444,"date":"2024-03-19T12:24:08","date_gmt":"2024-03-19T12:24:08","guid":{"rendered":"https:\/\/fliparas.com\/?post_type=product&#038;p=444"},"modified":"2025-01-31T11:27:04","modified_gmt":"2025-01-31T10:27:04","slug":"catamaran-dinner-mallorca","status":"publish","type":"product","link":"https:\/\/fliparas.com\/en_us\/activity\/catamaran-dinner-mallorca\/","title":{"rendered":"Catamaran Dinner Mallorca"},"content":{"rendered":"<p>Catamaran Dinner Mallorca. What&#8217;s better than dinner on a boat along the coast of Palma de Mallorca?<\/p>\n<p>The best bachelor parties with <a href=\"https:\/\/fliparas.com\/en_us\/stag-party\/\">Stag Party<\/a>! <a href=\"https:\/\/fliparas.com\/en_us\/hen-party\/\">Hen Party<\/a>!<\/p>\n<h2 style=\"text-align: center;\">Catamaran Dinner Mallorca \ud83d\udea4<\/h2>\n<p style=\"text-align: center;\">MINIMUM SALE: 8 PEOPLE.<\/p>\n<h4>\ud83c\udf05 Explore the Wonder of the Sunset Aboard Our Catamaran! \u26f5\ud83c\udf7d\ufe0f<\/h4>\n<p>Embark on an unforgettable adventure in the heart of the Mediterranean with our four-hour sunset catamaran excursion, a magical experience that combines the natural beauty of Mallorca with a delicious culinary adventure.<\/p>\n<p>\ud83c\udfd6\ufe0f Glide along the turquoise beaches, contemplate the majesty of the Bay of Palma, and vibrate with the excitement of the catamaran crossing.<\/p>\n<p>\ud83c\udf79 During our stopover, a sumptuous buffet will be served. Our exquisite catering includes baskets of fresh bread, homemade ali-oli, pesto focaccia, and guacamole with crispy chips.<\/p>\n<p>\ud83e\udd57 Delight your taste buds with fresh salads such as smoked quinoa and beetroot, spinach and orange. Enjoy seafood delicacies such as smoked salmon wrap, caprese skewers and eggplant parmigiana.<\/p>\n<p>\ud83c\udf54 For meat lovers, discover our mini beef burgers and piadina with ham, arugula and cheese. For exotic flavors, don&#8217;t miss the chicken tikka masala skewer.<\/p>\n<p>\ud83c\udf6e And for dessert, mini-cr\u00e8me br\u00fbl\u00e9es with red fruits and an irresistible chocolate brownie (vegan option available).<\/p>\n<p>\ud83c\udf1f Book now for a sunset dining experience at <a href=\"https:\/\/es.wikipedia.org\/wiki\/Palma_de_Mallorca\">Palma<\/a>!<\/p>\n<p>\ud83d\udea2 Savor every moment on our expansive deck, tasting delicacies while enjoying the enchanting spectacle of the setting sun. An unforgettable gastronomic experience that merges with the magic of the sea in Mallorca to offer you eternal memories! \ud83c\udf05\ud83c\udf0a<\/p>","protected":false},"excerpt":{"rendered":"<p>Catamaran Dinner Mallorca. What&#8217;s better than dinner on a boat along the coast of Palma de Mallorca?<\/p>\n<p>MINIMUM SALE: 8 PEOPLE.<\/p>","protected":false},"featured_media":845,"template":"","meta":[],"product_brand":[425],"product_cat":[193,165,194],"product_tag":[232,231],"class_list":{"0":"post-444","1":"product","2":"type-product","3":"status-publish","4":"has-post-thumbnail","6":"product_brand-fliparas-inc","7":"product_cat-hen-party-mallorca","8":"product_cat-mallorca","9":"product_cat-stag-party-mallorca","10":"product_tag-catamaran-dinner","11":"product_tag-catamaran-dinner-mallorca","13":"first","14":"instock","15":"virtual","16":"sold-individually","17":"purchasable","18":"product-type-booking"},"yoast_head":"<!-- This site is optimized with the Yoast SEO plugin v26.9 - https:\/\/yoast.com\/product\/yoast-seo-wordpress\/ -->\n<title>Catamaran Dinner Mallorca<\/title>\n<meta name=\"description\" content=\"Catamaran Dinner Mallorca. What&#039;s better than dinner on a boat along the coast of Palma de Mallorca? Four o&#039;clock in the evening with dinner.\" \/>\n<meta name=\"robots\" content=\"index, follow, max-snippet:-1, max-image-preview:large, max-video-preview:-1\" \/>\n<link rel=\"canonical\" href=\"https:\/\/fliparas.com\/en_us\/activity\/catamaran-dinner-mallorca\/\" \/>\n<meta property=\"og:locale\" content=\"en_US\" \/>\n<meta property=\"og:type\" content=\"article\" \/>\n<meta property=\"og:title\" content=\"Catamaran Dinner Mallorca\" \/>\n<meta property=\"og:description\" content=\"Catamaran Dinner Mallorca. What&#039;s better than dinner on a boat along the coast of Palma de Mallorca? Four o&#039;clock in the evening with dinner.\" \/>\n<meta property=\"og:url\" content=\"https:\/\/fliparas.com\/en_us\/activity\/catamaran-dinner-mallorca\/\" \/>\n<meta property=\"og:site_name\" content=\"Agency Specialised in Stag and Hen Parties\" \/>\n<meta property=\"article:modified_time\" content=\"2025-01-31T10:27:04+00:00\" \/>\n<meta property=\"og:image\" content=\"https:\/\/fliparas.com\/wp-content\/uploads\/2024\/03\/Catamaran-Dinner-img.jpeg\" \/>\n\t<meta property=\"og:image:width\" content=\"1024\" \/>\n\t<meta property=\"og:image:height\" content=\"1024\" \/>\n\t<meta property=\"og:image:type\" content=\"image\/jpeg\" \/>\n<meta name=\"twitter:card\" content=\"summary_large_image\" \/>\n<meta name=\"twitter:label1\" content=\"Price\" \/>\n\t<meta name=\"twitter:data1\" content=\"55,00&nbsp;&euro;\" \/>\n\t<meta name=\"twitter:label2\" content=\"Availability\" \/>\n\t<meta name=\"twitter:data2\" content=\"In stock\" \/>\n<script type=\"application\/ld+json\" class=\"yoast-schema-graph\">{\"@context\":\"https:\/\/schema.org\",\"@graph\":[{\"@type\":\"WebPage\",\"@id\":\"https:\/\/fliparas.com\/activity\/catamaran-dinner-mallorca\/\",\"url\":\"https:\/\/fliparas.com\/activity\/catamaran-dinner-mallorca\/\",\"name\":\"Catamaran Dinner Mallorca\",\"isPartOf\":{\"@id\":\"https:\/\/fliparas.com\/#website\"},\"primaryImageOfPage\":{\"@id\":\"https:\/\/fliparas.com\/activity\/catamaran-dinner-mallorca\/#primaryimage\"},\"image\":{\"@id\":\"https:\/\/fliparas.com\/activity\/catamaran-dinner-mallorca\/#primaryimage\"},\"thumbnailUrl\":\"https:\/\/fliparas.com\/wp-content\/uploads\/2024\/03\/Catamaran-Dinner-img.jpeg\",\"datePublished\":\"2024-03-19T12:24:08+00:00\",\"dateModified\":\"2025-01-31T10:27:04+00:00\",\"description\":\"Catamaran Dinner Mallorca. What's better than dinner on a boat along the coast of Palma de Mallorca? Four o'clock in the evening with dinner.\",\"breadcrumb\":{\"@id\":\"https:\/\/fliparas.com\/activity\/catamaran-dinner-mallorca\/#breadcrumb\"},\"inLanguage\":\"en-US\",\"potentialAction\":[{\"@type\":\"ReadAction\",\"target\":[\"https:\/\/fliparas.com\/activity\/catamaran-dinner-mallorca\/\"]}]},{\"@type\":\"ImageObject\",\"inLanguage\":\"en-US\",\"@id\":\"https:\/\/fliparas.com\/activity\/catamaran-dinner-mallorca\/#primaryimage\",\"url\":\"https:\/\/fliparas.com\/wp-content\/uploads\/2024\/03\/Catamaran-Dinner-img.jpeg\",\"contentUrl\":\"https:\/\/fliparas.com\/wp-content\/uploads\/2024\/03\/Catamaran-Dinner-img.jpeg\",\"width\":1024,\"height\":1024},{\"@type\":\"BreadcrumbList\",\"@id\":\"https:\/\/fliparas.com\/activity\/catamaran-dinner-mallorca\/#breadcrumb\",\"itemListElement\":[{\"@type\":\"ListItem\",\"position\":1,\"name\":\"Home\",\"item\":\"https:\/\/fliparas.com\/\"},{\"@type\":\"ListItem\",\"position\":2,\"name\":\"Shop\",\"item\":\"https:\/\/fliparas.com\/shop\/\"},{\"@type\":\"ListItem\",\"position\":3,\"name\":\"Catamaran Dinner Mallorca\"}]},{\"@type\":\"WebSite\",\"@id\":\"https:\/\/fliparas.com\/#website\",\"url\":\"https:\/\/fliparas.com\/\",\"name\":\"Agency Specialised in Stag and Hen Parties\",\"description\":\"Trust the highest rated agency to organize an unforgettable stag and hen parties in Europe\",\"publisher\":{\"@id\":\"https:\/\/fliparas.com\/#organization\"},\"alternateName\":\"Fliparas Agency Specialised in Stag and Hen Parties\",\"potentialAction\":[{\"@type\":\"SearchAction\",\"target\":{\"@type\":\"EntryPoint\",\"urlTemplate\":\"https:\/\/fliparas.com\/?s={search_term_string}\"},\"query-input\":{\"@type\":\"PropertyValueSpecification\",\"valueRequired\":true,\"valueName\":\"search_term_string\"}}],\"inLanguage\":\"en-US\"},{\"@type\":\"Organization\",\"@id\":\"https:\/\/fliparas.com\/#organization\",\"name\":\"Fliparas\",\"alternateName\":\"Agency Specialised in Stag and Hen Parties\",\"url\":\"https:\/\/fliparas.com\/\",\"logo\":{\"@type\":\"ImageObject\",\"inLanguage\":\"en-US\",\"@id\":\"https:\/\/fliparas.com\/#\/schema\/logo\/image\/\",\"url\":\"https:\/\/fliparas.com\/wp-content\/uploads\/2024\/03\/Logo-Fliparas.png\",\"contentUrl\":\"https:\/\/fliparas.com\/wp-content\/uploads\/2024\/03\/Logo-Fliparas.png\",\"width\":1024,\"height\":1024,\"caption\":\"Fliparas\"},\"image\":{\"@id\":\"https:\/\/fliparas.com\/#\/schema\/logo\/image\/\"}}]}<\/script>\n<meta property=\"product:price:amount\" content=\"55.00\" \/>\n<meta property=\"product:price:currency\" content=\"EUR\" \/>\n<meta property=\"og:availability\" content=\"instock\" \/>\n<meta property=\"product:availability\" content=\"instock\" \/>\n<meta property=\"product:condition\" content=\"new\" \/>\n<!-- \/ Yoast SEO plugin. -->","yoast_head_json":{"title":"Catamaran Dinner Mallorca","description":"Catamaran Dinner Mallorca. What's better than dinner on a boat along the coast of Palma de Mallorca? Four o'clock in the evening with dinner.","robots":{"index":"index","follow":"follow","max-snippet":"max-snippet:-1","max-image-preview":"max-image-preview:large","max-video-preview":"max-video-preview:-1"},"canonical":"https:\/\/fliparas.com\/en_us\/activity\/catamaran-dinner-mallorca\/","og_locale":"en_US","og_type":"article","og_title":"Catamaran Dinner Mallorca","og_description":"Catamaran Dinner Mallorca. What's better than dinner on a boat along the coast of Palma de Mallorca? Four o'clock in the evening with dinner.","og_url":"https:\/\/fliparas.com\/en_us\/activity\/catamaran-dinner-mallorca\/","og_site_name":"Agency Specialised in Stag and Hen Parties","article_modified_time":"2025-01-31T10:27:04+00:00","og_image":[{"width":1024,"height":1024,"url":"https:\/\/fliparas.com\/wp-content\/uploads\/2024\/03\/Catamaran-Dinner-img.jpeg","type":"image\/jpeg"}],"twitter_card":"summary_large_image","twitter_misc":{"Price":"55,00&nbsp;&euro;","Availability":"In stock"},"schema":{"@context":"https:\/\/schema.org","@graph":[{"@type":"WebPage","@id":"https:\/\/fliparas.com\/activity\/catamaran-dinner-mallorca\/","url":"https:\/\/fliparas.com\/activity\/catamaran-dinner-mallorca\/","name":"Catamaran Dinner Mallorca","isPartOf":{"@id":"https:\/\/fliparas.com\/#website"},"primaryImageOfPage":{"@id":"https:\/\/fliparas.com\/activity\/catamaran-dinner-mallorca\/#primaryimage"},"image":{"@id":"https:\/\/fliparas.com\/activity\/catamaran-dinner-mallorca\/#primaryimage"},"thumbnailUrl":"https:\/\/fliparas.com\/wp-content\/uploads\/2024\/03\/Catamaran-Dinner-img.jpeg","datePublished":"2024-03-19T12:24:08+00:00","dateModified":"2025-01-31T10:27:04+00:00","description":"Catamaran Dinner Mallorca. What's better than dinner on a boat along the coast of Palma de Mallorca? Four o'clock in the evening with dinner.","breadcrumb":{"@id":"https:\/\/fliparas.com\/activity\/catamaran-dinner-mallorca\/#breadcrumb"},"inLanguage":"en-US","potentialAction":[{"@type":"ReadAction","target":["https:\/\/fliparas.com\/activity\/catamaran-dinner-mallorca\/"]}]},{"@type":"ImageObject","inLanguage":"en-US","@id":"https:\/\/fliparas.com\/activity\/catamaran-dinner-mallorca\/#primaryimage","url":"https:\/\/fliparas.com\/wp-content\/uploads\/2024\/03\/Catamaran-Dinner-img.jpeg","contentUrl":"https:\/\/fliparas.com\/wp-content\/uploads\/2024\/03\/Catamaran-Dinner-img.jpeg","width":1024,"height":1024},{"@type":"BreadcrumbList","@id":"https:\/\/fliparas.com\/activity\/catamaran-dinner-mallorca\/#breadcrumb","itemListElement":[{"@type":"ListItem","position":1,"name":"Home","item":"https:\/\/fliparas.com\/"},{"@type":"ListItem","position":2,"name":"Shop","item":"https:\/\/fliparas.com\/shop\/"},{"@type":"ListItem","position":3,"name":"Catamaran Dinner Mallorca"}]},{"@type":"WebSite","@id":"https:\/\/fliparas.com\/#website","url":"https:\/\/fliparas.com\/","name":"Agency Specialised in Stag and Hen Parties","description":"Trust the highest rated agency to organize an unforgettable stag and hen parties in Europe","publisher":{"@id":"https:\/\/fliparas.com\/#organization"},"alternateName":"Fliparas Agency Specialised in Stag and Hen Parties","potentialAction":[{"@type":"SearchAction","target":{"@type":"EntryPoint","urlTemplate":"https:\/\/fliparas.com\/?s={search_term_string}"},"query-input":{"@type":"PropertyValueSpecification","valueRequired":true,"valueName":"search_term_string"}}],"inLanguage":"en-US"},{"@type":"Organization","@id":"https:\/\/fliparas.com\/#organization","name":"Fliparas","alternateName":"Agency Specialised in Stag and Hen Parties","url":"https:\/\/fliparas.com\/","logo":{"@type":"ImageObject","inLanguage":"en-US","@id":"https:\/\/fliparas.com\/#\/schema\/logo\/image\/","url":"https:\/\/fliparas.com\/wp-content\/uploads\/2024\/03\/Logo-Fliparas.png","contentUrl":"https:\/\/fliparas.com\/wp-content\/uploads\/2024\/03\/Logo-Fliparas.png","width":1024,"height":1024,"caption":"Fliparas"},"image":{"@id":"https:\/\/fliparas.com\/#\/schema\/logo\/image\/"}}]},"product_price_amount":"55.00","product_price_currency":"EUR","og_availability":"instock","product_availability":"instock","product_condition":"new"},"_links":{"self":[{"href":"https:\/\/fliparas.com\/en_us\/wp-json\/wp\/v2\/product\/444","targetHints":{"allow":["GET"]}}],"collection":[{"href":"https:\/\/fliparas.com\/en_us\/wp-json\/wp\/v2\/product"}],"about":[{"href":"https:\/\/fliparas.com\/en_us\/wp-json\/wp\/v2\/types\/product"}],"wp:featuredmedia":[{"embeddable":true,"href":"https:\/\/fliparas.com\/en_us\/wp-json\/wp\/v2\/media\/845"}],"wp:attachment":[{"href":"https:\/\/fliparas.com\/en_us\/wp-json\/wp\/v2\/media?parent=444"}],"wp:term":[{"taxonomy":"product_brand","embeddable":true,"href":"https:\/\/fliparas.com\/en_us\/wp-json\/wp\/v2\/product_brand?post=444"},{"taxonomy":"product_cat","embeddable":true,"href":"https:\/\/fliparas.com\/en_us\/wp-json\/wp\/v2\/product_cat?post=444"},{"taxonomy":"product_tag","embeddable":true,"href":"https:\/\/fliparas.com\/en_us\/wp-json\/wp\/v2\/product_tag?post=444"}],"curies":[{"name":"wp","href":"https:\/\/api.w.org\/{rel}","templated":true}]}}