{"id":445,"date":"2024-03-19T12:24:08","date_gmt":"2024-03-19T12:24:08","guid":{"rendered":"https:\/\/fliparas.com\/?post_type=product&#038;p=445"},"modified":"2025-01-31T11:27:04","modified_gmt":"2025-01-31T10:27:04","slug":"lunch-on-boat-mallorca","status":"publish","type":"product","link":"https:\/\/fliparas.com\/en_us\/activity\/lunch-on-boat-mallorca\/","title":{"rendered":"Lunch on boat Mallorca"},"content":{"rendered":"<p>Lunch on boat in Mallorca. Enjoy a five-hour boat tour with music and lunch included.<\/p>\n<p>The best bachelor parties with <a href=\"https:\/\/fliparas.com\/en_us\/stag-party\/\">Stag Party<\/a>! <a href=\"https:\/\/fliparas.com\/en_us\/hen-party\/\">Hen Party<\/a>!<\/p>\n<h2 style=\"text-align: center;\">Lunch on boat in Mallorca \ud83c\udf7d\ufe0f<\/h2>\n<h4>\ud83c\udf0a Explore the Delights of the Catamaran in the Heart of the Mediterranean! \u26f5\ud83c\udf7d\ufe0f<\/h4>\n<p>Embark on a 5-hour catamaran escape, starting at 10am from the port, a sea adventure that combines relaxation, exploration and a unique gastronomic experience.<\/p>\n<p>\ud83c\udfb6 Experience a crossing to music, sunbathe on the deck, admire the coastal landscape, dance to the rhythm of the waves or simply enjoy sailing in the open air.<\/p>\n<p>\ud83c\udfdd\ufe0f We will anchor in the crystal clear waters of Cala Blava, providing a perfect opportunity to explore the underwater riches, swim, snorkel or simply relax in the sun on the foredeck nets.<\/p>\n<p>\ud83c\udf7d\ufe0f Enjoy an exceptional dining experience on the high seas. Our exquisite catering includes fresh bread baskets, homemade ali-oli, pesto focaccia, and guacamole with crispy chips.<\/p>\n<p>\ud83e\udd57 Delight your taste buds with fresh salads such as smoked quinoa and beetroot, spinach and orange. Enjoy seafood delicacies such as smoked salmon wrap, caprese skewers and eggplant parmigiana.<\/p>\n<p>\ud83c\udf54 For meat lovers, discover our mini beef burgers and piadina with ham, arugula and cheese. For exotic flavors, don&#8217;t miss the chicken tikka masala skewer.<\/p>\n<p>\ud83c\udf6e And for dessert, mini-cr\u00e8me br\u00fbl\u00e9es with red fruits and an irresistible chocolate brownie (vegan option available).<\/p>\n<p>\ud83c\udf1f Book now for a memorable day at sea!<\/p>\n<p>\ud83d\udea4 Savor every moment of this unique getaway that combines relaxation, adventure and gastronomic delights in the heart of the Mediterranean. An unforgettable catamaran experience in Palma de Mallorc awaits you! \ud83c\udf1e\ud83c\udf0a<\/p>","protected":false},"excerpt":{"rendered":"<p>Lunch on boat in Mallorca. Enjoy a five-hour boat tour with music and lunch included.<\/p>","protected":false},"featured_media":848,"template":"","meta":[],"product_brand":[425],"product_cat":[193,165,194],"product_tag":[234,233],"class_list":{"0":"post-445","1":"product","2":"type-product","3":"status-publish","4":"has-post-thumbnail","6":"product_brand-fliparas-inc","7":"product_cat-hen-party-mallorca","8":"product_cat-mallorca","9":"product_cat-stag-party-mallorca","10":"product_tag-lunch-on-boat","11":"product_tag-lunch-on-boat-mallorca","13":"first","14":"instock","15":"virtual","16":"sold-individually","17":"purchasable","18":"product-type-booking"},"yoast_head":"<!-- This site is optimized with the Yoast SEO plugin v26.9 - https:\/\/yoast.com\/product\/yoast-seo-wordpress\/ -->\n<title>Lunch on boat Mallorca<\/title>\n<meta name=\"description\" content=\"Lunch on boat in Mallorca. Enjoy a five-hour boat tour with music and lunch included. Launch in Catamaran Mallorca\" \/>\n<meta name=\"robots\" content=\"index, follow, max-snippet:-1, max-image-preview:large, max-video-preview:-1\" \/>\n<link rel=\"canonical\" href=\"https:\/\/fliparas.com\/en_us\/activity\/lunch-on-boat-mallorca\/\" \/>\n<meta property=\"og:locale\" content=\"en_US\" \/>\n<meta property=\"og:type\" content=\"article\" \/>\n<meta property=\"og:title\" content=\"Lunch on boat Mallorca\" \/>\n<meta property=\"og:description\" content=\"Lunch on boat in Mallorca. Enjoy a five-hour boat tour with music and lunch included. Launch in Catamaran Mallorca\" \/>\n<meta property=\"og:url\" content=\"https:\/\/fliparas.com\/en_us\/activity\/lunch-on-boat-mallorca\/\" \/>\n<meta property=\"og:site_name\" content=\"Agency Specialised in Stag and Hen Parties\" \/>\n<meta property=\"article:modified_time\" content=\"2025-01-31T10:27:04+00:00\" \/>\n<meta property=\"og:image\" content=\"https:\/\/fliparas.com\/wp-content\/uploads\/2024\/03\/Lunch-on-boat-img.jpeg\" \/>\n\t<meta property=\"og:image:width\" content=\"1024\" \/>\n\t<meta property=\"og:image:height\" content=\"1024\" \/>\n\t<meta property=\"og:image:type\" content=\"image\/jpeg\" \/>\n<meta name=\"twitter:card\" content=\"summary_large_image\" \/>\n<meta name=\"twitter:label1\" content=\"Price\" \/>\n\t<meta name=\"twitter:data1\" content=\"88,00&nbsp;&euro;\" \/>\n\t<meta name=\"twitter:label2\" content=\"Availability\" \/>\n\t<meta name=\"twitter:data2\" content=\"In stock\" \/>\n<script type=\"application\/ld+json\" class=\"yoast-schema-graph\">{\"@context\":\"https:\/\/schema.org\",\"@graph\":[{\"@type\":\"WebPage\",\"@id\":\"https:\/\/fliparas.com\/activity\/lunch-on-boat-mallorca\/\",\"url\":\"https:\/\/fliparas.com\/activity\/lunch-on-boat-mallorca\/\",\"name\":\"Lunch on boat Mallorca\",\"isPartOf\":{\"@id\":\"https:\/\/fliparas.com\/#website\"},\"primaryImageOfPage\":{\"@id\":\"https:\/\/fliparas.com\/activity\/lunch-on-boat-mallorca\/#primaryimage\"},\"image\":{\"@id\":\"https:\/\/fliparas.com\/activity\/lunch-on-boat-mallorca\/#primaryimage\"},\"thumbnailUrl\":\"https:\/\/fliparas.com\/wp-content\/uploads\/2024\/03\/Lunch-on-boat-img.jpeg\",\"datePublished\":\"2024-03-19T12:24:08+00:00\",\"dateModified\":\"2025-01-31T10:27:04+00:00\",\"description\":\"Lunch on boat in Mallorca. Enjoy a five-hour boat tour with music and lunch included. Launch in Catamaran Mallorca\",\"breadcrumb\":{\"@id\":\"https:\/\/fliparas.com\/activity\/lunch-on-boat-mallorca\/#breadcrumb\"},\"inLanguage\":\"en-US\",\"potentialAction\":[{\"@type\":\"ReadAction\",\"target\":[\"https:\/\/fliparas.com\/activity\/lunch-on-boat-mallorca\/\"]}]},{\"@type\":\"ImageObject\",\"inLanguage\":\"en-US\",\"@id\":\"https:\/\/fliparas.com\/activity\/lunch-on-boat-mallorca\/#primaryimage\",\"url\":\"https:\/\/fliparas.com\/wp-content\/uploads\/2024\/03\/Lunch-on-boat-img.jpeg\",\"contentUrl\":\"https:\/\/fliparas.com\/wp-content\/uploads\/2024\/03\/Lunch-on-boat-img.jpeg\",\"width\":1024,\"height\":1024},{\"@type\":\"BreadcrumbList\",\"@id\":\"https:\/\/fliparas.com\/activity\/lunch-on-boat-mallorca\/#breadcrumb\",\"itemListElement\":[{\"@type\":\"ListItem\",\"position\":1,\"name\":\"Home\",\"item\":\"https:\/\/fliparas.com\/\"},{\"@type\":\"ListItem\",\"position\":2,\"name\":\"Shop\",\"item\":\"https:\/\/fliparas.com\/shop\/\"},{\"@type\":\"ListItem\",\"position\":3,\"name\":\"Lunch on boat Mallorca\"}]},{\"@type\":\"WebSite\",\"@id\":\"https:\/\/fliparas.com\/#website\",\"url\":\"https:\/\/fliparas.com\/\",\"name\":\"Agency Specialised in Stag and Hen Parties\",\"description\":\"Trust the highest rated agency to organize an unforgettable stag and hen parties in Europe\",\"publisher\":{\"@id\":\"https:\/\/fliparas.com\/#organization\"},\"alternateName\":\"Fliparas Agency Specialised in Stag and Hen Parties\",\"potentialAction\":[{\"@type\":\"SearchAction\",\"target\":{\"@type\":\"EntryPoint\",\"urlTemplate\":\"https:\/\/fliparas.com\/?s={search_term_string}\"},\"query-input\":{\"@type\":\"PropertyValueSpecification\",\"valueRequired\":true,\"valueName\":\"search_term_string\"}}],\"inLanguage\":\"en-US\"},{\"@type\":\"Organization\",\"@id\":\"https:\/\/fliparas.com\/#organization\",\"name\":\"Fliparas\",\"alternateName\":\"Agency Specialised in Stag and Hen Parties\",\"url\":\"https:\/\/fliparas.com\/\",\"logo\":{\"@type\":\"ImageObject\",\"inLanguage\":\"en-US\",\"@id\":\"https:\/\/fliparas.com\/#\/schema\/logo\/image\/\",\"url\":\"https:\/\/fliparas.com\/wp-content\/uploads\/2024\/03\/Logo-Fliparas.png\",\"contentUrl\":\"https:\/\/fliparas.com\/wp-content\/uploads\/2024\/03\/Logo-Fliparas.png\",\"width\":1024,\"height\":1024,\"caption\":\"Fliparas\"},\"image\":{\"@id\":\"https:\/\/fliparas.com\/#\/schema\/logo\/image\/\"}}]}<\/script>\n<meta property=\"product:price:amount\" content=\"88.00\" \/>\n<meta property=\"product:price:currency\" content=\"EUR\" \/>\n<meta property=\"og:availability\" content=\"instock\" \/>\n<meta property=\"product:availability\" content=\"instock\" \/>\n<meta property=\"product:condition\" content=\"new\" \/>\n<!-- \/ Yoast SEO plugin. -->","yoast_head_json":{"title":"Lunch on boat Mallorca","description":"Lunch on boat in Mallorca. Enjoy a five-hour boat tour with music and lunch included. Launch in Catamaran Mallorca","robots":{"index":"index","follow":"follow","max-snippet":"max-snippet:-1","max-image-preview":"max-image-preview:large","max-video-preview":"max-video-preview:-1"},"canonical":"https:\/\/fliparas.com\/en_us\/activity\/lunch-on-boat-mallorca\/","og_locale":"en_US","og_type":"article","og_title":"Lunch on boat Mallorca","og_description":"Lunch on boat in Mallorca. Enjoy a five-hour boat tour with music and lunch included. Launch in Catamaran Mallorca","og_url":"https:\/\/fliparas.com\/en_us\/activity\/lunch-on-boat-mallorca\/","og_site_name":"Agency Specialised in Stag and Hen Parties","article_modified_time":"2025-01-31T10:27:04+00:00","og_image":[{"width":1024,"height":1024,"url":"https:\/\/fliparas.com\/wp-content\/uploads\/2024\/03\/Lunch-on-boat-img.jpeg","type":"image\/jpeg"}],"twitter_card":"summary_large_image","twitter_misc":{"Price":"88,00&nbsp;&euro;","Availability":"In stock"},"schema":{"@context":"https:\/\/schema.org","@graph":[{"@type":"WebPage","@id":"https:\/\/fliparas.com\/activity\/lunch-on-boat-mallorca\/","url":"https:\/\/fliparas.com\/activity\/lunch-on-boat-mallorca\/","name":"Lunch on boat Mallorca","isPartOf":{"@id":"https:\/\/fliparas.com\/#website"},"primaryImageOfPage":{"@id":"https:\/\/fliparas.com\/activity\/lunch-on-boat-mallorca\/#primaryimage"},"image":{"@id":"https:\/\/fliparas.com\/activity\/lunch-on-boat-mallorca\/#primaryimage"},"thumbnailUrl":"https:\/\/fliparas.com\/wp-content\/uploads\/2024\/03\/Lunch-on-boat-img.jpeg","datePublished":"2024-03-19T12:24:08+00:00","dateModified":"2025-01-31T10:27:04+00:00","description":"Lunch on boat in Mallorca. Enjoy a five-hour boat tour with music and lunch included. Launch in Catamaran Mallorca","breadcrumb":{"@id":"https:\/\/fliparas.com\/activity\/lunch-on-boat-mallorca\/#breadcrumb"},"inLanguage":"en-US","potentialAction":[{"@type":"ReadAction","target":["https:\/\/fliparas.com\/activity\/lunch-on-boat-mallorca\/"]}]},{"@type":"ImageObject","inLanguage":"en-US","@id":"https:\/\/fliparas.com\/activity\/lunch-on-boat-mallorca\/#primaryimage","url":"https:\/\/fliparas.com\/wp-content\/uploads\/2024\/03\/Lunch-on-boat-img.jpeg","contentUrl":"https:\/\/fliparas.com\/wp-content\/uploads\/2024\/03\/Lunch-on-boat-img.jpeg","width":1024,"height":1024},{"@type":"BreadcrumbList","@id":"https:\/\/fliparas.com\/activity\/lunch-on-boat-mallorca\/#breadcrumb","itemListElement":[{"@type":"ListItem","position":1,"name":"Home","item":"https:\/\/fliparas.com\/"},{"@type":"ListItem","position":2,"name":"Shop","item":"https:\/\/fliparas.com\/shop\/"},{"@type":"ListItem","position":3,"name":"Lunch on boat Mallorca"}]},{"@type":"WebSite","@id":"https:\/\/fliparas.com\/#website","url":"https:\/\/fliparas.com\/","name":"Agency Specialised in Stag and Hen Parties","description":"Trust the highest rated agency to organize an unforgettable stag and hen parties in Europe","publisher":{"@id":"https:\/\/fliparas.com\/#organization"},"alternateName":"Fliparas Agency Specialised in Stag and Hen Parties","potentialAction":[{"@type":"SearchAction","target":{"@type":"EntryPoint","urlTemplate":"https:\/\/fliparas.com\/?s={search_term_string}"},"query-input":{"@type":"PropertyValueSpecification","valueRequired":true,"valueName":"search_term_string"}}],"inLanguage":"en-US"},{"@type":"Organization","@id":"https:\/\/fliparas.com\/#organization","name":"Fliparas","alternateName":"Agency Specialised in Stag and Hen Parties","url":"https:\/\/fliparas.com\/","logo":{"@type":"ImageObject","inLanguage":"en-US","@id":"https:\/\/fliparas.com\/#\/schema\/logo\/image\/","url":"https:\/\/fliparas.com\/wp-content\/uploads\/2024\/03\/Logo-Fliparas.png","contentUrl":"https:\/\/fliparas.com\/wp-content\/uploads\/2024\/03\/Logo-Fliparas.png","width":1024,"height":1024,"caption":"Fliparas"},"image":{"@id":"https:\/\/fliparas.com\/#\/schema\/logo\/image\/"}}]},"product_price_amount":"88.00","product_price_currency":"EUR","og_availability":"instock","product_availability":"instock","product_condition":"new"},"_links":{"self":[{"href":"https:\/\/fliparas.com\/en_us\/wp-json\/wp\/v2\/product\/445","targetHints":{"allow":["GET"]}}],"collection":[{"href":"https:\/\/fliparas.com\/en_us\/wp-json\/wp\/v2\/product"}],"about":[{"href":"https:\/\/fliparas.com\/en_us\/wp-json\/wp\/v2\/types\/product"}],"wp:featuredmedia":[{"embeddable":true,"href":"https:\/\/fliparas.com\/en_us\/wp-json\/wp\/v2\/media\/848"}],"wp:attachment":[{"href":"https:\/\/fliparas.com\/en_us\/wp-json\/wp\/v2\/media?parent=445"}],"wp:term":[{"taxonomy":"product_brand","embeddable":true,"href":"https:\/\/fliparas.com\/en_us\/wp-json\/wp\/v2\/product_brand?post=445"},{"taxonomy":"product_cat","embeddable":true,"href":"https:\/\/fliparas.com\/en_us\/wp-json\/wp\/v2\/product_cat?post=445"},{"taxonomy":"product_tag","embeddable":true,"href":"https:\/\/fliparas.com\/en_us\/wp-json\/wp\/v2\/product_tag?post=445"}],"curies":[{"name":"wp","href":"https:\/\/api.w.org\/{rel}","templated":true}]}}