{"id":10,"date":"2024-03-26T09:22:57","date_gmt":"2024-03-26T09:22:57","guid":{"rendered":"https:\/\/fliparas.com\/?page_id=10"},"modified":"2024-03-26T09:26:41","modified_gmt":"2024-03-26T09:26:41","slug":"remboursements","status":"publish","type":"page","link":"https:\/\/fliparas.com\/fr\/remboursements\/","title":{"rendered":"Politique de remboursement et de retour"},"content":{"rendered":"<p>&nbsp;<\/p>\r\n\r\n\r\n\r\n<h3>Vue d'ensemble<\/h3>\r\n\r\n\r\n\r\n<p>Notre politique de remboursement et de retour dure 15 jours. Si 15 jours se sont \u00e9coul\u00e9s depuis votre achat, nous ne pouvons pas vous offrir un remboursement complet ou un \u00e9change.<\/p>\r\n\r\n\r\n\r\n<p>Pour pouvoir \u00eatre retourn\u00e9, votre article doit \u00eatre inutilis\u00e9 et dans le m\u00eame \u00e9tat que celui dans lequel vous l'avez re\u00e7u. Il doit \u00e9galement \u00eatre dans son emballage d'origine.<\/p>\r\n\r\n\r\n\r\n<p>Plusieurs types de marchandises ne peuvent pas \u00eatre retourn\u00e9s. Les produits p\u00e9rissables tels que la nourriture, les fleurs, les journaux ou les magazines ne peuvent pas \u00eatre retourn\u00e9s. Nous n'acceptons pas non plus les produits intimes ou sanitaires, les mati\u00e8res dangereuses, les liquides ou les gaz inflammables.<\/p>\r\n\r\n\r\n\r\n<p>Autres articles non retournables :<\/p>\r\n\r\n\r\n\r\n<ul class=\"wp-block-list\">\r\n<li>Cartes-cadeaux<\/li>\r\n<li>Logiciels t\u00e9l\u00e9chargeables<\/li>\r\n<li>Certains articles de sant\u00e9 et de soins personnels<\/li>\r\n<\/ul>\r\n\r\n\r\n\r\n<p>Pour effectuer votre retour, nous avons besoin d'un re\u00e7u ou d'une preuve d'achat.<\/p>\r\n\r\n\r\n\r\n<p>Ne renvoyez pas votre achat au fabricant.<\/p>\r\n\r\n\r\n\r\n<p>Dans certaines situations, seuls des remboursements partiels sont accord\u00e9s :<\/p>\r\n\r\n\r\n\r\n<ul class=\"wp-block-list\">\r\n<li>Livre pr\u00e9sentant des signes \u00e9vidents d'utilisation<\/li>\r\n<li>CD, DVD, cassette VHS, logiciel, jeu vid\u00e9o, cassette ou disque vinyle qui a \u00e9t\u00e9 ouvert.<\/li>\r\n<li>Tout article qui n'est pas dans son \u00e9tat d'origine, qui est endommag\u00e9 ou auquel il manque des pi\u00e8ces pour des raisons qui ne sont pas dues \u00e0 une erreur de notre part.<\/li>\r\n<li>Tout article retourn\u00e9 plus de 30 jours apr\u00e8s sa livraison<\/li>\r\n<\/ul>\r\n\r\n\r\n\r\n<h2>Remboursements<\/h2>\r\n\r\n\r\n\r\n<p>Une fois votre retour re\u00e7u et inspect\u00e9, nous vous enverrons un courrier \u00e9lectronique pour vous informer que nous avons re\u00e7u votre article retourn\u00e9. Nous vous informerons \u00e9galement de l'approbation ou du refus de votre remboursement.<\/p>\r\n\r\n\r\n\r\n<p>Si votre demande est accept\u00e9e, votre remboursement sera trait\u00e9 et un cr\u00e9dit sera automatiquement appliqu\u00e9 \u00e0 votre carte de cr\u00e9dit ou \u00e0 votre mode de paiement initial, dans un d\u00e9lai de quelques jours.<\/p>\r\n\r\n\r\n\r\n<p><b>Remboursements tardifs ou manquants<\/b><\/p>\r\n\r\n\r\n\r\n<p>Si vous n'avez pas encore re\u00e7u de remboursement, v\u00e9rifiez d'abord votre compte bancaire.<\/p>\r\n\r\n\r\n\r\n<p>Contactez ensuite la soci\u00e9t\u00e9 \u00e9mettrice de votre carte de cr\u00e9dit, car il peut s'\u00e9couler un certain temps avant que votre remboursement ne soit officiellement comptabilis\u00e9.<\/p>\r\n\r\n\r\n\r\n<p>Contactez ensuite votre banque. Il y a souvent un d\u00e9lai de traitement avant que le remboursement ne soit comptabilis\u00e9.<\/p>\r\n\r\n\r\n\r\n<p>Si vous avez fait tout cela et que vous n'avez toujours pas re\u00e7u votre remboursement, veuillez nous contacter \u00e0 l'adresse hola@fliparas.com.<\/p>\r\n\r\n\r\n\r\n<p><b>Articles en vente<\/b><\/p>\r\n\r\n\r\n\r\n<p>Seuls les articles \u00e0 prix normal peuvent \u00eatre rembours\u00e9s. Les articles sold\u00e9s ne peuvent pas \u00eatre rembours\u00e9s.<\/p>\r\n\r\n\r\n\r\n<h2>\u00c9changes<\/h2>\r\n\r\n\r\n\r\n<p>Nous ne rempla\u00e7ons les articles que s'ils sont d\u00e9fectueux ou endommag\u00e9s. Si vous souhaitez l'\u00e9changer contre le m\u00eame article, envoyez-nous un courriel \u00e0 hola@fliparas.com.<\/p>\r\n\r\n\r\n\r\n<h2>Cadeaux<\/h2>\r\n\r\n\r\n\r\n<p>Si l'article a \u00e9t\u00e9 marqu\u00e9 comme cadeau lors de l'achat et qu'il vous a \u00e9t\u00e9 exp\u00e9di\u00e9 directement, vous recevrez un cr\u00e9dit-cadeau correspondant \u00e0 la valeur de votre retour. D\u00e8s r\u00e9ception de l'article retourn\u00e9, un ch\u00e8que-cadeau vous sera envoy\u00e9 par courrier.<\/p>\r\n\r\n\r\n\r\n<p>Si l'article n'\u00e9tait pas indiqu\u00e9 comme cadeau au moment de l'achat, ou si le destinataire du cadeau s'est fait exp\u00e9dier la commande pour vous l'offrir plus tard, nous enverrons un remboursement au destinataire du cadeau, qui sera inform\u00e9 de votre retour.<\/p>\r\n\r\n\r\n\r\n<h2>Retours d'exp\u00e9dition<\/h2>\r\n\r\n\r\n\r\n<p>Pour retourner votre produit, vous devez l'envoyer par la poste.<\/p>\r\n\r\n\r\n\r\n<p>Il vous incombe de payer vos propres frais d'exp\u00e9dition pour le retour de votre article. Les frais d'exp\u00e9dition ne sont pas remboursables. Si vous recevez un remboursement, les frais de retour seront d\u00e9duits de votre remboursement.<\/p>\r\n\r\n\r\n\r\n<p>Le d\u00e9lai d'acheminement du produit \u00e9chang\u00e9 peut varier en fonction de votre lieu de r\u00e9sidence.<\/p>\r\n\r\n\r\n\r\n<p>Si vous retournez des articles plus co\u00fbteux, vous pouvez envisager d'utiliser un service d'exp\u00e9dition avec suivi ou de souscrire une assurance d'exp\u00e9dition. Nous ne garantissons pas que nous recevrons l'article retourn\u00e9.<\/p>\r\n\r\n\r\n\r\n<h2>Besoin d'aide ?<\/h2>\r\n\r\n\r\n\r\n<p>Contactez-nous \u00e0 l'adresse hola@fliparas.com pour toute question relative aux remboursements et aux retours.<\/p>","protected":false},"excerpt":{"rendered":"<p>&nbsp; Overview Our refund and returns policy lasts 15 days. If 15 days have passed since your purchase, we can\u2019t offer you a full refund or exchange. To be eligible for a return, your item must be unused and in the same condition that you received it. It must also be in the original packaging. [&#8230;]\n","protected":false},"author":1,"featured_media":0,"parent":0,"menu_order":0,"comment_status":"closed","ping_status":"closed","template":"","meta":{"footnotes":""},"class_list":["post-10","page","type-page","status-publish","hentry"],"yoast_head":"<!-- This site is optimized with the Yoast SEO plugin v26.9 - https:\/\/yoast.com\/product\/yoast-seo-wordpress\/ -->\n<title>Refund and Returns Policy<\/title>\n<meta name=\"description\" content=\"&nbsp; Overview Our refund and returns policy lasts 15 days. If 15 days have passed since your purchase, we can\u2019t offer you a full refund or exchange. To\" \/>\n<meta name=\"robots\" content=\"index, follow, max-snippet:-1, max-image-preview:large, max-video-preview:-1\" \/>\n<link rel=\"canonical\" href=\"https:\/\/fliparas.com\/fr\/remboursements\/\" \/>\n<meta property=\"og:locale\" content=\"fr_FR\" \/>\n<meta property=\"og:type\" content=\"article\" \/>\n<meta property=\"og:title\" content=\"Refund and Returns Policy\" \/>\n<meta property=\"og:description\" content=\"&nbsp; Overview Our refund and returns policy lasts 15 days. If 15 days have passed since your purchase, we can\u2019t offer you a full refund or exchange. To\" \/>\n<meta property=\"og:url\" content=\"https:\/\/fliparas.com\/fr\/remboursements\/\" \/>\n<meta property=\"og:site_name\" content=\"Agency Specialised in Stag and Hen Parties\" \/>\n<meta property=\"article:modified_time\" content=\"2024-03-26T09:26:41+00:00\" \/>\n<meta property=\"og:image\" content=\"https:\/\/fliparas.com\/wp-content\/uploads\/2024\/03\/Logo-Fliparas-Rec.png\" \/>\n\t<meta property=\"og:image:width\" content=\"1024\" \/>\n\t<meta property=\"og:image:height\" content=\"576\" \/>\n\t<meta property=\"og:image:type\" content=\"image\/png\" \/>\n<meta name=\"twitter:card\" content=\"summary_large_image\" \/>\n<meta name=\"twitter:label1\" content=\"Dur\u00e9e de lecture estim\u00e9e\" \/>\n\t<meta name=\"twitter:data1\" content=\"3 minutes\" \/>\n<script type=\"application\/ld+json\" class=\"yoast-schema-graph\">{\"@context\":\"https:\/\/schema.org\",\"@graph\":[{\"@type\":\"WebPage\",\"@id\":\"https:\/\/fliparas.com\/refund_returns\/\",\"url\":\"https:\/\/fliparas.com\/refund_returns\/\",\"name\":\"Refund and Returns Policy\",\"isPartOf\":{\"@id\":\"https:\/\/fliparas.com\/#website\"},\"datePublished\":\"2024-03-26T09:22:57+00:00\",\"dateModified\":\"2024-03-26T09:26:41+00:00\",\"description\":\"&nbsp; Overview Our refund and returns policy lasts 15 days. If 15 days have passed since your purchase, we can\u2019t offer you a full refund or exchange. To\",\"breadcrumb\":{\"@id\":\"https:\/\/fliparas.com\/refund_returns\/#breadcrumb\"},\"inLanguage\":\"fr-FR\",\"potentialAction\":[{\"@type\":\"ReadAction\",\"target\":[\"https:\/\/fliparas.com\/refund_returns\/\"]}]},{\"@type\":\"BreadcrumbList\",\"@id\":\"https:\/\/fliparas.com\/refund_returns\/#breadcrumb\",\"itemListElement\":[{\"@type\":\"ListItem\",\"position\":1,\"name\":\"Home\",\"item\":\"https:\/\/fliparas.com\/\"},{\"@type\":\"ListItem\",\"position\":2,\"name\":\"Refund and Returns Policy\"}]},{\"@type\":\"WebSite\",\"@id\":\"https:\/\/fliparas.com\/#website\",\"url\":\"https:\/\/fliparas.com\/\",\"name\":\"Agency Specialised in Stag and Hen Parties\",\"description\":\"Trust the highest rated agency to organize an unforgettable stag and hen parties in Europe\",\"publisher\":{\"@id\":\"https:\/\/fliparas.com\/#organization\"},\"alternateName\":\"Fliparas Agency Specialised in Stag and Hen Parties\",\"potentialAction\":[{\"@type\":\"SearchAction\",\"target\":{\"@type\":\"EntryPoint\",\"urlTemplate\":\"https:\/\/fliparas.com\/?s={search_term_string}\"},\"query-input\":{\"@type\":\"PropertyValueSpecification\",\"valueRequired\":true,\"valueName\":\"search_term_string\"}}],\"inLanguage\":\"fr-FR\"},{\"@type\":\"Organization\",\"@id\":\"https:\/\/fliparas.com\/#organization\",\"name\":\"Fliparas\",\"alternateName\":\"Agency Specialised in Stag and Hen Parties\",\"url\":\"https:\/\/fliparas.com\/\",\"logo\":{\"@type\":\"ImageObject\",\"inLanguage\":\"fr-FR\",\"@id\":\"https:\/\/fliparas.com\/#\/schema\/logo\/image\/\",\"url\":\"https:\/\/fliparas.com\/wp-content\/uploads\/2024\/03\/Logo-Fliparas.png\",\"contentUrl\":\"https:\/\/fliparas.com\/wp-content\/uploads\/2024\/03\/Logo-Fliparas.png\",\"width\":1024,\"height\":1024,\"caption\":\"Fliparas\"},\"image\":{\"@id\":\"https:\/\/fliparas.com\/#\/schema\/logo\/image\/\"}}]}<\/script>\n<!-- \/ Yoast SEO plugin. -->","yoast_head_json":{"title":"Politique de remboursement et de retour","description":"&nbsp; Overview Our refund and returns policy lasts 15 days. If 15 days have passed since your purchase, we can\u2019t offer you a full refund or exchange. To","robots":{"index":"index","follow":"follow","max-snippet":"max-snippet:-1","max-image-preview":"max-image-preview:large","max-video-preview":"max-video-preview:-1"},"canonical":"https:\/\/fliparas.com\/fr\/remboursements\/","og_locale":"fr_FR","og_type":"article","og_title":"Refund and Returns Policy","og_description":"&nbsp; Overview Our refund and returns policy lasts 15 days. If 15 days have passed since your purchase, we can\u2019t offer you a full refund or exchange. To","og_url":"https:\/\/fliparas.com\/fr\/remboursements\/","og_site_name":"Agency Specialised in Stag and Hen Parties","article_modified_time":"2024-03-26T09:26:41+00:00","og_image":[{"width":1024,"height":576,"url":"https:\/\/fliparas.com\/wp-content\/uploads\/2024\/03\/Logo-Fliparas-Rec.png","type":"image\/png"}],"twitter_card":"summary_large_image","twitter_misc":{"Dur\u00e9e de lecture estim\u00e9e":"3 minutes"},"schema":{"@context":"https:\/\/schema.org","@graph":[{"@type":"WebPage","@id":"https:\/\/fliparas.com\/refund_returns\/","url":"https:\/\/fliparas.com\/refund_returns\/","name":"Politique de remboursement et de retour","isPartOf":{"@id":"https:\/\/fliparas.com\/#website"},"datePublished":"2024-03-26T09:22:57+00:00","dateModified":"2024-03-26T09:26:41+00:00","description":"&nbsp; Overview Our refund and returns policy lasts 15 days. If 15 days have passed since your purchase, we can\u2019t offer you a full refund or exchange. To","breadcrumb":{"@id":"https:\/\/fliparas.com\/refund_returns\/#breadcrumb"},"inLanguage":"fr-FR","potentialAction":[{"@type":"ReadAction","target":["https:\/\/fliparas.com\/refund_returns\/"]}]},{"@type":"BreadcrumbList","@id":"https:\/\/fliparas.com\/refund_returns\/#breadcrumb","itemListElement":[{"@type":"ListItem","position":1,"name":"Home","item":"https:\/\/fliparas.com\/"},{"@type":"ListItem","position":2,"name":"Refund and Returns Policy"}]},{"@type":"WebSite","@id":"https:\/\/fliparas.com\/#website","url":"https:\/\/fliparas.com\/","name":"Agence sp\u00e9cialis\u00e9e dans les enterrements de vie de gar\u00e7on et de jeune fille","description":"Faites confiance \u00e0 l'agence la mieux not\u00e9e pour organiser un enterrement de vie de gar\u00e7on ou de jeune fille inoubliable en Europe.","publisher":{"@id":"https:\/\/fliparas.com\/#organization"},"alternateName":"Fliparas Agency Specialised in Stag and Hen Parties","potentialAction":[{"@type":"SearchAction","target":{"@type":"EntryPoint","urlTemplate":"https:\/\/fliparas.com\/?s={search_term_string}"},"query-input":{"@type":"PropertyValueSpecification","valueRequired":true,"valueName":"search_term_string"}}],"inLanguage":"fr-FR"},{"@type":"Organization","@id":"https:\/\/fliparas.com\/#organization","name":"Fliparas","alternateName":"Agency Specialised in Stag and Hen Parties","url":"https:\/\/fliparas.com\/","logo":{"@type":"ImageObject","inLanguage":"fr-FR","@id":"https:\/\/fliparas.com\/#\/schema\/logo\/image\/","url":"https:\/\/fliparas.com\/wp-content\/uploads\/2024\/03\/Logo-Fliparas.png","contentUrl":"https:\/\/fliparas.com\/wp-content\/uploads\/2024\/03\/Logo-Fliparas.png","width":1024,"height":1024,"caption":"Fliparas"},"image":{"@id":"https:\/\/fliparas.com\/#\/schema\/logo\/image\/"}}]}},"_links":{"self":[{"href":"https:\/\/fliparas.com\/fr\/wp-json\/wp\/v2\/pages\/10","targetHints":{"allow":["GET"]}}],"collection":[{"href":"https:\/\/fliparas.com\/fr\/wp-json\/wp\/v2\/pages"}],"about":[{"href":"https:\/\/fliparas.com\/fr\/wp-json\/wp\/v2\/types\/page"}],"author":[{"embeddable":true,"href":"https:\/\/fliparas.com\/fr\/wp-json\/wp\/v2\/users\/1"}],"replies":[{"embeddable":true,"href":"https:\/\/fliparas.com\/fr\/wp-json\/wp\/v2\/comments?post=10"}],"version-history":[{"count":3,"href":"https:\/\/fliparas.com\/fr\/wp-json\/wp\/v2\/pages\/10\/revisions"}],"predecessor-version":[{"id":1392,"href":"https:\/\/fliparas.com\/fr\/wp-json\/wp\/v2\/pages\/10\/revisions\/1392"}],"wp:attachment":[{"href":"https:\/\/fliparas.com\/fr\/wp-json\/wp\/v2\/media?parent=10"}],"curies":[{"name":"wp","href":"https:\/\/api.w.org\/{rel}","templated":true}]}}