{"id":1425,"date":"2024-03-26T12:20:02","date_gmt":"2024-03-26T12:20:02","guid":{"rendered":"https:\/\/fliparas.com\/?post_type=product&#038;p=1425"},"modified":"2025-01-31T11:26:03","modified_gmt":"2025-01-31T10:26:03","slug":"vespa-tour-ibiza","status":"publish","type":"product","link":"https:\/\/fliparas.com\/fr\/activite\/vespa-tour-ibiza\/","title":{"rendered":"Vespa Tour Ibiza"},"content":{"rendered":"<p>Vespa Tour Ibiza.<\/p>\n<p>Les meilleurs enterrements de vie de gar\u00e7on avec <a href=\"https:\/\/fliparas.com\/fr\/enterrement-de-vie-de-garcon\/\">Enterrement de vie de gar\u00e7on<\/a>! <a href=\"https:\/\/fliparas.com\/fr\/enterrement-de-vie-de-jeune-fille\/\">Enterrement de vie de jeune fille<\/a>!<\/p>\n<h2 style=\"text-align: center;\">Vespa Tour Ibiza !<\/h2>\n<h4>\ud83d\ude99 <strong>Explorez Ibiza en Vespa : Une aventure hors route inoubliable !<\/strong> \ud83c\udf1f<\/h4>\n<p>&nbsp;<\/p>\n<p>\ud83c\udfde\ufe0f Montez \u00e0 bord de votre Vespa et plongez dans une exp\u00e9rience unique au c\u0153ur des magnifiques paysages d'Ibiza.<\/p>\n<p>L'aventure commence avec la prise en main de votre Vespa, pr\u00eate \u00e0 conqu\u00e9rir les routes sinueuses et les sentiers captivants d'Ibiza. Notre formule compl\u00e8te comprend tout l'\u00e9quipement n\u00e9cessaire pour une exp\u00e9rience sans souci. Casques, briefing d\u00e9taill\u00e9 et tout ce dont vous avez besoin pour une aventure hors route r\u00e9ussie. \ud83c\udf04\ud83d\uddfa\ufe0f<\/p>\n<p>Explorez les coins les plus secrets de l'\u00eele ! D\u00e9couvrez des vues \u00e0 couper le souffle et ressentez l'excitation de conduire une Vespa \u00e0 travers des paysages vari\u00e9s. Notre itin\u00e9raire soigneusement planifi\u00e9 offre une diversit\u00e9 de terrains, des plages \u00e9tincelantes aux sentiers montagneux, cr\u00e9ant ainsi l'aventure parfaite entre sensations fortes et exploration. \ud83c\udfdc\ufe0f\ud83d\ude99<\/p>\n<p>Rejoignez-nous pour une exp\u00e9rience Vespa inoubliable, alliant aventure, exploration et paysages spectaculaires. R\u00e9servez d\u00e8s maintenant et pr\u00e9parez-vous \u00e0 vivre une aventure passionnante \u00e0 <strong>Ibiza<\/strong>! \ud83c\udf1e\ud83d\ude99<\/p>\n<p><strong>R\u00c9SERVATION POSSIBLE POUR LES GROUPES DE : 4 \u00e0 60 PERSONNES.<\/strong><\/p>","protected":false},"excerpt":{"rendered":"<p style=\"text-align: center;\">TOUR EN VESPA A IBIZA ! Profitez d'un tour en Vespa \u00e0 Ibiza.<br \/>\n<strong>R\u00c9SERVATION POSSIBLE POUR LES GROUPES DE : 4 \u00e0 60 PERSONNES.<\/strong><\/p>","protected":false},"featured_media":1431,"template":"","meta":[],"product_brand":[425],"product_cat":[266,265,267],"product_tag":[349,351,350],"class_list":{"0":"post-1425","1":"product","2":"type-product","3":"status-publish","4":"has-post-thumbnail","6":"product_brand-fliparas-inc","7":"product_cat-hen-party-ibiza-activities","8":"product_cat-ibiza","9":"product_cat-stag-party-ibiza-activities","10":"product_tag-ibiza-vespa","11":"product_tag-vespa-ibiza","12":"product_tag-vespa-tour-ibiza","14":"first","15":"instock","16":"virtual","17":"sold-individually","18":"purchasable","19":"product-type-booking"},"yoast_head":"<!-- This site is optimized with the Yoast SEO plugin v26.9 - https:\/\/yoast.com\/product\/yoast-seo-wordpress\/ -->\n<title>Vespa Tour Ibiza \ud83d\udef5\ud83d\udef5\ud83d\udef5<\/title>\n<meta name=\"description\" content=\"VESPA TOUR IBIZA! Enjoy a Vespa tour in Ibiza. Vespa Ibiza. Vespa Ibiza. Have fun with your friends in Ibiza! Look at our services! \ud83d\udef5\" \/>\n<meta name=\"robots\" content=\"index, follow, max-snippet:-1, max-image-preview:large, max-video-preview:-1\" \/>\n<link rel=\"canonical\" href=\"https:\/\/fliparas.com\/fr\/activite\/vespa-tour-ibiza\/\" \/>\n<meta property=\"og:locale\" content=\"fr_FR\" \/>\n<meta property=\"og:type\" content=\"article\" \/>\n<meta property=\"og:title\" content=\"Vespa Tour Ibiza \ud83d\udef5\ud83d\udef5\ud83d\udef5\" \/>\n<meta property=\"og:description\" content=\"VESPA TOUR IBIZA! Enjoy a Vespa tour in Ibiza. Vespa Ibiza. Vespa Ibiza. Have fun with your friends in Ibiza! Look at our services! \ud83d\udef5\" \/>\n<meta property=\"og:url\" content=\"https:\/\/fliparas.com\/fr\/activite\/vespa-tour-ibiza\/\" \/>\n<meta property=\"og:site_name\" content=\"Agency Specialised in Stag and Hen Parties\" \/>\n<meta property=\"article:modified_time\" content=\"2025-01-31T10:26:03+00:00\" \/>\n<meta property=\"og:image\" content=\"https:\/\/fliparas.com\/wp-content\/uploads\/2024\/03\/Diseno-sin-titulo-10-1.png\" \/>\n\t<meta property=\"og:image:width\" content=\"500\" \/>\n\t<meta property=\"og:image:height\" content=\"332\" \/>\n\t<meta property=\"og:image:type\" content=\"image\/png\" \/>\n<meta name=\"twitter:card\" content=\"summary_large_image\" \/>\n<meta name=\"twitter:label1\" content=\"Prix\" \/>\n\t<meta name=\"twitter:data1\" content=\"95,00&nbsp;&euro;\" \/>\n\t<meta name=\"twitter:label2\" content=\"Disponibilit\u00e9\" \/>\n\t<meta name=\"twitter:data2\" content=\"En stock\" \/>\n<script type=\"application\/ld+json\" class=\"yoast-schema-graph\">{\"@context\":\"https:\/\/schema.org\",\"@graph\":[{\"@type\":\"WebPage\",\"@id\":\"https:\/\/fliparas.com\/activity\/vespa-tour-ibiza\/\",\"url\":\"https:\/\/fliparas.com\/activity\/vespa-tour-ibiza\/\",\"name\":\"Vespa Tour Ibiza \ud83d\udef5\ud83d\udef5\ud83d\udef5\",\"isPartOf\":{\"@id\":\"https:\/\/fliparas.com\/#website\"},\"primaryImageOfPage\":{\"@id\":\"https:\/\/fliparas.com\/activity\/vespa-tour-ibiza\/#primaryimage\"},\"image\":{\"@id\":\"https:\/\/fliparas.com\/activity\/vespa-tour-ibiza\/#primaryimage\"},\"thumbnailUrl\":\"https:\/\/fliparas.com\/wp-content\/uploads\/2024\/03\/Diseno-sin-titulo-10-1.png\",\"datePublished\":\"2024-03-26T12:20:02+00:00\",\"dateModified\":\"2025-01-31T10:26:03+00:00\",\"description\":\"VESPA TOUR IBIZA! Enjoy a Vespa tour in Ibiza. Vespa Ibiza. Vespa Ibiza. Have fun with your friends in Ibiza! Look at our services! \ud83d\udef5\",\"breadcrumb\":{\"@id\":\"https:\/\/fliparas.com\/activity\/vespa-tour-ibiza\/#breadcrumb\"},\"inLanguage\":\"fr-FR\",\"potentialAction\":[{\"@type\":\"ReadAction\",\"target\":[\"https:\/\/fliparas.com\/activity\/vespa-tour-ibiza\/\"]}]},{\"@type\":\"ImageObject\",\"inLanguage\":\"fr-FR\",\"@id\":\"https:\/\/fliparas.com\/activity\/vespa-tour-ibiza\/#primaryimage\",\"url\":\"https:\/\/fliparas.com\/wp-content\/uploads\/2024\/03\/Diseno-sin-titulo-10-1.png\",\"contentUrl\":\"https:\/\/fliparas.com\/wp-content\/uploads\/2024\/03\/Diseno-sin-titulo-10-1.png\",\"width\":500,\"height\":332,\"caption\":\"Vespa Tour Ibiza Product Image\"},{\"@type\":\"BreadcrumbList\",\"@id\":\"https:\/\/fliparas.com\/activity\/vespa-tour-ibiza\/#breadcrumb\",\"itemListElement\":[{\"@type\":\"ListItem\",\"position\":1,\"name\":\"Home\",\"item\":\"https:\/\/fliparas.com\/\"},{\"@type\":\"ListItem\",\"position\":2,\"name\":\"Shop\",\"item\":\"https:\/\/fliparas.com\/shop\/\"},{\"@type\":\"ListItem\",\"position\":3,\"name\":\"Vespa Tour Ibiza\"}]},{\"@type\":\"WebSite\",\"@id\":\"https:\/\/fliparas.com\/#website\",\"url\":\"https:\/\/fliparas.com\/\",\"name\":\"Agency Specialised in Stag and Hen Parties\",\"description\":\"Trust the highest rated agency to organize an unforgettable stag and hen parties in Europe\",\"publisher\":{\"@id\":\"https:\/\/fliparas.com\/#organization\"},\"alternateName\":\"Fliparas Agency Specialised in Stag and Hen Parties\",\"potentialAction\":[{\"@type\":\"SearchAction\",\"target\":{\"@type\":\"EntryPoint\",\"urlTemplate\":\"https:\/\/fliparas.com\/?s={search_term_string}\"},\"query-input\":{\"@type\":\"PropertyValueSpecification\",\"valueRequired\":true,\"valueName\":\"search_term_string\"}}],\"inLanguage\":\"fr-FR\"},{\"@type\":\"Organization\",\"@id\":\"https:\/\/fliparas.com\/#organization\",\"name\":\"Fliparas\",\"alternateName\":\"Agency Specialised in Stag and Hen Parties\",\"url\":\"https:\/\/fliparas.com\/\",\"logo\":{\"@type\":\"ImageObject\",\"inLanguage\":\"fr-FR\",\"@id\":\"https:\/\/fliparas.com\/#\/schema\/logo\/image\/\",\"url\":\"https:\/\/fliparas.com\/wp-content\/uploads\/2024\/03\/Logo-Fliparas.png\",\"contentUrl\":\"https:\/\/fliparas.com\/wp-content\/uploads\/2024\/03\/Logo-Fliparas.png\",\"width\":1024,\"height\":1024,\"caption\":\"Fliparas\"},\"image\":{\"@id\":\"https:\/\/fliparas.com\/#\/schema\/logo\/image\/\"}}]}<\/script>\n<meta property=\"product:price:amount\" content=\"95.00\" \/>\n<meta property=\"product:price:currency\" content=\"EUR\" \/>\n<meta property=\"og:availability\" content=\"instock\" \/>\n<meta property=\"product:availability\" content=\"instock\" \/>\n<meta property=\"product:condition\" content=\"new\" \/>\n<!-- \/ Yoast SEO plugin. -->","yoast_head_json":{"title":"Vespa Tour Ibiza \ud83d\udef5\ud83d\udef5\ud83d\udef5\ud83d\udef5","description":"TOUR EN VESPA A IBIZA ! Profitez d'un tour en Vespa \u00e0 Ibiza. Vespa Ibiza. Vespa Ibiza. Amusez-vous avec vos amis \u00e0 Ibiza ! Regardez nos services ! \ud83d\udef5","robots":{"index":"index","follow":"follow","max-snippet":"max-snippet:-1","max-image-preview":"max-image-preview:large","max-video-preview":"max-video-preview:-1"},"canonical":"https:\/\/fliparas.com\/fr\/activite\/vespa-tour-ibiza\/","og_locale":"fr_FR","og_type":"article","og_title":"Vespa Tour Ibiza \ud83d\udef5\ud83d\udef5\ud83d\udef5","og_description":"VESPA TOUR IBIZA! Enjoy a Vespa tour in Ibiza. Vespa Ibiza. Vespa Ibiza. Have fun with your friends in Ibiza! Look at our services! \ud83d\udef5","og_url":"https:\/\/fliparas.com\/fr\/activite\/vespa-tour-ibiza\/","og_site_name":"Agency Specialised in Stag and Hen Parties","article_modified_time":"2025-01-31T10:26:03+00:00","og_image":[{"width":500,"height":332,"url":"https:\/\/fliparas.com\/wp-content\/uploads\/2024\/03\/Diseno-sin-titulo-10-1.png","type":"image\/png"}],"twitter_card":"summary_large_image","twitter_misc":{"Prix":"95,00&nbsp;&euro;","Disponibilit\u00e9":"En stock"},"schema":{"@context":"https:\/\/schema.org","@graph":[{"@type":"WebPage","@id":"https:\/\/fliparas.com\/activity\/vespa-tour-ibiza\/","url":"https:\/\/fliparas.com\/activity\/vespa-tour-ibiza\/","name":"Vespa Tour Ibiza \ud83d\udef5\ud83d\udef5\ud83d\udef5\ud83d\udef5","isPartOf":{"@id":"https:\/\/fliparas.com\/#website"},"primaryImageOfPage":{"@id":"https:\/\/fliparas.com\/activity\/vespa-tour-ibiza\/#primaryimage"},"image":{"@id":"https:\/\/fliparas.com\/activity\/vespa-tour-ibiza\/#primaryimage"},"thumbnailUrl":"https:\/\/fliparas.com\/wp-content\/uploads\/2024\/03\/Diseno-sin-titulo-10-1.png","datePublished":"2024-03-26T12:20:02+00:00","dateModified":"2025-01-31T10:26:03+00:00","description":"TOUR EN VESPA A IBIZA ! Profitez d'un tour en Vespa \u00e0 Ibiza. Vespa Ibiza. Vespa Ibiza. Amusez-vous avec vos amis \u00e0 Ibiza ! Regardez nos services ! \ud83d\udef5","breadcrumb":{"@id":"https:\/\/fliparas.com\/activity\/vespa-tour-ibiza\/#breadcrumb"},"inLanguage":"fr-FR","potentialAction":[{"@type":"ReadAction","target":["https:\/\/fliparas.com\/activity\/vespa-tour-ibiza\/"]}]},{"@type":"ImageObject","inLanguage":"fr-FR","@id":"https:\/\/fliparas.com\/activity\/vespa-tour-ibiza\/#primaryimage","url":"https:\/\/fliparas.com\/wp-content\/uploads\/2024\/03\/Diseno-sin-titulo-10-1.png","contentUrl":"https:\/\/fliparas.com\/wp-content\/uploads\/2024\/03\/Diseno-sin-titulo-10-1.png","width":500,"height":332,"caption":"Vespa Tour Ibiza Product Image"},{"@type":"BreadcrumbList","@id":"https:\/\/fliparas.com\/activity\/vespa-tour-ibiza\/#breadcrumb","itemListElement":[{"@type":"ListItem","position":1,"name":"Home","item":"https:\/\/fliparas.com\/"},{"@type":"ListItem","position":2,"name":"Shop","item":"https:\/\/fliparas.com\/shop\/"},{"@type":"ListItem","position":3,"name":"Vespa Tour Ibiza"}]},{"@type":"WebSite","@id":"https:\/\/fliparas.com\/#website","url":"https:\/\/fliparas.com\/","name":"Agence sp\u00e9cialis\u00e9e dans les enterrements de vie de gar\u00e7on et de jeune fille","description":"Faites confiance \u00e0 l'agence la mieux not\u00e9e pour organiser un enterrement de vie de gar\u00e7on ou de jeune fille inoubliable en Europe.","publisher":{"@id":"https:\/\/fliparas.com\/#organization"},"alternateName":"Fliparas Agency Specialised in Stag and Hen Parties","potentialAction":[{"@type":"SearchAction","target":{"@type":"EntryPoint","urlTemplate":"https:\/\/fliparas.com\/?s={search_term_string}"},"query-input":{"@type":"PropertyValueSpecification","valueRequired":true,"valueName":"search_term_string"}}],"inLanguage":"fr-FR"},{"@type":"Organization","@id":"https:\/\/fliparas.com\/#organization","name":"Fliparas","alternateName":"Agency Specialised in Stag and Hen Parties","url":"https:\/\/fliparas.com\/","logo":{"@type":"ImageObject","inLanguage":"fr-FR","@id":"https:\/\/fliparas.com\/#\/schema\/logo\/image\/","url":"https:\/\/fliparas.com\/wp-content\/uploads\/2024\/03\/Logo-Fliparas.png","contentUrl":"https:\/\/fliparas.com\/wp-content\/uploads\/2024\/03\/Logo-Fliparas.png","width":1024,"height":1024,"caption":"Fliparas"},"image":{"@id":"https:\/\/fliparas.com\/#\/schema\/logo\/image\/"}}]},"product_price_amount":"95.00","product_price_currency":"EUR","og_availability":"instock","product_availability":"instock","product_condition":"new"},"_links":{"self":[{"href":"https:\/\/fliparas.com\/fr\/wp-json\/wp\/v2\/product\/1425","targetHints":{"allow":["GET"]}}],"collection":[{"href":"https:\/\/fliparas.com\/fr\/wp-json\/wp\/v2\/product"}],"about":[{"href":"https:\/\/fliparas.com\/fr\/wp-json\/wp\/v2\/types\/product"}],"wp:featuredmedia":[{"embeddable":true,"href":"https:\/\/fliparas.com\/fr\/wp-json\/wp\/v2\/media\/1431"}],"wp:attachment":[{"href":"https:\/\/fliparas.com\/fr\/wp-json\/wp\/v2\/media?parent=1425"}],"wp:term":[{"taxonomy":"product_brand","embeddable":true,"href":"https:\/\/fliparas.com\/fr\/wp-json\/wp\/v2\/product_brand?post=1425"},{"taxonomy":"product_cat","embeddable":true,"href":"https:\/\/fliparas.com\/fr\/wp-json\/wp\/v2\/product_cat?post=1425"},{"taxonomy":"product_tag","embeddable":true,"href":"https:\/\/fliparas.com\/fr\/wp-json\/wp\/v2\/product_tag?post=1425"}],"curies":[{"name":"wp","href":"https:\/\/api.w.org\/{rel}","templated":true}]}}