{"id":1446,"date":"2024-03-26T14:04:43","date_gmt":"2024-03-26T14:04:43","guid":{"rendered":"https:\/\/fliparas.com\/?post_type=product&#038;p=1446"},"modified":"2025-01-31T11:26:03","modified_gmt":"2025-01-31T10:26:03","slug":"tour-du-coucher-de-soleil-a-ibiza","status":"publish","type":"product","link":"https:\/\/fliparas.com\/fr\/activite\/tour-du-coucher-de-soleil-a-ibiza\/","title":{"rendered":"Sunset Tour Ibiza"},"content":{"rendered":"<p style=\"text-align: center;\">Sunset Tour Ibiza.<\/p>\n<p style=\"text-align: center;\">Les meilleurs enterrements de vie de gar\u00e7on avec <a href=\"https:\/\/fliparas.com\/fr\/enterrement-de-vie-de-garcon\/\">Enterrement de vie de gar\u00e7on<\/a>! <a href=\"https:\/\/fliparas.com\/fr\/enterrement-de-vie-de-jeune-fille\/\">Enterrement de vie de jeune fille<\/a>!<\/p>\n<h2 style=\"text-align: center;\">Sunset Tour Ibiza \ud83c\udf0a<\/h2>\n<ul>\n<li style=\"text-align: center;\"><strong>\ud83c\udf05 Si vous voulez vivre une exp\u00e9rience inoubliable, les couchers de soleil \u00e0 Ibiza sont ce qu'il vous faut !!! \ud83c\udf05\u00a0<\/strong>Nous ferons le tour <strong>les plus belles plages de l'\u00eele :<br \/>\n- Cala Comte :<\/strong> Contient deux \u00eelots aux eaux cristallines.<br \/>\n<strong>- Cala Benirr\u00e1s :<\/strong> Connu pour ses tambours au coucher du soleil, son atmosph\u00e8re vibrante et unique.<br \/>\n<strong>- Ses Salines :<\/strong> Dunes de sable, eaux turquoises, une longue plage romantique.<br \/>\n<strong>- Es Vedr\u00e0 :<\/strong> Environnement mystique, avec une \u00e9nergie particuli\u00e8re.<br \/>\n<strong>- Cala d'Hort :<\/strong> Il se trouve en face d'Es Vedr\u00e0 et offre une vue imprenable sur le coucher de soleil.<\/li>\n<\/ul>\n<h4 style=\"text-align: center;\">Vous serez entour\u00e9 de magie avec vos proches tout en admirant la beaut\u00e9 indescriptible d'Ibiza !<\/h4>\n<p><strong>D\u00e9brancher et se d\u00e9tendre<\/strong> au c\u0153ur d'Ibiza !<br \/>\nQu'attendez-vous pour r\u00e9server votre coucher de soleil \u00e0 Ibiza ?<\/p>\n<h4 style=\"text-align: center;\">Contemplez la fin de la journ\u00e9e... Sautez dans l'eau, \u00e9coutez la musique que vous aimez, riez avec vos amis, faites un pique-nique...<br \/>\nToutes ces activit\u00e9s, et toutes celles que vous souhaitez, deviendront encore plus inoubliables pendant le coucher de soleil d'Ibiza !<\/h4>\n<p>R\u00e9servez d\u00e8s maintenant pour vous immerger dans cette exp\u00e9rience unique et pr\u00e9cieuse \u00e0 Ibiza.<\/p>\n<p style=\"text-align: center;\"><strong><br \/>\n- Sunset Tour Ibiza !<\/strong> Une aventure captivante vous attend ! \ud83d\udc2c<\/p>\n<p class=\"p1\" style=\"text-align: center;\"><strong>R\u00c9SERVATION POSSIBLE POUR LES GROUPES DE : 8 \u00e0 30 PERSONNES<\/strong><\/p>","protected":false},"excerpt":{"rendered":"<p style=\"text-align: center;\"><strong>Sunset Tour Ibiza ! Si vous voulez vivre une exp\u00e9rience inoubliable, les couchers de soleil \u00e0 Ibiza sont ce qu'il vous faut !<br \/>\n<\/strong>Une aventure captivante vous attend ! \ud83d\udc2c<\/p>\n<p class=\"p1\" style=\"text-align: center;\"><strong>R\u00c9SERVATION POSSIBLE POUR LES GROUPES DE : 8 \u00e0 30 PERSONNES<\/strong><\/p>","protected":false},"featured_media":1447,"template":"","meta":[],"product_brand":[425],"product_cat":[266,265,267],"product_tag":[347,348,214,310],"class_list":{"0":"post-1446","1":"product","2":"type-product","3":"status-publish","4":"has-post-thumbnail","6":"product_brand-fliparas-inc","7":"product_cat-hen-party-ibiza-activities","8":"product_cat-ibiza","9":"product_cat-stag-party-ibiza-activities","10":"product_tag-ibiza-sunset","11":"product_tag-kayak-sunset-ibiza","12":"product_tag-kayak-tour","13":"product_tag-kayak-tour-ibiza","15":"first","16":"instock","17":"virtual","18":"sold-individually","19":"purchasable","20":"product-type-booking"},"yoast_head":"<!-- This site is optimized with the Yoast SEO plugin v26.9 - https:\/\/yoast.com\/product\/yoast-seo-wordpress\/ -->\n<title>Sunset Tour Ibiza \ud83c\udf05\u200b<\/title>\n<meta name=\"description\" content=\"Sunset Tour Ibiza. If you want an unforgettable experience, the sunsets in Ibiza are what you need!!! Contact Us! Sunsets in Ibiza!\" \/>\n<meta name=\"robots\" content=\"index, follow, max-snippet:-1, max-image-preview:large, max-video-preview:-1\" \/>\n<link rel=\"canonical\" href=\"https:\/\/fliparas.com\/fr\/activite\/tour-du-coucher-de-soleil-a-ibiza\/\" \/>\n<meta property=\"og:locale\" content=\"fr_FR\" \/>\n<meta property=\"og:type\" content=\"article\" \/>\n<meta property=\"og:title\" content=\"Sunset Tour Ibiza \ud83c\udf05\u200b\" \/>\n<meta property=\"og:description\" content=\"Sunset Tour Ibiza. If you want an unforgettable experience, the sunsets in Ibiza are what you need!!! Contact Us! Sunsets in Ibiza!\" \/>\n<meta property=\"og:url\" content=\"https:\/\/fliparas.com\/fr\/activite\/tour-du-coucher-de-soleil-a-ibiza\/\" \/>\n<meta property=\"og:site_name\" content=\"Agency Specialised in Stag and Hen Parties\" \/>\n<meta property=\"article:modified_time\" content=\"2025-01-31T10:26:03+00:00\" \/>\n<meta property=\"og:image\" content=\"https:\/\/fliparas.com\/wp-content\/uploads\/2024\/03\/Diseno-sin-titulo-12-1.png\" \/>\n\t<meta property=\"og:image:width\" content=\"500\" \/>\n\t<meta property=\"og:image:height\" content=\"457\" \/>\n\t<meta property=\"og:image:type\" content=\"image\/png\" \/>\n<meta name=\"twitter:card\" content=\"summary_large_image\" \/>\n<meta name=\"twitter:label1\" content=\"Prix\" \/>\n\t<meta name=\"twitter:data1\" content=\"80,00&nbsp;&euro;\" \/>\n\t<meta name=\"twitter:label2\" content=\"Disponibilit\u00e9\" \/>\n\t<meta name=\"twitter:data2\" content=\"En stock\" \/>\n<script type=\"application\/ld+json\" class=\"yoast-schema-graph\">{\"@context\":\"https:\/\/schema.org\",\"@graph\":[{\"@type\":\"WebPage\",\"@id\":\"https:\/\/fliparas.com\/activity\/sunset-tour-ibiza\/\",\"url\":\"https:\/\/fliparas.com\/activity\/sunset-tour-ibiza\/\",\"name\":\"Sunset Tour Ibiza \ud83c\udf05\u200b\",\"isPartOf\":{\"@id\":\"https:\/\/fliparas.com\/#website\"},\"primaryImageOfPage\":{\"@id\":\"https:\/\/fliparas.com\/activity\/sunset-tour-ibiza\/#primaryimage\"},\"image\":{\"@id\":\"https:\/\/fliparas.com\/activity\/sunset-tour-ibiza\/#primaryimage\"},\"thumbnailUrl\":\"https:\/\/fliparas.com\/wp-content\/uploads\/2024\/03\/Diseno-sin-titulo-12-1.png\",\"datePublished\":\"2024-03-26T14:04:43+00:00\",\"dateModified\":\"2025-01-31T10:26:03+00:00\",\"description\":\"Sunset Tour Ibiza. If you want an unforgettable experience, the sunsets in Ibiza are what you need!!! Contact Us! Sunsets in Ibiza!\",\"breadcrumb\":{\"@id\":\"https:\/\/fliparas.com\/activity\/sunset-tour-ibiza\/#breadcrumb\"},\"inLanguage\":\"fr-FR\",\"potentialAction\":[{\"@type\":\"ReadAction\",\"target\":[\"https:\/\/fliparas.com\/activity\/sunset-tour-ibiza\/\"]}]},{\"@type\":\"ImageObject\",\"inLanguage\":\"fr-FR\",\"@id\":\"https:\/\/fliparas.com\/activity\/sunset-tour-ibiza\/#primaryimage\",\"url\":\"https:\/\/fliparas.com\/wp-content\/uploads\/2024\/03\/Diseno-sin-titulo-12-1.png\",\"contentUrl\":\"https:\/\/fliparas.com\/wp-content\/uploads\/2024\/03\/Diseno-sin-titulo-12-1.png\",\"width\":500,\"height\":457,\"caption\":\"Sunset Tour Ibiza Image\"},{\"@type\":\"BreadcrumbList\",\"@id\":\"https:\/\/fliparas.com\/activity\/sunset-tour-ibiza\/#breadcrumb\",\"itemListElement\":[{\"@type\":\"ListItem\",\"position\":1,\"name\":\"Home\",\"item\":\"https:\/\/fliparas.com\/\"},{\"@type\":\"ListItem\",\"position\":2,\"name\":\"Shop\",\"item\":\"https:\/\/fliparas.com\/shop\/\"},{\"@type\":\"ListItem\",\"position\":3,\"name\":\"Sunset Tour Ibiza\"}]},{\"@type\":\"WebSite\",\"@id\":\"https:\/\/fliparas.com\/#website\",\"url\":\"https:\/\/fliparas.com\/\",\"name\":\"Agency Specialised in Stag and Hen Parties\",\"description\":\"Trust the highest rated agency to organize an unforgettable stag and hen parties in Europe\",\"publisher\":{\"@id\":\"https:\/\/fliparas.com\/#organization\"},\"alternateName\":\"Fliparas Agency Specialised in Stag and Hen Parties\",\"potentialAction\":[{\"@type\":\"SearchAction\",\"target\":{\"@type\":\"EntryPoint\",\"urlTemplate\":\"https:\/\/fliparas.com\/?s={search_term_string}\"},\"query-input\":{\"@type\":\"PropertyValueSpecification\",\"valueRequired\":true,\"valueName\":\"search_term_string\"}}],\"inLanguage\":\"fr-FR\"},{\"@type\":\"Organization\",\"@id\":\"https:\/\/fliparas.com\/#organization\",\"name\":\"Fliparas\",\"alternateName\":\"Agency Specialised in Stag and Hen Parties\",\"url\":\"https:\/\/fliparas.com\/\",\"logo\":{\"@type\":\"ImageObject\",\"inLanguage\":\"fr-FR\",\"@id\":\"https:\/\/fliparas.com\/#\/schema\/logo\/image\/\",\"url\":\"https:\/\/fliparas.com\/wp-content\/uploads\/2024\/03\/Logo-Fliparas.png\",\"contentUrl\":\"https:\/\/fliparas.com\/wp-content\/uploads\/2024\/03\/Logo-Fliparas.png\",\"width\":1024,\"height\":1024,\"caption\":\"Fliparas\"},\"image\":{\"@id\":\"https:\/\/fliparas.com\/#\/schema\/logo\/image\/\"}}]}<\/script>\n<meta property=\"product:price:amount\" content=\"80.00\" \/>\n<meta property=\"product:price:currency\" content=\"EUR\" \/>\n<meta property=\"og:availability\" content=\"instock\" \/>\n<meta property=\"product:availability\" content=\"instock\" \/>\n<meta property=\"product:condition\" content=\"new\" \/>\n<!-- \/ Yoast SEO plugin. -->","yoast_head_json":{"title":"Sunset Tour Ibiza \ud83c\udf05","description":"Sunset Tour Ibiza. Si vous voulez vivre une exp\u00e9rience inoubliable, les couchers de soleil \u00e0 Ibiza sont ce qu'il vous faut ! Contactez nous ! Couchers de soleil \u00e0 Ibiza !","robots":{"index":"index","follow":"follow","max-snippet":"max-snippet:-1","max-image-preview":"max-image-preview:large","max-video-preview":"max-video-preview:-1"},"canonical":"https:\/\/fliparas.com\/fr\/activite\/tour-du-coucher-de-soleil-a-ibiza\/","og_locale":"fr_FR","og_type":"article","og_title":"Sunset Tour Ibiza \ud83c\udf05\u200b","og_description":"Sunset Tour Ibiza. If you want an unforgettable experience, the sunsets in Ibiza are what you need!!! Contact Us! Sunsets in Ibiza!","og_url":"https:\/\/fliparas.com\/fr\/activite\/tour-du-coucher-de-soleil-a-ibiza\/","og_site_name":"Agency Specialised in Stag and Hen Parties","article_modified_time":"2025-01-31T10:26:03+00:00","og_image":[{"width":500,"height":457,"url":"https:\/\/fliparas.com\/wp-content\/uploads\/2024\/03\/Diseno-sin-titulo-12-1.png","type":"image\/png"}],"twitter_card":"summary_large_image","twitter_misc":{"Prix":"80,00&nbsp;&euro;","Disponibilit\u00e9":"En stock"},"schema":{"@context":"https:\/\/schema.org","@graph":[{"@type":"WebPage","@id":"https:\/\/fliparas.com\/activity\/sunset-tour-ibiza\/","url":"https:\/\/fliparas.com\/activity\/sunset-tour-ibiza\/","name":"Sunset Tour Ibiza \ud83c\udf05","isPartOf":{"@id":"https:\/\/fliparas.com\/#website"},"primaryImageOfPage":{"@id":"https:\/\/fliparas.com\/activity\/sunset-tour-ibiza\/#primaryimage"},"image":{"@id":"https:\/\/fliparas.com\/activity\/sunset-tour-ibiza\/#primaryimage"},"thumbnailUrl":"https:\/\/fliparas.com\/wp-content\/uploads\/2024\/03\/Diseno-sin-titulo-12-1.png","datePublished":"2024-03-26T14:04:43+00:00","dateModified":"2025-01-31T10:26:03+00:00","description":"Sunset Tour Ibiza. Si vous voulez vivre une exp\u00e9rience inoubliable, les couchers de soleil \u00e0 Ibiza sont ce qu'il vous faut ! Contactez nous ! Couchers de soleil \u00e0 Ibiza !","breadcrumb":{"@id":"https:\/\/fliparas.com\/activity\/sunset-tour-ibiza\/#breadcrumb"},"inLanguage":"fr-FR","potentialAction":[{"@type":"ReadAction","target":["https:\/\/fliparas.com\/activity\/sunset-tour-ibiza\/"]}]},{"@type":"ImageObject","inLanguage":"fr-FR","@id":"https:\/\/fliparas.com\/activity\/sunset-tour-ibiza\/#primaryimage","url":"https:\/\/fliparas.com\/wp-content\/uploads\/2024\/03\/Diseno-sin-titulo-12-1.png","contentUrl":"https:\/\/fliparas.com\/wp-content\/uploads\/2024\/03\/Diseno-sin-titulo-12-1.png","width":500,"height":457,"caption":"Sunset Tour Ibiza Image"},{"@type":"BreadcrumbList","@id":"https:\/\/fliparas.com\/activity\/sunset-tour-ibiza\/#breadcrumb","itemListElement":[{"@type":"ListItem","position":1,"name":"Home","item":"https:\/\/fliparas.com\/"},{"@type":"ListItem","position":2,"name":"Shop","item":"https:\/\/fliparas.com\/shop\/"},{"@type":"ListItem","position":3,"name":"Sunset Tour Ibiza"}]},{"@type":"WebSite","@id":"https:\/\/fliparas.com\/#website","url":"https:\/\/fliparas.com\/","name":"Agence sp\u00e9cialis\u00e9e dans les enterrements de vie de gar\u00e7on et de jeune fille","description":"Faites confiance \u00e0 l'agence la mieux not\u00e9e pour organiser un enterrement de vie de gar\u00e7on ou de jeune fille inoubliable en Europe.","publisher":{"@id":"https:\/\/fliparas.com\/#organization"},"alternateName":"Fliparas Agency Specialised in Stag and Hen Parties","potentialAction":[{"@type":"SearchAction","target":{"@type":"EntryPoint","urlTemplate":"https:\/\/fliparas.com\/?s={search_term_string}"},"query-input":{"@type":"PropertyValueSpecification","valueRequired":true,"valueName":"search_term_string"}}],"inLanguage":"fr-FR"},{"@type":"Organization","@id":"https:\/\/fliparas.com\/#organization","name":"Fliparas","alternateName":"Agency Specialised in Stag and Hen Parties","url":"https:\/\/fliparas.com\/","logo":{"@type":"ImageObject","inLanguage":"fr-FR","@id":"https:\/\/fliparas.com\/#\/schema\/logo\/image\/","url":"https:\/\/fliparas.com\/wp-content\/uploads\/2024\/03\/Logo-Fliparas.png","contentUrl":"https:\/\/fliparas.com\/wp-content\/uploads\/2024\/03\/Logo-Fliparas.png","width":1024,"height":1024,"caption":"Fliparas"},"image":{"@id":"https:\/\/fliparas.com\/#\/schema\/logo\/image\/"}}]},"product_price_amount":"80.00","product_price_currency":"EUR","og_availability":"instock","product_availability":"instock","product_condition":"new"},"_links":{"self":[{"href":"https:\/\/fliparas.com\/fr\/wp-json\/wp\/v2\/product\/1446","targetHints":{"allow":["GET"]}}],"collection":[{"href":"https:\/\/fliparas.com\/fr\/wp-json\/wp\/v2\/product"}],"about":[{"href":"https:\/\/fliparas.com\/fr\/wp-json\/wp\/v2\/types\/product"}],"wp:featuredmedia":[{"embeddable":true,"href":"https:\/\/fliparas.com\/fr\/wp-json\/wp\/v2\/media\/1447"}],"wp:attachment":[{"href":"https:\/\/fliparas.com\/fr\/wp-json\/wp\/v2\/media?parent=1446"}],"wp:term":[{"taxonomy":"product_brand","embeddable":true,"href":"https:\/\/fliparas.com\/fr\/wp-json\/wp\/v2\/product_brand?post=1446"},{"taxonomy":"product_cat","embeddable":true,"href":"https:\/\/fliparas.com\/fr\/wp-json\/wp\/v2\/product_cat?post=1446"},{"taxonomy":"product_tag","embeddable":true,"href":"https:\/\/fliparas.com\/fr\/wp-json\/wp\/v2\/product_tag?post=1446"}],"curies":[{"name":"wp","href":"https:\/\/api.w.org\/{rel}","templated":true}]}}