{"id":1452,"date":"2024-03-26T15:03:14","date_gmt":"2024-03-26T15:03:14","guid":{"rendered":"https:\/\/fliparas.com\/?post_type=product&#038;p=1452"},"modified":"2025-01-31T11:26:03","modified_gmt":"2025-01-31T10:26:03","slug":"voilier-prive-ibiza","status":"publish","type":"product","link":"https:\/\/fliparas.com\/fr\/activite\/voilier-prive-ibiza\/","title":{"rendered":"Voilier priv\u00e9 Ibiza"},"content":{"rendered":"<ul>\n<li>Voilier priv\u00e9 Ibiza. Profitez de cinq heures de navigation priv\u00e9e pour vous et vos amis. Profitez des eaux cristallines d'Ibiza.<\/li>\n<\/ul>\n<p>Les meilleurs enterrements de vie de gar\u00e7on et de jeune fille avec <a href=\"https:\/\/fliparas.com\/fr\/enterrement-de-vie-de-garcon\/\">Enterrement de vie de gar\u00e7on<\/a>! <a href=\"https:\/\/fliparas.com\/fr\/enterrement-de-vie-de-jeune-fille\/\">Enterrement de vie de jeune fille<\/a>!<\/p>\n<h2 style=\"text-align: center;\">Voilier priv\u00e9 Ibiza \ud83d\udea2<\/h2>\n<p>\ud83c\udfdd\ufe0f Explorez Ibiza avec style \u00e0 bord de notre voilier!\ud83d\udea4<\/p>\n<p>\ud83c\udf0a Pr\u00e9parez-vous \u00e0 une aventure inoubliable en louant notre catamaran exclusif \u00e0 Ibiza ! \ud83c\udf34<\/p>\n<p>\ud83d\udd52 Le forfait charter de 5 heures vous emm\u00e8ne \u00e0 travers les eaux cristallines d'Ibiza, offrant un luxe absolu avec un capitaine professionnel aux commandes. Profitez du soleil, de la brise marine et de la compagnie de vos proches lors de cette exp\u00e9rience unique.<\/p>\n<p>\u2693 Le forfait tout compris inclut le carburant et l'assurance, ce qui vous permet de vous d\u00e9tendre et de profiter du voyage.<\/p>\n<p>\ud83c\udf79 En option, des boissons rafra\u00eechissantes et des repas peuvent \u00eatre ajout\u00e9s pour une exp\u00e9rience encore plus agr\u00e9able.<\/p>\n<p>\ud83c\udfb5 \u00c9quipez-vous de vos chansons pr\u00e9f\u00e9r\u00e9es gr\u00e2ce \u00e0 notre syst\u00e8me audio Bluetooth \u00e0 bord, cr\u00e9ant ainsi l'ambiance parfaite pour votre journ\u00e9e en mer.<\/p>\n<p>\ud83c\udfb6 De plus, personnalisez votre itin\u00e9raire en ajoutant des escales en haute mer pour des baignades rafra\u00eechissantes.<\/p>\n<p>\ud83d\udee5\ufe0f R\u00e9servez d\u00e8s maintenant votre Private SailBoat Ibiza pour une aventure exclusive !<\/p>\n<p>\ud83c\udf1f Ne manquez pas cette occasion de cr\u00e9er des souvenirs extraordinaires avec vos proches. Embarquez pour une journ\u00e9e de d\u00e9tente, d'amusement et d'exploration sur les belles eaux d'Ibiza ! \ud83c\udf1e<\/p>\n<p class=\"p1\" style=\"text-align: center;\"><strong><br \/>\nR\u00c9SERVATION POSSIBLE POUR LES GROUPES DE : 8 \u00e0 11 PERSONNES.<\/strong><\/p>","protected":false},"excerpt":{"rendered":"<p>Naviguez sur les eaux cristallines de la mer M\u00e9diterran\u00e9e pour une excursion d'une dur\u00e9e de 3 heures ou plus.<br \/>\nVoilier priv\u00e9 Ibiza !<br \/>\n<strong>R\u00c9SERVATION POSSIBLE POUR LES GROUPES DE : 8 \u00e0 11 PERSONNES.<\/strong><\/p>","protected":false},"featured_media":1453,"template":"","meta":[],"product_brand":[425],"product_cat":[266,265,267],"product_tag":[359,360,358],"class_list":{"0":"post-1452","1":"product","2":"type-product","3":"status-publish","4":"has-post-thumbnail","6":"product_brand-fliparas-inc","7":"product_cat-hen-party-ibiza-activities","8":"product_cat-ibiza","9":"product_cat-stag-party-ibiza-activities","10":"product_tag-private-sailboat-ibiza","11":"product_tag-sailboat","12":"product_tag-sailboat-ibiza","14":"first","15":"instock","16":"virtual","17":"sold-individually","18":"purchasable","19":"product-type-booking"},"yoast_head":"<!-- This site is optimized with the Yoast SEO plugin v26.9 - https:\/\/yoast.com\/product\/yoast-seo-wordpress\/ -->\n<title>Private SailBoat Ibiza<\/title>\n<meta name=\"description\" content=\"Private SailBoat Ibiza. Private SailBoat Ibiza. Enjoy five hours of private boating for you and your friends. Enjoy the crystal clear waters of Ibiza.\" \/>\n<meta name=\"robots\" content=\"index, follow, max-snippet:-1, max-image-preview:large, max-video-preview:-1\" \/>\n<link rel=\"canonical\" href=\"https:\/\/fliparas.com\/fr\/activite\/voilier-prive-ibiza\/\" \/>\n<meta property=\"og:locale\" content=\"fr_FR\" \/>\n<meta property=\"og:type\" content=\"article\" \/>\n<meta property=\"og:title\" content=\"Private SailBoat Ibiza\" \/>\n<meta property=\"og:description\" content=\"Private SailBoat Ibiza. Private SailBoat Ibiza. Enjoy five hours of private boating for you and your friends. Enjoy the crystal clear waters of Ibiza.\" \/>\n<meta property=\"og:url\" content=\"https:\/\/fliparas.com\/fr\/activite\/voilier-prive-ibiza\/\" \/>\n<meta property=\"og:site_name\" content=\"Agency Specialised in Stag and Hen Parties\" \/>\n<meta property=\"article:modified_time\" content=\"2025-01-31T10:26:03+00:00\" \/>\n<meta property=\"og:image\" content=\"https:\/\/fliparas.com\/wp-content\/uploads\/2024\/03\/Diseno-sin-titulo-16-1.png\" \/>\n\t<meta property=\"og:image:width\" content=\"688\" \/>\n\t<meta property=\"og:image:height\" content=\"449\" \/>\n\t<meta property=\"og:image:type\" content=\"image\/png\" \/>\n<meta name=\"twitter:card\" content=\"summary_large_image\" \/>\n<meta name=\"twitter:label1\" content=\"Prix\" \/>\n\t<meta name=\"twitter:data1\" content=\"220,00&nbsp;&euro;\" \/>\n\t<meta name=\"twitter:label2\" content=\"Disponibilit\u00e9\" \/>\n\t<meta name=\"twitter:data2\" content=\"En stock\" \/>\n<script type=\"application\/ld+json\" class=\"yoast-schema-graph\">{\"@context\":\"https:\/\/schema.org\",\"@graph\":[{\"@type\":\"WebPage\",\"@id\":\"https:\/\/fliparas.com\/activity\/private-sailboat-ibiza\/\",\"url\":\"https:\/\/fliparas.com\/activity\/private-sailboat-ibiza\/\",\"name\":\"Private SailBoat Ibiza\",\"isPartOf\":{\"@id\":\"https:\/\/fliparas.com\/#website\"},\"primaryImageOfPage\":{\"@id\":\"https:\/\/fliparas.com\/activity\/private-sailboat-ibiza\/#primaryimage\"},\"image\":{\"@id\":\"https:\/\/fliparas.com\/activity\/private-sailboat-ibiza\/#primaryimage\"},\"thumbnailUrl\":\"https:\/\/fliparas.com\/wp-content\/uploads\/2024\/03\/Diseno-sin-titulo-16-1.png\",\"datePublished\":\"2024-03-26T15:03:14+00:00\",\"dateModified\":\"2025-01-31T10:26:03+00:00\",\"description\":\"Private SailBoat Ibiza. Private SailBoat Ibiza. Enjoy five hours of private boating for you and your friends. Enjoy the crystal clear waters of Ibiza.\",\"breadcrumb\":{\"@id\":\"https:\/\/fliparas.com\/activity\/private-sailboat-ibiza\/#breadcrumb\"},\"inLanguage\":\"fr-FR\",\"potentialAction\":[{\"@type\":\"ReadAction\",\"target\":[\"https:\/\/fliparas.com\/activity\/private-sailboat-ibiza\/\"]}]},{\"@type\":\"ImageObject\",\"inLanguage\":\"fr-FR\",\"@id\":\"https:\/\/fliparas.com\/activity\/private-sailboat-ibiza\/#primaryimage\",\"url\":\"https:\/\/fliparas.com\/wp-content\/uploads\/2024\/03\/Diseno-sin-titulo-16-1.png\",\"contentUrl\":\"https:\/\/fliparas.com\/wp-content\/uploads\/2024\/03\/Diseno-sin-titulo-16-1.png\",\"width\":688,\"height\":449,\"caption\":\"Private SailBoat Ibiza Products Image\"},{\"@type\":\"BreadcrumbList\",\"@id\":\"https:\/\/fliparas.com\/activity\/private-sailboat-ibiza\/#breadcrumb\",\"itemListElement\":[{\"@type\":\"ListItem\",\"position\":1,\"name\":\"Home\",\"item\":\"https:\/\/fliparas.com\/\"},{\"@type\":\"ListItem\",\"position\":2,\"name\":\"Shop\",\"item\":\"https:\/\/fliparas.com\/shop\/\"},{\"@type\":\"ListItem\",\"position\":3,\"name\":\"Private SailBoat Ibiza\"}]},{\"@type\":\"WebSite\",\"@id\":\"https:\/\/fliparas.com\/#website\",\"url\":\"https:\/\/fliparas.com\/\",\"name\":\"Agency Specialised in Stag and Hen Parties\",\"description\":\"Trust the highest rated agency to organize an unforgettable stag and hen parties in Europe\",\"publisher\":{\"@id\":\"https:\/\/fliparas.com\/#organization\"},\"alternateName\":\"Fliparas Agency Specialised in Stag and Hen Parties\",\"potentialAction\":[{\"@type\":\"SearchAction\",\"target\":{\"@type\":\"EntryPoint\",\"urlTemplate\":\"https:\/\/fliparas.com\/?s={search_term_string}\"},\"query-input\":{\"@type\":\"PropertyValueSpecification\",\"valueRequired\":true,\"valueName\":\"search_term_string\"}}],\"inLanguage\":\"fr-FR\"},{\"@type\":\"Organization\",\"@id\":\"https:\/\/fliparas.com\/#organization\",\"name\":\"Fliparas\",\"alternateName\":\"Agency Specialised in Stag and Hen Parties\",\"url\":\"https:\/\/fliparas.com\/\",\"logo\":{\"@type\":\"ImageObject\",\"inLanguage\":\"fr-FR\",\"@id\":\"https:\/\/fliparas.com\/#\/schema\/logo\/image\/\",\"url\":\"https:\/\/fliparas.com\/wp-content\/uploads\/2024\/03\/Logo-Fliparas.png\",\"contentUrl\":\"https:\/\/fliparas.com\/wp-content\/uploads\/2024\/03\/Logo-Fliparas.png\",\"width\":1024,\"height\":1024,\"caption\":\"Fliparas\"},\"image\":{\"@id\":\"https:\/\/fliparas.com\/#\/schema\/logo\/image\/\"}}]}<\/script>\n<meta property=\"product:price:amount\" content=\"220.00\" \/>\n<meta property=\"product:price:currency\" content=\"EUR\" \/>\n<meta property=\"og:availability\" content=\"instock\" \/>\n<meta property=\"product:availability\" content=\"instock\" \/>\n<meta property=\"product:condition\" content=\"new\" \/>\n<!-- \/ Yoast SEO plugin. -->","yoast_head_json":{"title":"Voilier priv\u00e9 Ibiza","description":"Voilier priv\u00e9 Ibiza. Voilier priv\u00e9 Ibiza. Profitez de cinq heures de navigation priv\u00e9e pour vous et vos amis. Profitez des eaux cristallines d'Ibiza.","robots":{"index":"index","follow":"follow","max-snippet":"max-snippet:-1","max-image-preview":"max-image-preview:large","max-video-preview":"max-video-preview:-1"},"canonical":"https:\/\/fliparas.com\/fr\/activite\/voilier-prive-ibiza\/","og_locale":"fr_FR","og_type":"article","og_title":"Private SailBoat Ibiza","og_description":"Private SailBoat Ibiza. Private SailBoat Ibiza. Enjoy five hours of private boating for you and your friends. Enjoy the crystal clear waters of Ibiza.","og_url":"https:\/\/fliparas.com\/fr\/activite\/voilier-prive-ibiza\/","og_site_name":"Agency Specialised in Stag and Hen Parties","article_modified_time":"2025-01-31T10:26:03+00:00","og_image":[{"width":688,"height":449,"url":"https:\/\/fliparas.com\/wp-content\/uploads\/2024\/03\/Diseno-sin-titulo-16-1.png","type":"image\/png"}],"twitter_card":"summary_large_image","twitter_misc":{"Prix":"220,00&nbsp;&euro;","Disponibilit\u00e9":"En stock"},"schema":{"@context":"https:\/\/schema.org","@graph":[{"@type":"WebPage","@id":"https:\/\/fliparas.com\/activity\/private-sailboat-ibiza\/","url":"https:\/\/fliparas.com\/activity\/private-sailboat-ibiza\/","name":"Voilier priv\u00e9 Ibiza","isPartOf":{"@id":"https:\/\/fliparas.com\/#website"},"primaryImageOfPage":{"@id":"https:\/\/fliparas.com\/activity\/private-sailboat-ibiza\/#primaryimage"},"image":{"@id":"https:\/\/fliparas.com\/activity\/private-sailboat-ibiza\/#primaryimage"},"thumbnailUrl":"https:\/\/fliparas.com\/wp-content\/uploads\/2024\/03\/Diseno-sin-titulo-16-1.png","datePublished":"2024-03-26T15:03:14+00:00","dateModified":"2025-01-31T10:26:03+00:00","description":"Voilier priv\u00e9 Ibiza. Voilier priv\u00e9 Ibiza. Profitez de cinq heures de navigation priv\u00e9e pour vous et vos amis. Profitez des eaux cristallines d'Ibiza.","breadcrumb":{"@id":"https:\/\/fliparas.com\/activity\/private-sailboat-ibiza\/#breadcrumb"},"inLanguage":"fr-FR","potentialAction":[{"@type":"ReadAction","target":["https:\/\/fliparas.com\/activity\/private-sailboat-ibiza\/"]}]},{"@type":"ImageObject","inLanguage":"fr-FR","@id":"https:\/\/fliparas.com\/activity\/private-sailboat-ibiza\/#primaryimage","url":"https:\/\/fliparas.com\/wp-content\/uploads\/2024\/03\/Diseno-sin-titulo-16-1.png","contentUrl":"https:\/\/fliparas.com\/wp-content\/uploads\/2024\/03\/Diseno-sin-titulo-16-1.png","width":688,"height":449,"caption":"Private SailBoat Ibiza Products Image"},{"@type":"BreadcrumbList","@id":"https:\/\/fliparas.com\/activity\/private-sailboat-ibiza\/#breadcrumb","itemListElement":[{"@type":"ListItem","position":1,"name":"Home","item":"https:\/\/fliparas.com\/"},{"@type":"ListItem","position":2,"name":"Shop","item":"https:\/\/fliparas.com\/shop\/"},{"@type":"ListItem","position":3,"name":"Private SailBoat Ibiza"}]},{"@type":"WebSite","@id":"https:\/\/fliparas.com\/#website","url":"https:\/\/fliparas.com\/","name":"Agence sp\u00e9cialis\u00e9e dans les enterrements de vie de gar\u00e7on et de jeune fille","description":"Faites confiance \u00e0 l'agence la mieux not\u00e9e pour organiser un enterrement de vie de gar\u00e7on ou de jeune fille inoubliable en Europe.","publisher":{"@id":"https:\/\/fliparas.com\/#organization"},"alternateName":"Fliparas Agency Specialised in Stag and Hen Parties","potentialAction":[{"@type":"SearchAction","target":{"@type":"EntryPoint","urlTemplate":"https:\/\/fliparas.com\/?s={search_term_string}"},"query-input":{"@type":"PropertyValueSpecification","valueRequired":true,"valueName":"search_term_string"}}],"inLanguage":"fr-FR"},{"@type":"Organization","@id":"https:\/\/fliparas.com\/#organization","name":"Fliparas","alternateName":"Agency Specialised in Stag and Hen Parties","url":"https:\/\/fliparas.com\/","logo":{"@type":"ImageObject","inLanguage":"fr-FR","@id":"https:\/\/fliparas.com\/#\/schema\/logo\/image\/","url":"https:\/\/fliparas.com\/wp-content\/uploads\/2024\/03\/Logo-Fliparas.png","contentUrl":"https:\/\/fliparas.com\/wp-content\/uploads\/2024\/03\/Logo-Fliparas.png","width":1024,"height":1024,"caption":"Fliparas"},"image":{"@id":"https:\/\/fliparas.com\/#\/schema\/logo\/image\/"}}]},"product_price_amount":"220.00","product_price_currency":"EUR","og_availability":"instock","product_availability":"instock","product_condition":"new"},"_links":{"self":[{"href":"https:\/\/fliparas.com\/fr\/wp-json\/wp\/v2\/product\/1452","targetHints":{"allow":["GET"]}}],"collection":[{"href":"https:\/\/fliparas.com\/fr\/wp-json\/wp\/v2\/product"}],"about":[{"href":"https:\/\/fliparas.com\/fr\/wp-json\/wp\/v2\/types\/product"}],"wp:featuredmedia":[{"embeddable":true,"href":"https:\/\/fliparas.com\/fr\/wp-json\/wp\/v2\/media\/1453"}],"wp:attachment":[{"href":"https:\/\/fliparas.com\/fr\/wp-json\/wp\/v2\/media?parent=1452"}],"wp:term":[{"taxonomy":"product_brand","embeddable":true,"href":"https:\/\/fliparas.com\/fr\/wp-json\/wp\/v2\/product_brand?post=1452"},{"taxonomy":"product_cat","embeddable":true,"href":"https:\/\/fliparas.com\/fr\/wp-json\/wp\/v2\/product_cat?post=1452"},{"taxonomy":"product_tag","embeddable":true,"href":"https:\/\/fliparas.com\/fr\/wp-json\/wp\/v2\/product_tag?post=1452"}],"curies":[{"name":"wp","href":"https:\/\/api.w.org\/{rel}","templated":true}]}}