{"id":1455,"date":"2024-03-26T15:23:28","date_gmt":"2024-03-26T15:23:28","guid":{"rendered":"https:\/\/fliparas.com\/?post_type=product&#038;p=1455"},"modified":"2025-01-31T11:26:03","modified_gmt":"2025-01-31T10:26:03","slug":"combat-sexy-a-ibiza","status":"publish","type":"product","link":"https:\/\/fliparas.com\/fr\/activite\/combat-sexy-a-ibiza\/","title":{"rendered":"Bagarre sexy \u00e0 Ibiza"},"content":{"rendered":"<p>Bagarre sexy \u00e0 Ibiza. Une bagarre dans une piscine pleine de chocolat entre deux strip-teaseuses en bikini et le fianc\u00e9. A la fin, les filles se retrouvent dans le top least. Animation amusante et collaborative.<\/p>\n<ul>\n<li>Les meilleurs enterrements de vie de gar\u00e7on avec <a href=\"https:\/\/fliparas.com\/fr\/enterrement-de-vie-de-garcon\/\">Enterrement de vie de gar\u00e7on<\/a>! <a href=\"https:\/\/fliparas.com\/fr\/enterrement-de-vie-de-jeune-fille\/\">Enterrement de vie de jeune fille<\/a>!<\/li>\n<\/ul>\n<h2 style=\"text-align: center;\">Bagarre sexy \u00e0 Ibiza \ud83d\udd25<\/h2>\n<p>Imaginez que vous viviez le r\u00eave de tout un chacun. Deux femmes belles et audacieuses s'affrontent dans un combat sans merci. La boue les recouvre, les rendant encore plus sexy et provocantes. Un combat entre deux filles explosives en bikini dans une piscine d'eau et de chocolat. Le mari\u00e9, notre protagoniste de l'enterrement de vie de gar\u00e7on, sera \u00e0 l'int\u00e9rieur de la piscine. Bien que le combat commence avec les deux filles en bikini, il se terminera sans les hauts.<\/p>\n<p>Nous savons tous que dans un combat, il y a beaucoup d'attouchements, beaucoup de frottements.... Qu'y a-t-il de mieux que de voir ces superbes filles se frotter l'une contre l'autre ?<\/p>\n<p>R\u00e9servez avec votre groupe et ne manquez pas cette exp\u00e9rience \u00e9rotique et divertissante.<\/p>\n<p>Le combat est intense et passionn\u00e9. Les deux femmes se battent de toutes leurs forces, cr\u00e9ant un spectacle spectaculaire et plein d'adr\u00e9naline.<\/p>\n<p>La lutte dans la boue est un spectacle unique et sauvage. Pensez-y avant de partir, vous en aurez le souffle coup\u00e9.<\/p>\n<p>Pouvez-vous imaginer une meilleure fa\u00e7on de c\u00e9l\u00e9brer votre enterrement de vie de gar\u00e7on que cette rencontre sexy \u00e0 Ibiza ?<\/p>\n<p style=\"text-align: center;\">\ud83d\udd25 R\u00e9servez votre combat sexy \u00e0 Ibiza d\u00e8s maintenant\ud83d\udd25<\/p>","protected":false},"excerpt":{"rendered":"<p>Une bagarre dans une piscine pleine de chocolat entre deux strip-teaseuses en bikini et le fianc\u00e9. A la fin, les filles se retrouvent dans le top least. Animation ludique et collaborative.<\/p>","protected":false},"featured_media":0,"template":"","meta":[],"product_brand":[425],"product_cat":[265,267],"product_tag":[189,188],"class_list":{"0":"post-1455","1":"product","2":"type-product","3":"status-publish","5":"product_brand-fliparas-inc","6":"product_cat-ibiza","7":"product_cat-stag-party-ibiza-activities","8":"product_tag-erotic-fight-in-mallorca","9":"product_tag-sexy-fight-in-mallorca","11":"first","12":"instock","13":"virtual","14":"sold-individually","15":"purchasable","16":"product-type-booking"},"yoast_head":"<!-- This site is optimized with the Yoast SEO plugin v26.9 - https:\/\/yoast.com\/product\/yoast-seo-wordpress\/ -->\n<title>Sexy Fight in Ibiza<\/title>\n<meta name=\"description\" content=\"Sexy Fight in Ibiza - A fight in a swimming pool full of chocolate between two strippers in bikinis and the fianc\u00e9. Wrestling in the mud\" \/>\n<meta name=\"robots\" content=\"index, follow, max-snippet:-1, max-image-preview:large, max-video-preview:-1\" \/>\n<link rel=\"canonical\" href=\"https:\/\/fliparas.com\/fr\/activite\/combat-sexy-a-ibiza\/\" \/>\n<meta property=\"og:locale\" content=\"fr_FR\" \/>\n<meta property=\"og:type\" content=\"article\" \/>\n<meta property=\"og:title\" content=\"Sexy Fight in Ibiza\" \/>\n<meta property=\"og:description\" content=\"Sexy Fight in Ibiza - A fight in a swimming pool full of chocolate between two strippers in bikinis and the fianc\u00e9. Wrestling in the mud\" \/>\n<meta property=\"og:url\" content=\"https:\/\/fliparas.com\/fr\/activite\/combat-sexy-a-ibiza\/\" \/>\n<meta property=\"og:site_name\" content=\"Agency Specialised in Stag and Hen Parties\" \/>\n<meta property=\"article:modified_time\" content=\"2025-01-31T10:26:03+00:00\" \/>\n<meta property=\"og:image\" content=\"https:\/\/fliparas.com\/wp-content\/uploads\/2024\/03\/Logo-Fliparas-Rec.png\" \/>\n\t<meta property=\"og:image:width\" content=\"1024\" \/>\n\t<meta property=\"og:image:height\" content=\"576\" \/>\n\t<meta property=\"og:image:type\" content=\"image\/png\" \/>\n<meta name=\"twitter:card\" content=\"summary_large_image\" \/>\n<meta name=\"twitter:label1\" content=\"Prix\" \/>\n\t<meta name=\"twitter:data1\" content=\"700,00&nbsp;&euro;\" \/>\n\t<meta name=\"twitter:label2\" content=\"Disponibilit\u00e9\" \/>\n\t<meta name=\"twitter:data2\" content=\"En stock\" \/>\n<script type=\"application\/ld+json\" class=\"yoast-schema-graph\">{\"@context\":\"https:\/\/schema.org\",\"@graph\":[{\"@type\":\"WebPage\",\"@id\":\"https:\/\/fliparas.com\/activity\/sexy-fight-in-ibiza\/\",\"url\":\"https:\/\/fliparas.com\/activity\/sexy-fight-in-ibiza\/\",\"name\":\"Sexy Fight in Ibiza\",\"isPartOf\":{\"@id\":\"https:\/\/fliparas.com\/#website\"},\"datePublished\":\"2024-03-26T15:23:28+00:00\",\"dateModified\":\"2025-01-31T10:26:03+00:00\",\"description\":\"Sexy Fight in Ibiza - A fight in a swimming pool full of chocolate between two strippers in bikinis and the fianc\u00e9. Wrestling in the mud\",\"breadcrumb\":{\"@id\":\"https:\/\/fliparas.com\/activity\/sexy-fight-in-ibiza\/#breadcrumb\"},\"inLanguage\":\"fr-FR\",\"potentialAction\":[{\"@type\":\"ReadAction\",\"target\":[\"https:\/\/fliparas.com\/activity\/sexy-fight-in-ibiza\/\"]}]},{\"@type\":\"BreadcrumbList\",\"@id\":\"https:\/\/fliparas.com\/activity\/sexy-fight-in-ibiza\/#breadcrumb\",\"itemListElement\":[{\"@type\":\"ListItem\",\"position\":1,\"name\":\"Home\",\"item\":\"https:\/\/fliparas.com\/\"},{\"@type\":\"ListItem\",\"position\":2,\"name\":\"Shop\",\"item\":\"https:\/\/fliparas.com\/shop\/\"},{\"@type\":\"ListItem\",\"position\":3,\"name\":\"Sexy Fight in Ibiza\"}]},{\"@type\":\"WebSite\",\"@id\":\"https:\/\/fliparas.com\/#website\",\"url\":\"https:\/\/fliparas.com\/\",\"name\":\"Agency Specialised in Stag and Hen Parties\",\"description\":\"Trust the highest rated agency to organize an unforgettable stag and hen parties in Europe\",\"publisher\":{\"@id\":\"https:\/\/fliparas.com\/#organization\"},\"alternateName\":\"Fliparas Agency Specialised in Stag and Hen Parties\",\"potentialAction\":[{\"@type\":\"SearchAction\",\"target\":{\"@type\":\"EntryPoint\",\"urlTemplate\":\"https:\/\/fliparas.com\/?s={search_term_string}\"},\"query-input\":{\"@type\":\"PropertyValueSpecification\",\"valueRequired\":true,\"valueName\":\"search_term_string\"}}],\"inLanguage\":\"fr-FR\"},{\"@type\":\"Organization\",\"@id\":\"https:\/\/fliparas.com\/#organization\",\"name\":\"Fliparas\",\"alternateName\":\"Agency Specialised in Stag and Hen Parties\",\"url\":\"https:\/\/fliparas.com\/\",\"logo\":{\"@type\":\"ImageObject\",\"inLanguage\":\"fr-FR\",\"@id\":\"https:\/\/fliparas.com\/#\/schema\/logo\/image\/\",\"url\":\"https:\/\/fliparas.com\/wp-content\/uploads\/2024\/03\/Logo-Fliparas.png\",\"contentUrl\":\"https:\/\/fliparas.com\/wp-content\/uploads\/2024\/03\/Logo-Fliparas.png\",\"width\":1024,\"height\":1024,\"caption\":\"Fliparas\"},\"image\":{\"@id\":\"https:\/\/fliparas.com\/#\/schema\/logo\/image\/\"}}]}<\/script>\n<meta property=\"product:price:amount\" content=\"700.00\" \/>\n<meta property=\"product:price:currency\" content=\"EUR\" \/>\n<meta property=\"og:availability\" content=\"instock\" \/>\n<meta property=\"product:availability\" content=\"instock\" \/>\n<meta property=\"product:condition\" content=\"new\" \/>\n<!-- \/ Yoast SEO plugin. -->","yoast_head_json":{"title":"Bagarre sexy \u00e0 Ibiza","description":"Combat sexy \u00e0 Ibiza - Un combat dans une piscine pleine de chocolat entre deux strip-teaseuses en bikini et le fianc\u00e9. Lutte dans la boue","robots":{"index":"index","follow":"follow","max-snippet":"max-snippet:-1","max-image-preview":"max-image-preview:large","max-video-preview":"max-video-preview:-1"},"canonical":"https:\/\/fliparas.com\/fr\/activite\/combat-sexy-a-ibiza\/","og_locale":"fr_FR","og_type":"article","og_title":"Sexy Fight in Ibiza","og_description":"Sexy Fight in Ibiza - A fight in a swimming pool full of chocolate between two strippers in bikinis and the fianc\u00e9. Wrestling in the mud","og_url":"https:\/\/fliparas.com\/fr\/activite\/combat-sexy-a-ibiza\/","og_site_name":"Agency Specialised in Stag and Hen Parties","article_modified_time":"2025-01-31T10:26:03+00:00","og_image":[{"width":1024,"height":576,"url":"https:\/\/fliparas.com\/wp-content\/uploads\/2024\/03\/Logo-Fliparas-Rec.png","type":"image\/png"}],"twitter_card":"summary_large_image","twitter_misc":{"Prix":"700,00&nbsp;&euro;","Disponibilit\u00e9":"En stock"},"schema":{"@context":"https:\/\/schema.org","@graph":[{"@type":"WebPage","@id":"https:\/\/fliparas.com\/activity\/sexy-fight-in-ibiza\/","url":"https:\/\/fliparas.com\/activity\/sexy-fight-in-ibiza\/","name":"Bagarre sexy \u00e0 Ibiza","isPartOf":{"@id":"https:\/\/fliparas.com\/#website"},"datePublished":"2024-03-26T15:23:28+00:00","dateModified":"2025-01-31T10:26:03+00:00","description":"Combat sexy \u00e0 Ibiza - Un combat dans une piscine pleine de chocolat entre deux strip-teaseuses en bikini et le fianc\u00e9. Lutte dans la boue","breadcrumb":{"@id":"https:\/\/fliparas.com\/activity\/sexy-fight-in-ibiza\/#breadcrumb"},"inLanguage":"fr-FR","potentialAction":[{"@type":"ReadAction","target":["https:\/\/fliparas.com\/activity\/sexy-fight-in-ibiza\/"]}]},{"@type":"BreadcrumbList","@id":"https:\/\/fliparas.com\/activity\/sexy-fight-in-ibiza\/#breadcrumb","itemListElement":[{"@type":"ListItem","position":1,"name":"Home","item":"https:\/\/fliparas.com\/"},{"@type":"ListItem","position":2,"name":"Shop","item":"https:\/\/fliparas.com\/shop\/"},{"@type":"ListItem","position":3,"name":"Sexy Fight in Ibiza"}]},{"@type":"WebSite","@id":"https:\/\/fliparas.com\/#website","url":"https:\/\/fliparas.com\/","name":"Agence sp\u00e9cialis\u00e9e dans les enterrements de vie de gar\u00e7on et de jeune fille","description":"Faites confiance \u00e0 l'agence la mieux not\u00e9e pour organiser un enterrement de vie de gar\u00e7on ou de jeune fille inoubliable en Europe.","publisher":{"@id":"https:\/\/fliparas.com\/#organization"},"alternateName":"Fliparas Agency Specialised in Stag and Hen Parties","potentialAction":[{"@type":"SearchAction","target":{"@type":"EntryPoint","urlTemplate":"https:\/\/fliparas.com\/?s={search_term_string}"},"query-input":{"@type":"PropertyValueSpecification","valueRequired":true,"valueName":"search_term_string"}}],"inLanguage":"fr-FR"},{"@type":"Organization","@id":"https:\/\/fliparas.com\/#organization","name":"Fliparas","alternateName":"Agency Specialised in Stag and Hen Parties","url":"https:\/\/fliparas.com\/","logo":{"@type":"ImageObject","inLanguage":"fr-FR","@id":"https:\/\/fliparas.com\/#\/schema\/logo\/image\/","url":"https:\/\/fliparas.com\/wp-content\/uploads\/2024\/03\/Logo-Fliparas.png","contentUrl":"https:\/\/fliparas.com\/wp-content\/uploads\/2024\/03\/Logo-Fliparas.png","width":1024,"height":1024,"caption":"Fliparas"},"image":{"@id":"https:\/\/fliparas.com\/#\/schema\/logo\/image\/"}}]},"product_price_amount":"700.00","product_price_currency":"EUR","og_availability":"instock","product_availability":"instock","product_condition":"new"},"_links":{"self":[{"href":"https:\/\/fliparas.com\/fr\/wp-json\/wp\/v2\/product\/1455","targetHints":{"allow":["GET"]}}],"collection":[{"href":"https:\/\/fliparas.com\/fr\/wp-json\/wp\/v2\/product"}],"about":[{"href":"https:\/\/fliparas.com\/fr\/wp-json\/wp\/v2\/types\/product"}],"wp:attachment":[{"href":"https:\/\/fliparas.com\/fr\/wp-json\/wp\/v2\/media?parent=1455"}],"wp:term":[{"taxonomy":"product_brand","embeddable":true,"href":"https:\/\/fliparas.com\/fr\/wp-json\/wp\/v2\/product_brand?post=1455"},{"taxonomy":"product_cat","embeddable":true,"href":"https:\/\/fliparas.com\/fr\/wp-json\/wp\/v2\/product_cat?post=1455"},{"taxonomy":"product_tag","embeddable":true,"href":"https:\/\/fliparas.com\/fr\/wp-json\/wp\/v2\/product_tag?post=1455"}],"curies":[{"name":"wp","href":"https:\/\/api.w.org\/{rel}","templated":true}]}}