{"id":1461,"date":"2024-03-26T16:01:22","date_gmt":"2024-03-26T16:01:22","guid":{"rendered":"https:\/\/fliparas.com\/?post_type=product&#038;p=1461"},"modified":"2025-01-31T11:26:02","modified_gmt":"2025-01-31T10:26:02","slug":"dejeuner-sans-fond-a-ibiza","status":"publish","type":"product","link":"https:\/\/fliparas.com\/fr\/activite\/dejeuner-sans-fond-a-ibiza\/","title":{"rendered":"D\u00e9jeuner sans fond \u00e0 Ibiza"},"content":{"rendered":"<ul>\n<li style=\"text-align: center;\">\n<h2 style=\"text-align: center;\">\ud83e\udd42\ud83e\udd50 D\u00e9couvrez : BottomLess Lunch Ibiza \ud83e\udd42\ud83e\udd50\ud83e\udd50<\/h2>\n<p>Les meilleurs enterrements de vie de gar\u00e7on avec <a href=\"https:\/\/fliparas.com\/fr\/enterrement-de-vie-de-garcon\/\">Enterrement de vie de gar\u00e7on<\/a>! <a href=\"https:\/\/fliparas.com\/fr\/enterrement-de-vie-de-jeune-fille\/\">Enterrement de vie de jeune fille<\/a>!<\/li>\n<\/ul>\n<p style=\"text-align: center;\">\u00cates-vous pr\u00eat pour la <span style=\"font-size: 14.4px;\">L'exp\u00e9rience du BottomLess Lunch ?<br \/>\n<\/span><\/p>\n<p style=\"text-align: center;\"><strong><br \/>\nExplorez Ibiza avec style gr\u00e2ce \u00e0 notre d\u00e9jeuner sans fond !<\/strong><\/p>\n<div style=\"text-align: center;\">\n<p>\ud83d\udd38 Des plats d\u00e9licieux, des boissons rafra\u00eechissantes et Ibiza en toile de fond ! Voil\u00e0 \u00e0 quoi ressemblera votre BottomLess Lunch !<\/p>\n<\/div>\n<div style=\"text-align: center;\">\ud83d\udd38 Le menu du brunch est vari\u00e9 et s'adresse \u00e0 des personnes ayant des go\u00fbts et des pr\u00e9f\u00e9rences diff\u00e9rents.<\/div>\n<div><\/div>\n<div style=\"text-align: center;\">\ud83d\udd38 L'ambiance est anim\u00e9e et festive, mais calme ! Le d\u00e9jeuner et la journ\u00e9e se combinent avec une d\u00e9gustation anim\u00e9e puis la transition vers une bonne f\u00eate (qui sait ?).<\/div>\n<div><\/div>\n<div style=\"text-align: center;\">\ud83d\udd38 Les boissons sont illimit\u00e9es ! !! Avec des mimosas, de la sangria, de la bi\u00e8re et bien plus encore !<\/div>\n<div style=\"text-align: center;\"><\/div>\n<div style=\"text-align: center;\">\n<p><strong><br \/>\nL'\u00e9quilibre entre les boissons et les aliments est essentiel, n'est-ce pas ?<\/strong><\/p>\n<\/div>\n<div style=\"text-align: center;\">Ici, vous aurez toutes les meilleures options de nourriture et de boisson et tout cela avec vos amis sp\u00e9ciaux et l'air naturel d'Ibiza !<\/div>\n<div>\n<div style=\"text-align: center;\">\n<p>&nbsp;<\/p>\n<p>Cr\u00e9ez des souvenirs inoubliables avec vos amis dans une atmosph\u00e8re anim\u00e9e et festive.<br \/>\n<span style=\"color: #555555;\">Venez c\u00e9l\u00e9brer la vie avec un d\u00e9jeuner inoubliable !<\/span><\/p>\n<\/div>\n<\/div>\n<h4><\/h4>\n<h3 style=\"text-align: center;\">\ud83e\udd42\u00a0<strong>Plus qu'un simple d\u00e9jeuner : Une exp\u00e9rience \u00e0 ne pas manquer au BottomLess Lunch Ibiza ! <\/strong>\ud83e\udd42<\/h3>\n<p>&nbsp;<\/p>\n<p class=\"p1\" style=\"text-align: center;\"><strong>R\u00c9SERVATION POSSIBLE POUR LES GROUPES DE : 6 \u00e0 12 PERSONNES.<\/strong><\/p>","protected":false},"excerpt":{"rendered":"<p>BottomLess Lunch In Ibiza. Ici, vous aurez toutes les meilleures options de nourriture et de boisson et tout cela avec vos amis sp\u00e9ciaux et l'air naturel d'Ibiza !<br \/>\n<strong>R\u00c9SERVATION POSSIBLE POUR LES GROUPES DE : 6 \u00e0 12 PERSONNES.<\/strong><\/p>","protected":false},"featured_media":1462,"template":"","meta":[],"product_brand":[425],"product_cat":[266,265,267],"product_tag":[362,363,361],"class_list":{"0":"post-1461","1":"product","2":"type-product","3":"status-publish","4":"has-post-thumbnail","6":"product_brand-fliparas-inc","7":"product_cat-hen-party-ibiza-activities","8":"product_cat-ibiza","9":"product_cat-stag-party-ibiza-activities","10":"product_tag-brunch-ibiza","11":"product_tag-ibiza-brunch","12":"product_tag-the-bottomless-brunch-in-ibiza","14":"first","15":"instock","16":"virtual","17":"sold-individually","18":"purchasable","19":"product-type-booking"},"yoast_head":"<!-- This site is optimized with the Yoast SEO plugin v26.9 - https:\/\/yoast.com\/product\/yoast-seo-wordpress\/ -->\n<title>BottomLess Lunch In Ibiza \ud83e\udd42\u200b\ud83e\udd50<\/title>\n<meta name=\"description\" content=\"BottomLess Lunch In Ibiza. Here you&#039;ll have all the best food and drink options and all this with your special friends and the natural air of Ibiza! \ud83e\udd50\" \/>\n<meta name=\"robots\" content=\"index, follow, max-snippet:-1, max-image-preview:large, max-video-preview:-1\" \/>\n<link rel=\"canonical\" href=\"https:\/\/fliparas.com\/fr\/activite\/dejeuner-sans-fond-a-ibiza\/\" \/>\n<meta property=\"og:locale\" content=\"fr_FR\" \/>\n<meta property=\"og:type\" content=\"article\" \/>\n<meta property=\"og:title\" content=\"BottomLess Lunch In Ibiza \ud83e\udd42\u200b\ud83e\udd50\" \/>\n<meta property=\"og:description\" content=\"BottomLess Lunch In Ibiza. Here you&#039;ll have all the best food and drink options and all this with your special friends and the natural air of Ibiza! \ud83e\udd50\" \/>\n<meta property=\"og:url\" content=\"https:\/\/fliparas.com\/fr\/activite\/dejeuner-sans-fond-a-ibiza\/\" \/>\n<meta property=\"og:site_name\" content=\"Agency Specialised in Stag and Hen Parties\" \/>\n<meta property=\"article:modified_time\" content=\"2025-01-31T10:26:02+00:00\" \/>\n<meta property=\"og:image\" content=\"https:\/\/fliparas.com\/wp-content\/uploads\/2024\/03\/Diseno-sin-titulo-19-1-1.png\" \/>\n\t<meta property=\"og:image:width\" content=\"875\" \/>\n\t<meta property=\"og:image:height\" content=\"522\" \/>\n\t<meta property=\"og:image:type\" content=\"image\/png\" \/>\n<meta name=\"twitter:card\" content=\"summary_large_image\" \/>\n<meta name=\"twitter:label1\" content=\"Prix\" \/>\n\t<meta name=\"twitter:data1\" content=\"45,00&nbsp;&euro;\" \/>\n\t<meta name=\"twitter:label2\" content=\"Disponibilit\u00e9\" \/>\n\t<meta name=\"twitter:data2\" content=\"En stock\" \/>\n<script type=\"application\/ld+json\" class=\"yoast-schema-graph\">{\"@context\":\"https:\/\/schema.org\",\"@graph\":[{\"@type\":\"WebPage\",\"@id\":\"https:\/\/fliparas.com\/activity\/bottomless-lunch-in-ibiza\/\",\"url\":\"https:\/\/fliparas.com\/activity\/bottomless-lunch-in-ibiza\/\",\"name\":\"BottomLess Lunch In Ibiza \ud83e\udd42\u200b\ud83e\udd50\",\"isPartOf\":{\"@id\":\"https:\/\/fliparas.com\/#website\"},\"primaryImageOfPage\":{\"@id\":\"https:\/\/fliparas.com\/activity\/bottomless-lunch-in-ibiza\/#primaryimage\"},\"image\":{\"@id\":\"https:\/\/fliparas.com\/activity\/bottomless-lunch-in-ibiza\/#primaryimage\"},\"thumbnailUrl\":\"https:\/\/fliparas.com\/wp-content\/uploads\/2024\/03\/Diseno-sin-titulo-19-1-1.png\",\"datePublished\":\"2024-03-26T16:01:22+00:00\",\"dateModified\":\"2025-01-31T10:26:02+00:00\",\"description\":\"BottomLess Lunch In Ibiza. Here you'll have all the best food and drink options and all this with your special friends and the natural air of Ibiza! \ud83e\udd50\",\"breadcrumb\":{\"@id\":\"https:\/\/fliparas.com\/activity\/bottomless-lunch-in-ibiza\/#breadcrumb\"},\"inLanguage\":\"fr-FR\",\"potentialAction\":[{\"@type\":\"ReadAction\",\"target\":[\"https:\/\/fliparas.com\/activity\/bottomless-lunch-in-ibiza\/\"]}]},{\"@type\":\"ImageObject\",\"inLanguage\":\"fr-FR\",\"@id\":\"https:\/\/fliparas.com\/activity\/bottomless-lunch-in-ibiza\/#primaryimage\",\"url\":\"https:\/\/fliparas.com\/wp-content\/uploads\/2024\/03\/Diseno-sin-titulo-19-1-1.png\",\"contentUrl\":\"https:\/\/fliparas.com\/wp-content\/uploads\/2024\/03\/Diseno-sin-titulo-19-1-1.png\",\"width\":875,\"height\":522,\"caption\":\"BottomLess Lunch In Ibiza image\"},{\"@type\":\"BreadcrumbList\",\"@id\":\"https:\/\/fliparas.com\/activity\/bottomless-lunch-in-ibiza\/#breadcrumb\",\"itemListElement\":[{\"@type\":\"ListItem\",\"position\":1,\"name\":\"Home\",\"item\":\"https:\/\/fliparas.com\/\"},{\"@type\":\"ListItem\",\"position\":2,\"name\":\"Shop\",\"item\":\"https:\/\/fliparas.com\/shop\/\"},{\"@type\":\"ListItem\",\"position\":3,\"name\":\"BottomLess Lunch In Ibiza\"}]},{\"@type\":\"WebSite\",\"@id\":\"https:\/\/fliparas.com\/#website\",\"url\":\"https:\/\/fliparas.com\/\",\"name\":\"Agency Specialised in Stag and Hen Parties\",\"description\":\"Trust the highest rated agency to organize an unforgettable stag and hen parties in Europe\",\"publisher\":{\"@id\":\"https:\/\/fliparas.com\/#organization\"},\"alternateName\":\"Fliparas Agency Specialised in Stag and Hen Parties\",\"potentialAction\":[{\"@type\":\"SearchAction\",\"target\":{\"@type\":\"EntryPoint\",\"urlTemplate\":\"https:\/\/fliparas.com\/?s={search_term_string}\"},\"query-input\":{\"@type\":\"PropertyValueSpecification\",\"valueRequired\":true,\"valueName\":\"search_term_string\"}}],\"inLanguage\":\"fr-FR\"},{\"@type\":\"Organization\",\"@id\":\"https:\/\/fliparas.com\/#organization\",\"name\":\"Fliparas\",\"alternateName\":\"Agency Specialised in Stag and Hen Parties\",\"url\":\"https:\/\/fliparas.com\/\",\"logo\":{\"@type\":\"ImageObject\",\"inLanguage\":\"fr-FR\",\"@id\":\"https:\/\/fliparas.com\/#\/schema\/logo\/image\/\",\"url\":\"https:\/\/fliparas.com\/wp-content\/uploads\/2024\/03\/Logo-Fliparas.png\",\"contentUrl\":\"https:\/\/fliparas.com\/wp-content\/uploads\/2024\/03\/Logo-Fliparas.png\",\"width\":1024,\"height\":1024,\"caption\":\"Fliparas\"},\"image\":{\"@id\":\"https:\/\/fliparas.com\/#\/schema\/logo\/image\/\"}}]}<\/script>\n<meta property=\"product:price:amount\" content=\"45.00\" \/>\n<meta property=\"product:price:currency\" content=\"EUR\" \/>\n<meta property=\"og:availability\" content=\"instock\" \/>\n<meta property=\"product:availability\" content=\"instock\" \/>\n<meta property=\"product:condition\" content=\"new\" \/>\n<!-- \/ Yoast SEO plugin. -->","yoast_head_json":{"title":"BottomLess Lunch In Ibiza \ud83e\udd42\ud83e\udd50\ud83e\udd50","description":"BottomLess Lunch In Ibiza. Ici, vous aurez toutes les meilleures options de nourriture et de boisson et tout cela avec vos amis sp\u00e9ciaux et l'air naturel d'Ibiza ! \ud83e\udd50","robots":{"index":"index","follow":"follow","max-snippet":"max-snippet:-1","max-image-preview":"max-image-preview:large","max-video-preview":"max-video-preview:-1"},"canonical":"https:\/\/fliparas.com\/fr\/activite\/dejeuner-sans-fond-a-ibiza\/","og_locale":"fr_FR","og_type":"article","og_title":"BottomLess Lunch In Ibiza \ud83e\udd42\u200b\ud83e\udd50","og_description":"BottomLess Lunch In Ibiza. Here you'll have all the best food and drink options and all this with your special friends and the natural air of Ibiza! \ud83e\udd50","og_url":"https:\/\/fliparas.com\/fr\/activite\/dejeuner-sans-fond-a-ibiza\/","og_site_name":"Agency Specialised in Stag and Hen Parties","article_modified_time":"2025-01-31T10:26:02+00:00","og_image":[{"width":875,"height":522,"url":"https:\/\/fliparas.com\/wp-content\/uploads\/2024\/03\/Diseno-sin-titulo-19-1-1.png","type":"image\/png"}],"twitter_card":"summary_large_image","twitter_misc":{"Prix":"45,00&nbsp;&euro;","Disponibilit\u00e9":"En stock"},"schema":{"@context":"https:\/\/schema.org","@graph":[{"@type":"WebPage","@id":"https:\/\/fliparas.com\/activity\/bottomless-lunch-in-ibiza\/","url":"https:\/\/fliparas.com\/activity\/bottomless-lunch-in-ibiza\/","name":"BottomLess Lunch In Ibiza \ud83e\udd42\ud83e\udd50\ud83e\udd50","isPartOf":{"@id":"https:\/\/fliparas.com\/#website"},"primaryImageOfPage":{"@id":"https:\/\/fliparas.com\/activity\/bottomless-lunch-in-ibiza\/#primaryimage"},"image":{"@id":"https:\/\/fliparas.com\/activity\/bottomless-lunch-in-ibiza\/#primaryimage"},"thumbnailUrl":"https:\/\/fliparas.com\/wp-content\/uploads\/2024\/03\/Diseno-sin-titulo-19-1-1.png","datePublished":"2024-03-26T16:01:22+00:00","dateModified":"2025-01-31T10:26:02+00:00","description":"BottomLess Lunch In Ibiza. Ici, vous aurez toutes les meilleures options de nourriture et de boisson et tout cela avec vos amis sp\u00e9ciaux et l'air naturel d'Ibiza ! \ud83e\udd50","breadcrumb":{"@id":"https:\/\/fliparas.com\/activity\/bottomless-lunch-in-ibiza\/#breadcrumb"},"inLanguage":"fr-FR","potentialAction":[{"@type":"ReadAction","target":["https:\/\/fliparas.com\/activity\/bottomless-lunch-in-ibiza\/"]}]},{"@type":"ImageObject","inLanguage":"fr-FR","@id":"https:\/\/fliparas.com\/activity\/bottomless-lunch-in-ibiza\/#primaryimage","url":"https:\/\/fliparas.com\/wp-content\/uploads\/2024\/03\/Diseno-sin-titulo-19-1-1.png","contentUrl":"https:\/\/fliparas.com\/wp-content\/uploads\/2024\/03\/Diseno-sin-titulo-19-1-1.png","width":875,"height":522,"caption":"BottomLess Lunch In Ibiza image"},{"@type":"BreadcrumbList","@id":"https:\/\/fliparas.com\/activity\/bottomless-lunch-in-ibiza\/#breadcrumb","itemListElement":[{"@type":"ListItem","position":1,"name":"Home","item":"https:\/\/fliparas.com\/"},{"@type":"ListItem","position":2,"name":"Shop","item":"https:\/\/fliparas.com\/shop\/"},{"@type":"ListItem","position":3,"name":"BottomLess Lunch In Ibiza"}]},{"@type":"WebSite","@id":"https:\/\/fliparas.com\/#website","url":"https:\/\/fliparas.com\/","name":"Agence sp\u00e9cialis\u00e9e dans les enterrements de vie de gar\u00e7on et de jeune fille","description":"Faites confiance \u00e0 l'agence la mieux not\u00e9e pour organiser un enterrement de vie de gar\u00e7on ou de jeune fille inoubliable en Europe.","publisher":{"@id":"https:\/\/fliparas.com\/#organization"},"alternateName":"Fliparas Agency Specialised in Stag and Hen Parties","potentialAction":[{"@type":"SearchAction","target":{"@type":"EntryPoint","urlTemplate":"https:\/\/fliparas.com\/?s={search_term_string}"},"query-input":{"@type":"PropertyValueSpecification","valueRequired":true,"valueName":"search_term_string"}}],"inLanguage":"fr-FR"},{"@type":"Organization","@id":"https:\/\/fliparas.com\/#organization","name":"Fliparas","alternateName":"Agency Specialised in Stag and Hen Parties","url":"https:\/\/fliparas.com\/","logo":{"@type":"ImageObject","inLanguage":"fr-FR","@id":"https:\/\/fliparas.com\/#\/schema\/logo\/image\/","url":"https:\/\/fliparas.com\/wp-content\/uploads\/2024\/03\/Logo-Fliparas.png","contentUrl":"https:\/\/fliparas.com\/wp-content\/uploads\/2024\/03\/Logo-Fliparas.png","width":1024,"height":1024,"caption":"Fliparas"},"image":{"@id":"https:\/\/fliparas.com\/#\/schema\/logo\/image\/"}}]},"product_price_amount":"45.00","product_price_currency":"EUR","og_availability":"instock","product_availability":"instock","product_condition":"new"},"_links":{"self":[{"href":"https:\/\/fliparas.com\/fr\/wp-json\/wp\/v2\/product\/1461","targetHints":{"allow":["GET"]}}],"collection":[{"href":"https:\/\/fliparas.com\/fr\/wp-json\/wp\/v2\/product"}],"about":[{"href":"https:\/\/fliparas.com\/fr\/wp-json\/wp\/v2\/types\/product"}],"wp:featuredmedia":[{"embeddable":true,"href":"https:\/\/fliparas.com\/fr\/wp-json\/wp\/v2\/media\/1462"}],"wp:attachment":[{"href":"https:\/\/fliparas.com\/fr\/wp-json\/wp\/v2\/media?parent=1461"}],"wp:term":[{"taxonomy":"product_brand","embeddable":true,"href":"https:\/\/fliparas.com\/fr\/wp-json\/wp\/v2\/product_brand?post=1461"},{"taxonomy":"product_cat","embeddable":true,"href":"https:\/\/fliparas.com\/fr\/wp-json\/wp\/v2\/product_cat?post=1461"},{"taxonomy":"product_tag","embeddable":true,"href":"https:\/\/fliparas.com\/fr\/wp-json\/wp\/v2\/product_tag?post=1461"}],"curies":[{"name":"wp","href":"https:\/\/api.w.org\/{rel}","templated":true}]}}