{"id":1464,"date":"2024-03-26T16:20:38","date_gmt":"2024-03-26T16:20:38","guid":{"rendered":"https:\/\/fliparas.com\/?post_type=product&#038;p=1464"},"modified":"2025-01-31T11:26:02","modified_gmt":"2025-01-31T10:26:02","slug":"tapas-et-sangria-ibiza","status":"publish","type":"product","link":"https:\/\/fliparas.com\/fr\/activite\/tapas-et-sangria-ibiza\/","title":{"rendered":"Tapas et Sangria Ibiza"},"content":{"rendered":"<p>Tapas et Sangria Ibiza.<\/p>\n<p>Les meilleurs enterrements de vie de gar\u00e7on avec <a href=\"https:\/\/fliparas.com\/fr\/enterrement-de-vie-de-garcon\/\">Enterrement de vie de gar\u00e7on<\/a>! <a href=\"https:\/\/fliparas.com\/fr\/enterrement-de-vie-de-jeune-fille\/\">Enterrement de vie de jeune fille<\/a>!<\/p>\n<h2 style=\"text-align: center;\">Tapas et Sangria Ibiza \ud83c\udf7d\ufe0f<\/h2>\n<h4>\ud83c\udf0a D\u00e9couvrez les diff\u00e9rentes tapas d'Ibiza ! \u26f5<\/h4>\n<p>Embarquez pour une escapade gastronomique \u00e0 travers Ibiza, en fonction de votre humeur (occup\u00e9e ou calme, Ibiza a quelque chose \u00e0 offrir \u00e0 chacun !)<\/p>\n<p>\ud83c\udfb6 Vivre une travers\u00e9e en musique, prendre un bain de soleil sur le pont, admirer le paysage c\u00f4tier, danser au rythme des vagues ou simplement profiter de la navigation en plein air tout en d\u00e9gustant des tapas typiques et de la sangria espagnole.<\/p>\n<p>\ud83e\udd38\u200d\u2642\ufe0f Apr\u00e8s avoir pratiqu\u00e9 d'autres activit\u00e9s telles que le snorkeling, la plong\u00e9e sous-marine, le flyboard, etc... Les tapas et la sangria se marient tr\u00e8s bien !<\/p>\n<p>\ud83c\udf7d\ufe0f Sortir manger des tapas fait partie de la culture espagnole et constitue un moyen id\u00e9al de socialiser et de se divertir. C'est une fa\u00e7on diff\u00e9rente et m\u00eame informelle de se retrouver entre amis pour discuter, partager et s'amuser.<\/p>\n<p>\ud83c\udf5e Les tapas classiques sont la tortilla de patatas, le pan con jam\u00f3n, les patatas brava... Cependant, on trouve aujourd'hui d'innombrables autres tapas, v\u00e9g\u00e9tariennes, gourmandes, petites versions des plats typiques.<\/p>\n<p>\ud83c\udf77 Tapas et Sangria : la combinaison parfaite pour la chaleur d'Ibiza et les moments inoubliables que vous y passerez !<\/p>\n<p>\ud83c\udf1f R\u00e9servez d\u00e8s maintenant pour une journ\u00e9e m\u00e9morable avec des tapas et de la sangria !!!<\/p>\n<p>\ud83d\udea4 Savourez chaque instant de cette escapade unique qui allie d\u00e9tente, aventure et plaisirs gastronomiques au c\u0153ur de la M\u00e9diterran\u00e9e. Une exp\u00e9rience inoubliable \u00e0 Ibiza vous attend ! \ud83c\udf1e\ud83c\udf0a<\/p>\n<ul>\n<li style=\"text-align: center;\"><strong>R\u00c9SERVATION POSSIBLE POUR LES GROUPES DE : 6 \u00e0 12 PERSONNES.<\/strong><\/li>\n<\/ul>","protected":false},"excerpt":{"rendered":"<p>Tapas et Sangria Ibiza. La combinaison parfaite pour la chaleur d'Ibiza et les moments inoubliables que vous y passerez !<\/p>\n<p class=\"p1\"><strong>R\u00c9SERVATION POSSIBLE POUR LES GROUPES DE : 6 \u00e0 12 PERSONNES.<\/strong><\/p>","protected":false},"featured_media":1466,"template":"","meta":[],"product_brand":[425],"product_cat":[266,265,267],"product_tag":[365,364,366],"class_list":{"0":"post-1464","1":"product","2":"type-product","3":"status-publish","4":"has-post-thumbnail","6":"product_brand-fliparas-inc","7":"product_cat-hen-party-ibiza-activities","8":"product_cat-ibiza","9":"product_cat-stag-party-ibiza-activities","10":"product_tag-sangria-ibiza","11":"product_tag-tapas-ibiza","12":"product_tag-tapas-y-sangria-ibiza","14":"first","15":"instock","16":"virtual","17":"sold-individually","18":"purchasable","19":"product-type-booking"},"yoast_head":"<!-- This site is optimized with the Yoast SEO plugin v26.9 - https:\/\/yoast.com\/product\/yoast-seo-wordpress\/ -->\n<title>Tapas y Sangria Ibiza<\/title>\n<meta name=\"description\" content=\"Tapas y Sangria Ibiza. The perfect combination for the heat of Ibiza and the unforgettable moments you&#039;ll spend there! \ud83c\udf77\" \/>\n<meta name=\"robots\" content=\"index, follow, max-snippet:-1, max-image-preview:large, max-video-preview:-1\" \/>\n<link rel=\"canonical\" href=\"https:\/\/fliparas.com\/fr\/activite\/tapas-et-sangria-ibiza\/\" \/>\n<meta property=\"og:locale\" content=\"fr_FR\" \/>\n<meta property=\"og:type\" content=\"article\" \/>\n<meta property=\"og:title\" content=\"Tapas y Sangria Ibiza\" \/>\n<meta property=\"og:description\" content=\"Tapas y Sangria Ibiza. The perfect combination for the heat of Ibiza and the unforgettable moments you&#039;ll spend there! \ud83c\udf77\" \/>\n<meta property=\"og:url\" content=\"https:\/\/fliparas.com\/fr\/activite\/tapas-et-sangria-ibiza\/\" \/>\n<meta property=\"og:site_name\" content=\"Agency Specialised in Stag and Hen Parties\" \/>\n<meta property=\"article:modified_time\" content=\"2025-01-31T10:26:02+00:00\" \/>\n<meta property=\"og:image\" content=\"https:\/\/fliparas.com\/wp-content\/uploads\/2024\/03\/Diseno-sin-titulo-20-2.jpg\" \/>\n\t<meta property=\"og:image:width\" content=\"1000\" \/>\n\t<meta property=\"og:image:height\" content=\"714\" \/>\n\t<meta property=\"og:image:type\" content=\"image\/jpeg\" \/>\n<meta name=\"twitter:card\" content=\"summary_large_image\" \/>\n<meta name=\"twitter:label1\" content=\"Prix\" \/>\n\t<meta name=\"twitter:data1\" content=\"55,00&nbsp;&euro;\" \/>\n\t<meta name=\"twitter:label2\" content=\"Disponibilit\u00e9\" \/>\n\t<meta name=\"twitter:data2\" content=\"En stock\" \/>\n<script type=\"application\/ld+json\" class=\"yoast-schema-graph\">{\"@context\":\"https:\/\/schema.org\",\"@graph\":[{\"@type\":\"WebPage\",\"@id\":\"https:\/\/fliparas.com\/activity\/tapas-y-sangria-ibiza\/\",\"url\":\"https:\/\/fliparas.com\/activity\/tapas-y-sangria-ibiza\/\",\"name\":\"Tapas y Sangria Ibiza\",\"isPartOf\":{\"@id\":\"https:\/\/fliparas.com\/#website\"},\"primaryImageOfPage\":{\"@id\":\"https:\/\/fliparas.com\/activity\/tapas-y-sangria-ibiza\/#primaryimage\"},\"image\":{\"@id\":\"https:\/\/fliparas.com\/activity\/tapas-y-sangria-ibiza\/#primaryimage\"},\"thumbnailUrl\":\"https:\/\/fliparas.com\/wp-content\/uploads\/2024\/03\/Diseno-sin-titulo-20-2.jpg\",\"datePublished\":\"2024-03-26T16:20:38+00:00\",\"dateModified\":\"2025-01-31T10:26:02+00:00\",\"description\":\"Tapas y Sangria Ibiza. The perfect combination for the heat of Ibiza and the unforgettable moments you'll spend there! \ud83c\udf77\",\"breadcrumb\":{\"@id\":\"https:\/\/fliparas.com\/activity\/tapas-y-sangria-ibiza\/#breadcrumb\"},\"inLanguage\":\"fr-FR\",\"potentialAction\":[{\"@type\":\"ReadAction\",\"target\":[\"https:\/\/fliparas.com\/activity\/tapas-y-sangria-ibiza\/\"]}]},{\"@type\":\"ImageObject\",\"inLanguage\":\"fr-FR\",\"@id\":\"https:\/\/fliparas.com\/activity\/tapas-y-sangria-ibiza\/#primaryimage\",\"url\":\"https:\/\/fliparas.com\/wp-content\/uploads\/2024\/03\/Diseno-sin-titulo-20-2.jpg\",\"contentUrl\":\"https:\/\/fliparas.com\/wp-content\/uploads\/2024\/03\/Diseno-sin-titulo-20-2.jpg\",\"width\":1000,\"height\":714,\"caption\":\"Tapas y Sangria Ibiza Image Product\"},{\"@type\":\"BreadcrumbList\",\"@id\":\"https:\/\/fliparas.com\/activity\/tapas-y-sangria-ibiza\/#breadcrumb\",\"itemListElement\":[{\"@type\":\"ListItem\",\"position\":1,\"name\":\"Home\",\"item\":\"https:\/\/fliparas.com\/\"},{\"@type\":\"ListItem\",\"position\":2,\"name\":\"Shop\",\"item\":\"https:\/\/fliparas.com\/shop\/\"},{\"@type\":\"ListItem\",\"position\":3,\"name\":\"Tapas y Sangria Ibiza\"}]},{\"@type\":\"WebSite\",\"@id\":\"https:\/\/fliparas.com\/#website\",\"url\":\"https:\/\/fliparas.com\/\",\"name\":\"Agency Specialised in Stag and Hen Parties\",\"description\":\"Trust the highest rated agency to organize an unforgettable stag and hen parties in Europe\",\"publisher\":{\"@id\":\"https:\/\/fliparas.com\/#organization\"},\"alternateName\":\"Fliparas Agency Specialised in Stag and Hen Parties\",\"potentialAction\":[{\"@type\":\"SearchAction\",\"target\":{\"@type\":\"EntryPoint\",\"urlTemplate\":\"https:\/\/fliparas.com\/?s={search_term_string}\"},\"query-input\":{\"@type\":\"PropertyValueSpecification\",\"valueRequired\":true,\"valueName\":\"search_term_string\"}}],\"inLanguage\":\"fr-FR\"},{\"@type\":\"Organization\",\"@id\":\"https:\/\/fliparas.com\/#organization\",\"name\":\"Fliparas\",\"alternateName\":\"Agency Specialised in Stag and Hen Parties\",\"url\":\"https:\/\/fliparas.com\/\",\"logo\":{\"@type\":\"ImageObject\",\"inLanguage\":\"fr-FR\",\"@id\":\"https:\/\/fliparas.com\/#\/schema\/logo\/image\/\",\"url\":\"https:\/\/fliparas.com\/wp-content\/uploads\/2024\/03\/Logo-Fliparas.png\",\"contentUrl\":\"https:\/\/fliparas.com\/wp-content\/uploads\/2024\/03\/Logo-Fliparas.png\",\"width\":1024,\"height\":1024,\"caption\":\"Fliparas\"},\"image\":{\"@id\":\"https:\/\/fliparas.com\/#\/schema\/logo\/image\/\"}}]}<\/script>\n<meta property=\"product:price:amount\" content=\"55.00\" \/>\n<meta property=\"product:price:currency\" content=\"EUR\" \/>\n<meta property=\"og:availability\" content=\"instock\" \/>\n<meta property=\"product:availability\" content=\"instock\" \/>\n<meta property=\"product:condition\" content=\"new\" \/>\n<!-- \/ Yoast SEO plugin. -->","yoast_head_json":{"title":"Tapas et Sangria Ibiza","description":"Tapas et Sangria Ibiza. La combinaison parfaite pour la chaleur d'Ibiza et les moments inoubliables que vous y passerez ! \ud83c\udf77","robots":{"index":"index","follow":"follow","max-snippet":"max-snippet:-1","max-image-preview":"max-image-preview:large","max-video-preview":"max-video-preview:-1"},"canonical":"https:\/\/fliparas.com\/fr\/activite\/tapas-et-sangria-ibiza\/","og_locale":"fr_FR","og_type":"article","og_title":"Tapas y Sangria Ibiza","og_description":"Tapas y Sangria Ibiza. The perfect combination for the heat of Ibiza and the unforgettable moments you'll spend there! \ud83c\udf77","og_url":"https:\/\/fliparas.com\/fr\/activite\/tapas-et-sangria-ibiza\/","og_site_name":"Agency Specialised in Stag and Hen Parties","article_modified_time":"2025-01-31T10:26:02+00:00","og_image":[{"width":1000,"height":714,"url":"https:\/\/fliparas.com\/wp-content\/uploads\/2024\/03\/Diseno-sin-titulo-20-2.jpg","type":"image\/jpeg"}],"twitter_card":"summary_large_image","twitter_misc":{"Prix":"55,00&nbsp;&euro;","Disponibilit\u00e9":"En stock"},"schema":{"@context":"https:\/\/schema.org","@graph":[{"@type":"WebPage","@id":"https:\/\/fliparas.com\/activity\/tapas-y-sangria-ibiza\/","url":"https:\/\/fliparas.com\/activity\/tapas-y-sangria-ibiza\/","name":"Tapas et Sangria Ibiza","isPartOf":{"@id":"https:\/\/fliparas.com\/#website"},"primaryImageOfPage":{"@id":"https:\/\/fliparas.com\/activity\/tapas-y-sangria-ibiza\/#primaryimage"},"image":{"@id":"https:\/\/fliparas.com\/activity\/tapas-y-sangria-ibiza\/#primaryimage"},"thumbnailUrl":"https:\/\/fliparas.com\/wp-content\/uploads\/2024\/03\/Diseno-sin-titulo-20-2.jpg","datePublished":"2024-03-26T16:20:38+00:00","dateModified":"2025-01-31T10:26:02+00:00","description":"Tapas et Sangria Ibiza. La combinaison parfaite pour la chaleur d'Ibiza et les moments inoubliables que vous y passerez ! \ud83c\udf77","breadcrumb":{"@id":"https:\/\/fliparas.com\/activity\/tapas-y-sangria-ibiza\/#breadcrumb"},"inLanguage":"fr-FR","potentialAction":[{"@type":"ReadAction","target":["https:\/\/fliparas.com\/activity\/tapas-y-sangria-ibiza\/"]}]},{"@type":"ImageObject","inLanguage":"fr-FR","@id":"https:\/\/fliparas.com\/activity\/tapas-y-sangria-ibiza\/#primaryimage","url":"https:\/\/fliparas.com\/wp-content\/uploads\/2024\/03\/Diseno-sin-titulo-20-2.jpg","contentUrl":"https:\/\/fliparas.com\/wp-content\/uploads\/2024\/03\/Diseno-sin-titulo-20-2.jpg","width":1000,"height":714,"caption":"Tapas y Sangria Ibiza Image Product"},{"@type":"BreadcrumbList","@id":"https:\/\/fliparas.com\/activity\/tapas-y-sangria-ibiza\/#breadcrumb","itemListElement":[{"@type":"ListItem","position":1,"name":"Home","item":"https:\/\/fliparas.com\/"},{"@type":"ListItem","position":2,"name":"Shop","item":"https:\/\/fliparas.com\/shop\/"},{"@type":"ListItem","position":3,"name":"Tapas y Sangria Ibiza"}]},{"@type":"WebSite","@id":"https:\/\/fliparas.com\/#website","url":"https:\/\/fliparas.com\/","name":"Agence sp\u00e9cialis\u00e9e dans les enterrements de vie de gar\u00e7on et de jeune fille","description":"Faites confiance \u00e0 l'agence la mieux not\u00e9e pour organiser un enterrement de vie de gar\u00e7on ou de jeune fille inoubliable en Europe.","publisher":{"@id":"https:\/\/fliparas.com\/#organization"},"alternateName":"Fliparas Agency Specialised in Stag and Hen Parties","potentialAction":[{"@type":"SearchAction","target":{"@type":"EntryPoint","urlTemplate":"https:\/\/fliparas.com\/?s={search_term_string}"},"query-input":{"@type":"PropertyValueSpecification","valueRequired":true,"valueName":"search_term_string"}}],"inLanguage":"fr-FR"},{"@type":"Organization","@id":"https:\/\/fliparas.com\/#organization","name":"Fliparas","alternateName":"Agency Specialised in Stag and Hen Parties","url":"https:\/\/fliparas.com\/","logo":{"@type":"ImageObject","inLanguage":"fr-FR","@id":"https:\/\/fliparas.com\/#\/schema\/logo\/image\/","url":"https:\/\/fliparas.com\/wp-content\/uploads\/2024\/03\/Logo-Fliparas.png","contentUrl":"https:\/\/fliparas.com\/wp-content\/uploads\/2024\/03\/Logo-Fliparas.png","width":1024,"height":1024,"caption":"Fliparas"},"image":{"@id":"https:\/\/fliparas.com\/#\/schema\/logo\/image\/"}}]},"product_price_amount":"55.00","product_price_currency":"EUR","og_availability":"instock","product_availability":"instock","product_condition":"new"},"_links":{"self":[{"href":"https:\/\/fliparas.com\/fr\/wp-json\/wp\/v2\/product\/1464","targetHints":{"allow":["GET"]}}],"collection":[{"href":"https:\/\/fliparas.com\/fr\/wp-json\/wp\/v2\/product"}],"about":[{"href":"https:\/\/fliparas.com\/fr\/wp-json\/wp\/v2\/types\/product"}],"wp:featuredmedia":[{"embeddable":true,"href":"https:\/\/fliparas.com\/fr\/wp-json\/wp\/v2\/media\/1466"}],"wp:attachment":[{"href":"https:\/\/fliparas.com\/fr\/wp-json\/wp\/v2\/media?parent=1464"}],"wp:term":[{"taxonomy":"product_brand","embeddable":true,"href":"https:\/\/fliparas.com\/fr\/wp-json\/wp\/v2\/product_brand?post=1464"},{"taxonomy":"product_cat","embeddable":true,"href":"https:\/\/fliparas.com\/fr\/wp-json\/wp\/v2\/product_cat?post=1464"},{"taxonomy":"product_tag","embeddable":true,"href":"https:\/\/fliparas.com\/fr\/wp-json\/wp\/v2\/product_tag?post=1464"}],"curies":[{"name":"wp","href":"https:\/\/api.w.org\/{rel}","templated":true}]}}