{"id":1561,"date":"2024-03-27T15:44:19","date_gmt":"2024-03-27T15:44:19","guid":{"rendered":"https:\/\/fliparas.com\/?post_type=product&#038;p=1561"},"modified":"2025-01-31T11:26:13","modified_gmt":"2025-01-31T10:26:13","slug":"paddle-surf-sup-valencia","status":"publish","type":"product","link":"https:\/\/fliparas.com\/fr\/activite\/paddle-surf-sup-valencia\/","title":{"rendered":"Paddle Surf SUP Valencia"},"content":{"rendered":"<p style=\"text-align: center;\">Paddle Surf SUP Valencia. Profitez d'une heure de cette activit\u00e9 aquatique amusante \u00e0 Valence.<\/p>\n<p style=\"text-align: center;\">Les meilleurs enterrements de vie de gar\u00e7on avec <a href=\"https:\/\/fliparas.com\/fr\/enterrement-de-vie-de-garcon\/\">Enterrement de vie de gar\u00e7on<\/a>! <a href=\"https:\/\/fliparas.com\/fr\/enterrement-de-vie-de-jeune-fille\/\">Enterrement de vie de jeune fille<\/a>!<\/p>\n<h2 style=\"text-align: center;\">Paddle Surf SUP Valencia \ud83c\udfc4\u200d\u2642\ufe0f<\/h2>\n<h4 style=\"text-align: center;\">\ud83c\udf1f D\u00e9couvrez le Paddle Surfing \u00e0 Valence : Une aventure inoubliable !<\/h4>\n<p style=\"text-align: center;\">Bienvenue dans l'aventure ultime sur les eaux cristallines de Valence !<\/p>\n<p style=\"text-align: center;\">\ud83c\udf0a Embarquez avec nous pour une exp\u00e9rience exclusive de paddle surf, o\u00f9 vous et votre groupe pourrez explorer les belles plages de la ville en toute libert\u00e9 pendant une heure.<\/p>\n<p style=\"text-align: center;\">\ud83c\udfc4\u200d\u2642\ufe0f Embarquez sur nos planches spacieuses con\u00e7ues pour accueillir deux personnes, offrant une exp\u00e9rience de glisse unique et divertissante. Le paddle surfing est la combinaison parfaite entre le plaisir et le sport, id\u00e9al pour tous les niveaux.<\/p>\n<p style=\"text-align: center;\">Naviguez \u00e0 votre rythme, sentez la brise marine caresser votre visage tout en admirant les paysages \u00e9poustouflants de la r\u00e9gion de Valence. Notre location exclusive vous garantit une intimit\u00e9 totale, vous permettant de profiter de cette exp\u00e9rience aquatique avec vos amis ou votre famille, loin de la foule. \ud83c\udf34<\/p>\n<ul>\n<li style=\"text-align: center;\">R\u00e9servez d\u00e8s maintenant pour une aventure m\u00e9morable sous le soleil m\u00e9diterran\u00e9en. D\u00e9couvrez la magie du surf \u00e0 pagaie \u00e0 <a href=\"https:\/\/es.wikipedia.org\/wiki\/Valencia\">Valence<\/a>La mer, le soleil et le plaisir se rejoignent pour cr\u00e9er des souvenirs inoubliables. Vivez l'instant pr\u00e9sent et laissez-vous emporter par la beaut\u00e9 naturelle de cette destination paradisiaque. A vos pagaies, pr\u00eats, partez ! \ud83c\udf1e\ud83c\udf0a<\/li>\n<\/ul>\n<p>&nbsp;<\/p>\n<p class=\"p1\" style=\"text-align: center;\"><strong>MINIMUM : 5 PERSONNES.<br \/>\nDUR\u00c9E : 1 HEURE. <\/strong><\/p>","protected":false},"excerpt":{"rendered":"<p>Paddle Surf SUP Valencia. Bienvenue dans l'aventure ultime sur les eaux cristallines de Valencia !<br \/>\n<strong>MINIMUM : 5 PERSONNES.<br \/>\nDUR\u00c9E : 1 HEURE. <\/strong><\/p>","protected":false},"featured_media":1562,"template":"","meta":[],"product_brand":[425],"product_cat":[370,371,369],"product_tag":[211,372,373],"class_list":{"0":"post-1561","1":"product","2":"type-product","3":"status-publish","4":"has-post-thumbnail","6":"product_brand-fliparas-inc","7":"product_cat-hen-party-valencia-activities","8":"product_cat-stag-party-valencia-activities","9":"product_cat-valencia","10":"product_tag-paddle-surf","11":"product_tag-paddle-surf-valencia","12":"product_tag-valencia","14":"first","15":"instock","16":"virtual","17":"sold-individually","18":"purchasable","19":"product-type-booking"},"yoast_head":"<!-- This site is optimized with the Yoast SEO plugin v26.9 - https:\/\/yoast.com\/product\/yoast-seo-wordpress\/ -->\n<title>Paddle Surf SUP Valencia \ud83c\udfc4\ud83c\udffd\u200d\u2640\ufe0f<\/title>\n<meta name=\"description\" content=\"Paddle Surf SUP Valencia. Enjoy an hour of this fun water activity in Valencia. Have fun with your friends!! Contact us! \ud83c\udfc4\ud83c\udffd\u200d\u2640\ufe0f\ud83c\udfc4\ud83c\udffd\u200d\u2640\ufe0f\ud83c\udfc4\ud83c\udffd\u200d\u2640\ufe0f\" \/>\n<meta name=\"robots\" content=\"index, follow, max-snippet:-1, max-image-preview:large, max-video-preview:-1\" \/>\n<link rel=\"canonical\" href=\"https:\/\/fliparas.com\/fr\/activite\/paddle-surf-sup-valencia\/\" \/>\n<meta property=\"og:locale\" content=\"fr_FR\" \/>\n<meta property=\"og:type\" content=\"article\" \/>\n<meta property=\"og:title\" content=\"Paddle Surf SUP Valencia \ud83c\udfc4\ud83c\udffd\u200d\u2640\ufe0f\" \/>\n<meta property=\"og:description\" content=\"Paddle Surf SUP Valencia. Enjoy an hour of this fun water activity in Valencia. Have fun with your friends!! Contact us! \ud83c\udfc4\ud83c\udffd\u200d\u2640\ufe0f\ud83c\udfc4\ud83c\udffd\u200d\u2640\ufe0f\ud83c\udfc4\ud83c\udffd\u200d\u2640\ufe0f\" \/>\n<meta property=\"og:url\" content=\"https:\/\/fliparas.com\/fr\/activite\/paddle-surf-sup-valencia\/\" \/>\n<meta property=\"og:site_name\" content=\"Agency Specialised in Stag and Hen Parties\" \/>\n<meta property=\"article:modified_time\" content=\"2025-01-31T10:26:13+00:00\" \/>\n<meta property=\"og:image\" content=\"https:\/\/fliparas.com\/wp-content\/uploads\/2024\/03\/Diseno-sin-titulo-34.jpg\" \/>\n\t<meta property=\"og:image:width\" content=\"1063\" \/>\n\t<meta property=\"og:image:height\" content=\"1063\" \/>\n\t<meta property=\"og:image:type\" content=\"image\/jpeg\" \/>\n<meta name=\"twitter:card\" content=\"summary_large_image\" \/>\n<meta name=\"twitter:label1\" content=\"Prix\" \/>\n\t<meta name=\"twitter:data1\" content=\"40,00&nbsp;&euro;\" \/>\n\t<meta name=\"twitter:label2\" content=\"Disponibilit\u00e9\" \/>\n\t<meta name=\"twitter:data2\" content=\"En stock\" \/>\n<script type=\"application\/ld+json\" class=\"yoast-schema-graph\">{\"@context\":\"https:\/\/schema.org\",\"@graph\":[{\"@type\":\"WebPage\",\"@id\":\"https:\/\/fliparas.com\/activity\/paddle-surf-sup-valencia\/\",\"url\":\"https:\/\/fliparas.com\/activity\/paddle-surf-sup-valencia\/\",\"name\":\"Paddle Surf SUP Valencia \ud83c\udfc4\ud83c\udffd\u200d\u2640\ufe0f\",\"isPartOf\":{\"@id\":\"https:\/\/fliparas.com\/#website\"},\"primaryImageOfPage\":{\"@id\":\"https:\/\/fliparas.com\/activity\/paddle-surf-sup-valencia\/#primaryimage\"},\"image\":{\"@id\":\"https:\/\/fliparas.com\/activity\/paddle-surf-sup-valencia\/#primaryimage\"},\"thumbnailUrl\":\"https:\/\/fliparas.com\/wp-content\/uploads\/2024\/03\/Diseno-sin-titulo-34.jpg\",\"datePublished\":\"2024-03-27T15:44:19+00:00\",\"dateModified\":\"2025-01-31T10:26:13+00:00\",\"description\":\"Paddle Surf SUP Valencia. Enjoy an hour of this fun water activity in Valencia. Have fun with your friends!! Contact us! \ud83c\udfc4\ud83c\udffd\u200d\u2640\ufe0f\ud83c\udfc4\ud83c\udffd\u200d\u2640\ufe0f\ud83c\udfc4\ud83c\udffd\u200d\u2640\ufe0f\",\"breadcrumb\":{\"@id\":\"https:\/\/fliparas.com\/activity\/paddle-surf-sup-valencia\/#breadcrumb\"},\"inLanguage\":\"fr-FR\",\"potentialAction\":[{\"@type\":\"ReadAction\",\"target\":[\"https:\/\/fliparas.com\/activity\/paddle-surf-sup-valencia\/\"]}]},{\"@type\":\"ImageObject\",\"inLanguage\":\"fr-FR\",\"@id\":\"https:\/\/fliparas.com\/activity\/paddle-surf-sup-valencia\/#primaryimage\",\"url\":\"https:\/\/fliparas.com\/wp-content\/uploads\/2024\/03\/Diseno-sin-titulo-34.jpg\",\"contentUrl\":\"https:\/\/fliparas.com\/wp-content\/uploads\/2024\/03\/Diseno-sin-titulo-34.jpg\",\"width\":1063,\"height\":1063,\"caption\":\"Paddle Surf SUP Valencia Imageproduct\"},{\"@type\":\"BreadcrumbList\",\"@id\":\"https:\/\/fliparas.com\/activity\/paddle-surf-sup-valencia\/#breadcrumb\",\"itemListElement\":[{\"@type\":\"ListItem\",\"position\":1,\"name\":\"Home\",\"item\":\"https:\/\/fliparas.com\/\"},{\"@type\":\"ListItem\",\"position\":2,\"name\":\"Shop\",\"item\":\"https:\/\/fliparas.com\/shop\/\"},{\"@type\":\"ListItem\",\"position\":3,\"name\":\"Paddle Surf SUP Valencia\"}]},{\"@type\":\"WebSite\",\"@id\":\"https:\/\/fliparas.com\/#website\",\"url\":\"https:\/\/fliparas.com\/\",\"name\":\"Agency Specialised in Stag and Hen Parties\",\"description\":\"Trust the highest rated agency to organize an unforgettable stag and hen parties in Europe\",\"publisher\":{\"@id\":\"https:\/\/fliparas.com\/#organization\"},\"alternateName\":\"Fliparas Agency Specialised in Stag and Hen Parties\",\"potentialAction\":[{\"@type\":\"SearchAction\",\"target\":{\"@type\":\"EntryPoint\",\"urlTemplate\":\"https:\/\/fliparas.com\/?s={search_term_string}\"},\"query-input\":{\"@type\":\"PropertyValueSpecification\",\"valueRequired\":true,\"valueName\":\"search_term_string\"}}],\"inLanguage\":\"fr-FR\"},{\"@type\":\"Organization\",\"@id\":\"https:\/\/fliparas.com\/#organization\",\"name\":\"Fliparas\",\"alternateName\":\"Agency Specialised in Stag and Hen Parties\",\"url\":\"https:\/\/fliparas.com\/\",\"logo\":{\"@type\":\"ImageObject\",\"inLanguage\":\"fr-FR\",\"@id\":\"https:\/\/fliparas.com\/#\/schema\/logo\/image\/\",\"url\":\"https:\/\/fliparas.com\/wp-content\/uploads\/2024\/03\/Logo-Fliparas.png\",\"contentUrl\":\"https:\/\/fliparas.com\/wp-content\/uploads\/2024\/03\/Logo-Fliparas.png\",\"width\":1024,\"height\":1024,\"caption\":\"Fliparas\"},\"image\":{\"@id\":\"https:\/\/fliparas.com\/#\/schema\/logo\/image\/\"}}]}<\/script>\n<meta property=\"product:price:amount\" content=\"40.00\" \/>\n<meta property=\"product:price:currency\" content=\"EUR\" \/>\n<meta property=\"og:availability\" content=\"instock\" \/>\n<meta property=\"product:availability\" content=\"instock\" \/>\n<meta property=\"product:condition\" content=\"new\" \/>\n<!-- \/ Yoast SEO plugin. -->","yoast_head_json":{"title":"Paddle Surf SUP Valencia \ud83c\udfc4\ud83c\udffd\u200d\u2640\ufe0f","description":"Paddle Surf SUP Valencia. Profitez d'une heure de cette activit\u00e9 aquatique amusante \u00e0 Valence. Amusez-vous avec vos amis ! Contactez nous ! \ud83c\udfc4\ud83c\udffd\u200d\u2640\ufe0f\ud83c\udfc4\ud83c\udffd\u200d\u2640\ufe0f\ud83c\udfc4\ud83c\udffd\u200d\u2640\ufe0f","robots":{"index":"index","follow":"follow","max-snippet":"max-snippet:-1","max-image-preview":"max-image-preview:large","max-video-preview":"max-video-preview:-1"},"canonical":"https:\/\/fliparas.com\/fr\/activite\/paddle-surf-sup-valencia\/","og_locale":"fr_FR","og_type":"article","og_title":"Paddle Surf SUP Valencia \ud83c\udfc4\ud83c\udffd\u200d\u2640\ufe0f","og_description":"Paddle Surf SUP Valencia. Enjoy an hour of this fun water activity in Valencia. Have fun with your friends!! Contact us! \ud83c\udfc4\ud83c\udffd\u200d\u2640\ufe0f\ud83c\udfc4\ud83c\udffd\u200d\u2640\ufe0f\ud83c\udfc4\ud83c\udffd\u200d\u2640\ufe0f","og_url":"https:\/\/fliparas.com\/fr\/activite\/paddle-surf-sup-valencia\/","og_site_name":"Agency Specialised in Stag and Hen Parties","article_modified_time":"2025-01-31T10:26:13+00:00","og_image":[{"width":1063,"height":1063,"url":"https:\/\/fliparas.com\/wp-content\/uploads\/2024\/03\/Diseno-sin-titulo-34.jpg","type":"image\/jpeg"}],"twitter_card":"summary_large_image","twitter_misc":{"Prix":"40,00&nbsp;&euro;","Disponibilit\u00e9":"En stock"},"schema":{"@context":"https:\/\/schema.org","@graph":[{"@type":"WebPage","@id":"https:\/\/fliparas.com\/activity\/paddle-surf-sup-valencia\/","url":"https:\/\/fliparas.com\/activity\/paddle-surf-sup-valencia\/","name":"Paddle Surf SUP Valencia \ud83c\udfc4\ud83c\udffd\u200d\u2640\ufe0f","isPartOf":{"@id":"https:\/\/fliparas.com\/#website"},"primaryImageOfPage":{"@id":"https:\/\/fliparas.com\/activity\/paddle-surf-sup-valencia\/#primaryimage"},"image":{"@id":"https:\/\/fliparas.com\/activity\/paddle-surf-sup-valencia\/#primaryimage"},"thumbnailUrl":"https:\/\/fliparas.com\/wp-content\/uploads\/2024\/03\/Diseno-sin-titulo-34.jpg","datePublished":"2024-03-27T15:44:19+00:00","dateModified":"2025-01-31T10:26:13+00:00","description":"Paddle Surf SUP Valencia. Profitez d'une heure de cette activit\u00e9 aquatique amusante \u00e0 Valence. Amusez-vous avec vos amis ! Contactez nous ! \ud83c\udfc4\ud83c\udffd\u200d\u2640\ufe0f\ud83c\udfc4\ud83c\udffd\u200d\u2640\ufe0f\ud83c\udfc4\ud83c\udffd\u200d\u2640\ufe0f","breadcrumb":{"@id":"https:\/\/fliparas.com\/activity\/paddle-surf-sup-valencia\/#breadcrumb"},"inLanguage":"fr-FR","potentialAction":[{"@type":"ReadAction","target":["https:\/\/fliparas.com\/activity\/paddle-surf-sup-valencia\/"]}]},{"@type":"ImageObject","inLanguage":"fr-FR","@id":"https:\/\/fliparas.com\/activity\/paddle-surf-sup-valencia\/#primaryimage","url":"https:\/\/fliparas.com\/wp-content\/uploads\/2024\/03\/Diseno-sin-titulo-34.jpg","contentUrl":"https:\/\/fliparas.com\/wp-content\/uploads\/2024\/03\/Diseno-sin-titulo-34.jpg","width":1063,"height":1063,"caption":"Paddle Surf SUP Valencia Imageproduct"},{"@type":"BreadcrumbList","@id":"https:\/\/fliparas.com\/activity\/paddle-surf-sup-valencia\/#breadcrumb","itemListElement":[{"@type":"ListItem","position":1,"name":"Home","item":"https:\/\/fliparas.com\/"},{"@type":"ListItem","position":2,"name":"Shop","item":"https:\/\/fliparas.com\/shop\/"},{"@type":"ListItem","position":3,"name":"Paddle Surf SUP Valencia"}]},{"@type":"WebSite","@id":"https:\/\/fliparas.com\/#website","url":"https:\/\/fliparas.com\/","name":"Agence sp\u00e9cialis\u00e9e dans les enterrements de vie de gar\u00e7on et de jeune fille","description":"Faites confiance \u00e0 l'agence la mieux not\u00e9e pour organiser un enterrement de vie de gar\u00e7on ou de jeune fille inoubliable en Europe.","publisher":{"@id":"https:\/\/fliparas.com\/#organization"},"alternateName":"Fliparas Agency Specialised in Stag and Hen Parties","potentialAction":[{"@type":"SearchAction","target":{"@type":"EntryPoint","urlTemplate":"https:\/\/fliparas.com\/?s={search_term_string}"},"query-input":{"@type":"PropertyValueSpecification","valueRequired":true,"valueName":"search_term_string"}}],"inLanguage":"fr-FR"},{"@type":"Organization","@id":"https:\/\/fliparas.com\/#organization","name":"Fliparas","alternateName":"Agency Specialised in Stag and Hen Parties","url":"https:\/\/fliparas.com\/","logo":{"@type":"ImageObject","inLanguage":"fr-FR","@id":"https:\/\/fliparas.com\/#\/schema\/logo\/image\/","url":"https:\/\/fliparas.com\/wp-content\/uploads\/2024\/03\/Logo-Fliparas.png","contentUrl":"https:\/\/fliparas.com\/wp-content\/uploads\/2024\/03\/Logo-Fliparas.png","width":1024,"height":1024,"caption":"Fliparas"},"image":{"@id":"https:\/\/fliparas.com\/#\/schema\/logo\/image\/"}}]},"product_price_amount":"40.00","product_price_currency":"EUR","og_availability":"instock","product_availability":"instock","product_condition":"new"},"_links":{"self":[{"href":"https:\/\/fliparas.com\/fr\/wp-json\/wp\/v2\/product\/1561","targetHints":{"allow":["GET"]}}],"collection":[{"href":"https:\/\/fliparas.com\/fr\/wp-json\/wp\/v2\/product"}],"about":[{"href":"https:\/\/fliparas.com\/fr\/wp-json\/wp\/v2\/types\/product"}],"wp:featuredmedia":[{"embeddable":true,"href":"https:\/\/fliparas.com\/fr\/wp-json\/wp\/v2\/media\/1562"}],"wp:attachment":[{"href":"https:\/\/fliparas.com\/fr\/wp-json\/wp\/v2\/media?parent=1561"}],"wp:term":[{"taxonomy":"product_brand","embeddable":true,"href":"https:\/\/fliparas.com\/fr\/wp-json\/wp\/v2\/product_brand?post=1561"},{"taxonomy":"product_cat","embeddable":true,"href":"https:\/\/fliparas.com\/fr\/wp-json\/wp\/v2\/product_cat?post=1561"},{"taxonomy":"product_tag","embeddable":true,"href":"https:\/\/fliparas.com\/fr\/wp-json\/wp\/v2\/product_tag?post=1561"}],"curies":[{"name":"wp","href":"https:\/\/api.w.org\/{rel}","templated":true}]}}