{"id":1565,"date":"2024-03-27T16:11:52","date_gmt":"2024-03-27T16:11:52","guid":{"rendered":"https:\/\/fliparas.com\/?post_type=product&#038;p=1565"},"modified":"2025-01-31T11:26:13","modified_gmt":"2025-01-31T10:26:13","slug":"cours-de-paella-valencia","status":"publish","type":"product","link":"https:\/\/fliparas.com\/fr\/activite\/cours-de-paella-valencia\/","title":{"rendered":"Cours de pr\u00e9paration de paella \u00e0 Valence"},"content":{"rendered":"<p>Cours de fabrication de paella \u00e0 Valence.<\/p>\n<p>Nous sommes <a href=\"https:\/\/fliparas.com\/fr\/enterrement-de-vie-de-garcon\/\">Enterrement de vie de gar\u00e7on<\/a>! <a href=\"https:\/\/fliparas.com\/fr\/enterrement-de-vie-de-jeune-fille\/\">Enterrement de vie de jeune fille<\/a>! et nous organisons votre enterrement de vie de gar\u00e7on<\/p>\n<p>Devenez un professionnel de la paella \u00e0 Valence !<\/p>\n<ul>\n<li style=\"text-align: center;\">Lib\u00e9rez le chef qui sommeille en vous et d\u00e9couvrez la cuisine la plus appr\u00e9ci\u00e9e d'Espagne : la paella !<br \/>\n<span style=\"font-size: 23.04px; text-align: center; color: #333333;\"><br \/>\nCours de pr\u00e9paration de paella \u00e0 Valence \ud83e\udd58<br \/>\n<\/span><\/li>\n<\/ul>\n<div>\n<h4 style=\"text-align: center;\">De bonnes raisons de rejoindre la Paella Valencia :<\/h4>\n<div>\n<p>* <strong>La cuisine comme lien :<\/strong> Cette exp\u00e9rience va bien au-del\u00e0 de l'apprentissage d'un plat, c'est l'occasion de tisser des liens avec nos proches, de rencontrer de nouvelles personnes et de cr\u00e9er des souvenirs diff\u00e9rents. Cuisiner, rire et partager.<\/p>\n<\/div>\n<div>\n<p>*<strong> Pour tous les niveaux :<\/strong> Peu importe que vous ne sachiez pas cuire le riz ou que vous soyez le chef le plus connu de votre ville, la paella que nous enseignons peut \u00eatre r\u00e9alis\u00e9e par n'importe qui !<\/p>\n<\/div>\n<div>\n<p>* <strong>Chefs exp\u00e9riment\u00e9s :<\/strong> Les chefs sont des professionnels passionn\u00e9s par la cuisine de la paella, vous apprendrez donc avec les meilleurs. Ils vous parleront de leurs connaissances et de leurs traditions en mati\u00e8re de paella. Votre paella sera authentique !<\/p>\n<\/div>\n<div>* <strong>Enti\u00e8rement interactif :<\/strong> Le cours est enseign\u00e9 de mani\u00e8re \u00e0 ce que vous participiez d\u00e8s le d\u00e9but, sans avoir le temps de vous demander si vous comprenez ou non une \u00e9tape ! Tout le monde sera impliqu\u00e9 dans chaque \u00e9tape jusqu'\u00e0 ce que le r\u00e9sultat soit atteint ! Une exp\u00e9rience immersive.<\/div>\n<\/div>\n<h3 style=\"text-align: center;\">\ud83c\udf89 D\u00e9couvrez le cours de fabrication de paella \u00e0 Valence !<\/h3>\n<p style=\"text-align: center;\"><strong>VENTE MINIMUM : 6 PERSONNES.<br \/>\n<\/strong><strong>DUR\u00c9E : 4 HEURES.\u00a0<\/strong><\/p>","protected":false},"excerpt":{"rendered":"<p>Cours de pr\u00e9paration de paella \u00e0 Valence ! Lib\u00e9rez le chef qui sommeille en vous et d\u00e9couvrez la cuisine la plus appr\u00e9ci\u00e9e d'Espagne : la paella ! \ud83e\udd58 Contactez-nous !<\/p>\n<p><strong>VENTE MINIMUM : 6 PERSONNES.<br \/>\n<\/strong><strong>DUR\u00c9E : 4 HEURES.\u00a0<\/strong><\/p>","protected":false},"featured_media":1566,"template":"","meta":[],"product_brand":[425],"product_cat":[370,371,369],"product_tag":[376,374,375],"class_list":{"0":"post-1565","1":"product","2":"type-product","3":"status-publish","4":"has-post-thumbnail","6":"product_brand-fliparas-inc","7":"product_cat-hen-party-valencia-activities","8":"product_cat-stag-party-valencia-activities","9":"product_cat-valencia","10":"product_tag-paella-class-valencia","11":"product_tag-paella-making-class-valencia","12":"product_tag-paella-valencia","14":"first","15":"instock","16":"virtual","17":"sold-individually","18":"purchasable","19":"product-type-booking"},"yoast_head":"<!-- This site is optimized with the Yoast SEO plugin v26.9 - https:\/\/yoast.com\/product\/yoast-seo-wordpress\/ -->\n<title>Paella Making Class Valencia \ud83e\udd58\u200b<\/title>\n<meta name=\"description\" content=\"Paella Making Class Valencia! Unlock the chef in you and discover Spain&#039;s most beloved cuisine: paella!\u00a0\ud83e\udd58\ud83e\udd58\u200b\ud83e\udd58\u200b Contact Us! \u200b\" \/>\n<meta name=\"robots\" content=\"index, follow, max-snippet:-1, max-image-preview:large, max-video-preview:-1\" \/>\n<link rel=\"canonical\" href=\"https:\/\/fliparas.com\/fr\/activite\/cours-de-paella-valencia\/\" \/>\n<meta property=\"og:locale\" content=\"fr_FR\" \/>\n<meta property=\"og:type\" content=\"article\" \/>\n<meta property=\"og:title\" content=\"Paella Making Class Valencia \ud83e\udd58\u200b\" \/>\n<meta property=\"og:description\" content=\"Paella Making Class Valencia! Unlock the chef in you and discover Spain&#039;s most beloved cuisine: paella!\u00a0\ud83e\udd58\ud83e\udd58\u200b\ud83e\udd58\u200b Contact Us! \u200b\" \/>\n<meta property=\"og:url\" content=\"https:\/\/fliparas.com\/fr\/activite\/cours-de-paella-valencia\/\" \/>\n<meta property=\"og:site_name\" content=\"Agency Specialised in Stag and Hen Parties\" \/>\n<meta property=\"article:modified_time\" content=\"2025-01-31T10:26:13+00:00\" \/>\n<meta property=\"og:image\" content=\"https:\/\/fliparas.com\/wp-content\/uploads\/2024\/03\/Diseno-sin-titulo-36-1.jpg\" \/>\n\t<meta property=\"og:image:width\" content=\"1188\" \/>\n\t<meta property=\"og:image:height\" content=\"785\" \/>\n\t<meta property=\"og:image:type\" content=\"image\/jpeg\" \/>\n<meta name=\"twitter:card\" content=\"summary_large_image\" \/>\n<meta name=\"twitter:label1\" content=\"Prix\" \/>\n\t<meta name=\"twitter:data1\" content=\"80,00&nbsp;&euro;\" \/>\n\t<meta name=\"twitter:label2\" content=\"Disponibilit\u00e9\" \/>\n\t<meta name=\"twitter:data2\" content=\"En stock\" \/>\n<script type=\"application\/ld+json\" class=\"yoast-schema-graph\">{\"@context\":\"https:\/\/schema.org\",\"@graph\":[{\"@type\":\"WebPage\",\"@id\":\"https:\/\/fliparas.com\/activity\/paella-making-class-valencia\/\",\"url\":\"https:\/\/fliparas.com\/activity\/paella-making-class-valencia\/\",\"name\":\"Paella Making Class Valencia \ud83e\udd58\u200b\",\"isPartOf\":{\"@id\":\"https:\/\/fliparas.com\/#website\"},\"primaryImageOfPage\":{\"@id\":\"https:\/\/fliparas.com\/activity\/paella-making-class-valencia\/#primaryimage\"},\"image\":{\"@id\":\"https:\/\/fliparas.com\/activity\/paella-making-class-valencia\/#primaryimage\"},\"thumbnailUrl\":\"https:\/\/fliparas.com\/wp-content\/uploads\/2024\/03\/Diseno-sin-titulo-36-1.jpg\",\"datePublished\":\"2024-03-27T16:11:52+00:00\",\"dateModified\":\"2025-01-31T10:26:13+00:00\",\"description\":\"Paella Making Class Valencia! Unlock the chef in you and discover Spain's most beloved cuisine: paella!\u00a0\ud83e\udd58\ud83e\udd58\u200b\ud83e\udd58\u200b Contact Us! \u200b\",\"breadcrumb\":{\"@id\":\"https:\/\/fliparas.com\/activity\/paella-making-class-valencia\/#breadcrumb\"},\"inLanguage\":\"fr-FR\",\"potentialAction\":[{\"@type\":\"ReadAction\",\"target\":[\"https:\/\/fliparas.com\/activity\/paella-making-class-valencia\/\"]}]},{\"@type\":\"ImageObject\",\"inLanguage\":\"fr-FR\",\"@id\":\"https:\/\/fliparas.com\/activity\/paella-making-class-valencia\/#primaryimage\",\"url\":\"https:\/\/fliparas.com\/wp-content\/uploads\/2024\/03\/Diseno-sin-titulo-36-1.jpg\",\"contentUrl\":\"https:\/\/fliparas.com\/wp-content\/uploads\/2024\/03\/Diseno-sin-titulo-36-1.jpg\",\"width\":1188,\"height\":785,\"caption\":\"Paella Making Class Valencia Image Product\"},{\"@type\":\"BreadcrumbList\",\"@id\":\"https:\/\/fliparas.com\/activity\/paella-making-class-valencia\/#breadcrumb\",\"itemListElement\":[{\"@type\":\"ListItem\",\"position\":1,\"name\":\"Home\",\"item\":\"https:\/\/fliparas.com\/\"},{\"@type\":\"ListItem\",\"position\":2,\"name\":\"Shop\",\"item\":\"https:\/\/fliparas.com\/shop\/\"},{\"@type\":\"ListItem\",\"position\":3,\"name\":\"Paella Making Class Valencia\"}]},{\"@type\":\"WebSite\",\"@id\":\"https:\/\/fliparas.com\/#website\",\"url\":\"https:\/\/fliparas.com\/\",\"name\":\"Agency Specialised in Stag and Hen Parties\",\"description\":\"Trust the highest rated agency to organize an unforgettable stag and hen parties in Europe\",\"publisher\":{\"@id\":\"https:\/\/fliparas.com\/#organization\"},\"alternateName\":\"Fliparas Agency Specialised in Stag and Hen Parties\",\"potentialAction\":[{\"@type\":\"SearchAction\",\"target\":{\"@type\":\"EntryPoint\",\"urlTemplate\":\"https:\/\/fliparas.com\/?s={search_term_string}\"},\"query-input\":{\"@type\":\"PropertyValueSpecification\",\"valueRequired\":true,\"valueName\":\"search_term_string\"}}],\"inLanguage\":\"fr-FR\"},{\"@type\":\"Organization\",\"@id\":\"https:\/\/fliparas.com\/#organization\",\"name\":\"Fliparas\",\"alternateName\":\"Agency Specialised in Stag and Hen Parties\",\"url\":\"https:\/\/fliparas.com\/\",\"logo\":{\"@type\":\"ImageObject\",\"inLanguage\":\"fr-FR\",\"@id\":\"https:\/\/fliparas.com\/#\/schema\/logo\/image\/\",\"url\":\"https:\/\/fliparas.com\/wp-content\/uploads\/2024\/03\/Logo-Fliparas.png\",\"contentUrl\":\"https:\/\/fliparas.com\/wp-content\/uploads\/2024\/03\/Logo-Fliparas.png\",\"width\":1024,\"height\":1024,\"caption\":\"Fliparas\"},\"image\":{\"@id\":\"https:\/\/fliparas.com\/#\/schema\/logo\/image\/\"}}]}<\/script>\n<meta property=\"product:price:amount\" content=\"80.00\" \/>\n<meta property=\"product:price:currency\" content=\"EUR\" \/>\n<meta property=\"og:availability\" content=\"instock\" \/>\n<meta property=\"product:availability\" content=\"instock\" \/>\n<meta property=\"product:condition\" content=\"new\" \/>\n<!-- \/ Yoast SEO plugin. -->","yoast_head_json":{"title":"Cours de pr\u00e9paration de paella \u00e0 Valence \ud83e\udd58","description":"Cours de pr\u00e9paration de paella \u00e0 Valence ! Lib\u00e9rez le chef qui sommeille en vous et d\u00e9couvrez la cuisine la plus aim\u00e9e d'Espagne : la paella ! \ud83e\udd58\ud83e\udd58\ud83e\udd58\ud83e\udd58 Contactez-nous !","robots":{"index":"index","follow":"follow","max-snippet":"max-snippet:-1","max-image-preview":"max-image-preview:large","max-video-preview":"max-video-preview:-1"},"canonical":"https:\/\/fliparas.com\/fr\/activite\/cours-de-paella-valencia\/","og_locale":"fr_FR","og_type":"article","og_title":"Paella Making Class Valencia \ud83e\udd58\u200b","og_description":"Paella Making Class Valencia! Unlock the chef in you and discover Spain's most beloved cuisine: paella!\u00a0\ud83e\udd58\ud83e\udd58\u200b\ud83e\udd58\u200b Contact Us! \u200b","og_url":"https:\/\/fliparas.com\/fr\/activite\/cours-de-paella-valencia\/","og_site_name":"Agency Specialised in Stag and Hen Parties","article_modified_time":"2025-01-31T10:26:13+00:00","og_image":[{"width":1188,"height":785,"url":"https:\/\/fliparas.com\/wp-content\/uploads\/2024\/03\/Diseno-sin-titulo-36-1.jpg","type":"image\/jpeg"}],"twitter_card":"summary_large_image","twitter_misc":{"Prix":"80,00&nbsp;&euro;","Disponibilit\u00e9":"En stock"},"schema":{"@context":"https:\/\/schema.org","@graph":[{"@type":"WebPage","@id":"https:\/\/fliparas.com\/activity\/paella-making-class-valencia\/","url":"https:\/\/fliparas.com\/activity\/paella-making-class-valencia\/","name":"Cours de pr\u00e9paration de paella \u00e0 Valence \ud83e\udd58","isPartOf":{"@id":"https:\/\/fliparas.com\/#website"},"primaryImageOfPage":{"@id":"https:\/\/fliparas.com\/activity\/paella-making-class-valencia\/#primaryimage"},"image":{"@id":"https:\/\/fliparas.com\/activity\/paella-making-class-valencia\/#primaryimage"},"thumbnailUrl":"https:\/\/fliparas.com\/wp-content\/uploads\/2024\/03\/Diseno-sin-titulo-36-1.jpg","datePublished":"2024-03-27T16:11:52+00:00","dateModified":"2025-01-31T10:26:13+00:00","description":"Cours de pr\u00e9paration de paella \u00e0 Valence ! Lib\u00e9rez le chef qui sommeille en vous et d\u00e9couvrez la cuisine la plus aim\u00e9e d'Espagne : la paella ! \ud83e\udd58\ud83e\udd58\ud83e\udd58\ud83e\udd58 Contactez-nous !","breadcrumb":{"@id":"https:\/\/fliparas.com\/activity\/paella-making-class-valencia\/#breadcrumb"},"inLanguage":"fr-FR","potentialAction":[{"@type":"ReadAction","target":["https:\/\/fliparas.com\/activity\/paella-making-class-valencia\/"]}]},{"@type":"ImageObject","inLanguage":"fr-FR","@id":"https:\/\/fliparas.com\/activity\/paella-making-class-valencia\/#primaryimage","url":"https:\/\/fliparas.com\/wp-content\/uploads\/2024\/03\/Diseno-sin-titulo-36-1.jpg","contentUrl":"https:\/\/fliparas.com\/wp-content\/uploads\/2024\/03\/Diseno-sin-titulo-36-1.jpg","width":1188,"height":785,"caption":"Paella Making Class Valencia Image Product"},{"@type":"BreadcrumbList","@id":"https:\/\/fliparas.com\/activity\/paella-making-class-valencia\/#breadcrumb","itemListElement":[{"@type":"ListItem","position":1,"name":"Home","item":"https:\/\/fliparas.com\/"},{"@type":"ListItem","position":2,"name":"Shop","item":"https:\/\/fliparas.com\/shop\/"},{"@type":"ListItem","position":3,"name":"Paella Making Class Valencia"}]},{"@type":"WebSite","@id":"https:\/\/fliparas.com\/#website","url":"https:\/\/fliparas.com\/","name":"Agence sp\u00e9cialis\u00e9e dans les enterrements de vie de gar\u00e7on et de jeune fille","description":"Faites confiance \u00e0 l'agence la mieux not\u00e9e pour organiser un enterrement de vie de gar\u00e7on ou de jeune fille inoubliable en Europe.","publisher":{"@id":"https:\/\/fliparas.com\/#organization"},"alternateName":"Fliparas Agency Specialised in Stag and Hen Parties","potentialAction":[{"@type":"SearchAction","target":{"@type":"EntryPoint","urlTemplate":"https:\/\/fliparas.com\/?s={search_term_string}"},"query-input":{"@type":"PropertyValueSpecification","valueRequired":true,"valueName":"search_term_string"}}],"inLanguage":"fr-FR"},{"@type":"Organization","@id":"https:\/\/fliparas.com\/#organization","name":"Fliparas","alternateName":"Agency Specialised in Stag and Hen Parties","url":"https:\/\/fliparas.com\/","logo":{"@type":"ImageObject","inLanguage":"fr-FR","@id":"https:\/\/fliparas.com\/#\/schema\/logo\/image\/","url":"https:\/\/fliparas.com\/wp-content\/uploads\/2024\/03\/Logo-Fliparas.png","contentUrl":"https:\/\/fliparas.com\/wp-content\/uploads\/2024\/03\/Logo-Fliparas.png","width":1024,"height":1024,"caption":"Fliparas"},"image":{"@id":"https:\/\/fliparas.com\/#\/schema\/logo\/image\/"}}]},"product_price_amount":"80.00","product_price_currency":"EUR","og_availability":"instock","product_availability":"instock","product_condition":"new"},"_links":{"self":[{"href":"https:\/\/fliparas.com\/fr\/wp-json\/wp\/v2\/product\/1565","targetHints":{"allow":["GET"]}}],"collection":[{"href":"https:\/\/fliparas.com\/fr\/wp-json\/wp\/v2\/product"}],"about":[{"href":"https:\/\/fliparas.com\/fr\/wp-json\/wp\/v2\/types\/product"}],"wp:featuredmedia":[{"embeddable":true,"href":"https:\/\/fliparas.com\/fr\/wp-json\/wp\/v2\/media\/1566"}],"wp:attachment":[{"href":"https:\/\/fliparas.com\/fr\/wp-json\/wp\/v2\/media?parent=1565"}],"wp:term":[{"taxonomy":"product_brand","embeddable":true,"href":"https:\/\/fliparas.com\/fr\/wp-json\/wp\/v2\/product_brand?post=1565"},{"taxonomy":"product_cat","embeddable":true,"href":"https:\/\/fliparas.com\/fr\/wp-json\/wp\/v2\/product_cat?post=1565"},{"taxonomy":"product_tag","embeddable":true,"href":"https:\/\/fliparas.com\/fr\/wp-json\/wp\/v2\/product_tag?post=1565"}],"curies":[{"name":"wp","href":"https:\/\/api.w.org\/{rel}","templated":true}]}}