{"id":1587,"date":"2024-03-28T11:09:53","date_gmt":"2024-03-28T11:09:53","guid":{"rendered":"https:\/\/fliparas.com\/?post_type=product&#038;p=1587"},"modified":"2025-01-31T11:26:13","modified_gmt":"2025-01-31T10:26:13","slug":"lancer-de-hache-valence","status":"publish","type":"product","link":"https:\/\/fliparas.com\/fr\/activite\/lancer-de-hache-valence\/","title":{"rendered":"Lancer de hache \u00e0 Valence"},"content":{"rendered":"<p style=\"text-align: center;\">Lancer de hache \u00e0 Valence<\/p>\n<p style=\"text-align: center;\">Nous sommes <a href=\"https:\/\/fliparas.com\/fr\/enterrement-de-vie-de-garcon\/\">Enterrement de vie de gar\u00e7on<\/a>! <a href=\"https:\/\/fliparas.com\/fr\/enterrement-de-vie-de-jeune-fille\/\">Enterrement de vie de jeune fille<\/a>! et nous organisons votre enterrement de vie de gar\u00e7on.<\/p>\n<p style=\"text-align: center;\"><span style=\"font-size: 23.04px; text-align: center; color: #333333;\">Lancer de hache Valencia \u26a1\ud83e\ude93\ud83e\ude93<\/span><span style=\"font-size: 23.04px; text-align: center; color: #333333;\">\u200b<\/span><\/p>\n<div>\n<div>\n<div style=\"text-align: center;\">\n<div>Vivez une aventure inoubliable \u00e0 Valence ! Combinez pr\u00e9cision et amusement !<br \/>\n<em><strong>Ici, vous pouvez tirer des hachas dans un environnement s\u00fbr, enti\u00e8rement con\u00e7u pour vous offrir le meilleur des divertissements !<\/strong><\/em><\/div>\n<\/div>\n<div><\/div>\n<div style=\"text-align: center;\">\n<ul>\n<li style=\"text-align: left;\"><strong>Environnement s\u00fbr :<\/strong> Nous suivons tous les protocoles, en donnant toujours la priorit\u00e9 \u00e0 votre s\u00e9curit\u00e9 ! <strong>S'amuser dans un environnement contr\u00f4l\u00e9 ! \u2600\ufe0f<\/strong><\/li>\n<\/ul>\n<\/div>\n<\/div>\n<p>&nbsp;<\/p>\n<div>\n<ul>\n<li><strong>Des souvenirs inoubliables :<\/strong> Une activit\u00e9 diff\u00e9rente dont vous vous souviendrez toute votre vie. R\u00e9unir vos amis et vivre cette exp\u00e9rience sera incroyable ! \ud83d\uddbc\ufe0f<\/li>\n<\/ul>\n<p>&nbsp;<\/p>\n<ul>\n<li>Lanza de Hachas est une exp\u00e9rience moderne et passionnante avec <strong>racines ancestrales<\/strong>D\u00e9couvrez cet art ! <span style=\"font-size: 23.04px; text-align: center; color: #333333;\">\ud83e\ude93<\/span><\/li>\n<\/ul>\n<p>&nbsp;<\/p>\n<ul>\n<li><strong>Comp\u00e9tition amicale :<\/strong> Un choix de jeux et de concours qui passionnera tout le monde et rendra le tout plus excitant ! \ud83d\udcab<\/li>\n<\/ul>\n<p>&nbsp;<\/p>\n<ul>\n<li><strong>Pour tous !<\/strong> Que vous l'ayez d\u00e9j\u00e0 fait ou que ce soit votre premi\u00e8re fois, nous avons des activit\u00e9s personnalis\u00e9es pour tout le monde ! Notre objectif est que chacun se lance un d\u00e9fi et y prenne plaisir ! \ud83d\udca1<\/li>\n<\/ul>\n<p>&nbsp;<\/p>\n<div style=\"text-align: center;\">\n<div>\u2800\u2800\u2800\u2800\u2800<\/div>\n<\/div>\n<div style=\"text-align: center;\">\u2800\u2800\u2800\u2800\u2800\u2800\u2800\u2800Ne laissez pas passer cette opportunit\u00e9 ! R\u00e9servez votre <strong>Lancer de hache <\/strong>l'aventure et pr\u00e9parez-vous \u00e0 rire beaucoup !<\/div>\n<div style=\"text-align: center;\">\u00cates-vous pr\u00eat \u00e0 relever le d\u00e9fi ?<br \/>\n\u2800\u2800\u2800\u2800\u2800\u2800\u2800\u2800<\/div>\n<\/div>\n<\/div>\n<h3 style=\"text-align: center;\">\ud83c\udf89 <span style=\"font-size: 23.04px; text-align: center; color: #333333;\">Lancer de hache<\/span>!<\/h3>\n<p class=\"p1\" style=\"text-align: center;\"><b>R\u00c9SERVATION POSSIBLE POUR LES GROUPES DE : 8 \u00e0 12 PERSONNES.<\/b><\/p>","protected":false},"excerpt":{"rendered":"<p style=\"text-align: center;\">Lancer de haches Valence - Vivez cette aventure inoubliable \u00e0 Valence !<br \/>\nCombinez la pr\u00e9cision avec beaucoup de plaisir ! \u26a1 Contactez-nous !<\/p>\n<p class=\"p1\" style=\"text-align: center;\"><b>R\u00c9SERVATION POSSIBLE POUR LES GROUPES DE : 8 \u00e0 12 PERSONNES.<\/b><\/p>","protected":false},"featured_media":1589,"template":"","meta":[],"product_brand":[425],"product_cat":[370,371,369],"product_tag":[378],"class_list":{"0":"post-1587","1":"product","2":"type-product","3":"status-publish","4":"has-post-thumbnail","6":"product_brand-fliparas-inc","7":"product_cat-hen-party-valencia-activities","8":"product_cat-stag-party-valencia-activities","9":"product_cat-valencia","10":"product_tag-axe-throwing-valencia","12":"first","13":"instock","14":"virtual","15":"sold-individually","16":"purchasable","17":"product-type-booking"},"yoast_head":"<!-- This site is optimized with the Yoast SEO plugin v26.9 - https:\/\/yoast.com\/product\/yoast-seo-wordpress\/ -->\n<title>Axe Throwing Valencia \u26a1\u200b<\/title>\n<meta name=\"description\" content=\"Axe Throwing Valencia - \u200bExperience this unforgettable adventure in Valencia! Combine precision with lots of fun! \u26a1 Contact us!\" \/>\n<meta name=\"robots\" content=\"index, follow, max-snippet:-1, max-image-preview:large, max-video-preview:-1\" \/>\n<link rel=\"canonical\" href=\"https:\/\/fliparas.com\/fr\/activite\/lancer-de-hache-valence\/\" \/>\n<meta property=\"og:locale\" content=\"fr_FR\" \/>\n<meta property=\"og:type\" content=\"article\" \/>\n<meta property=\"og:title\" content=\"Axe Throwing Valencia \u26a1\u200b\" \/>\n<meta property=\"og:description\" content=\"Axe Throwing Valencia - \u200bExperience this unforgettable adventure in Valencia! Combine precision with lots of fun! \u26a1 Contact us!\" \/>\n<meta property=\"og:url\" content=\"https:\/\/fliparas.com\/fr\/activite\/lancer-de-hache-valence\/\" \/>\n<meta property=\"og:site_name\" content=\"Agency Specialised in Stag and Hen Parties\" \/>\n<meta property=\"article:modified_time\" content=\"2025-01-31T10:26:13+00:00\" \/>\n<meta property=\"og:image\" content=\"https:\/\/fliparas.com\/wp-content\/uploads\/2024\/03\/1.3-Optimizacion-Web-Cusco-Creativos-1-1.jpg\" \/>\n\t<meta property=\"og:image:width\" content=\"1316\" \/>\n\t<meta property=\"og:image:height\" content=\"930\" \/>\n\t<meta property=\"og:image:type\" content=\"image\/jpeg\" \/>\n<meta name=\"twitter:card\" content=\"summary_large_image\" \/>\n<meta name=\"twitter:label1\" content=\"Prix\" \/>\n\t<meta name=\"twitter:data1\" content=\"45,00&nbsp;&euro;\" \/>\n\t<meta name=\"twitter:label2\" content=\"Disponibilit\u00e9\" \/>\n\t<meta name=\"twitter:data2\" content=\"En stock\" \/>\n<script type=\"application\/ld+json\" class=\"yoast-schema-graph\">{\"@context\":\"https:\/\/schema.org\",\"@graph\":[{\"@type\":\"WebPage\",\"@id\":\"https:\/\/fliparas.com\/activity\/axe-throwing-valencia\/\",\"url\":\"https:\/\/fliparas.com\/activity\/axe-throwing-valencia\/\",\"name\":\"Axe Throwing Valencia \u26a1\u200b\",\"isPartOf\":{\"@id\":\"https:\/\/fliparas.com\/#website\"},\"primaryImageOfPage\":{\"@id\":\"https:\/\/fliparas.com\/activity\/axe-throwing-valencia\/#primaryimage\"},\"image\":{\"@id\":\"https:\/\/fliparas.com\/activity\/axe-throwing-valencia\/#primaryimage\"},\"thumbnailUrl\":\"https:\/\/fliparas.com\/wp-content\/uploads\/2024\/03\/1.3-Optimizacion-Web-Cusco-Creativos-1-1.jpg\",\"datePublished\":\"2024-03-28T11:09:53+00:00\",\"dateModified\":\"2025-01-31T10:26:13+00:00\",\"description\":\"Axe Throwing Valencia - \u200bExperience this unforgettable adventure in Valencia! Combine precision with lots of fun! \u26a1 Contact us!\",\"breadcrumb\":{\"@id\":\"https:\/\/fliparas.com\/activity\/axe-throwing-valencia\/#breadcrumb\"},\"inLanguage\":\"fr-FR\",\"potentialAction\":[{\"@type\":\"ReadAction\",\"target\":[\"https:\/\/fliparas.com\/activity\/axe-throwing-valencia\/\"]}]},{\"@type\":\"ImageObject\",\"inLanguage\":\"fr-FR\",\"@id\":\"https:\/\/fliparas.com\/activity\/axe-throwing-valencia\/#primaryimage\",\"url\":\"https:\/\/fliparas.com\/wp-content\/uploads\/2024\/03\/1.3-Optimizacion-Web-Cusco-Creativos-1-1.jpg\",\"contentUrl\":\"https:\/\/fliparas.com\/wp-content\/uploads\/2024\/03\/1.3-Optimizacion-Web-Cusco-Creativos-1-1.jpg\",\"width\":1316,\"height\":930,\"caption\":\"Axe Throwing Valencia Image 1\"},{\"@type\":\"BreadcrumbList\",\"@id\":\"https:\/\/fliparas.com\/activity\/axe-throwing-valencia\/#breadcrumb\",\"itemListElement\":[{\"@type\":\"ListItem\",\"position\":1,\"name\":\"Home\",\"item\":\"https:\/\/fliparas.com\/\"},{\"@type\":\"ListItem\",\"position\":2,\"name\":\"Shop\",\"item\":\"https:\/\/fliparas.com\/shop\/\"},{\"@type\":\"ListItem\",\"position\":3,\"name\":\"Axe Throwing Valencia\"}]},{\"@type\":\"WebSite\",\"@id\":\"https:\/\/fliparas.com\/#website\",\"url\":\"https:\/\/fliparas.com\/\",\"name\":\"Agency Specialised in Stag and Hen Parties\",\"description\":\"Trust the highest rated agency to organize an unforgettable stag and hen parties in Europe\",\"publisher\":{\"@id\":\"https:\/\/fliparas.com\/#organization\"},\"alternateName\":\"Fliparas Agency Specialised in Stag and Hen Parties\",\"potentialAction\":[{\"@type\":\"SearchAction\",\"target\":{\"@type\":\"EntryPoint\",\"urlTemplate\":\"https:\/\/fliparas.com\/?s={search_term_string}\"},\"query-input\":{\"@type\":\"PropertyValueSpecification\",\"valueRequired\":true,\"valueName\":\"search_term_string\"}}],\"inLanguage\":\"fr-FR\"},{\"@type\":\"Organization\",\"@id\":\"https:\/\/fliparas.com\/#organization\",\"name\":\"Fliparas\",\"alternateName\":\"Agency Specialised in Stag and Hen Parties\",\"url\":\"https:\/\/fliparas.com\/\",\"logo\":{\"@type\":\"ImageObject\",\"inLanguage\":\"fr-FR\",\"@id\":\"https:\/\/fliparas.com\/#\/schema\/logo\/image\/\",\"url\":\"https:\/\/fliparas.com\/wp-content\/uploads\/2024\/03\/Logo-Fliparas.png\",\"contentUrl\":\"https:\/\/fliparas.com\/wp-content\/uploads\/2024\/03\/Logo-Fliparas.png\",\"width\":1024,\"height\":1024,\"caption\":\"Fliparas\"},\"image\":{\"@id\":\"https:\/\/fliparas.com\/#\/schema\/logo\/image\/\"}}]}<\/script>\n<meta property=\"product:price:amount\" content=\"45.00\" \/>\n<meta property=\"product:price:currency\" content=\"EUR\" \/>\n<meta property=\"og:availability\" content=\"instock\" \/>\n<meta property=\"product:availability\" content=\"instock\" \/>\n<meta property=\"product:condition\" content=\"new\" \/>\n<!-- \/ Yoast SEO plugin. -->","yoast_head_json":{"title":"Lancer de hache \u00e0 Valence \u26a1","description":"Lancer de haches Valence - Vivez cette aventure inoubliable \u00e0 Valence ! Combinez la pr\u00e9cision avec beaucoup de plaisir ! \u26a1 Contactez-nous !","robots":{"index":"index","follow":"follow","max-snippet":"max-snippet:-1","max-image-preview":"max-image-preview:large","max-video-preview":"max-video-preview:-1"},"canonical":"https:\/\/fliparas.com\/fr\/activite\/lancer-de-hache-valence\/","og_locale":"fr_FR","og_type":"article","og_title":"Axe Throwing Valencia \u26a1\u200b","og_description":"Axe Throwing Valencia - \u200bExperience this unforgettable adventure in Valencia! Combine precision with lots of fun! \u26a1 Contact us!","og_url":"https:\/\/fliparas.com\/fr\/activite\/lancer-de-hache-valence\/","og_site_name":"Agency Specialised in Stag and Hen Parties","article_modified_time":"2025-01-31T10:26:13+00:00","og_image":[{"width":1316,"height":930,"url":"https:\/\/fliparas.com\/wp-content\/uploads\/2024\/03\/1.3-Optimizacion-Web-Cusco-Creativos-1-1.jpg","type":"image\/jpeg"}],"twitter_card":"summary_large_image","twitter_misc":{"Prix":"45,00&nbsp;&euro;","Disponibilit\u00e9":"En stock"},"schema":{"@context":"https:\/\/schema.org","@graph":[{"@type":"WebPage","@id":"https:\/\/fliparas.com\/activity\/axe-throwing-valencia\/","url":"https:\/\/fliparas.com\/activity\/axe-throwing-valencia\/","name":"Lancer de hache \u00e0 Valence \u26a1","isPartOf":{"@id":"https:\/\/fliparas.com\/#website"},"primaryImageOfPage":{"@id":"https:\/\/fliparas.com\/activity\/axe-throwing-valencia\/#primaryimage"},"image":{"@id":"https:\/\/fliparas.com\/activity\/axe-throwing-valencia\/#primaryimage"},"thumbnailUrl":"https:\/\/fliparas.com\/wp-content\/uploads\/2024\/03\/1.3-Optimizacion-Web-Cusco-Creativos-1-1.jpg","datePublished":"2024-03-28T11:09:53+00:00","dateModified":"2025-01-31T10:26:13+00:00","description":"Lancer de haches Valence - Vivez cette aventure inoubliable \u00e0 Valence ! Combinez la pr\u00e9cision avec beaucoup de plaisir ! \u26a1 Contactez-nous !","breadcrumb":{"@id":"https:\/\/fliparas.com\/activity\/axe-throwing-valencia\/#breadcrumb"},"inLanguage":"fr-FR","potentialAction":[{"@type":"ReadAction","target":["https:\/\/fliparas.com\/activity\/axe-throwing-valencia\/"]}]},{"@type":"ImageObject","inLanguage":"fr-FR","@id":"https:\/\/fliparas.com\/activity\/axe-throwing-valencia\/#primaryimage","url":"https:\/\/fliparas.com\/wp-content\/uploads\/2024\/03\/1.3-Optimizacion-Web-Cusco-Creativos-1-1.jpg","contentUrl":"https:\/\/fliparas.com\/wp-content\/uploads\/2024\/03\/1.3-Optimizacion-Web-Cusco-Creativos-1-1.jpg","width":1316,"height":930,"caption":"Axe Throwing Valencia Image 1"},{"@type":"BreadcrumbList","@id":"https:\/\/fliparas.com\/activity\/axe-throwing-valencia\/#breadcrumb","itemListElement":[{"@type":"ListItem","position":1,"name":"Home","item":"https:\/\/fliparas.com\/"},{"@type":"ListItem","position":2,"name":"Shop","item":"https:\/\/fliparas.com\/shop\/"},{"@type":"ListItem","position":3,"name":"Axe Throwing Valencia"}]},{"@type":"WebSite","@id":"https:\/\/fliparas.com\/#website","url":"https:\/\/fliparas.com\/","name":"Agence sp\u00e9cialis\u00e9e dans les enterrements de vie de gar\u00e7on et de jeune fille","description":"Faites confiance \u00e0 l'agence la mieux not\u00e9e pour organiser un enterrement de vie de gar\u00e7on ou de jeune fille inoubliable en Europe.","publisher":{"@id":"https:\/\/fliparas.com\/#organization"},"alternateName":"Fliparas Agency Specialised in Stag and Hen Parties","potentialAction":[{"@type":"SearchAction","target":{"@type":"EntryPoint","urlTemplate":"https:\/\/fliparas.com\/?s={search_term_string}"},"query-input":{"@type":"PropertyValueSpecification","valueRequired":true,"valueName":"search_term_string"}}],"inLanguage":"fr-FR"},{"@type":"Organization","@id":"https:\/\/fliparas.com\/#organization","name":"Fliparas","alternateName":"Agency Specialised in Stag and Hen Parties","url":"https:\/\/fliparas.com\/","logo":{"@type":"ImageObject","inLanguage":"fr-FR","@id":"https:\/\/fliparas.com\/#\/schema\/logo\/image\/","url":"https:\/\/fliparas.com\/wp-content\/uploads\/2024\/03\/Logo-Fliparas.png","contentUrl":"https:\/\/fliparas.com\/wp-content\/uploads\/2024\/03\/Logo-Fliparas.png","width":1024,"height":1024,"caption":"Fliparas"},"image":{"@id":"https:\/\/fliparas.com\/#\/schema\/logo\/image\/"}}]},"product_price_amount":"45.00","product_price_currency":"EUR","og_availability":"instock","product_availability":"instock","product_condition":"new"},"_links":{"self":[{"href":"https:\/\/fliparas.com\/fr\/wp-json\/wp\/v2\/product\/1587","targetHints":{"allow":["GET"]}}],"collection":[{"href":"https:\/\/fliparas.com\/fr\/wp-json\/wp\/v2\/product"}],"about":[{"href":"https:\/\/fliparas.com\/fr\/wp-json\/wp\/v2\/types\/product"}],"wp:featuredmedia":[{"embeddable":true,"href":"https:\/\/fliparas.com\/fr\/wp-json\/wp\/v2\/media\/1589"}],"wp:attachment":[{"href":"https:\/\/fliparas.com\/fr\/wp-json\/wp\/v2\/media?parent=1587"}],"wp:term":[{"taxonomy":"product_brand","embeddable":true,"href":"https:\/\/fliparas.com\/fr\/wp-json\/wp\/v2\/product_brand?post=1587"},{"taxonomy":"product_cat","embeddable":true,"href":"https:\/\/fliparas.com\/fr\/wp-json\/wp\/v2\/product_cat?post=1587"},{"taxonomy":"product_tag","embeddable":true,"href":"https:\/\/fliparas.com\/fr\/wp-json\/wp\/v2\/product_tag?post=1587"}],"curies":[{"name":"wp","href":"https:\/\/api.w.org\/{rel}","templated":true}]}}