{"id":428,"date":"2024-03-19T12:24:07","date_gmt":"2024-03-19T12:24:07","guid":{"rendered":"https:\/\/fliparas.com\/?post_type=product&#038;p=428"},"modified":"2025-01-31T11:26:10","modified_gmt":"2025-01-31T10:26:10","slug":"strip-tease-lesbien-a-majorque","status":"publish","type":"product","link":"https:\/\/fliparas.com\/fr\/activite\/strip-tease-lesbien-a-majorque\/","title":{"rendered":"Strip-tease lesbien \u00e0 Majorque"},"content":{"rendered":"<p>Strip-tease lesbien \u00e0 Majorque. Surprenez le mari\u00e9 avec un spectacle lesbien unique et sp\u00e9cial. Spectacle \u00e9rotique, amusant et participatif. Possibilit\u00e9 de choisir les stripteaseuses. Possibilit\u00e9 de se rendre \u00e0 votre appartement, villa, restaurant, bar avec salon priv\u00e9 ou m\u00eame en limousine.<\/p>\n<p>Les meilleurs enterrements de vie de gar\u00e7on <a href=\"https:\/\/fliparas.com\/fr\/enterrement-de-vie-de-garcon\/\">Enterrement de vie de gar\u00e7on<\/a>!<\/p>\n<h2 style=\"text-align: center;\"><span style=\"vertical-align: inherit;\"><span style=\"vertical-align: inherit;\">Strip-tease lesbien \u00e0 Mallorca\ud83d\udd25<\/span> <\/span><\/h2>\n<h4>Faites l'exp\u00e9rience de la sensualit\u00e9 et de l'amusement : un strip-tease non pas par une fille mais par deux ! \ud83d\udd25<\/h4>\n<p>R\u00e9servez un moment de pur \u00e9rotisme et de plaisir avec notre spectacle exclusif de danse sensuelle de quinze minutes. Deux danseuses exclusivement pour vous, apportant une touche de sensualit\u00e9 et de plaisir l\u00e0 o\u00f9 vous le souhaitez, accompagn\u00e9es de leur musique choisie pour l'occasion.<\/p>\n<p>Si l'un est sexy, les deux ensemble sont l'\u00e9rotisme dans sa forme la plus pure :<\/p>\n<p>Nous savons tous \u00e0 quel point un strip-tease est sexy et fait monter la temp\u00e9rature avec la danseuse, mais imaginez ce que c'est \u00e0 deux. Ils sont tr\u00e8s affectueux l'un envers l'autre, se touchant, se frottant, s'aidant m\u00eame \u00e0 se d\u00e9shabiller.....<\/p>\n<p>\ud83d\udc83 Une exp\u00e9rience adapt\u00e9e \u00e0 vos besoins :<\/p>\n<p>Ce spectacle tourne autour du mari\u00e9. Les danseurs se d\u00e9placent o\u00f9 vous le souhaitez, ce qui garantit une exp\u00e9rience personnalis\u00e9e et unique. Dans un cadre intime, chez vous ou dans un endroit sp\u00e9cial, pr\u00e9parez-vous \u00e0 \u00eatre la star d'un spectacle inoubliable.<\/p>\n<p>\ud83d\udd25 Un spectacle qui laisse une impression durable :<\/p>\n<p>L'atmosph\u00e8re sensuelle, la temp\u00e9rature qui monte et tous vos amis qui s'\u00e9merveillent de la qualit\u00e9 de la danse et de l'affection des danseurs. Chaque mouvement est con\u00e7u pour \u00e9veiller... \u00a1<\/p>\n<p>Appr\u00e9ciez le p\u00e9ch\u00e9 dans <a href=\"https:\/\/es.wikipedia.org\/wiki\/Palma_de_Mallorca\">Palma de Mallorca<\/a> ou Magaluf !<\/p>\n<p>R\u00e9servez d\u00e8s maintenant notre strip-tease lesbien \u00e0 Majorque !<\/p>","protected":false},"excerpt":{"rendered":"<p><span style=\"vertical-align: inherit;\"><span style=\"vertical-align: inherit;\">Haz que l'\u00e9v\u00e9nement de votre meilleur ami est sp\u00e9cial et unique. <\/span><span style=\"vertical-align: inherit;\">Le strip-tease lesbien est un spectacle sensuel, \u00e9rotique, festif et participatif. <\/span><span style=\"vertical-align: inherit;\">Affichez le moment et conservez-le longtemps.<\/span><\/span><\/p>","protected":false},"featured_media":456,"template":"","meta":[],"product_brand":[425],"product_cat":[165,194],"product_tag":[172,173,174,175],"class_list":{"0":"post-428","1":"product","2":"type-product","3":"status-publish","4":"has-post-thumbnail","6":"product_brand-fliparas-inc","7":"product_cat-mallorca","8":"product_cat-stag-party-mallorca","9":"product_tag-lesbian-girls-in-mallorca","10":"product_tag-lesbian-show-mallorca","11":"product_tag-lesbian-strip-in-mallorca","12":"product_tag-lesbians-in-mallorca","14":"first","15":"instock","16":"virtual","17":"sold-individually","18":"purchasable","19":"product-type-booking"},"yoast_head":"<!-- This site is optimized with the Yoast SEO plugin v26.9 - https:\/\/yoast.com\/product\/yoast-seo-wordpress\/ -->\n<title>Lesbian strip in Mallorca<\/title>\n<meta name=\"description\" content=\"Lesbian strip in Mallorca - Lesbian striptease is a sensual, erotic, festive and participatory show - Streaptease lesbico - Hot Girls - Mallorca\" \/>\n<meta name=\"robots\" content=\"index, follow, max-snippet:-1, max-image-preview:large, max-video-preview:-1\" \/>\n<link rel=\"canonical\" href=\"https:\/\/fliparas.com\/fr\/activite\/strip-tease-lesbien-a-majorque\/\" \/>\n<meta property=\"og:locale\" content=\"fr_FR\" \/>\n<meta property=\"og:type\" content=\"article\" \/>\n<meta property=\"og:title\" content=\"Lesbian strip in Mallorca\" \/>\n<meta property=\"og:description\" content=\"Lesbian strip in Mallorca - Lesbian striptease is a sensual, erotic, festive and participatory show - Streaptease lesbico - Hot Girls - Mallorca\" \/>\n<meta property=\"og:url\" content=\"https:\/\/fliparas.com\/fr\/activite\/strip-tease-lesbien-a-majorque\/\" \/>\n<meta property=\"og:site_name\" content=\"Agency Specialised in Stag and Hen Parties\" \/>\n<meta property=\"article:modified_time\" content=\"2025-01-31T10:26:10+00:00\" \/>\n<meta property=\"og:image\" content=\"https:\/\/fliparas.com\/wp-content\/uploads\/2024\/03\/lesbian-show-1.jpg\" \/>\n\t<meta property=\"og:image:width\" content=\"919\" \/>\n\t<meta property=\"og:image:height\" content=\"1074\" \/>\n\t<meta property=\"og:image:type\" content=\"image\/jpeg\" \/>\n<meta name=\"twitter:card\" content=\"summary_large_image\" \/>\n<meta name=\"twitter:label1\" content=\"Prix\" \/>\n\t<meta name=\"twitter:data1\" content=\"550,00&nbsp;&euro;\" \/>\n\t<meta name=\"twitter:label2\" content=\"Disponibilit\u00e9\" \/>\n\t<meta name=\"twitter:data2\" content=\"En stock\" \/>\n<script type=\"application\/ld+json\" class=\"yoast-schema-graph\">{\"@context\":\"https:\/\/schema.org\",\"@graph\":[{\"@type\":\"WebPage\",\"@id\":\"https:\/\/fliparas.com\/activity\/lesbian-strip-in-mallorca\/\",\"url\":\"https:\/\/fliparas.com\/activity\/lesbian-strip-in-mallorca\/\",\"name\":\"Lesbian strip in Mallorca\",\"isPartOf\":{\"@id\":\"https:\/\/fliparas.com\/#website\"},\"primaryImageOfPage\":{\"@id\":\"https:\/\/fliparas.com\/activity\/lesbian-strip-in-mallorca\/#primaryimage\"},\"image\":{\"@id\":\"https:\/\/fliparas.com\/activity\/lesbian-strip-in-mallorca\/#primaryimage\"},\"thumbnailUrl\":\"https:\/\/fliparas.com\/wp-content\/uploads\/2024\/03\/lesbian-show-1.jpg\",\"datePublished\":\"2024-03-19T12:24:07+00:00\",\"dateModified\":\"2025-01-31T10:26:10+00:00\",\"description\":\"Lesbian strip in Mallorca - Lesbian striptease is a sensual, erotic, festive and participatory show - Streaptease lesbico - Hot Girls - Mallorca\",\"breadcrumb\":{\"@id\":\"https:\/\/fliparas.com\/activity\/lesbian-strip-in-mallorca\/#breadcrumb\"},\"inLanguage\":\"fr-FR\",\"potentialAction\":[{\"@type\":\"ReadAction\",\"target\":[\"https:\/\/fliparas.com\/activity\/lesbian-strip-in-mallorca\/\"]}]},{\"@type\":\"ImageObject\",\"inLanguage\":\"fr-FR\",\"@id\":\"https:\/\/fliparas.com\/activity\/lesbian-strip-in-mallorca\/#primaryimage\",\"url\":\"https:\/\/fliparas.com\/wp-content\/uploads\/2024\/03\/lesbian-show-1.jpg\",\"contentUrl\":\"https:\/\/fliparas.com\/wp-content\/uploads\/2024\/03\/lesbian-show-1.jpg\",\"width\":919,\"height\":1074},{\"@type\":\"BreadcrumbList\",\"@id\":\"https:\/\/fliparas.com\/activity\/lesbian-strip-in-mallorca\/#breadcrumb\",\"itemListElement\":[{\"@type\":\"ListItem\",\"position\":1,\"name\":\"Home\",\"item\":\"https:\/\/fliparas.com\/\"},{\"@type\":\"ListItem\",\"position\":2,\"name\":\"Shop\",\"item\":\"https:\/\/fliparas.com\/shop\/\"},{\"@type\":\"ListItem\",\"position\":3,\"name\":\"Lesbian strip in Mallorca\"}]},{\"@type\":\"WebSite\",\"@id\":\"https:\/\/fliparas.com\/#website\",\"url\":\"https:\/\/fliparas.com\/\",\"name\":\"Agency Specialised in Stag and Hen Parties\",\"description\":\"Trust the highest rated agency to organize an unforgettable stag and hen parties in Europe\",\"publisher\":{\"@id\":\"https:\/\/fliparas.com\/#organization\"},\"alternateName\":\"Fliparas Agency Specialised in Stag and Hen Parties\",\"potentialAction\":[{\"@type\":\"SearchAction\",\"target\":{\"@type\":\"EntryPoint\",\"urlTemplate\":\"https:\/\/fliparas.com\/?s={search_term_string}\"},\"query-input\":{\"@type\":\"PropertyValueSpecification\",\"valueRequired\":true,\"valueName\":\"search_term_string\"}}],\"inLanguage\":\"fr-FR\"},{\"@type\":\"Organization\",\"@id\":\"https:\/\/fliparas.com\/#organization\",\"name\":\"Fliparas\",\"alternateName\":\"Agency Specialised in Stag and Hen Parties\",\"url\":\"https:\/\/fliparas.com\/\",\"logo\":{\"@type\":\"ImageObject\",\"inLanguage\":\"fr-FR\",\"@id\":\"https:\/\/fliparas.com\/#\/schema\/logo\/image\/\",\"url\":\"https:\/\/fliparas.com\/wp-content\/uploads\/2024\/03\/Logo-Fliparas.png\",\"contentUrl\":\"https:\/\/fliparas.com\/wp-content\/uploads\/2024\/03\/Logo-Fliparas.png\",\"width\":1024,\"height\":1024,\"caption\":\"Fliparas\"},\"image\":{\"@id\":\"https:\/\/fliparas.com\/#\/schema\/logo\/image\/\"}}]}<\/script>\n<meta property=\"product:price:amount\" content=\"550.00\" \/>\n<meta property=\"product:price:currency\" content=\"EUR\" \/>\n<meta property=\"og:availability\" content=\"instock\" \/>\n<meta property=\"product:availability\" content=\"instock\" \/>\n<meta property=\"product:condition\" content=\"new\" \/>\n<!-- \/ Yoast SEO plugin. -->","yoast_head_json":{"title":"Strip-tease lesbien \u00e0 Majorque","description":"Strip-tease lesbien \u00e0 Majorque - Le strip-tease lesbien est un spectacle sensuel, \u00e9rotique, festif et participatif - Streaptease lesbico - Hot Girls - Mallorca","robots":{"index":"index","follow":"follow","max-snippet":"max-snippet:-1","max-image-preview":"max-image-preview:large","max-video-preview":"max-video-preview:-1"},"canonical":"https:\/\/fliparas.com\/fr\/activite\/strip-tease-lesbien-a-majorque\/","og_locale":"fr_FR","og_type":"article","og_title":"Lesbian strip in Mallorca","og_description":"Lesbian strip in Mallorca - Lesbian striptease is a sensual, erotic, festive and participatory show - Streaptease lesbico - Hot Girls - Mallorca","og_url":"https:\/\/fliparas.com\/fr\/activite\/strip-tease-lesbien-a-majorque\/","og_site_name":"Agency Specialised in Stag and Hen Parties","article_modified_time":"2025-01-31T10:26:10+00:00","og_image":[{"width":919,"height":1074,"url":"https:\/\/fliparas.com\/wp-content\/uploads\/2024\/03\/lesbian-show-1.jpg","type":"image\/jpeg"}],"twitter_card":"summary_large_image","twitter_misc":{"Prix":"550,00&nbsp;&euro;","Disponibilit\u00e9":"En stock"},"schema":{"@context":"https:\/\/schema.org","@graph":[{"@type":"WebPage","@id":"https:\/\/fliparas.com\/activity\/lesbian-strip-in-mallorca\/","url":"https:\/\/fliparas.com\/activity\/lesbian-strip-in-mallorca\/","name":"Strip-tease lesbien \u00e0 Majorque","isPartOf":{"@id":"https:\/\/fliparas.com\/#website"},"primaryImageOfPage":{"@id":"https:\/\/fliparas.com\/activity\/lesbian-strip-in-mallorca\/#primaryimage"},"image":{"@id":"https:\/\/fliparas.com\/activity\/lesbian-strip-in-mallorca\/#primaryimage"},"thumbnailUrl":"https:\/\/fliparas.com\/wp-content\/uploads\/2024\/03\/lesbian-show-1.jpg","datePublished":"2024-03-19T12:24:07+00:00","dateModified":"2025-01-31T10:26:10+00:00","description":"Strip-tease lesbien \u00e0 Majorque - Le strip-tease lesbien est un spectacle sensuel, \u00e9rotique, festif et participatif - Streaptease lesbico - Hot Girls - Mallorca","breadcrumb":{"@id":"https:\/\/fliparas.com\/activity\/lesbian-strip-in-mallorca\/#breadcrumb"},"inLanguage":"fr-FR","potentialAction":[{"@type":"ReadAction","target":["https:\/\/fliparas.com\/activity\/lesbian-strip-in-mallorca\/"]}]},{"@type":"ImageObject","inLanguage":"fr-FR","@id":"https:\/\/fliparas.com\/activity\/lesbian-strip-in-mallorca\/#primaryimage","url":"https:\/\/fliparas.com\/wp-content\/uploads\/2024\/03\/lesbian-show-1.jpg","contentUrl":"https:\/\/fliparas.com\/wp-content\/uploads\/2024\/03\/lesbian-show-1.jpg","width":919,"height":1074},{"@type":"BreadcrumbList","@id":"https:\/\/fliparas.com\/activity\/lesbian-strip-in-mallorca\/#breadcrumb","itemListElement":[{"@type":"ListItem","position":1,"name":"Home","item":"https:\/\/fliparas.com\/"},{"@type":"ListItem","position":2,"name":"Shop","item":"https:\/\/fliparas.com\/shop\/"},{"@type":"ListItem","position":3,"name":"Lesbian strip in Mallorca"}]},{"@type":"WebSite","@id":"https:\/\/fliparas.com\/#website","url":"https:\/\/fliparas.com\/","name":"Agence sp\u00e9cialis\u00e9e dans les enterrements de vie de gar\u00e7on et de jeune fille","description":"Faites confiance \u00e0 l'agence la mieux not\u00e9e pour organiser un enterrement de vie de gar\u00e7on ou de jeune fille inoubliable en Europe.","publisher":{"@id":"https:\/\/fliparas.com\/#organization"},"alternateName":"Fliparas Agency Specialised in Stag and Hen Parties","potentialAction":[{"@type":"SearchAction","target":{"@type":"EntryPoint","urlTemplate":"https:\/\/fliparas.com\/?s={search_term_string}"},"query-input":{"@type":"PropertyValueSpecification","valueRequired":true,"valueName":"search_term_string"}}],"inLanguage":"fr-FR"},{"@type":"Organization","@id":"https:\/\/fliparas.com\/#organization","name":"Fliparas","alternateName":"Agency Specialised in Stag and Hen Parties","url":"https:\/\/fliparas.com\/","logo":{"@type":"ImageObject","inLanguage":"fr-FR","@id":"https:\/\/fliparas.com\/#\/schema\/logo\/image\/","url":"https:\/\/fliparas.com\/wp-content\/uploads\/2024\/03\/Logo-Fliparas.png","contentUrl":"https:\/\/fliparas.com\/wp-content\/uploads\/2024\/03\/Logo-Fliparas.png","width":1024,"height":1024,"caption":"Fliparas"},"image":{"@id":"https:\/\/fliparas.com\/#\/schema\/logo\/image\/"}}]},"product_price_amount":"550.00","product_price_currency":"EUR","og_availability":"instock","product_availability":"instock","product_condition":"new"},"_links":{"self":[{"href":"https:\/\/fliparas.com\/fr\/wp-json\/wp\/v2\/product\/428","targetHints":{"allow":["GET"]}}],"collection":[{"href":"https:\/\/fliparas.com\/fr\/wp-json\/wp\/v2\/product"}],"about":[{"href":"https:\/\/fliparas.com\/fr\/wp-json\/wp\/v2\/types\/product"}],"wp:featuredmedia":[{"embeddable":true,"href":"https:\/\/fliparas.com\/fr\/wp-json\/wp\/v2\/media\/456"}],"wp:attachment":[{"href":"https:\/\/fliparas.com\/fr\/wp-json\/wp\/v2\/media?parent=428"}],"wp:term":[{"taxonomy":"product_brand","embeddable":true,"href":"https:\/\/fliparas.com\/fr\/wp-json\/wp\/v2\/product_brand?post=428"},{"taxonomy":"product_cat","embeddable":true,"href":"https:\/\/fliparas.com\/fr\/wp-json\/wp\/v2\/product_cat?post=428"},{"taxonomy":"product_tag","embeddable":true,"href":"https:\/\/fliparas.com\/fr\/wp-json\/wp\/v2\/product_tag?post=428"}],"curies":[{"name":"wp","href":"https:\/\/api.w.org\/{rel}","templated":true}]}}