{"id":437,"date":"2024-03-19T12:24:07","date_gmt":"2024-03-19T12:24:07","guid":{"rendered":"https:\/\/fliparas.com\/?post_type=product&#038;p=437"},"modified":"2025-01-31T11:26:09","modified_gmt":"2025-01-31T10:26:09","slug":"sexy-wake-up-mallorca","status":"publish","type":"product","link":"https:\/\/fliparas.com\/fr\/activite\/sexy-wake-up-mallorca\/","title":{"rendered":"Sexy Wake Up Mallorca"},"content":{"rendered":"<p>Sexy Wake Up Mallorca. R\u00e9veillez-vous avec une belle strip-teaseuse. Pouvez-vous imaginer un meilleur r\u00e9veil ?<\/p>\n<p>Les meilleurs enterrements de vie de gar\u00e7on avec <a href=\"https:\/\/fliparas.com\/fr\/enterrement-de-vie-de-garcon\/\">Enterrement de vie de gar\u00e7on<\/a>! <a href=\"https:\/\/fliparas.com\/fr\/enterrement-de-vie-de-jeune-fille\/\">Enterrement de vie de jeune fille<\/a>!<\/p>\n<h2 style=\"text-align: center;\">Sexy Wake Up Mallorca \ud83d\udd25 (r\u00e9veil sexy)<\/h2>\n<h5>L'exp\u00e9rience la plus \u00e9rotique de Majorque\ud83c\udf1f<\/h5>\n<p>Imaginez un instant que vous vous r\u00e9veillez dans votre h\u00f4tel\/villa\/appartement avec une terrible gueule de bois. La veille, vous avez pass\u00e9 la nuit \u00e0 Majorque avec beaucoup d'alcool et beaucoup de femmes...<\/p>\n<p>Vous vous r\u00e9veillez fatigu\u00e9, avec l'envie de retourner au lit, mais la chance vous sourit. Une femme belle et sexy vous attend pour vous r\u00e9veiller avec beaucoup d'affection.<\/p>\n<p>\ud83d\udecc Notre belle femme se rendra l\u00e0 o\u00f9 vous dormez pour vous donner un r\u00e9veil tr\u00e8s, tr\u00e8s sexy. Avec peu de v\u00eatements et beaucoup de d\u00e9sir, elle vous r\u00e9veillera, et la gueule de bois ne sera plus si terrible.<\/p>\n<p>\ud83d\udcf7 Le spectacle est priv\u00e9 mais vous pouvez prendre des photos pour vous souvenir du meilleur r\u00e9veil de votre vie.<\/p>\n<p style=\"text-align: center;\">\ud83d\udd25 Pendant quinze minutes, vous serez tr\u00e8s heureux d'avoir de merveilleux amis qui nous ont contact\u00e9s pour vous r\u00e9veiller avec une femme nue.<\/p>\n<p>Imaginez que vous ouvriez les yeux et que vous d\u00e9couvriez cette merveille,<\/p>\n<p>Appr\u00e9ciez <a href=\"https:\/\/es.wikipedia.org\/wiki\/Mallorca\">Majorque<\/a> avec le r\u00e9veil le plus sexy de votre vie !<\/p>\n<p>Disponible pour la r\u00e9gion de Palma de Majorque ou de Magaluf (autres r\u00e9gions sur demande).<\/p>","protected":false},"excerpt":{"rendered":"<p>Sexy Wake Up Mallorca. R\u00e9veillez-vous avec une belle strip-teaseuse. Pouvez-vous imaginer un meilleur r\u00e9veil ?<\/p>","protected":false},"featured_media":477,"template":"","meta":[],"product_brand":[425],"product_cat":[193,165,194],"product_tag":[264,263],"class_list":{"0":"post-437","1":"product","2":"type-product","3":"status-publish","4":"has-post-thumbnail","6":"product_brand-fliparas-inc","7":"product_cat-hen-party-mallorca","8":"product_cat-mallorca","9":"product_cat-stag-party-mallorca","10":"product_tag-sexy-wake-up","11":"product_tag-sexy-wake-up-mallorca","13":"first","14":"instock","15":"virtual","16":"sold-individually","17":"purchasable","18":"product-type-booking"},"yoast_head":"<!-- This site is optimized with the Yoast SEO plugin v26.9 - https:\/\/yoast.com\/product\/yoast-seo-wordpress\/ -->\n<title>Sexy Wake Up Mallorca<\/title>\n<meta name=\"description\" content=\"Sexy Wake Up Mallorca. Wake up to a beautiful stripper. Can you imagine a better awakening? Striper Mallorca.\" \/>\n<meta name=\"robots\" content=\"index, follow, max-snippet:-1, max-image-preview:large, max-video-preview:-1\" \/>\n<link rel=\"canonical\" href=\"https:\/\/fliparas.com\/fr\/activite\/sexy-wake-up-mallorca\/\" \/>\n<meta property=\"og:locale\" content=\"fr_FR\" \/>\n<meta property=\"og:type\" content=\"article\" \/>\n<meta property=\"og:title\" content=\"Sexy Wake Up Mallorca\" \/>\n<meta property=\"og:description\" content=\"Sexy Wake Up Mallorca. Wake up to a beautiful stripper. Can you imagine a better awakening? Striper Mallorca.\" \/>\n<meta property=\"og:url\" content=\"https:\/\/fliparas.com\/fr\/activite\/sexy-wake-up-mallorca\/\" \/>\n<meta property=\"og:site_name\" content=\"Agency Specialised in Stag and Hen Parties\" \/>\n<meta property=\"article:modified_time\" content=\"2025-01-31T10:26:09+00:00\" \/>\n<meta property=\"og:image\" content=\"https:\/\/fliparas.com\/wp-content\/uploads\/2024\/03\/Girls-9.jpeg\" \/>\n\t<meta property=\"og:image:width\" content=\"300\" \/>\n\t<meta property=\"og:image:height\" content=\"300\" \/>\n\t<meta property=\"og:image:type\" content=\"image\/jpeg\" \/>\n<meta name=\"twitter:card\" content=\"summary_large_image\" \/>\n<meta name=\"twitter:label1\" content=\"Prix\" \/>\n\t<meta name=\"twitter:data1\" content=\"260,00&nbsp;&euro;\" \/>\n\t<meta name=\"twitter:label2\" content=\"Disponibilit\u00e9\" \/>\n\t<meta name=\"twitter:data2\" content=\"En stock\" \/>\n<script type=\"application\/ld+json\" class=\"yoast-schema-graph\">{\"@context\":\"https:\/\/schema.org\",\"@graph\":[{\"@type\":\"WebPage\",\"@id\":\"https:\/\/fliparas.com\/activity\/sexy-wake-up-mallorca\/\",\"url\":\"https:\/\/fliparas.com\/activity\/sexy-wake-up-mallorca\/\",\"name\":\"Sexy Wake Up Mallorca\",\"isPartOf\":{\"@id\":\"https:\/\/fliparas.com\/#website\"},\"primaryImageOfPage\":{\"@id\":\"https:\/\/fliparas.com\/activity\/sexy-wake-up-mallorca\/#primaryimage\"},\"image\":{\"@id\":\"https:\/\/fliparas.com\/activity\/sexy-wake-up-mallorca\/#primaryimage\"},\"thumbnailUrl\":\"https:\/\/fliparas.com\/wp-content\/uploads\/2024\/03\/Girls-9.jpeg\",\"datePublished\":\"2024-03-19T12:24:07+00:00\",\"dateModified\":\"2025-01-31T10:26:09+00:00\",\"description\":\"Sexy Wake Up Mallorca. Wake up to a beautiful stripper. Can you imagine a better awakening? Striper Mallorca.\",\"breadcrumb\":{\"@id\":\"https:\/\/fliparas.com\/activity\/sexy-wake-up-mallorca\/#breadcrumb\"},\"inLanguage\":\"fr-FR\",\"potentialAction\":[{\"@type\":\"ReadAction\",\"target\":[\"https:\/\/fliparas.com\/activity\/sexy-wake-up-mallorca\/\"]}]},{\"@type\":\"ImageObject\",\"inLanguage\":\"fr-FR\",\"@id\":\"https:\/\/fliparas.com\/activity\/sexy-wake-up-mallorca\/#primaryimage\",\"url\":\"https:\/\/fliparas.com\/wp-content\/uploads\/2024\/03\/Girls-9.jpeg\",\"contentUrl\":\"https:\/\/fliparas.com\/wp-content\/uploads\/2024\/03\/Girls-9.jpeg\",\"width\":300,\"height\":300},{\"@type\":\"BreadcrumbList\",\"@id\":\"https:\/\/fliparas.com\/activity\/sexy-wake-up-mallorca\/#breadcrumb\",\"itemListElement\":[{\"@type\":\"ListItem\",\"position\":1,\"name\":\"Home\",\"item\":\"https:\/\/fliparas.com\/\"},{\"@type\":\"ListItem\",\"position\":2,\"name\":\"Shop\",\"item\":\"https:\/\/fliparas.com\/shop\/\"},{\"@type\":\"ListItem\",\"position\":3,\"name\":\"Sexy Wake Up Mallorca\"}]},{\"@type\":\"WebSite\",\"@id\":\"https:\/\/fliparas.com\/#website\",\"url\":\"https:\/\/fliparas.com\/\",\"name\":\"Agency Specialised in Stag and Hen Parties\",\"description\":\"Trust the highest rated agency to organize an unforgettable stag and hen parties in Europe\",\"publisher\":{\"@id\":\"https:\/\/fliparas.com\/#organization\"},\"alternateName\":\"Fliparas Agency Specialised in Stag and Hen Parties\",\"potentialAction\":[{\"@type\":\"SearchAction\",\"target\":{\"@type\":\"EntryPoint\",\"urlTemplate\":\"https:\/\/fliparas.com\/?s={search_term_string}\"},\"query-input\":{\"@type\":\"PropertyValueSpecification\",\"valueRequired\":true,\"valueName\":\"search_term_string\"}}],\"inLanguage\":\"fr-FR\"},{\"@type\":\"Organization\",\"@id\":\"https:\/\/fliparas.com\/#organization\",\"name\":\"Fliparas\",\"alternateName\":\"Agency Specialised in Stag and Hen Parties\",\"url\":\"https:\/\/fliparas.com\/\",\"logo\":{\"@type\":\"ImageObject\",\"inLanguage\":\"fr-FR\",\"@id\":\"https:\/\/fliparas.com\/#\/schema\/logo\/image\/\",\"url\":\"https:\/\/fliparas.com\/wp-content\/uploads\/2024\/03\/Logo-Fliparas.png\",\"contentUrl\":\"https:\/\/fliparas.com\/wp-content\/uploads\/2024\/03\/Logo-Fliparas.png\",\"width\":1024,\"height\":1024,\"caption\":\"Fliparas\"},\"image\":{\"@id\":\"https:\/\/fliparas.com\/#\/schema\/logo\/image\/\"}}]}<\/script>\n<meta property=\"product:price:amount\" content=\"260.00\" \/>\n<meta property=\"product:price:currency\" content=\"EUR\" \/>\n<meta property=\"og:availability\" content=\"instock\" \/>\n<meta property=\"product:availability\" content=\"instock\" \/>\n<meta property=\"product:condition\" content=\"new\" \/>\n<!-- \/ Yoast SEO plugin. -->","yoast_head_json":{"title":"Sexy Wake Up Mallorca","description":"Sexy Wake Up Mallorca. R\u00e9veillez-vous avec une belle strip-teaseuse. Pouvez-vous imaginer un meilleur r\u00e9veil ? Striper Mallorca.","robots":{"index":"index","follow":"follow","max-snippet":"max-snippet:-1","max-image-preview":"max-image-preview:large","max-video-preview":"max-video-preview:-1"},"canonical":"https:\/\/fliparas.com\/fr\/activite\/sexy-wake-up-mallorca\/","og_locale":"fr_FR","og_type":"article","og_title":"Sexy Wake Up Mallorca","og_description":"Sexy Wake Up Mallorca. Wake up to a beautiful stripper. Can you imagine a better awakening? Striper Mallorca.","og_url":"https:\/\/fliparas.com\/fr\/activite\/sexy-wake-up-mallorca\/","og_site_name":"Agency Specialised in Stag and Hen Parties","article_modified_time":"2025-01-31T10:26:09+00:00","og_image":[{"width":300,"height":300,"url":"https:\/\/fliparas.com\/wp-content\/uploads\/2024\/03\/Girls-9.jpeg","type":"image\/jpeg"}],"twitter_card":"summary_large_image","twitter_misc":{"Prix":"260,00&nbsp;&euro;","Disponibilit\u00e9":"En stock"},"schema":{"@context":"https:\/\/schema.org","@graph":[{"@type":"WebPage","@id":"https:\/\/fliparas.com\/activity\/sexy-wake-up-mallorca\/","url":"https:\/\/fliparas.com\/activity\/sexy-wake-up-mallorca\/","name":"Sexy Wake Up Mallorca","isPartOf":{"@id":"https:\/\/fliparas.com\/#website"},"primaryImageOfPage":{"@id":"https:\/\/fliparas.com\/activity\/sexy-wake-up-mallorca\/#primaryimage"},"image":{"@id":"https:\/\/fliparas.com\/activity\/sexy-wake-up-mallorca\/#primaryimage"},"thumbnailUrl":"https:\/\/fliparas.com\/wp-content\/uploads\/2024\/03\/Girls-9.jpeg","datePublished":"2024-03-19T12:24:07+00:00","dateModified":"2025-01-31T10:26:09+00:00","description":"Sexy Wake Up Mallorca. R\u00e9veillez-vous avec une belle strip-teaseuse. Pouvez-vous imaginer un meilleur r\u00e9veil ? Striper Mallorca.","breadcrumb":{"@id":"https:\/\/fliparas.com\/activity\/sexy-wake-up-mallorca\/#breadcrumb"},"inLanguage":"fr-FR","potentialAction":[{"@type":"ReadAction","target":["https:\/\/fliparas.com\/activity\/sexy-wake-up-mallorca\/"]}]},{"@type":"ImageObject","inLanguage":"fr-FR","@id":"https:\/\/fliparas.com\/activity\/sexy-wake-up-mallorca\/#primaryimage","url":"https:\/\/fliparas.com\/wp-content\/uploads\/2024\/03\/Girls-9.jpeg","contentUrl":"https:\/\/fliparas.com\/wp-content\/uploads\/2024\/03\/Girls-9.jpeg","width":300,"height":300},{"@type":"BreadcrumbList","@id":"https:\/\/fliparas.com\/activity\/sexy-wake-up-mallorca\/#breadcrumb","itemListElement":[{"@type":"ListItem","position":1,"name":"Home","item":"https:\/\/fliparas.com\/"},{"@type":"ListItem","position":2,"name":"Shop","item":"https:\/\/fliparas.com\/shop\/"},{"@type":"ListItem","position":3,"name":"Sexy Wake Up Mallorca"}]},{"@type":"WebSite","@id":"https:\/\/fliparas.com\/#website","url":"https:\/\/fliparas.com\/","name":"Agence sp\u00e9cialis\u00e9e dans les enterrements de vie de gar\u00e7on et de jeune fille","description":"Faites confiance \u00e0 l'agence la mieux not\u00e9e pour organiser un enterrement de vie de gar\u00e7on ou de jeune fille inoubliable en Europe.","publisher":{"@id":"https:\/\/fliparas.com\/#organization"},"alternateName":"Fliparas Agency Specialised in Stag and Hen Parties","potentialAction":[{"@type":"SearchAction","target":{"@type":"EntryPoint","urlTemplate":"https:\/\/fliparas.com\/?s={search_term_string}"},"query-input":{"@type":"PropertyValueSpecification","valueRequired":true,"valueName":"search_term_string"}}],"inLanguage":"fr-FR"},{"@type":"Organization","@id":"https:\/\/fliparas.com\/#organization","name":"Fliparas","alternateName":"Agency Specialised in Stag and Hen Parties","url":"https:\/\/fliparas.com\/","logo":{"@type":"ImageObject","inLanguage":"fr-FR","@id":"https:\/\/fliparas.com\/#\/schema\/logo\/image\/","url":"https:\/\/fliparas.com\/wp-content\/uploads\/2024\/03\/Logo-Fliparas.png","contentUrl":"https:\/\/fliparas.com\/wp-content\/uploads\/2024\/03\/Logo-Fliparas.png","width":1024,"height":1024,"caption":"Fliparas"},"image":{"@id":"https:\/\/fliparas.com\/#\/schema\/logo\/image\/"}}]},"product_price_amount":"260.00","product_price_currency":"EUR","og_availability":"instock","product_availability":"instock","product_condition":"new"},"_links":{"self":[{"href":"https:\/\/fliparas.com\/fr\/wp-json\/wp\/v2\/product\/437","targetHints":{"allow":["GET"]}}],"collection":[{"href":"https:\/\/fliparas.com\/fr\/wp-json\/wp\/v2\/product"}],"about":[{"href":"https:\/\/fliparas.com\/fr\/wp-json\/wp\/v2\/types\/product"}],"wp:featuredmedia":[{"embeddable":true,"href":"https:\/\/fliparas.com\/fr\/wp-json\/wp\/v2\/media\/477"}],"wp:attachment":[{"href":"https:\/\/fliparas.com\/fr\/wp-json\/wp\/v2\/media?parent=437"}],"wp:term":[{"taxonomy":"product_brand","embeddable":true,"href":"https:\/\/fliparas.com\/fr\/wp-json\/wp\/v2\/product_brand?post=437"},{"taxonomy":"product_cat","embeddable":true,"href":"https:\/\/fliparas.com\/fr\/wp-json\/wp\/v2\/product_cat?post=437"},{"taxonomy":"product_tag","embeddable":true,"href":"https:\/\/fliparas.com\/fr\/wp-json\/wp\/v2\/product_tag?post=437"}],"curies":[{"name":"wp","href":"https:\/\/api.w.org\/{rel}","templated":true}]}}