{"id":438,"date":"2024-03-19T12:24:08","date_gmt":"2024-03-19T12:24:08","guid":{"rendered":"https:\/\/fliparas.com\/?post_type=product&#038;p=438"},"modified":"2025-01-31T11:26:09","modified_gmt":"2025-01-31T10:26:09","slug":"parc-aquatique-de-mallorca","status":"publish","type":"product","link":"https:\/\/fliparas.com\/fr\/activite\/parc-aquatique-de-mallorca\/","title":{"rendered":"Parc aquatique de Majorque"},"content":{"rendered":"<p>Parc aquatique de Majorque. Il fait tr\u00e8s chaud \u00e0 Majorque. Profitez de sept heures d'eau et d'attractions amusantes.<\/p>\n<p>Les meilleurs enterrements de vie de gar\u00e7on avec <a href=\"https:\/\/fliparas.com\/fr\/enterrement-de-vie-de-garcon\/\">Enterrement de vie de gar\u00e7on<\/a>! <a href=\"https:\/\/fliparas.com\/fr\/enterrement-de-vie-de-jeune-fille\/\">Enterrement de vie de jeune fille<\/a>!<\/p>\n<h2 style=\"text-align: center;\">Parc aquatique de Majorque \ud83c\udf0a<\/h2>\n<p style=\"text-align: center;\">VENTE MINIMUM : 6 PERSONNES.<\/p>\n<h5>\ud83c\udf1e Plaisirs aquatiques \u00e0 Majorque ! \ud83c\udfd6\ufe0f<\/h5>\n<p>Rafra\u00eechissez-vous et \u00e9chappez \u00e0 la chaleur estivale au c\u0153ur de Majorque gr\u00e2ce \u00e0 notre incroyable parc aquatique ! \ud83c\udf0a<\/p>\n<p>D\u00e9couvrez sept heures de plaisir sans fin dans notre oasis aquatique, o\u00f9 des piscines \u00e9tincelantes et des attractions palpitantes vous attendent.<\/p>\n<p>\ud83c\udf34 Faites une pause bien m\u00e9rit\u00e9e dans la f\u00eate et plongez dans un monde de plaisir aquatique. Passez la journ\u00e9e dans notre parc aquatique de Majorque.<\/p>\n<p>\ud83c\udfc4 Glissez sur des toboggans spectaculaires, flottez paisiblement sur la rivi\u00e8re paresseuse ou faites des vagues dans la piscine \u00e0 vagues. Nos attractions sont con\u00e7ues pour plaire \u00e0 tous les \u00e2ges et \u00e0 tous les aventuriers !<\/p>\n<p>\ud83c\udf79 Alors que la magie op\u00e8re dans l'eau, \u00e0 l'int\u00e9rieur, de nombreux rafra\u00eechissements vous attendent. Des en-cas aux boissons p\u00e9tillantes, tout ce dont vous avez besoin pour faire le plein d'\u00e9nergie est \u00e0 port\u00e9e de main.<\/p>\n<p>\ud83c\udf1f R\u00e9servez d\u00e8s maintenant votre journ\u00e9e de rafra\u00eechissement et d'amusement !<\/p>\n<p>\ud83c\udf89 Notre parc aquatique est l'endroit id\u00e9al pour passer des moments inoubliables en famille ou entre amis. Ne manquez pas cette occasion de transformer la chaleur de l'\u00e9t\u00e9 en \u00e9clats de rire et en souvenirs m\u00e9morables ! \ud83c\udf1e<\/p>\n<p style=\"text-align: center;\">Passez une bonne journ\u00e9e en <a href=\"https:\/\/es.wikipedia.org\/wiki\/Mallorca\">Majorque<\/a>!<\/p>","protected":false},"excerpt":{"rendered":"<p>Parc aquatique de Majorque. Il fait tr\u00e8s chaud \u00e0 Majorque. Profitez de sept heures d'eau et d'attractions amusantes.<\/p>\n<p>VENTE MINIMUM : 6 PERSONNES.<\/p>","protected":false},"featured_media":880,"template":"","meta":[],"product_brand":[425],"product_cat":[193,165,194],"product_tag":[249],"class_list":{"0":"post-438","1":"product","2":"type-product","3":"status-publish","4":"has-post-thumbnail","6":"product_brand-fliparas-inc","7":"product_cat-hen-party-mallorca","8":"product_cat-mallorca","9":"product_cat-stag-party-mallorca","10":"product_tag-water-park","12":"first","13":"instock","14":"virtual","15":"sold-individually","16":"purchasable","17":"product-type-booking"},"yoast_head":"<!-- This site is optimized with the Yoast SEO plugin v26.9 - https:\/\/yoast.com\/product\/yoast-seo-wordpress\/ -->\n<title>Mallorca Water Park<\/title>\n<meta name=\"description\" content=\"Mallorca Water Park. Mallorca WaterPark. It is very hot in Mallorca. Enjoy seven hours of water and fun attractions.\" \/>\n<meta name=\"robots\" content=\"index, follow, max-snippet:-1, max-image-preview:large, max-video-preview:-1\" \/>\n<link rel=\"canonical\" href=\"https:\/\/fliparas.com\/fr\/activite\/parc-aquatique-de-mallorca\/\" \/>\n<meta property=\"og:locale\" content=\"fr_FR\" \/>\n<meta property=\"og:type\" content=\"article\" \/>\n<meta property=\"og:title\" content=\"Mallorca Water Park\" \/>\n<meta property=\"og:description\" content=\"Mallorca Water Park. Mallorca WaterPark. It is very hot in Mallorca. Enjoy seven hours of water and fun attractions.\" \/>\n<meta property=\"og:url\" content=\"https:\/\/fliparas.com\/fr\/activite\/parc-aquatique-de-mallorca\/\" \/>\n<meta property=\"og:site_name\" content=\"Agency Specialised in Stag and Hen Parties\" \/>\n<meta property=\"article:modified_time\" content=\"2025-01-31T10:26:09+00:00\" \/>\n<meta property=\"og:image\" content=\"https:\/\/fliparas.com\/wp-content\/uploads\/2024\/03\/Water-Park-img.jpeg\" \/>\n\t<meta property=\"og:image:width\" content=\"1024\" \/>\n\t<meta property=\"og:image:height\" content=\"1024\" \/>\n\t<meta property=\"og:image:type\" content=\"image\/jpeg\" \/>\n<meta name=\"twitter:card\" content=\"summary_large_image\" \/>\n<meta name=\"twitter:label1\" content=\"Prix\" \/>\n\t<meta name=\"twitter:data1\" content=\"48,00&nbsp;&euro;\" \/>\n\t<meta name=\"twitter:label2\" content=\"Disponibilit\u00e9\" \/>\n\t<meta name=\"twitter:data2\" content=\"En stock\" \/>\n<script type=\"application\/ld+json\" class=\"yoast-schema-graph\">{\"@context\":\"https:\/\/schema.org\",\"@graph\":[{\"@type\":\"WebPage\",\"@id\":\"https:\/\/fliparas.com\/activity\/mallorca-water-park\/\",\"url\":\"https:\/\/fliparas.com\/activity\/mallorca-water-park\/\",\"name\":\"Mallorca Water Park\",\"isPartOf\":{\"@id\":\"https:\/\/fliparas.com\/#website\"},\"primaryImageOfPage\":{\"@id\":\"https:\/\/fliparas.com\/activity\/mallorca-water-park\/#primaryimage\"},\"image\":{\"@id\":\"https:\/\/fliparas.com\/activity\/mallorca-water-park\/#primaryimage\"},\"thumbnailUrl\":\"https:\/\/fliparas.com\/wp-content\/uploads\/2024\/03\/Water-Park-img.jpeg\",\"datePublished\":\"2024-03-19T12:24:08+00:00\",\"dateModified\":\"2025-01-31T10:26:09+00:00\",\"description\":\"Mallorca Water Park. Mallorca WaterPark. It is very hot in Mallorca. Enjoy seven hours of water and fun attractions.\",\"breadcrumb\":{\"@id\":\"https:\/\/fliparas.com\/activity\/mallorca-water-park\/#breadcrumb\"},\"inLanguage\":\"fr-FR\",\"potentialAction\":[{\"@type\":\"ReadAction\",\"target\":[\"https:\/\/fliparas.com\/activity\/mallorca-water-park\/\"]}]},{\"@type\":\"ImageObject\",\"inLanguage\":\"fr-FR\",\"@id\":\"https:\/\/fliparas.com\/activity\/mallorca-water-park\/#primaryimage\",\"url\":\"https:\/\/fliparas.com\/wp-content\/uploads\/2024\/03\/Water-Park-img.jpeg\",\"contentUrl\":\"https:\/\/fliparas.com\/wp-content\/uploads\/2024\/03\/Water-Park-img.jpeg\",\"width\":1024,\"height\":1024},{\"@type\":\"BreadcrumbList\",\"@id\":\"https:\/\/fliparas.com\/activity\/mallorca-water-park\/#breadcrumb\",\"itemListElement\":[{\"@type\":\"ListItem\",\"position\":1,\"name\":\"Home\",\"item\":\"https:\/\/fliparas.com\/\"},{\"@type\":\"ListItem\",\"position\":2,\"name\":\"Shop\",\"item\":\"https:\/\/fliparas.com\/shop\/\"},{\"@type\":\"ListItem\",\"position\":3,\"name\":\"Mallorca Water Park\"}]},{\"@type\":\"WebSite\",\"@id\":\"https:\/\/fliparas.com\/#website\",\"url\":\"https:\/\/fliparas.com\/\",\"name\":\"Agency Specialised in Stag and Hen Parties\",\"description\":\"Trust the highest rated agency to organize an unforgettable stag and hen parties in Europe\",\"publisher\":{\"@id\":\"https:\/\/fliparas.com\/#organization\"},\"alternateName\":\"Fliparas Agency Specialised in Stag and Hen Parties\",\"potentialAction\":[{\"@type\":\"SearchAction\",\"target\":{\"@type\":\"EntryPoint\",\"urlTemplate\":\"https:\/\/fliparas.com\/?s={search_term_string}\"},\"query-input\":{\"@type\":\"PropertyValueSpecification\",\"valueRequired\":true,\"valueName\":\"search_term_string\"}}],\"inLanguage\":\"fr-FR\"},{\"@type\":\"Organization\",\"@id\":\"https:\/\/fliparas.com\/#organization\",\"name\":\"Fliparas\",\"alternateName\":\"Agency Specialised in Stag and Hen Parties\",\"url\":\"https:\/\/fliparas.com\/\",\"logo\":{\"@type\":\"ImageObject\",\"inLanguage\":\"fr-FR\",\"@id\":\"https:\/\/fliparas.com\/#\/schema\/logo\/image\/\",\"url\":\"https:\/\/fliparas.com\/wp-content\/uploads\/2024\/03\/Logo-Fliparas.png\",\"contentUrl\":\"https:\/\/fliparas.com\/wp-content\/uploads\/2024\/03\/Logo-Fliparas.png\",\"width\":1024,\"height\":1024,\"caption\":\"Fliparas\"},\"image\":{\"@id\":\"https:\/\/fliparas.com\/#\/schema\/logo\/image\/\"}}]}<\/script>\n<meta property=\"product:price:amount\" content=\"48.00\" \/>\n<meta property=\"product:price:currency\" content=\"EUR\" \/>\n<meta property=\"og:availability\" content=\"instock\" \/>\n<meta property=\"product:availability\" content=\"instock\" \/>\n<meta property=\"product:condition\" content=\"new\" \/>\n<!-- \/ Yoast SEO plugin. -->","yoast_head_json":{"title":"Parc aquatique de Majorque","description":"Parc aquatique de Majorque. Parc aquatique de Majorque. Il fait tr\u00e8s chaud \u00e0 Majorque. Profitez de sept heures d'eau et d'attractions amusantes.","robots":{"index":"index","follow":"follow","max-snippet":"max-snippet:-1","max-image-preview":"max-image-preview:large","max-video-preview":"max-video-preview:-1"},"canonical":"https:\/\/fliparas.com\/fr\/activite\/parc-aquatique-de-mallorca\/","og_locale":"fr_FR","og_type":"article","og_title":"Mallorca Water Park","og_description":"Mallorca Water Park. Mallorca WaterPark. It is very hot in Mallorca. Enjoy seven hours of water and fun attractions.","og_url":"https:\/\/fliparas.com\/fr\/activite\/parc-aquatique-de-mallorca\/","og_site_name":"Agency Specialised in Stag and Hen Parties","article_modified_time":"2025-01-31T10:26:09+00:00","og_image":[{"width":1024,"height":1024,"url":"https:\/\/fliparas.com\/wp-content\/uploads\/2024\/03\/Water-Park-img.jpeg","type":"image\/jpeg"}],"twitter_card":"summary_large_image","twitter_misc":{"Prix":"48,00&nbsp;&euro;","Disponibilit\u00e9":"En stock"},"schema":{"@context":"https:\/\/schema.org","@graph":[{"@type":"WebPage","@id":"https:\/\/fliparas.com\/activity\/mallorca-water-park\/","url":"https:\/\/fliparas.com\/activity\/mallorca-water-park\/","name":"Parc aquatique de Majorque","isPartOf":{"@id":"https:\/\/fliparas.com\/#website"},"primaryImageOfPage":{"@id":"https:\/\/fliparas.com\/activity\/mallorca-water-park\/#primaryimage"},"image":{"@id":"https:\/\/fliparas.com\/activity\/mallorca-water-park\/#primaryimage"},"thumbnailUrl":"https:\/\/fliparas.com\/wp-content\/uploads\/2024\/03\/Water-Park-img.jpeg","datePublished":"2024-03-19T12:24:08+00:00","dateModified":"2025-01-31T10:26:09+00:00","description":"Parc aquatique de Majorque. Parc aquatique de Majorque. Il fait tr\u00e8s chaud \u00e0 Majorque. Profitez de sept heures d'eau et d'attractions amusantes.","breadcrumb":{"@id":"https:\/\/fliparas.com\/activity\/mallorca-water-park\/#breadcrumb"},"inLanguage":"fr-FR","potentialAction":[{"@type":"ReadAction","target":["https:\/\/fliparas.com\/activity\/mallorca-water-park\/"]}]},{"@type":"ImageObject","inLanguage":"fr-FR","@id":"https:\/\/fliparas.com\/activity\/mallorca-water-park\/#primaryimage","url":"https:\/\/fliparas.com\/wp-content\/uploads\/2024\/03\/Water-Park-img.jpeg","contentUrl":"https:\/\/fliparas.com\/wp-content\/uploads\/2024\/03\/Water-Park-img.jpeg","width":1024,"height":1024},{"@type":"BreadcrumbList","@id":"https:\/\/fliparas.com\/activity\/mallorca-water-park\/#breadcrumb","itemListElement":[{"@type":"ListItem","position":1,"name":"Home","item":"https:\/\/fliparas.com\/"},{"@type":"ListItem","position":2,"name":"Shop","item":"https:\/\/fliparas.com\/shop\/"},{"@type":"ListItem","position":3,"name":"Mallorca Water Park"}]},{"@type":"WebSite","@id":"https:\/\/fliparas.com\/#website","url":"https:\/\/fliparas.com\/","name":"Agence sp\u00e9cialis\u00e9e dans les enterrements de vie de gar\u00e7on et de jeune fille","description":"Faites confiance \u00e0 l'agence la mieux not\u00e9e pour organiser un enterrement de vie de gar\u00e7on ou de jeune fille inoubliable en Europe.","publisher":{"@id":"https:\/\/fliparas.com\/#organization"},"alternateName":"Fliparas Agency Specialised in Stag and Hen Parties","potentialAction":[{"@type":"SearchAction","target":{"@type":"EntryPoint","urlTemplate":"https:\/\/fliparas.com\/?s={search_term_string}"},"query-input":{"@type":"PropertyValueSpecification","valueRequired":true,"valueName":"search_term_string"}}],"inLanguage":"fr-FR"},{"@type":"Organization","@id":"https:\/\/fliparas.com\/#organization","name":"Fliparas","alternateName":"Agency Specialised in Stag and Hen Parties","url":"https:\/\/fliparas.com\/","logo":{"@type":"ImageObject","inLanguage":"fr-FR","@id":"https:\/\/fliparas.com\/#\/schema\/logo\/image\/","url":"https:\/\/fliparas.com\/wp-content\/uploads\/2024\/03\/Logo-Fliparas.png","contentUrl":"https:\/\/fliparas.com\/wp-content\/uploads\/2024\/03\/Logo-Fliparas.png","width":1024,"height":1024,"caption":"Fliparas"},"image":{"@id":"https:\/\/fliparas.com\/#\/schema\/logo\/image\/"}}]},"product_price_amount":"48.00","product_price_currency":"EUR","og_availability":"instock","product_availability":"instock","product_condition":"new"},"_links":{"self":[{"href":"https:\/\/fliparas.com\/fr\/wp-json\/wp\/v2\/product\/438","targetHints":{"allow":["GET"]}}],"collection":[{"href":"https:\/\/fliparas.com\/fr\/wp-json\/wp\/v2\/product"}],"about":[{"href":"https:\/\/fliparas.com\/fr\/wp-json\/wp\/v2\/types\/product"}],"wp:featuredmedia":[{"embeddable":true,"href":"https:\/\/fliparas.com\/fr\/wp-json\/wp\/v2\/media\/880"}],"wp:attachment":[{"href":"https:\/\/fliparas.com\/fr\/wp-json\/wp\/v2\/media?parent=438"}],"wp:term":[{"taxonomy":"product_brand","embeddable":true,"href":"https:\/\/fliparas.com\/fr\/wp-json\/wp\/v2\/product_brand?post=438"},{"taxonomy":"product_cat","embeddable":true,"href":"https:\/\/fliparas.com\/fr\/wp-json\/wp\/v2\/product_cat?post=438"},{"taxonomy":"product_tag","embeddable":true,"href":"https:\/\/fliparas.com\/fr\/wp-json\/wp\/v2\/product_tag?post=438"}],"curies":[{"name":"wp","href":"https:\/\/api.w.org\/{rel}","templated":true}]}}