{"id":440,"date":"2024-03-19T12:24:08","date_gmt":"2024-03-19T12:24:08","guid":{"rendered":"https:\/\/fliparas.com\/?post_type=product&#038;p=440"},"modified":"2025-01-31T11:27:04","modified_gmt":"2025-01-31T10:27:04","slug":"club-de-strip-tease-de-mallorque","status":"publish","type":"product","link":"https:\/\/fliparas.com\/fr\/activite\/club-de-strip-tease-de-mallorque\/","title":{"rendered":"Club de strip-tease de Majorque"},"content":{"rendered":"<p>Club de strip-tease de Majorque. Profitez avec vos amis d'un espace incroyable rempli de belles filles qui dansent sur la barre de danse.<\/p>\n<p>Les meilleurs enterrements de vie de gar\u00e7on avec <a href=\"https:\/\/fliparas.com\/fr\/enterrement-de-vie-de-garcon\/\">Enterrement de vie de gar\u00e7on<\/a>! <a href=\"https:\/\/fliparas.com\/fr\/enterrement-de-vie-de-jeune-fille\/\">Enterrement de vie de jeune fille<\/a>!<\/p>\n<h2 style=\"text-align: center;\">Club de strip-tease de Majorque \ud83d\udd25<\/h2>\n<p style=\"text-align: center;\">VENTE MINIMALE : 10 PERSONNES.<\/p>\n<h5>Une nuit tr\u00e8s chaude \u00e0 Majorque \ud83d\udd25<\/h5>\n<p>Si vous en avez assez de la f\u00eate et de l'agitation de Majorque, il n'y a pas de meilleur endroit pour se d\u00e9tendre qu'un club de strip-tease.<\/p>\n<p>Vous et vos amis appr\u00e9cierez le spectacle de belles filles sur sc\u00e8ne.<\/p>\n<p>Lap dance, pole dance, table dance... des spectacles \u00e9rotiques tout au long de la nuit avec des filles \u00e9poustouflantes.<\/p>\n<p>Et ne vous inqui\u00e9tez pas si elles vous donnent envie d'en voir plus, vous pouvez louer un spectacle \u00e9rotique priv\u00e9 pour profiter seul de votre fille pr\u00e9f\u00e9r\u00e9e de la nuit.<\/p>\n<p>Pas de limite de temps, prenez le temps qu'il vous faut !<\/p>\n<p>\ud83c\udf79 Boissons et meilleurs cocktails \u00e0 l'int\u00e9rieur<\/p>\n<p>\ud83d\udd25Belles filles qui peuvent faire un show priv\u00e9 dans la chambre si vous le souhaitez.<\/p>\n<p style=\"text-align: center;\">Le meilleur club d'hommes de <a href=\"https:\/\/es.wikipedia.org\/wiki\/Magaluf\">Magaluf<\/a><\/p>","protected":false},"excerpt":{"rendered":"<p>Club de strip-tease de Majorque. Profitez avec vos amis d'un espace incroyable rempli de belles filles qui dansent sur la barre de danse.<\/p>\n<p>VENTE MINIMALE : 10 PERSONNES.<\/p>","protected":false},"featured_media":480,"template":"","meta":[],"product_brand":[425],"product_cat":[193,165,194],"product_tag":[252,253],"class_list":{"0":"post-440","1":"product","2":"type-product","3":"status-publish","4":"has-post-thumbnail","6":"product_brand-fliparas-inc","7":"product_cat-hen-party-mallorca","8":"product_cat-mallorca","9":"product_cat-stag-party-mallorca","10":"product_tag-mallorca-strip-club","11":"product_tag-strip-club","13":"first","14":"instock","15":"virtual","16":"sold-individually","17":"purchasable","18":"product-type-booking"},"yoast_head":"<!-- This site is optimized with the Yoast SEO plugin v26.9 - https:\/\/yoast.com\/product\/yoast-seo-wordpress\/ -->\n<title>Mallorca strip club<\/title>\n<meta name=\"description\" content=\"Mallorca strip club. Strip club. Enjoy with your friends an amazing space filled with beautiful girls dancing on the dance bar.\" \/>\n<meta name=\"robots\" content=\"index, follow, max-snippet:-1, max-image-preview:large, max-video-preview:-1\" \/>\n<link rel=\"canonical\" href=\"https:\/\/fliparas.com\/fr\/activite\/club-de-strip-tease-de-mallorque\/\" \/>\n<meta property=\"og:locale\" content=\"fr_FR\" \/>\n<meta property=\"og:type\" content=\"article\" \/>\n<meta property=\"og:title\" content=\"Mallorca strip club\" \/>\n<meta property=\"og:description\" content=\"Mallorca strip club. Strip club. Enjoy with your friends an amazing space filled with beautiful girls dancing on the dance bar.\" \/>\n<meta property=\"og:url\" content=\"https:\/\/fliparas.com\/fr\/activite\/club-de-strip-tease-de-mallorque\/\" \/>\n<meta property=\"og:site_name\" content=\"Agency Specialised in Stag and Hen Parties\" \/>\n<meta property=\"article:modified_time\" content=\"2025-01-31T10:27:04+00:00\" \/>\n<meta property=\"og:image\" content=\"https:\/\/fliparas.com\/wp-content\/uploads\/2024\/03\/WhatsApp-Image-2021-01-15-at-15.38.25-1.jpeg\" \/>\n\t<meta property=\"og:image:width\" content=\"720\" \/>\n\t<meta property=\"og:image:height\" content=\"1846\" \/>\n\t<meta property=\"og:image:type\" content=\"image\/jpeg\" \/>\n<meta name=\"twitter:card\" content=\"summary_large_image\" \/>\n<meta name=\"twitter:label1\" content=\"Prix\" \/>\n\t<meta name=\"twitter:data1\" content=\"35,00&nbsp;&euro;\" \/>\n\t<meta name=\"twitter:label2\" content=\"Disponibilit\u00e9\" \/>\n\t<meta name=\"twitter:data2\" content=\"En stock\" \/>\n<script type=\"application\/ld+json\" class=\"yoast-schema-graph\">{\"@context\":\"https:\/\/schema.org\",\"@graph\":[{\"@type\":\"WebPage\",\"@id\":\"https:\/\/fliparas.com\/activity\/mallorca-strip-club\/\",\"url\":\"https:\/\/fliparas.com\/activity\/mallorca-strip-club\/\",\"name\":\"Mallorca strip club\",\"isPartOf\":{\"@id\":\"https:\/\/fliparas.com\/#website\"},\"primaryImageOfPage\":{\"@id\":\"https:\/\/fliparas.com\/activity\/mallorca-strip-club\/#primaryimage\"},\"image\":{\"@id\":\"https:\/\/fliparas.com\/activity\/mallorca-strip-club\/#primaryimage\"},\"thumbnailUrl\":\"https:\/\/fliparas.com\/wp-content\/uploads\/2024\/03\/WhatsApp-Image-2021-01-15-at-15.38.25-1.jpeg\",\"datePublished\":\"2024-03-19T12:24:08+00:00\",\"dateModified\":\"2025-01-31T10:27:04+00:00\",\"description\":\"Mallorca strip club. Strip club. Enjoy with your friends an amazing space filled with beautiful girls dancing on the dance bar.\",\"breadcrumb\":{\"@id\":\"https:\/\/fliparas.com\/activity\/mallorca-strip-club\/#breadcrumb\"},\"inLanguage\":\"fr-FR\",\"potentialAction\":[{\"@type\":\"ReadAction\",\"target\":[\"https:\/\/fliparas.com\/activity\/mallorca-strip-club\/\"]}]},{\"@type\":\"ImageObject\",\"inLanguage\":\"fr-FR\",\"@id\":\"https:\/\/fliparas.com\/activity\/mallorca-strip-club\/#primaryimage\",\"url\":\"https:\/\/fliparas.com\/wp-content\/uploads\/2024\/03\/WhatsApp-Image-2021-01-15-at-15.38.25-1.jpeg\",\"contentUrl\":\"https:\/\/fliparas.com\/wp-content\/uploads\/2024\/03\/WhatsApp-Image-2021-01-15-at-15.38.25-1.jpeg\",\"width\":720,\"height\":1846},{\"@type\":\"BreadcrumbList\",\"@id\":\"https:\/\/fliparas.com\/activity\/mallorca-strip-club\/#breadcrumb\",\"itemListElement\":[{\"@type\":\"ListItem\",\"position\":1,\"name\":\"Home\",\"item\":\"https:\/\/fliparas.com\/\"},{\"@type\":\"ListItem\",\"position\":2,\"name\":\"Shop\",\"item\":\"https:\/\/fliparas.com\/shop\/\"},{\"@type\":\"ListItem\",\"position\":3,\"name\":\"Mallorca strip club\"}]},{\"@type\":\"WebSite\",\"@id\":\"https:\/\/fliparas.com\/#website\",\"url\":\"https:\/\/fliparas.com\/\",\"name\":\"Agency Specialised in Stag and Hen Parties\",\"description\":\"Trust the highest rated agency to organize an unforgettable stag and hen parties in Europe\",\"publisher\":{\"@id\":\"https:\/\/fliparas.com\/#organization\"},\"alternateName\":\"Fliparas Agency Specialised in Stag and Hen Parties\",\"potentialAction\":[{\"@type\":\"SearchAction\",\"target\":{\"@type\":\"EntryPoint\",\"urlTemplate\":\"https:\/\/fliparas.com\/?s={search_term_string}\"},\"query-input\":{\"@type\":\"PropertyValueSpecification\",\"valueRequired\":true,\"valueName\":\"search_term_string\"}}],\"inLanguage\":\"fr-FR\"},{\"@type\":\"Organization\",\"@id\":\"https:\/\/fliparas.com\/#organization\",\"name\":\"Fliparas\",\"alternateName\":\"Agency Specialised in Stag and Hen Parties\",\"url\":\"https:\/\/fliparas.com\/\",\"logo\":{\"@type\":\"ImageObject\",\"inLanguage\":\"fr-FR\",\"@id\":\"https:\/\/fliparas.com\/#\/schema\/logo\/image\/\",\"url\":\"https:\/\/fliparas.com\/wp-content\/uploads\/2024\/03\/Logo-Fliparas.png\",\"contentUrl\":\"https:\/\/fliparas.com\/wp-content\/uploads\/2024\/03\/Logo-Fliparas.png\",\"width\":1024,\"height\":1024,\"caption\":\"Fliparas\"},\"image\":{\"@id\":\"https:\/\/fliparas.com\/#\/schema\/logo\/image\/\"}}]}<\/script>\n<meta property=\"product:price:amount\" content=\"35.00\" \/>\n<meta property=\"product:price:currency\" content=\"EUR\" \/>\n<meta property=\"og:availability\" content=\"instock\" \/>\n<meta property=\"product:availability\" content=\"instock\" \/>\n<meta property=\"product:condition\" content=\"new\" \/>\n<!-- \/ Yoast SEO plugin. -->","yoast_head_json":{"title":"Club de strip-tease de Majorque","description":"Club de strip-tease de Majorque. Club de strip-tease. Profitez avec vos amis d'un espace incroyable rempli de belles filles qui dansent sur la barre de danse.","robots":{"index":"index","follow":"follow","max-snippet":"max-snippet:-1","max-image-preview":"max-image-preview:large","max-video-preview":"max-video-preview:-1"},"canonical":"https:\/\/fliparas.com\/fr\/activite\/club-de-strip-tease-de-mallorque\/","og_locale":"fr_FR","og_type":"article","og_title":"Mallorca strip club","og_description":"Mallorca strip club. Strip club. Enjoy with your friends an amazing space filled with beautiful girls dancing on the dance bar.","og_url":"https:\/\/fliparas.com\/fr\/activite\/club-de-strip-tease-de-mallorque\/","og_site_name":"Agency Specialised in Stag and Hen Parties","article_modified_time":"2025-01-31T10:27:04+00:00","og_image":[{"width":720,"height":1846,"url":"https:\/\/fliparas.com\/wp-content\/uploads\/2024\/03\/WhatsApp-Image-2021-01-15-at-15.38.25-1.jpeg","type":"image\/jpeg"}],"twitter_card":"summary_large_image","twitter_misc":{"Prix":"35,00&nbsp;&euro;","Disponibilit\u00e9":"En stock"},"schema":{"@context":"https:\/\/schema.org","@graph":[{"@type":"WebPage","@id":"https:\/\/fliparas.com\/activity\/mallorca-strip-club\/","url":"https:\/\/fliparas.com\/activity\/mallorca-strip-club\/","name":"Club de strip-tease de Majorque","isPartOf":{"@id":"https:\/\/fliparas.com\/#website"},"primaryImageOfPage":{"@id":"https:\/\/fliparas.com\/activity\/mallorca-strip-club\/#primaryimage"},"image":{"@id":"https:\/\/fliparas.com\/activity\/mallorca-strip-club\/#primaryimage"},"thumbnailUrl":"https:\/\/fliparas.com\/wp-content\/uploads\/2024\/03\/WhatsApp-Image-2021-01-15-at-15.38.25-1.jpeg","datePublished":"2024-03-19T12:24:08+00:00","dateModified":"2025-01-31T10:27:04+00:00","description":"Club de strip-tease de Majorque. Club de strip-tease. Profitez avec vos amis d'un espace incroyable rempli de belles filles qui dansent sur la barre de danse.","breadcrumb":{"@id":"https:\/\/fliparas.com\/activity\/mallorca-strip-club\/#breadcrumb"},"inLanguage":"fr-FR","potentialAction":[{"@type":"ReadAction","target":["https:\/\/fliparas.com\/activity\/mallorca-strip-club\/"]}]},{"@type":"ImageObject","inLanguage":"fr-FR","@id":"https:\/\/fliparas.com\/activity\/mallorca-strip-club\/#primaryimage","url":"https:\/\/fliparas.com\/wp-content\/uploads\/2024\/03\/WhatsApp-Image-2021-01-15-at-15.38.25-1.jpeg","contentUrl":"https:\/\/fliparas.com\/wp-content\/uploads\/2024\/03\/WhatsApp-Image-2021-01-15-at-15.38.25-1.jpeg","width":720,"height":1846},{"@type":"BreadcrumbList","@id":"https:\/\/fliparas.com\/activity\/mallorca-strip-club\/#breadcrumb","itemListElement":[{"@type":"ListItem","position":1,"name":"Home","item":"https:\/\/fliparas.com\/"},{"@type":"ListItem","position":2,"name":"Shop","item":"https:\/\/fliparas.com\/shop\/"},{"@type":"ListItem","position":3,"name":"Mallorca strip club"}]},{"@type":"WebSite","@id":"https:\/\/fliparas.com\/#website","url":"https:\/\/fliparas.com\/","name":"Agence sp\u00e9cialis\u00e9e dans les enterrements de vie de gar\u00e7on et de jeune fille","description":"Faites confiance \u00e0 l'agence la mieux not\u00e9e pour organiser un enterrement de vie de gar\u00e7on ou de jeune fille inoubliable en Europe.","publisher":{"@id":"https:\/\/fliparas.com\/#organization"},"alternateName":"Fliparas Agency Specialised in Stag and Hen Parties","potentialAction":[{"@type":"SearchAction","target":{"@type":"EntryPoint","urlTemplate":"https:\/\/fliparas.com\/?s={search_term_string}"},"query-input":{"@type":"PropertyValueSpecification","valueRequired":true,"valueName":"search_term_string"}}],"inLanguage":"fr-FR"},{"@type":"Organization","@id":"https:\/\/fliparas.com\/#organization","name":"Fliparas","alternateName":"Agency Specialised in Stag and Hen Parties","url":"https:\/\/fliparas.com\/","logo":{"@type":"ImageObject","inLanguage":"fr-FR","@id":"https:\/\/fliparas.com\/#\/schema\/logo\/image\/","url":"https:\/\/fliparas.com\/wp-content\/uploads\/2024\/03\/Logo-Fliparas.png","contentUrl":"https:\/\/fliparas.com\/wp-content\/uploads\/2024\/03\/Logo-Fliparas.png","width":1024,"height":1024,"caption":"Fliparas"},"image":{"@id":"https:\/\/fliparas.com\/#\/schema\/logo\/image\/"}}]},"product_price_amount":"35.00","product_price_currency":"EUR","og_availability":"instock","product_availability":"instock","product_condition":"new"},"_links":{"self":[{"href":"https:\/\/fliparas.com\/fr\/wp-json\/wp\/v2\/product\/440","targetHints":{"allow":["GET"]}}],"collection":[{"href":"https:\/\/fliparas.com\/fr\/wp-json\/wp\/v2\/product"}],"about":[{"href":"https:\/\/fliparas.com\/fr\/wp-json\/wp\/v2\/types\/product"}],"wp:featuredmedia":[{"embeddable":true,"href":"https:\/\/fliparas.com\/fr\/wp-json\/wp\/v2\/media\/480"}],"wp:attachment":[{"href":"https:\/\/fliparas.com\/fr\/wp-json\/wp\/v2\/media?parent=440"}],"wp:term":[{"taxonomy":"product_brand","embeddable":true,"href":"https:\/\/fliparas.com\/fr\/wp-json\/wp\/v2\/product_brand?post=440"},{"taxonomy":"product_cat","embeddable":true,"href":"https:\/\/fliparas.com\/fr\/wp-json\/wp\/v2\/product_cat?post=440"},{"taxonomy":"product_tag","embeddable":true,"href":"https:\/\/fliparas.com\/fr\/wp-json\/wp\/v2\/product_tag?post=440"}],"curies":[{"name":"wp","href":"https:\/\/api.w.org\/{rel}","templated":true}]}}