{"id":443,"date":"2024-03-19T12:24:08","date_gmt":"2024-03-19T12:24:08","guid":{"rendered":"https:\/\/fliparas.com\/?post_type=product&#038;p=443"},"modified":"2025-01-31T11:27:04","modified_gmt":"2025-01-31T10:27:04","slug":"jet-ski-mallorca","status":"publish","type":"product","link":"https:\/\/fliparas.com\/fr\/activite\/jet-ski-mallorca\/","title":{"rendered":"Jet Ski Mallorca"},"content":{"rendered":"<p>Jet Ski Mallorca. Profitez d'une demi-heure de l'activit\u00e9 nautique la plus amusante : le jet ski. Choisissez entre Arenal et Magaluf.<\/p>\n<p>Les meilleurs enterrements de vie de gar\u00e7on avec <a href=\"https:\/\/fliparas.com\/fr\/enterrement-de-vie-de-garcon\/\">Enterrement de vie de gar\u00e7on<\/a>! <a href=\"https:\/\/fliparas.com\/fr\/enterrement-de-vie-de-jeune-fille\/\">Enterrement de vie de jeune fille<\/a>!<\/p>\n<h2 style=\"text-align: center;\">Jet Ski Mallorca \ud83c\udf0a<\/h2>\n<p style=\"text-align: center;\">VENTE MINIMUM : 4 PERSONNES.<\/p>\n<h5>\ud83c\udf0a D\u00e9couvrez l'adr\u00e9naline aquatique \u00e0 Magaluf ou Arenal ! \ud83d\udea4\ud83d\udca6<\/h5>\n<p>Vivez une demi-heure de sensations inoubliables sur les eaux cristallines de Majorque avec notre incroyable activit\u00e9 de moto aquatique ! \ud83c\udf34\ud83c\udf0a<\/p>\n<p>Choisissez entre Magaluf et Arenal pour cette aventure unique en son genre. Enfourchez votre v\u00e9lo aquatique et ressentez l'excitation de naviguer sur les vagues de la M\u00e9diterran\u00e9e.<\/p>\n<p>\ud83d\udc6c Que vous pr\u00e9f\u00e9riez l'ind\u00e9pendance d'une exp\u00e9rience individuelle ou le partage d'une aventure en couple, vous avez la libert\u00e9 de choisir. Les couples peuvent alterner le r\u00f4le de conducteur pour doubler le plaisir tout en d\u00e9couvrant les sensations de la conduite en mer.<\/p>\n<p>\ud83d\udca8 Glissez \u00e0 toute vitesse, sentez le vent dans vos cheveux et savourez chaque instant de cette exp\u00e9rience aquatique palpitante. Avec la splendeur de Majorque en toile de fond, chaque virage devient une aventure inoubliable.<\/p>\n<p>\ud83c\udf05 R\u00e9servez d\u00e8s maintenant pour une aventure aquatique m\u00e9morable !<\/p>\n<p>\ud83c\udf1f Offrez-vous une demi-heure de plaisir sous le soleil de Majorque. Laissez-vous guider par la mer dans une aventure pleine de rires, de sensations fortes et de souvenirs inoubliables. Embarquez pour une exp\u00e9rience de moto aquatique qui restera grav\u00e9e dans votre m\u00e9moire ! \ud83c\udfc4\u200d\u2642\ufe0f\ud83c\udfc4\u200d\u2640\ufe0f<\/p>\n<p>Choisissez entre <a href=\"https:\/\/es.wikipedia.org\/wiki\/El_Arenal_(Baleares)\">Arenal<\/a> et <a href=\"https:\/\/es.wikipedia.org\/wiki\/Magaluf \">Magaluf<\/a> (prix variables).<\/p>","protected":false},"excerpt":{"rendered":"<p>Jet Ski Mallorca. Profitez d'une demi-heure de l'activit\u00e9 nautique la plus amusante : le jet ski. Choisissez entre Arenal et Magaluf.<\/p>\n<p>VENTE MINIMUM : 4 PERSONNES.<\/p>","protected":false},"featured_media":899,"template":"","meta":[],"product_brand":[425],"product_cat":[193,165,194],"product_tag":[259,258],"class_list":{"0":"post-443","1":"product","2":"type-product","3":"status-publish","4":"has-post-thumbnail","6":"product_brand-fliparas-inc","7":"product_cat-hen-party-mallorca","8":"product_cat-mallorca","9":"product_cat-stag-party-mallorca","10":"product_tag-jet-ski","11":"product_tag-jet-ski-mallorca","13":"first","14":"instock","15":"virtual","16":"sold-individually","17":"purchasable","18":"product-type-booking"},"yoast_head":"<!-- This site is optimized with the Yoast SEO plugin v26.9 - https:\/\/yoast.com\/product\/yoast-seo-wordpress\/ -->\n<title>Jet Ski Mallorca<\/title>\n<meta name=\"description\" content=\"Jet Ski Mallorca. Enjoy half an hour of the most fun water activity: jet skiing. Choose between Arenal and Magaluf.\" \/>\n<meta name=\"robots\" content=\"index, follow, max-snippet:-1, max-image-preview:large, max-video-preview:-1\" \/>\n<link rel=\"canonical\" href=\"https:\/\/fliparas.com\/fr\/activite\/jet-ski-mallorca\/\" \/>\n<meta property=\"og:locale\" content=\"fr_FR\" \/>\n<meta property=\"og:type\" content=\"article\" \/>\n<meta property=\"og:title\" content=\"Jet Ski Mallorca\" \/>\n<meta property=\"og:description\" content=\"Jet Ski Mallorca. Enjoy half an hour of the most fun water activity: jet skiing. Choose between Arenal and Magaluf.\" \/>\n<meta property=\"og:url\" content=\"https:\/\/fliparas.com\/fr\/activite\/jet-ski-mallorca\/\" \/>\n<meta property=\"og:site_name\" content=\"Agency Specialised in Stag and Hen Parties\" \/>\n<meta property=\"article:modified_time\" content=\"2025-01-31T10:27:04+00:00\" \/>\n<meta property=\"og:image\" content=\"https:\/\/fliparas.com\/wp-content\/uploads\/2024\/03\/Jet-Ski-img.jpeg\" \/>\n\t<meta property=\"og:image:width\" content=\"1024\" \/>\n\t<meta property=\"og:image:height\" content=\"1024\" \/>\n\t<meta property=\"og:image:type\" content=\"image\/jpeg\" \/>\n<meta name=\"twitter:card\" content=\"summary_large_image\" \/>\n<meta name=\"twitter:label1\" content=\"Prix\" \/>\n\t<meta name=\"twitter:data1\" content=\"110,00&nbsp;&euro;\" \/>\n\t<meta name=\"twitter:label2\" content=\"Disponibilit\u00e9\" \/>\n\t<meta name=\"twitter:data2\" content=\"En stock\" \/>\n<script type=\"application\/ld+json\" class=\"yoast-schema-graph\">{\"@context\":\"https:\/\/schema.org\",\"@graph\":[{\"@type\":\"WebPage\",\"@id\":\"https:\/\/fliparas.com\/activity\/jet-ski-mallorca\/\",\"url\":\"https:\/\/fliparas.com\/activity\/jet-ski-mallorca\/\",\"name\":\"Jet Ski Mallorca\",\"isPartOf\":{\"@id\":\"https:\/\/fliparas.com\/#website\"},\"primaryImageOfPage\":{\"@id\":\"https:\/\/fliparas.com\/activity\/jet-ski-mallorca\/#primaryimage\"},\"image\":{\"@id\":\"https:\/\/fliparas.com\/activity\/jet-ski-mallorca\/#primaryimage\"},\"thumbnailUrl\":\"https:\/\/fliparas.com\/wp-content\/uploads\/2024\/03\/Jet-Ski-img.jpeg\",\"datePublished\":\"2024-03-19T12:24:08+00:00\",\"dateModified\":\"2025-01-31T10:27:04+00:00\",\"description\":\"Jet Ski Mallorca. Enjoy half an hour of the most fun water activity: jet skiing. Choose between Arenal and Magaluf.\",\"breadcrumb\":{\"@id\":\"https:\/\/fliparas.com\/activity\/jet-ski-mallorca\/#breadcrumb\"},\"inLanguage\":\"fr-FR\",\"potentialAction\":[{\"@type\":\"ReadAction\",\"target\":[\"https:\/\/fliparas.com\/activity\/jet-ski-mallorca\/\"]}]},{\"@type\":\"ImageObject\",\"inLanguage\":\"fr-FR\",\"@id\":\"https:\/\/fliparas.com\/activity\/jet-ski-mallorca\/#primaryimage\",\"url\":\"https:\/\/fliparas.com\/wp-content\/uploads\/2024\/03\/Jet-Ski-img.jpeg\",\"contentUrl\":\"https:\/\/fliparas.com\/wp-content\/uploads\/2024\/03\/Jet-Ski-img.jpeg\",\"width\":1024,\"height\":1024},{\"@type\":\"BreadcrumbList\",\"@id\":\"https:\/\/fliparas.com\/activity\/jet-ski-mallorca\/#breadcrumb\",\"itemListElement\":[{\"@type\":\"ListItem\",\"position\":1,\"name\":\"Home\",\"item\":\"https:\/\/fliparas.com\/\"},{\"@type\":\"ListItem\",\"position\":2,\"name\":\"Shop\",\"item\":\"https:\/\/fliparas.com\/shop\/\"},{\"@type\":\"ListItem\",\"position\":3,\"name\":\"Jet Ski Mallorca\"}]},{\"@type\":\"WebSite\",\"@id\":\"https:\/\/fliparas.com\/#website\",\"url\":\"https:\/\/fliparas.com\/\",\"name\":\"Agency Specialised in Stag and Hen Parties\",\"description\":\"Trust the highest rated agency to organize an unforgettable stag and hen parties in Europe\",\"publisher\":{\"@id\":\"https:\/\/fliparas.com\/#organization\"},\"alternateName\":\"Fliparas Agency Specialised in Stag and Hen Parties\",\"potentialAction\":[{\"@type\":\"SearchAction\",\"target\":{\"@type\":\"EntryPoint\",\"urlTemplate\":\"https:\/\/fliparas.com\/?s={search_term_string}\"},\"query-input\":{\"@type\":\"PropertyValueSpecification\",\"valueRequired\":true,\"valueName\":\"search_term_string\"}}],\"inLanguage\":\"fr-FR\"},{\"@type\":\"Organization\",\"@id\":\"https:\/\/fliparas.com\/#organization\",\"name\":\"Fliparas\",\"alternateName\":\"Agency Specialised in Stag and Hen Parties\",\"url\":\"https:\/\/fliparas.com\/\",\"logo\":{\"@type\":\"ImageObject\",\"inLanguage\":\"fr-FR\",\"@id\":\"https:\/\/fliparas.com\/#\/schema\/logo\/image\/\",\"url\":\"https:\/\/fliparas.com\/wp-content\/uploads\/2024\/03\/Logo-Fliparas.png\",\"contentUrl\":\"https:\/\/fliparas.com\/wp-content\/uploads\/2024\/03\/Logo-Fliparas.png\",\"width\":1024,\"height\":1024,\"caption\":\"Fliparas\"},\"image\":{\"@id\":\"https:\/\/fliparas.com\/#\/schema\/logo\/image\/\"}}]}<\/script>\n<meta property=\"product:price:amount\" content=\"110.00\" \/>\n<meta property=\"product:price:currency\" content=\"EUR\" \/>\n<meta property=\"og:availability\" content=\"instock\" \/>\n<meta property=\"product:availability\" content=\"instock\" \/>\n<meta property=\"product:condition\" content=\"new\" \/>\n<!-- \/ Yoast SEO plugin. -->","yoast_head_json":{"title":"Jet Ski Mallorca","description":"Jet Ski Mallorca. Profitez d'une demi-heure de l'activit\u00e9 nautique la plus amusante : le jet ski. Choisissez entre Arenal et Magaluf.","robots":{"index":"index","follow":"follow","max-snippet":"max-snippet:-1","max-image-preview":"max-image-preview:large","max-video-preview":"max-video-preview:-1"},"canonical":"https:\/\/fliparas.com\/fr\/activite\/jet-ski-mallorca\/","og_locale":"fr_FR","og_type":"article","og_title":"Jet Ski Mallorca","og_description":"Jet Ski Mallorca. Enjoy half an hour of the most fun water activity: jet skiing. Choose between Arenal and Magaluf.","og_url":"https:\/\/fliparas.com\/fr\/activite\/jet-ski-mallorca\/","og_site_name":"Agency Specialised in Stag and Hen Parties","article_modified_time":"2025-01-31T10:27:04+00:00","og_image":[{"width":1024,"height":1024,"url":"https:\/\/fliparas.com\/wp-content\/uploads\/2024\/03\/Jet-Ski-img.jpeg","type":"image\/jpeg"}],"twitter_card":"summary_large_image","twitter_misc":{"Prix":"110,00&nbsp;&euro;","Disponibilit\u00e9":"En stock"},"schema":{"@context":"https:\/\/schema.org","@graph":[{"@type":"WebPage","@id":"https:\/\/fliparas.com\/activity\/jet-ski-mallorca\/","url":"https:\/\/fliparas.com\/activity\/jet-ski-mallorca\/","name":"Jet Ski Mallorca","isPartOf":{"@id":"https:\/\/fliparas.com\/#website"},"primaryImageOfPage":{"@id":"https:\/\/fliparas.com\/activity\/jet-ski-mallorca\/#primaryimage"},"image":{"@id":"https:\/\/fliparas.com\/activity\/jet-ski-mallorca\/#primaryimage"},"thumbnailUrl":"https:\/\/fliparas.com\/wp-content\/uploads\/2024\/03\/Jet-Ski-img.jpeg","datePublished":"2024-03-19T12:24:08+00:00","dateModified":"2025-01-31T10:27:04+00:00","description":"Jet Ski Mallorca. Profitez d'une demi-heure de l'activit\u00e9 nautique la plus amusante : le jet ski. Choisissez entre Arenal et Magaluf.","breadcrumb":{"@id":"https:\/\/fliparas.com\/activity\/jet-ski-mallorca\/#breadcrumb"},"inLanguage":"fr-FR","potentialAction":[{"@type":"ReadAction","target":["https:\/\/fliparas.com\/activity\/jet-ski-mallorca\/"]}]},{"@type":"ImageObject","inLanguage":"fr-FR","@id":"https:\/\/fliparas.com\/activity\/jet-ski-mallorca\/#primaryimage","url":"https:\/\/fliparas.com\/wp-content\/uploads\/2024\/03\/Jet-Ski-img.jpeg","contentUrl":"https:\/\/fliparas.com\/wp-content\/uploads\/2024\/03\/Jet-Ski-img.jpeg","width":1024,"height":1024},{"@type":"BreadcrumbList","@id":"https:\/\/fliparas.com\/activity\/jet-ski-mallorca\/#breadcrumb","itemListElement":[{"@type":"ListItem","position":1,"name":"Home","item":"https:\/\/fliparas.com\/"},{"@type":"ListItem","position":2,"name":"Shop","item":"https:\/\/fliparas.com\/shop\/"},{"@type":"ListItem","position":3,"name":"Jet Ski Mallorca"}]},{"@type":"WebSite","@id":"https:\/\/fliparas.com\/#website","url":"https:\/\/fliparas.com\/","name":"Agence sp\u00e9cialis\u00e9e dans les enterrements de vie de gar\u00e7on et de jeune fille","description":"Faites confiance \u00e0 l'agence la mieux not\u00e9e pour organiser un enterrement de vie de gar\u00e7on ou de jeune fille inoubliable en Europe.","publisher":{"@id":"https:\/\/fliparas.com\/#organization"},"alternateName":"Fliparas Agency Specialised in Stag and Hen Parties","potentialAction":[{"@type":"SearchAction","target":{"@type":"EntryPoint","urlTemplate":"https:\/\/fliparas.com\/?s={search_term_string}"},"query-input":{"@type":"PropertyValueSpecification","valueRequired":true,"valueName":"search_term_string"}}],"inLanguage":"fr-FR"},{"@type":"Organization","@id":"https:\/\/fliparas.com\/#organization","name":"Fliparas","alternateName":"Agency Specialised in Stag and Hen Parties","url":"https:\/\/fliparas.com\/","logo":{"@type":"ImageObject","inLanguage":"fr-FR","@id":"https:\/\/fliparas.com\/#\/schema\/logo\/image\/","url":"https:\/\/fliparas.com\/wp-content\/uploads\/2024\/03\/Logo-Fliparas.png","contentUrl":"https:\/\/fliparas.com\/wp-content\/uploads\/2024\/03\/Logo-Fliparas.png","width":1024,"height":1024,"caption":"Fliparas"},"image":{"@id":"https:\/\/fliparas.com\/#\/schema\/logo\/image\/"}}]},"product_price_amount":"110.00","product_price_currency":"EUR","og_availability":"instock","product_availability":"instock","product_condition":"new"},"_links":{"self":[{"href":"https:\/\/fliparas.com\/fr\/wp-json\/wp\/v2\/product\/443","targetHints":{"allow":["GET"]}}],"collection":[{"href":"https:\/\/fliparas.com\/fr\/wp-json\/wp\/v2\/product"}],"about":[{"href":"https:\/\/fliparas.com\/fr\/wp-json\/wp\/v2\/types\/product"}],"wp:featuredmedia":[{"embeddable":true,"href":"https:\/\/fliparas.com\/fr\/wp-json\/wp\/v2\/media\/899"}],"wp:attachment":[{"href":"https:\/\/fliparas.com\/fr\/wp-json\/wp\/v2\/media?parent=443"}],"wp:term":[{"taxonomy":"product_brand","embeddable":true,"href":"https:\/\/fliparas.com\/fr\/wp-json\/wp\/v2\/product_brand?post=443"},{"taxonomy":"product_cat","embeddable":true,"href":"https:\/\/fliparas.com\/fr\/wp-json\/wp\/v2\/product_cat?post=443"},{"taxonomy":"product_tag","embeddable":true,"href":"https:\/\/fliparas.com\/fr\/wp-json\/wp\/v2\/product_tag?post=443"}],"curies":[{"name":"wp","href":"https:\/\/api.w.org\/{rel}","templated":true}]}}