{"id":449,"date":"2024-03-19T12:24:08","date_gmt":"2024-03-19T12:24:08","guid":{"rendered":"https:\/\/fliparas.com\/?post_type=product&#038;p=449"},"modified":"2025-04-11T17:37:57","modified_gmt":"2025-04-11T15:37:57","slug":"majordome-sexy-a-mallorca","status":"publish","type":"product","link":"https:\/\/fliparas.com\/fr\/activite\/majordome-sexy-a-mallorca\/","title":{"rendered":"Majordome sexy Mallorca"},"content":{"rendered":"<p>Majordome sexy Mallorca. Majordome sexy Mallorca. \u00cates-vous pr\u00eat \u00e0 profiter d'une heure avec un majordome d\u00e9shabill\u00e9 pr\u00eat \u00e0 vous servir ?<\/p>\n<p>Service priv\u00e9 et \u00e0 domicile.<\/p>\n<p>Les meilleurs enterrements de vie de gar\u00e7on et de jeune fille avec <a href=\"https:\/\/fliparas.com\/fr\/enterrement-de-vie-de-garcon\/\">Enterrement de vie de gar\u00e7on<\/a>! <a href=\"https:\/\/fliparas.com\/fr\/enterrement-de-vie-de-jeune-fille\/\">Enterrement de vie de jeune fille<\/a>!<\/p>\n<h2 style=\"text-align: center;\">\ud83d\udd25Sexy Mallorca Butler\ud83d\udd25<\/h2>\n<p>Profitez d'une heure d'un majordome qui sera \u00e0 votre service pour tout ce dont vous avez besoin... Comment ?<\/p>\n<p>Nous vous assurons que notre majordome vous laissera sans voix et fera monter la temp\u00e9rature de la pi\u00e8ce d\u00e8s qu'il franchira la porte.<\/p>\n<p>Un fantasme \u00e9rotique devenu r\u00e9alit\u00e9 : un homme tout en muscles et en feu, peu v\u00eatu. Notre majordome ne porte qu'un tablier (qui ne couvre que le devant de son corps...), un n\u0153ud papillon et aucun sous-v\u00eatement.<\/p>\n<p>Qui n'aimerait pas avoir un majordome d\u00e9shabill\u00e9 pendant une heure ?<\/p>\n<p>Et vous, quand le feriez-vous ?<\/p>\n<p>Pendant vos vacances \u00e0 Ibiza. L'\u00eele est un v\u00e9ritable feu d'artifice. Le majordome est disponible tous les jours et \u00e0 toute heure. Ne r\u00e9fl\u00e9chissez pas \u00e0 deux fois et faites de vos vacances \u00e0 Ibiza un r\u00eave devenu r\u00e9alit\u00e9.<\/p>\n<p>Qu'est-ce que c'est ? \u2708\ufe0f<\/p>\n<p>Notre majordome est si attentionn\u00e9... Il se rendra \u00e0 votre h\u00f4tel ou \u00e0 votre villa. Un service totalement priv\u00e9.<\/p>\n<p>Pourquoi ?<\/p>\n<p>Toutes les femmes aimeraient avoir un homme enti\u00e8rement \u00e0 leur service pendant une heure. Mais si on le d\u00e9shabille... C'est encore mieux !<\/p>\n<p>Une exp\u00e9rience \u00e9rotique, amusante et unique pour profiter de Majorque d'une mani\u00e8re tr\u00e8s originale.\ud83d\udd25<\/p>\n<p style=\"text-align: center;\">Choix entre <a href=\"https:\/\/es.wikipedia.org\/wiki\/Palma_de_Mallorca\">Palma<\/a> et Magaluf (prix variables).<\/p>\n<p style=\"text-align: center;\">Livre Sexy Butler Mallorca!\ud83d\udd25<\/p>\n<p>&nbsp;<\/p>","protected":false},"excerpt":{"rendered":"<p>Majordome sexy Mallorca. Majordome sexy Mallorca. \u00cates-vous pr\u00eat \u00e0 profiter d'une heure avec un majordome d\u00e9shabill\u00e9 pr\u00eat \u00e0 vous servir ?<\/p>\n<p>Service priv\u00e9 et \u00e0 domicile.<\/p>","protected":false},"featured_media":868,"template":"","meta":[],"product_brand":[425],"product_cat":[193,165,194],"product_tag":[242,241],"class_list":{"0":"post-449","1":"product","2":"type-product","3":"status-publish","4":"has-post-thumbnail","6":"product_brand-fliparas-inc","7":"product_cat-hen-party-mallorca","8":"product_cat-mallorca","9":"product_cat-stag-party-mallorca","10":"product_tag-sexy-butler","11":"product_tag-sexy-butler-mallorca","13":"first","14":"instock","15":"virtual","16":"sold-individually","17":"purchasable","18":"product-type-booking"},"yoast_head":"<!-- This site is optimized with the Yoast SEO plugin v26.9 - https:\/\/yoast.com\/product\/yoast-seo-wordpress\/ -->\n<title>Sexy butler Mallorca<\/title>\n<meta name=\"description\" content=\"Sexy butler Mallorca. Are you ready to enjoy an hour with an undressed butler ready to serve you? Private and home service.\" \/>\n<meta name=\"robots\" content=\"index, follow, max-snippet:-1, max-image-preview:large, max-video-preview:-1\" \/>\n<link rel=\"canonical\" href=\"https:\/\/fliparas.com\/fr\/activite\/majordome-sexy-a-mallorca\/\" \/>\n<meta property=\"og:locale\" content=\"fr_FR\" \/>\n<meta property=\"og:type\" content=\"article\" \/>\n<meta property=\"og:title\" content=\"Sexy butler Mallorca\" \/>\n<meta property=\"og:description\" content=\"Sexy butler Mallorca. Are you ready to enjoy an hour with an undressed butler ready to serve you? Private and home service.\" \/>\n<meta property=\"og:url\" content=\"https:\/\/fliparas.com\/fr\/activite\/majordome-sexy-a-mallorca\/\" \/>\n<meta property=\"og:site_name\" content=\"Agency Specialised in Stag and Hen Parties\" \/>\n<meta property=\"article:modified_time\" content=\"2025-04-11T15:37:57+00:00\" \/>\n<meta property=\"og:image\" content=\"https:\/\/fliparas.com\/wp-content\/uploads\/2024\/03\/Sexy-butler-img.jpeg\" \/>\n\t<meta property=\"og:image:width\" content=\"1024\" \/>\n\t<meta property=\"og:image:height\" content=\"1024\" \/>\n\t<meta property=\"og:image:type\" content=\"image\/jpeg\" \/>\n<meta name=\"twitter:card\" content=\"summary_large_image\" \/>\n<meta name=\"twitter:label1\" content=\"Prix\" \/>\n\t<meta name=\"twitter:data1\" content=\"260,00&nbsp;&euro;\" \/>\n\t<meta name=\"twitter:label2\" content=\"Disponibilit\u00e9\" \/>\n\t<meta name=\"twitter:data2\" content=\"En stock\" \/>\n<script type=\"application\/ld+json\" class=\"yoast-schema-graph\">{\"@context\":\"https:\/\/schema.org\",\"@graph\":[{\"@type\":\"WebPage\",\"@id\":\"https:\/\/fliparas.com\/activity\/sexy-butler-mallorca\/\",\"url\":\"https:\/\/fliparas.com\/activity\/sexy-butler-mallorca\/\",\"name\":\"Sexy butler Mallorca\",\"isPartOf\":{\"@id\":\"https:\/\/fliparas.com\/#website\"},\"primaryImageOfPage\":{\"@id\":\"https:\/\/fliparas.com\/activity\/sexy-butler-mallorca\/#primaryimage\"},\"image\":{\"@id\":\"https:\/\/fliparas.com\/activity\/sexy-butler-mallorca\/#primaryimage\"},\"thumbnailUrl\":\"https:\/\/fliparas.com\/wp-content\/uploads\/2024\/03\/Sexy-butler-img.jpeg\",\"datePublished\":\"2024-03-19T12:24:08+00:00\",\"dateModified\":\"2025-04-11T15:37:57+00:00\",\"description\":\"Sexy butler Mallorca. Are you ready to enjoy an hour with an undressed butler ready to serve you? Private and home service.\",\"breadcrumb\":{\"@id\":\"https:\/\/fliparas.com\/activity\/sexy-butler-mallorca\/#breadcrumb\"},\"inLanguage\":\"fr-FR\",\"potentialAction\":[{\"@type\":\"ReadAction\",\"target\":[\"https:\/\/fliparas.com\/activity\/sexy-butler-mallorca\/\"]}]},{\"@type\":\"ImageObject\",\"inLanguage\":\"fr-FR\",\"@id\":\"https:\/\/fliparas.com\/activity\/sexy-butler-mallorca\/#primaryimage\",\"url\":\"https:\/\/fliparas.com\/wp-content\/uploads\/2024\/03\/Sexy-butler-img.jpeg\",\"contentUrl\":\"https:\/\/fliparas.com\/wp-content\/uploads\/2024\/03\/Sexy-butler-img.jpeg\",\"width\":1024,\"height\":1024,\"caption\":\"Sexy butler img\"},{\"@type\":\"BreadcrumbList\",\"@id\":\"https:\/\/fliparas.com\/activity\/sexy-butler-mallorca\/#breadcrumb\",\"itemListElement\":[{\"@type\":\"ListItem\",\"position\":1,\"name\":\"Home\",\"item\":\"https:\/\/fliparas.com\/\"},{\"@type\":\"ListItem\",\"position\":2,\"name\":\"Shop\",\"item\":\"https:\/\/fliparas.com\/shop\/\"},{\"@type\":\"ListItem\",\"position\":3,\"name\":\"Sexy butler Mallorca\"}]},{\"@type\":\"WebSite\",\"@id\":\"https:\/\/fliparas.com\/#website\",\"url\":\"https:\/\/fliparas.com\/\",\"name\":\"Agency Specialised in Stag and Hen Parties\",\"description\":\"Trust the highest rated agency to organize an unforgettable stag and hen parties in Europe\",\"publisher\":{\"@id\":\"https:\/\/fliparas.com\/#organization\"},\"alternateName\":\"Fliparas Agency Specialised in Stag and Hen Parties\",\"potentialAction\":[{\"@type\":\"SearchAction\",\"target\":{\"@type\":\"EntryPoint\",\"urlTemplate\":\"https:\/\/fliparas.com\/?s={search_term_string}\"},\"query-input\":{\"@type\":\"PropertyValueSpecification\",\"valueRequired\":true,\"valueName\":\"search_term_string\"}}],\"inLanguage\":\"fr-FR\"},{\"@type\":\"Organization\",\"@id\":\"https:\/\/fliparas.com\/#organization\",\"name\":\"Fliparas\",\"alternateName\":\"Agency Specialised in Stag and Hen Parties\",\"url\":\"https:\/\/fliparas.com\/\",\"logo\":{\"@type\":\"ImageObject\",\"inLanguage\":\"fr-FR\",\"@id\":\"https:\/\/fliparas.com\/#\/schema\/logo\/image\/\",\"url\":\"https:\/\/fliparas.com\/wp-content\/uploads\/2024\/03\/Logo-Fliparas.png\",\"contentUrl\":\"https:\/\/fliparas.com\/wp-content\/uploads\/2024\/03\/Logo-Fliparas.png\",\"width\":1024,\"height\":1024,\"caption\":\"Fliparas\"},\"image\":{\"@id\":\"https:\/\/fliparas.com\/#\/schema\/logo\/image\/\"}}]}<\/script>\n<meta property=\"product:price:amount\" content=\"260.00\" \/>\n<meta property=\"product:price:currency\" content=\"EUR\" \/>\n<meta property=\"og:availability\" content=\"instock\" \/>\n<meta property=\"product:availability\" content=\"instock\" \/>\n<meta property=\"product:condition\" content=\"new\" \/>\n<!-- \/ Yoast SEO plugin. -->","yoast_head_json":{"title":"Majordome sexy Mallorca","description":"Majordome sexy Mallorca. \u00cates-vous pr\u00eat \u00e0 profiter d'une heure avec un majordome d\u00e9shabill\u00e9 pr\u00eat \u00e0 vous servir ? Service priv\u00e9 et \u00e0 domicile.","robots":{"index":"index","follow":"follow","max-snippet":"max-snippet:-1","max-image-preview":"max-image-preview:large","max-video-preview":"max-video-preview:-1"},"canonical":"https:\/\/fliparas.com\/fr\/activite\/majordome-sexy-a-mallorca\/","og_locale":"fr_FR","og_type":"article","og_title":"Sexy butler Mallorca","og_description":"Sexy butler Mallorca. Are you ready to enjoy an hour with an undressed butler ready to serve you? Private and home service.","og_url":"https:\/\/fliparas.com\/fr\/activite\/majordome-sexy-a-mallorca\/","og_site_name":"Agency Specialised in Stag and Hen Parties","article_modified_time":"2025-04-11T15:37:57+00:00","og_image":[{"width":1024,"height":1024,"url":"https:\/\/fliparas.com\/wp-content\/uploads\/2024\/03\/Sexy-butler-img.jpeg","type":"image\/jpeg"}],"twitter_card":"summary_large_image","twitter_misc":{"Prix":"260,00&nbsp;&euro;","Disponibilit\u00e9":"En stock"},"schema":{"@context":"https:\/\/schema.org","@graph":[{"@type":"WebPage","@id":"https:\/\/fliparas.com\/activity\/sexy-butler-mallorca\/","url":"https:\/\/fliparas.com\/activity\/sexy-butler-mallorca\/","name":"Majordome sexy Mallorca","isPartOf":{"@id":"https:\/\/fliparas.com\/#website"},"primaryImageOfPage":{"@id":"https:\/\/fliparas.com\/activity\/sexy-butler-mallorca\/#primaryimage"},"image":{"@id":"https:\/\/fliparas.com\/activity\/sexy-butler-mallorca\/#primaryimage"},"thumbnailUrl":"https:\/\/fliparas.com\/wp-content\/uploads\/2024\/03\/Sexy-butler-img.jpeg","datePublished":"2024-03-19T12:24:08+00:00","dateModified":"2025-04-11T15:37:57+00:00","description":"Majordome sexy Mallorca. \u00cates-vous pr\u00eat \u00e0 profiter d'une heure avec un majordome d\u00e9shabill\u00e9 pr\u00eat \u00e0 vous servir ? Service priv\u00e9 et \u00e0 domicile.","breadcrumb":{"@id":"https:\/\/fliparas.com\/activity\/sexy-butler-mallorca\/#breadcrumb"},"inLanguage":"fr-FR","potentialAction":[{"@type":"ReadAction","target":["https:\/\/fliparas.com\/activity\/sexy-butler-mallorca\/"]}]},{"@type":"ImageObject","inLanguage":"fr-FR","@id":"https:\/\/fliparas.com\/activity\/sexy-butler-mallorca\/#primaryimage","url":"https:\/\/fliparas.com\/wp-content\/uploads\/2024\/03\/Sexy-butler-img.jpeg","contentUrl":"https:\/\/fliparas.com\/wp-content\/uploads\/2024\/03\/Sexy-butler-img.jpeg","width":1024,"height":1024,"caption":"Sexy butler img"},{"@type":"BreadcrumbList","@id":"https:\/\/fliparas.com\/activity\/sexy-butler-mallorca\/#breadcrumb","itemListElement":[{"@type":"ListItem","position":1,"name":"Home","item":"https:\/\/fliparas.com\/"},{"@type":"ListItem","position":2,"name":"Shop","item":"https:\/\/fliparas.com\/shop\/"},{"@type":"ListItem","position":3,"name":"Sexy butler Mallorca"}]},{"@type":"WebSite","@id":"https:\/\/fliparas.com\/#website","url":"https:\/\/fliparas.com\/","name":"Agence sp\u00e9cialis\u00e9e dans les enterrements de vie de gar\u00e7on et de jeune fille","description":"Faites confiance \u00e0 l'agence la mieux not\u00e9e pour organiser un enterrement de vie de gar\u00e7on ou de jeune fille inoubliable en Europe.","publisher":{"@id":"https:\/\/fliparas.com\/#organization"},"alternateName":"Fliparas Agency Specialised in Stag and Hen Parties","potentialAction":[{"@type":"SearchAction","target":{"@type":"EntryPoint","urlTemplate":"https:\/\/fliparas.com\/?s={search_term_string}"},"query-input":{"@type":"PropertyValueSpecification","valueRequired":true,"valueName":"search_term_string"}}],"inLanguage":"fr-FR"},{"@type":"Organization","@id":"https:\/\/fliparas.com\/#organization","name":"Fliparas","alternateName":"Agency Specialised in Stag and Hen Parties","url":"https:\/\/fliparas.com\/","logo":{"@type":"ImageObject","inLanguage":"fr-FR","@id":"https:\/\/fliparas.com\/#\/schema\/logo\/image\/","url":"https:\/\/fliparas.com\/wp-content\/uploads\/2024\/03\/Logo-Fliparas.png","contentUrl":"https:\/\/fliparas.com\/wp-content\/uploads\/2024\/03\/Logo-Fliparas.png","width":1024,"height":1024,"caption":"Fliparas"},"image":{"@id":"https:\/\/fliparas.com\/#\/schema\/logo\/image\/"}}]},"product_price_amount":"260.00","product_price_currency":"EUR","og_availability":"instock","product_availability":"instock","product_condition":"new"},"_links":{"self":[{"href":"https:\/\/fliparas.com\/fr\/wp-json\/wp\/v2\/product\/449","targetHints":{"allow":["GET"]}}],"collection":[{"href":"https:\/\/fliparas.com\/fr\/wp-json\/wp\/v2\/product"}],"about":[{"href":"https:\/\/fliparas.com\/fr\/wp-json\/wp\/v2\/types\/product"}],"wp:featuredmedia":[{"embeddable":true,"href":"https:\/\/fliparas.com\/fr\/wp-json\/wp\/v2\/media\/868"}],"wp:attachment":[{"href":"https:\/\/fliparas.com\/fr\/wp-json\/wp\/v2\/media?parent=449"}],"wp:term":[{"taxonomy":"product_brand","embeddable":true,"href":"https:\/\/fliparas.com\/fr\/wp-json\/wp\/v2\/product_brand?post=449"},{"taxonomy":"product_cat","embeddable":true,"href":"https:\/\/fliparas.com\/fr\/wp-json\/wp\/v2\/product_cat?post=449"},{"taxonomy":"product_tag","embeddable":true,"href":"https:\/\/fliparas.com\/fr\/wp-json\/wp\/v2\/product_tag?post=449"}],"curies":[{"name":"wp","href":"https:\/\/api.w.org\/{rel}","templated":true}]}}