{"id":488,"date":"2024-03-19T12:24:55","date_gmt":"2024-03-19T12:24:55","guid":{"rendered":"https:\/\/fliparas.com\/?post_type=product&#038;p=488"},"modified":"2025-01-31T11:30:07","modified_gmt":"2025-01-31T10:30:07","slug":"crazy-sofa-mallorca","status":"publish","type":"product","link":"https:\/\/fliparas.com\/fr\/activite\/crazy-sofa-mallorca\/","title":{"rendered":"Canap\u00e9 Crazy Mallorca"},"content":{"rendered":"<p>Crazy Sofa Mallorca. Si vous aimez l'eau, le plaisir et l'adr\u00e9naline, le Crazy Sofa est votre choix. Cassez les vagues avec rapidit\u00e9 \u00e0 Majorque !<\/p>\n<p>Les meilleurs enterrements de vie de gar\u00e7on avec <a href=\"https:\/\/fliparas.com\/fr\/enterrement-de-vie-de-garcon\/\">Enterrement de vie de gar\u00e7on<\/a>! <a href=\"https:\/\/fliparas.com\/fr\/enterrement-de-vie-de-jeune-fille\/\">Enterrement de vie de jeune fille<\/a>!<\/p>\n<h2 style=\"text-align: center;\">Canap\u00e9 Crazy Mallorca\ud83c\udf0a<\/h2>\n<p style=\"text-align: center;\">VENTE MINIMUM : 5 PERSONNES.<\/p>\n<h4>\ud83c\udf0a <strong>Crazy Sofa \u00e0 Palma de Majorque ou Magaluf : D\u00e9fiez les vagues avec esprit !<\/strong> \ud83c\udfd6\ufe0f<\/h4>\n<p>Pr\u00e9parez-vous \u00e0 vivre une exp\u00e9rience aquatique folle \u00e0 Palma de Majorque ou \u00e0 Magaluf avec notre aventure Crazy Sofa ! \ud83e\udd2a<\/p>\n<p>R\u00e9serv\u00e9e aux amateurs d'adr\u00e9naline et de pur plaisir, cette colchoneta gonflable vous invite \u00e0 d\u00e9fier les vagues pendant dix minutes exaltantes, garantissant des \u00e9clats de rire et des souvenirs inoubliables.<\/p>\n<p>Accrochez-vous avec votre groupe de cinq personnes sur notre Crazy Sofa et pr\u00e9parez-vous \u00e0 sauter les vagues de la M\u00e9diterran\u00e9e. Ceux qui cherchent \u00e0 combiner la sensation de voler au-dessus de l'eau avec des \u00e9clats de rire d\u00e9brid\u00e9s trouveront leur bonheur dans cette exp\u00e9rience unique.<\/p>\n<p>Que vous optiez pour<a href=\"https:\/\/es.wikipedia.org\/wiki\/Palma_de_Mallorca\">Palma de Mallorca<\/a> ou Magaluf, l'excitation est garantie. Notre colchoneta offre l'exp\u00e9rience parfaite pour les groupes d'amis \u00e0 la recherche d'une folle aventure aquatique.<\/p>\n<p>R\u00e9servez d\u00e8s maintenant pour une escapade en mer alliant adr\u00e9naline et divertissement. Embarquez sur notre Crazy Sofa pour une exp\u00e9rience qui vous fera sauter de joie \u00e0 chaque vague.<\/p>\n<p>Pr\u00e9parez-vous \u00e0 rire, \u00e0 sauter et \u00e0 cr\u00e9er des souvenirs imp\u00e9rissables ! \ud83c\udf0a\ud83e\udd2a\ud83d\udea4<\/p>\n<p>R\u00e9servez Crazy Sofa Mallorca d\u00e8s maintenant !<\/p>","protected":false},"excerpt":{"rendered":"<p>Crazy Sofa Mallorca. Si vous aimez l'eau, le plaisir et l'adr\u00e9naline, le Crazy Sofa est votre choix. Cassez les vagues avec rapidit\u00e9 \u00e0 Majorque !<\/p>\n<p>VENTE MINIMUM : 5 PERSONNES.<\/p>","protected":false},"featured_media":681,"template":"","meta":[],"product_brand":[425],"product_cat":[193,165,194],"product_tag":[196,195],"class_list":{"0":"post-488","1":"product","2":"type-product","3":"status-publish","4":"has-post-thumbnail","6":"product_brand-fliparas-inc","7":"product_cat-hen-party-mallorca","8":"product_cat-mallorca","9":"product_cat-stag-party-mallorca","10":"product_tag-crazy-sofa","11":"product_tag-crazy-sofa-mallorca","13":"first","14":"instock","15":"virtual","16":"sold-individually","17":"purchasable","18":"product-type-booking"},"yoast_head":"<!-- This site is optimized with the Yoast SEO plugin v26.9 - https:\/\/yoast.com\/product\/yoast-seo-wordpress\/ -->\n<title>Crazy Sofa Mallorca<\/title>\n<meta name=\"description\" content=\"Crazy Sofa Mallorca. If you like water, fun and adrenaline, the crazy sofa is your choice. Break the waves with speed in Mallorca.\" \/>\n<meta name=\"robots\" content=\"index, follow, max-snippet:-1, max-image-preview:large, max-video-preview:-1\" \/>\n<link rel=\"canonical\" href=\"https:\/\/fliparas.com\/fr\/activite\/crazy-sofa-mallorca\/\" \/>\n<meta property=\"og:locale\" content=\"fr_FR\" \/>\n<meta property=\"og:type\" content=\"article\" \/>\n<meta property=\"og:title\" content=\"Crazy Sofa Mallorca\" \/>\n<meta property=\"og:description\" content=\"Crazy Sofa Mallorca. If you like water, fun and adrenaline, the crazy sofa is your choice. Break the waves with speed in Mallorca.\" \/>\n<meta property=\"og:url\" content=\"https:\/\/fliparas.com\/fr\/activite\/crazy-sofa-mallorca\/\" \/>\n<meta property=\"og:site_name\" content=\"Agency Specialised in Stag and Hen Parties\" \/>\n<meta property=\"article:modified_time\" content=\"2025-01-31T10:30:07+00:00\" \/>\n<meta property=\"og:image\" content=\"https:\/\/fliparas.com\/wp-content\/uploads\/2024\/03\/Crazy-Sofa-Mallorca.jpg\" \/>\n\t<meta property=\"og:image:width\" content=\"1024\" \/>\n\t<meta property=\"og:image:height\" content=\"1024\" \/>\n\t<meta property=\"og:image:type\" content=\"image\/jpeg\" \/>\n<meta name=\"twitter:card\" content=\"summary_large_image\" \/>\n<meta name=\"twitter:label1\" content=\"Prix\" \/>\n\t<meta name=\"twitter:data1\" content=\"49,00&nbsp;&euro;\" \/>\n\t<meta name=\"twitter:label2\" content=\"Disponibilit\u00e9\" \/>\n\t<meta name=\"twitter:data2\" content=\"En stock\" \/>\n<script type=\"application\/ld+json\" class=\"yoast-schema-graph\">{\"@context\":\"https:\/\/schema.org\",\"@graph\":[{\"@type\":\"WebPage\",\"@id\":\"https:\/\/fliparas.com\/activity\/crazy-sofa-mallorca\/\",\"url\":\"https:\/\/fliparas.com\/activity\/crazy-sofa-mallorca\/\",\"name\":\"Crazy Sofa Mallorca\",\"isPartOf\":{\"@id\":\"https:\/\/fliparas.com\/#website\"},\"primaryImageOfPage\":{\"@id\":\"https:\/\/fliparas.com\/activity\/crazy-sofa-mallorca\/#primaryimage\"},\"image\":{\"@id\":\"https:\/\/fliparas.com\/activity\/crazy-sofa-mallorca\/#primaryimage\"},\"thumbnailUrl\":\"https:\/\/fliparas.com\/wp-content\/uploads\/2024\/03\/Crazy-Sofa-Mallorca.jpg\",\"datePublished\":\"2024-03-19T12:24:55+00:00\",\"dateModified\":\"2025-01-31T10:30:07+00:00\",\"description\":\"Crazy Sofa Mallorca. If you like water, fun and adrenaline, the crazy sofa is your choice. Break the waves with speed in Mallorca.\",\"breadcrumb\":{\"@id\":\"https:\/\/fliparas.com\/activity\/crazy-sofa-mallorca\/#breadcrumb\"},\"inLanguage\":\"fr-FR\",\"potentialAction\":[{\"@type\":\"ReadAction\",\"target\":[\"https:\/\/fliparas.com\/activity\/crazy-sofa-mallorca\/\"]}]},{\"@type\":\"ImageObject\",\"inLanguage\":\"fr-FR\",\"@id\":\"https:\/\/fliparas.com\/activity\/crazy-sofa-mallorca\/#primaryimage\",\"url\":\"https:\/\/fliparas.com\/wp-content\/uploads\/2024\/03\/Crazy-Sofa-Mallorca.jpg\",\"contentUrl\":\"https:\/\/fliparas.com\/wp-content\/uploads\/2024\/03\/Crazy-Sofa-Mallorca.jpg\",\"width\":1024,\"height\":1024},{\"@type\":\"BreadcrumbList\",\"@id\":\"https:\/\/fliparas.com\/activity\/crazy-sofa-mallorca\/#breadcrumb\",\"itemListElement\":[{\"@type\":\"ListItem\",\"position\":1,\"name\":\"Home\",\"item\":\"https:\/\/fliparas.com\/\"},{\"@type\":\"ListItem\",\"position\":2,\"name\":\"Shop\",\"item\":\"https:\/\/fliparas.com\/shop\/\"},{\"@type\":\"ListItem\",\"position\":3,\"name\":\"Crazy Sofa Mallorca\"}]},{\"@type\":\"WebSite\",\"@id\":\"https:\/\/fliparas.com\/#website\",\"url\":\"https:\/\/fliparas.com\/\",\"name\":\"Agency Specialised in Stag and Hen Parties\",\"description\":\"Trust the highest rated agency to organize an unforgettable stag and hen parties in Europe\",\"publisher\":{\"@id\":\"https:\/\/fliparas.com\/#organization\"},\"alternateName\":\"Fliparas Agency Specialised in Stag and Hen Parties\",\"potentialAction\":[{\"@type\":\"SearchAction\",\"target\":{\"@type\":\"EntryPoint\",\"urlTemplate\":\"https:\/\/fliparas.com\/?s={search_term_string}\"},\"query-input\":{\"@type\":\"PropertyValueSpecification\",\"valueRequired\":true,\"valueName\":\"search_term_string\"}}],\"inLanguage\":\"fr-FR\"},{\"@type\":\"Organization\",\"@id\":\"https:\/\/fliparas.com\/#organization\",\"name\":\"Fliparas\",\"alternateName\":\"Agency Specialised in Stag and Hen Parties\",\"url\":\"https:\/\/fliparas.com\/\",\"logo\":{\"@type\":\"ImageObject\",\"inLanguage\":\"fr-FR\",\"@id\":\"https:\/\/fliparas.com\/#\/schema\/logo\/image\/\",\"url\":\"https:\/\/fliparas.com\/wp-content\/uploads\/2024\/03\/Logo-Fliparas.png\",\"contentUrl\":\"https:\/\/fliparas.com\/wp-content\/uploads\/2024\/03\/Logo-Fliparas.png\",\"width\":1024,\"height\":1024,\"caption\":\"Fliparas\"},\"image\":{\"@id\":\"https:\/\/fliparas.com\/#\/schema\/logo\/image\/\"}}]}<\/script>\n<meta property=\"product:price:amount\" content=\"49.00\" \/>\n<meta property=\"product:price:currency\" content=\"EUR\" \/>\n<meta property=\"og:availability\" content=\"instock\" \/>\n<meta property=\"product:availability\" content=\"instock\" \/>\n<meta property=\"product:condition\" content=\"new\" \/>\n<!-- \/ Yoast SEO plugin. -->","yoast_head_json":{"title":"Canap\u00e9 Crazy Mallorca","description":"Crazy Sofa Mallorca. Si vous aimez l'eau, le plaisir et l'adr\u00e9naline, le Crazy Sofa est votre choix. Cassez les vagues avec rapidit\u00e9 \u00e0 Majorque.","robots":{"index":"index","follow":"follow","max-snippet":"max-snippet:-1","max-image-preview":"max-image-preview:large","max-video-preview":"max-video-preview:-1"},"canonical":"https:\/\/fliparas.com\/fr\/activite\/crazy-sofa-mallorca\/","og_locale":"fr_FR","og_type":"article","og_title":"Crazy Sofa Mallorca","og_description":"Crazy Sofa Mallorca. If you like water, fun and adrenaline, the crazy sofa is your choice. Break the waves with speed in Mallorca.","og_url":"https:\/\/fliparas.com\/fr\/activite\/crazy-sofa-mallorca\/","og_site_name":"Agency Specialised in Stag and Hen Parties","article_modified_time":"2025-01-31T10:30:07+00:00","og_image":[{"width":1024,"height":1024,"url":"https:\/\/fliparas.com\/wp-content\/uploads\/2024\/03\/Crazy-Sofa-Mallorca.jpg","type":"image\/jpeg"}],"twitter_card":"summary_large_image","twitter_misc":{"Prix":"49,00&nbsp;&euro;","Disponibilit\u00e9":"En stock"},"schema":{"@context":"https:\/\/schema.org","@graph":[{"@type":"WebPage","@id":"https:\/\/fliparas.com\/activity\/crazy-sofa-mallorca\/","url":"https:\/\/fliparas.com\/activity\/crazy-sofa-mallorca\/","name":"Canap\u00e9 Crazy Mallorca","isPartOf":{"@id":"https:\/\/fliparas.com\/#website"},"primaryImageOfPage":{"@id":"https:\/\/fliparas.com\/activity\/crazy-sofa-mallorca\/#primaryimage"},"image":{"@id":"https:\/\/fliparas.com\/activity\/crazy-sofa-mallorca\/#primaryimage"},"thumbnailUrl":"https:\/\/fliparas.com\/wp-content\/uploads\/2024\/03\/Crazy-Sofa-Mallorca.jpg","datePublished":"2024-03-19T12:24:55+00:00","dateModified":"2025-01-31T10:30:07+00:00","description":"Crazy Sofa Mallorca. Si vous aimez l'eau, le plaisir et l'adr\u00e9naline, le Crazy Sofa est votre choix. Cassez les vagues avec rapidit\u00e9 \u00e0 Majorque.","breadcrumb":{"@id":"https:\/\/fliparas.com\/activity\/crazy-sofa-mallorca\/#breadcrumb"},"inLanguage":"fr-FR","potentialAction":[{"@type":"ReadAction","target":["https:\/\/fliparas.com\/activity\/crazy-sofa-mallorca\/"]}]},{"@type":"ImageObject","inLanguage":"fr-FR","@id":"https:\/\/fliparas.com\/activity\/crazy-sofa-mallorca\/#primaryimage","url":"https:\/\/fliparas.com\/wp-content\/uploads\/2024\/03\/Crazy-Sofa-Mallorca.jpg","contentUrl":"https:\/\/fliparas.com\/wp-content\/uploads\/2024\/03\/Crazy-Sofa-Mallorca.jpg","width":1024,"height":1024},{"@type":"BreadcrumbList","@id":"https:\/\/fliparas.com\/activity\/crazy-sofa-mallorca\/#breadcrumb","itemListElement":[{"@type":"ListItem","position":1,"name":"Home","item":"https:\/\/fliparas.com\/"},{"@type":"ListItem","position":2,"name":"Shop","item":"https:\/\/fliparas.com\/shop\/"},{"@type":"ListItem","position":3,"name":"Crazy Sofa Mallorca"}]},{"@type":"WebSite","@id":"https:\/\/fliparas.com\/#website","url":"https:\/\/fliparas.com\/","name":"Agence sp\u00e9cialis\u00e9e dans les enterrements de vie de gar\u00e7on et de jeune fille","description":"Faites confiance \u00e0 l'agence la mieux not\u00e9e pour organiser un enterrement de vie de gar\u00e7on ou de jeune fille inoubliable en Europe.","publisher":{"@id":"https:\/\/fliparas.com\/#organization"},"alternateName":"Fliparas Agency Specialised in Stag and Hen Parties","potentialAction":[{"@type":"SearchAction","target":{"@type":"EntryPoint","urlTemplate":"https:\/\/fliparas.com\/?s={search_term_string}"},"query-input":{"@type":"PropertyValueSpecification","valueRequired":true,"valueName":"search_term_string"}}],"inLanguage":"fr-FR"},{"@type":"Organization","@id":"https:\/\/fliparas.com\/#organization","name":"Fliparas","alternateName":"Agency Specialised in Stag and Hen Parties","url":"https:\/\/fliparas.com\/","logo":{"@type":"ImageObject","inLanguage":"fr-FR","@id":"https:\/\/fliparas.com\/#\/schema\/logo\/image\/","url":"https:\/\/fliparas.com\/wp-content\/uploads\/2024\/03\/Logo-Fliparas.png","contentUrl":"https:\/\/fliparas.com\/wp-content\/uploads\/2024\/03\/Logo-Fliparas.png","width":1024,"height":1024,"caption":"Fliparas"},"image":{"@id":"https:\/\/fliparas.com\/#\/schema\/logo\/image\/"}}]},"product_price_amount":"49.00","product_price_currency":"EUR","og_availability":"instock","product_availability":"instock","product_condition":"new"},"_links":{"self":[{"href":"https:\/\/fliparas.com\/fr\/wp-json\/wp\/v2\/product\/488","targetHints":{"allow":["GET"]}}],"collection":[{"href":"https:\/\/fliparas.com\/fr\/wp-json\/wp\/v2\/product"}],"about":[{"href":"https:\/\/fliparas.com\/fr\/wp-json\/wp\/v2\/types\/product"}],"wp:featuredmedia":[{"embeddable":true,"href":"https:\/\/fliparas.com\/fr\/wp-json\/wp\/v2\/media\/681"}],"wp:attachment":[{"href":"https:\/\/fliparas.com\/fr\/wp-json\/wp\/v2\/media?parent=488"}],"wp:term":[{"taxonomy":"product_brand","embeddable":true,"href":"https:\/\/fliparas.com\/fr\/wp-json\/wp\/v2\/product_brand?post=488"},{"taxonomy":"product_cat","embeddable":true,"href":"https:\/\/fliparas.com\/fr\/wp-json\/wp\/v2\/product_cat?post=488"},{"taxonomy":"product_tag","embeddable":true,"href":"https:\/\/fliparas.com\/fr\/wp-json\/wp\/v2\/product_tag?post=488"}],"curies":[{"name":"wp","href":"https:\/\/api.w.org\/{rel}","templated":true}]}}