{"id":493,"date":"2024-03-19T12:24:55","date_gmt":"2024-03-19T12:24:55","guid":{"rendered":"https:\/\/fliparas.com\/?post_type=product&#038;p=493"},"modified":"2025-01-31T11:30:07","modified_gmt":"2025-01-31T10:30:07","slug":"nain-menotte-mallorque","status":"publish","type":"product","link":"https:\/\/fliparas.com\/fr\/activite\/nain-menotte-mallorque\/","title":{"rendered":"Nain menott\u00e9 Mallorca"},"content":{"rendered":"<p>Nain menott\u00e9 Mallorca. Une activit\u00e9 totalement inhabituelle et amusante pour votre enterrement de vie de gar\u00e7on \u00e0 Majorque ! Engagez un nain pour vous accompagner pendant 1 heure, menott\u00e9 \u00e0 vous ! Rires garantis.<\/p>\n<p>Les meilleurs enterrements de vie de gar\u00e7on avec <a href=\"https:\/\/fliparas.com\/fr\/enterrement-de-vie-de-jeune-fille\/\">Enterrement de vie de jeune fille<\/a>!<\/p>\n<h2 style=\"text-align: center;\">Nain menott\u00e9 Mallorca\ud83d\udc66<\/h2>\n<p>Le futur mari\u00e9 organise son enterrement de vie de gar\u00e7on \u00e0 Majorque sans se douter qu'il pourrait y avoir des surprises.<\/p>\n<p>Le futur mari\u00e9 sera pr\u00eat \u00e0 passer une nuit sur l'\u00eele, \u00e0 boire quelques verres et \u00e0 profiter de sa derni\u00e8re nuit de c\u00e9libataire, mais imaginez sa t\u00eate lorsqu'il rencontrera notre nain ! Il s'agit d'un acteur professionnel qui a l'habitude de monter des spectacles dr\u00f4les et divertissants. Le nain va menotter le futur mari\u00e9 pendant une heure. Si le futur mari\u00e9 va aux toilettes, le nain y va aussi. S'il veut parler \u00e0 une fille, il devra s'adresser au nain !<\/p>\n<p>Moment de franche rigolade garanti ! Le futur mari\u00e9 ne trouvera peut-\u00eatre pas cela dr\u00f4le, mais tous ses amis l'adoreront !<\/p>\n<p>Ce gnome menott\u00e9 est une activit\u00e9 vibrante, amusante et originale pour les enterrements de vie de gar\u00e7on ou de jeune fille - tout le monde ne peut pas dire qu'il a \u00e9t\u00e9 menott\u00e9 \u00e0 un gnome pendant une heure ! C'est sans doute l'une des activit\u00e9s les plus originales pour un enterrement de vie de gar\u00e7on ou de jeune fille.<\/p>\n<p>Vous pouvez faire une bonne blague au futur mari\u00e9 en le surprenant avec un nain menott\u00e9 !<\/p>\n<p>Certes, ce ne sera pas tr\u00e8s amusant, mais ce sera un souvenir inoubliable pour le futur mari\u00e9 lors de son enterrement de vie de gar\u00e7on \u00e0 Majorque.<\/p>\n<p>L'activit\u00e9 du nain menott\u00e9 est donc \u00e0 ajouter \u00e0 votre s\u00e9jour si vous voulez faire une bonne blague au futur mari\u00e9.<\/p>\n<p style=\"text-align: center;\">R\u00e9server maintenant Nain menott\u00e9 <a href=\"https:\/\/es.wikipedia.org\/wiki\/Mallorca\">Majorque<\/a> \ud83c\udf89<\/p>","protected":false},"excerpt":{"rendered":"<p>Nain menott\u00e9 Mallorca. Une activit\u00e9 totalement inhabituelle et amusante pour votre enterrement de vie de gar\u00e7on \u00e0 Majorque ! Engagez un nain pour vous accompagner pendant 1 heure, menott\u00e9 \u00e0 vous ! Rires garantis.<\/p>","protected":false},"featured_media":726,"template":"","meta":[],"product_brand":[425],"product_cat":[193,165],"product_tag":[204,203],"class_list":{"0":"post-493","1":"product","2":"type-product","3":"status-publish","4":"has-post-thumbnail","6":"product_brand-fliparas-inc","7":"product_cat-hen-party-mallorca","8":"product_cat-mallorca","9":"product_tag-handcuffed-dwarf","10":"product_tag-handcuffed-dwarf-mallorca","12":"first","13":"instock","14":"virtual","15":"sold-individually","16":"purchasable","17":"product-type-booking"},"yoast_head":"<!-- This site is optimized with the Yoast SEO plugin v26.9 - https:\/\/yoast.com\/product\/yoast-seo-wordpress\/ -->\n<title>Handcuffed Dwarf Mallorca<\/title>\n<meta name=\"description\" content=\"Handcuffed Dwarf Mallorca. A fun activity for your bachelor party in Mallorca: dwarf to accompany you for 1 hour, handcuffed to you!\" \/>\n<meta name=\"robots\" content=\"index, follow, max-snippet:-1, max-image-preview:large, max-video-preview:-1\" \/>\n<link rel=\"canonical\" href=\"https:\/\/fliparas.com\/fr\/activite\/nain-menotte-mallorque\/\" \/>\n<meta property=\"og:locale\" content=\"fr_FR\" \/>\n<meta property=\"og:type\" content=\"article\" \/>\n<meta property=\"og:title\" content=\"Handcuffed Dwarf Mallorca\" \/>\n<meta property=\"og:description\" content=\"Handcuffed Dwarf Mallorca. A fun activity for your bachelor party in Mallorca: dwarf to accompany you for 1 hour, handcuffed to you!\" \/>\n<meta property=\"og:url\" content=\"https:\/\/fliparas.com\/fr\/activite\/nain-menotte-mallorque\/\" \/>\n<meta property=\"og:site_name\" content=\"Agency Specialised in Stag and Hen Parties\" \/>\n<meta property=\"article:modified_time\" content=\"2025-01-31T10:30:07+00:00\" \/>\n<meta property=\"og:image\" content=\"https:\/\/fliparas.com\/wp-content\/uploads\/2024\/03\/Handcuffed-Dwarf-Mallorca-img.jpeg\" \/>\n\t<meta property=\"og:image:width\" content=\"1024\" \/>\n\t<meta property=\"og:image:height\" content=\"1024\" \/>\n\t<meta property=\"og:image:type\" content=\"image\/jpeg\" \/>\n<meta name=\"twitter:card\" content=\"summary_large_image\" \/>\n<meta name=\"twitter:label1\" content=\"Prix\" \/>\n\t<meta name=\"twitter:data1\" content=\"600,00&nbsp;&euro;\" \/>\n\t<meta name=\"twitter:label2\" content=\"Disponibilit\u00e9\" \/>\n\t<meta name=\"twitter:data2\" content=\"En stock\" \/>\n<script type=\"application\/ld+json\" class=\"yoast-schema-graph\">{\"@context\":\"https:\/\/schema.org\",\"@graph\":[{\"@type\":\"WebPage\",\"@id\":\"https:\/\/fliparas.com\/activity\/handcuffed-dwarf-mallorca\/\",\"url\":\"https:\/\/fliparas.com\/activity\/handcuffed-dwarf-mallorca\/\",\"name\":\"Handcuffed Dwarf Mallorca\",\"isPartOf\":{\"@id\":\"https:\/\/fliparas.com\/#website\"},\"primaryImageOfPage\":{\"@id\":\"https:\/\/fliparas.com\/activity\/handcuffed-dwarf-mallorca\/#primaryimage\"},\"image\":{\"@id\":\"https:\/\/fliparas.com\/activity\/handcuffed-dwarf-mallorca\/#primaryimage\"},\"thumbnailUrl\":\"https:\/\/fliparas.com\/wp-content\/uploads\/2024\/03\/Handcuffed-Dwarf-Mallorca-img.jpeg\",\"datePublished\":\"2024-03-19T12:24:55+00:00\",\"dateModified\":\"2025-01-31T10:30:07+00:00\",\"description\":\"Handcuffed Dwarf Mallorca. A fun activity for your bachelor party in Mallorca: dwarf to accompany you for 1 hour, handcuffed to you!\",\"breadcrumb\":{\"@id\":\"https:\/\/fliparas.com\/activity\/handcuffed-dwarf-mallorca\/#breadcrumb\"},\"inLanguage\":\"fr-FR\",\"potentialAction\":[{\"@type\":\"ReadAction\",\"target\":[\"https:\/\/fliparas.com\/activity\/handcuffed-dwarf-mallorca\/\"]}]},{\"@type\":\"ImageObject\",\"inLanguage\":\"fr-FR\",\"@id\":\"https:\/\/fliparas.com\/activity\/handcuffed-dwarf-mallorca\/#primaryimage\",\"url\":\"https:\/\/fliparas.com\/wp-content\/uploads\/2024\/03\/Handcuffed-Dwarf-Mallorca-img.jpeg\",\"contentUrl\":\"https:\/\/fliparas.com\/wp-content\/uploads\/2024\/03\/Handcuffed-Dwarf-Mallorca-img.jpeg\",\"width\":1024,\"height\":1024},{\"@type\":\"BreadcrumbList\",\"@id\":\"https:\/\/fliparas.com\/activity\/handcuffed-dwarf-mallorca\/#breadcrumb\",\"itemListElement\":[{\"@type\":\"ListItem\",\"position\":1,\"name\":\"Home\",\"item\":\"https:\/\/fliparas.com\/\"},{\"@type\":\"ListItem\",\"position\":2,\"name\":\"Shop\",\"item\":\"https:\/\/fliparas.com\/shop\/\"},{\"@type\":\"ListItem\",\"position\":3,\"name\":\"Handcuffed Dwarf Mallorca\"}]},{\"@type\":\"WebSite\",\"@id\":\"https:\/\/fliparas.com\/#website\",\"url\":\"https:\/\/fliparas.com\/\",\"name\":\"Agency Specialised in Stag and Hen Parties\",\"description\":\"Trust the highest rated agency to organize an unforgettable stag and hen parties in Europe\",\"publisher\":{\"@id\":\"https:\/\/fliparas.com\/#organization\"},\"alternateName\":\"Fliparas Agency Specialised in Stag and Hen Parties\",\"potentialAction\":[{\"@type\":\"SearchAction\",\"target\":{\"@type\":\"EntryPoint\",\"urlTemplate\":\"https:\/\/fliparas.com\/?s={search_term_string}\"},\"query-input\":{\"@type\":\"PropertyValueSpecification\",\"valueRequired\":true,\"valueName\":\"search_term_string\"}}],\"inLanguage\":\"fr-FR\"},{\"@type\":\"Organization\",\"@id\":\"https:\/\/fliparas.com\/#organization\",\"name\":\"Fliparas\",\"alternateName\":\"Agency Specialised in Stag and Hen Parties\",\"url\":\"https:\/\/fliparas.com\/\",\"logo\":{\"@type\":\"ImageObject\",\"inLanguage\":\"fr-FR\",\"@id\":\"https:\/\/fliparas.com\/#\/schema\/logo\/image\/\",\"url\":\"https:\/\/fliparas.com\/wp-content\/uploads\/2024\/03\/Logo-Fliparas.png\",\"contentUrl\":\"https:\/\/fliparas.com\/wp-content\/uploads\/2024\/03\/Logo-Fliparas.png\",\"width\":1024,\"height\":1024,\"caption\":\"Fliparas\"},\"image\":{\"@id\":\"https:\/\/fliparas.com\/#\/schema\/logo\/image\/\"}}]}<\/script>\n<meta property=\"product:price:amount\" content=\"600.00\" \/>\n<meta property=\"product:price:currency\" content=\"EUR\" \/>\n<meta property=\"og:availability\" content=\"instock\" \/>\n<meta property=\"product:availability\" content=\"instock\" \/>\n<meta property=\"product:condition\" content=\"new\" \/>\n<!-- \/ Yoast SEO plugin. -->","yoast_head_json":{"title":"Nain menott\u00e9 Mallorca","description":"Nain menott\u00e9 Mallorca. Une activit\u00e9 amusante pour votre enterrement de vie de gar\u00e7on \u00e0 Majorque : un nain vous accompagne pendant 1 heure, menott\u00e9 \u00e0 vous !","robots":{"index":"index","follow":"follow","max-snippet":"max-snippet:-1","max-image-preview":"max-image-preview:large","max-video-preview":"max-video-preview:-1"},"canonical":"https:\/\/fliparas.com\/fr\/activite\/nain-menotte-mallorque\/","og_locale":"fr_FR","og_type":"article","og_title":"Handcuffed Dwarf Mallorca","og_description":"Handcuffed Dwarf Mallorca. A fun activity for your bachelor party in Mallorca: dwarf to accompany you for 1 hour, handcuffed to you!","og_url":"https:\/\/fliparas.com\/fr\/activite\/nain-menotte-mallorque\/","og_site_name":"Agency Specialised in Stag and Hen Parties","article_modified_time":"2025-01-31T10:30:07+00:00","og_image":[{"width":1024,"height":1024,"url":"https:\/\/fliparas.com\/wp-content\/uploads\/2024\/03\/Handcuffed-Dwarf-Mallorca-img.jpeg","type":"image\/jpeg"}],"twitter_card":"summary_large_image","twitter_misc":{"Prix":"600,00&nbsp;&euro;","Disponibilit\u00e9":"En stock"},"schema":{"@context":"https:\/\/schema.org","@graph":[{"@type":"WebPage","@id":"https:\/\/fliparas.com\/activity\/handcuffed-dwarf-mallorca\/","url":"https:\/\/fliparas.com\/activity\/handcuffed-dwarf-mallorca\/","name":"Nain menott\u00e9 Mallorca","isPartOf":{"@id":"https:\/\/fliparas.com\/#website"},"primaryImageOfPage":{"@id":"https:\/\/fliparas.com\/activity\/handcuffed-dwarf-mallorca\/#primaryimage"},"image":{"@id":"https:\/\/fliparas.com\/activity\/handcuffed-dwarf-mallorca\/#primaryimage"},"thumbnailUrl":"https:\/\/fliparas.com\/wp-content\/uploads\/2024\/03\/Handcuffed-Dwarf-Mallorca-img.jpeg","datePublished":"2024-03-19T12:24:55+00:00","dateModified":"2025-01-31T10:30:07+00:00","description":"Nain menott\u00e9 Mallorca. Une activit\u00e9 amusante pour votre enterrement de vie de gar\u00e7on \u00e0 Majorque : un nain vous accompagne pendant 1 heure, menott\u00e9 \u00e0 vous !","breadcrumb":{"@id":"https:\/\/fliparas.com\/activity\/handcuffed-dwarf-mallorca\/#breadcrumb"},"inLanguage":"fr-FR","potentialAction":[{"@type":"ReadAction","target":["https:\/\/fliparas.com\/activity\/handcuffed-dwarf-mallorca\/"]}]},{"@type":"ImageObject","inLanguage":"fr-FR","@id":"https:\/\/fliparas.com\/activity\/handcuffed-dwarf-mallorca\/#primaryimage","url":"https:\/\/fliparas.com\/wp-content\/uploads\/2024\/03\/Handcuffed-Dwarf-Mallorca-img.jpeg","contentUrl":"https:\/\/fliparas.com\/wp-content\/uploads\/2024\/03\/Handcuffed-Dwarf-Mallorca-img.jpeg","width":1024,"height":1024},{"@type":"BreadcrumbList","@id":"https:\/\/fliparas.com\/activity\/handcuffed-dwarf-mallorca\/#breadcrumb","itemListElement":[{"@type":"ListItem","position":1,"name":"Home","item":"https:\/\/fliparas.com\/"},{"@type":"ListItem","position":2,"name":"Shop","item":"https:\/\/fliparas.com\/shop\/"},{"@type":"ListItem","position":3,"name":"Handcuffed Dwarf Mallorca"}]},{"@type":"WebSite","@id":"https:\/\/fliparas.com\/#website","url":"https:\/\/fliparas.com\/","name":"Agence sp\u00e9cialis\u00e9e dans les enterrements de vie de gar\u00e7on et de jeune fille","description":"Faites confiance \u00e0 l'agence la mieux not\u00e9e pour organiser un enterrement de vie de gar\u00e7on ou de jeune fille inoubliable en Europe.","publisher":{"@id":"https:\/\/fliparas.com\/#organization"},"alternateName":"Fliparas Agency Specialised in Stag and Hen Parties","potentialAction":[{"@type":"SearchAction","target":{"@type":"EntryPoint","urlTemplate":"https:\/\/fliparas.com\/?s={search_term_string}"},"query-input":{"@type":"PropertyValueSpecification","valueRequired":true,"valueName":"search_term_string"}}],"inLanguage":"fr-FR"},{"@type":"Organization","@id":"https:\/\/fliparas.com\/#organization","name":"Fliparas","alternateName":"Agency Specialised in Stag and Hen Parties","url":"https:\/\/fliparas.com\/","logo":{"@type":"ImageObject","inLanguage":"fr-FR","@id":"https:\/\/fliparas.com\/#\/schema\/logo\/image\/","url":"https:\/\/fliparas.com\/wp-content\/uploads\/2024\/03\/Logo-Fliparas.png","contentUrl":"https:\/\/fliparas.com\/wp-content\/uploads\/2024\/03\/Logo-Fliparas.png","width":1024,"height":1024,"caption":"Fliparas"},"image":{"@id":"https:\/\/fliparas.com\/#\/schema\/logo\/image\/"}}]},"product_price_amount":"600.00","product_price_currency":"EUR","og_availability":"instock","product_availability":"instock","product_condition":"new"},"_links":{"self":[{"href":"https:\/\/fliparas.com\/fr\/wp-json\/wp\/v2\/product\/493","targetHints":{"allow":["GET"]}}],"collection":[{"href":"https:\/\/fliparas.com\/fr\/wp-json\/wp\/v2\/product"}],"about":[{"href":"https:\/\/fliparas.com\/fr\/wp-json\/wp\/v2\/types\/product"}],"wp:featuredmedia":[{"embeddable":true,"href":"https:\/\/fliparas.com\/fr\/wp-json\/wp\/v2\/media\/726"}],"wp:attachment":[{"href":"https:\/\/fliparas.com\/fr\/wp-json\/wp\/v2\/media?parent=493"}],"wp:term":[{"taxonomy":"product_brand","embeddable":true,"href":"https:\/\/fliparas.com\/fr\/wp-json\/wp\/v2\/product_brand?post=493"},{"taxonomy":"product_cat","embeddable":true,"href":"https:\/\/fliparas.com\/fr\/wp-json\/wp\/v2\/product_cat?post=493"},{"taxonomy":"product_tag","embeddable":true,"href":"https:\/\/fliparas.com\/fr\/wp-json\/wp\/v2\/product_tag?post=493"}],"curies":[{"name":"wp","href":"https:\/\/api.w.org\/{rel}","templated":true}]}}