{"id":494,"date":"2024-03-19T12:24:55","date_gmt":"2024-03-19T12:24:55","guid":{"rendered":"https:\/\/fliparas.com\/?post_type=product&#038;p=494"},"modified":"2025-03-10T16:19:05","modified_gmt":"2025-03-10T15:19:05","slug":"bouviere-naine-de-majorque","status":"publish","type":"product","link":"https:\/\/fliparas.com\/fr\/activite\/bouviere-naine-de-majorque\/","title":{"rendered":"Bouvillon nain de Majorque"},"content":{"rendered":"<p>Striper nain de Majorque. Un petit cadeau pour le futur mari\u00e9. Petit Stripeur. Amusement et surprise garantis. Spectacle priv\u00e9.<\/p>\n<p>Les meilleurs enterrements de vie de gar\u00e7on avec <a href=\"https:\/\/fliparas.com\/fr\/enterrement-de-vie-de-garcon\/\">Enterrement de vie de gar\u00e7on<\/a>!<\/p>\n<h2 style=\"text-align: center;\">Striper nain de Majorque\ud83c\udf89<\/h2>\n<p>Offrez au futur mari\u00e9 le cadeau d'un petit striptease pour lui donner la surprise de sa vie lors de son enterrement de vie de gar\u00e7on \u00e0 Majorque avec notre Little Stripper !<\/p>\n<p>L'activit\u00e9 typique d'un enterrement de vie de gar\u00e7on est le striptease. Le striptease est toujours un succ\u00e8s, un classique des enterrements de vie de gar\u00e7on. Mais si vous n'aimez pas ce qui est typique et que vous voulez vraiment surprendre le mari\u00e9, cette activit\u00e9 est faite pour vous!\ud83e\udd73<\/p>\n<p>Si vous voulez garantir une grande surprise (ou une petite dans ce cas), ne prenez pas une strip-teaseuse typique avec un corps incroyable qui fait monter la temp\u00e9rature (bien que si vous voulez cette option, nous l'avons aussi dans notre agence). Optez plut\u00f4t pour une petite stripteaseuse qui saura offrir \u00e0 votre amie un show sexy et sensuel o\u00f9 la surprise est totalement garantie. \ud83d\udd25<\/p>\n<p>Surprenez le mari\u00e9 et ses amis avec le strip-teaseur nain. Prenez des photos et moquez-vous du voyage original que vous avez organis\u00e9!\ud83d\udcf7<\/p>\n<p style=\"text-align: center;\">\u2b50Book the most original show in Mallorca\u2b50 (R\u00e9server le spectacle le plus original de Majorque)<\/p>\n<p>R\u00e9serve Nain Stripper Mallorca<\/p>","protected":false},"excerpt":{"rendered":"<p>Striper nain de Majorque. Un petit cadeau pour le futur mari\u00e9. Petit Stripeur. Amusement et surprise garantis. Spectacle priv\u00e9.<\/p>","protected":false},"featured_media":657,"template":"","meta":[],"product_brand":[425],"product_cat":[165,194],"product_tag":[205],"class_list":{"0":"post-494","1":"product","2":"type-product","3":"status-publish","4":"has-post-thumbnail","6":"product_brand-fliparas-inc","7":"product_cat-mallorca","8":"product_cat-stag-party-mallorca","9":"product_tag-dwarf-striper","11":"first","12":"instock","13":"virtual","14":"sold-individually","15":"purchasable","16":"product-type-booking"},"yoast_head":"<!-- This site is optimized with the Yoast SEO plugin v26.9 - https:\/\/yoast.com\/product\/yoast-seo-wordpress\/ -->\n<title>Mallorca Dwarf Striper<\/title>\n<meta name=\"description\" content=\"Mallorcan Dwarf Striper. A small gift for the future groom. Little Stripper. Fun and surprise guaranteed. Private show.\" \/>\n<meta name=\"robots\" content=\"index, follow, max-snippet:-1, max-image-preview:large, max-video-preview:-1\" \/>\n<link rel=\"canonical\" href=\"https:\/\/fliparas.com\/fr\/activite\/bouviere-naine-de-majorque\/\" \/>\n<meta property=\"og:locale\" content=\"fr_FR\" \/>\n<meta property=\"og:type\" content=\"article\" \/>\n<meta property=\"og:title\" content=\"Mallorca Dwarf Striper\" \/>\n<meta property=\"og:description\" content=\"Mallorcan Dwarf Striper. A small gift for the future groom. Little Stripper. Fun and surprise guaranteed. Private show.\" \/>\n<meta property=\"og:url\" content=\"https:\/\/fliparas.com\/fr\/activite\/bouviere-naine-de-majorque\/\" \/>\n<meta property=\"og:site_name\" content=\"Agency Specialised in Stag and Hen Parties\" \/>\n<meta property=\"article:modified_time\" content=\"2025-03-10T15:19:05+00:00\" \/>\n<meta property=\"og:image\" content=\"https:\/\/fliparas.com\/wp-content\/uploads\/2024\/03\/Striptease-Mallorca-VIP.jpg\" \/>\n\t<meta property=\"og:image:width\" content=\"1080\" \/>\n\t<meta property=\"og:image:height\" content=\"1080\" \/>\n\t<meta property=\"og:image:type\" content=\"image\/jpeg\" \/>\n<meta name=\"twitter:card\" content=\"summary_large_image\" \/>\n<meta name=\"twitter:label1\" content=\"Prix\" \/>\n\t<meta name=\"twitter:data1\" content=\"1.000,00&nbsp;&euro;\" \/>\n\t<meta name=\"twitter:label2\" content=\"Disponibilit\u00e9\" \/>\n\t<meta name=\"twitter:data2\" content=\"En stock\" \/>\n<script type=\"application\/ld+json\" class=\"yoast-schema-graph\">{\"@context\":\"https:\/\/schema.org\",\"@graph\":[{\"@type\":\"WebPage\",\"@id\":\"https:\/\/fliparas.com\/activity\/mallorca-dwarf-striper\/\",\"url\":\"https:\/\/fliparas.com\/activity\/mallorca-dwarf-striper\/\",\"name\":\"Mallorca Dwarf Striper\",\"isPartOf\":{\"@id\":\"https:\/\/fliparas.com\/#website\"},\"primaryImageOfPage\":{\"@id\":\"https:\/\/fliparas.com\/activity\/mallorca-dwarf-striper\/#primaryimage\"},\"image\":{\"@id\":\"https:\/\/fliparas.com\/activity\/mallorca-dwarf-striper\/#primaryimage\"},\"thumbnailUrl\":\"https:\/\/fliparas.com\/wp-content\/uploads\/2024\/03\/Striptease-Mallorca-VIP.jpg\",\"datePublished\":\"2024-03-19T12:24:55+00:00\",\"dateModified\":\"2025-03-10T15:19:05+00:00\",\"description\":\"Mallorcan Dwarf Striper. A small gift for the future groom. Little Stripper. Fun and surprise guaranteed. Private show.\",\"breadcrumb\":{\"@id\":\"https:\/\/fliparas.com\/activity\/mallorca-dwarf-striper\/#breadcrumb\"},\"inLanguage\":\"fr-FR\",\"potentialAction\":[{\"@type\":\"ReadAction\",\"target\":[\"https:\/\/fliparas.com\/activity\/mallorca-dwarf-striper\/\"]}]},{\"@type\":\"ImageObject\",\"inLanguage\":\"fr-FR\",\"@id\":\"https:\/\/fliparas.com\/activity\/mallorca-dwarf-striper\/#primaryimage\",\"url\":\"https:\/\/fliparas.com\/wp-content\/uploads\/2024\/03\/Striptease-Mallorca-VIP.jpg\",\"contentUrl\":\"https:\/\/fliparas.com\/wp-content\/uploads\/2024\/03\/Striptease-Mallorca-VIP.jpg\",\"width\":1080,\"height\":1080},{\"@type\":\"BreadcrumbList\",\"@id\":\"https:\/\/fliparas.com\/activity\/mallorca-dwarf-striper\/#breadcrumb\",\"itemListElement\":[{\"@type\":\"ListItem\",\"position\":1,\"name\":\"Home\",\"item\":\"https:\/\/fliparas.com\/\"},{\"@type\":\"ListItem\",\"position\":2,\"name\":\"Shop\",\"item\":\"https:\/\/fliparas.com\/shop\/\"},{\"@type\":\"ListItem\",\"position\":3,\"name\":\"Mallorca Dwarf Striper\"}]},{\"@type\":\"WebSite\",\"@id\":\"https:\/\/fliparas.com\/#website\",\"url\":\"https:\/\/fliparas.com\/\",\"name\":\"Agency Specialised in Stag and Hen Parties\",\"description\":\"Trust the highest rated agency to organize an unforgettable stag and hen parties in Europe\",\"publisher\":{\"@id\":\"https:\/\/fliparas.com\/#organization\"},\"alternateName\":\"Fliparas Agency Specialised in Stag and Hen Parties\",\"potentialAction\":[{\"@type\":\"SearchAction\",\"target\":{\"@type\":\"EntryPoint\",\"urlTemplate\":\"https:\/\/fliparas.com\/?s={search_term_string}\"},\"query-input\":{\"@type\":\"PropertyValueSpecification\",\"valueRequired\":true,\"valueName\":\"search_term_string\"}}],\"inLanguage\":\"fr-FR\"},{\"@type\":\"Organization\",\"@id\":\"https:\/\/fliparas.com\/#organization\",\"name\":\"Fliparas\",\"alternateName\":\"Agency Specialised in Stag and Hen Parties\",\"url\":\"https:\/\/fliparas.com\/\",\"logo\":{\"@type\":\"ImageObject\",\"inLanguage\":\"fr-FR\",\"@id\":\"https:\/\/fliparas.com\/#\/schema\/logo\/image\/\",\"url\":\"https:\/\/fliparas.com\/wp-content\/uploads\/2024\/03\/Logo-Fliparas.png\",\"contentUrl\":\"https:\/\/fliparas.com\/wp-content\/uploads\/2024\/03\/Logo-Fliparas.png\",\"width\":1024,\"height\":1024,\"caption\":\"Fliparas\"},\"image\":{\"@id\":\"https:\/\/fliparas.com\/#\/schema\/logo\/image\/\"}}]}<\/script>\n<meta property=\"product:price:amount\" content=\"1000.00\" \/>\n<meta property=\"product:price:currency\" content=\"EUR\" \/>\n<meta property=\"og:availability\" content=\"instock\" \/>\n<meta property=\"product:availability\" content=\"instock\" \/>\n<meta property=\"product:condition\" content=\"new\" \/>\n<!-- \/ Yoast SEO plugin. -->","yoast_head_json":{"title":"Bouvillon nain de Majorque","description":"Striper nain de Majorque. Un petit cadeau pour le futur mari\u00e9. Petit stripteaseur. Amusement et surprise garantis. Spectacle priv\u00e9.","robots":{"index":"index","follow":"follow","max-snippet":"max-snippet:-1","max-image-preview":"max-image-preview:large","max-video-preview":"max-video-preview:-1"},"canonical":"https:\/\/fliparas.com\/fr\/activite\/bouviere-naine-de-majorque\/","og_locale":"fr_FR","og_type":"article","og_title":"Mallorca Dwarf Striper","og_description":"Mallorcan Dwarf Striper. A small gift for the future groom. Little Stripper. Fun and surprise guaranteed. Private show.","og_url":"https:\/\/fliparas.com\/fr\/activite\/bouviere-naine-de-majorque\/","og_site_name":"Agency Specialised in Stag and Hen Parties","article_modified_time":"2025-03-10T15:19:05+00:00","og_image":[{"width":1080,"height":1080,"url":"https:\/\/fliparas.com\/wp-content\/uploads\/2024\/03\/Striptease-Mallorca-VIP.jpg","type":"image\/jpeg"}],"twitter_card":"summary_large_image","twitter_misc":{"Prix":"1.000,00&nbsp;&euro;","Disponibilit\u00e9":"En stock"},"schema":{"@context":"https:\/\/schema.org","@graph":[{"@type":"WebPage","@id":"https:\/\/fliparas.com\/activity\/mallorca-dwarf-striper\/","url":"https:\/\/fliparas.com\/activity\/mallorca-dwarf-striper\/","name":"Bouvillon nain de Majorque","isPartOf":{"@id":"https:\/\/fliparas.com\/#website"},"primaryImageOfPage":{"@id":"https:\/\/fliparas.com\/activity\/mallorca-dwarf-striper\/#primaryimage"},"image":{"@id":"https:\/\/fliparas.com\/activity\/mallorca-dwarf-striper\/#primaryimage"},"thumbnailUrl":"https:\/\/fliparas.com\/wp-content\/uploads\/2024\/03\/Striptease-Mallorca-VIP.jpg","datePublished":"2024-03-19T12:24:55+00:00","dateModified":"2025-03-10T15:19:05+00:00","description":"Striper nain de Majorque. Un petit cadeau pour le futur mari\u00e9. Petit stripteaseur. Amusement et surprise garantis. Spectacle priv\u00e9.","breadcrumb":{"@id":"https:\/\/fliparas.com\/activity\/mallorca-dwarf-striper\/#breadcrumb"},"inLanguage":"fr-FR","potentialAction":[{"@type":"ReadAction","target":["https:\/\/fliparas.com\/activity\/mallorca-dwarf-striper\/"]}]},{"@type":"ImageObject","inLanguage":"fr-FR","@id":"https:\/\/fliparas.com\/activity\/mallorca-dwarf-striper\/#primaryimage","url":"https:\/\/fliparas.com\/wp-content\/uploads\/2024\/03\/Striptease-Mallorca-VIP.jpg","contentUrl":"https:\/\/fliparas.com\/wp-content\/uploads\/2024\/03\/Striptease-Mallorca-VIP.jpg","width":1080,"height":1080},{"@type":"BreadcrumbList","@id":"https:\/\/fliparas.com\/activity\/mallorca-dwarf-striper\/#breadcrumb","itemListElement":[{"@type":"ListItem","position":1,"name":"Home","item":"https:\/\/fliparas.com\/"},{"@type":"ListItem","position":2,"name":"Shop","item":"https:\/\/fliparas.com\/shop\/"},{"@type":"ListItem","position":3,"name":"Mallorca Dwarf Striper"}]},{"@type":"WebSite","@id":"https:\/\/fliparas.com\/#website","url":"https:\/\/fliparas.com\/","name":"Agence sp\u00e9cialis\u00e9e dans les enterrements de vie de gar\u00e7on et de jeune fille","description":"Faites confiance \u00e0 l'agence la mieux not\u00e9e pour organiser un enterrement de vie de gar\u00e7on ou de jeune fille inoubliable en Europe.","publisher":{"@id":"https:\/\/fliparas.com\/#organization"},"alternateName":"Fliparas Agency Specialised in Stag and Hen Parties","potentialAction":[{"@type":"SearchAction","target":{"@type":"EntryPoint","urlTemplate":"https:\/\/fliparas.com\/?s={search_term_string}"},"query-input":{"@type":"PropertyValueSpecification","valueRequired":true,"valueName":"search_term_string"}}],"inLanguage":"fr-FR"},{"@type":"Organization","@id":"https:\/\/fliparas.com\/#organization","name":"Fliparas","alternateName":"Agency Specialised in Stag and Hen Parties","url":"https:\/\/fliparas.com\/","logo":{"@type":"ImageObject","inLanguage":"fr-FR","@id":"https:\/\/fliparas.com\/#\/schema\/logo\/image\/","url":"https:\/\/fliparas.com\/wp-content\/uploads\/2024\/03\/Logo-Fliparas.png","contentUrl":"https:\/\/fliparas.com\/wp-content\/uploads\/2024\/03\/Logo-Fliparas.png","width":1024,"height":1024,"caption":"Fliparas"},"image":{"@id":"https:\/\/fliparas.com\/#\/schema\/logo\/image\/"}}]},"product_price_amount":"1000.00","product_price_currency":"EUR","og_availability":"instock","product_availability":"instock","product_condition":"new"},"_links":{"self":[{"href":"https:\/\/fliparas.com\/fr\/wp-json\/wp\/v2\/product\/494","targetHints":{"allow":["GET"]}}],"collection":[{"href":"https:\/\/fliparas.com\/fr\/wp-json\/wp\/v2\/product"}],"about":[{"href":"https:\/\/fliparas.com\/fr\/wp-json\/wp\/v2\/types\/product"}],"wp:featuredmedia":[{"embeddable":true,"href":"https:\/\/fliparas.com\/fr\/wp-json\/wp\/v2\/media\/657"}],"wp:attachment":[{"href":"https:\/\/fliparas.com\/fr\/wp-json\/wp\/v2\/media?parent=494"}],"wp:term":[{"taxonomy":"product_brand","embeddable":true,"href":"https:\/\/fliparas.com\/fr\/wp-json\/wp\/v2\/product_brand?post=494"},{"taxonomy":"product_cat","embeddable":true,"href":"https:\/\/fliparas.com\/fr\/wp-json\/wp\/v2\/product_cat?post=494"},{"taxonomy":"product_tag","embeddable":true,"href":"https:\/\/fliparas.com\/fr\/wp-json\/wp\/v2\/product_tag?post=494"}],"curies":[{"name":"wp","href":"https:\/\/api.w.org\/{rel}","templated":true}]}}