{"id":495,"date":"2024-03-19T12:24:55","date_gmt":"2024-03-19T12:24:55","guid":{"rendered":"https:\/\/fliparas.com\/?post_type=product&#038;p=495"},"modified":"2025-01-31T11:30:07","modified_gmt":"2025-01-31T10:30:07","slug":"dessin-de-modele-nu-mallorca","status":"publish","type":"product","link":"https:\/\/fliparas.com\/fr\/activite\/dessin-de-modele-nu-mallorca\/","title":{"rendered":"Dessin de Mod\u00e8le nu Mallorca"},"content":{"rendered":"<p>Dessin d'un mod\u00e8le nu \u00e0 Mallorca. Dessin de mod\u00e8le nu \u00e0 Majorque. Si vous aimez m\u00e9langer l'art et la sensualit\u00e9, cette activit\u00e9 est faite pour vous !<\/p>\n<p>Les meilleurs enterrements de vie de gar\u00e7on avec <a href=\"https:\/\/fliparas.com\/fr\/enterrement-de-vie-de-garcon\/\">Enterrement de vie de gar\u00e7on<\/a>!<\/p>\n<h2 style=\"text-align: center;\">Dessin d'un mod\u00e8le nu de Majorque \ud83c\udfa8<\/h2>\n<p style=\"text-align: center;\">VENTE MINIMUM : 8 PERSONNES.<\/p>\n<p>Des peintures, des toiles et un spectaculaire nu f\u00e9minin\ud83d\udd25.<\/p>\n<p>Il existe de nombreux types de voyages et de nombreux types d'enterrements de vie de gar\u00e7on. Mais chez Stagparty, il y en a pour tous les go\u00fbts ! Si vous aimez l'art mais aussi les beaux corps f\u00e9minins, arr\u00eatez de r\u00e9fl\u00e9chir et r\u00e9servez cette activit\u00e9.<\/p>\n<p>Une activit\u00e9 originale et amusante, l'un de vos amis sera-t-il capable de rester concentr\u00e9 et de faire un beau dessin tout en regardant le corps nu de notre belle mannequin ?<\/p>\n<p>L'activit\u00e9 comprend tout le mat\u00e9riel n\u00e9cessaire : atelier, peinture, toile et, surtout, une femme nue ! Le mod\u00e8le se tiendra au milieu du groupe sans v\u00eatements, choisira une pose et restera immobile jusqu'\u00e0 la fin. Pouvez-vous rester immobile ?<\/p>\n<p>Vous pouvez inclure du champagne ou du vin pour rendre l'activit\u00e9 plus \u00e9l\u00e9gante et sensuelle.\ud83c\udf77<\/p>\n<p>Une activit\u00e9 amusante et originale entre amis, un moment de rire garanti ! Bien s\u00fbr, \u00e0 la fin de l'activit\u00e9, vous pourrez ramener votre chiffon \u00e0 la maison (en veillant \u00e0 bien le cacher).<\/p>\n<p style=\"text-align: center;\">\ud83d\udd25Book Sensualit\u00e9 et Art\ud83d\udd25\ud83d\udd25<\/p>\n<p style=\"text-align: center;\">Livre Mod\u00e8le Nu Dessin Palma Mallorca<\/p>","protected":false},"excerpt":{"rendered":"<p>Dessin d'un mod\u00e8le nu \u00e0 Mallorca. Dessin de mod\u00e8le nu \u00e0 Majorque. Si vous aimez m\u00e9langer l'art et la sensualit\u00e9, cette activit\u00e9 est faite pour vous !<\/p>\n<p>VENTE MINIMUM : 8 PERSONNES.<\/p>","protected":false},"featured_media":742,"template":"","meta":[],"product_brand":[425],"product_cat":[165,194],"product_tag":[206],"class_list":{"0":"post-495","1":"product","2":"type-product","3":"status-publish","4":"has-post-thumbnail","6":"product_brand-fliparas-inc","7":"product_cat-mallorca","8":"product_cat-stag-party-mallorca","9":"product_tag-drawing-of-nude-model","11":"first","12":"instock","13":"virtual","14":"sold-individually","15":"purchasable","16":"product-type-booking"},"yoast_head":"<!-- This site is optimized with the Yoast SEO plugin v26.9 - https:\/\/yoast.com\/product\/yoast-seo-wordpress\/ -->\n<title>Drawing of Nude Model Mallorca<\/title>\n<meta name=\"description\" content=\"Drawing of Nude Model Mallorca. Nude model drawing in Mallorca. If you like mixing art and sensuality, this is the activity for you!\" \/>\n<meta name=\"robots\" content=\"index, follow, max-snippet:-1, max-image-preview:large, max-video-preview:-1\" \/>\n<link rel=\"canonical\" href=\"https:\/\/fliparas.com\/fr\/activite\/dessin-de-modele-nu-mallorca\/\" \/>\n<meta property=\"og:locale\" content=\"fr_FR\" \/>\n<meta property=\"og:type\" content=\"article\" \/>\n<meta property=\"og:title\" content=\"Drawing of Nude Model Mallorca\" \/>\n<meta property=\"og:description\" content=\"Drawing of Nude Model Mallorca. Nude model drawing in Mallorca. If you like mixing art and sensuality, this is the activity for you!\" \/>\n<meta property=\"og:url\" content=\"https:\/\/fliparas.com\/fr\/activite\/dessin-de-modele-nu-mallorca\/\" \/>\n<meta property=\"og:site_name\" content=\"Agency Specialised in Stag and Hen Parties\" \/>\n<meta property=\"article:modified_time\" content=\"2025-01-31T10:30:07+00:00\" \/>\n<meta property=\"og:image\" content=\"https:\/\/fliparas.com\/wp-content\/uploads\/2024\/03\/Drawing-of-Nude-Model-img.jpeg\" \/>\n\t<meta property=\"og:image:width\" content=\"1080\" \/>\n\t<meta property=\"og:image:height\" content=\"1080\" \/>\n\t<meta property=\"og:image:type\" content=\"image\/jpeg\" \/>\n<meta name=\"twitter:card\" content=\"summary_large_image\" \/>\n<meta name=\"twitter:label1\" content=\"Prix\" \/>\n\t<meta name=\"twitter:data1\" content=\"50,00&nbsp;&euro;\" \/>\n\t<meta name=\"twitter:label2\" content=\"Disponibilit\u00e9\" \/>\n\t<meta name=\"twitter:data2\" content=\"En stock\" \/>\n<script type=\"application\/ld+json\" class=\"yoast-schema-graph\">{\"@context\":\"https:\/\/schema.org\",\"@graph\":[{\"@type\":\"WebPage\",\"@id\":\"https:\/\/fliparas.com\/activity\/drawing-of-nude-model-mallorca\/\",\"url\":\"https:\/\/fliparas.com\/activity\/drawing-of-nude-model-mallorca\/\",\"name\":\"Drawing of Nude Model Mallorca\",\"isPartOf\":{\"@id\":\"https:\/\/fliparas.com\/#website\"},\"primaryImageOfPage\":{\"@id\":\"https:\/\/fliparas.com\/activity\/drawing-of-nude-model-mallorca\/#primaryimage\"},\"image\":{\"@id\":\"https:\/\/fliparas.com\/activity\/drawing-of-nude-model-mallorca\/#primaryimage\"},\"thumbnailUrl\":\"https:\/\/fliparas.com\/wp-content\/uploads\/2024\/03\/Drawing-of-Nude-Model-img.jpeg\",\"datePublished\":\"2024-03-19T12:24:55+00:00\",\"dateModified\":\"2025-01-31T10:30:07+00:00\",\"description\":\"Drawing of Nude Model Mallorca. Nude model drawing in Mallorca. If you like mixing art and sensuality, this is the activity for you!\",\"breadcrumb\":{\"@id\":\"https:\/\/fliparas.com\/activity\/drawing-of-nude-model-mallorca\/#breadcrumb\"},\"inLanguage\":\"fr-FR\",\"potentialAction\":[{\"@type\":\"ReadAction\",\"target\":[\"https:\/\/fliparas.com\/activity\/drawing-of-nude-model-mallorca\/\"]}]},{\"@type\":\"ImageObject\",\"inLanguage\":\"fr-FR\",\"@id\":\"https:\/\/fliparas.com\/activity\/drawing-of-nude-model-mallorca\/#primaryimage\",\"url\":\"https:\/\/fliparas.com\/wp-content\/uploads\/2024\/03\/Drawing-of-Nude-Model-img.jpeg\",\"contentUrl\":\"https:\/\/fliparas.com\/wp-content\/uploads\/2024\/03\/Drawing-of-Nude-Model-img.jpeg\",\"width\":1080,\"height\":1080},{\"@type\":\"BreadcrumbList\",\"@id\":\"https:\/\/fliparas.com\/activity\/drawing-of-nude-model-mallorca\/#breadcrumb\",\"itemListElement\":[{\"@type\":\"ListItem\",\"position\":1,\"name\":\"Home\",\"item\":\"https:\/\/fliparas.com\/\"},{\"@type\":\"ListItem\",\"position\":2,\"name\":\"Shop\",\"item\":\"https:\/\/fliparas.com\/shop\/\"},{\"@type\":\"ListItem\",\"position\":3,\"name\":\"Drawing of Nude Model Mallorca\"}]},{\"@type\":\"WebSite\",\"@id\":\"https:\/\/fliparas.com\/#website\",\"url\":\"https:\/\/fliparas.com\/\",\"name\":\"Agency Specialised in Stag and Hen Parties\",\"description\":\"Trust the highest rated agency to organize an unforgettable stag and hen parties in Europe\",\"publisher\":{\"@id\":\"https:\/\/fliparas.com\/#organization\"},\"alternateName\":\"Fliparas Agency Specialised in Stag and Hen Parties\",\"potentialAction\":[{\"@type\":\"SearchAction\",\"target\":{\"@type\":\"EntryPoint\",\"urlTemplate\":\"https:\/\/fliparas.com\/?s={search_term_string}\"},\"query-input\":{\"@type\":\"PropertyValueSpecification\",\"valueRequired\":true,\"valueName\":\"search_term_string\"}}],\"inLanguage\":\"fr-FR\"},{\"@type\":\"Organization\",\"@id\":\"https:\/\/fliparas.com\/#organization\",\"name\":\"Fliparas\",\"alternateName\":\"Agency Specialised in Stag and Hen Parties\",\"url\":\"https:\/\/fliparas.com\/\",\"logo\":{\"@type\":\"ImageObject\",\"inLanguage\":\"fr-FR\",\"@id\":\"https:\/\/fliparas.com\/#\/schema\/logo\/image\/\",\"url\":\"https:\/\/fliparas.com\/wp-content\/uploads\/2024\/03\/Logo-Fliparas.png\",\"contentUrl\":\"https:\/\/fliparas.com\/wp-content\/uploads\/2024\/03\/Logo-Fliparas.png\",\"width\":1024,\"height\":1024,\"caption\":\"Fliparas\"},\"image\":{\"@id\":\"https:\/\/fliparas.com\/#\/schema\/logo\/image\/\"}}]}<\/script>\n<meta property=\"product:price:amount\" content=\"50.00\" \/>\n<meta property=\"product:price:currency\" content=\"EUR\" \/>\n<meta property=\"og:availability\" content=\"instock\" \/>\n<meta property=\"product:availability\" content=\"instock\" \/>\n<meta property=\"product:condition\" content=\"new\" \/>\n<!-- \/ Yoast SEO plugin. -->","yoast_head_json":{"title":"Dessin de Mod\u00e8le nu Mallorca","description":"Dessin d'un mod\u00e8le nu \u00e0 Mallorca. Dessin de mod\u00e8le nu \u00e0 Majorque. Si vous aimez m\u00e9langer l'art et la sensualit\u00e9, cette activit\u00e9 est faite pour vous !","robots":{"index":"index","follow":"follow","max-snippet":"max-snippet:-1","max-image-preview":"max-image-preview:large","max-video-preview":"max-video-preview:-1"},"canonical":"https:\/\/fliparas.com\/fr\/activite\/dessin-de-modele-nu-mallorca\/","og_locale":"fr_FR","og_type":"article","og_title":"Drawing of Nude Model Mallorca","og_description":"Drawing of Nude Model Mallorca. Nude model drawing in Mallorca. If you like mixing art and sensuality, this is the activity for you!","og_url":"https:\/\/fliparas.com\/fr\/activite\/dessin-de-modele-nu-mallorca\/","og_site_name":"Agency Specialised in Stag and Hen Parties","article_modified_time":"2025-01-31T10:30:07+00:00","og_image":[{"width":1080,"height":1080,"url":"https:\/\/fliparas.com\/wp-content\/uploads\/2024\/03\/Drawing-of-Nude-Model-img.jpeg","type":"image\/jpeg"}],"twitter_card":"summary_large_image","twitter_misc":{"Prix":"50,00&nbsp;&euro;","Disponibilit\u00e9":"En stock"},"schema":{"@context":"https:\/\/schema.org","@graph":[{"@type":"WebPage","@id":"https:\/\/fliparas.com\/activity\/drawing-of-nude-model-mallorca\/","url":"https:\/\/fliparas.com\/activity\/drawing-of-nude-model-mallorca\/","name":"Dessin de Mod\u00e8le nu Mallorca","isPartOf":{"@id":"https:\/\/fliparas.com\/#website"},"primaryImageOfPage":{"@id":"https:\/\/fliparas.com\/activity\/drawing-of-nude-model-mallorca\/#primaryimage"},"image":{"@id":"https:\/\/fliparas.com\/activity\/drawing-of-nude-model-mallorca\/#primaryimage"},"thumbnailUrl":"https:\/\/fliparas.com\/wp-content\/uploads\/2024\/03\/Drawing-of-Nude-Model-img.jpeg","datePublished":"2024-03-19T12:24:55+00:00","dateModified":"2025-01-31T10:30:07+00:00","description":"Dessin d'un mod\u00e8le nu \u00e0 Mallorca. Dessin de mod\u00e8le nu \u00e0 Majorque. Si vous aimez m\u00e9langer l'art et la sensualit\u00e9, cette activit\u00e9 est faite pour vous !","breadcrumb":{"@id":"https:\/\/fliparas.com\/activity\/drawing-of-nude-model-mallorca\/#breadcrumb"},"inLanguage":"fr-FR","potentialAction":[{"@type":"ReadAction","target":["https:\/\/fliparas.com\/activity\/drawing-of-nude-model-mallorca\/"]}]},{"@type":"ImageObject","inLanguage":"fr-FR","@id":"https:\/\/fliparas.com\/activity\/drawing-of-nude-model-mallorca\/#primaryimage","url":"https:\/\/fliparas.com\/wp-content\/uploads\/2024\/03\/Drawing-of-Nude-Model-img.jpeg","contentUrl":"https:\/\/fliparas.com\/wp-content\/uploads\/2024\/03\/Drawing-of-Nude-Model-img.jpeg","width":1080,"height":1080},{"@type":"BreadcrumbList","@id":"https:\/\/fliparas.com\/activity\/drawing-of-nude-model-mallorca\/#breadcrumb","itemListElement":[{"@type":"ListItem","position":1,"name":"Home","item":"https:\/\/fliparas.com\/"},{"@type":"ListItem","position":2,"name":"Shop","item":"https:\/\/fliparas.com\/shop\/"},{"@type":"ListItem","position":3,"name":"Drawing of Nude Model Mallorca"}]},{"@type":"WebSite","@id":"https:\/\/fliparas.com\/#website","url":"https:\/\/fliparas.com\/","name":"Agence sp\u00e9cialis\u00e9e dans les enterrements de vie de gar\u00e7on et de jeune fille","description":"Faites confiance \u00e0 l'agence la mieux not\u00e9e pour organiser un enterrement de vie de gar\u00e7on ou de jeune fille inoubliable en Europe.","publisher":{"@id":"https:\/\/fliparas.com\/#organization"},"alternateName":"Fliparas Agency Specialised in Stag and Hen Parties","potentialAction":[{"@type":"SearchAction","target":{"@type":"EntryPoint","urlTemplate":"https:\/\/fliparas.com\/?s={search_term_string}"},"query-input":{"@type":"PropertyValueSpecification","valueRequired":true,"valueName":"search_term_string"}}],"inLanguage":"fr-FR"},{"@type":"Organization","@id":"https:\/\/fliparas.com\/#organization","name":"Fliparas","alternateName":"Agency Specialised in Stag and Hen Parties","url":"https:\/\/fliparas.com\/","logo":{"@type":"ImageObject","inLanguage":"fr-FR","@id":"https:\/\/fliparas.com\/#\/schema\/logo\/image\/","url":"https:\/\/fliparas.com\/wp-content\/uploads\/2024\/03\/Logo-Fliparas.png","contentUrl":"https:\/\/fliparas.com\/wp-content\/uploads\/2024\/03\/Logo-Fliparas.png","width":1024,"height":1024,"caption":"Fliparas"},"image":{"@id":"https:\/\/fliparas.com\/#\/schema\/logo\/image\/"}}]},"product_price_amount":"50.00","product_price_currency":"EUR","og_availability":"instock","product_availability":"instock","product_condition":"new"},"_links":{"self":[{"href":"https:\/\/fliparas.com\/fr\/wp-json\/wp\/v2\/product\/495","targetHints":{"allow":["GET"]}}],"collection":[{"href":"https:\/\/fliparas.com\/fr\/wp-json\/wp\/v2\/product"}],"about":[{"href":"https:\/\/fliparas.com\/fr\/wp-json\/wp\/v2\/types\/product"}],"wp:featuredmedia":[{"embeddable":true,"href":"https:\/\/fliparas.com\/fr\/wp-json\/wp\/v2\/media\/742"}],"wp:attachment":[{"href":"https:\/\/fliparas.com\/fr\/wp-json\/wp\/v2\/media?parent=495"}],"wp:term":[{"taxonomy":"product_brand","embeddable":true,"href":"https:\/\/fliparas.com\/fr\/wp-json\/wp\/v2\/product_brand?post=495"},{"taxonomy":"product_cat","embeddable":true,"href":"https:\/\/fliparas.com\/fr\/wp-json\/wp\/v2\/product_cat?post=495"},{"taxonomy":"product_tag","embeddable":true,"href":"https:\/\/fliparas.com\/fr\/wp-json\/wp\/v2\/product_tag?post=495"}],"curies":[{"name":"wp","href":"https:\/\/api.w.org\/{rel}","templated":true}]}}