{"id":496,"date":"2024-03-19T12:24:55","date_gmt":"2024-03-19T12:24:55","guid":{"rendered":"https:\/\/fliparas.com\/?post_type=product&#038;p=496"},"modified":"2025-01-31T11:30:07","modified_gmt":"2025-01-31T10:30:07","slug":"limousine-striptease-mallorca","status":"publish","type":"product","link":"https:\/\/fliparas.com\/fr\/activite\/limousine-striptease-mallorca\/","title":{"rendered":"Limousine &amp; Striptease Mallorca"},"content":{"rendered":"<div>Limousine et strip-tease \u00e0 Majorque. Service de limousine d'une heure avec 2 bouteilles de cava incluses et striptease \u00e0 l'int\u00e9rieur \"maximum 8 places\". Sensualit\u00e9 et luxe.<\/div>\n<div><\/div>\n<div>Les meilleurs enterrements de vie de gar\u00e7on avec <a href=\"https:\/\/fliparas.com\/fr\/enterrement-de-vie-de-garcon\/\">Enterrement de vie de gar\u00e7on <\/a>!<\/div>\n<div><\/div>\n<h2 style=\"text-align: center;\">Limousine &amp; Striptease Mallorca<\/h2>\n<div>\ud83d\ude97 Vivez le luxe avec notre service de limousine et de strip-tease \u00e0 Majorque ! \ud83c\udf7e<\/div>\n<div><\/div>\n<div>Faites l'exp\u00e9rience du glamour et du confort en explorant la belle \u00eele de Majorque gr\u00e2ce \u00e0 notre service exclusif de limousine. Pendant une heure, vous ne vous sentirez pas seulement luxueux dans la limousine spacieuse et \u00e9l\u00e9gante, mais il y aura une fille \u00e0 l'int\u00e9rieur pour vous faire profiter pleinement du voyage...\u2728<\/div>\n<div><\/div>\n<div>Si voyager dans une limousine est d\u00e9j\u00e0 une exp\u00e9rience qui vous fait sentir puissant, imaginez-vous avec un spectacle \u00e9rotique \u00e0 l'int\u00e9rieur. Avec deux bouteilles de cava incluses et une belle fille l\u00e9g\u00e8rement v\u00eatue... le voyage devient une f\u00eate de luxe ! D\u00e9tendez-vous, profitez de la compagnie et trinquez avec style alors que vous vous dirigez vers vos destinations pr\u00e9f\u00e9r\u00e9es. \ud83d\udd25<\/div>\n<div><\/div>\n<div>\n<p>Notre service de limousine est con\u00e7u pour rendre votre exp\u00e9rience \u00e0 Majorque inoubliable. Qu'il s'agisse d'une occasion sp\u00e9ciale, d'un enterrement de vie de gar\u00e7on ou de jeune fille, ou simplement d'un voyage de classe, nous sommes l\u00e0 pour r\u00e9aliser vos r\u00eaves de luxe sur l'\u00eele. Profitez du p\u00e9ch\u00e9 sur l'\u00eele avec la carri\u00e8re et la femme sexy.\ud83c\udf34<\/p>\n<\/div>\n<div>R\u00e9servez d\u00e8s maintenant et laissez-nous vous emmener \u00e0 un niveau sup\u00e9rieur de sensualit\u00e9 et de plaisir \u00e0 Majorque et d\u00e9couvrez le plaisir de l'exclusivit\u00e9 tout en fl\u00e2nant dans les rues de Palma de Majorque et de Magaluf !<\/div>\n<div>\n<div style=\"text-align: center;\"><\/div>\n<div style=\"text-align: center;\">Choisissez la sensualit\u00e9, choisissez le luxe<\/div>\n<div style=\"text-align: center;\">R\u00e9servez maintenant Limousine &amp; Striptease <a href=\"https:\/\/es.wikipedia.org\/wiki\/Mallorca\">Majorque<\/a>. \ud83d\udd25<\/div>\n<\/div>","protected":false},"excerpt":{"rendered":"<p>Limousine et strip-tease \u00e0 Majorque. Service de limousine d'une heure avec 2 bouteilles de cava incluses et striptease \u00e0 l'int\u00e9rieur \"maximum 8 places\". Sensualit\u00e9 et luxe.<\/p>\n<p>VENTE MINIMUM : 8 PERSONNES.<\/p>","protected":false},"featured_media":657,"template":"","meta":[],"product_brand":[425],"product_cat":[193,165,194],"product_tag":[190,191,192],"class_list":{"0":"post-496","1":"product","2":"type-product","3":"status-publish","4":"has-post-thumbnail","6":"product_brand-fliparas-inc","7":"product_cat-hen-party-mallorca","8":"product_cat-mallorca","9":"product_cat-stag-party-mallorca","10":"product_tag-limousine-striptease-mallorca","11":"product_tag-limousine-mallorca","12":"product_tag-striptease-mallorca","14":"first","15":"instock","16":"virtual","17":"sold-individually","18":"purchasable","19":"product-type-booking"},"yoast_head":"<!-- This site is optimized with the Yoast SEO plugin v26.9 - https:\/\/yoast.com\/product\/yoast-seo-wordpress\/ -->\n<title>Limousine &amp; Striptease Mallorca<\/title>\n<meta name=\"description\" content=\"Limousine &amp; Striptease Mallorca. One-hour limousine service with 2 bottles of cava included and striptease inside &quot;maximum 8 seats&quot;.\" \/>\n<meta name=\"robots\" content=\"index, follow, max-snippet:-1, max-image-preview:large, max-video-preview:-1\" \/>\n<link rel=\"canonical\" href=\"https:\/\/fliparas.com\/fr\/activite\/limousine-striptease-mallorca\/\" \/>\n<meta property=\"og:locale\" content=\"fr_FR\" \/>\n<meta property=\"og:type\" content=\"article\" \/>\n<meta property=\"og:title\" content=\"Limousine &amp; Striptease Mallorca\" \/>\n<meta property=\"og:description\" content=\"Limousine &amp; Striptease Mallorca. One-hour limousine service with 2 bottles of cava included and striptease inside &quot;maximum 8 seats&quot;.\" \/>\n<meta property=\"og:url\" content=\"https:\/\/fliparas.com\/fr\/activite\/limousine-striptease-mallorca\/\" \/>\n<meta property=\"og:site_name\" content=\"Agency Specialised in Stag and Hen Parties\" \/>\n<meta property=\"article:modified_time\" content=\"2025-01-31T10:30:07+00:00\" \/>\n<meta property=\"og:image\" content=\"https:\/\/fliparas.com\/wp-content\/uploads\/2024\/03\/Striptease-Mallorca-VIP.jpg\" \/>\n\t<meta property=\"og:image:width\" content=\"1080\" \/>\n\t<meta property=\"og:image:height\" content=\"1080\" \/>\n\t<meta property=\"og:image:type\" content=\"image\/jpeg\" \/>\n<meta name=\"twitter:card\" content=\"summary_large_image\" \/>\n<meta name=\"twitter:label1\" content=\"Prix\" \/>\n\t<meta name=\"twitter:data1\" content=\"70,00&nbsp;&euro;\" \/>\n\t<meta name=\"twitter:label2\" content=\"Disponibilit\u00e9\" \/>\n\t<meta name=\"twitter:data2\" content=\"En stock\" \/>\n<script type=\"application\/ld+json\" class=\"yoast-schema-graph\">{\"@context\":\"https:\/\/schema.org\",\"@graph\":[{\"@type\":\"WebPage\",\"@id\":\"https:\/\/fliparas.com\/activity\/limousine-striptease-mallorca\/\",\"url\":\"https:\/\/fliparas.com\/activity\/limousine-striptease-mallorca\/\",\"name\":\"Limousine & Striptease Mallorca\",\"isPartOf\":{\"@id\":\"https:\/\/fliparas.com\/#website\"},\"primaryImageOfPage\":{\"@id\":\"https:\/\/fliparas.com\/activity\/limousine-striptease-mallorca\/#primaryimage\"},\"image\":{\"@id\":\"https:\/\/fliparas.com\/activity\/limousine-striptease-mallorca\/#primaryimage\"},\"thumbnailUrl\":\"https:\/\/fliparas.com\/wp-content\/uploads\/2024\/03\/Striptease-Mallorca-VIP.jpg\",\"datePublished\":\"2024-03-19T12:24:55+00:00\",\"dateModified\":\"2025-01-31T10:30:07+00:00\",\"description\":\"Limousine & Striptease Mallorca. One-hour limousine service with 2 bottles of cava included and striptease inside \\\"maximum 8 seats\\\".\",\"breadcrumb\":{\"@id\":\"https:\/\/fliparas.com\/activity\/limousine-striptease-mallorca\/#breadcrumb\"},\"inLanguage\":\"fr-FR\",\"potentialAction\":[{\"@type\":\"ReadAction\",\"target\":[\"https:\/\/fliparas.com\/activity\/limousine-striptease-mallorca\/\"]}]},{\"@type\":\"ImageObject\",\"inLanguage\":\"fr-FR\",\"@id\":\"https:\/\/fliparas.com\/activity\/limousine-striptease-mallorca\/#primaryimage\",\"url\":\"https:\/\/fliparas.com\/wp-content\/uploads\/2024\/03\/Striptease-Mallorca-VIP.jpg\",\"contentUrl\":\"https:\/\/fliparas.com\/wp-content\/uploads\/2024\/03\/Striptease-Mallorca-VIP.jpg\",\"width\":1080,\"height\":1080},{\"@type\":\"BreadcrumbList\",\"@id\":\"https:\/\/fliparas.com\/activity\/limousine-striptease-mallorca\/#breadcrumb\",\"itemListElement\":[{\"@type\":\"ListItem\",\"position\":1,\"name\":\"Home\",\"item\":\"https:\/\/fliparas.com\/\"},{\"@type\":\"ListItem\",\"position\":2,\"name\":\"Shop\",\"item\":\"https:\/\/fliparas.com\/shop\/\"},{\"@type\":\"ListItem\",\"position\":3,\"name\":\"Limousine &#038; Striptease Mallorca\"}]},{\"@type\":\"WebSite\",\"@id\":\"https:\/\/fliparas.com\/#website\",\"url\":\"https:\/\/fliparas.com\/\",\"name\":\"Agency Specialised in Stag and Hen Parties\",\"description\":\"Trust the highest rated agency to organize an unforgettable stag and hen parties in Europe\",\"publisher\":{\"@id\":\"https:\/\/fliparas.com\/#organization\"},\"alternateName\":\"Fliparas Agency Specialised in Stag and Hen Parties\",\"potentialAction\":[{\"@type\":\"SearchAction\",\"target\":{\"@type\":\"EntryPoint\",\"urlTemplate\":\"https:\/\/fliparas.com\/?s={search_term_string}\"},\"query-input\":{\"@type\":\"PropertyValueSpecification\",\"valueRequired\":true,\"valueName\":\"search_term_string\"}}],\"inLanguage\":\"fr-FR\"},{\"@type\":\"Organization\",\"@id\":\"https:\/\/fliparas.com\/#organization\",\"name\":\"Fliparas\",\"alternateName\":\"Agency Specialised in Stag and Hen Parties\",\"url\":\"https:\/\/fliparas.com\/\",\"logo\":{\"@type\":\"ImageObject\",\"inLanguage\":\"fr-FR\",\"@id\":\"https:\/\/fliparas.com\/#\/schema\/logo\/image\/\",\"url\":\"https:\/\/fliparas.com\/wp-content\/uploads\/2024\/03\/Logo-Fliparas.png\",\"contentUrl\":\"https:\/\/fliparas.com\/wp-content\/uploads\/2024\/03\/Logo-Fliparas.png\",\"width\":1024,\"height\":1024,\"caption\":\"Fliparas\"},\"image\":{\"@id\":\"https:\/\/fliparas.com\/#\/schema\/logo\/image\/\"}}]}<\/script>\n<meta property=\"product:price:amount\" content=\"70.00\" \/>\n<meta property=\"product:price:currency\" content=\"EUR\" \/>\n<meta property=\"og:availability\" content=\"instock\" \/>\n<meta property=\"product:availability\" content=\"instock\" \/>\n<meta property=\"product:condition\" content=\"new\" \/>\n<!-- \/ Yoast SEO plugin. -->","yoast_head_json":{"title":"Limousine &amp; Striptease Mallorca","description":"Limousine et strip-tease \u00e0 Majorque. Service de limousine d'une heure avec 2 bouteilles de cava incluses et striptease \u00e0 l'int\u00e9rieur \"maximum 8 places\".","robots":{"index":"index","follow":"follow","max-snippet":"max-snippet:-1","max-image-preview":"max-image-preview:large","max-video-preview":"max-video-preview:-1"},"canonical":"https:\/\/fliparas.com\/fr\/activite\/limousine-striptease-mallorca\/","og_locale":"fr_FR","og_type":"article","og_title":"Limousine & Striptease Mallorca","og_description":"Limousine & Striptease Mallorca. One-hour limousine service with 2 bottles of cava included and striptease inside \"maximum 8 seats\".","og_url":"https:\/\/fliparas.com\/fr\/activite\/limousine-striptease-mallorca\/","og_site_name":"Agency Specialised in Stag and Hen Parties","article_modified_time":"2025-01-31T10:30:07+00:00","og_image":[{"width":1080,"height":1080,"url":"https:\/\/fliparas.com\/wp-content\/uploads\/2024\/03\/Striptease-Mallorca-VIP.jpg","type":"image\/jpeg"}],"twitter_card":"summary_large_image","twitter_misc":{"Prix":"70,00&nbsp;&euro;","Disponibilit\u00e9":"En stock"},"schema":{"@context":"https:\/\/schema.org","@graph":[{"@type":"WebPage","@id":"https:\/\/fliparas.com\/activity\/limousine-striptease-mallorca\/","url":"https:\/\/fliparas.com\/activity\/limousine-striptease-mallorca\/","name":"Limousine &amp; Striptease Mallorca","isPartOf":{"@id":"https:\/\/fliparas.com\/#website"},"primaryImageOfPage":{"@id":"https:\/\/fliparas.com\/activity\/limousine-striptease-mallorca\/#primaryimage"},"image":{"@id":"https:\/\/fliparas.com\/activity\/limousine-striptease-mallorca\/#primaryimage"},"thumbnailUrl":"https:\/\/fliparas.com\/wp-content\/uploads\/2024\/03\/Striptease-Mallorca-VIP.jpg","datePublished":"2024-03-19T12:24:55+00:00","dateModified":"2025-01-31T10:30:07+00:00","description":"Limousine et strip-tease \u00e0 Majorque. Service de limousine d'une heure avec 2 bouteilles de cava incluses et striptease \u00e0 l'int\u00e9rieur \"maximum 8 places\".","breadcrumb":{"@id":"https:\/\/fliparas.com\/activity\/limousine-striptease-mallorca\/#breadcrumb"},"inLanguage":"fr-FR","potentialAction":[{"@type":"ReadAction","target":["https:\/\/fliparas.com\/activity\/limousine-striptease-mallorca\/"]}]},{"@type":"ImageObject","inLanguage":"fr-FR","@id":"https:\/\/fliparas.com\/activity\/limousine-striptease-mallorca\/#primaryimage","url":"https:\/\/fliparas.com\/wp-content\/uploads\/2024\/03\/Striptease-Mallorca-VIP.jpg","contentUrl":"https:\/\/fliparas.com\/wp-content\/uploads\/2024\/03\/Striptease-Mallorca-VIP.jpg","width":1080,"height":1080},{"@type":"BreadcrumbList","@id":"https:\/\/fliparas.com\/activity\/limousine-striptease-mallorca\/#breadcrumb","itemListElement":[{"@type":"ListItem","position":1,"name":"Home","item":"https:\/\/fliparas.com\/"},{"@type":"ListItem","position":2,"name":"Shop","item":"https:\/\/fliparas.com\/shop\/"},{"@type":"ListItem","position":3,"name":"Limousine &#038; Striptease Mallorca"}]},{"@type":"WebSite","@id":"https:\/\/fliparas.com\/#website","url":"https:\/\/fliparas.com\/","name":"Agence sp\u00e9cialis\u00e9e dans les enterrements de vie de gar\u00e7on et de jeune fille","description":"Faites confiance \u00e0 l'agence la mieux not\u00e9e pour organiser un enterrement de vie de gar\u00e7on ou de jeune fille inoubliable en Europe.","publisher":{"@id":"https:\/\/fliparas.com\/#organization"},"alternateName":"Fliparas Agency Specialised in Stag and Hen Parties","potentialAction":[{"@type":"SearchAction","target":{"@type":"EntryPoint","urlTemplate":"https:\/\/fliparas.com\/?s={search_term_string}"},"query-input":{"@type":"PropertyValueSpecification","valueRequired":true,"valueName":"search_term_string"}}],"inLanguage":"fr-FR"},{"@type":"Organization","@id":"https:\/\/fliparas.com\/#organization","name":"Fliparas","alternateName":"Agency Specialised in Stag and Hen Parties","url":"https:\/\/fliparas.com\/","logo":{"@type":"ImageObject","inLanguage":"fr-FR","@id":"https:\/\/fliparas.com\/#\/schema\/logo\/image\/","url":"https:\/\/fliparas.com\/wp-content\/uploads\/2024\/03\/Logo-Fliparas.png","contentUrl":"https:\/\/fliparas.com\/wp-content\/uploads\/2024\/03\/Logo-Fliparas.png","width":1024,"height":1024,"caption":"Fliparas"},"image":{"@id":"https:\/\/fliparas.com\/#\/schema\/logo\/image\/"}}]},"product_price_amount":"70.00","product_price_currency":"EUR","og_availability":"instock","product_availability":"instock","product_condition":"new"},"_links":{"self":[{"href":"https:\/\/fliparas.com\/fr\/wp-json\/wp\/v2\/product\/496","targetHints":{"allow":["GET"]}}],"collection":[{"href":"https:\/\/fliparas.com\/fr\/wp-json\/wp\/v2\/product"}],"about":[{"href":"https:\/\/fliparas.com\/fr\/wp-json\/wp\/v2\/types\/product"}],"wp:featuredmedia":[{"embeddable":true,"href":"https:\/\/fliparas.com\/fr\/wp-json\/wp\/v2\/media\/657"}],"wp:attachment":[{"href":"https:\/\/fliparas.com\/fr\/wp-json\/wp\/v2\/media?parent=496"}],"wp:term":[{"taxonomy":"product_brand","embeddable":true,"href":"https:\/\/fliparas.com\/fr\/wp-json\/wp\/v2\/product_brand?post=496"},{"taxonomy":"product_cat","embeddable":true,"href":"https:\/\/fliparas.com\/fr\/wp-json\/wp\/v2\/product_cat?post=496"},{"taxonomy":"product_tag","embeddable":true,"href":"https:\/\/fliparas.com\/fr\/wp-json\/wp\/v2\/product_tag?post=496"}],"curies":[{"name":"wp","href":"https:\/\/api.w.org\/{rel}","templated":true}]}}