{"id":1587,"date":"2024-03-28T11:09:53","date_gmt":"2024-03-28T11:09:53","guid":{"rendered":"https:\/\/fliparas.com\/?post_type=product&#038;p=1587"},"modified":"2025-01-31T11:26:13","modified_gmt":"2025-01-31T10:26:13","slug":"lancio-dellascia-a-valencia","status":"publish","type":"product","link":"https:\/\/fliparas.com\/it\/attivita\/lancio-dellascia-a-valencia\/","title":{"rendered":"Lancio dell'ascia a Valencia"},"content":{"rendered":"<p style=\"text-align: center;\">Lancio dell'ascia a Valencia<\/p>\n<p style=\"text-align: center;\">Siamo <a href=\"https:\/\/fliparas.com\/it\/addio-al-celibato\/\">Addio al celibato<\/a>! <a href=\"https:\/\/fliparas.com\/it\/addio-al-nubilato\/\">Festa di addio al nubilato<\/a>e stiamo organizzando il vostro addio al celibato.<\/p>\n<p style=\"text-align: center;\"><span style=\"font-size: 23.04px; text-align: center; color: #333333;\">Lancio dell'ascia a Valencia \u26a1\ud83e\ude93<\/span><span style=\"font-size: 23.04px; text-align: center; color: #333333;\">\u200b<\/span><\/p>\n<div>\n<div>\n<div style=\"text-align: center;\">\n<div>Vivete questa indimenticabile avventura a Valencia! Combinate precisione e divertimento!<br \/>\n<em><strong>Qui potrete sparare hachas in un ambiente sicuro e totalmente progettato per offrirvi il miglior divertimento!<\/strong><\/em><\/div>\n<\/div>\n<div><\/div>\n<div style=\"text-align: center;\">\n<ul>\n<li style=\"text-align: left;\"><strong>Ambiente sicuro:<\/strong> Seguiamo tutti i protocolli, dando sempre la priorit\u00e0 alla vostra sicurezza! <strong>Divertimento in un ambiente controllato! \u2600\ufe0f<\/strong><\/li>\n<\/ul>\n<\/div>\n<\/div>\n<p>&nbsp;<\/p>\n<div>\n<ul>\n<li><strong>Ricordi indimenticabili:<\/strong> Un'attivit\u00e0 diversa che ricorderete per sempre, riunirsi con i vostri amici e provare questo brivido sar\u00e0 incredibile! \ud83d\uddbc\ufe0f<\/li>\n<\/ul>\n<p>&nbsp;<\/p>\n<ul>\n<li>Lanza de Hachas \u00e8 un'esperienza moderna ed emozionante con <strong>radici ancestrali<\/strong>, scoprite quest'arte! <span style=\"font-size: 23.04px; text-align: center; color: #333333;\">\ud83e\ude93<\/span><\/li>\n<\/ul>\n<p>&nbsp;<\/p>\n<ul>\n<li><strong>Competizione amichevole:<\/strong> Una scelta di giochi e concorsi che entusiasmeranno tutti e renderanno tutto pi\u00f9 emozionante! \ud83d\udcab<\/li>\n<\/ul>\n<p>&nbsp;<\/p>\n<ul>\n<li><strong>Per tutti!<\/strong> Che lo abbiate gi\u00e0 fatto o che sia la vostra prima volta, abbiamo attivit\u00e0 personalizzate per tutti! Il nostro obiettivo \u00e8 che tutti si mettano alla prova e si divertano! \ud83d\udca1<\/li>\n<\/ul>\n<p>&nbsp;<\/p>\n<div style=\"text-align: center;\">\n<div>\u2800\u2800\u2800\u2800\u2800<\/div>\n<\/div>\n<div style=\"text-align: center;\">\u2800\u2800\u2800\u2800\u2800\u2800\u2800\u2800Non lasciatevi sfuggire questa opportunit\u00e0! Prenotate il vostro <strong>Lancio dell'ascia <\/strong>avventura e preparatevi a ridere molto!<\/div>\n<div style=\"text-align: center;\">Siete pronti per la sfida?<br \/>\n\u2800\u2800\u2800\u2800\u2800\u2800\u2800\u2800<\/div>\n<\/div>\n<\/div>\n<h3 style=\"text-align: center;\">\ud83c\udf89 <span style=\"font-size: 23.04px; text-align: center; color: #333333;\">Lancio dell'ascia<\/span>!<\/h3>\n<p class=\"p1\" style=\"text-align: center;\"><b>PRENOTAZIONE POSSIBILE PER GRUPPI DI: 8-12 PERSONE.<\/b><\/p>","protected":false},"excerpt":{"rendered":"<p style=\"text-align: center;\">Lancio dell'ascia a Valencia - Vivete questa indimenticabile avventura a Valencia!<br \/>\nCombinate precisione e divertimento! \u26a1 Contattateci!<\/p>\n<p class=\"p1\" style=\"text-align: center;\"><b>PRENOTAZIONE POSSIBILE PER GRUPPI DI: 8-12 PERSONE.<\/b><\/p>","protected":false},"featured_media":1589,"template":"","meta":[],"product_brand":[425],"product_cat":[370,371,369],"product_tag":[378],"class_list":{"0":"post-1587","1":"product","2":"type-product","3":"status-publish","4":"has-post-thumbnail","6":"product_brand-fliparas-inc","7":"product_cat-hen-party-valencia-activities","8":"product_cat-stag-party-valencia-activities","9":"product_cat-valencia","10":"product_tag-axe-throwing-valencia","12":"first","13":"instock","14":"virtual","15":"sold-individually","16":"purchasable","17":"product-type-booking"},"yoast_head":"<!-- This site is optimized with the Yoast SEO plugin v26.9 - https:\/\/yoast.com\/product\/yoast-seo-wordpress\/ -->\n<title>Axe Throwing Valencia \u26a1\u200b<\/title>\n<meta name=\"description\" content=\"Axe Throwing Valencia - \u200bExperience this unforgettable adventure in Valencia! Combine precision with lots of fun! \u26a1 Contact us!\" \/>\n<meta name=\"robots\" content=\"index, follow, max-snippet:-1, max-image-preview:large, max-video-preview:-1\" \/>\n<link rel=\"canonical\" href=\"https:\/\/fliparas.com\/it\/attivita\/lancio-dellascia-a-valencia\/\" \/>\n<meta property=\"og:locale\" content=\"it_IT\" \/>\n<meta property=\"og:type\" content=\"article\" \/>\n<meta property=\"og:title\" content=\"Axe Throwing Valencia \u26a1\u200b\" \/>\n<meta property=\"og:description\" content=\"Axe Throwing Valencia - \u200bExperience this unforgettable adventure in Valencia! Combine precision with lots of fun! \u26a1 Contact us!\" \/>\n<meta property=\"og:url\" content=\"https:\/\/fliparas.com\/it\/attivita\/lancio-dellascia-a-valencia\/\" \/>\n<meta property=\"og:site_name\" content=\"Agency Specialised in Stag and Hen Parties\" \/>\n<meta property=\"article:modified_time\" content=\"2025-01-31T10:26:13+00:00\" \/>\n<meta property=\"og:image\" content=\"https:\/\/fliparas.com\/wp-content\/uploads\/2024\/03\/1.3-Optimizacion-Web-Cusco-Creativos-1-1.jpg\" \/>\n\t<meta property=\"og:image:width\" content=\"1316\" \/>\n\t<meta property=\"og:image:height\" content=\"930\" \/>\n\t<meta property=\"og:image:type\" content=\"image\/jpeg\" \/>\n<meta name=\"twitter:card\" content=\"summary_large_image\" \/>\n<meta name=\"twitter:label1\" content=\"Prezzo\" \/>\n\t<meta name=\"twitter:data1\" content=\"45,00&nbsp;&euro;\" \/>\n\t<meta name=\"twitter:label2\" content=\"Disponibilit\u00e0\" \/>\n\t<meta name=\"twitter:data2\" content=\"In stock\" \/>\n<script type=\"application\/ld+json\" class=\"yoast-schema-graph\">{\"@context\":\"https:\/\/schema.org\",\"@graph\":[{\"@type\":\"WebPage\",\"@id\":\"https:\/\/fliparas.com\/activity\/axe-throwing-valencia\/\",\"url\":\"https:\/\/fliparas.com\/activity\/axe-throwing-valencia\/\",\"name\":\"Axe Throwing Valencia \u26a1\u200b\",\"isPartOf\":{\"@id\":\"https:\/\/fliparas.com\/#website\"},\"primaryImageOfPage\":{\"@id\":\"https:\/\/fliparas.com\/activity\/axe-throwing-valencia\/#primaryimage\"},\"image\":{\"@id\":\"https:\/\/fliparas.com\/activity\/axe-throwing-valencia\/#primaryimage\"},\"thumbnailUrl\":\"https:\/\/fliparas.com\/wp-content\/uploads\/2024\/03\/1.3-Optimizacion-Web-Cusco-Creativos-1-1.jpg\",\"datePublished\":\"2024-03-28T11:09:53+00:00\",\"dateModified\":\"2025-01-31T10:26:13+00:00\",\"description\":\"Axe Throwing Valencia - \u200bExperience this unforgettable adventure in Valencia! Combine precision with lots of fun! \u26a1 Contact us!\",\"breadcrumb\":{\"@id\":\"https:\/\/fliparas.com\/activity\/axe-throwing-valencia\/#breadcrumb\"},\"inLanguage\":\"it-IT\",\"potentialAction\":[{\"@type\":\"ReadAction\",\"target\":[\"https:\/\/fliparas.com\/activity\/axe-throwing-valencia\/\"]}]},{\"@type\":\"ImageObject\",\"inLanguage\":\"it-IT\",\"@id\":\"https:\/\/fliparas.com\/activity\/axe-throwing-valencia\/#primaryimage\",\"url\":\"https:\/\/fliparas.com\/wp-content\/uploads\/2024\/03\/1.3-Optimizacion-Web-Cusco-Creativos-1-1.jpg\",\"contentUrl\":\"https:\/\/fliparas.com\/wp-content\/uploads\/2024\/03\/1.3-Optimizacion-Web-Cusco-Creativos-1-1.jpg\",\"width\":1316,\"height\":930,\"caption\":\"Axe Throwing Valencia Image 1\"},{\"@type\":\"BreadcrumbList\",\"@id\":\"https:\/\/fliparas.com\/activity\/axe-throwing-valencia\/#breadcrumb\",\"itemListElement\":[{\"@type\":\"ListItem\",\"position\":1,\"name\":\"Home\",\"item\":\"https:\/\/fliparas.com\/\"},{\"@type\":\"ListItem\",\"position\":2,\"name\":\"Shop\",\"item\":\"https:\/\/fliparas.com\/shop\/\"},{\"@type\":\"ListItem\",\"position\":3,\"name\":\"Axe Throwing Valencia\"}]},{\"@type\":\"WebSite\",\"@id\":\"https:\/\/fliparas.com\/#website\",\"url\":\"https:\/\/fliparas.com\/\",\"name\":\"Agency Specialised in Stag and Hen Parties\",\"description\":\"Trust the highest rated agency to organize an unforgettable stag and hen parties in Europe\",\"publisher\":{\"@id\":\"https:\/\/fliparas.com\/#organization\"},\"alternateName\":\"Fliparas Agency Specialised in Stag and Hen Parties\",\"potentialAction\":[{\"@type\":\"SearchAction\",\"target\":{\"@type\":\"EntryPoint\",\"urlTemplate\":\"https:\/\/fliparas.com\/?s={search_term_string}\"},\"query-input\":{\"@type\":\"PropertyValueSpecification\",\"valueRequired\":true,\"valueName\":\"search_term_string\"}}],\"inLanguage\":\"it-IT\"},{\"@type\":\"Organization\",\"@id\":\"https:\/\/fliparas.com\/#organization\",\"name\":\"Fliparas\",\"alternateName\":\"Agency Specialised in Stag and Hen Parties\",\"url\":\"https:\/\/fliparas.com\/\",\"logo\":{\"@type\":\"ImageObject\",\"inLanguage\":\"it-IT\",\"@id\":\"https:\/\/fliparas.com\/#\/schema\/logo\/image\/\",\"url\":\"https:\/\/fliparas.com\/wp-content\/uploads\/2024\/03\/Logo-Fliparas.png\",\"contentUrl\":\"https:\/\/fliparas.com\/wp-content\/uploads\/2024\/03\/Logo-Fliparas.png\",\"width\":1024,\"height\":1024,\"caption\":\"Fliparas\"},\"image\":{\"@id\":\"https:\/\/fliparas.com\/#\/schema\/logo\/image\/\"}}]}<\/script>\n<meta property=\"product:price:amount\" content=\"45.00\" \/>\n<meta property=\"product:price:currency\" content=\"EUR\" \/>\n<meta property=\"og:availability\" content=\"instock\" \/>\n<meta property=\"product:availability\" content=\"instock\" \/>\n<meta property=\"product:condition\" content=\"new\" \/>\n<!-- \/ Yoast SEO plugin. -->","yoast_head_json":{"title":"Lancio dell'ascia a Valencia","description":"Lancio dell'ascia a Valencia - Vivete questa indimenticabile avventura a Valencia! Combinate precisione e divertimento! \u26a1 Contattateci!","robots":{"index":"index","follow":"follow","max-snippet":"max-snippet:-1","max-image-preview":"max-image-preview:large","max-video-preview":"max-video-preview:-1"},"canonical":"https:\/\/fliparas.com\/it\/attivita\/lancio-dellascia-a-valencia\/","og_locale":"it_IT","og_type":"article","og_title":"Axe Throwing Valencia \u26a1\u200b","og_description":"Axe Throwing Valencia - \u200bExperience this unforgettable adventure in Valencia! Combine precision with lots of fun! \u26a1 Contact us!","og_url":"https:\/\/fliparas.com\/it\/attivita\/lancio-dellascia-a-valencia\/","og_site_name":"Agency Specialised in Stag and Hen Parties","article_modified_time":"2025-01-31T10:26:13+00:00","og_image":[{"width":1316,"height":930,"url":"https:\/\/fliparas.com\/wp-content\/uploads\/2024\/03\/1.3-Optimizacion-Web-Cusco-Creativos-1-1.jpg","type":"image\/jpeg"}],"twitter_card":"summary_large_image","twitter_misc":{"Prezzo":"45,00&nbsp;&euro;","Disponibilit\u00e0":"In stock"},"schema":{"@context":"https:\/\/schema.org","@graph":[{"@type":"WebPage","@id":"https:\/\/fliparas.com\/activity\/axe-throwing-valencia\/","url":"https:\/\/fliparas.com\/activity\/axe-throwing-valencia\/","name":"Lancio dell'ascia a Valencia","isPartOf":{"@id":"https:\/\/fliparas.com\/#website"},"primaryImageOfPage":{"@id":"https:\/\/fliparas.com\/activity\/axe-throwing-valencia\/#primaryimage"},"image":{"@id":"https:\/\/fliparas.com\/activity\/axe-throwing-valencia\/#primaryimage"},"thumbnailUrl":"https:\/\/fliparas.com\/wp-content\/uploads\/2024\/03\/1.3-Optimizacion-Web-Cusco-Creativos-1-1.jpg","datePublished":"2024-03-28T11:09:53+00:00","dateModified":"2025-01-31T10:26:13+00:00","description":"Lancio dell'ascia a Valencia - Vivete questa indimenticabile avventura a Valencia! Combinate precisione e divertimento! \u26a1 Contattateci!","breadcrumb":{"@id":"https:\/\/fliparas.com\/activity\/axe-throwing-valencia\/#breadcrumb"},"inLanguage":"it-IT","potentialAction":[{"@type":"ReadAction","target":["https:\/\/fliparas.com\/activity\/axe-throwing-valencia\/"]}]},{"@type":"ImageObject","inLanguage":"it-IT","@id":"https:\/\/fliparas.com\/activity\/axe-throwing-valencia\/#primaryimage","url":"https:\/\/fliparas.com\/wp-content\/uploads\/2024\/03\/1.3-Optimizacion-Web-Cusco-Creativos-1-1.jpg","contentUrl":"https:\/\/fliparas.com\/wp-content\/uploads\/2024\/03\/1.3-Optimizacion-Web-Cusco-Creativos-1-1.jpg","width":1316,"height":930,"caption":"Axe Throwing Valencia Image 1"},{"@type":"BreadcrumbList","@id":"https:\/\/fliparas.com\/activity\/axe-throwing-valencia\/#breadcrumb","itemListElement":[{"@type":"ListItem","position":1,"name":"Home","item":"https:\/\/fliparas.com\/"},{"@type":"ListItem","position":2,"name":"Shop","item":"https:\/\/fliparas.com\/shop\/"},{"@type":"ListItem","position":3,"name":"Axe Throwing Valencia"}]},{"@type":"WebSite","@id":"https:\/\/fliparas.com\/#website","url":"https:\/\/fliparas.com\/","name":"Agenzia specializzata in feste di addio al celibato e al nubilato","description":"Affidatevi all'agenzia pi\u00f9 quotata per organizzare un addio al celibato e al nubilato indimenticabile in Europa","publisher":{"@id":"https:\/\/fliparas.com\/#organization"},"alternateName":"Fliparas Agency Specialised in Stag and Hen Parties","potentialAction":[{"@type":"SearchAction","target":{"@type":"EntryPoint","urlTemplate":"https:\/\/fliparas.com\/?s={search_term_string}"},"query-input":{"@type":"PropertyValueSpecification","valueRequired":true,"valueName":"search_term_string"}}],"inLanguage":"it-IT"},{"@type":"Organization","@id":"https:\/\/fliparas.com\/#organization","name":"Fliparas","alternateName":"Agency Specialised in Stag and Hen Parties","url":"https:\/\/fliparas.com\/","logo":{"@type":"ImageObject","inLanguage":"it-IT","@id":"https:\/\/fliparas.com\/#\/schema\/logo\/image\/","url":"https:\/\/fliparas.com\/wp-content\/uploads\/2024\/03\/Logo-Fliparas.png","contentUrl":"https:\/\/fliparas.com\/wp-content\/uploads\/2024\/03\/Logo-Fliparas.png","width":1024,"height":1024,"caption":"Fliparas"},"image":{"@id":"https:\/\/fliparas.com\/#\/schema\/logo\/image\/"}}]},"product_price_amount":"45.00","product_price_currency":"EUR","og_availability":"instock","product_availability":"instock","product_condition":"new"},"_links":{"self":[{"href":"https:\/\/fliparas.com\/it\/wp-json\/wp\/v2\/product\/1587","targetHints":{"allow":["GET"]}}],"collection":[{"href":"https:\/\/fliparas.com\/it\/wp-json\/wp\/v2\/product"}],"about":[{"href":"https:\/\/fliparas.com\/it\/wp-json\/wp\/v2\/types\/product"}],"wp:featuredmedia":[{"embeddable":true,"href":"https:\/\/fliparas.com\/it\/wp-json\/wp\/v2\/media\/1589"}],"wp:attachment":[{"href":"https:\/\/fliparas.com\/it\/wp-json\/wp\/v2\/media?parent=1587"}],"wp:term":[{"taxonomy":"product_brand","embeddable":true,"href":"https:\/\/fliparas.com\/it\/wp-json\/wp\/v2\/product_brand?post=1587"},{"taxonomy":"product_cat","embeddable":true,"href":"https:\/\/fliparas.com\/it\/wp-json\/wp\/v2\/product_cat?post=1587"},{"taxonomy":"product_tag","embeddable":true,"href":"https:\/\/fliparas.com\/it\/wp-json\/wp\/v2\/product_tag?post=1587"}],"curies":[{"name":"wp","href":"https:\/\/api.w.org\/{rel}","templated":true}]}}