{"id":2067,"date":"2024-07-25T15:54:10","date_gmt":"2024-07-25T13:54:10","guid":{"rendered":"https:\/\/fliparas.com\/?post_type=product&#038;p=2067"},"modified":"2025-03-10T16:17:14","modified_gmt":"2025-03-10T15:17:14","slug":"striper-man-ibiza-3","status":"publish","type":"product","link":"https:\/\/fliparas.com\/it\/attivita\/striper-man-ibiza-3\/","title":{"rendered":"Striper Man Barcellona X2"},"content":{"rendered":"<p>Spogliarellista uomo Barcellona. Spogliarello maschile. Spogliarellista di Barcellona. Alza la temperatura con il ballerino sexy che far\u00e0 pensare alla sposa di sposarsi. Muscoli e fuoco allo stato puro.<\/p>\n<p>Le migliori feste di addio al celibato e al nubilato con <a href=\"https:\/\/fliparas.com\/it\/addio-al-celibato\/\">Addio al celibato<\/a>! <a href=\"https:\/\/fliparas.com\/it\/addio-al-nubilato\/\">Festa di addio al nubilato<\/a>!<\/p>\n<h2 style=\"text-align: center;\">Striper Man Barcelona \ud83d\udd25<\/h2>\n<h4>Provate la sensualit\u00e0 e il divertimento: un uomo davvero sexy pronto a sedurre la sua sposa! \ud83c\udfb6<\/h4>\n<p>Prenotate un momento di puro erotismo e piacere con il nostro esclusivo spettacolo di danza sensuale di quindici minuti. Un uomo con un corpo da urlo pronto a dimostrare alla sposa che forse sposarsi non \u00e8 l'idea migliore.....<\/p>\n<p>\ud83c\udf1f Erotismo allo stato puro:<\/p>\n<p>Il nostro uomo non solo user\u00e0 una sedia per accogliere la sposa, ma la far\u00e0 anche ballare al ritmo della musica pi\u00f9 sensuale. La temperatura salir\u00e0 cos\u00ec tanto che dovr\u00e0 iniziare a spogliarsi....<\/p>\n<p>\ud83d\udc83 Un'esperienza su misura:<\/p>\n<p>Questo spettacolo ruota intorno alla sposa. La ballerina si muover\u00e0 ovunque si desideri, garantendo un'esperienza personalizzata e unica. In un ambiente intimo a casa vostra o in un luogo speciale, preparatevi a essere protagonisti di uno spettacolo indimenticabile.<\/p>\n<p>\ud83d\udd25 Uno spettacolo che lascia il segno:<\/p>\n<p>L'atmosfera sensuale, l'aumento della temperatura e tutte le vostre amiche che guardano le mosse sexy del ragazzo. Ogni movimento \u00e8 studiato per eccitare...<\/p>\n<p>Godetevi il sole a Barcellona.<\/p>\n<p style=\"text-align: center;\">Prenota Striper Man Barcelona!<\/p>\n<p>&nbsp;<\/p>","protected":false},"excerpt":{"rendered":"<p>Spogliarellista uomo Barcellona. Spogliarello maschile. Spogliarellista di Barcellona. Alza la temperatura con il ballerino sexy che far\u00e0 pensare alla sposa di sposarsi. Muscoli e fuoco allo stato puro.<\/p>","protected":false},"featured_media":872,"template":"","meta":[],"product_brand":[425],"product_cat":[63,332,62],"product_tag":[418],"class_list":{"0":"post-2067","1":"product","2":"type-product","3":"status-publish","4":"has-post-thumbnail","6":"product_brand-fliparas-inc","7":"product_cat-barcelona","8":"product_cat-benidorm","9":"product_cat-hen-party-barcelona-activities","10":"product_tag-striper-man-barcelona","12":"first","13":"instock","14":"virtual","15":"sold-individually","16":"purchasable","17":"product-type-booking"},"yoast_head":"<!-- This site is optimized with the Yoast SEO plugin v26.9 - https:\/\/yoast.com\/product\/yoast-seo-wordpress\/ -->\n<title>Striper Man Barcelona<\/title>\n<meta name=\"description\" content=\"Striper Man Barcelon. Male striptease. Turn up the heat with the sexy dancer who will make the bride think about getting married.\" \/>\n<meta name=\"robots\" content=\"index, follow, max-snippet:-1, max-image-preview:large, max-video-preview:-1\" \/>\n<link rel=\"canonical\" href=\"https:\/\/fliparas.com\/it\/attivita\/striper-man-ibiza-3\/\" \/>\n<meta property=\"og:locale\" content=\"it_IT\" \/>\n<meta property=\"og:type\" content=\"article\" \/>\n<meta property=\"og:title\" content=\"Striper Man Barcelona\" \/>\n<meta property=\"og:description\" content=\"Striper Man Barcelon. Male striptease. Turn up the heat with the sexy dancer who will make the bride think about getting married.\" \/>\n<meta property=\"og:url\" content=\"https:\/\/fliparas.com\/it\/attivita\/striper-man-ibiza-3\/\" \/>\n<meta property=\"og:site_name\" content=\"Agency Specialised in Stag and Hen Parties\" \/>\n<meta property=\"article:modified_time\" content=\"2025-03-10T15:17:14+00:00\" \/>\n<meta property=\"og:image\" content=\"https:\/\/fliparas.com\/wp-content\/uploads\/2024\/03\/Striper-Man-img.jpeg\" \/>\n\t<meta property=\"og:image:width\" content=\"1080\" \/>\n\t<meta property=\"og:image:height\" content=\"1080\" \/>\n\t<meta property=\"og:image:type\" content=\"image\/jpeg\" \/>\n<meta name=\"twitter:card\" content=\"summary_large_image\" \/>\n<meta name=\"twitter:label1\" content=\"Prezzo\" \/>\n\t<meta name=\"twitter:data1\" content=\"400,00&nbsp;&euro;\" \/>\n\t<meta name=\"twitter:label2\" content=\"Disponibilit\u00e0\" \/>\n\t<meta name=\"twitter:data2\" content=\"In stock\" \/>\n<script type=\"application\/ld+json\" class=\"yoast-schema-graph\">{\"@context\":\"https:\/\/schema.org\",\"@graph\":[{\"@type\":\"WebPage\",\"@id\":\"https:\/\/fliparas.com\/activity\/striper-man-barcelona-x2\/\",\"url\":\"https:\/\/fliparas.com\/activity\/striper-man-barcelona-x2\/\",\"name\":\"Striper Man Barcelona\",\"isPartOf\":{\"@id\":\"https:\/\/fliparas.com\/#website\"},\"primaryImageOfPage\":{\"@id\":\"https:\/\/fliparas.com\/activity\/striper-man-barcelona-x2\/#primaryimage\"},\"image\":{\"@id\":\"https:\/\/fliparas.com\/activity\/striper-man-barcelona-x2\/#primaryimage\"},\"thumbnailUrl\":\"https:\/\/fliparas.com\/wp-content\/uploads\/2024\/03\/Striper-Man-img.jpeg\",\"datePublished\":\"2024-07-25T13:54:10+00:00\",\"dateModified\":\"2025-03-10T15:17:14+00:00\",\"description\":\"Striper Man Barcelon. Male striptease. Turn up the heat with the sexy dancer who will make the bride think about getting married.\",\"breadcrumb\":{\"@id\":\"https:\/\/fliparas.com\/activity\/striper-man-barcelona-x2\/#breadcrumb\"},\"inLanguage\":\"it-IT\",\"potentialAction\":[{\"@type\":\"ReadAction\",\"target\":[\"https:\/\/fliparas.com\/activity\/striper-man-barcelona-x2\/\"]}]},{\"@type\":\"ImageObject\",\"inLanguage\":\"it-IT\",\"@id\":\"https:\/\/fliparas.com\/activity\/striper-man-barcelona-x2\/#primaryimage\",\"url\":\"https:\/\/fliparas.com\/wp-content\/uploads\/2024\/03\/Striper-Man-img.jpeg\",\"contentUrl\":\"https:\/\/fliparas.com\/wp-content\/uploads\/2024\/03\/Striper-Man-img.jpeg\",\"width\":1080,\"height\":1080},{\"@type\":\"BreadcrumbList\",\"@id\":\"https:\/\/fliparas.com\/activity\/striper-man-barcelona-x2\/#breadcrumb\",\"itemListElement\":[{\"@type\":\"ListItem\",\"position\":1,\"name\":\"Home\",\"item\":\"https:\/\/fliparas.com\/\"},{\"@type\":\"ListItem\",\"position\":2,\"name\":\"Shop\",\"item\":\"https:\/\/fliparas.com\/shop\/\"},{\"@type\":\"ListItem\",\"position\":3,\"name\":\"Striper Man Barcelona X2\"}]},{\"@type\":\"WebSite\",\"@id\":\"https:\/\/fliparas.com\/#website\",\"url\":\"https:\/\/fliparas.com\/\",\"name\":\"Agency Specialised in Stag and Hen Parties\",\"description\":\"Trust the highest rated agency to organize an unforgettable stag and hen parties in Europe\",\"publisher\":{\"@id\":\"https:\/\/fliparas.com\/#organization\"},\"alternateName\":\"Fliparas Agency Specialised in Stag and Hen Parties\",\"potentialAction\":[{\"@type\":\"SearchAction\",\"target\":{\"@type\":\"EntryPoint\",\"urlTemplate\":\"https:\/\/fliparas.com\/?s={search_term_string}\"},\"query-input\":{\"@type\":\"PropertyValueSpecification\",\"valueRequired\":true,\"valueName\":\"search_term_string\"}}],\"inLanguage\":\"it-IT\"},{\"@type\":\"Organization\",\"@id\":\"https:\/\/fliparas.com\/#organization\",\"name\":\"Fliparas\",\"alternateName\":\"Agency Specialised in Stag and Hen Parties\",\"url\":\"https:\/\/fliparas.com\/\",\"logo\":{\"@type\":\"ImageObject\",\"inLanguage\":\"it-IT\",\"@id\":\"https:\/\/fliparas.com\/#\/schema\/logo\/image\/\",\"url\":\"https:\/\/fliparas.com\/wp-content\/uploads\/2024\/03\/Logo-Fliparas.png\",\"contentUrl\":\"https:\/\/fliparas.com\/wp-content\/uploads\/2024\/03\/Logo-Fliparas.png\",\"width\":1024,\"height\":1024,\"caption\":\"Fliparas\"},\"image\":{\"@id\":\"https:\/\/fliparas.com\/#\/schema\/logo\/image\/\"}}]}<\/script>\n<meta property=\"product:price:amount\" content=\"400.00\" \/>\n<meta property=\"product:price:currency\" content=\"EUR\" \/>\n<meta property=\"og:availability\" content=\"instock\" \/>\n<meta property=\"product:availability\" content=\"instock\" \/>\n<meta property=\"product:condition\" content=\"new\" \/>\n<!-- \/ Yoast SEO plugin. -->","yoast_head_json":{"title":"Stripper Man Barcellona","description":"Striper Man Barcelon. Spogliarello maschile. Alza il ritmo con il ballerino sexy che far\u00e0 pensare alla sposa di sposarsi.","robots":{"index":"index","follow":"follow","max-snippet":"max-snippet:-1","max-image-preview":"max-image-preview:large","max-video-preview":"max-video-preview:-1"},"canonical":"https:\/\/fliparas.com\/it\/attivita\/striper-man-ibiza-3\/","og_locale":"it_IT","og_type":"article","og_title":"Striper Man Barcelona","og_description":"Striper Man Barcelon. Male striptease. Turn up the heat with the sexy dancer who will make the bride think about getting married.","og_url":"https:\/\/fliparas.com\/it\/attivita\/striper-man-ibiza-3\/","og_site_name":"Agency Specialised in Stag and Hen Parties","article_modified_time":"2025-03-10T15:17:14+00:00","og_image":[{"width":1080,"height":1080,"url":"https:\/\/fliparas.com\/wp-content\/uploads\/2024\/03\/Striper-Man-img.jpeg","type":"image\/jpeg"}],"twitter_card":"summary_large_image","twitter_misc":{"Prezzo":"400,00&nbsp;&euro;","Disponibilit\u00e0":"In stock"},"schema":{"@context":"https:\/\/schema.org","@graph":[{"@type":"WebPage","@id":"https:\/\/fliparas.com\/activity\/striper-man-barcelona-x2\/","url":"https:\/\/fliparas.com\/activity\/striper-man-barcelona-x2\/","name":"Stripper Man Barcellona","isPartOf":{"@id":"https:\/\/fliparas.com\/#website"},"primaryImageOfPage":{"@id":"https:\/\/fliparas.com\/activity\/striper-man-barcelona-x2\/#primaryimage"},"image":{"@id":"https:\/\/fliparas.com\/activity\/striper-man-barcelona-x2\/#primaryimage"},"thumbnailUrl":"https:\/\/fliparas.com\/wp-content\/uploads\/2024\/03\/Striper-Man-img.jpeg","datePublished":"2024-07-25T13:54:10+00:00","dateModified":"2025-03-10T15:17:14+00:00","description":"Striper Man Barcelon. Spogliarello maschile. Alza il ritmo con il ballerino sexy che far\u00e0 pensare alla sposa di sposarsi.","breadcrumb":{"@id":"https:\/\/fliparas.com\/activity\/striper-man-barcelona-x2\/#breadcrumb"},"inLanguage":"it-IT","potentialAction":[{"@type":"ReadAction","target":["https:\/\/fliparas.com\/activity\/striper-man-barcelona-x2\/"]}]},{"@type":"ImageObject","inLanguage":"it-IT","@id":"https:\/\/fliparas.com\/activity\/striper-man-barcelona-x2\/#primaryimage","url":"https:\/\/fliparas.com\/wp-content\/uploads\/2024\/03\/Striper-Man-img.jpeg","contentUrl":"https:\/\/fliparas.com\/wp-content\/uploads\/2024\/03\/Striper-Man-img.jpeg","width":1080,"height":1080},{"@type":"BreadcrumbList","@id":"https:\/\/fliparas.com\/activity\/striper-man-barcelona-x2\/#breadcrumb","itemListElement":[{"@type":"ListItem","position":1,"name":"Home","item":"https:\/\/fliparas.com\/"},{"@type":"ListItem","position":2,"name":"Shop","item":"https:\/\/fliparas.com\/shop\/"},{"@type":"ListItem","position":3,"name":"Striper Man Barcelona X2"}]},{"@type":"WebSite","@id":"https:\/\/fliparas.com\/#website","url":"https:\/\/fliparas.com\/","name":"Agenzia specializzata in feste di addio al celibato e al nubilato","description":"Affidatevi all'agenzia pi\u00f9 quotata per organizzare un addio al celibato e al nubilato indimenticabile in Europa","publisher":{"@id":"https:\/\/fliparas.com\/#organization"},"alternateName":"Fliparas Agency Specialised in Stag and Hen Parties","potentialAction":[{"@type":"SearchAction","target":{"@type":"EntryPoint","urlTemplate":"https:\/\/fliparas.com\/?s={search_term_string}"},"query-input":{"@type":"PropertyValueSpecification","valueRequired":true,"valueName":"search_term_string"}}],"inLanguage":"it-IT"},{"@type":"Organization","@id":"https:\/\/fliparas.com\/#organization","name":"Fliparas","alternateName":"Agency Specialised in Stag and Hen Parties","url":"https:\/\/fliparas.com\/","logo":{"@type":"ImageObject","inLanguage":"it-IT","@id":"https:\/\/fliparas.com\/#\/schema\/logo\/image\/","url":"https:\/\/fliparas.com\/wp-content\/uploads\/2024\/03\/Logo-Fliparas.png","contentUrl":"https:\/\/fliparas.com\/wp-content\/uploads\/2024\/03\/Logo-Fliparas.png","width":1024,"height":1024,"caption":"Fliparas"},"image":{"@id":"https:\/\/fliparas.com\/#\/schema\/logo\/image\/"}}]},"product_price_amount":"400.00","product_price_currency":"EUR","og_availability":"instock","product_availability":"instock","product_condition":"new"},"_links":{"self":[{"href":"https:\/\/fliparas.com\/it\/wp-json\/wp\/v2\/product\/2067","targetHints":{"allow":["GET"]}}],"collection":[{"href":"https:\/\/fliparas.com\/it\/wp-json\/wp\/v2\/product"}],"about":[{"href":"https:\/\/fliparas.com\/it\/wp-json\/wp\/v2\/types\/product"}],"wp:featuredmedia":[{"embeddable":true,"href":"https:\/\/fliparas.com\/it\/wp-json\/wp\/v2\/media\/872"}],"wp:attachment":[{"href":"https:\/\/fliparas.com\/it\/wp-json\/wp\/v2\/media?parent=2067"}],"wp:term":[{"taxonomy":"product_brand","embeddable":true,"href":"https:\/\/fliparas.com\/it\/wp-json\/wp\/v2\/product_brand?post=2067"},{"taxonomy":"product_cat","embeddable":true,"href":"https:\/\/fliparas.com\/it\/wp-json\/wp\/v2\/product_cat?post=2067"},{"taxonomy":"product_tag","embeddable":true,"href":"https:\/\/fliparas.com\/it\/wp-json\/wp\/v2\/product_tag?post=2067"}],"curies":[{"name":"wp","href":"https:\/\/api.w.org\/{rel}","templated":true}]}}