{"id":449,"date":"2024-03-19T12:24:08","date_gmt":"2024-03-19T12:24:08","guid":{"rendered":"https:\/\/fliparas.com\/?post_type=product&#038;p=449"},"modified":"2025-04-11T17:37:57","modified_gmt":"2025-04-11T15:37:57","slug":"maggiordomo-sexy-aorca","status":"publish","type":"product","link":"https:\/\/fliparas.com\/it\/attivita\/maggiordomo-sexy-aorca\/","title":{"rendered":"Maggiordomo sexy Mallorca"},"content":{"rendered":"<p>Maggiordomo sexy Mallorca. Maggiordomo sexy Mallorca. Siete pronti a godervi un'ora con un maggiordomo svestito pronto a servirvi?<\/p>\n<p>Servizio privato e a domicilio.<\/p>\n<p>Le migliori feste di addio al celibato e al nubilato con <a href=\"https:\/\/fliparas.com\/it\/addio-al-celibato\/\">Addio al celibato<\/a>! <a href=\"https:\/\/fliparas.com\/it\/addio-al-nubilato\/\">Festa di addio al nubilato<\/a>!<\/p>\n<h2 style=\"text-align: center;\">\ud83d\udd25 Maggiordomo sexy di Maiorca\ud83d\udd25<\/h2>\n<p>Godetevi un'ora di un maggiordomo che sar\u00e0 al vostro servizio per qualsiasi cosa... Come?<\/p>\n<p>Vi assicuriamo che il nostro maggiordomo vi lascer\u00e0 a bocca aperta e alzer\u00e0 la temperatura della stanza non appena varcher\u00e0 la porta.<\/p>\n<p>Una fantasia erotica che diventa realt\u00e0: un uomo di muscoli e fuoco e pochi vestiti. Il nostro maggiordomo indossa solo un grembiule (che copre solo la parte anteriore del corpo...), un papillon e niente biancheria intima.<\/p>\n<p>A chi non piacerebbe avere un maggiordomo senza vestiti per un'ora?<\/p>\n<p>E tu, quando lo faresti?<\/p>\n<p>Durante la vostra vacanza a Ibiza. L'isola \u00e8 un vero e proprio spettacolo pirotecnico. Il maggiordomo \u00e8 disponibile tutti i giorni e a qualsiasi ora. Non pensateci due volte e trasformate la vostra vacanza a Ibiza in un sogno che diventa realt\u00e0.<\/p>\n<p>Che cos'\u00e8? \u2708\ufe0f<\/p>\n<p>Il nostro maggiordomo \u00e8 cos\u00ec attento... Verr\u00e0 nel vostro hotel o nella vostra villa. Un servizio completamente privato.<\/p>\n<p>Perch\u00e9?<\/p>\n<p>Tutte le donne vorrebbero avere un uomo completamente al loro servizio per un'ora. Ma se gli togliamo i vestiti... \u00e8 ancora meglio!<\/p>\n<p>Un'esperienza erotica, divertente e unica per godersi Maiorca in un modo molto originale \ud83d\udd25<\/p>\n<p style=\"text-align: center;\">Scelta tra <a href=\"https:\/\/es.wikipedia.org\/wiki\/Palma_de_Mallorca\">Palma<\/a> e Magaluf (i prezzi variano).<\/p>\n<p style=\"text-align: center;\">Prenota il maggiordomo sexy di Mallorca!\ud83d\udd25<\/p>\n<p>&nbsp;<\/p>","protected":false},"excerpt":{"rendered":"<p>Maggiordomo sexy Mallorca. Maggiordomo sexy Mallorca. Siete pronti a godervi un'ora con un maggiordomo svestito pronto a servirvi?<\/p>\n<p>Servizio privato e a domicilio.<\/p>","protected":false},"featured_media":868,"template":"","meta":[],"product_brand":[425],"product_cat":[193,165,194],"product_tag":[242,241],"class_list":{"0":"post-449","1":"product","2":"type-product","3":"status-publish","4":"has-post-thumbnail","6":"product_brand-fliparas-inc","7":"product_cat-hen-party-mallorca","8":"product_cat-mallorca","9":"product_cat-stag-party-mallorca","10":"product_tag-sexy-butler","11":"product_tag-sexy-butler-mallorca","13":"first","14":"instock","15":"virtual","16":"sold-individually","17":"purchasable","18":"product-type-booking"},"yoast_head":"<!-- This site is optimized with the Yoast SEO plugin v26.9 - https:\/\/yoast.com\/product\/yoast-seo-wordpress\/ -->\n<title>Sexy butler Mallorca<\/title>\n<meta name=\"description\" content=\"Sexy butler Mallorca. Are you ready to enjoy an hour with an undressed butler ready to serve you? Private and home service.\" \/>\n<meta name=\"robots\" content=\"index, follow, max-snippet:-1, max-image-preview:large, max-video-preview:-1\" \/>\n<link rel=\"canonical\" href=\"https:\/\/fliparas.com\/it\/attivita\/maggiordomo-sexy-aorca\/\" \/>\n<meta property=\"og:locale\" content=\"it_IT\" \/>\n<meta property=\"og:type\" content=\"article\" \/>\n<meta property=\"og:title\" content=\"Sexy butler Mallorca\" \/>\n<meta property=\"og:description\" content=\"Sexy butler Mallorca. Are you ready to enjoy an hour with an undressed butler ready to serve you? Private and home service.\" \/>\n<meta property=\"og:url\" content=\"https:\/\/fliparas.com\/it\/attivita\/maggiordomo-sexy-aorca\/\" \/>\n<meta property=\"og:site_name\" content=\"Agency Specialised in Stag and Hen Parties\" \/>\n<meta property=\"article:modified_time\" content=\"2025-04-11T15:37:57+00:00\" \/>\n<meta property=\"og:image\" content=\"https:\/\/fliparas.com\/wp-content\/uploads\/2024\/03\/Sexy-butler-img.jpeg\" \/>\n\t<meta property=\"og:image:width\" content=\"1024\" \/>\n\t<meta property=\"og:image:height\" content=\"1024\" \/>\n\t<meta property=\"og:image:type\" content=\"image\/jpeg\" \/>\n<meta name=\"twitter:card\" content=\"summary_large_image\" \/>\n<meta name=\"twitter:label1\" content=\"Prezzo\" \/>\n\t<meta name=\"twitter:data1\" content=\"260,00&nbsp;&euro;\" \/>\n\t<meta name=\"twitter:label2\" content=\"Disponibilit\u00e0\" \/>\n\t<meta name=\"twitter:data2\" content=\"In stock\" \/>\n<script type=\"application\/ld+json\" class=\"yoast-schema-graph\">{\"@context\":\"https:\/\/schema.org\",\"@graph\":[{\"@type\":\"WebPage\",\"@id\":\"https:\/\/fliparas.com\/activity\/sexy-butler-mallorca\/\",\"url\":\"https:\/\/fliparas.com\/activity\/sexy-butler-mallorca\/\",\"name\":\"Sexy butler Mallorca\",\"isPartOf\":{\"@id\":\"https:\/\/fliparas.com\/#website\"},\"primaryImageOfPage\":{\"@id\":\"https:\/\/fliparas.com\/activity\/sexy-butler-mallorca\/#primaryimage\"},\"image\":{\"@id\":\"https:\/\/fliparas.com\/activity\/sexy-butler-mallorca\/#primaryimage\"},\"thumbnailUrl\":\"https:\/\/fliparas.com\/wp-content\/uploads\/2024\/03\/Sexy-butler-img.jpeg\",\"datePublished\":\"2024-03-19T12:24:08+00:00\",\"dateModified\":\"2025-04-11T15:37:57+00:00\",\"description\":\"Sexy butler Mallorca. Are you ready to enjoy an hour with an undressed butler ready to serve you? Private and home service.\",\"breadcrumb\":{\"@id\":\"https:\/\/fliparas.com\/activity\/sexy-butler-mallorca\/#breadcrumb\"},\"inLanguage\":\"it-IT\",\"potentialAction\":[{\"@type\":\"ReadAction\",\"target\":[\"https:\/\/fliparas.com\/activity\/sexy-butler-mallorca\/\"]}]},{\"@type\":\"ImageObject\",\"inLanguage\":\"it-IT\",\"@id\":\"https:\/\/fliparas.com\/activity\/sexy-butler-mallorca\/#primaryimage\",\"url\":\"https:\/\/fliparas.com\/wp-content\/uploads\/2024\/03\/Sexy-butler-img.jpeg\",\"contentUrl\":\"https:\/\/fliparas.com\/wp-content\/uploads\/2024\/03\/Sexy-butler-img.jpeg\",\"width\":1024,\"height\":1024,\"caption\":\"Sexy butler img\"},{\"@type\":\"BreadcrumbList\",\"@id\":\"https:\/\/fliparas.com\/activity\/sexy-butler-mallorca\/#breadcrumb\",\"itemListElement\":[{\"@type\":\"ListItem\",\"position\":1,\"name\":\"Home\",\"item\":\"https:\/\/fliparas.com\/\"},{\"@type\":\"ListItem\",\"position\":2,\"name\":\"Shop\",\"item\":\"https:\/\/fliparas.com\/shop\/\"},{\"@type\":\"ListItem\",\"position\":3,\"name\":\"Sexy butler Mallorca\"}]},{\"@type\":\"WebSite\",\"@id\":\"https:\/\/fliparas.com\/#website\",\"url\":\"https:\/\/fliparas.com\/\",\"name\":\"Agency Specialised in Stag and Hen Parties\",\"description\":\"Trust the highest rated agency to organize an unforgettable stag and hen parties in Europe\",\"publisher\":{\"@id\":\"https:\/\/fliparas.com\/#organization\"},\"alternateName\":\"Fliparas Agency Specialised in Stag and Hen Parties\",\"potentialAction\":[{\"@type\":\"SearchAction\",\"target\":{\"@type\":\"EntryPoint\",\"urlTemplate\":\"https:\/\/fliparas.com\/?s={search_term_string}\"},\"query-input\":{\"@type\":\"PropertyValueSpecification\",\"valueRequired\":true,\"valueName\":\"search_term_string\"}}],\"inLanguage\":\"it-IT\"},{\"@type\":\"Organization\",\"@id\":\"https:\/\/fliparas.com\/#organization\",\"name\":\"Fliparas\",\"alternateName\":\"Agency Specialised in Stag and Hen Parties\",\"url\":\"https:\/\/fliparas.com\/\",\"logo\":{\"@type\":\"ImageObject\",\"inLanguage\":\"it-IT\",\"@id\":\"https:\/\/fliparas.com\/#\/schema\/logo\/image\/\",\"url\":\"https:\/\/fliparas.com\/wp-content\/uploads\/2024\/03\/Logo-Fliparas.png\",\"contentUrl\":\"https:\/\/fliparas.com\/wp-content\/uploads\/2024\/03\/Logo-Fliparas.png\",\"width\":1024,\"height\":1024,\"caption\":\"Fliparas\"},\"image\":{\"@id\":\"https:\/\/fliparas.com\/#\/schema\/logo\/image\/\"}}]}<\/script>\n<meta property=\"product:price:amount\" content=\"260.00\" \/>\n<meta property=\"product:price:currency\" content=\"EUR\" \/>\n<meta property=\"og:availability\" content=\"instock\" \/>\n<meta property=\"product:availability\" content=\"instock\" \/>\n<meta property=\"product:condition\" content=\"new\" \/>\n<!-- \/ Yoast SEO plugin. -->","yoast_head_json":{"title":"Maggiordomo sexy Mallorca","description":"Maggiordomo sexy a Mallorca. Siete pronti a godervi un'ora con un maggiordomo svestito pronto a servirvi? Servizio privato e a domicilio.","robots":{"index":"index","follow":"follow","max-snippet":"max-snippet:-1","max-image-preview":"max-image-preview:large","max-video-preview":"max-video-preview:-1"},"canonical":"https:\/\/fliparas.com\/it\/attivita\/maggiordomo-sexy-aorca\/","og_locale":"it_IT","og_type":"article","og_title":"Sexy butler Mallorca","og_description":"Sexy butler Mallorca. Are you ready to enjoy an hour with an undressed butler ready to serve you? Private and home service.","og_url":"https:\/\/fliparas.com\/it\/attivita\/maggiordomo-sexy-aorca\/","og_site_name":"Agency Specialised in Stag and Hen Parties","article_modified_time":"2025-04-11T15:37:57+00:00","og_image":[{"width":1024,"height":1024,"url":"https:\/\/fliparas.com\/wp-content\/uploads\/2024\/03\/Sexy-butler-img.jpeg","type":"image\/jpeg"}],"twitter_card":"summary_large_image","twitter_misc":{"Prezzo":"260,00&nbsp;&euro;","Disponibilit\u00e0":"In stock"},"schema":{"@context":"https:\/\/schema.org","@graph":[{"@type":"WebPage","@id":"https:\/\/fliparas.com\/activity\/sexy-butler-mallorca\/","url":"https:\/\/fliparas.com\/activity\/sexy-butler-mallorca\/","name":"Maggiordomo sexy Mallorca","isPartOf":{"@id":"https:\/\/fliparas.com\/#website"},"primaryImageOfPage":{"@id":"https:\/\/fliparas.com\/activity\/sexy-butler-mallorca\/#primaryimage"},"image":{"@id":"https:\/\/fliparas.com\/activity\/sexy-butler-mallorca\/#primaryimage"},"thumbnailUrl":"https:\/\/fliparas.com\/wp-content\/uploads\/2024\/03\/Sexy-butler-img.jpeg","datePublished":"2024-03-19T12:24:08+00:00","dateModified":"2025-04-11T15:37:57+00:00","description":"Maggiordomo sexy a Mallorca. Siete pronti a godervi un'ora con un maggiordomo svestito pronto a servirvi? Servizio privato e a domicilio.","breadcrumb":{"@id":"https:\/\/fliparas.com\/activity\/sexy-butler-mallorca\/#breadcrumb"},"inLanguage":"it-IT","potentialAction":[{"@type":"ReadAction","target":["https:\/\/fliparas.com\/activity\/sexy-butler-mallorca\/"]}]},{"@type":"ImageObject","inLanguage":"it-IT","@id":"https:\/\/fliparas.com\/activity\/sexy-butler-mallorca\/#primaryimage","url":"https:\/\/fliparas.com\/wp-content\/uploads\/2024\/03\/Sexy-butler-img.jpeg","contentUrl":"https:\/\/fliparas.com\/wp-content\/uploads\/2024\/03\/Sexy-butler-img.jpeg","width":1024,"height":1024,"caption":"Sexy butler img"},{"@type":"BreadcrumbList","@id":"https:\/\/fliparas.com\/activity\/sexy-butler-mallorca\/#breadcrumb","itemListElement":[{"@type":"ListItem","position":1,"name":"Home","item":"https:\/\/fliparas.com\/"},{"@type":"ListItem","position":2,"name":"Shop","item":"https:\/\/fliparas.com\/shop\/"},{"@type":"ListItem","position":3,"name":"Sexy butler Mallorca"}]},{"@type":"WebSite","@id":"https:\/\/fliparas.com\/#website","url":"https:\/\/fliparas.com\/","name":"Agenzia specializzata in feste di addio al celibato e al nubilato","description":"Affidatevi all'agenzia pi\u00f9 quotata per organizzare un addio al celibato e al nubilato indimenticabile in Europa","publisher":{"@id":"https:\/\/fliparas.com\/#organization"},"alternateName":"Fliparas Agency Specialised in Stag and Hen Parties","potentialAction":[{"@type":"SearchAction","target":{"@type":"EntryPoint","urlTemplate":"https:\/\/fliparas.com\/?s={search_term_string}"},"query-input":{"@type":"PropertyValueSpecification","valueRequired":true,"valueName":"search_term_string"}}],"inLanguage":"it-IT"},{"@type":"Organization","@id":"https:\/\/fliparas.com\/#organization","name":"Fliparas","alternateName":"Agency Specialised in Stag and Hen Parties","url":"https:\/\/fliparas.com\/","logo":{"@type":"ImageObject","inLanguage":"it-IT","@id":"https:\/\/fliparas.com\/#\/schema\/logo\/image\/","url":"https:\/\/fliparas.com\/wp-content\/uploads\/2024\/03\/Logo-Fliparas.png","contentUrl":"https:\/\/fliparas.com\/wp-content\/uploads\/2024\/03\/Logo-Fliparas.png","width":1024,"height":1024,"caption":"Fliparas"},"image":{"@id":"https:\/\/fliparas.com\/#\/schema\/logo\/image\/"}}]},"product_price_amount":"260.00","product_price_currency":"EUR","og_availability":"instock","product_availability":"instock","product_condition":"new"},"_links":{"self":[{"href":"https:\/\/fliparas.com\/it\/wp-json\/wp\/v2\/product\/449","targetHints":{"allow":["GET"]}}],"collection":[{"href":"https:\/\/fliparas.com\/it\/wp-json\/wp\/v2\/product"}],"about":[{"href":"https:\/\/fliparas.com\/it\/wp-json\/wp\/v2\/types\/product"}],"wp:featuredmedia":[{"embeddable":true,"href":"https:\/\/fliparas.com\/it\/wp-json\/wp\/v2\/media\/868"}],"wp:attachment":[{"href":"https:\/\/fliparas.com\/it\/wp-json\/wp\/v2\/media?parent=449"}],"wp:term":[{"taxonomy":"product_brand","embeddable":true,"href":"https:\/\/fliparas.com\/it\/wp-json\/wp\/v2\/product_brand?post=449"},{"taxonomy":"product_cat","embeddable":true,"href":"https:\/\/fliparas.com\/it\/wp-json\/wp\/v2\/product_cat?post=449"},{"taxonomy":"product_tag","embeddable":true,"href":"https:\/\/fliparas.com\/it\/wp-json\/wp\/v2\/product_tag?post=449"}],"curies":[{"name":"wp","href":"https:\/\/api.w.org\/{rel}","templated":true}]}}