{"id":1439,"date":"2024-03-26T12:49:38","date_gmt":"2024-03-26T12:49:38","guid":{"rendered":"https:\/\/fliparas.com\/?post_type=product&#038;p=1439"},"modified":"2025-01-31T11:26:03","modified_gmt":"2025-01-31T10:26:03","slug":"diner-op-het-dak-ibiza","status":"publish","type":"product","link":"https:\/\/fliparas.com\/nl\/activiteit\/diner-op-het-dak-ibiza\/","title":{"rendered":"Diner op het dak Ibiza"},"content":{"rendered":"<p>Diner op het dak Ibiza.<\/p>\n<p>De beste vrijgezellenfeesten met <a href=\"https:\/\/fliparas.com\/nl\/vrijgezellenfeest-2\/\">Vrijgezellenfeest<\/a>! <a href=\"https:\/\/fliparas.com\/nl\/vrijgezellenfeest\/\">Hen feestje<\/a>!<\/p>\n<h2 style=\"text-align: center;\">Rooftop Diner Ibiza \ud83d\udea4<\/h2>\n<h4>Ontdek het wonder van de zonsondergang op ons dak! \u26f5\ud83c\udf7d\ufe0f<\/h4>\n<p>Ga op een onvergetelijk avontuur in het hart van de Middellandse Zee met ons Rooftop Dinner, een magische ervaring die de natuurlijke schoonheid van Ibiza combineert met een heerlijk culinair avontuur.<\/p>\n<p>\ud83c\udfd6\ufe0f Glijd langs de turquoise stranden, aanschouw de majesteit van Ibiza en vibreer van opwinding.<\/p>\n<p>Tijdens onze tussenstop wordt er een uitgebreid buffet geserveerd. Onze voortreffelijke catering bestaat uit manden vers brood, zelfgemaakte ali-oli, pesto focaccia en guacamole met knapperige chips.<\/p>\n<p>\ud83e\udd57 Verwen je smaakpapillen met frisse salades zoals gerookte quinoa en rode biet, spinazie en sinaasappel. Geniet van delicatessen met zeevruchten zoals gerookte zalmwraps, caprese spiesjes en aubergine parmigiana.<\/p>\n<p>\ud83c\udf54 Voor vleesliefhebbers: ontdek onze mini-runderburgers en piadina met ham, rucola en kaas. Voor exotische smaken mag je de kip tikka masala spies niet missen.<\/p>\n<p>En als dessert mini-cr\u00e8me br\u00fbl\u00e9es met rode vruchten en een onweerstaanbare chocoladebrownie (veganistische optie verkrijgbaar).<\/p>\n<p>Boek nu voor een Rooftop Dinner ervaring op Ibiza!<\/p>\n<p>\ud83d\udea2 Geniet van elk moment op ons uitgestrekte dek, proef delicatessen terwijl je geniet van het betoverende schouwspel van de ondergaande zon. Een onvergetelijke gastronomische ervaring die samensmelt met de magie van de zee op Ibiza om u eeuwige herinneringen te bieden! \ud83c\udf05\ud83c\udf0a<\/p>\n<p><strong>RESERVERING MOGELIJK VOOR GROEPEN VAN: 6 tot 12 PERSONEN<\/strong><\/p>","protected":false},"excerpt":{"rendered":"<p>Diner op het dak Ibiza. Wat is er beter dan dineren op een Rooftop met uitzicht op Ibiza?<\/p>\n<p class=\"p1\" style=\"text-align: center;\"><strong>RESERVERING MOGELIJK VOOR GROEPEN VAN: 6 tot 12 PERSONEN<\/strong><\/p>","protected":false},"featured_media":1522,"template":"","meta":[],"product_brand":[425],"product_cat":[266,265,267],"product_tag":[356,355,357],"class_list":{"0":"post-1439","1":"product","2":"type-product","3":"status-publish","4":"has-post-thumbnail","6":"product_brand-fliparas-inc","7":"product_cat-hen-party-ibiza-activities","8":"product_cat-ibiza","9":"product_cat-stag-party-ibiza-activities","10":"product_tag-ibiza-dinner","11":"product_tag-rooftop-dinner-ibiza","12":"product_tag-rooftop-ibiza","14":"first","15":"instock","16":"virtual","17":"sold-individually","18":"purchasable","19":"product-type-booking"},"yoast_head":"<!-- This site is optimized with the Yoast SEO plugin v26.9 - https:\/\/yoast.com\/product\/yoast-seo-wordpress\/ -->\n<title>Rooftop Dinner Ibiza<\/title>\n<meta name=\"description\" content=\"Rooftop Dinner Ibiza. What&#039;s better than dinner on a Rooftop with Ibiza views? Have a Dinner at a Rooftop in Ibiza! Have fun with your friends or partner!\" \/>\n<meta name=\"robots\" content=\"index, follow, max-snippet:-1, max-image-preview:large, max-video-preview:-1\" \/>\n<link rel=\"canonical\" href=\"https:\/\/fliparas.com\/nl\/activiteit\/diner-op-het-dak-ibiza\/\" \/>\n<meta property=\"og:locale\" content=\"nl_NL\" \/>\n<meta property=\"og:type\" content=\"article\" \/>\n<meta property=\"og:title\" content=\"Rooftop Dinner Ibiza\" \/>\n<meta property=\"og:description\" content=\"Rooftop Dinner Ibiza. What&#039;s better than dinner on a Rooftop with Ibiza views? Have a Dinner at a Rooftop in Ibiza! Have fun with your friends or partner!\" \/>\n<meta property=\"og:url\" content=\"https:\/\/fliparas.com\/nl\/activiteit\/diner-op-het-dak-ibiza\/\" \/>\n<meta property=\"og:site_name\" content=\"Agency Specialised in Stag and Hen Parties\" \/>\n<meta property=\"article:modified_time\" content=\"2025-01-31T10:26:03+00:00\" \/>\n<meta property=\"og:image\" content=\"https:\/\/fliparas.com\/wp-content\/uploads\/2024\/03\/Diseno-sin-titulo-21-1-1.jpg\" \/>\n\t<meta property=\"og:image:width\" content=\"1124\" \/>\n\t<meta property=\"og:image:height\" content=\"743\" \/>\n\t<meta property=\"og:image:type\" content=\"image\/jpeg\" \/>\n<meta name=\"twitter:card\" content=\"summary_large_image\" \/>\n<meta name=\"twitter:label1\" content=\"Prijs\" \/>\n\t<meta name=\"twitter:data1\" content=\"70,00&nbsp;&euro;\" \/>\n\t<meta name=\"twitter:label2\" content=\"Beschikbaarheid\" \/>\n\t<meta name=\"twitter:data2\" content=\"Op voorraad\" \/>\n<script type=\"application\/ld+json\" class=\"yoast-schema-graph\">{\"@context\":\"https:\/\/schema.org\",\"@graph\":[{\"@type\":\"WebPage\",\"@id\":\"https:\/\/fliparas.com\/activity\/rooftop-dinner-ibiza\/\",\"url\":\"https:\/\/fliparas.com\/activity\/rooftop-dinner-ibiza\/\",\"name\":\"Rooftop Dinner Ibiza\",\"isPartOf\":{\"@id\":\"https:\/\/fliparas.com\/#website\"},\"primaryImageOfPage\":{\"@id\":\"https:\/\/fliparas.com\/activity\/rooftop-dinner-ibiza\/#primaryimage\"},\"image\":{\"@id\":\"https:\/\/fliparas.com\/activity\/rooftop-dinner-ibiza\/#primaryimage\"},\"thumbnailUrl\":\"https:\/\/fliparas.com\/wp-content\/uploads\/2024\/03\/Diseno-sin-titulo-21-1-1.jpg\",\"datePublished\":\"2024-03-26T12:49:38+00:00\",\"dateModified\":\"2025-01-31T10:26:03+00:00\",\"description\":\"Rooftop Dinner Ibiza. What's better than dinner on a Rooftop with Ibiza views? Have a Dinner at a Rooftop in Ibiza! Have fun with your friends or partner!\",\"breadcrumb\":{\"@id\":\"https:\/\/fliparas.com\/activity\/rooftop-dinner-ibiza\/#breadcrumb\"},\"inLanguage\":\"nl-NL\",\"potentialAction\":[{\"@type\":\"ReadAction\",\"target\":[\"https:\/\/fliparas.com\/activity\/rooftop-dinner-ibiza\/\"]}]},{\"@type\":\"ImageObject\",\"inLanguage\":\"nl-NL\",\"@id\":\"https:\/\/fliparas.com\/activity\/rooftop-dinner-ibiza\/#primaryimage\",\"url\":\"https:\/\/fliparas.com\/wp-content\/uploads\/2024\/03\/Diseno-sin-titulo-21-1-1.jpg\",\"contentUrl\":\"https:\/\/fliparas.com\/wp-content\/uploads\/2024\/03\/Diseno-sin-titulo-21-1-1.jpg\",\"width\":1124,\"height\":743,\"caption\":\"Rooftop Dinner Mallorca Image 1\"},{\"@type\":\"BreadcrumbList\",\"@id\":\"https:\/\/fliparas.com\/activity\/rooftop-dinner-ibiza\/#breadcrumb\",\"itemListElement\":[{\"@type\":\"ListItem\",\"position\":1,\"name\":\"Home\",\"item\":\"https:\/\/fliparas.com\/\"},{\"@type\":\"ListItem\",\"position\":2,\"name\":\"Shop\",\"item\":\"https:\/\/fliparas.com\/shop\/\"},{\"@type\":\"ListItem\",\"position\":3,\"name\":\"Rooftop Dinner Ibiza\"}]},{\"@type\":\"WebSite\",\"@id\":\"https:\/\/fliparas.com\/#website\",\"url\":\"https:\/\/fliparas.com\/\",\"name\":\"Agency Specialised in Stag and Hen Parties\",\"description\":\"Trust the highest rated agency to organize an unforgettable stag and hen parties in Europe\",\"publisher\":{\"@id\":\"https:\/\/fliparas.com\/#organization\"},\"alternateName\":\"Fliparas Agency Specialised in Stag and Hen Parties\",\"potentialAction\":[{\"@type\":\"SearchAction\",\"target\":{\"@type\":\"EntryPoint\",\"urlTemplate\":\"https:\/\/fliparas.com\/?s={search_term_string}\"},\"query-input\":{\"@type\":\"PropertyValueSpecification\",\"valueRequired\":true,\"valueName\":\"search_term_string\"}}],\"inLanguage\":\"nl-NL\"},{\"@type\":\"Organization\",\"@id\":\"https:\/\/fliparas.com\/#organization\",\"name\":\"Fliparas\",\"alternateName\":\"Agency Specialised in Stag and Hen Parties\",\"url\":\"https:\/\/fliparas.com\/\",\"logo\":{\"@type\":\"ImageObject\",\"inLanguage\":\"nl-NL\",\"@id\":\"https:\/\/fliparas.com\/#\/schema\/logo\/image\/\",\"url\":\"https:\/\/fliparas.com\/wp-content\/uploads\/2024\/03\/Logo-Fliparas.png\",\"contentUrl\":\"https:\/\/fliparas.com\/wp-content\/uploads\/2024\/03\/Logo-Fliparas.png\",\"width\":1024,\"height\":1024,\"caption\":\"Fliparas\"},\"image\":{\"@id\":\"https:\/\/fliparas.com\/#\/schema\/logo\/image\/\"}}]}<\/script>\n<meta property=\"product:price:amount\" content=\"70.00\" \/>\n<meta property=\"product:price:currency\" content=\"EUR\" \/>\n<meta property=\"og:availability\" content=\"instock\" \/>\n<meta property=\"product:availability\" content=\"instock\" \/>\n<meta property=\"product:condition\" content=\"new\" \/>\n<!-- \/ Yoast SEO plugin. -->","yoast_head_json":{"title":"Diner op het dak Ibiza","description":"Diner op het dak Ibiza. Wat is er beter dan dineren op een Rooftop met uitzicht op Ibiza? Dineren op een Rooftop in Ibiza! Veel plezier met je vrienden of partner!","robots":{"index":"index","follow":"follow","max-snippet":"max-snippet:-1","max-image-preview":"max-image-preview:large","max-video-preview":"max-video-preview:-1"},"canonical":"https:\/\/fliparas.com\/nl\/activiteit\/diner-op-het-dak-ibiza\/","og_locale":"nl_NL","og_type":"article","og_title":"Rooftop Dinner Ibiza","og_description":"Rooftop Dinner Ibiza. What's better than dinner on a Rooftop with Ibiza views? Have a Dinner at a Rooftop in Ibiza! Have fun with your friends or partner!","og_url":"https:\/\/fliparas.com\/nl\/activiteit\/diner-op-het-dak-ibiza\/","og_site_name":"Agency Specialised in Stag and Hen Parties","article_modified_time":"2025-01-31T10:26:03+00:00","og_image":[{"width":1124,"height":743,"url":"https:\/\/fliparas.com\/wp-content\/uploads\/2024\/03\/Diseno-sin-titulo-21-1-1.jpg","type":"image\/jpeg"}],"twitter_card":"summary_large_image","twitter_misc":{"Prijs":"70,00&nbsp;&euro;","Beschikbaarheid":"Op voorraad"},"schema":{"@context":"https:\/\/schema.org","@graph":[{"@type":"WebPage","@id":"https:\/\/fliparas.com\/activity\/rooftop-dinner-ibiza\/","url":"https:\/\/fliparas.com\/activity\/rooftop-dinner-ibiza\/","name":"Diner op het dak Ibiza","isPartOf":{"@id":"https:\/\/fliparas.com\/#website"},"primaryImageOfPage":{"@id":"https:\/\/fliparas.com\/activity\/rooftop-dinner-ibiza\/#primaryimage"},"image":{"@id":"https:\/\/fliparas.com\/activity\/rooftop-dinner-ibiza\/#primaryimage"},"thumbnailUrl":"https:\/\/fliparas.com\/wp-content\/uploads\/2024\/03\/Diseno-sin-titulo-21-1-1.jpg","datePublished":"2024-03-26T12:49:38+00:00","dateModified":"2025-01-31T10:26:03+00:00","description":"Diner op het dak Ibiza. Wat is er beter dan dineren op een Rooftop met uitzicht op Ibiza? Dineren op een Rooftop in Ibiza! Veel plezier met je vrienden of partner!","breadcrumb":{"@id":"https:\/\/fliparas.com\/activity\/rooftop-dinner-ibiza\/#breadcrumb"},"inLanguage":"nl-NL","potentialAction":[{"@type":"ReadAction","target":["https:\/\/fliparas.com\/activity\/rooftop-dinner-ibiza\/"]}]},{"@type":"ImageObject","inLanguage":"nl-NL","@id":"https:\/\/fliparas.com\/activity\/rooftop-dinner-ibiza\/#primaryimage","url":"https:\/\/fliparas.com\/wp-content\/uploads\/2024\/03\/Diseno-sin-titulo-21-1-1.jpg","contentUrl":"https:\/\/fliparas.com\/wp-content\/uploads\/2024\/03\/Diseno-sin-titulo-21-1-1.jpg","width":1124,"height":743,"caption":"Rooftop Dinner Mallorca Image 1"},{"@type":"BreadcrumbList","@id":"https:\/\/fliparas.com\/activity\/rooftop-dinner-ibiza\/#breadcrumb","itemListElement":[{"@type":"ListItem","position":1,"name":"Home","item":"https:\/\/fliparas.com\/"},{"@type":"ListItem","position":2,"name":"Shop","item":"https:\/\/fliparas.com\/shop\/"},{"@type":"ListItem","position":3,"name":"Rooftop Dinner Ibiza"}]},{"@type":"WebSite","@id":"https:\/\/fliparas.com\/#website","url":"https:\/\/fliparas.com\/","name":"Agentschap gespecialiseerd in Stag en Hen partijen","description":"Vertrouw op het best beoordeelde agentschap om een onvergetelijk vrijgezellenfeest in Europa te organiseren","publisher":{"@id":"https:\/\/fliparas.com\/#organization"},"alternateName":"Fliparas Agency Specialised in Stag and Hen Parties","potentialAction":[{"@type":"SearchAction","target":{"@type":"EntryPoint","urlTemplate":"https:\/\/fliparas.com\/?s={search_term_string}"},"query-input":{"@type":"PropertyValueSpecification","valueRequired":true,"valueName":"search_term_string"}}],"inLanguage":"nl-NL"},{"@type":"Organization","@id":"https:\/\/fliparas.com\/#organization","name":"Fliparas","alternateName":"Agency Specialised in Stag and Hen Parties","url":"https:\/\/fliparas.com\/","logo":{"@type":"ImageObject","inLanguage":"nl-NL","@id":"https:\/\/fliparas.com\/#\/schema\/logo\/image\/","url":"https:\/\/fliparas.com\/wp-content\/uploads\/2024\/03\/Logo-Fliparas.png","contentUrl":"https:\/\/fliparas.com\/wp-content\/uploads\/2024\/03\/Logo-Fliparas.png","width":1024,"height":1024,"caption":"Fliparas"},"image":{"@id":"https:\/\/fliparas.com\/#\/schema\/logo\/image\/"}}]},"product_price_amount":"70.00","product_price_currency":"EUR","og_availability":"instock","product_availability":"instock","product_condition":"new"},"_links":{"self":[{"href":"https:\/\/fliparas.com\/nl\/wp-json\/wp\/v2\/product\/1439","targetHints":{"allow":["GET"]}}],"collection":[{"href":"https:\/\/fliparas.com\/nl\/wp-json\/wp\/v2\/product"}],"about":[{"href":"https:\/\/fliparas.com\/nl\/wp-json\/wp\/v2\/types\/product"}],"wp:featuredmedia":[{"embeddable":true,"href":"https:\/\/fliparas.com\/nl\/wp-json\/wp\/v2\/media\/1522"}],"wp:attachment":[{"href":"https:\/\/fliparas.com\/nl\/wp-json\/wp\/v2\/media?parent=1439"}],"wp:term":[{"taxonomy":"product_brand","embeddable":true,"href":"https:\/\/fliparas.com\/nl\/wp-json\/wp\/v2\/product_brand?post=1439"},{"taxonomy":"product_cat","embeddable":true,"href":"https:\/\/fliparas.com\/nl\/wp-json\/wp\/v2\/product_cat?post=1439"},{"taxonomy":"product_tag","embeddable":true,"href":"https:\/\/fliparas.com\/nl\/wp-json\/wp\/v2\/product_tag?post=1439"}],"curies":[{"name":"wp","href":"https:\/\/api.w.org\/{rel}","templated":true}]}}