{"id":1450,"date":"2024-03-26T14:51:12","date_gmt":"2024-03-26T14:51:12","guid":{"rendered":"https:\/\/fliparas.com\/?post_type=product&#038;p=1450"},"modified":"2025-01-31T11:26:03","modified_gmt":"2025-01-31T10:26:03","slug":"prive-catamaran-ibiza","status":"publish","type":"product","link":"https:\/\/fliparas.com\/nl\/activiteit\/prive-catamaran-ibiza\/","title":{"rendered":"Priv\u00e9 catamaran Ibiza"},"content":{"rendered":"<ul>\n<li>Priv\u00e9 Catamaran Ibiza. Geniet van vijf uur priv\u00e9 varen voor jou en je vrienden. Geniet van het kristalheldere water van Ibiza.<\/li>\n<\/ul>\n<p>De beste vrijgezellenfeesten met <a href=\"https:\/\/fliparas.com\/nl\/vrijgezellenfeest-2\/\">Vrijgezellenfeest<\/a>! <a href=\"https:\/\/fliparas.com\/nl\/vrijgezellenfeest\/\">Hen feestje<\/a>!<\/p>\n<h2 style=\"text-align: center;\">Priv\u00e9 catamaran Ibiza \ud83d\udea2<\/h2>\n<p>\ud83c\udfdd\ufe0f Verken Ibiza in stijl aan boord van onze catamaran!<\/p>\n<p>\ud83c\udf0a Bereid je voor op een onvergetelijk avontuur door onze exclusieve catamaran op Ibiza te huren! \ud83c\udf34<\/p>\n<p>\ud83d\udd52 Het 5-uur durende charterpakket neemt u mee door de kristalheldere wateren van Ibiza en biedt absolute luxe met een professionele kapitein aan het roer. Geniet van de zon, de zeebries en het gezelschap van uw geliefden tijdens deze unieke ervaring.<\/p>\n<p>Het all-inclusive pakket is inclusief brandstof en verzekering, zodat je kunt ontspannen en genieten van de reis. \ud83c\udf79 Optioneel kunnen verfrissende drankjes en maaltijden worden toegevoegd voor een nog aangenamere ervaring.<\/p>\n<p>\ud83c\udfb5 Rust jezelf uit met je favoriete nummers via ons Bluetooth-audiosysteem aan boord en cre\u00eber de perfecte ambiance voor je dag op zee. \ud83c\udfb6 Plus, personaliseer je reisroute door stops op volle zee toe te voegen voor een verfrissende duik.<\/p>\n<p>\ud83d\udee5\ufe0f Boek nu je Catamaran Ibiza voor een exclusief avontuur!<\/p>\n<p>Mis deze kans niet om buitengewone herinneringen te cre\u00ebren met je geliefden. Begin aan een dag vol ontspanning, plezier en ontdekking op de prachtige wateren van Ibiza! \ud83c\udf1e<\/p>\n<p class=\"p1\" style=\"text-align: center;\"><strong>RESERVERING MOGELIJK VOOR GROEPEN VAN: 8 tot 11 PERSONEN.<\/strong><\/p>","protected":false},"excerpt":{"rendered":"<p>Zeil over het kristalheldere water van de Middellandse Zee voor een tocht van 3 uur of meer.<br \/>\nKapitein, verzekering en brandstof zijn inbegrepen.<br \/>\n<strong>RESERVERING MOGELIJK VOOR GROEPEN VAN: 8 tot 11 PERSONEN.<\/strong><\/p>","protected":false},"featured_media":1451,"template":"","meta":[],"product_brand":[425],"product_cat":[266,265,267],"product_tag":[299,248,308],"class_list":{"0":"post-1450","1":"product","2":"type-product","3":"status-publish","4":"has-post-thumbnail","6":"product_brand-fliparas-inc","7":"product_cat-hen-party-ibiza-activities","8":"product_cat-ibiza","9":"product_cat-stag-party-ibiza-activities","10":"product_tag-catamaran-dinner-ibiza","11":"product_tag-private-brunch-in-catamaran","12":"product_tag-private-brunch-in-catamaran-ibiza","14":"first","15":"instock","16":"virtual","17":"sold-individually","18":"purchasable","19":"product-type-booking"},"yoast_head":"<!-- This site is optimized with the Yoast SEO plugin v26.9 - https:\/\/yoast.com\/product\/yoast-seo-wordpress\/ -->\n<title>Private Catamaran Ibiza<\/title>\n<meta name=\"description\" content=\"Private Catamaran Ibiza. Private Catamaran Ibiza. Enjoy five hours of private boating for you and your friends. Enjoy the crystal clear waters of Ibiza.\" \/>\n<meta name=\"robots\" content=\"index, follow, max-snippet:-1, max-image-preview:large, max-video-preview:-1\" \/>\n<link rel=\"canonical\" href=\"https:\/\/fliparas.com\/nl\/activiteit\/prive-catamaran-ibiza\/\" \/>\n<meta property=\"og:locale\" content=\"nl_NL\" \/>\n<meta property=\"og:type\" content=\"article\" \/>\n<meta property=\"og:title\" content=\"Private Catamaran Ibiza\" \/>\n<meta property=\"og:description\" content=\"Private Catamaran Ibiza. Private Catamaran Ibiza. Enjoy five hours of private boating for you and your friends. Enjoy the crystal clear waters of Ibiza.\" \/>\n<meta property=\"og:url\" content=\"https:\/\/fliparas.com\/nl\/activiteit\/prive-catamaran-ibiza\/\" \/>\n<meta property=\"og:site_name\" content=\"Agency Specialised in Stag and Hen Parties\" \/>\n<meta property=\"article:modified_time\" content=\"2025-01-31T10:26:03+00:00\" \/>\n<meta property=\"og:image\" content=\"https:\/\/fliparas.com\/wp-content\/uploads\/2024\/03\/Diseno-sin-titulo-15-1.png\" \/>\n\t<meta property=\"og:image:width\" content=\"501\" \/>\n\t<meta property=\"og:image:height\" content=\"637\" \/>\n\t<meta property=\"og:image:type\" content=\"image\/png\" \/>\n<meta name=\"twitter:card\" content=\"summary_large_image\" \/>\n<meta name=\"twitter:label1\" content=\"Prijs\" \/>\n\t<meta name=\"twitter:data1\" content=\"300,00&nbsp;&euro;\" \/>\n\t<meta name=\"twitter:label2\" content=\"Beschikbaarheid\" \/>\n\t<meta name=\"twitter:data2\" content=\"Op voorraad\" \/>\n<script type=\"application\/ld+json\" class=\"yoast-schema-graph\">{\"@context\":\"https:\/\/schema.org\",\"@graph\":[{\"@type\":\"WebPage\",\"@id\":\"https:\/\/fliparas.com\/activity\/private-catamaran-ibiza\/\",\"url\":\"https:\/\/fliparas.com\/activity\/private-catamaran-ibiza\/\",\"name\":\"Private Catamaran Ibiza\",\"isPartOf\":{\"@id\":\"https:\/\/fliparas.com\/#website\"},\"primaryImageOfPage\":{\"@id\":\"https:\/\/fliparas.com\/activity\/private-catamaran-ibiza\/#primaryimage\"},\"image\":{\"@id\":\"https:\/\/fliparas.com\/activity\/private-catamaran-ibiza\/#primaryimage\"},\"thumbnailUrl\":\"https:\/\/fliparas.com\/wp-content\/uploads\/2024\/03\/Diseno-sin-titulo-15-1.png\",\"datePublished\":\"2024-03-26T14:51:12+00:00\",\"dateModified\":\"2025-01-31T10:26:03+00:00\",\"description\":\"Private Catamaran Ibiza. Private Catamaran Ibiza. Enjoy five hours of private boating for you and your friends. Enjoy the crystal clear waters of Ibiza.\",\"breadcrumb\":{\"@id\":\"https:\/\/fliparas.com\/activity\/private-catamaran-ibiza\/#breadcrumb\"},\"inLanguage\":\"nl-NL\",\"potentialAction\":[{\"@type\":\"ReadAction\",\"target\":[\"https:\/\/fliparas.com\/activity\/private-catamaran-ibiza\/\"]}]},{\"@type\":\"ImageObject\",\"inLanguage\":\"nl-NL\",\"@id\":\"https:\/\/fliparas.com\/activity\/private-catamaran-ibiza\/#primaryimage\",\"url\":\"https:\/\/fliparas.com\/wp-content\/uploads\/2024\/03\/Diseno-sin-titulo-15-1.png\",\"contentUrl\":\"https:\/\/fliparas.com\/wp-content\/uploads\/2024\/03\/Diseno-sin-titulo-15-1.png\",\"width\":501,\"height\":637,\"caption\":\"Private Catamaran Ibiza IMAGE\"},{\"@type\":\"BreadcrumbList\",\"@id\":\"https:\/\/fliparas.com\/activity\/private-catamaran-ibiza\/#breadcrumb\",\"itemListElement\":[{\"@type\":\"ListItem\",\"position\":1,\"name\":\"Home\",\"item\":\"https:\/\/fliparas.com\/\"},{\"@type\":\"ListItem\",\"position\":2,\"name\":\"Shop\",\"item\":\"https:\/\/fliparas.com\/shop\/\"},{\"@type\":\"ListItem\",\"position\":3,\"name\":\"Private Catamaran Ibiza\"}]},{\"@type\":\"WebSite\",\"@id\":\"https:\/\/fliparas.com\/#website\",\"url\":\"https:\/\/fliparas.com\/\",\"name\":\"Agency Specialised in Stag and Hen Parties\",\"description\":\"Trust the highest rated agency to organize an unforgettable stag and hen parties in Europe\",\"publisher\":{\"@id\":\"https:\/\/fliparas.com\/#organization\"},\"alternateName\":\"Fliparas Agency Specialised in Stag and Hen Parties\",\"potentialAction\":[{\"@type\":\"SearchAction\",\"target\":{\"@type\":\"EntryPoint\",\"urlTemplate\":\"https:\/\/fliparas.com\/?s={search_term_string}\"},\"query-input\":{\"@type\":\"PropertyValueSpecification\",\"valueRequired\":true,\"valueName\":\"search_term_string\"}}],\"inLanguage\":\"nl-NL\"},{\"@type\":\"Organization\",\"@id\":\"https:\/\/fliparas.com\/#organization\",\"name\":\"Fliparas\",\"alternateName\":\"Agency Specialised in Stag and Hen Parties\",\"url\":\"https:\/\/fliparas.com\/\",\"logo\":{\"@type\":\"ImageObject\",\"inLanguage\":\"nl-NL\",\"@id\":\"https:\/\/fliparas.com\/#\/schema\/logo\/image\/\",\"url\":\"https:\/\/fliparas.com\/wp-content\/uploads\/2024\/03\/Logo-Fliparas.png\",\"contentUrl\":\"https:\/\/fliparas.com\/wp-content\/uploads\/2024\/03\/Logo-Fliparas.png\",\"width\":1024,\"height\":1024,\"caption\":\"Fliparas\"},\"image\":{\"@id\":\"https:\/\/fliparas.com\/#\/schema\/logo\/image\/\"}}]}<\/script>\n<meta property=\"product:price:amount\" content=\"300.00\" \/>\n<meta property=\"product:price:currency\" content=\"EUR\" \/>\n<meta property=\"og:availability\" content=\"instock\" \/>\n<meta property=\"product:availability\" content=\"instock\" \/>\n<meta property=\"product:condition\" content=\"new\" \/>\n<!-- \/ Yoast SEO plugin. -->","yoast_head_json":{"title":"Priv\u00e9 catamaran Ibiza","description":"Priv\u00e9 catamaran Ibiza. Priv\u00e9 catamaran Ibiza. Geniet van vijf uur priv\u00e9 varen voor jou en je vrienden. Geniet van het kristalheldere water van Ibiza.","robots":{"index":"index","follow":"follow","max-snippet":"max-snippet:-1","max-image-preview":"max-image-preview:large","max-video-preview":"max-video-preview:-1"},"canonical":"https:\/\/fliparas.com\/nl\/activiteit\/prive-catamaran-ibiza\/","og_locale":"nl_NL","og_type":"article","og_title":"Private Catamaran Ibiza","og_description":"Private Catamaran Ibiza. Private Catamaran Ibiza. Enjoy five hours of private boating for you and your friends. Enjoy the crystal clear waters of Ibiza.","og_url":"https:\/\/fliparas.com\/nl\/activiteit\/prive-catamaran-ibiza\/","og_site_name":"Agency Specialised in Stag and Hen Parties","article_modified_time":"2025-01-31T10:26:03+00:00","og_image":[{"width":501,"height":637,"url":"https:\/\/fliparas.com\/wp-content\/uploads\/2024\/03\/Diseno-sin-titulo-15-1.png","type":"image\/png"}],"twitter_card":"summary_large_image","twitter_misc":{"Prijs":"300,00&nbsp;&euro;","Beschikbaarheid":"Op voorraad"},"schema":{"@context":"https:\/\/schema.org","@graph":[{"@type":"WebPage","@id":"https:\/\/fliparas.com\/activity\/private-catamaran-ibiza\/","url":"https:\/\/fliparas.com\/activity\/private-catamaran-ibiza\/","name":"Priv\u00e9 catamaran Ibiza","isPartOf":{"@id":"https:\/\/fliparas.com\/#website"},"primaryImageOfPage":{"@id":"https:\/\/fliparas.com\/activity\/private-catamaran-ibiza\/#primaryimage"},"image":{"@id":"https:\/\/fliparas.com\/activity\/private-catamaran-ibiza\/#primaryimage"},"thumbnailUrl":"https:\/\/fliparas.com\/wp-content\/uploads\/2024\/03\/Diseno-sin-titulo-15-1.png","datePublished":"2024-03-26T14:51:12+00:00","dateModified":"2025-01-31T10:26:03+00:00","description":"Priv\u00e9 catamaran Ibiza. Priv\u00e9 catamaran Ibiza. Geniet van vijf uur priv\u00e9 varen voor jou en je vrienden. Geniet van het kristalheldere water van Ibiza.","breadcrumb":{"@id":"https:\/\/fliparas.com\/activity\/private-catamaran-ibiza\/#breadcrumb"},"inLanguage":"nl-NL","potentialAction":[{"@type":"ReadAction","target":["https:\/\/fliparas.com\/activity\/private-catamaran-ibiza\/"]}]},{"@type":"ImageObject","inLanguage":"nl-NL","@id":"https:\/\/fliparas.com\/activity\/private-catamaran-ibiza\/#primaryimage","url":"https:\/\/fliparas.com\/wp-content\/uploads\/2024\/03\/Diseno-sin-titulo-15-1.png","contentUrl":"https:\/\/fliparas.com\/wp-content\/uploads\/2024\/03\/Diseno-sin-titulo-15-1.png","width":501,"height":637,"caption":"Private Catamaran Ibiza IMAGE"},{"@type":"BreadcrumbList","@id":"https:\/\/fliparas.com\/activity\/private-catamaran-ibiza\/#breadcrumb","itemListElement":[{"@type":"ListItem","position":1,"name":"Home","item":"https:\/\/fliparas.com\/"},{"@type":"ListItem","position":2,"name":"Shop","item":"https:\/\/fliparas.com\/shop\/"},{"@type":"ListItem","position":3,"name":"Private Catamaran Ibiza"}]},{"@type":"WebSite","@id":"https:\/\/fliparas.com\/#website","url":"https:\/\/fliparas.com\/","name":"Agentschap gespecialiseerd in Stag en Hen partijen","description":"Vertrouw op het best beoordeelde agentschap om een onvergetelijk vrijgezellenfeest in Europa te organiseren","publisher":{"@id":"https:\/\/fliparas.com\/#organization"},"alternateName":"Fliparas Agency Specialised in Stag and Hen Parties","potentialAction":[{"@type":"SearchAction","target":{"@type":"EntryPoint","urlTemplate":"https:\/\/fliparas.com\/?s={search_term_string}"},"query-input":{"@type":"PropertyValueSpecification","valueRequired":true,"valueName":"search_term_string"}}],"inLanguage":"nl-NL"},{"@type":"Organization","@id":"https:\/\/fliparas.com\/#organization","name":"Fliparas","alternateName":"Agency Specialised in Stag and Hen Parties","url":"https:\/\/fliparas.com\/","logo":{"@type":"ImageObject","inLanguage":"nl-NL","@id":"https:\/\/fliparas.com\/#\/schema\/logo\/image\/","url":"https:\/\/fliparas.com\/wp-content\/uploads\/2024\/03\/Logo-Fliparas.png","contentUrl":"https:\/\/fliparas.com\/wp-content\/uploads\/2024\/03\/Logo-Fliparas.png","width":1024,"height":1024,"caption":"Fliparas"},"image":{"@id":"https:\/\/fliparas.com\/#\/schema\/logo\/image\/"}}]},"product_price_amount":"300.00","product_price_currency":"EUR","og_availability":"instock","product_availability":"instock","product_condition":"new"},"_links":{"self":[{"href":"https:\/\/fliparas.com\/nl\/wp-json\/wp\/v2\/product\/1450","targetHints":{"allow":["GET"]}}],"collection":[{"href":"https:\/\/fliparas.com\/nl\/wp-json\/wp\/v2\/product"}],"about":[{"href":"https:\/\/fliparas.com\/nl\/wp-json\/wp\/v2\/types\/product"}],"wp:featuredmedia":[{"embeddable":true,"href":"https:\/\/fliparas.com\/nl\/wp-json\/wp\/v2\/media\/1451"}],"wp:attachment":[{"href":"https:\/\/fliparas.com\/nl\/wp-json\/wp\/v2\/media?parent=1450"}],"wp:term":[{"taxonomy":"product_brand","embeddable":true,"href":"https:\/\/fliparas.com\/nl\/wp-json\/wp\/v2\/product_brand?post=1450"},{"taxonomy":"product_cat","embeddable":true,"href":"https:\/\/fliparas.com\/nl\/wp-json\/wp\/v2\/product_cat?post=1450"},{"taxonomy":"product_tag","embeddable":true,"href":"https:\/\/fliparas.com\/nl\/wp-json\/wp\/v2\/product_tag?post=1450"}],"curies":[{"name":"wp","href":"https:\/\/api.w.org\/{rel}","templated":true}]}}