{"id":1452,"date":"2024-03-26T15:03:14","date_gmt":"2024-03-26T15:03:14","guid":{"rendered":"https:\/\/fliparas.com\/?post_type=product&#038;p=1452"},"modified":"2025-01-31T11:26:03","modified_gmt":"2025-01-31T10:26:03","slug":"prive-zeilboot-ibiza","status":"publish","type":"product","link":"https:\/\/fliparas.com\/nl\/activiteit\/prive-zeilboot-ibiza\/","title":{"rendered":"Priv\u00e9 zeilboot Ibiza"},"content":{"rendered":"<ul>\n<li>Priv\u00e9 Zeilboot Ibiza. Geniet van vijf uur priv\u00e9 varen voor jou en je vrienden. Geniet van het kristalheldere water van Ibiza.<\/li>\n<\/ul>\n<p>De beste vrijgezellenfeesten met <a href=\"https:\/\/fliparas.com\/nl\/vrijgezellenfeest-2\/\">Vrijgezellenfeest<\/a>! <a href=\"https:\/\/fliparas.com\/nl\/vrijgezellenfeest\/\">Hen feestje<\/a>!<\/p>\n<h2 style=\"text-align: center;\">Priv\u00e9 zeilboot Ibiza \ud83d\udea2<\/h2>\n<p>\ud83c\udfdd\ufe0f Verken Ibiza in stijl aan boord van onze zeilboot!<\/p>\n<p>\ud83c\udf0a Bereid je voor op een onvergetelijk avontuur door onze exclusieve catamaran op Ibiza te huren! \ud83c\udf34<\/p>\n<p>\ud83d\udd52 Het 5-uur durende charterpakket neemt u mee door de kristalheldere wateren van Ibiza en biedt absolute luxe met een professionele kapitein aan het roer. Geniet van de zon, de zeebries en het gezelschap van uw geliefden tijdens deze unieke ervaring.<\/p>\n<p>Het all-inclusive pakket is inclusief brandstof en verzekering, zodat je kunt ontspannen en genieten van de reis.<\/p>\n<p>\ud83c\udf79 Optioneel kunnen verfrissende drankjes en maaltijden worden toegevoegd voor een nog aangenamere ervaring.<\/p>\n<p>\ud83c\udfb5 Rust jezelf uit met je favoriete nummers via ons Bluetooth-audiosysteem aan boord en cre\u00eber de perfecte ambiance voor je dag op zee.<\/p>\n<p>Bovendien kun je je reisschema aanpassen door stops op volle zee toe te voegen voor een verfrissende duik.<\/p>\n<p>\ud83d\udee5\ufe0f Boek nu je priv\u00e9 zeilboot Ibiza voor een exclusief avontuur!<\/p>\n<p>Mis deze kans niet om buitengewone herinneringen te cre\u00ebren met je geliefden. Begin aan een dag vol ontspanning, plezier en ontdekking op de prachtige wateren van Ibiza! \ud83c\udf1e<\/p>\n<p class=\"p1\" style=\"text-align: center;\"><strong><br \/>\nRESERVERING MOGELIJK VOOR GROEPEN VAN: 8 tot 11 PERSONEN.<\/strong><\/p>","protected":false},"excerpt":{"rendered":"<p>Zeil over het kristalheldere water van de Middellandse Zee voor een tocht van 3 uur of meer.<br \/>\nPriv\u00e9 zeilboot Ibiza!<br \/>\n<strong>RESERVERING MOGELIJK VOOR GROEPEN VAN: 8 tot 11 PERSONEN.<\/strong><\/p>","protected":false},"featured_media":1453,"template":"","meta":[],"product_brand":[425],"product_cat":[266,265,267],"product_tag":[359,360,358],"class_list":{"0":"post-1452","1":"product","2":"type-product","3":"status-publish","4":"has-post-thumbnail","6":"product_brand-fliparas-inc","7":"product_cat-hen-party-ibiza-activities","8":"product_cat-ibiza","9":"product_cat-stag-party-ibiza-activities","10":"product_tag-private-sailboat-ibiza","11":"product_tag-sailboat","12":"product_tag-sailboat-ibiza","14":"first","15":"instock","16":"virtual","17":"sold-individually","18":"purchasable","19":"product-type-booking"},"yoast_head":"<!-- This site is optimized with the Yoast SEO plugin v26.9 - https:\/\/yoast.com\/product\/yoast-seo-wordpress\/ -->\n<title>Private SailBoat Ibiza<\/title>\n<meta name=\"description\" content=\"Private SailBoat Ibiza. Private SailBoat Ibiza. Enjoy five hours of private boating for you and your friends. Enjoy the crystal clear waters of Ibiza.\" \/>\n<meta name=\"robots\" content=\"index, follow, max-snippet:-1, max-image-preview:large, max-video-preview:-1\" \/>\n<link rel=\"canonical\" href=\"https:\/\/fliparas.com\/nl\/activiteit\/prive-zeilboot-ibiza\/\" \/>\n<meta property=\"og:locale\" content=\"nl_NL\" \/>\n<meta property=\"og:type\" content=\"article\" \/>\n<meta property=\"og:title\" content=\"Private SailBoat Ibiza\" \/>\n<meta property=\"og:description\" content=\"Private SailBoat Ibiza. Private SailBoat Ibiza. Enjoy five hours of private boating for you and your friends. Enjoy the crystal clear waters of Ibiza.\" \/>\n<meta property=\"og:url\" content=\"https:\/\/fliparas.com\/nl\/activiteit\/prive-zeilboot-ibiza\/\" \/>\n<meta property=\"og:site_name\" content=\"Agency Specialised in Stag and Hen Parties\" \/>\n<meta property=\"article:modified_time\" content=\"2025-01-31T10:26:03+00:00\" \/>\n<meta property=\"og:image\" content=\"https:\/\/fliparas.com\/wp-content\/uploads\/2024\/03\/Diseno-sin-titulo-16-1.png\" \/>\n\t<meta property=\"og:image:width\" content=\"688\" \/>\n\t<meta property=\"og:image:height\" content=\"449\" \/>\n\t<meta property=\"og:image:type\" content=\"image\/png\" \/>\n<meta name=\"twitter:card\" content=\"summary_large_image\" \/>\n<meta name=\"twitter:label1\" content=\"Prijs\" \/>\n\t<meta name=\"twitter:data1\" content=\"220,00&nbsp;&euro;\" \/>\n\t<meta name=\"twitter:label2\" content=\"Beschikbaarheid\" \/>\n\t<meta name=\"twitter:data2\" content=\"Op voorraad\" \/>\n<script type=\"application\/ld+json\" class=\"yoast-schema-graph\">{\"@context\":\"https:\/\/schema.org\",\"@graph\":[{\"@type\":\"WebPage\",\"@id\":\"https:\/\/fliparas.com\/activity\/private-sailboat-ibiza\/\",\"url\":\"https:\/\/fliparas.com\/activity\/private-sailboat-ibiza\/\",\"name\":\"Private SailBoat Ibiza\",\"isPartOf\":{\"@id\":\"https:\/\/fliparas.com\/#website\"},\"primaryImageOfPage\":{\"@id\":\"https:\/\/fliparas.com\/activity\/private-sailboat-ibiza\/#primaryimage\"},\"image\":{\"@id\":\"https:\/\/fliparas.com\/activity\/private-sailboat-ibiza\/#primaryimage\"},\"thumbnailUrl\":\"https:\/\/fliparas.com\/wp-content\/uploads\/2024\/03\/Diseno-sin-titulo-16-1.png\",\"datePublished\":\"2024-03-26T15:03:14+00:00\",\"dateModified\":\"2025-01-31T10:26:03+00:00\",\"description\":\"Private SailBoat Ibiza. Private SailBoat Ibiza. Enjoy five hours of private boating for you and your friends. Enjoy the crystal clear waters of Ibiza.\",\"breadcrumb\":{\"@id\":\"https:\/\/fliparas.com\/activity\/private-sailboat-ibiza\/#breadcrumb\"},\"inLanguage\":\"nl-NL\",\"potentialAction\":[{\"@type\":\"ReadAction\",\"target\":[\"https:\/\/fliparas.com\/activity\/private-sailboat-ibiza\/\"]}]},{\"@type\":\"ImageObject\",\"inLanguage\":\"nl-NL\",\"@id\":\"https:\/\/fliparas.com\/activity\/private-sailboat-ibiza\/#primaryimage\",\"url\":\"https:\/\/fliparas.com\/wp-content\/uploads\/2024\/03\/Diseno-sin-titulo-16-1.png\",\"contentUrl\":\"https:\/\/fliparas.com\/wp-content\/uploads\/2024\/03\/Diseno-sin-titulo-16-1.png\",\"width\":688,\"height\":449,\"caption\":\"Private SailBoat Ibiza Products Image\"},{\"@type\":\"BreadcrumbList\",\"@id\":\"https:\/\/fliparas.com\/activity\/private-sailboat-ibiza\/#breadcrumb\",\"itemListElement\":[{\"@type\":\"ListItem\",\"position\":1,\"name\":\"Home\",\"item\":\"https:\/\/fliparas.com\/\"},{\"@type\":\"ListItem\",\"position\":2,\"name\":\"Shop\",\"item\":\"https:\/\/fliparas.com\/shop\/\"},{\"@type\":\"ListItem\",\"position\":3,\"name\":\"Private SailBoat Ibiza\"}]},{\"@type\":\"WebSite\",\"@id\":\"https:\/\/fliparas.com\/#website\",\"url\":\"https:\/\/fliparas.com\/\",\"name\":\"Agency Specialised in Stag and Hen Parties\",\"description\":\"Trust the highest rated agency to organize an unforgettable stag and hen parties in Europe\",\"publisher\":{\"@id\":\"https:\/\/fliparas.com\/#organization\"},\"alternateName\":\"Fliparas Agency Specialised in Stag and Hen Parties\",\"potentialAction\":[{\"@type\":\"SearchAction\",\"target\":{\"@type\":\"EntryPoint\",\"urlTemplate\":\"https:\/\/fliparas.com\/?s={search_term_string}\"},\"query-input\":{\"@type\":\"PropertyValueSpecification\",\"valueRequired\":true,\"valueName\":\"search_term_string\"}}],\"inLanguage\":\"nl-NL\"},{\"@type\":\"Organization\",\"@id\":\"https:\/\/fliparas.com\/#organization\",\"name\":\"Fliparas\",\"alternateName\":\"Agency Specialised in Stag and Hen Parties\",\"url\":\"https:\/\/fliparas.com\/\",\"logo\":{\"@type\":\"ImageObject\",\"inLanguage\":\"nl-NL\",\"@id\":\"https:\/\/fliparas.com\/#\/schema\/logo\/image\/\",\"url\":\"https:\/\/fliparas.com\/wp-content\/uploads\/2024\/03\/Logo-Fliparas.png\",\"contentUrl\":\"https:\/\/fliparas.com\/wp-content\/uploads\/2024\/03\/Logo-Fliparas.png\",\"width\":1024,\"height\":1024,\"caption\":\"Fliparas\"},\"image\":{\"@id\":\"https:\/\/fliparas.com\/#\/schema\/logo\/image\/\"}}]}<\/script>\n<meta property=\"product:price:amount\" content=\"220.00\" \/>\n<meta property=\"product:price:currency\" content=\"EUR\" \/>\n<meta property=\"og:availability\" content=\"instock\" \/>\n<meta property=\"product:availability\" content=\"instock\" \/>\n<meta property=\"product:condition\" content=\"new\" \/>\n<!-- \/ Yoast SEO plugin. -->","yoast_head_json":{"title":"Priv\u00e9 zeilboot Ibiza","description":"Priv\u00e9 Zeilboot Ibiza. Priv\u00e9 Zeilboot Ibiza. Geniet van vijf uur priv\u00e9 varen voor jou en je vrienden. Geniet van het kristalheldere water van Ibiza.","robots":{"index":"index","follow":"follow","max-snippet":"max-snippet:-1","max-image-preview":"max-image-preview:large","max-video-preview":"max-video-preview:-1"},"canonical":"https:\/\/fliparas.com\/nl\/activiteit\/prive-zeilboot-ibiza\/","og_locale":"nl_NL","og_type":"article","og_title":"Private SailBoat Ibiza","og_description":"Private SailBoat Ibiza. Private SailBoat Ibiza. Enjoy five hours of private boating for you and your friends. Enjoy the crystal clear waters of Ibiza.","og_url":"https:\/\/fliparas.com\/nl\/activiteit\/prive-zeilboot-ibiza\/","og_site_name":"Agency Specialised in Stag and Hen Parties","article_modified_time":"2025-01-31T10:26:03+00:00","og_image":[{"width":688,"height":449,"url":"https:\/\/fliparas.com\/wp-content\/uploads\/2024\/03\/Diseno-sin-titulo-16-1.png","type":"image\/png"}],"twitter_card":"summary_large_image","twitter_misc":{"Prijs":"220,00&nbsp;&euro;","Beschikbaarheid":"Op voorraad"},"schema":{"@context":"https:\/\/schema.org","@graph":[{"@type":"WebPage","@id":"https:\/\/fliparas.com\/activity\/private-sailboat-ibiza\/","url":"https:\/\/fliparas.com\/activity\/private-sailboat-ibiza\/","name":"Priv\u00e9 zeilboot Ibiza","isPartOf":{"@id":"https:\/\/fliparas.com\/#website"},"primaryImageOfPage":{"@id":"https:\/\/fliparas.com\/activity\/private-sailboat-ibiza\/#primaryimage"},"image":{"@id":"https:\/\/fliparas.com\/activity\/private-sailboat-ibiza\/#primaryimage"},"thumbnailUrl":"https:\/\/fliparas.com\/wp-content\/uploads\/2024\/03\/Diseno-sin-titulo-16-1.png","datePublished":"2024-03-26T15:03:14+00:00","dateModified":"2025-01-31T10:26:03+00:00","description":"Priv\u00e9 Zeilboot Ibiza. Priv\u00e9 Zeilboot Ibiza. Geniet van vijf uur priv\u00e9 varen voor jou en je vrienden. Geniet van het kristalheldere water van Ibiza.","breadcrumb":{"@id":"https:\/\/fliparas.com\/activity\/private-sailboat-ibiza\/#breadcrumb"},"inLanguage":"nl-NL","potentialAction":[{"@type":"ReadAction","target":["https:\/\/fliparas.com\/activity\/private-sailboat-ibiza\/"]}]},{"@type":"ImageObject","inLanguage":"nl-NL","@id":"https:\/\/fliparas.com\/activity\/private-sailboat-ibiza\/#primaryimage","url":"https:\/\/fliparas.com\/wp-content\/uploads\/2024\/03\/Diseno-sin-titulo-16-1.png","contentUrl":"https:\/\/fliparas.com\/wp-content\/uploads\/2024\/03\/Diseno-sin-titulo-16-1.png","width":688,"height":449,"caption":"Private SailBoat Ibiza Products Image"},{"@type":"BreadcrumbList","@id":"https:\/\/fliparas.com\/activity\/private-sailboat-ibiza\/#breadcrumb","itemListElement":[{"@type":"ListItem","position":1,"name":"Home","item":"https:\/\/fliparas.com\/"},{"@type":"ListItem","position":2,"name":"Shop","item":"https:\/\/fliparas.com\/shop\/"},{"@type":"ListItem","position":3,"name":"Private SailBoat Ibiza"}]},{"@type":"WebSite","@id":"https:\/\/fliparas.com\/#website","url":"https:\/\/fliparas.com\/","name":"Agentschap gespecialiseerd in Stag en Hen partijen","description":"Vertrouw op het best beoordeelde agentschap om een onvergetelijk vrijgezellenfeest in Europa te organiseren","publisher":{"@id":"https:\/\/fliparas.com\/#organization"},"alternateName":"Fliparas Agency Specialised in Stag and Hen Parties","potentialAction":[{"@type":"SearchAction","target":{"@type":"EntryPoint","urlTemplate":"https:\/\/fliparas.com\/?s={search_term_string}"},"query-input":{"@type":"PropertyValueSpecification","valueRequired":true,"valueName":"search_term_string"}}],"inLanguage":"nl-NL"},{"@type":"Organization","@id":"https:\/\/fliparas.com\/#organization","name":"Fliparas","alternateName":"Agency Specialised in Stag and Hen Parties","url":"https:\/\/fliparas.com\/","logo":{"@type":"ImageObject","inLanguage":"nl-NL","@id":"https:\/\/fliparas.com\/#\/schema\/logo\/image\/","url":"https:\/\/fliparas.com\/wp-content\/uploads\/2024\/03\/Logo-Fliparas.png","contentUrl":"https:\/\/fliparas.com\/wp-content\/uploads\/2024\/03\/Logo-Fliparas.png","width":1024,"height":1024,"caption":"Fliparas"},"image":{"@id":"https:\/\/fliparas.com\/#\/schema\/logo\/image\/"}}]},"product_price_amount":"220.00","product_price_currency":"EUR","og_availability":"instock","product_availability":"instock","product_condition":"new"},"_links":{"self":[{"href":"https:\/\/fliparas.com\/nl\/wp-json\/wp\/v2\/product\/1452","targetHints":{"allow":["GET"]}}],"collection":[{"href":"https:\/\/fliparas.com\/nl\/wp-json\/wp\/v2\/product"}],"about":[{"href":"https:\/\/fliparas.com\/nl\/wp-json\/wp\/v2\/types\/product"}],"wp:featuredmedia":[{"embeddable":true,"href":"https:\/\/fliparas.com\/nl\/wp-json\/wp\/v2\/media\/1453"}],"wp:attachment":[{"href":"https:\/\/fliparas.com\/nl\/wp-json\/wp\/v2\/media?parent=1452"}],"wp:term":[{"taxonomy":"product_brand","embeddable":true,"href":"https:\/\/fliparas.com\/nl\/wp-json\/wp\/v2\/product_brand?post=1452"},{"taxonomy":"product_cat","embeddable":true,"href":"https:\/\/fliparas.com\/nl\/wp-json\/wp\/v2\/product_cat?post=1452"},{"taxonomy":"product_tag","embeddable":true,"href":"https:\/\/fliparas.com\/nl\/wp-json\/wp\/v2\/product_tag?post=1452"}],"curies":[{"name":"wp","href":"https:\/\/api.w.org\/{rel}","templated":true}]}}