{"id":433,"date":"2024-03-19T12:24:07","date_gmt":"2024-03-19T12:24:07","guid":{"rendered":"https:\/\/fliparas.com\/?post_type=product&#038;p=433"},"modified":"2025-01-31T11:26:10","modified_gmt":"2025-01-31T10:26:10","slug":"prive-catamaran-mallorca","status":"publish","type":"product","link":"https:\/\/fliparas.com\/nl\/activiteit\/prive-catamaran-mallorca\/","title":{"rendered":"Priv\u00e9 catamaran Mallorca"},"content":{"rendered":"<p>Catamaran Mallorca. Priv\u00e9 catamaran Mallorca. Geniet van vijf uur priv\u00e9 varen voor jou en je vrienden. Geniet van het kristalheldere water van Palma.<\/p>\n<p>De beste vrijgezellenfeesten met <a href=\"https:\/\/fliparas.com\/nl\/vrijgezellenfeest-2\/\">Vrijgezellenfeest<\/a>! <a href=\"https:\/\/fliparas.com\/nl\/vrijgezellenfeest\/\">Hen feestje<\/a>!<\/p>\n<h2 style=\"text-align: center;\">Priv\u00e9 catamaran Mallorca \ud83d\udea2<\/h2>\n<p>\ud83c\udfdd\ufe0f Verken Mallorca in stijl aan boord van onze catamaran!<\/p>\n<p>\ud83c\udf0a Bereid je voor op een onvergetelijk avontuur door onze exclusieve catamaran op Mallorca te huren! \ud83c\udf34 Met een indrukwekkende capaciteit tot 90 personen is dit de ultieme ervaring voor jouw groep.<\/p>\n<p>\ud83d\udd52 Het 5-uur durende charterpakket neemt u mee door de kristalheldere wateren van Mallorca en biedt absolute luxe met een professionele kapitein aan het roer. Geniet van de zon, de zeebries en het gezelschap van uw geliefden tijdens deze unieke ervaring.<\/p>\n<p>Het all-inclusive pakket is inclusief brandstof en verzekering, zodat je kunt ontspannen en genieten van de reis. \ud83c\udf79 Optioneel kunnen verfrissende drankjes en maaltijden worden toegevoegd voor een nog aangenamere ervaring.<\/p>\n<p>\ud83c\udfb5 Rust jezelf uit met je favoriete nummers via ons Bluetooth-audiosysteem aan boord en cre\u00eber de perfecte ambiance voor je dag op zee. \ud83c\udfb6 Plus, personaliseer je reisroute door stops op volle zee toe te voegen voor een verfrissende duik.<\/p>\n<p>\ud83d\udee5\ufe0f Boek nu je Catamaran op Mallorca voor een exclusief avontuur!<\/p>\n<p>Mis deze kans niet om buitengewone herinneringen te cre\u00ebren met je geliefden. Begin aan een dag vol ontspanning, plezier en verkenning op de prachtige wateren van <a href=\"https:\/\/es.wikipedia.org\/wiki\/Palma_de_Mallorca\">Palma<\/a>! \ud83c\udf1e<\/p>","protected":false},"excerpt":{"rendered":"<p>Zeil over de kristalheldere wateren van de Middellandse Zee voor een tocht van 3 uur of meer. Kapitein, verzekering en brandstof zijn inbegrepen.<\/p>","protected":false},"featured_media":914,"template":"","meta":[],"product_brand":[425],"product_cat":[193,165,194],"product_tag":[186,187],"class_list":{"0":"post-433","1":"product","2":"type-product","3":"status-publish","4":"has-post-thumbnail","6":"product_brand-fliparas-inc","7":"product_cat-hen-party-mallorca","8":"product_cat-mallorca","9":"product_cat-stag-party-mallorca","10":"product_tag-boat-in-mallorca","11":"product_tag-boat-rental-in-mallorca","13":"first","14":"instock","15":"virtual","16":"sold-individually","17":"purchasable","18":"product-type-booking"},"yoast_head":"<!-- This site is optimized with the Yoast SEO plugin v26.9 - https:\/\/yoast.com\/product\/yoast-seo-wordpress\/ -->\n<title>Private catamaran Mallorca<\/title>\n<meta name=\"description\" content=\"Private catamaran Mallorca. Private catamaran Mallorca. Enjoy five hours of private boating for you and your friends. Enjoy the crystal clear waters of Palma\" \/>\n<meta name=\"robots\" content=\"index, follow, max-snippet:-1, max-image-preview:large, max-video-preview:-1\" \/>\n<link rel=\"canonical\" href=\"https:\/\/fliparas.com\/nl\/activiteit\/prive-catamaran-mallorca\/\" \/>\n<meta property=\"og:locale\" content=\"nl_NL\" \/>\n<meta property=\"og:type\" content=\"article\" \/>\n<meta property=\"og:title\" content=\"Private catamaran Mallorca\" \/>\n<meta property=\"og:description\" content=\"Private catamaran Mallorca. Private catamaran Mallorca. Enjoy five hours of private boating for you and your friends. Enjoy the crystal clear waters of Palma\" \/>\n<meta property=\"og:url\" content=\"https:\/\/fliparas.com\/nl\/activiteit\/prive-catamaran-mallorca\/\" \/>\n<meta property=\"og:site_name\" content=\"Agency Specialised in Stag and Hen Parties\" \/>\n<meta property=\"article:modified_time\" content=\"2025-01-31T10:26:10+00:00\" \/>\n<meta property=\"og:image\" content=\"https:\/\/fliparas.com\/wp-content\/uploads\/2024\/03\/Private-catamaran-img.jpeg\" \/>\n\t<meta property=\"og:image:width\" content=\"1024\" \/>\n\t<meta property=\"og:image:height\" content=\"1024\" \/>\n\t<meta property=\"og:image:type\" content=\"image\/jpeg\" \/>\n<meta name=\"twitter:card\" content=\"summary_large_image\" \/>\n<meta name=\"twitter:label1\" content=\"Prijs\" \/>\n\t<meta name=\"twitter:data1\" content=\"3.800,00&nbsp;&euro;\" \/>\n\t<meta name=\"twitter:label2\" content=\"Beschikbaarheid\" \/>\n\t<meta name=\"twitter:data2\" content=\"Op voorraad\" \/>\n<script type=\"application\/ld+json\" class=\"yoast-schema-graph\">{\"@context\":\"https:\/\/schema.org\",\"@graph\":[{\"@type\":\"WebPage\",\"@id\":\"https:\/\/fliparas.com\/activity\/private-catamaran-mallorca\/\",\"url\":\"https:\/\/fliparas.com\/activity\/private-catamaran-mallorca\/\",\"name\":\"Private catamaran Mallorca\",\"isPartOf\":{\"@id\":\"https:\/\/fliparas.com\/#website\"},\"primaryImageOfPage\":{\"@id\":\"https:\/\/fliparas.com\/activity\/private-catamaran-mallorca\/#primaryimage\"},\"image\":{\"@id\":\"https:\/\/fliparas.com\/activity\/private-catamaran-mallorca\/#primaryimage\"},\"thumbnailUrl\":\"https:\/\/fliparas.com\/wp-content\/uploads\/2024\/03\/Private-catamaran-img.jpeg\",\"datePublished\":\"2024-03-19T12:24:07+00:00\",\"dateModified\":\"2025-01-31T10:26:10+00:00\",\"description\":\"Private catamaran Mallorca. Private catamaran Mallorca. Enjoy five hours of private boating for you and your friends. Enjoy the crystal clear waters of Palma\",\"breadcrumb\":{\"@id\":\"https:\/\/fliparas.com\/activity\/private-catamaran-mallorca\/#breadcrumb\"},\"inLanguage\":\"nl-NL\",\"potentialAction\":[{\"@type\":\"ReadAction\",\"target\":[\"https:\/\/fliparas.com\/activity\/private-catamaran-mallorca\/\"]}]},{\"@type\":\"ImageObject\",\"inLanguage\":\"nl-NL\",\"@id\":\"https:\/\/fliparas.com\/activity\/private-catamaran-mallorca\/#primaryimage\",\"url\":\"https:\/\/fliparas.com\/wp-content\/uploads\/2024\/03\/Private-catamaran-img.jpeg\",\"contentUrl\":\"https:\/\/fliparas.com\/wp-content\/uploads\/2024\/03\/Private-catamaran-img.jpeg\",\"width\":1024,\"height\":1024},{\"@type\":\"BreadcrumbList\",\"@id\":\"https:\/\/fliparas.com\/activity\/private-catamaran-mallorca\/#breadcrumb\",\"itemListElement\":[{\"@type\":\"ListItem\",\"position\":1,\"name\":\"Home\",\"item\":\"https:\/\/fliparas.com\/\"},{\"@type\":\"ListItem\",\"position\":2,\"name\":\"Shop\",\"item\":\"https:\/\/fliparas.com\/shop\/\"},{\"@type\":\"ListItem\",\"position\":3,\"name\":\"Private catamaran Mallorca\"}]},{\"@type\":\"WebSite\",\"@id\":\"https:\/\/fliparas.com\/#website\",\"url\":\"https:\/\/fliparas.com\/\",\"name\":\"Agency Specialised in Stag and Hen Parties\",\"description\":\"Trust the highest rated agency to organize an unforgettable stag and hen parties in Europe\",\"publisher\":{\"@id\":\"https:\/\/fliparas.com\/#organization\"},\"alternateName\":\"Fliparas Agency Specialised in Stag and Hen Parties\",\"potentialAction\":[{\"@type\":\"SearchAction\",\"target\":{\"@type\":\"EntryPoint\",\"urlTemplate\":\"https:\/\/fliparas.com\/?s={search_term_string}\"},\"query-input\":{\"@type\":\"PropertyValueSpecification\",\"valueRequired\":true,\"valueName\":\"search_term_string\"}}],\"inLanguage\":\"nl-NL\"},{\"@type\":\"Organization\",\"@id\":\"https:\/\/fliparas.com\/#organization\",\"name\":\"Fliparas\",\"alternateName\":\"Agency Specialised in Stag and Hen Parties\",\"url\":\"https:\/\/fliparas.com\/\",\"logo\":{\"@type\":\"ImageObject\",\"inLanguage\":\"nl-NL\",\"@id\":\"https:\/\/fliparas.com\/#\/schema\/logo\/image\/\",\"url\":\"https:\/\/fliparas.com\/wp-content\/uploads\/2024\/03\/Logo-Fliparas.png\",\"contentUrl\":\"https:\/\/fliparas.com\/wp-content\/uploads\/2024\/03\/Logo-Fliparas.png\",\"width\":1024,\"height\":1024,\"caption\":\"Fliparas\"},\"image\":{\"@id\":\"https:\/\/fliparas.com\/#\/schema\/logo\/image\/\"}}]}<\/script>\n<meta property=\"product:price:amount\" content=\"3800.00\" \/>\n<meta property=\"product:price:currency\" content=\"EUR\" \/>\n<meta property=\"og:availability\" content=\"instock\" \/>\n<meta property=\"product:availability\" content=\"instock\" \/>\n<meta property=\"product:condition\" content=\"new\" \/>\n<!-- \/ Yoast SEO plugin. -->","yoast_head_json":{"title":"Priv\u00e9 catamaran Mallorca","description":"Catamaran Mallorca. Priv\u00e9 catamaran Mallorca. Geniet van vijf uur priv\u00e9 varen voor jou en je vrienden. Geniet van het kristalheldere water van Palma","robots":{"index":"index","follow":"follow","max-snippet":"max-snippet:-1","max-image-preview":"max-image-preview:large","max-video-preview":"max-video-preview:-1"},"canonical":"https:\/\/fliparas.com\/nl\/activiteit\/prive-catamaran-mallorca\/","og_locale":"nl_NL","og_type":"article","og_title":"Private catamaran Mallorca","og_description":"Private catamaran Mallorca. Private catamaran Mallorca. Enjoy five hours of private boating for you and your friends. Enjoy the crystal clear waters of Palma","og_url":"https:\/\/fliparas.com\/nl\/activiteit\/prive-catamaran-mallorca\/","og_site_name":"Agency Specialised in Stag and Hen Parties","article_modified_time":"2025-01-31T10:26:10+00:00","og_image":[{"width":1024,"height":1024,"url":"https:\/\/fliparas.com\/wp-content\/uploads\/2024\/03\/Private-catamaran-img.jpeg","type":"image\/jpeg"}],"twitter_card":"summary_large_image","twitter_misc":{"Prijs":"3.800,00&nbsp;&euro;","Beschikbaarheid":"Op voorraad"},"schema":{"@context":"https:\/\/schema.org","@graph":[{"@type":"WebPage","@id":"https:\/\/fliparas.com\/activity\/private-catamaran-mallorca\/","url":"https:\/\/fliparas.com\/activity\/private-catamaran-mallorca\/","name":"Priv\u00e9 catamaran Mallorca","isPartOf":{"@id":"https:\/\/fliparas.com\/#website"},"primaryImageOfPage":{"@id":"https:\/\/fliparas.com\/activity\/private-catamaran-mallorca\/#primaryimage"},"image":{"@id":"https:\/\/fliparas.com\/activity\/private-catamaran-mallorca\/#primaryimage"},"thumbnailUrl":"https:\/\/fliparas.com\/wp-content\/uploads\/2024\/03\/Private-catamaran-img.jpeg","datePublished":"2024-03-19T12:24:07+00:00","dateModified":"2025-01-31T10:26:10+00:00","description":"Catamaran Mallorca. Priv\u00e9 catamaran Mallorca. Geniet van vijf uur priv\u00e9 varen voor jou en je vrienden. Geniet van het kristalheldere water van Palma","breadcrumb":{"@id":"https:\/\/fliparas.com\/activity\/private-catamaran-mallorca\/#breadcrumb"},"inLanguage":"nl-NL","potentialAction":[{"@type":"ReadAction","target":["https:\/\/fliparas.com\/activity\/private-catamaran-mallorca\/"]}]},{"@type":"ImageObject","inLanguage":"nl-NL","@id":"https:\/\/fliparas.com\/activity\/private-catamaran-mallorca\/#primaryimage","url":"https:\/\/fliparas.com\/wp-content\/uploads\/2024\/03\/Private-catamaran-img.jpeg","contentUrl":"https:\/\/fliparas.com\/wp-content\/uploads\/2024\/03\/Private-catamaran-img.jpeg","width":1024,"height":1024},{"@type":"BreadcrumbList","@id":"https:\/\/fliparas.com\/activity\/private-catamaran-mallorca\/#breadcrumb","itemListElement":[{"@type":"ListItem","position":1,"name":"Home","item":"https:\/\/fliparas.com\/"},{"@type":"ListItem","position":2,"name":"Shop","item":"https:\/\/fliparas.com\/shop\/"},{"@type":"ListItem","position":3,"name":"Private catamaran Mallorca"}]},{"@type":"WebSite","@id":"https:\/\/fliparas.com\/#website","url":"https:\/\/fliparas.com\/","name":"Agentschap gespecialiseerd in Stag en Hen partijen","description":"Vertrouw op het best beoordeelde agentschap om een onvergetelijk vrijgezellenfeest in Europa te organiseren","publisher":{"@id":"https:\/\/fliparas.com\/#organization"},"alternateName":"Fliparas Agency Specialised in Stag and Hen Parties","potentialAction":[{"@type":"SearchAction","target":{"@type":"EntryPoint","urlTemplate":"https:\/\/fliparas.com\/?s={search_term_string}"},"query-input":{"@type":"PropertyValueSpecification","valueRequired":true,"valueName":"search_term_string"}}],"inLanguage":"nl-NL"},{"@type":"Organization","@id":"https:\/\/fliparas.com\/#organization","name":"Fliparas","alternateName":"Agency Specialised in Stag and Hen Parties","url":"https:\/\/fliparas.com\/","logo":{"@type":"ImageObject","inLanguage":"nl-NL","@id":"https:\/\/fliparas.com\/#\/schema\/logo\/image\/","url":"https:\/\/fliparas.com\/wp-content\/uploads\/2024\/03\/Logo-Fliparas.png","contentUrl":"https:\/\/fliparas.com\/wp-content\/uploads\/2024\/03\/Logo-Fliparas.png","width":1024,"height":1024,"caption":"Fliparas"},"image":{"@id":"https:\/\/fliparas.com\/#\/schema\/logo\/image\/"}}]},"product_price_amount":"3800.00","product_price_currency":"EUR","og_availability":"instock","product_availability":"instock","product_condition":"new"},"_links":{"self":[{"href":"https:\/\/fliparas.com\/nl\/wp-json\/wp\/v2\/product\/433","targetHints":{"allow":["GET"]}}],"collection":[{"href":"https:\/\/fliparas.com\/nl\/wp-json\/wp\/v2\/product"}],"about":[{"href":"https:\/\/fliparas.com\/nl\/wp-json\/wp\/v2\/types\/product"}],"wp:featuredmedia":[{"embeddable":true,"href":"https:\/\/fliparas.com\/nl\/wp-json\/wp\/v2\/media\/914"}],"wp:attachment":[{"href":"https:\/\/fliparas.com\/nl\/wp-json\/wp\/v2\/media?parent=433"}],"wp:term":[{"taxonomy":"product_brand","embeddable":true,"href":"https:\/\/fliparas.com\/nl\/wp-json\/wp\/v2\/product_brand?post=433"},{"taxonomy":"product_cat","embeddable":true,"href":"https:\/\/fliparas.com\/nl\/wp-json\/wp\/v2\/product_cat?post=433"},{"taxonomy":"product_tag","embeddable":true,"href":"https:\/\/fliparas.com\/nl\/wp-json\/wp\/v2\/product_tag?post=433"}],"curies":[{"name":"wp","href":"https:\/\/api.w.org\/{rel}","templated":true}]}}