{"id":444,"date":"2024-03-19T12:24:08","date_gmt":"2024-03-19T12:24:08","guid":{"rendered":"https:\/\/fliparas.com\/?post_type=product&#038;p=444"},"modified":"2025-01-31T11:27:04","modified_gmt":"2025-01-31T10:27:04","slug":"catamaran-diner-mallorca","status":"publish","type":"product","link":"https:\/\/fliparas.com\/nl\/activiteit\/catamaran-diner-mallorca\/","title":{"rendered":"Catamaran diner Mallorca"},"content":{"rendered":"<p>Catamaran diner Mallorca. Wat is er beter dan dineren op een boot langs de kust van Palma de Mallorca?<\/p>\n<p>De beste vrijgezellenfeesten met <a href=\"https:\/\/fliparas.com\/nl\/vrijgezellenfeest-2\/\">Vrijgezellenfeest<\/a>! <a href=\"https:\/\/fliparas.com\/nl\/vrijgezellenfeest\/\">Hen feestje<\/a>!<\/p>\n<h2 style=\"text-align: center;\">Catamaran diner Mallorca \ud83d\udea4<\/h2>\n<p style=\"text-align: center;\">MINIMALE VERKOOP: 8 PERSONEN.<\/p>\n<h4>Ontdek het wonder van de zonsondergang aan boord van onze catamaran! \u26f5\ud83c\udf7d\ufe0f<\/h4>\n<p>Ga op een onvergetelijk avontuur in het hart van de Middellandse Zee met onze vier uur durende catamaranexcursie bij zonsondergang, een magische ervaring die de natuurlijke schoonheid van Mallorca combineert met een heerlijk culinair avontuur.<\/p>\n<p>\ud83c\udfd6\ufe0f Glijd langs de turquoise stranden, aanschouw de majesteit van de baai van Palma en tril bij de opwinding van de overtocht met een catamaran.<\/p>\n<p>Tijdens onze tussenstop wordt er een uitgebreid buffet geserveerd. Onze voortreffelijke catering bestaat uit manden vers brood, zelfgemaakte ali-oli, pesto focaccia en guacamole met knapperige chips.<\/p>\n<p>\ud83e\udd57 Verwen je smaakpapillen met frisse salades zoals gerookte quinoa en rode biet, spinazie en sinaasappel. Geniet van delicatessen met zeevruchten zoals gerookte zalmwraps, caprese spiesjes en aubergine parmigiana.<\/p>\n<p>\ud83c\udf54 Voor vleesliefhebbers: ontdek onze mini-runderburgers en piadina met ham, rucola en kaas. Voor exotische smaken mag je de kip tikka masala spies niet missen.<\/p>\n<p>En als dessert mini-cr\u00e8me br\u00fbl\u00e9es met rode vruchten en een onweerstaanbare chocoladebrownie (veganistische optie verkrijgbaar).<\/p>\n<p>Boek nu voor een diner bij zonsondergang bij <a href=\"https:\/\/es.wikipedia.org\/wiki\/Palma_de_Mallorca\">Palma<\/a>!<\/p>\n<p>\ud83d\udea2 Geniet van elk moment op ons uitgestrekte dek, proef lekkernijen terwijl je geniet van het betoverende schouwspel van de ondergaande zon. Een onvergetelijke gastronomische ervaring die samensmelt met de magie van de zee op Mallorca om u eeuwige herinneringen te bieden! \ud83c\udf05\ud83c\udf0a<\/p>","protected":false},"excerpt":{"rendered":"<p>Catamaran diner Mallorca. Wat is er beter dan dineren op een boot langs de kust van Palma de Mallorca?<\/p>\n<p>MINIMALE VERKOOP: 8 PERSONEN.<\/p>","protected":false},"featured_media":845,"template":"","meta":[],"product_brand":[425],"product_cat":[193,165,194],"product_tag":[232,231],"class_list":{"0":"post-444","1":"product","2":"type-product","3":"status-publish","4":"has-post-thumbnail","6":"product_brand-fliparas-inc","7":"product_cat-hen-party-mallorca","8":"product_cat-mallorca","9":"product_cat-stag-party-mallorca","10":"product_tag-catamaran-dinner","11":"product_tag-catamaran-dinner-mallorca","13":"first","14":"instock","15":"virtual","16":"sold-individually","17":"purchasable","18":"product-type-booking"},"yoast_head":"<!-- This site is optimized with the Yoast SEO plugin v26.9 - https:\/\/yoast.com\/product\/yoast-seo-wordpress\/ -->\n<title>Catamaran Dinner Mallorca<\/title>\n<meta name=\"description\" content=\"Catamaran Dinner Mallorca. What&#039;s better than dinner on a boat along the coast of Palma de Mallorca? Four o&#039;clock in the evening with dinner.\" \/>\n<meta name=\"robots\" content=\"index, follow, max-snippet:-1, max-image-preview:large, max-video-preview:-1\" \/>\n<link rel=\"canonical\" href=\"https:\/\/fliparas.com\/nl\/activiteit\/catamaran-diner-mallorca\/\" \/>\n<meta property=\"og:locale\" content=\"nl_NL\" \/>\n<meta property=\"og:type\" content=\"article\" \/>\n<meta property=\"og:title\" content=\"Catamaran Dinner Mallorca\" \/>\n<meta property=\"og:description\" content=\"Catamaran Dinner Mallorca. What&#039;s better than dinner on a boat along the coast of Palma de Mallorca? Four o&#039;clock in the evening with dinner.\" \/>\n<meta property=\"og:url\" content=\"https:\/\/fliparas.com\/nl\/activiteit\/catamaran-diner-mallorca\/\" \/>\n<meta property=\"og:site_name\" content=\"Agency Specialised in Stag and Hen Parties\" \/>\n<meta property=\"article:modified_time\" content=\"2025-01-31T10:27:04+00:00\" \/>\n<meta property=\"og:image\" content=\"https:\/\/fliparas.com\/wp-content\/uploads\/2024\/03\/Catamaran-Dinner-img.jpeg\" \/>\n\t<meta property=\"og:image:width\" content=\"1024\" \/>\n\t<meta property=\"og:image:height\" content=\"1024\" \/>\n\t<meta property=\"og:image:type\" content=\"image\/jpeg\" \/>\n<meta name=\"twitter:card\" content=\"summary_large_image\" \/>\n<meta name=\"twitter:label1\" content=\"Prijs\" \/>\n\t<meta name=\"twitter:data1\" content=\"55,00&nbsp;&euro;\" \/>\n\t<meta name=\"twitter:label2\" content=\"Beschikbaarheid\" \/>\n\t<meta name=\"twitter:data2\" content=\"Op voorraad\" \/>\n<script type=\"application\/ld+json\" class=\"yoast-schema-graph\">{\"@context\":\"https:\/\/schema.org\",\"@graph\":[{\"@type\":\"WebPage\",\"@id\":\"https:\/\/fliparas.com\/activity\/catamaran-dinner-mallorca\/\",\"url\":\"https:\/\/fliparas.com\/activity\/catamaran-dinner-mallorca\/\",\"name\":\"Catamaran Dinner Mallorca\",\"isPartOf\":{\"@id\":\"https:\/\/fliparas.com\/#website\"},\"primaryImageOfPage\":{\"@id\":\"https:\/\/fliparas.com\/activity\/catamaran-dinner-mallorca\/#primaryimage\"},\"image\":{\"@id\":\"https:\/\/fliparas.com\/activity\/catamaran-dinner-mallorca\/#primaryimage\"},\"thumbnailUrl\":\"https:\/\/fliparas.com\/wp-content\/uploads\/2024\/03\/Catamaran-Dinner-img.jpeg\",\"datePublished\":\"2024-03-19T12:24:08+00:00\",\"dateModified\":\"2025-01-31T10:27:04+00:00\",\"description\":\"Catamaran Dinner Mallorca. What's better than dinner on a boat along the coast of Palma de Mallorca? Four o'clock in the evening with dinner.\",\"breadcrumb\":{\"@id\":\"https:\/\/fliparas.com\/activity\/catamaran-dinner-mallorca\/#breadcrumb\"},\"inLanguage\":\"nl-NL\",\"potentialAction\":[{\"@type\":\"ReadAction\",\"target\":[\"https:\/\/fliparas.com\/activity\/catamaran-dinner-mallorca\/\"]}]},{\"@type\":\"ImageObject\",\"inLanguage\":\"nl-NL\",\"@id\":\"https:\/\/fliparas.com\/activity\/catamaran-dinner-mallorca\/#primaryimage\",\"url\":\"https:\/\/fliparas.com\/wp-content\/uploads\/2024\/03\/Catamaran-Dinner-img.jpeg\",\"contentUrl\":\"https:\/\/fliparas.com\/wp-content\/uploads\/2024\/03\/Catamaran-Dinner-img.jpeg\",\"width\":1024,\"height\":1024},{\"@type\":\"BreadcrumbList\",\"@id\":\"https:\/\/fliparas.com\/activity\/catamaran-dinner-mallorca\/#breadcrumb\",\"itemListElement\":[{\"@type\":\"ListItem\",\"position\":1,\"name\":\"Home\",\"item\":\"https:\/\/fliparas.com\/\"},{\"@type\":\"ListItem\",\"position\":2,\"name\":\"Shop\",\"item\":\"https:\/\/fliparas.com\/shop\/\"},{\"@type\":\"ListItem\",\"position\":3,\"name\":\"Catamaran Dinner Mallorca\"}]},{\"@type\":\"WebSite\",\"@id\":\"https:\/\/fliparas.com\/#website\",\"url\":\"https:\/\/fliparas.com\/\",\"name\":\"Agency Specialised in Stag and Hen Parties\",\"description\":\"Trust the highest rated agency to organize an unforgettable stag and hen parties in Europe\",\"publisher\":{\"@id\":\"https:\/\/fliparas.com\/#organization\"},\"alternateName\":\"Fliparas Agency Specialised in Stag and Hen Parties\",\"potentialAction\":[{\"@type\":\"SearchAction\",\"target\":{\"@type\":\"EntryPoint\",\"urlTemplate\":\"https:\/\/fliparas.com\/?s={search_term_string}\"},\"query-input\":{\"@type\":\"PropertyValueSpecification\",\"valueRequired\":true,\"valueName\":\"search_term_string\"}}],\"inLanguage\":\"nl-NL\"},{\"@type\":\"Organization\",\"@id\":\"https:\/\/fliparas.com\/#organization\",\"name\":\"Fliparas\",\"alternateName\":\"Agency Specialised in Stag and Hen Parties\",\"url\":\"https:\/\/fliparas.com\/\",\"logo\":{\"@type\":\"ImageObject\",\"inLanguage\":\"nl-NL\",\"@id\":\"https:\/\/fliparas.com\/#\/schema\/logo\/image\/\",\"url\":\"https:\/\/fliparas.com\/wp-content\/uploads\/2024\/03\/Logo-Fliparas.png\",\"contentUrl\":\"https:\/\/fliparas.com\/wp-content\/uploads\/2024\/03\/Logo-Fliparas.png\",\"width\":1024,\"height\":1024,\"caption\":\"Fliparas\"},\"image\":{\"@id\":\"https:\/\/fliparas.com\/#\/schema\/logo\/image\/\"}}]}<\/script>\n<meta property=\"product:price:amount\" content=\"55.00\" \/>\n<meta property=\"product:price:currency\" content=\"EUR\" \/>\n<meta property=\"og:availability\" content=\"instock\" \/>\n<meta property=\"product:availability\" content=\"instock\" \/>\n<meta property=\"product:condition\" content=\"new\" \/>\n<!-- \/ Yoast SEO plugin. -->","yoast_head_json":{"title":"Catamaran diner Mallorca","description":"Catamaran diner Mallorca. Wat is er beter dan dineren op een boot langs de kust van Palma de Mallorca? Vier uur 's avonds met een diner.","robots":{"index":"index","follow":"follow","max-snippet":"max-snippet:-1","max-image-preview":"max-image-preview:large","max-video-preview":"max-video-preview:-1"},"canonical":"https:\/\/fliparas.com\/nl\/activiteit\/catamaran-diner-mallorca\/","og_locale":"nl_NL","og_type":"article","og_title":"Catamaran Dinner Mallorca","og_description":"Catamaran Dinner Mallorca. What's better than dinner on a boat along the coast of Palma de Mallorca? Four o'clock in the evening with dinner.","og_url":"https:\/\/fliparas.com\/nl\/activiteit\/catamaran-diner-mallorca\/","og_site_name":"Agency Specialised in Stag and Hen Parties","article_modified_time":"2025-01-31T10:27:04+00:00","og_image":[{"width":1024,"height":1024,"url":"https:\/\/fliparas.com\/wp-content\/uploads\/2024\/03\/Catamaran-Dinner-img.jpeg","type":"image\/jpeg"}],"twitter_card":"summary_large_image","twitter_misc":{"Prijs":"55,00&nbsp;&euro;","Beschikbaarheid":"Op voorraad"},"schema":{"@context":"https:\/\/schema.org","@graph":[{"@type":"WebPage","@id":"https:\/\/fliparas.com\/activity\/catamaran-dinner-mallorca\/","url":"https:\/\/fliparas.com\/activity\/catamaran-dinner-mallorca\/","name":"Catamaran diner Mallorca","isPartOf":{"@id":"https:\/\/fliparas.com\/#website"},"primaryImageOfPage":{"@id":"https:\/\/fliparas.com\/activity\/catamaran-dinner-mallorca\/#primaryimage"},"image":{"@id":"https:\/\/fliparas.com\/activity\/catamaran-dinner-mallorca\/#primaryimage"},"thumbnailUrl":"https:\/\/fliparas.com\/wp-content\/uploads\/2024\/03\/Catamaran-Dinner-img.jpeg","datePublished":"2024-03-19T12:24:08+00:00","dateModified":"2025-01-31T10:27:04+00:00","description":"Catamaran diner Mallorca. Wat is er beter dan dineren op een boot langs de kust van Palma de Mallorca? Vier uur 's avonds met een diner.","breadcrumb":{"@id":"https:\/\/fliparas.com\/activity\/catamaran-dinner-mallorca\/#breadcrumb"},"inLanguage":"nl-NL","potentialAction":[{"@type":"ReadAction","target":["https:\/\/fliparas.com\/activity\/catamaran-dinner-mallorca\/"]}]},{"@type":"ImageObject","inLanguage":"nl-NL","@id":"https:\/\/fliparas.com\/activity\/catamaran-dinner-mallorca\/#primaryimage","url":"https:\/\/fliparas.com\/wp-content\/uploads\/2024\/03\/Catamaran-Dinner-img.jpeg","contentUrl":"https:\/\/fliparas.com\/wp-content\/uploads\/2024\/03\/Catamaran-Dinner-img.jpeg","width":1024,"height":1024},{"@type":"BreadcrumbList","@id":"https:\/\/fliparas.com\/activity\/catamaran-dinner-mallorca\/#breadcrumb","itemListElement":[{"@type":"ListItem","position":1,"name":"Home","item":"https:\/\/fliparas.com\/"},{"@type":"ListItem","position":2,"name":"Shop","item":"https:\/\/fliparas.com\/shop\/"},{"@type":"ListItem","position":3,"name":"Catamaran Dinner Mallorca"}]},{"@type":"WebSite","@id":"https:\/\/fliparas.com\/#website","url":"https:\/\/fliparas.com\/","name":"Agentschap gespecialiseerd in Stag en Hen partijen","description":"Vertrouw op het best beoordeelde agentschap om een onvergetelijk vrijgezellenfeest in Europa te organiseren","publisher":{"@id":"https:\/\/fliparas.com\/#organization"},"alternateName":"Fliparas Agency Specialised in Stag and Hen Parties","potentialAction":[{"@type":"SearchAction","target":{"@type":"EntryPoint","urlTemplate":"https:\/\/fliparas.com\/?s={search_term_string}"},"query-input":{"@type":"PropertyValueSpecification","valueRequired":true,"valueName":"search_term_string"}}],"inLanguage":"nl-NL"},{"@type":"Organization","@id":"https:\/\/fliparas.com\/#organization","name":"Fliparas","alternateName":"Agency Specialised in Stag and Hen Parties","url":"https:\/\/fliparas.com\/","logo":{"@type":"ImageObject","inLanguage":"nl-NL","@id":"https:\/\/fliparas.com\/#\/schema\/logo\/image\/","url":"https:\/\/fliparas.com\/wp-content\/uploads\/2024\/03\/Logo-Fliparas.png","contentUrl":"https:\/\/fliparas.com\/wp-content\/uploads\/2024\/03\/Logo-Fliparas.png","width":1024,"height":1024,"caption":"Fliparas"},"image":{"@id":"https:\/\/fliparas.com\/#\/schema\/logo\/image\/"}}]},"product_price_amount":"55.00","product_price_currency":"EUR","og_availability":"instock","product_availability":"instock","product_condition":"new"},"_links":{"self":[{"href":"https:\/\/fliparas.com\/nl\/wp-json\/wp\/v2\/product\/444","targetHints":{"allow":["GET"]}}],"collection":[{"href":"https:\/\/fliparas.com\/nl\/wp-json\/wp\/v2\/product"}],"about":[{"href":"https:\/\/fliparas.com\/nl\/wp-json\/wp\/v2\/types\/product"}],"wp:featuredmedia":[{"embeddable":true,"href":"https:\/\/fliparas.com\/nl\/wp-json\/wp\/v2\/media\/845"}],"wp:attachment":[{"href":"https:\/\/fliparas.com\/nl\/wp-json\/wp\/v2\/media?parent=444"}],"wp:term":[{"taxonomy":"product_brand","embeddable":true,"href":"https:\/\/fliparas.com\/nl\/wp-json\/wp\/v2\/product_brand?post=444"},{"taxonomy":"product_cat","embeddable":true,"href":"https:\/\/fliparas.com\/nl\/wp-json\/wp\/v2\/product_cat?post=444"},{"taxonomy":"product_tag","embeddable":true,"href":"https:\/\/fliparas.com\/nl\/wp-json\/wp\/v2\/product_tag?post=444"}],"curies":[{"name":"wp","href":"https:\/\/api.w.org\/{rel}","templated":true}]}}