{"id":445,"date":"2024-03-19T12:24:08","date_gmt":"2024-03-19T12:24:08","guid":{"rendered":"https:\/\/fliparas.com\/?post_type=product&#038;p=445"},"modified":"2025-01-31T11:27:04","modified_gmt":"2025-01-31T10:27:04","slug":"lunch-op-boot-mallorca","status":"publish","type":"product","link":"https:\/\/fliparas.com\/nl\/activiteit\/lunch-op-boot-mallorca\/","title":{"rendered":"Lunch op boot Mallorca"},"content":{"rendered":"<p>Lunch op boot in Mallorca. Geniet van een vijf uur durende boottocht met muziek en lunch inbegrepen.<\/p>\n<p>De beste vrijgezellenfeesten met <a href=\"https:\/\/fliparas.com\/nl\/vrijgezellenfeest-2\/\">Vrijgezellenfeest<\/a>! <a href=\"https:\/\/fliparas.com\/nl\/vrijgezellenfeest\/\">Hen feestje<\/a>!<\/p>\n<h2 style=\"text-align: center;\">Lunch op boot in Mallorca \ud83c\udf7d\ufe0f<\/h2>\n<h4>Ontdek de geneugten van de Catamaran in het hart van de Middellandse Zee! \u26f5\ud83c\udf7d\ufe0f<\/h4>\n<p>Vertrek om 10 uur 's ochtends vanuit de haven voor een 5 uur durende catamaranontsnapping, een zeeavontuur dat ontspanning, verkenning en een unieke gastronomische ervaring combineert.<\/p>\n<p>Beleef een overtocht op muziek, ga zonnebaden op het dek, bewonder het kustlandschap, dans op het ritme van de golven of geniet gewoon van het zeilen in de open lucht.<\/p>\n<p>\ud83c\udfdd\ufe0f We gaan voor anker in het kristalheldere water van Cala Blava, een perfecte gelegenheid om de rijkdommen onder water te verkennen, te zwemmen, snorkelen of gewoon te relaxen in de zon op de netten van het voordek.<\/p>\n<p>\ud83c\udf7d\ufe0f Geniet van een uitzonderlijke eetervaring op volle zee. Onze voortreffelijke catering omvat verse broodmandjes, zelfgemaakte ali-oli, pesto focaccia en guacamole met knapperige chips.<\/p>\n<p>\ud83e\udd57 Verwen je smaakpapillen met frisse salades zoals gerookte quinoa en rode biet, spinazie en sinaasappel. Geniet van delicatessen met zeevruchten zoals gerookte zalmwraps, caprese spiesjes en aubergine parmigiana.<\/p>\n<p>\ud83c\udf54 Voor vleesliefhebbers: ontdek onze mini-runderburgers en piadina met ham, rucola en kaas. Voor exotische smaken mag je de kip tikka masala spies niet missen.<\/p>\n<p>En als dessert mini-cr\u00e8me br\u00fbl\u00e9es met rode vruchten en een onweerstaanbare chocoladebrownie (veganistische optie verkrijgbaar).<\/p>\n<p>Boek nu voor een onvergetelijke dag op zee!<\/p>\n<p>Geniet van elk moment van dit unieke uitje dat ontspanning, avontuur en gastronomische hoogstandjes combineert in het hart van de Middellandse Zee. Een onvergetelijke catamaranervaring in Palma de Mallorca wacht op je! \ud83c\udf1e\ud83c\udf0a<\/p>","protected":false},"excerpt":{"rendered":"<p>Lunch op boot in Mallorca. Geniet van een vijf uur durende boottocht met muziek en lunch inbegrepen.<\/p>","protected":false},"featured_media":848,"template":"","meta":[],"product_brand":[425],"product_cat":[193,165,194],"product_tag":[234,233],"class_list":{"0":"post-445","1":"product","2":"type-product","3":"status-publish","4":"has-post-thumbnail","6":"product_brand-fliparas-inc","7":"product_cat-hen-party-mallorca","8":"product_cat-mallorca","9":"product_cat-stag-party-mallorca","10":"product_tag-lunch-on-boat","11":"product_tag-lunch-on-boat-mallorca","13":"first","14":"instock","15":"virtual","16":"sold-individually","17":"purchasable","18":"product-type-booking"},"yoast_head":"<!-- This site is optimized with the Yoast SEO plugin v26.9 - https:\/\/yoast.com\/product\/yoast-seo-wordpress\/ -->\n<title>Lunch on boat Mallorca<\/title>\n<meta name=\"description\" content=\"Lunch on boat in Mallorca. Enjoy a five-hour boat tour with music and lunch included. Launch in Catamaran Mallorca\" \/>\n<meta name=\"robots\" content=\"index, follow, max-snippet:-1, max-image-preview:large, max-video-preview:-1\" \/>\n<link rel=\"canonical\" href=\"https:\/\/fliparas.com\/nl\/activiteit\/lunch-op-boot-mallorca\/\" \/>\n<meta property=\"og:locale\" content=\"nl_NL\" \/>\n<meta property=\"og:type\" content=\"article\" \/>\n<meta property=\"og:title\" content=\"Lunch on boat Mallorca\" \/>\n<meta property=\"og:description\" content=\"Lunch on boat in Mallorca. Enjoy a five-hour boat tour with music and lunch included. Launch in Catamaran Mallorca\" \/>\n<meta property=\"og:url\" content=\"https:\/\/fliparas.com\/nl\/activiteit\/lunch-op-boot-mallorca\/\" \/>\n<meta property=\"og:site_name\" content=\"Agency Specialised in Stag and Hen Parties\" \/>\n<meta property=\"article:modified_time\" content=\"2025-01-31T10:27:04+00:00\" \/>\n<meta property=\"og:image\" content=\"https:\/\/fliparas.com\/wp-content\/uploads\/2024\/03\/Lunch-on-boat-img.jpeg\" \/>\n\t<meta property=\"og:image:width\" content=\"1024\" \/>\n\t<meta property=\"og:image:height\" content=\"1024\" \/>\n\t<meta property=\"og:image:type\" content=\"image\/jpeg\" \/>\n<meta name=\"twitter:card\" content=\"summary_large_image\" \/>\n<meta name=\"twitter:label1\" content=\"Prijs\" \/>\n\t<meta name=\"twitter:data1\" content=\"88,00&nbsp;&euro;\" \/>\n\t<meta name=\"twitter:label2\" content=\"Beschikbaarheid\" \/>\n\t<meta name=\"twitter:data2\" content=\"Op voorraad\" \/>\n<script type=\"application\/ld+json\" class=\"yoast-schema-graph\">{\"@context\":\"https:\/\/schema.org\",\"@graph\":[{\"@type\":\"WebPage\",\"@id\":\"https:\/\/fliparas.com\/activity\/lunch-on-boat-mallorca\/\",\"url\":\"https:\/\/fliparas.com\/activity\/lunch-on-boat-mallorca\/\",\"name\":\"Lunch on boat Mallorca\",\"isPartOf\":{\"@id\":\"https:\/\/fliparas.com\/#website\"},\"primaryImageOfPage\":{\"@id\":\"https:\/\/fliparas.com\/activity\/lunch-on-boat-mallorca\/#primaryimage\"},\"image\":{\"@id\":\"https:\/\/fliparas.com\/activity\/lunch-on-boat-mallorca\/#primaryimage\"},\"thumbnailUrl\":\"https:\/\/fliparas.com\/wp-content\/uploads\/2024\/03\/Lunch-on-boat-img.jpeg\",\"datePublished\":\"2024-03-19T12:24:08+00:00\",\"dateModified\":\"2025-01-31T10:27:04+00:00\",\"description\":\"Lunch on boat in Mallorca. Enjoy a five-hour boat tour with music and lunch included. Launch in Catamaran Mallorca\",\"breadcrumb\":{\"@id\":\"https:\/\/fliparas.com\/activity\/lunch-on-boat-mallorca\/#breadcrumb\"},\"inLanguage\":\"nl-NL\",\"potentialAction\":[{\"@type\":\"ReadAction\",\"target\":[\"https:\/\/fliparas.com\/activity\/lunch-on-boat-mallorca\/\"]}]},{\"@type\":\"ImageObject\",\"inLanguage\":\"nl-NL\",\"@id\":\"https:\/\/fliparas.com\/activity\/lunch-on-boat-mallorca\/#primaryimage\",\"url\":\"https:\/\/fliparas.com\/wp-content\/uploads\/2024\/03\/Lunch-on-boat-img.jpeg\",\"contentUrl\":\"https:\/\/fliparas.com\/wp-content\/uploads\/2024\/03\/Lunch-on-boat-img.jpeg\",\"width\":1024,\"height\":1024},{\"@type\":\"BreadcrumbList\",\"@id\":\"https:\/\/fliparas.com\/activity\/lunch-on-boat-mallorca\/#breadcrumb\",\"itemListElement\":[{\"@type\":\"ListItem\",\"position\":1,\"name\":\"Home\",\"item\":\"https:\/\/fliparas.com\/\"},{\"@type\":\"ListItem\",\"position\":2,\"name\":\"Shop\",\"item\":\"https:\/\/fliparas.com\/shop\/\"},{\"@type\":\"ListItem\",\"position\":3,\"name\":\"Lunch on boat Mallorca\"}]},{\"@type\":\"WebSite\",\"@id\":\"https:\/\/fliparas.com\/#website\",\"url\":\"https:\/\/fliparas.com\/\",\"name\":\"Agency Specialised in Stag and Hen Parties\",\"description\":\"Trust the highest rated agency to organize an unforgettable stag and hen parties in Europe\",\"publisher\":{\"@id\":\"https:\/\/fliparas.com\/#organization\"},\"alternateName\":\"Fliparas Agency Specialised in Stag and Hen Parties\",\"potentialAction\":[{\"@type\":\"SearchAction\",\"target\":{\"@type\":\"EntryPoint\",\"urlTemplate\":\"https:\/\/fliparas.com\/?s={search_term_string}\"},\"query-input\":{\"@type\":\"PropertyValueSpecification\",\"valueRequired\":true,\"valueName\":\"search_term_string\"}}],\"inLanguage\":\"nl-NL\"},{\"@type\":\"Organization\",\"@id\":\"https:\/\/fliparas.com\/#organization\",\"name\":\"Fliparas\",\"alternateName\":\"Agency Specialised in Stag and Hen Parties\",\"url\":\"https:\/\/fliparas.com\/\",\"logo\":{\"@type\":\"ImageObject\",\"inLanguage\":\"nl-NL\",\"@id\":\"https:\/\/fliparas.com\/#\/schema\/logo\/image\/\",\"url\":\"https:\/\/fliparas.com\/wp-content\/uploads\/2024\/03\/Logo-Fliparas.png\",\"contentUrl\":\"https:\/\/fliparas.com\/wp-content\/uploads\/2024\/03\/Logo-Fliparas.png\",\"width\":1024,\"height\":1024,\"caption\":\"Fliparas\"},\"image\":{\"@id\":\"https:\/\/fliparas.com\/#\/schema\/logo\/image\/\"}}]}<\/script>\n<meta property=\"product:price:amount\" content=\"88.00\" \/>\n<meta property=\"product:price:currency\" content=\"EUR\" \/>\n<meta property=\"og:availability\" content=\"instock\" \/>\n<meta property=\"product:availability\" content=\"instock\" \/>\n<meta property=\"product:condition\" content=\"new\" \/>\n<!-- \/ Yoast SEO plugin. -->","yoast_head_json":{"title":"Lunch op boot Mallorca","description":"Lunch op boot in Mallorca. Geniet van een vijf uur durende boottocht met muziek en lunch inbegrepen. Tewaterlating in Catamaran Mallorca","robots":{"index":"index","follow":"follow","max-snippet":"max-snippet:-1","max-image-preview":"max-image-preview:large","max-video-preview":"max-video-preview:-1"},"canonical":"https:\/\/fliparas.com\/nl\/activiteit\/lunch-op-boot-mallorca\/","og_locale":"nl_NL","og_type":"article","og_title":"Lunch on boat Mallorca","og_description":"Lunch on boat in Mallorca. Enjoy a five-hour boat tour with music and lunch included. Launch in Catamaran Mallorca","og_url":"https:\/\/fliparas.com\/nl\/activiteit\/lunch-op-boot-mallorca\/","og_site_name":"Agency Specialised in Stag and Hen Parties","article_modified_time":"2025-01-31T10:27:04+00:00","og_image":[{"width":1024,"height":1024,"url":"https:\/\/fliparas.com\/wp-content\/uploads\/2024\/03\/Lunch-on-boat-img.jpeg","type":"image\/jpeg"}],"twitter_card":"summary_large_image","twitter_misc":{"Prijs":"88,00&nbsp;&euro;","Beschikbaarheid":"Op voorraad"},"schema":{"@context":"https:\/\/schema.org","@graph":[{"@type":"WebPage","@id":"https:\/\/fliparas.com\/activity\/lunch-on-boat-mallorca\/","url":"https:\/\/fliparas.com\/activity\/lunch-on-boat-mallorca\/","name":"Lunch op boot Mallorca","isPartOf":{"@id":"https:\/\/fliparas.com\/#website"},"primaryImageOfPage":{"@id":"https:\/\/fliparas.com\/activity\/lunch-on-boat-mallorca\/#primaryimage"},"image":{"@id":"https:\/\/fliparas.com\/activity\/lunch-on-boat-mallorca\/#primaryimage"},"thumbnailUrl":"https:\/\/fliparas.com\/wp-content\/uploads\/2024\/03\/Lunch-on-boat-img.jpeg","datePublished":"2024-03-19T12:24:08+00:00","dateModified":"2025-01-31T10:27:04+00:00","description":"Lunch op boot in Mallorca. Geniet van een vijf uur durende boottocht met muziek en lunch inbegrepen. Tewaterlating in Catamaran Mallorca","breadcrumb":{"@id":"https:\/\/fliparas.com\/activity\/lunch-on-boat-mallorca\/#breadcrumb"},"inLanguage":"nl-NL","potentialAction":[{"@type":"ReadAction","target":["https:\/\/fliparas.com\/activity\/lunch-on-boat-mallorca\/"]}]},{"@type":"ImageObject","inLanguage":"nl-NL","@id":"https:\/\/fliparas.com\/activity\/lunch-on-boat-mallorca\/#primaryimage","url":"https:\/\/fliparas.com\/wp-content\/uploads\/2024\/03\/Lunch-on-boat-img.jpeg","contentUrl":"https:\/\/fliparas.com\/wp-content\/uploads\/2024\/03\/Lunch-on-boat-img.jpeg","width":1024,"height":1024},{"@type":"BreadcrumbList","@id":"https:\/\/fliparas.com\/activity\/lunch-on-boat-mallorca\/#breadcrumb","itemListElement":[{"@type":"ListItem","position":1,"name":"Home","item":"https:\/\/fliparas.com\/"},{"@type":"ListItem","position":2,"name":"Shop","item":"https:\/\/fliparas.com\/shop\/"},{"@type":"ListItem","position":3,"name":"Lunch on boat Mallorca"}]},{"@type":"WebSite","@id":"https:\/\/fliparas.com\/#website","url":"https:\/\/fliparas.com\/","name":"Agentschap gespecialiseerd in Stag en Hen partijen","description":"Vertrouw op het best beoordeelde agentschap om een onvergetelijk vrijgezellenfeest in Europa te organiseren","publisher":{"@id":"https:\/\/fliparas.com\/#organization"},"alternateName":"Fliparas Agency Specialised in Stag and Hen Parties","potentialAction":[{"@type":"SearchAction","target":{"@type":"EntryPoint","urlTemplate":"https:\/\/fliparas.com\/?s={search_term_string}"},"query-input":{"@type":"PropertyValueSpecification","valueRequired":true,"valueName":"search_term_string"}}],"inLanguage":"nl-NL"},{"@type":"Organization","@id":"https:\/\/fliparas.com\/#organization","name":"Fliparas","alternateName":"Agency Specialised in Stag and Hen Parties","url":"https:\/\/fliparas.com\/","logo":{"@type":"ImageObject","inLanguage":"nl-NL","@id":"https:\/\/fliparas.com\/#\/schema\/logo\/image\/","url":"https:\/\/fliparas.com\/wp-content\/uploads\/2024\/03\/Logo-Fliparas.png","contentUrl":"https:\/\/fliparas.com\/wp-content\/uploads\/2024\/03\/Logo-Fliparas.png","width":1024,"height":1024,"caption":"Fliparas"},"image":{"@id":"https:\/\/fliparas.com\/#\/schema\/logo\/image\/"}}]},"product_price_amount":"88.00","product_price_currency":"EUR","og_availability":"instock","product_availability":"instock","product_condition":"new"},"_links":{"self":[{"href":"https:\/\/fliparas.com\/nl\/wp-json\/wp\/v2\/product\/445","targetHints":{"allow":["GET"]}}],"collection":[{"href":"https:\/\/fliparas.com\/nl\/wp-json\/wp\/v2\/product"}],"about":[{"href":"https:\/\/fliparas.com\/nl\/wp-json\/wp\/v2\/types\/product"}],"wp:featuredmedia":[{"embeddable":true,"href":"https:\/\/fliparas.com\/nl\/wp-json\/wp\/v2\/media\/848"}],"wp:attachment":[{"href":"https:\/\/fliparas.com\/nl\/wp-json\/wp\/v2\/media?parent=445"}],"wp:term":[{"taxonomy":"product_brand","embeddable":true,"href":"https:\/\/fliparas.com\/nl\/wp-json\/wp\/v2\/product_brand?post=445"},{"taxonomy":"product_cat","embeddable":true,"href":"https:\/\/fliparas.com\/nl\/wp-json\/wp\/v2\/product_cat?post=445"},{"taxonomy":"product_tag","embeddable":true,"href":"https:\/\/fliparas.com\/nl\/wp-json\/wp\/v2\/product_tag?post=445"}],"curies":[{"name":"wp","href":"https:\/\/api.w.org\/{rel}","templated":true}]}}