{"id":3,"date":"2024-03-14T09:01:09","date_gmt":"2024-03-14T09:01:09","guid":{"rendered":"https:\/\/fliparas.com\/?page_id=3"},"modified":"2024-03-26T09:10:03","modified_gmt":"2024-03-26T09:10:03","slug":"politica-de-privacidade","status":"publish","type":"page","link":"https:\/\/fliparas.com\/pt\/politica-de-privacidade\/","title":{"rendered":"Pol\u00edtica de privacidade"},"content":{"rendered":"<p>Pol\u00edtica de privacidade <br \/>\u00daltima atualiza\u00e7\u00e3o em 26-Mar-2024 <br \/>Data de vig\u00eancia 26-Mar-2024 <\/p>\n<p>Esta Pol\u00edtica de Privacidade descreve as pol\u00edticas da Fliparas, Reina Amalia 8, Barcelona 08001, Espanha, email: hola@fliparas.com, telefone: +34669811920 sobre a recolha, utiliza\u00e7\u00e3o e divulga\u00e7\u00e3o das suas informa\u00e7\u00f5es que recolhemos quando utiliza o nosso site ( https:\/\/fliparas.com ). (o \"Servi\u00e7o\"). Ao aceder ou utilizar o Servi\u00e7o, o utilizador est\u00e1 a consentir a recolha, utiliza\u00e7\u00e3o e divulga\u00e7\u00e3o das suas informa\u00e7\u00f5es de acordo com a presente Pol\u00edtica de Privacidade. Se n\u00e3o concordar com o mesmo, por favor n\u00e3o aceda ou utilize o Servi\u00e7o. <br \/>Podemos modificar esta Pol\u00edtica de Privacidade em qualquer altura sem qualquer aviso pr\u00e9vio ao utilizador e publicaremos a Pol\u00edtica de Privacidade revista no Servi\u00e7o. A Pol\u00edtica revista entrar\u00e1 em vigor 180 dias ap\u00f3s a publica\u00e7\u00e3o da Pol\u00edtica revista no Servi\u00e7o e o seu acesso ou utiliza\u00e7\u00e3o continuada do Servi\u00e7o ap\u00f3s esse per\u00edodo constituir\u00e1 a sua aceita\u00e7\u00e3o da Pol\u00edtica de Privacidade revista. Por conseguinte, recomendamos que reveja periodicamente esta p\u00e1gina. <\/p>\n<p>Como utilizamos as suas informa\u00e7\u00f5es: <br \/>Utilizaremos as informa\u00e7\u00f5es que recolhemos sobre o utilizador para os seguintes fins <\/p>\n<p>Marketing\/Promocional<br \/>Publicidade direccionada<br \/>Gerir a encomenda do cliente<br \/>Se pretendermos utilizar as suas informa\u00e7\u00f5es para qualquer outro fim, pedir-lhe-emos o seu consentimento e s\u00f3 utilizaremos as suas informa\u00e7\u00f5es depois de recebermos o seu consentimento e, em seguida, apenas para o(s) fim(ns) para o(s) qual(is) concedeu o seu consentimento, a menos que sejamos obrigados por lei a fazer o contr\u00e1rio. <\/p>\n<p>Os seus direitos: <br \/>Dependendo da lei aplic\u00e1vel, pode ter o direito de aceder e retificar ou apagar os seus dados pessoais ou receber uma c\u00f3pia dos seus dados pessoais, restringir ou opor-se ao processamento ativo dos seus dados, pedir-nos para partilhar (portar) as suas informa\u00e7\u00f5es pessoais com outra entidade, retirar qualquer consentimento que nos tenha dado para processar os seus dados, o direito de apresentar uma queixa junto de uma autoridade estatut\u00e1ria e outros direitos que possam ser relevantes ao abrigo da legisla\u00e7\u00e3o aplic\u00e1vel. Para exercer estes direitos, pode escrever-nos para hola@fliparas.com. Responderemos ao seu pedido em conformidade com a legisla\u00e7\u00e3o aplic\u00e1vel. <br \/>Tenha em aten\u00e7\u00e3o que, se n\u00e3o nos autorizar a recolher ou processar as informa\u00e7\u00f5es pessoais necess\u00e1rias ou se retirar o consentimento para o processamento das mesmas para os fins pretendidos, poder\u00e1 n\u00e3o conseguir aceder ou utilizar os servi\u00e7os para os quais as suas informa\u00e7\u00f5es foram solicitadas. <\/p>\n<p>Cookies Etc. <br \/>Para saber mais sobre a forma como as utilizamos e as suas escolhas em rela\u00e7\u00e3o a estas tecnologias de rastreio, consulte a nossa Pol\u00edtica de Cookies. <\/p>\n<p>Seguran\u00e7a: <br \/>A seguran\u00e7a das suas informa\u00e7\u00f5es \u00e9 importante para n\u00f3s e utilizaremos medidas de seguran\u00e7a razo\u00e1veis para evitar a perda, utiliza\u00e7\u00e3o indevida ou altera\u00e7\u00e3o n\u00e3o autorizada das suas informa\u00e7\u00f5es sob o nosso controlo. No entanto, tendo em conta os riscos inerentes, n\u00e3o podemos garantir uma seguran\u00e7a absoluta e, consequentemente, n\u00e3o podemos assegurar ou garantir a seguran\u00e7a de quaisquer informa\u00e7\u00f5es que nos transmita e f\u00e1-lo-\u00e1 por sua conta e risco. <\/p>\n<p>Respons\u00e1vel pelas queixas \/ prote\u00e7\u00e3o de dados: <br \/>Se tiver quaisquer d\u00favidas ou preocupa\u00e7\u00f5es sobre o processamento das suas informa\u00e7\u00f5es que est\u00e3o dispon\u00edveis connosco, pode enviar um e-mail para o nosso Respons\u00e1vel pelas Reclama\u00e7\u00f5es em Fliparas, Reina Amalia 8, e-mail: hola@fliparas.com. Iremos abordar as suas preocupa\u00e7\u00f5es de acordo com a lei aplic\u00e1vel. <\/p>\n<p>Pol\u00edtica de privacidade gerada com CookieYes. <\/p>","protected":false},"excerpt":{"rendered":"<p>Privacy Policy Last Updated On 26-Mar-2024 Effective Date 26-Mar-2024 This Privacy Policy describes the policies of Fliparas, Reina Amalia 8, Barcelona 08001, Spain, email: hola@fliparas.com, phone: +34669811920 on the collection, use and disclosure of your information that we collect when you use our website ( https:\/\/fliparas.com ). (the \u201cService\u201d). By accessing or using the Service, [&#8230;]\n","protected":false},"author":1,"featured_media":0,"parent":0,"menu_order":0,"comment_status":"closed","ping_status":"open","template":"","meta":{"footnotes":""},"class_list":["post-3","page","type-page","status-publish","hentry"],"yoast_head":"<!-- This site is optimized with the Yoast SEO plugin v26.9 - https:\/\/yoast.com\/product\/yoast-seo-wordpress\/ -->\n<title>Privacy Policy<\/title>\n<meta name=\"description\" content=\"Privacy Policy Last Updated On 26-Mar-2024 Effective Date 26-Mar-2024 This Privacy Policy describes the policies of Fliparas, Reina Amalia 8, Barcelona\" \/>\n<meta name=\"robots\" content=\"index, follow, max-snippet:-1, max-image-preview:large, max-video-preview:-1\" \/>\n<link rel=\"canonical\" href=\"https:\/\/fliparas.com\/pt\/politica-de-privacidade\/\" \/>\n<meta property=\"og:locale\" content=\"pt_PT\" \/>\n<meta property=\"og:type\" content=\"article\" \/>\n<meta property=\"og:title\" content=\"Privacy Policy\" \/>\n<meta property=\"og:description\" content=\"Privacy Policy Last Updated On 26-Mar-2024 Effective Date 26-Mar-2024 This Privacy Policy describes the policies of Fliparas, Reina Amalia 8, Barcelona\" \/>\n<meta property=\"og:url\" content=\"https:\/\/fliparas.com\/pt\/politica-de-privacidade\/\" \/>\n<meta property=\"og:site_name\" content=\"Agency Specialised in Stag and Hen Parties\" \/>\n<meta property=\"article:modified_time\" content=\"2024-03-26T09:10:03+00:00\" \/>\n<meta property=\"og:image\" content=\"https:\/\/fliparas.com\/wp-content\/uploads\/2024\/03\/Logo-Fliparas-Rec.png\" \/>\n\t<meta property=\"og:image:width\" content=\"1024\" \/>\n\t<meta property=\"og:image:height\" content=\"576\" \/>\n\t<meta property=\"og:image:type\" content=\"image\/png\" \/>\n<meta name=\"twitter:card\" content=\"summary_large_image\" \/>\n<meta name=\"twitter:label1\" content=\"Tempo estimado de leitura\" \/>\n\t<meta name=\"twitter:data1\" content=\"3 minutos\" \/>\n<script type=\"application\/ld+json\" class=\"yoast-schema-graph\">{\"@context\":\"https:\/\/schema.org\",\"@graph\":[{\"@type\":\"WebPage\",\"@id\":\"https:\/\/fliparas.com\/privacy-policy\/\",\"url\":\"https:\/\/fliparas.com\/privacy-policy\/\",\"name\":\"Privacy Policy\",\"isPartOf\":{\"@id\":\"https:\/\/fliparas.com\/#website\"},\"datePublished\":\"2024-03-14T09:01:09+00:00\",\"dateModified\":\"2024-03-26T09:10:03+00:00\",\"description\":\"Privacy Policy Last Updated On 26-Mar-2024 Effective Date 26-Mar-2024 This Privacy Policy describes the policies of Fliparas, Reina Amalia 8, Barcelona\",\"breadcrumb\":{\"@id\":\"https:\/\/fliparas.com\/privacy-policy\/#breadcrumb\"},\"inLanguage\":\"pt-PT\",\"potentialAction\":[{\"@type\":\"ReadAction\",\"target\":[\"https:\/\/fliparas.com\/privacy-policy\/\"]}]},{\"@type\":\"BreadcrumbList\",\"@id\":\"https:\/\/fliparas.com\/privacy-policy\/#breadcrumb\",\"itemListElement\":[{\"@type\":\"ListItem\",\"position\":1,\"name\":\"Home\",\"item\":\"https:\/\/fliparas.com\/\"},{\"@type\":\"ListItem\",\"position\":2,\"name\":\"Privacy Policy\"}]},{\"@type\":\"WebSite\",\"@id\":\"https:\/\/fliparas.com\/#website\",\"url\":\"https:\/\/fliparas.com\/\",\"name\":\"Agency Specialised in Stag and Hen Parties\",\"description\":\"Trust the highest rated agency to organize an unforgettable stag and hen parties in Europe\",\"publisher\":{\"@id\":\"https:\/\/fliparas.com\/#organization\"},\"alternateName\":\"Fliparas Agency Specialised in Stag and Hen Parties\",\"potentialAction\":[{\"@type\":\"SearchAction\",\"target\":{\"@type\":\"EntryPoint\",\"urlTemplate\":\"https:\/\/fliparas.com\/?s={search_term_string}\"},\"query-input\":{\"@type\":\"PropertyValueSpecification\",\"valueRequired\":true,\"valueName\":\"search_term_string\"}}],\"inLanguage\":\"pt-PT\"},{\"@type\":\"Organization\",\"@id\":\"https:\/\/fliparas.com\/#organization\",\"name\":\"Fliparas\",\"alternateName\":\"Agency Specialised in Stag and Hen Parties\",\"url\":\"https:\/\/fliparas.com\/\",\"logo\":{\"@type\":\"ImageObject\",\"inLanguage\":\"pt-PT\",\"@id\":\"https:\/\/fliparas.com\/#\/schema\/logo\/image\/\",\"url\":\"https:\/\/fliparas.com\/wp-content\/uploads\/2024\/03\/Logo-Fliparas.png\",\"contentUrl\":\"https:\/\/fliparas.com\/wp-content\/uploads\/2024\/03\/Logo-Fliparas.png\",\"width\":1024,\"height\":1024,\"caption\":\"Fliparas\"},\"image\":{\"@id\":\"https:\/\/fliparas.com\/#\/schema\/logo\/image\/\"}}]}<\/script>\n<!-- \/ Yoast SEO plugin. -->","yoast_head_json":{"title":"Pol\u00edtica de privacidade","description":"Privacy Policy Last Updated On 26-Mar-2024 Effective Date 26-Mar-2024 This Privacy Policy describes the policies of Fliparas, Reina Amalia 8, Barcelona","robots":{"index":"index","follow":"follow","max-snippet":"max-snippet:-1","max-image-preview":"max-image-preview:large","max-video-preview":"max-video-preview:-1"},"canonical":"https:\/\/fliparas.com\/pt\/politica-de-privacidade\/","og_locale":"pt_PT","og_type":"article","og_title":"Privacy Policy","og_description":"Privacy Policy Last Updated On 26-Mar-2024 Effective Date 26-Mar-2024 This Privacy Policy describes the policies of Fliparas, Reina Amalia 8, Barcelona","og_url":"https:\/\/fliparas.com\/pt\/politica-de-privacidade\/","og_site_name":"Agency Specialised in Stag and Hen Parties","article_modified_time":"2024-03-26T09:10:03+00:00","og_image":[{"width":1024,"height":576,"url":"https:\/\/fliparas.com\/wp-content\/uploads\/2024\/03\/Logo-Fliparas-Rec.png","type":"image\/png"}],"twitter_card":"summary_large_image","twitter_misc":{"Tempo estimado de leitura":"3 minutos"},"schema":{"@context":"https:\/\/schema.org","@graph":[{"@type":"WebPage","@id":"https:\/\/fliparas.com\/privacy-policy\/","url":"https:\/\/fliparas.com\/privacy-policy\/","name":"Pol\u00edtica de privacidade","isPartOf":{"@id":"https:\/\/fliparas.com\/#website"},"datePublished":"2024-03-14T09:01:09+00:00","dateModified":"2024-03-26T09:10:03+00:00","description":"Privacy Policy Last Updated On 26-Mar-2024 Effective Date 26-Mar-2024 This Privacy Policy describes the policies of Fliparas, Reina Amalia 8, Barcelona","breadcrumb":{"@id":"https:\/\/fliparas.com\/privacy-policy\/#breadcrumb"},"inLanguage":"pt-PT","potentialAction":[{"@type":"ReadAction","target":["https:\/\/fliparas.com\/privacy-policy\/"]}]},{"@type":"BreadcrumbList","@id":"https:\/\/fliparas.com\/privacy-policy\/#breadcrumb","itemListElement":[{"@type":"ListItem","position":1,"name":"Home","item":"https:\/\/fliparas.com\/"},{"@type":"ListItem","position":2,"name":"Privacy Policy"}]},{"@type":"WebSite","@id":"https:\/\/fliparas.com\/#website","url":"https:\/\/fliparas.com\/","name":"Ag\u00eancia especializada em despedidas de solteiro e de solteira","description":"Confie na ag\u00eancia mais bem classificada para organizar uma despedida de solteiro ou de solteira inesquec\u00edvel na Europa","publisher":{"@id":"https:\/\/fliparas.com\/#organization"},"alternateName":"Fliparas Agency Specialised in Stag and Hen Parties","potentialAction":[{"@type":"SearchAction","target":{"@type":"EntryPoint","urlTemplate":"https:\/\/fliparas.com\/?s={search_term_string}"},"query-input":{"@type":"PropertyValueSpecification","valueRequired":true,"valueName":"search_term_string"}}],"inLanguage":"pt-PT"},{"@type":"Organization","@id":"https:\/\/fliparas.com\/#organization","name":"Fliparas","alternateName":"Agency Specialised in Stag and Hen Parties","url":"https:\/\/fliparas.com\/","logo":{"@type":"ImageObject","inLanguage":"pt-PT","@id":"https:\/\/fliparas.com\/#\/schema\/logo\/image\/","url":"https:\/\/fliparas.com\/wp-content\/uploads\/2024\/03\/Logo-Fliparas.png","contentUrl":"https:\/\/fliparas.com\/wp-content\/uploads\/2024\/03\/Logo-Fliparas.png","width":1024,"height":1024,"caption":"Fliparas"},"image":{"@id":"https:\/\/fliparas.com\/#\/schema\/logo\/image\/"}}]}},"_links":{"self":[{"href":"https:\/\/fliparas.com\/pt\/wp-json\/wp\/v2\/pages\/3","targetHints":{"allow":["GET"]}}],"collection":[{"href":"https:\/\/fliparas.com\/pt\/wp-json\/wp\/v2\/pages"}],"about":[{"href":"https:\/\/fliparas.com\/pt\/wp-json\/wp\/v2\/types\/page"}],"author":[{"embeddable":true,"href":"https:\/\/fliparas.com\/pt\/wp-json\/wp\/v2\/users\/1"}],"replies":[{"embeddable":true,"href":"https:\/\/fliparas.com\/pt\/wp-json\/wp\/v2\/comments?post=3"}],"version-history":[{"count":1,"href":"https:\/\/fliparas.com\/pt\/wp-json\/wp\/v2\/pages\/3\/revisions"}],"predecessor-version":[{"id":1385,"href":"https:\/\/fliparas.com\/pt\/wp-json\/wp\/v2\/pages\/3\/revisions\/1385"}],"wp:attachment":[{"href":"https:\/\/fliparas.com\/pt\/wp-json\/wp\/v2\/media?parent=3"}],"curies":[{"name":"wp","href":"https:\/\/api.w.org\/{rel}","templated":true}]}}