{"id":1374,"date":"2024-03-25T14:32:03","date_gmt":"2024-03-25T14:32:03","guid":{"rendered":"https:\/\/fliparas.com\/?post_type=product&#038;p=1374"},"modified":"2025-01-31T11:30:07","modified_gmt":"2025-01-31T10:30:07","slug":"parasailing-ibiza","status":"publish","type":"product","link":"https:\/\/fliparas.com\/pt\/atividade\/parasailing-ibiza\/","title":{"rendered":"Parasailing Ibiza"},"content":{"rendered":"<p>Parasailing Ibiza. Sobrevoa Ibiza a mais de cinquenta metros acima da \u00e1gua. Possibilidade de o fazer ao p\u00f4r do sol!<\/p>\n<p>As melhores despedidas de solteiro com <a href=\"https:\/\/fliparas.com\/pt\/despedida-de-solteiro\/\">Festa de despedida de solteiro<\/a>! <a href=\"https:\/\/fliparas.com\/pt\/festa-de-despedida-de-solteira\/\">Festa da galinha<\/a>!<\/p>\n<h2 style=\"text-align: center;\">Parasailing Ibiza \ud83e\ude82<\/h2>\n<h4>\ud83c\udf0a <strong>Parasailing em Ibiza: Experimente a emo\u00e7\u00e3o dos c\u00e9us do Mediterr\u00e2neo!<\/strong> \ud83e\ude82<\/h4>\n<p>Prepare-se para uma sensacional aventura a\u00e9rea em Ibiza com a nossa experi\u00eancia de parasailing!<\/p>\n<p>Junte-se a n\u00f3s para uma experi\u00eancia \u00fanica onde voar\u00e1 sobre as \u00e1guas cristalinas de Ibiza a 50 metros acima do n\u00edvel do mar durante dez minutos, oferecendo vistas panor\u00e2micas inesquec\u00edveis da beleza mediterr\u00e2nica.<\/p>\n<p>Agarrado ao seu para-quedas, deixe-se levar pelo vento do mar enquanto desfruta da sensa\u00e7\u00e3o de pura liberdade. As \u00e1guas cintilantes de Ibiza v\u00e3o-se revelar sob os seus p\u00e9s, criando mem\u00f3rias indel\u00e9veis desta experi\u00eancia a\u00e9rea excecional.<\/p>\n<p>A nossa equipa qualificada garantir\u00e1 a sua seguran\u00e7a durante toda esta aventura, permitindo-lhe relaxar e deixar-se levar pela emo\u00e7\u00e3o. Quer esteja \u00e0 procura de emo\u00e7\u00f5es sozinho, a dois ou em grupo, o parasailing \u00e9 uma experi\u00eancia adequada a todos os amantes da aventura.<\/p>\n<p>Reserve agora uma experi\u00eancia inesquec\u00edvel, onde a adrenalina, a tranquilidade e a beleza se fundem nos c\u00e9us de Ibiza.<\/p>\n<p>N\u00e3o perca esta oportunidade \u00fanica de tocar as nuvens e criar mem\u00f3rias a\u00e9reas memor\u00e1veis! \ud83c\udf0a\ud83e\ude82\ud83c\udf1f<\/p>\n<p>Reserve agora e desfrute do Parasailing Ibiza!<\/p>\n<p>&nbsp;<\/p>\n<p class=\"p1\" style=\"text-align: center;\"><strong>RESERVA POSS\u00cdVEL PARA GRUPOS DE 4 PESSOAS.<\/strong><\/p>","protected":false},"excerpt":{"rendered":"<p>Parasailing Mallorca. Sobrevoa Palma a mais de cinquenta metros acima da \u00e1gua. Possibilidade de o fazer ao p\u00f4r do sol!<br \/>\n<strong>RESERVA POSS\u00cdVEL PARA GRUPOS DE 4 PESSOAS.<\/strong><\/p>","protected":false},"featured_media":841,"template":"","meta":[],"product_brand":[425],"product_cat":[266,265,267],"product_tag":[224,318],"class_list":{"0":"post-1374","1":"product","2":"type-product","3":"status-publish","4":"has-post-thumbnail","6":"product_brand-fliparas-inc","7":"product_cat-hen-party-ibiza-activities","8":"product_cat-ibiza","9":"product_cat-stag-party-ibiza-activities","10":"product_tag-parasailing","11":"product_tag-parasailing-ibiza","13":"first","14":"instock","15":"virtual","16":"sold-individually","17":"purchasable","18":"product-type-booking"},"yoast_head":"<!-- This site is optimized with the Yoast SEO plugin v26.9 - https:\/\/yoast.com\/product\/yoast-seo-wordpress\/ -->\n<title>Parasailing Mallorca<\/title>\n<meta name=\"description\" content=\"Parasailing Mallorca. It flies over Palma more than fifty meters above the water. Possibility of doing it at sunset.\" \/>\n<meta name=\"robots\" content=\"index, follow, max-snippet:-1, max-image-preview:large, max-video-preview:-1\" \/>\n<link rel=\"canonical\" href=\"https:\/\/fliparas.com\/pt\/atividade\/parasailing-ibiza\/\" \/>\n<meta property=\"og:locale\" content=\"pt_PT\" \/>\n<meta property=\"og:type\" content=\"article\" \/>\n<meta property=\"og:title\" content=\"Parasailing Mallorca\" \/>\n<meta property=\"og:description\" content=\"Parasailing Mallorca. It flies over Palma more than fifty meters above the water. Possibility of doing it at sunset.\" \/>\n<meta property=\"og:url\" content=\"https:\/\/fliparas.com\/pt\/atividade\/parasailing-ibiza\/\" \/>\n<meta property=\"og:site_name\" content=\"Agency Specialised in Stag and Hen Parties\" \/>\n<meta property=\"article:modified_time\" content=\"2025-01-31T10:30:07+00:00\" \/>\n<meta property=\"og:image\" content=\"https:\/\/fliparas.com\/wp-content\/uploads\/2024\/03\/Parasailing-img.jpeg\" \/>\n\t<meta property=\"og:image:width\" content=\"1024\" \/>\n\t<meta property=\"og:image:height\" content=\"1024\" \/>\n\t<meta property=\"og:image:type\" content=\"image\/jpeg\" \/>\n<meta name=\"twitter:card\" content=\"summary_large_image\" \/>\n<meta name=\"twitter:label1\" content=\"pre\u00e7o\" \/>\n\t<meta name=\"twitter:data1\" content=\"110,00&nbsp;&euro;\" \/>\n\t<meta name=\"twitter:label2\" content=\"Disponibilidade\" \/>\n\t<meta name=\"twitter:data2\" content=\"Em stock\" \/>\n<script type=\"application\/ld+json\" class=\"yoast-schema-graph\">{\"@context\":\"https:\/\/schema.org\",\"@graph\":[{\"@type\":\"WebPage\",\"@id\":\"https:\/\/fliparas.com\/activity\/parasailing-ibiza\/\",\"url\":\"https:\/\/fliparas.com\/activity\/parasailing-ibiza\/\",\"name\":\"Parasailing Mallorca\",\"isPartOf\":{\"@id\":\"https:\/\/fliparas.com\/#website\"},\"primaryImageOfPage\":{\"@id\":\"https:\/\/fliparas.com\/activity\/parasailing-ibiza\/#primaryimage\"},\"image\":{\"@id\":\"https:\/\/fliparas.com\/activity\/parasailing-ibiza\/#primaryimage\"},\"thumbnailUrl\":\"https:\/\/fliparas.com\/wp-content\/uploads\/2024\/03\/Parasailing-img.jpeg\",\"datePublished\":\"2024-03-25T14:32:03+00:00\",\"dateModified\":\"2025-01-31T10:30:07+00:00\",\"description\":\"Parasailing Mallorca. It flies over Palma more than fifty meters above the water. Possibility of doing it at sunset.\",\"breadcrumb\":{\"@id\":\"https:\/\/fliparas.com\/activity\/parasailing-ibiza\/#breadcrumb\"},\"inLanguage\":\"pt-PT\",\"potentialAction\":[{\"@type\":\"ReadAction\",\"target\":[\"https:\/\/fliparas.com\/activity\/parasailing-ibiza\/\"]}]},{\"@type\":\"ImageObject\",\"inLanguage\":\"pt-PT\",\"@id\":\"https:\/\/fliparas.com\/activity\/parasailing-ibiza\/#primaryimage\",\"url\":\"https:\/\/fliparas.com\/wp-content\/uploads\/2024\/03\/Parasailing-img.jpeg\",\"contentUrl\":\"https:\/\/fliparas.com\/wp-content\/uploads\/2024\/03\/Parasailing-img.jpeg\",\"width\":1024,\"height\":1024},{\"@type\":\"BreadcrumbList\",\"@id\":\"https:\/\/fliparas.com\/activity\/parasailing-ibiza\/#breadcrumb\",\"itemListElement\":[{\"@type\":\"ListItem\",\"position\":1,\"name\":\"Home\",\"item\":\"https:\/\/fliparas.com\/\"},{\"@type\":\"ListItem\",\"position\":2,\"name\":\"Shop\",\"item\":\"https:\/\/fliparas.com\/shop\/\"},{\"@type\":\"ListItem\",\"position\":3,\"name\":\"Parasailing Ibiza\"}]},{\"@type\":\"WebSite\",\"@id\":\"https:\/\/fliparas.com\/#website\",\"url\":\"https:\/\/fliparas.com\/\",\"name\":\"Agency Specialised in Stag and Hen Parties\",\"description\":\"Trust the highest rated agency to organize an unforgettable stag and hen parties in Europe\",\"publisher\":{\"@id\":\"https:\/\/fliparas.com\/#organization\"},\"alternateName\":\"Fliparas Agency Specialised in Stag and Hen Parties\",\"potentialAction\":[{\"@type\":\"SearchAction\",\"target\":{\"@type\":\"EntryPoint\",\"urlTemplate\":\"https:\/\/fliparas.com\/?s={search_term_string}\"},\"query-input\":{\"@type\":\"PropertyValueSpecification\",\"valueRequired\":true,\"valueName\":\"search_term_string\"}}],\"inLanguage\":\"pt-PT\"},{\"@type\":\"Organization\",\"@id\":\"https:\/\/fliparas.com\/#organization\",\"name\":\"Fliparas\",\"alternateName\":\"Agency Specialised in Stag and Hen Parties\",\"url\":\"https:\/\/fliparas.com\/\",\"logo\":{\"@type\":\"ImageObject\",\"inLanguage\":\"pt-PT\",\"@id\":\"https:\/\/fliparas.com\/#\/schema\/logo\/image\/\",\"url\":\"https:\/\/fliparas.com\/wp-content\/uploads\/2024\/03\/Logo-Fliparas.png\",\"contentUrl\":\"https:\/\/fliparas.com\/wp-content\/uploads\/2024\/03\/Logo-Fliparas.png\",\"width\":1024,\"height\":1024,\"caption\":\"Fliparas\"},\"image\":{\"@id\":\"https:\/\/fliparas.com\/#\/schema\/logo\/image\/\"}}]}<\/script>\n<meta property=\"product:price:amount\" content=\"110.00\" \/>\n<meta property=\"product:price:currency\" content=\"EUR\" \/>\n<meta property=\"og:availability\" content=\"instock\" \/>\n<meta property=\"product:availability\" content=\"instock\" \/>\n<meta property=\"product:condition\" content=\"new\" \/>\n<!-- \/ Yoast SEO plugin. -->","yoast_head_json":{"title":"Parasailing Mallorca","description":"Parasailing Mallorca. Sobrevoa Palma a mais de cinquenta metros acima da \u00e1gua. Possibilidade de o fazer ao p\u00f4r do sol.","robots":{"index":"index","follow":"follow","max-snippet":"max-snippet:-1","max-image-preview":"max-image-preview:large","max-video-preview":"max-video-preview:-1"},"canonical":"https:\/\/fliparas.com\/pt\/atividade\/parasailing-ibiza\/","og_locale":"pt_PT","og_type":"article","og_title":"Parasailing Mallorca","og_description":"Parasailing Mallorca. It flies over Palma more than fifty meters above the water. Possibility of doing it at sunset.","og_url":"https:\/\/fliparas.com\/pt\/atividade\/parasailing-ibiza\/","og_site_name":"Agency Specialised in Stag and Hen Parties","article_modified_time":"2025-01-31T10:30:07+00:00","og_image":[{"width":1024,"height":1024,"url":"https:\/\/fliparas.com\/wp-content\/uploads\/2024\/03\/Parasailing-img.jpeg","type":"image\/jpeg"}],"twitter_card":"summary_large_image","twitter_misc":{"pre\u00e7o":"110,00&nbsp;&euro;","Disponibilidade":"Em stock"},"schema":{"@context":"https:\/\/schema.org","@graph":[{"@type":"WebPage","@id":"https:\/\/fliparas.com\/activity\/parasailing-ibiza\/","url":"https:\/\/fliparas.com\/activity\/parasailing-ibiza\/","name":"Parasailing Mallorca","isPartOf":{"@id":"https:\/\/fliparas.com\/#website"},"primaryImageOfPage":{"@id":"https:\/\/fliparas.com\/activity\/parasailing-ibiza\/#primaryimage"},"image":{"@id":"https:\/\/fliparas.com\/activity\/parasailing-ibiza\/#primaryimage"},"thumbnailUrl":"https:\/\/fliparas.com\/wp-content\/uploads\/2024\/03\/Parasailing-img.jpeg","datePublished":"2024-03-25T14:32:03+00:00","dateModified":"2025-01-31T10:30:07+00:00","description":"Parasailing Mallorca. Sobrevoa Palma a mais de cinquenta metros acima da \u00e1gua. Possibilidade de o fazer ao p\u00f4r do sol.","breadcrumb":{"@id":"https:\/\/fliparas.com\/activity\/parasailing-ibiza\/#breadcrumb"},"inLanguage":"pt-PT","potentialAction":[{"@type":"ReadAction","target":["https:\/\/fliparas.com\/activity\/parasailing-ibiza\/"]}]},{"@type":"ImageObject","inLanguage":"pt-PT","@id":"https:\/\/fliparas.com\/activity\/parasailing-ibiza\/#primaryimage","url":"https:\/\/fliparas.com\/wp-content\/uploads\/2024\/03\/Parasailing-img.jpeg","contentUrl":"https:\/\/fliparas.com\/wp-content\/uploads\/2024\/03\/Parasailing-img.jpeg","width":1024,"height":1024},{"@type":"BreadcrumbList","@id":"https:\/\/fliparas.com\/activity\/parasailing-ibiza\/#breadcrumb","itemListElement":[{"@type":"ListItem","position":1,"name":"Home","item":"https:\/\/fliparas.com\/"},{"@type":"ListItem","position":2,"name":"Shop","item":"https:\/\/fliparas.com\/shop\/"},{"@type":"ListItem","position":3,"name":"Parasailing Ibiza"}]},{"@type":"WebSite","@id":"https:\/\/fliparas.com\/#website","url":"https:\/\/fliparas.com\/","name":"Ag\u00eancia especializada em despedidas de solteiro e de solteira","description":"Confie na ag\u00eancia mais bem classificada para organizar uma despedida de solteiro ou de solteira inesquec\u00edvel na Europa","publisher":{"@id":"https:\/\/fliparas.com\/#organization"},"alternateName":"Fliparas Agency Specialised in Stag and Hen Parties","potentialAction":[{"@type":"SearchAction","target":{"@type":"EntryPoint","urlTemplate":"https:\/\/fliparas.com\/?s={search_term_string}"},"query-input":{"@type":"PropertyValueSpecification","valueRequired":true,"valueName":"search_term_string"}}],"inLanguage":"pt-PT"},{"@type":"Organization","@id":"https:\/\/fliparas.com\/#organization","name":"Fliparas","alternateName":"Agency Specialised in Stag and Hen Parties","url":"https:\/\/fliparas.com\/","logo":{"@type":"ImageObject","inLanguage":"pt-PT","@id":"https:\/\/fliparas.com\/#\/schema\/logo\/image\/","url":"https:\/\/fliparas.com\/wp-content\/uploads\/2024\/03\/Logo-Fliparas.png","contentUrl":"https:\/\/fliparas.com\/wp-content\/uploads\/2024\/03\/Logo-Fliparas.png","width":1024,"height":1024,"caption":"Fliparas"},"image":{"@id":"https:\/\/fliparas.com\/#\/schema\/logo\/image\/"}}]},"product_price_amount":"110.00","product_price_currency":"EUR","og_availability":"instock","product_availability":"instock","product_condition":"new"},"_links":{"self":[{"href":"https:\/\/fliparas.com\/pt\/wp-json\/wp\/v2\/product\/1374","targetHints":{"allow":["GET"]}}],"collection":[{"href":"https:\/\/fliparas.com\/pt\/wp-json\/wp\/v2\/product"}],"about":[{"href":"https:\/\/fliparas.com\/pt\/wp-json\/wp\/v2\/types\/product"}],"wp:featuredmedia":[{"embeddable":true,"href":"https:\/\/fliparas.com\/pt\/wp-json\/wp\/v2\/media\/841"}],"wp:attachment":[{"href":"https:\/\/fliparas.com\/pt\/wp-json\/wp\/v2\/media?parent=1374"}],"wp:term":[{"taxonomy":"product_brand","embeddable":true,"href":"https:\/\/fliparas.com\/pt\/wp-json\/wp\/v2\/product_brand?post=1374"},{"taxonomy":"product_cat","embeddable":true,"href":"https:\/\/fliparas.com\/pt\/wp-json\/wp\/v2\/product_cat?post=1374"},{"taxonomy":"product_tag","embeddable":true,"href":"https:\/\/fliparas.com\/pt\/wp-json\/wp\/v2\/product_tag?post=1374"}],"curies":[{"name":"wp","href":"https:\/\/api.w.org\/{rel}","templated":true}]}}