{"id":1376,"date":"2024-03-25T14:50:26","date_gmt":"2024-03-25T14:50:26","guid":{"rendered":"https:\/\/fliparas.com\/?post_type=product&#038;p=1376"},"modified":"2025-01-31T11:30:06","modified_gmt":"2025-01-31T10:30:06","slug":"jet-ski-ibiza","status":"publish","type":"product","link":"https:\/\/fliparas.com\/pt\/atividade\/jet-ski-ibiza\/","title":{"rendered":"Jet Ski Ibiza"},"content":{"rendered":"<p>Jet Ski Ibiza. Desfrute de meia hora da atividade aqu\u00e1tica mais divertida: o jet ski.<\/p>\n<p>As melhores despedidas de solteiro com <a href=\"https:\/\/fliparas.com\/pt\/despedida-de-solteiro\/\">Festa de despedida de solteiro<\/a>! <a href=\"https:\/\/fliparas.com\/pt\/festa-de-despedida-de-solteira\/\">Festa da galinha<\/a>!<\/p>\n<h2 style=\"text-align: center;\">Jet Ski Ibiza \ud83c\udf0a<\/h2>\n<h5>\ud83c\udf0a Descobrir a Adrenalina Aqu\u00e1tica! \ud83d\udea4\ud83d\udca6<\/h5>\n<p>Experimente meia hora de emo\u00e7\u00f5es inesquec\u00edveis nas \u00e1guas cristalinas de Ibiza com a nossa incr\u00edvel atividade de mota de \u00e1gua! \ud83c\udf34\ud83c\udf0a<\/p>\n<p>Suba para a sua mota de \u00e1gua e sinta a emo\u00e7\u00e3o de andar nas ondas do Mediterr\u00e2neo.<\/p>\n<p>Quer prefira a independ\u00eancia de uma experi\u00eancia individual ou a partilha de uma aventura em casal, tem a liberdade de escolher. Os casais podem alternar o papel de condutor para duplicar a divers\u00e3o enquanto descobrem a emo\u00e7\u00e3o de conduzir no mar.<\/p>\n<p>Deslize a toda a velocidade, sinta o vento no seu cabelo e saboreie cada momento desta emocionante experi\u00eancia aqu\u00e1tica. Com o esplendor de Ibiza como pano de fundo, cada curva torna-se numa aventura inesquec\u00edvel.<\/p>\n<p>Reserve agora para uma aventura aqu\u00e1tica memor\u00e1vel!<\/p>\n<p>Ofere\u00e7a a si mesmo meia hora de divers\u00e3o sob o sol de Ibiza. Deixe que o mar o guie numa aventura cheia de risos, emo\u00e7\u00f5es e mem\u00f3rias inesquec\u00edveis. Embarque numa experi\u00eancia de moto aqu\u00e1tica que ficar\u00e1 gravada na sua mem\u00f3ria! \ud83c\udfc4\u200d\u2642\ufe0f\ud83c\udfc4\u200d\u2640\ufe0f<\/p>\n<p style=\"text-align: center;\"><strong>VENDA M\u00cdNIMA: 10 PESSOAS.<\/strong><\/p>","protected":false},"excerpt":{"rendered":"<p>Jet Ski Ibiza. Desfrute de meia hora da atividade aqu\u00e1tica mais divertida: o jet ski.<br \/>\n<strong>VENDA M\u00cdNIMA: 10 PESSOAS.<\/strong><\/p>","protected":false},"featured_media":899,"template":"","meta":[],"product_brand":[425],"product_cat":[266,265,267],"product_tag":[259,298],"class_list":{"0":"post-1376","1":"product","2":"type-product","3":"status-publish","4":"has-post-thumbnail","6":"product_brand-fliparas-inc","7":"product_cat-hen-party-ibiza-activities","8":"product_cat-ibiza","9":"product_cat-stag-party-ibiza-activities","10":"product_tag-jet-ski","11":"product_tag-jet-ski-ibiza","13":"first","14":"instock","15":"virtual","16":"sold-individually","17":"purchasable","18":"product-type-booking"},"yoast_head":"<!-- This site is optimized with the Yoast SEO plugin v26.9 - https:\/\/yoast.com\/product\/yoast-seo-wordpress\/ -->\n<title>Jet Ski Ibiza - IBIZA Jet Ski!<\/title>\n<meta name=\"description\" content=\"Jet Ski Ibiza. Enjoy half an hour of the most fun water activity: jet skiing. Jet Ski Ibiza. Ibiza Jet Ski! Have fun with your friends!!!\" \/>\n<meta name=\"robots\" content=\"index, follow, max-snippet:-1, max-image-preview:large, max-video-preview:-1\" \/>\n<link rel=\"canonical\" href=\"https:\/\/fliparas.com\/pt\/atividade\/jet-ski-ibiza\/\" \/>\n<meta property=\"og:locale\" content=\"pt_PT\" \/>\n<meta property=\"og:type\" content=\"article\" \/>\n<meta property=\"og:title\" content=\"Jet Ski Ibiza - IBIZA Jet Ski!\" \/>\n<meta property=\"og:description\" content=\"Jet Ski Ibiza. Enjoy half an hour of the most fun water activity: jet skiing. Jet Ski Ibiza. Ibiza Jet Ski! Have fun with your friends!!!\" \/>\n<meta property=\"og:url\" content=\"https:\/\/fliparas.com\/pt\/atividade\/jet-ski-ibiza\/\" \/>\n<meta property=\"og:site_name\" content=\"Agency Specialised in Stag and Hen Parties\" \/>\n<meta property=\"article:modified_time\" content=\"2025-01-31T10:30:06+00:00\" \/>\n<meta property=\"og:image\" content=\"https:\/\/fliparas.com\/wp-content\/uploads\/2024\/03\/Jet-Ski-img.jpeg\" \/>\n\t<meta property=\"og:image:width\" content=\"1024\" \/>\n\t<meta property=\"og:image:height\" content=\"1024\" \/>\n\t<meta property=\"og:image:type\" content=\"image\/jpeg\" \/>\n<meta name=\"twitter:card\" content=\"summary_large_image\" \/>\n<meta name=\"twitter:label1\" content=\"pre\u00e7o\" \/>\n\t<meta name=\"twitter:data1\" content=\"110,00&nbsp;&euro;\" \/>\n\t<meta name=\"twitter:label2\" content=\"Disponibilidade\" \/>\n\t<meta name=\"twitter:data2\" content=\"Em stock\" \/>\n<script type=\"application\/ld+json\" class=\"yoast-schema-graph\">{\"@context\":\"https:\/\/schema.org\",\"@graph\":[{\"@type\":\"WebPage\",\"@id\":\"https:\/\/fliparas.com\/activity\/jet-ski-ibiza\/\",\"url\":\"https:\/\/fliparas.com\/activity\/jet-ski-ibiza\/\",\"name\":\"Jet Ski Ibiza - IBIZA Jet Ski!\",\"isPartOf\":{\"@id\":\"https:\/\/fliparas.com\/#website\"},\"primaryImageOfPage\":{\"@id\":\"https:\/\/fliparas.com\/activity\/jet-ski-ibiza\/#primaryimage\"},\"image\":{\"@id\":\"https:\/\/fliparas.com\/activity\/jet-ski-ibiza\/#primaryimage\"},\"thumbnailUrl\":\"https:\/\/fliparas.com\/wp-content\/uploads\/2024\/03\/Jet-Ski-img.jpeg\",\"datePublished\":\"2024-03-25T14:50:26+00:00\",\"dateModified\":\"2025-01-31T10:30:06+00:00\",\"description\":\"Jet Ski Ibiza. Enjoy half an hour of the most fun water activity: jet skiing. Jet Ski Ibiza. Ibiza Jet Ski! Have fun with your friends!!!\",\"breadcrumb\":{\"@id\":\"https:\/\/fliparas.com\/activity\/jet-ski-ibiza\/#breadcrumb\"},\"inLanguage\":\"pt-PT\",\"potentialAction\":[{\"@type\":\"ReadAction\",\"target\":[\"https:\/\/fliparas.com\/activity\/jet-ski-ibiza\/\"]}]},{\"@type\":\"ImageObject\",\"inLanguage\":\"pt-PT\",\"@id\":\"https:\/\/fliparas.com\/activity\/jet-ski-ibiza\/#primaryimage\",\"url\":\"https:\/\/fliparas.com\/wp-content\/uploads\/2024\/03\/Jet-Ski-img.jpeg\",\"contentUrl\":\"https:\/\/fliparas.com\/wp-content\/uploads\/2024\/03\/Jet-Ski-img.jpeg\",\"width\":1024,\"height\":1024},{\"@type\":\"BreadcrumbList\",\"@id\":\"https:\/\/fliparas.com\/activity\/jet-ski-ibiza\/#breadcrumb\",\"itemListElement\":[{\"@type\":\"ListItem\",\"position\":1,\"name\":\"Home\",\"item\":\"https:\/\/fliparas.com\/\"},{\"@type\":\"ListItem\",\"position\":2,\"name\":\"Shop\",\"item\":\"https:\/\/fliparas.com\/shop\/\"},{\"@type\":\"ListItem\",\"position\":3,\"name\":\"Jet Ski Ibiza\"}]},{\"@type\":\"WebSite\",\"@id\":\"https:\/\/fliparas.com\/#website\",\"url\":\"https:\/\/fliparas.com\/\",\"name\":\"Agency Specialised in Stag and Hen Parties\",\"description\":\"Trust the highest rated agency to organize an unforgettable stag and hen parties in Europe\",\"publisher\":{\"@id\":\"https:\/\/fliparas.com\/#organization\"},\"alternateName\":\"Fliparas Agency Specialised in Stag and Hen Parties\",\"potentialAction\":[{\"@type\":\"SearchAction\",\"target\":{\"@type\":\"EntryPoint\",\"urlTemplate\":\"https:\/\/fliparas.com\/?s={search_term_string}\"},\"query-input\":{\"@type\":\"PropertyValueSpecification\",\"valueRequired\":true,\"valueName\":\"search_term_string\"}}],\"inLanguage\":\"pt-PT\"},{\"@type\":\"Organization\",\"@id\":\"https:\/\/fliparas.com\/#organization\",\"name\":\"Fliparas\",\"alternateName\":\"Agency Specialised in Stag and Hen Parties\",\"url\":\"https:\/\/fliparas.com\/\",\"logo\":{\"@type\":\"ImageObject\",\"inLanguage\":\"pt-PT\",\"@id\":\"https:\/\/fliparas.com\/#\/schema\/logo\/image\/\",\"url\":\"https:\/\/fliparas.com\/wp-content\/uploads\/2024\/03\/Logo-Fliparas.png\",\"contentUrl\":\"https:\/\/fliparas.com\/wp-content\/uploads\/2024\/03\/Logo-Fliparas.png\",\"width\":1024,\"height\":1024,\"caption\":\"Fliparas\"},\"image\":{\"@id\":\"https:\/\/fliparas.com\/#\/schema\/logo\/image\/\"}}]}<\/script>\n<meta property=\"product:price:amount\" content=\"110.00\" \/>\n<meta property=\"product:price:currency\" content=\"EUR\" \/>\n<meta property=\"og:availability\" content=\"instock\" \/>\n<meta property=\"product:availability\" content=\"instock\" \/>\n<meta property=\"product:condition\" content=\"new\" \/>\n<!-- \/ Yoast SEO plugin. -->","yoast_head_json":{"title":"Jet Ski Ibiza - Jet Ski IBIZA!","description":"Jet Ski Ibiza. Desfrute de meia hora da atividade aqu\u00e1tica mais divertida: o jet ski. Jet Ski Ibiza. Jet Ski Ibiza! Diverte-te com os teus amigos!!!","robots":{"index":"index","follow":"follow","max-snippet":"max-snippet:-1","max-image-preview":"max-image-preview:large","max-video-preview":"max-video-preview:-1"},"canonical":"https:\/\/fliparas.com\/pt\/atividade\/jet-ski-ibiza\/","og_locale":"pt_PT","og_type":"article","og_title":"Jet Ski Ibiza - IBIZA Jet Ski!","og_description":"Jet Ski Ibiza. Enjoy half an hour of the most fun water activity: jet skiing. Jet Ski Ibiza. Ibiza Jet Ski! Have fun with your friends!!!","og_url":"https:\/\/fliparas.com\/pt\/atividade\/jet-ski-ibiza\/","og_site_name":"Agency Specialised in Stag and Hen Parties","article_modified_time":"2025-01-31T10:30:06+00:00","og_image":[{"width":1024,"height":1024,"url":"https:\/\/fliparas.com\/wp-content\/uploads\/2024\/03\/Jet-Ski-img.jpeg","type":"image\/jpeg"}],"twitter_card":"summary_large_image","twitter_misc":{"pre\u00e7o":"110,00&nbsp;&euro;","Disponibilidade":"Em stock"},"schema":{"@context":"https:\/\/schema.org","@graph":[{"@type":"WebPage","@id":"https:\/\/fliparas.com\/activity\/jet-ski-ibiza\/","url":"https:\/\/fliparas.com\/activity\/jet-ski-ibiza\/","name":"Jet Ski Ibiza - Jet Ski IBIZA!","isPartOf":{"@id":"https:\/\/fliparas.com\/#website"},"primaryImageOfPage":{"@id":"https:\/\/fliparas.com\/activity\/jet-ski-ibiza\/#primaryimage"},"image":{"@id":"https:\/\/fliparas.com\/activity\/jet-ski-ibiza\/#primaryimage"},"thumbnailUrl":"https:\/\/fliparas.com\/wp-content\/uploads\/2024\/03\/Jet-Ski-img.jpeg","datePublished":"2024-03-25T14:50:26+00:00","dateModified":"2025-01-31T10:30:06+00:00","description":"Jet Ski Ibiza. Desfrute de meia hora da atividade aqu\u00e1tica mais divertida: o jet ski. Jet Ski Ibiza. Jet Ski Ibiza! Diverte-te com os teus amigos!!!","breadcrumb":{"@id":"https:\/\/fliparas.com\/activity\/jet-ski-ibiza\/#breadcrumb"},"inLanguage":"pt-PT","potentialAction":[{"@type":"ReadAction","target":["https:\/\/fliparas.com\/activity\/jet-ski-ibiza\/"]}]},{"@type":"ImageObject","inLanguage":"pt-PT","@id":"https:\/\/fliparas.com\/activity\/jet-ski-ibiza\/#primaryimage","url":"https:\/\/fliparas.com\/wp-content\/uploads\/2024\/03\/Jet-Ski-img.jpeg","contentUrl":"https:\/\/fliparas.com\/wp-content\/uploads\/2024\/03\/Jet-Ski-img.jpeg","width":1024,"height":1024},{"@type":"BreadcrumbList","@id":"https:\/\/fliparas.com\/activity\/jet-ski-ibiza\/#breadcrumb","itemListElement":[{"@type":"ListItem","position":1,"name":"Home","item":"https:\/\/fliparas.com\/"},{"@type":"ListItem","position":2,"name":"Shop","item":"https:\/\/fliparas.com\/shop\/"},{"@type":"ListItem","position":3,"name":"Jet Ski Ibiza"}]},{"@type":"WebSite","@id":"https:\/\/fliparas.com\/#website","url":"https:\/\/fliparas.com\/","name":"Ag\u00eancia especializada em despedidas de solteiro e de solteira","description":"Confie na ag\u00eancia mais bem classificada para organizar uma despedida de solteiro ou de solteira inesquec\u00edvel na Europa","publisher":{"@id":"https:\/\/fliparas.com\/#organization"},"alternateName":"Fliparas Agency Specialised in Stag and Hen Parties","potentialAction":[{"@type":"SearchAction","target":{"@type":"EntryPoint","urlTemplate":"https:\/\/fliparas.com\/?s={search_term_string}"},"query-input":{"@type":"PropertyValueSpecification","valueRequired":true,"valueName":"search_term_string"}}],"inLanguage":"pt-PT"},{"@type":"Organization","@id":"https:\/\/fliparas.com\/#organization","name":"Fliparas","alternateName":"Agency Specialised in Stag and Hen Parties","url":"https:\/\/fliparas.com\/","logo":{"@type":"ImageObject","inLanguage":"pt-PT","@id":"https:\/\/fliparas.com\/#\/schema\/logo\/image\/","url":"https:\/\/fliparas.com\/wp-content\/uploads\/2024\/03\/Logo-Fliparas.png","contentUrl":"https:\/\/fliparas.com\/wp-content\/uploads\/2024\/03\/Logo-Fliparas.png","width":1024,"height":1024,"caption":"Fliparas"},"image":{"@id":"https:\/\/fliparas.com\/#\/schema\/logo\/image\/"}}]},"product_price_amount":"110.00","product_price_currency":"EUR","og_availability":"instock","product_availability":"instock","product_condition":"new"},"_links":{"self":[{"href":"https:\/\/fliparas.com\/pt\/wp-json\/wp\/v2\/product\/1376","targetHints":{"allow":["GET"]}}],"collection":[{"href":"https:\/\/fliparas.com\/pt\/wp-json\/wp\/v2\/product"}],"about":[{"href":"https:\/\/fliparas.com\/pt\/wp-json\/wp\/v2\/types\/product"}],"wp:featuredmedia":[{"embeddable":true,"href":"https:\/\/fliparas.com\/pt\/wp-json\/wp\/v2\/media\/899"}],"wp:attachment":[{"href":"https:\/\/fliparas.com\/pt\/wp-json\/wp\/v2\/media?parent=1376"}],"wp:term":[{"taxonomy":"product_brand","embeddable":true,"href":"https:\/\/fliparas.com\/pt\/wp-json\/wp\/v2\/product_brand?post=1376"},{"taxonomy":"product_cat","embeddable":true,"href":"https:\/\/fliparas.com\/pt\/wp-json\/wp\/v2\/product_cat?post=1376"},{"taxonomy":"product_tag","embeddable":true,"href":"https:\/\/fliparas.com\/pt\/wp-json\/wp\/v2\/product_tag?post=1376"}],"curies":[{"name":"wp","href":"https:\/\/api.w.org\/{rel}","templated":true}]}}