{"id":1380,"date":"2024-03-25T15:27:03","date_gmt":"2024-03-25T15:27:03","guid":{"rendered":"https:\/\/fliparas.com\/?post_type=product&#038;p=1380"},"modified":"2025-01-31T11:26:04","modified_gmt":"2025-01-31T10:26:04","slug":"espetaculo-lesbico-em-ibiza","status":"publish","type":"product","link":"https:\/\/fliparas.com\/pt\/atividade\/espetaculo-lesbico-em-ibiza\/","title":{"rendered":"Espet\u00e1culo de l\u00e9sbicas em Ibiza"},"content":{"rendered":"<p>Espet\u00e1culo l\u00e9sbico em Ibiza. Surpreenda o noivo com um espet\u00e1culo l\u00e9sbico \u00fanico e especial. Espet\u00e1culo er\u00f3tico, divertido e participativo. Possibilidade de escolha de strippers. Possibilidade de desloca\u00e7\u00e3o ao seu apartamento, vivenda, restaurante, bar com sala privada ou mesmo de limusina.<\/p>\n<p>As melhores despedidas de solteiro <a href=\"https:\/\/fliparas.com\/pt\/despedida-de-solteiro\/\">Festa de despedida de solteiro<\/a>!<\/p>\n<h2 style=\"text-align: center;\"><span style=\"vertical-align: inherit;\"><span style=\"vertical-align: inherit;\">Espet\u00e1culo de l\u00e9sbicas em Ibiza \ud83d\udd25<\/span> <\/span><\/h2>\n<h4>Experimente a sensualidade e a divers\u00e3o: um striptease n\u00e3o por uma rapariga, mas por duas! \ud83d\udd25<\/h4>\n<p>Reserve um momento de puro erotismo e prazer com o nosso espet\u00e1culo exclusivo de dan\u00e7a sensual de quinze minutos. Duas bailarinas exclusivamente para si, trazendo um toque de sensualidade e prazer onde quiser, acompanhadas pela sua m\u00fasica escolhida para a ocasi\u00e3o.<\/p>\n<p>Se um \u00e9 sexy, os dois juntos s\u00e3o o erotismo na sua forma mais pura:<\/p>\n<p>Todos sabemos como um striptease \u00e9 sexy e aumenta a temperatura com a dan\u00e7arina, imagine como \u00e9 a dois. S\u00e3o muito carinhosos um com o outro, tocam-se, esfregam-se, at\u00e9 se ajudam a despir.....<\/p>\n<p>\ud83d\udc83 Uma experi\u00eancia adaptada a si:<\/p>\n<p>Este espet\u00e1culo gira em torno do noivo. Os bailarinos deslocam-se para onde quiser, garantindo uma experi\u00eancia personalizada e \u00fanica. Num ambiente \u00edntimo, em casa ou num local especial, prepare-se para ser a estrela de um espet\u00e1culo inesquec\u00edvel.<\/p>\n<p>Um espet\u00e1culo que deixa uma impress\u00e3o duradoura:<\/p>\n<p>A atmosfera sensual, o aumento da temperatura e todos os seus amigos que ficam maravilhados com a qualidade da dan\u00e7a e o afeto dos bailarinos. Cada movimento \u00e9 concebido para despertar... \u00a1<\/p>\n<p>Desfrute do sol em Ibiza!<\/p>\n<p>Reserve j\u00e1 o nosso espet\u00e1culo l\u00e9sbico em Ibiza!<\/p>","protected":false},"excerpt":{"rendered":"<p><span style=\"vertical-align: inherit;\"><span style=\"vertical-align: inherit;\">Haz que o evento da sua melhor amiga seja especial e \u00fanico. Espet\u00e1culo de l\u00e9sbicas em Ibiza<\/span><span style=\"vertical-align: inherit;\">\u00a0\u00e9 um espet\u00e1culo sensual, er\u00f3tico, festivo e participativo. <\/span><span style=\"vertical-align: inherit;\">Mostre o momento e mantenha-o guardado durante muito tempo.<\/span><\/span><\/p>","protected":false},"featured_media":456,"template":"","meta":[],"product_brand":[425],"product_cat":[265,267],"product_tag":[274,275,276,277],"class_list":{"0":"post-1380","1":"product","2":"type-product","3":"status-publish","4":"has-post-thumbnail","6":"product_brand-fliparas-inc","7":"product_cat-ibiza","8":"product_cat-stag-party-ibiza-activities","9":"product_tag-lesbian-girls-in-ibiza","10":"product_tag-lesbian-show-ibiza","11":"product_tag-lesbian-strip-in-ibiza","12":"product_tag-lesbians-in-ibiza","14":"first","15":"instock","16":"virtual","17":"sold-individually","18":"purchasable","19":"product-type-booking"},"yoast_head":"<!-- This site is optimized with the Yoast SEO plugin v26.9 - https:\/\/yoast.com\/product\/yoast-seo-wordpress\/ -->\n<title>Lesbian Show in Ibiza<\/title>\n<meta name=\"description\" content=\"Lesbian show in Ibiza - Lesbian striptease is a sensual, erotic, festive and participatory show - Streaptease lesbico - Hot Girls Ibiza\" \/>\n<meta name=\"robots\" content=\"index, follow, max-snippet:-1, max-image-preview:large, max-video-preview:-1\" \/>\n<link rel=\"canonical\" href=\"https:\/\/fliparas.com\/pt\/atividade\/espetaculo-lesbico-em-ibiza\/\" \/>\n<meta property=\"og:locale\" content=\"pt_PT\" \/>\n<meta property=\"og:type\" content=\"article\" \/>\n<meta property=\"og:title\" content=\"Lesbian Show in Ibiza\" \/>\n<meta property=\"og:description\" content=\"Lesbian show in Ibiza - Lesbian striptease is a sensual, erotic, festive and participatory show - Streaptease lesbico - Hot Girls Ibiza\" \/>\n<meta property=\"og:url\" content=\"https:\/\/fliparas.com\/pt\/atividade\/espetaculo-lesbico-em-ibiza\/\" \/>\n<meta property=\"og:site_name\" content=\"Agency Specialised in Stag and Hen Parties\" \/>\n<meta property=\"article:modified_time\" content=\"2025-01-31T10:26:04+00:00\" \/>\n<meta property=\"og:image\" content=\"https:\/\/fliparas.com\/wp-content\/uploads\/2024\/03\/lesbian-show-1.jpg\" \/>\n\t<meta property=\"og:image:width\" content=\"919\" \/>\n\t<meta property=\"og:image:height\" content=\"1074\" \/>\n\t<meta property=\"og:image:type\" content=\"image\/jpeg\" \/>\n<meta name=\"twitter:card\" content=\"summary_large_image\" \/>\n<meta name=\"twitter:label1\" content=\"pre\u00e7o\" \/>\n\t<meta name=\"twitter:data1\" content=\"450,00&nbsp;&euro;\" \/>\n\t<meta name=\"twitter:label2\" content=\"Disponibilidade\" \/>\n\t<meta name=\"twitter:data2\" content=\"Em stock\" \/>\n<script type=\"application\/ld+json\" class=\"yoast-schema-graph\">{\"@context\":\"https:\/\/schema.org\",\"@graph\":[{\"@type\":\"WebPage\",\"@id\":\"https:\/\/fliparas.com\/activity\/lesbian-show-in-ibiza\/\",\"url\":\"https:\/\/fliparas.com\/activity\/lesbian-show-in-ibiza\/\",\"name\":\"Lesbian Show in Ibiza\",\"isPartOf\":{\"@id\":\"https:\/\/fliparas.com\/#website\"},\"primaryImageOfPage\":{\"@id\":\"https:\/\/fliparas.com\/activity\/lesbian-show-in-ibiza\/#primaryimage\"},\"image\":{\"@id\":\"https:\/\/fliparas.com\/activity\/lesbian-show-in-ibiza\/#primaryimage\"},\"thumbnailUrl\":\"https:\/\/fliparas.com\/wp-content\/uploads\/2024\/03\/lesbian-show-1.jpg\",\"datePublished\":\"2024-03-25T15:27:03+00:00\",\"dateModified\":\"2025-01-31T10:26:04+00:00\",\"description\":\"Lesbian show in Ibiza - Lesbian striptease is a sensual, erotic, festive and participatory show - Streaptease lesbico - Hot Girls Ibiza\",\"breadcrumb\":{\"@id\":\"https:\/\/fliparas.com\/activity\/lesbian-show-in-ibiza\/#breadcrumb\"},\"inLanguage\":\"pt-PT\",\"potentialAction\":[{\"@type\":\"ReadAction\",\"target\":[\"https:\/\/fliparas.com\/activity\/lesbian-show-in-ibiza\/\"]}]},{\"@type\":\"ImageObject\",\"inLanguage\":\"pt-PT\",\"@id\":\"https:\/\/fliparas.com\/activity\/lesbian-show-in-ibiza\/#primaryimage\",\"url\":\"https:\/\/fliparas.com\/wp-content\/uploads\/2024\/03\/lesbian-show-1.jpg\",\"contentUrl\":\"https:\/\/fliparas.com\/wp-content\/uploads\/2024\/03\/lesbian-show-1.jpg\",\"width\":919,\"height\":1074},{\"@type\":\"BreadcrumbList\",\"@id\":\"https:\/\/fliparas.com\/activity\/lesbian-show-in-ibiza\/#breadcrumb\",\"itemListElement\":[{\"@type\":\"ListItem\",\"position\":1,\"name\":\"Home\",\"item\":\"https:\/\/fliparas.com\/\"},{\"@type\":\"ListItem\",\"position\":2,\"name\":\"Shop\",\"item\":\"https:\/\/fliparas.com\/shop\/\"},{\"@type\":\"ListItem\",\"position\":3,\"name\":\"Lesbian Show in Ibiza\"}]},{\"@type\":\"WebSite\",\"@id\":\"https:\/\/fliparas.com\/#website\",\"url\":\"https:\/\/fliparas.com\/\",\"name\":\"Agency Specialised in Stag and Hen Parties\",\"description\":\"Trust the highest rated agency to organize an unforgettable stag and hen parties in Europe\",\"publisher\":{\"@id\":\"https:\/\/fliparas.com\/#organization\"},\"alternateName\":\"Fliparas Agency Specialised in Stag and Hen Parties\",\"potentialAction\":[{\"@type\":\"SearchAction\",\"target\":{\"@type\":\"EntryPoint\",\"urlTemplate\":\"https:\/\/fliparas.com\/?s={search_term_string}\"},\"query-input\":{\"@type\":\"PropertyValueSpecification\",\"valueRequired\":true,\"valueName\":\"search_term_string\"}}],\"inLanguage\":\"pt-PT\"},{\"@type\":\"Organization\",\"@id\":\"https:\/\/fliparas.com\/#organization\",\"name\":\"Fliparas\",\"alternateName\":\"Agency Specialised in Stag and Hen Parties\",\"url\":\"https:\/\/fliparas.com\/\",\"logo\":{\"@type\":\"ImageObject\",\"inLanguage\":\"pt-PT\",\"@id\":\"https:\/\/fliparas.com\/#\/schema\/logo\/image\/\",\"url\":\"https:\/\/fliparas.com\/wp-content\/uploads\/2024\/03\/Logo-Fliparas.png\",\"contentUrl\":\"https:\/\/fliparas.com\/wp-content\/uploads\/2024\/03\/Logo-Fliparas.png\",\"width\":1024,\"height\":1024,\"caption\":\"Fliparas\"},\"image\":{\"@id\":\"https:\/\/fliparas.com\/#\/schema\/logo\/image\/\"}}]}<\/script>\n<meta property=\"product:price:amount\" content=\"450.00\" \/>\n<meta property=\"product:price:currency\" content=\"EUR\" \/>\n<meta property=\"og:availability\" content=\"instock\" \/>\n<meta property=\"product:availability\" content=\"instock\" \/>\n<meta property=\"product:condition\" content=\"new\" \/>\n<!-- \/ Yoast SEO plugin. -->","yoast_head_json":{"title":"Espet\u00e1culo de l\u00e9sbicas em Ibiza","description":"Espet\u00e1culo l\u00e9sbico em Ibiza - O striptease l\u00e9sbico \u00e9 um espet\u00e1culo sensual, er\u00f3tico, festivo e participativo - Streaptease lesbico - Hot Girls Ibiza","robots":{"index":"index","follow":"follow","max-snippet":"max-snippet:-1","max-image-preview":"max-image-preview:large","max-video-preview":"max-video-preview:-1"},"canonical":"https:\/\/fliparas.com\/pt\/atividade\/espetaculo-lesbico-em-ibiza\/","og_locale":"pt_PT","og_type":"article","og_title":"Lesbian Show in Ibiza","og_description":"Lesbian show in Ibiza - Lesbian striptease is a sensual, erotic, festive and participatory show - Streaptease lesbico - Hot Girls Ibiza","og_url":"https:\/\/fliparas.com\/pt\/atividade\/espetaculo-lesbico-em-ibiza\/","og_site_name":"Agency Specialised in Stag and Hen Parties","article_modified_time":"2025-01-31T10:26:04+00:00","og_image":[{"width":919,"height":1074,"url":"https:\/\/fliparas.com\/wp-content\/uploads\/2024\/03\/lesbian-show-1.jpg","type":"image\/jpeg"}],"twitter_card":"summary_large_image","twitter_misc":{"pre\u00e7o":"450,00&nbsp;&euro;","Disponibilidade":"Em stock"},"schema":{"@context":"https:\/\/schema.org","@graph":[{"@type":"WebPage","@id":"https:\/\/fliparas.com\/activity\/lesbian-show-in-ibiza\/","url":"https:\/\/fliparas.com\/activity\/lesbian-show-in-ibiza\/","name":"Espet\u00e1culo de l\u00e9sbicas em Ibiza","isPartOf":{"@id":"https:\/\/fliparas.com\/#website"},"primaryImageOfPage":{"@id":"https:\/\/fliparas.com\/activity\/lesbian-show-in-ibiza\/#primaryimage"},"image":{"@id":"https:\/\/fliparas.com\/activity\/lesbian-show-in-ibiza\/#primaryimage"},"thumbnailUrl":"https:\/\/fliparas.com\/wp-content\/uploads\/2024\/03\/lesbian-show-1.jpg","datePublished":"2024-03-25T15:27:03+00:00","dateModified":"2025-01-31T10:26:04+00:00","description":"Espet\u00e1culo l\u00e9sbico em Ibiza - O striptease l\u00e9sbico \u00e9 um espet\u00e1culo sensual, er\u00f3tico, festivo e participativo - Streaptease lesbico - Hot Girls Ibiza","breadcrumb":{"@id":"https:\/\/fliparas.com\/activity\/lesbian-show-in-ibiza\/#breadcrumb"},"inLanguage":"pt-PT","potentialAction":[{"@type":"ReadAction","target":["https:\/\/fliparas.com\/activity\/lesbian-show-in-ibiza\/"]}]},{"@type":"ImageObject","inLanguage":"pt-PT","@id":"https:\/\/fliparas.com\/activity\/lesbian-show-in-ibiza\/#primaryimage","url":"https:\/\/fliparas.com\/wp-content\/uploads\/2024\/03\/lesbian-show-1.jpg","contentUrl":"https:\/\/fliparas.com\/wp-content\/uploads\/2024\/03\/lesbian-show-1.jpg","width":919,"height":1074},{"@type":"BreadcrumbList","@id":"https:\/\/fliparas.com\/activity\/lesbian-show-in-ibiza\/#breadcrumb","itemListElement":[{"@type":"ListItem","position":1,"name":"Home","item":"https:\/\/fliparas.com\/"},{"@type":"ListItem","position":2,"name":"Shop","item":"https:\/\/fliparas.com\/shop\/"},{"@type":"ListItem","position":3,"name":"Lesbian Show in Ibiza"}]},{"@type":"WebSite","@id":"https:\/\/fliparas.com\/#website","url":"https:\/\/fliparas.com\/","name":"Ag\u00eancia especializada em despedidas de solteiro e de solteira","description":"Confie na ag\u00eancia mais bem classificada para organizar uma despedida de solteiro ou de solteira inesquec\u00edvel na Europa","publisher":{"@id":"https:\/\/fliparas.com\/#organization"},"alternateName":"Fliparas Agency Specialised in Stag and Hen Parties","potentialAction":[{"@type":"SearchAction","target":{"@type":"EntryPoint","urlTemplate":"https:\/\/fliparas.com\/?s={search_term_string}"},"query-input":{"@type":"PropertyValueSpecification","valueRequired":true,"valueName":"search_term_string"}}],"inLanguage":"pt-PT"},{"@type":"Organization","@id":"https:\/\/fliparas.com\/#organization","name":"Fliparas","alternateName":"Agency Specialised in Stag and Hen Parties","url":"https:\/\/fliparas.com\/","logo":{"@type":"ImageObject","inLanguage":"pt-PT","@id":"https:\/\/fliparas.com\/#\/schema\/logo\/image\/","url":"https:\/\/fliparas.com\/wp-content\/uploads\/2024\/03\/Logo-Fliparas.png","contentUrl":"https:\/\/fliparas.com\/wp-content\/uploads\/2024\/03\/Logo-Fliparas.png","width":1024,"height":1024,"caption":"Fliparas"},"image":{"@id":"https:\/\/fliparas.com\/#\/schema\/logo\/image\/"}}]},"product_price_amount":"450.00","product_price_currency":"EUR","og_availability":"instock","product_availability":"instock","product_condition":"new"},"_links":{"self":[{"href":"https:\/\/fliparas.com\/pt\/wp-json\/wp\/v2\/product\/1380","targetHints":{"allow":["GET"]}}],"collection":[{"href":"https:\/\/fliparas.com\/pt\/wp-json\/wp\/v2\/product"}],"about":[{"href":"https:\/\/fliparas.com\/pt\/wp-json\/wp\/v2\/types\/product"}],"wp:featuredmedia":[{"embeddable":true,"href":"https:\/\/fliparas.com\/pt\/wp-json\/wp\/v2\/media\/456"}],"wp:attachment":[{"href":"https:\/\/fliparas.com\/pt\/wp-json\/wp\/v2\/media?parent=1380"}],"wp:term":[{"taxonomy":"product_brand","embeddable":true,"href":"https:\/\/fliparas.com\/pt\/wp-json\/wp\/v2\/product_brand?post=1380"},{"taxonomy":"product_cat","embeddable":true,"href":"https:\/\/fliparas.com\/pt\/wp-json\/wp\/v2\/product_cat?post=1380"},{"taxonomy":"product_tag","embeddable":true,"href":"https:\/\/fliparas.com\/pt\/wp-json\/wp\/v2\/product_tag?post=1380"}],"curies":[{"name":"wp","href":"https:\/\/api.w.org\/{rel}","templated":true}]}}