{"id":1389,"date":"2024-03-26T09:20:44","date_gmt":"2024-03-26T09:20:44","guid":{"rendered":"https:\/\/fliparas.com\/?post_type=product&#038;p=1389"},"modified":"2025-01-31T11:26:11","modified_gmt":"2025-01-31T10:26:11","slug":"boat-party-ibiza","status":"publish","type":"product","link":"https:\/\/fliparas.com\/pt\/atividade\/boat-party-ibiza\/","title":{"rendered":"Festa de barco em Ibiza"},"content":{"rendered":"<h1 style=\"text-align: center;\">\u26f4\ufe0f\u2600\ufe0f BOAT PARTY IBIZA \u2600\ufe0f\u26f4\ufe0f<\/h1>\n<div style=\"text-align: center;\">\ud83c\udf7b Embarcar numa <strong>emocionante de 3 horas <a href=\"https:\/\/es.wikipedia.org\/wiki\/Catamar%C3%A1n\">viagem de catamar\u00e3<\/a><\/strong> e juntar-se a outros grupos para uma experi\u00eancia inesquec\u00edvel.<\/div>\n<div style=\"text-align: center;\"><\/div>\n<div style=\"text-align: center;\">\ud83c\udf57 Desfrutar de um <strong>churrasco saboroso<\/strong> e <strong>uma bebida por convidado<\/strong>, complementado por animadas m\u00fasicas de DJ e entretenimento.<\/div>\n<div style=\"text-align: center;\"><\/div>\n<div style=\"text-align: center;\">\ud83c\udfdd\ufe0f Navegar no Mediterr\u00e2neo, mergulhar nas suas \u00e1guas azuis, dan\u00e7ar ao ritmo, apanhar sol e desfrutar de festas sem fim.<\/div>\n<div style=\"text-align: center;\"><\/div>\n<div style=\"text-align: center;\">\u2600\ufe0f Escolha entre tr\u00eas hor\u00e1rios de partida: <strong>de manh\u00e3, a meio do dia ou ao fim da tarde\/noite<\/strong>, conforme a sua conveni\u00eancia.<\/div>\n<div style=\"text-align: center;\"><\/div>\n<div style=\"text-align: center;\">\ud83e\udd38\u200d\u2642\ufe0f Limitada a um m\u00e1ximo de 70 passageiros, esta aventura est\u00e1 dispon\u00edvel de meados de maio a meados de setembro, prometendo uma combina\u00e7\u00e3o \u00fanica de divers\u00e3o e relaxamento.<\/div>\n<div><\/div>\n<h4 style=\"text-align: center;\"><strong>A melhor op\u00e7\u00e3o para o seu <a href=\"https:\/\/fliparas.com\/pt\/despedida-de-solteiro\/\">StagDo<\/a> ou <a href=\"https:\/\/fliparas.com\/pt\/festa-de-despedida-de-solteira\/\">HenDo<\/a>!<\/strong><\/h4>\n<div><\/div>\n<h2 style=\"text-align: center;\"><strong>Festa de barco em Ibiza!<\/strong><br \/>\nDivirtam-se com os vossos amigos!<\/h2>","protected":false},"excerpt":{"rendered":"<p><span style=\"vertical-align: inherit;\"><span style=\"vertical-align: inherit;\"><span style=\"vertical-align: inherit;\"><span style=\"vertical-align: inherit;\"><span style=\"vertical-align: inherit;\"><span style=\"vertical-align: inherit;\">Embarque num emocionante passeio de catamar\u00e3 de 3 horas e junte-se a outros grupos para uma experi\u00eancia inesquec\u00edvel. Desfrute de um saboroso churrasco e de uma bebida por convidado, complementado por animadas m\u00fasicas e entretenimento de DJ.<\/span><\/span><\/span><\/span><\/span><\/span><\/p>","protected":false},"featured_media":384,"template":"","meta":[],"product_brand":[425],"product_cat":[266,265,267],"product_tag":[148,345],"class_list":{"0":"post-1389","1":"product","2":"type-product","3":"status-publish","4":"has-post-thumbnail","6":"product_brand-fliparas-inc","7":"product_cat-hen-party-ibiza-activities","8":"product_cat-ibiza","9":"product_cat-stag-party-ibiza-activities","10":"product_tag-boat-party","11":"product_tag-boat-party-ibiza","13":"first","14":"instock","15":"virtual","16":"sold-individually","17":"purchasable","18":"product-type-booking"},"yoast_head":"<!-- This site is optimized with the Yoast SEO plugin v26.9 - https:\/\/yoast.com\/product\/yoast-seo-wordpress\/ -->\n<title>Boat Party ibiza - IBIZA: Boat Party! \ud83e\udd38\u200d\u2642\ufe0f\u200b<\/title>\n<meta name=\"description\" content=\"Boat Party Ibiza -Embark on a thrilling 3-hour catamaran voyage, joining other groups for an unforgettable experience. \u2600\ufe0f\u200b\u2600\ufe0f\u200b\u2600\ufe0f\u200b\" \/>\n<meta name=\"robots\" content=\"index, follow, max-snippet:-1, max-image-preview:large, max-video-preview:-1\" \/>\n<link rel=\"canonical\" href=\"https:\/\/fliparas.com\/pt\/atividade\/boat-party-ibiza\/\" \/>\n<meta property=\"og:locale\" content=\"pt_PT\" \/>\n<meta property=\"og:type\" content=\"article\" \/>\n<meta property=\"og:title\" content=\"Boat Party ibiza - IBIZA: Boat Party! \ud83e\udd38\u200d\u2642\ufe0f\u200b\" \/>\n<meta property=\"og:description\" content=\"Boat Party Ibiza -Embark on a thrilling 3-hour catamaran voyage, joining other groups for an unforgettable experience. \u2600\ufe0f\u200b\u2600\ufe0f\u200b\u2600\ufe0f\u200b\" \/>\n<meta property=\"og:url\" content=\"https:\/\/fliparas.com\/pt\/atividade\/boat-party-ibiza\/\" \/>\n<meta property=\"og:site_name\" content=\"Agency Specialised in Stag and Hen Parties\" \/>\n<meta property=\"article:modified_time\" content=\"2025-01-31T10:26:11+00:00\" \/>\n<meta property=\"og:image\" content=\"https:\/\/fliparas.com\/wp-content\/uploads\/2024\/03\/Boat-Party-Barcelona.jpg\" \/>\n\t<meta property=\"og:image:width\" content=\"1024\" \/>\n\t<meta property=\"og:image:height\" content=\"1024\" \/>\n\t<meta property=\"og:image:type\" content=\"image\/jpeg\" \/>\n<meta name=\"twitter:card\" content=\"summary_large_image\" \/>\n<meta name=\"twitter:label1\" content=\"pre\u00e7o\" \/>\n\t<meta name=\"twitter:data1\" content=\"140,00&nbsp;&euro;\" \/>\n\t<meta name=\"twitter:label2\" content=\"Disponibilidade\" \/>\n\t<meta name=\"twitter:data2\" content=\"Em stock\" \/>\n<script type=\"application\/ld+json\" class=\"yoast-schema-graph\">{\"@context\":\"https:\/\/schema.org\",\"@graph\":[{\"@type\":\"WebPage\",\"@id\":\"https:\/\/fliparas.com\/activity\/boat-party-ibiza\/\",\"url\":\"https:\/\/fliparas.com\/activity\/boat-party-ibiza\/\",\"name\":\"Boat Party ibiza - IBIZA: Boat Party! \ud83e\udd38\u200d\u2642\ufe0f\u200b\",\"isPartOf\":{\"@id\":\"https:\/\/fliparas.com\/#website\"},\"primaryImageOfPage\":{\"@id\":\"https:\/\/fliparas.com\/activity\/boat-party-ibiza\/#primaryimage\"},\"image\":{\"@id\":\"https:\/\/fliparas.com\/activity\/boat-party-ibiza\/#primaryimage\"},\"thumbnailUrl\":\"https:\/\/fliparas.com\/wp-content\/uploads\/2024\/03\/Boat-Party-Barcelona.jpg\",\"datePublished\":\"2024-03-26T09:20:44+00:00\",\"dateModified\":\"2025-01-31T10:26:11+00:00\",\"description\":\"Boat Party Ibiza -Embark on a thrilling 3-hour catamaran voyage, joining other groups for an unforgettable experience. \u2600\ufe0f\u200b\u2600\ufe0f\u200b\u2600\ufe0f\u200b\",\"breadcrumb\":{\"@id\":\"https:\/\/fliparas.com\/activity\/boat-party-ibiza\/#breadcrumb\"},\"inLanguage\":\"pt-PT\",\"potentialAction\":[{\"@type\":\"ReadAction\",\"target\":[\"https:\/\/fliparas.com\/activity\/boat-party-ibiza\/\"]}]},{\"@type\":\"ImageObject\",\"inLanguage\":\"pt-PT\",\"@id\":\"https:\/\/fliparas.com\/activity\/boat-party-ibiza\/#primaryimage\",\"url\":\"https:\/\/fliparas.com\/wp-content\/uploads\/2024\/03\/Boat-Party-Barcelona.jpg\",\"contentUrl\":\"https:\/\/fliparas.com\/wp-content\/uploads\/2024\/03\/Boat-Party-Barcelona.jpg\",\"width\":1024,\"height\":1024},{\"@type\":\"BreadcrumbList\",\"@id\":\"https:\/\/fliparas.com\/activity\/boat-party-ibiza\/#breadcrumb\",\"itemListElement\":[{\"@type\":\"ListItem\",\"position\":1,\"name\":\"Home\",\"item\":\"https:\/\/fliparas.com\/\"},{\"@type\":\"ListItem\",\"position\":2,\"name\":\"Shop\",\"item\":\"https:\/\/fliparas.com\/shop\/\"},{\"@type\":\"ListItem\",\"position\":3,\"name\":\"Boat Party Ibiza\"}]},{\"@type\":\"WebSite\",\"@id\":\"https:\/\/fliparas.com\/#website\",\"url\":\"https:\/\/fliparas.com\/\",\"name\":\"Agency Specialised in Stag and Hen Parties\",\"description\":\"Trust the highest rated agency to organize an unforgettable stag and hen parties in Europe\",\"publisher\":{\"@id\":\"https:\/\/fliparas.com\/#organization\"},\"alternateName\":\"Fliparas Agency Specialised in Stag and Hen Parties\",\"potentialAction\":[{\"@type\":\"SearchAction\",\"target\":{\"@type\":\"EntryPoint\",\"urlTemplate\":\"https:\/\/fliparas.com\/?s={search_term_string}\"},\"query-input\":{\"@type\":\"PropertyValueSpecification\",\"valueRequired\":true,\"valueName\":\"search_term_string\"}}],\"inLanguage\":\"pt-PT\"},{\"@type\":\"Organization\",\"@id\":\"https:\/\/fliparas.com\/#organization\",\"name\":\"Fliparas\",\"alternateName\":\"Agency Specialised in Stag and Hen Parties\",\"url\":\"https:\/\/fliparas.com\/\",\"logo\":{\"@type\":\"ImageObject\",\"inLanguage\":\"pt-PT\",\"@id\":\"https:\/\/fliparas.com\/#\/schema\/logo\/image\/\",\"url\":\"https:\/\/fliparas.com\/wp-content\/uploads\/2024\/03\/Logo-Fliparas.png\",\"contentUrl\":\"https:\/\/fliparas.com\/wp-content\/uploads\/2024\/03\/Logo-Fliparas.png\",\"width\":1024,\"height\":1024,\"caption\":\"Fliparas\"},\"image\":{\"@id\":\"https:\/\/fliparas.com\/#\/schema\/logo\/image\/\"}}]}<\/script>\n<meta property=\"product:price:amount\" content=\"140.00\" \/>\n<meta property=\"product:price:currency\" content=\"EUR\" \/>\n<meta property=\"og:availability\" content=\"instock\" \/>\n<meta property=\"product:availability\" content=\"instock\" \/>\n<meta property=\"product:condition\" content=\"new\" \/>\n<!-- \/ Yoast SEO plugin. -->","yoast_head_json":{"title":"Boat Party ibiza - IBIZA: Festa de barco! \ud83e\udd38\u200d\u2642\ufe0f","description":"Boat Party Ibiza - Embarque numa emocionante viagem de catamar\u00e3 de 3 horas, juntando-se a outros grupos para uma experi\u00eancia inesquec\u00edvel. \u2600\ufe0f\u2600\ufe0f\u2600\ufe0f","robots":{"index":"index","follow":"follow","max-snippet":"max-snippet:-1","max-image-preview":"max-image-preview:large","max-video-preview":"max-video-preview:-1"},"canonical":"https:\/\/fliparas.com\/pt\/atividade\/boat-party-ibiza\/","og_locale":"pt_PT","og_type":"article","og_title":"Boat Party ibiza - IBIZA: Boat Party! \ud83e\udd38\u200d\u2642\ufe0f\u200b","og_description":"Boat Party Ibiza -Embark on a thrilling 3-hour catamaran voyage, joining other groups for an unforgettable experience. \u2600\ufe0f\u200b\u2600\ufe0f\u200b\u2600\ufe0f\u200b","og_url":"https:\/\/fliparas.com\/pt\/atividade\/boat-party-ibiza\/","og_site_name":"Agency Specialised in Stag and Hen Parties","article_modified_time":"2025-01-31T10:26:11+00:00","og_image":[{"width":1024,"height":1024,"url":"https:\/\/fliparas.com\/wp-content\/uploads\/2024\/03\/Boat-Party-Barcelona.jpg","type":"image\/jpeg"}],"twitter_card":"summary_large_image","twitter_misc":{"pre\u00e7o":"140,00&nbsp;&euro;","Disponibilidade":"Em stock"},"schema":{"@context":"https:\/\/schema.org","@graph":[{"@type":"WebPage","@id":"https:\/\/fliparas.com\/activity\/boat-party-ibiza\/","url":"https:\/\/fliparas.com\/activity\/boat-party-ibiza\/","name":"Boat Party ibiza - IBIZA: Festa de barco! \ud83e\udd38\u200d\u2642\ufe0f","isPartOf":{"@id":"https:\/\/fliparas.com\/#website"},"primaryImageOfPage":{"@id":"https:\/\/fliparas.com\/activity\/boat-party-ibiza\/#primaryimage"},"image":{"@id":"https:\/\/fliparas.com\/activity\/boat-party-ibiza\/#primaryimage"},"thumbnailUrl":"https:\/\/fliparas.com\/wp-content\/uploads\/2024\/03\/Boat-Party-Barcelona.jpg","datePublished":"2024-03-26T09:20:44+00:00","dateModified":"2025-01-31T10:26:11+00:00","description":"Boat Party Ibiza - Embarque numa emocionante viagem de catamar\u00e3 de 3 horas, juntando-se a outros grupos para uma experi\u00eancia inesquec\u00edvel. \u2600\ufe0f\u2600\ufe0f\u2600\ufe0f","breadcrumb":{"@id":"https:\/\/fliparas.com\/activity\/boat-party-ibiza\/#breadcrumb"},"inLanguage":"pt-PT","potentialAction":[{"@type":"ReadAction","target":["https:\/\/fliparas.com\/activity\/boat-party-ibiza\/"]}]},{"@type":"ImageObject","inLanguage":"pt-PT","@id":"https:\/\/fliparas.com\/activity\/boat-party-ibiza\/#primaryimage","url":"https:\/\/fliparas.com\/wp-content\/uploads\/2024\/03\/Boat-Party-Barcelona.jpg","contentUrl":"https:\/\/fliparas.com\/wp-content\/uploads\/2024\/03\/Boat-Party-Barcelona.jpg","width":1024,"height":1024},{"@type":"BreadcrumbList","@id":"https:\/\/fliparas.com\/activity\/boat-party-ibiza\/#breadcrumb","itemListElement":[{"@type":"ListItem","position":1,"name":"Home","item":"https:\/\/fliparas.com\/"},{"@type":"ListItem","position":2,"name":"Shop","item":"https:\/\/fliparas.com\/shop\/"},{"@type":"ListItem","position":3,"name":"Boat Party Ibiza"}]},{"@type":"WebSite","@id":"https:\/\/fliparas.com\/#website","url":"https:\/\/fliparas.com\/","name":"Ag\u00eancia especializada em despedidas de solteiro e de solteira","description":"Confie na ag\u00eancia mais bem classificada para organizar uma despedida de solteiro ou de solteira inesquec\u00edvel na Europa","publisher":{"@id":"https:\/\/fliparas.com\/#organization"},"alternateName":"Fliparas Agency Specialised in Stag and Hen Parties","potentialAction":[{"@type":"SearchAction","target":{"@type":"EntryPoint","urlTemplate":"https:\/\/fliparas.com\/?s={search_term_string}"},"query-input":{"@type":"PropertyValueSpecification","valueRequired":true,"valueName":"search_term_string"}}],"inLanguage":"pt-PT"},{"@type":"Organization","@id":"https:\/\/fliparas.com\/#organization","name":"Fliparas","alternateName":"Agency Specialised in Stag and Hen Parties","url":"https:\/\/fliparas.com\/","logo":{"@type":"ImageObject","inLanguage":"pt-PT","@id":"https:\/\/fliparas.com\/#\/schema\/logo\/image\/","url":"https:\/\/fliparas.com\/wp-content\/uploads\/2024\/03\/Logo-Fliparas.png","contentUrl":"https:\/\/fliparas.com\/wp-content\/uploads\/2024\/03\/Logo-Fliparas.png","width":1024,"height":1024,"caption":"Fliparas"},"image":{"@id":"https:\/\/fliparas.com\/#\/schema\/logo\/image\/"}}]},"product_price_amount":"140.00","product_price_currency":"EUR","og_availability":"instock","product_availability":"instock","product_condition":"new"},"_links":{"self":[{"href":"https:\/\/fliparas.com\/pt\/wp-json\/wp\/v2\/product\/1389","targetHints":{"allow":["GET"]}}],"collection":[{"href":"https:\/\/fliparas.com\/pt\/wp-json\/wp\/v2\/product"}],"about":[{"href":"https:\/\/fliparas.com\/pt\/wp-json\/wp\/v2\/types\/product"}],"wp:featuredmedia":[{"embeddable":true,"href":"https:\/\/fliparas.com\/pt\/wp-json\/wp\/v2\/media\/384"}],"wp:attachment":[{"href":"https:\/\/fliparas.com\/pt\/wp-json\/wp\/v2\/media?parent=1389"}],"wp:term":[{"taxonomy":"product_brand","embeddable":true,"href":"https:\/\/fliparas.com\/pt\/wp-json\/wp\/v2\/product_brand?post=1389"},{"taxonomy":"product_cat","embeddable":true,"href":"https:\/\/fliparas.com\/pt\/wp-json\/wp\/v2\/product_cat?post=1389"},{"taxonomy":"product_tag","embeddable":true,"href":"https:\/\/fliparas.com\/pt\/wp-json\/wp\/v2\/product_tag?post=1389"}],"curies":[{"name":"wp","href":"https:\/\/api.w.org\/{rel}","templated":true}]}}