{"id":1446,"date":"2024-03-26T14:04:43","date_gmt":"2024-03-26T14:04:43","guid":{"rendered":"https:\/\/fliparas.com\/?post_type=product&#038;p=1446"},"modified":"2025-01-31T11:26:03","modified_gmt":"2025-01-31T10:26:03","slug":"passeio-ao-por-do-sol-em-ibiza","status":"publish","type":"product","link":"https:\/\/fliparas.com\/pt\/atividade\/passeio-ao-por-do-sol-em-ibiza\/","title":{"rendered":"Passeio ao p\u00f4r do sol em Ibiza"},"content":{"rendered":"<p style=\"text-align: center;\">Passeio ao p\u00f4r do sol em Ibiza.<\/p>\n<p style=\"text-align: center;\">As melhores despedidas de solteiro com <a href=\"https:\/\/fliparas.com\/pt\/despedida-de-solteiro\/\">Festa de despedida de solteiro<\/a>! <a href=\"https:\/\/fliparas.com\/pt\/festa-de-despedida-de-solteira\/\">Festa da galinha<\/a>!<\/p>\n<h2 style=\"text-align: center;\">Passeio ao p\u00f4r do sol em Ibiza \ud83c\udf0a<\/h2>\n<ul>\n<li style=\"text-align: center;\"><strong>\ud83c\udf05 Se queres uma experi\u00eancia inesquec\u00edvel, o p\u00f4r do sol em Ibiza \u00e9 o que precisas!!! \ud83c\udf05\u00a0<\/strong>Faremos uma visita guiada <strong>as melhores praias da ilha:<br \/>\n- Cala Comte:<\/strong> Cont\u00e9m dois ilh\u00e9us, com \u00e1guas cristalinas.<br \/>\n<strong>- Cala Benirr\u00e1s:<\/strong> Conhecido pelos seus tambores ao p\u00f4r do sol, atmosfera vibrante e \u00fanica.<br \/>\n<strong>- Ses Salines:<\/strong> Dunas de areia, \u00e1guas azul-turquesa, uma praia longa e rom\u00e2ntica.<br \/>\n<strong>- Es Vedr\u00e0:<\/strong> Ambiente m\u00edstico, com uma energia especial.<br \/>\n<strong>- Cala d'Hort:<\/strong> Fica em frente a Es Vedr\u00e0 e tem uma vista incr\u00edvel do p\u00f4r do sol.<\/li>\n<\/ul>\n<h4 style=\"text-align: center;\">Estar\u00e1 rodeado de magia com a sua gente enquanto admira a beleza indescrit\u00edvel de Ibiza!<\/h4>\n<p><strong>Desligar e relaxar<\/strong> no cora\u00e7\u00e3o de Ibiza!<br \/>\nDe que est\u00e1 \u00e0 espera para reservar o seu Sunset em Ibiza?<\/p>\n<h4 style=\"text-align: center;\">Contemplar o fim do dia... Saltar para a \u00e1gua, ouvir a m\u00fasica de que gosta, rir com os amigos, fazer um piquenique...<br \/>\nTodas estas actividades, e todas as outras que desejar, tornar-se-\u00e3o ainda mais inesquec\u00edveis durante o Ibiza Sunset!<\/h4>\n<p>Reserve agora para mergulhar nesta experi\u00eancia valiosa e \u00fanica em Ibiza.<\/p>\n<p style=\"text-align: center;\"><strong><br \/>\n- Passeio ao p\u00f4r do sol em Ibiza!<\/strong> Uma aventura cativante espera por si! \ud83d\udc2c<\/p>\n<p class=\"p1\" style=\"text-align: center;\"><strong>RESERVA POSS\u00cdVEL PARA GRUPOS DE: 8 a 30 PESSOAS<\/strong><\/p>","protected":false},"excerpt":{"rendered":"<p style=\"text-align: center;\"><strong>Sunset Tour Ibiza! Se querem uma experi\u00eancia inesquec\u00edvel, o p\u00f4r do sol em Ibiza \u00e9 o que precisam!<br \/>\n<\/strong>Uma aventura cativante espera por si! \ud83d\udc2c<\/p>\n<p class=\"p1\" style=\"text-align: center;\"><strong>RESERVA POSS\u00cdVEL PARA GRUPOS DE: 8 a 30 PESSOAS<\/strong><\/p>","protected":false},"featured_media":1447,"template":"","meta":[],"product_brand":[425],"product_cat":[266,265,267],"product_tag":[347,348,214,310],"class_list":{"0":"post-1446","1":"product","2":"type-product","3":"status-publish","4":"has-post-thumbnail","6":"product_brand-fliparas-inc","7":"product_cat-hen-party-ibiza-activities","8":"product_cat-ibiza","9":"product_cat-stag-party-ibiza-activities","10":"product_tag-ibiza-sunset","11":"product_tag-kayak-sunset-ibiza","12":"product_tag-kayak-tour","13":"product_tag-kayak-tour-ibiza","15":"first","16":"instock","17":"virtual","18":"sold-individually","19":"purchasable","20":"product-type-booking"},"yoast_head":"<!-- This site is optimized with the Yoast SEO plugin v26.9 - https:\/\/yoast.com\/product\/yoast-seo-wordpress\/ -->\n<title>Sunset Tour Ibiza \ud83c\udf05\u200b<\/title>\n<meta name=\"description\" content=\"Sunset Tour Ibiza. If you want an unforgettable experience, the sunsets in Ibiza are what you need!!! Contact Us! Sunsets in Ibiza!\" \/>\n<meta name=\"robots\" content=\"index, follow, max-snippet:-1, max-image-preview:large, max-video-preview:-1\" \/>\n<link rel=\"canonical\" href=\"https:\/\/fliparas.com\/pt\/atividade\/passeio-ao-por-do-sol-em-ibiza\/\" \/>\n<meta property=\"og:locale\" content=\"pt_PT\" \/>\n<meta property=\"og:type\" content=\"article\" \/>\n<meta property=\"og:title\" content=\"Sunset Tour Ibiza \ud83c\udf05\u200b\" \/>\n<meta property=\"og:description\" content=\"Sunset Tour Ibiza. If you want an unforgettable experience, the sunsets in Ibiza are what you need!!! Contact Us! Sunsets in Ibiza!\" \/>\n<meta property=\"og:url\" content=\"https:\/\/fliparas.com\/pt\/atividade\/passeio-ao-por-do-sol-em-ibiza\/\" \/>\n<meta property=\"og:site_name\" content=\"Agency Specialised in Stag and Hen Parties\" \/>\n<meta property=\"article:modified_time\" content=\"2025-01-31T10:26:03+00:00\" \/>\n<meta property=\"og:image\" content=\"https:\/\/fliparas.com\/wp-content\/uploads\/2024\/03\/Diseno-sin-titulo-12-1.png\" \/>\n\t<meta property=\"og:image:width\" content=\"500\" \/>\n\t<meta property=\"og:image:height\" content=\"457\" \/>\n\t<meta property=\"og:image:type\" content=\"image\/png\" \/>\n<meta name=\"twitter:card\" content=\"summary_large_image\" \/>\n<meta name=\"twitter:label1\" content=\"pre\u00e7o\" \/>\n\t<meta name=\"twitter:data1\" content=\"80,00&nbsp;&euro;\" \/>\n\t<meta name=\"twitter:label2\" content=\"Disponibilidade\" \/>\n\t<meta name=\"twitter:data2\" content=\"Em stock\" \/>\n<script type=\"application\/ld+json\" class=\"yoast-schema-graph\">{\"@context\":\"https:\/\/schema.org\",\"@graph\":[{\"@type\":\"WebPage\",\"@id\":\"https:\/\/fliparas.com\/activity\/sunset-tour-ibiza\/\",\"url\":\"https:\/\/fliparas.com\/activity\/sunset-tour-ibiza\/\",\"name\":\"Sunset Tour Ibiza \ud83c\udf05\u200b\",\"isPartOf\":{\"@id\":\"https:\/\/fliparas.com\/#website\"},\"primaryImageOfPage\":{\"@id\":\"https:\/\/fliparas.com\/activity\/sunset-tour-ibiza\/#primaryimage\"},\"image\":{\"@id\":\"https:\/\/fliparas.com\/activity\/sunset-tour-ibiza\/#primaryimage\"},\"thumbnailUrl\":\"https:\/\/fliparas.com\/wp-content\/uploads\/2024\/03\/Diseno-sin-titulo-12-1.png\",\"datePublished\":\"2024-03-26T14:04:43+00:00\",\"dateModified\":\"2025-01-31T10:26:03+00:00\",\"description\":\"Sunset Tour Ibiza. If you want an unforgettable experience, the sunsets in Ibiza are what you need!!! Contact Us! Sunsets in Ibiza!\",\"breadcrumb\":{\"@id\":\"https:\/\/fliparas.com\/activity\/sunset-tour-ibiza\/#breadcrumb\"},\"inLanguage\":\"pt-PT\",\"potentialAction\":[{\"@type\":\"ReadAction\",\"target\":[\"https:\/\/fliparas.com\/activity\/sunset-tour-ibiza\/\"]}]},{\"@type\":\"ImageObject\",\"inLanguage\":\"pt-PT\",\"@id\":\"https:\/\/fliparas.com\/activity\/sunset-tour-ibiza\/#primaryimage\",\"url\":\"https:\/\/fliparas.com\/wp-content\/uploads\/2024\/03\/Diseno-sin-titulo-12-1.png\",\"contentUrl\":\"https:\/\/fliparas.com\/wp-content\/uploads\/2024\/03\/Diseno-sin-titulo-12-1.png\",\"width\":500,\"height\":457,\"caption\":\"Sunset Tour Ibiza Image\"},{\"@type\":\"BreadcrumbList\",\"@id\":\"https:\/\/fliparas.com\/activity\/sunset-tour-ibiza\/#breadcrumb\",\"itemListElement\":[{\"@type\":\"ListItem\",\"position\":1,\"name\":\"Home\",\"item\":\"https:\/\/fliparas.com\/\"},{\"@type\":\"ListItem\",\"position\":2,\"name\":\"Shop\",\"item\":\"https:\/\/fliparas.com\/shop\/\"},{\"@type\":\"ListItem\",\"position\":3,\"name\":\"Sunset Tour Ibiza\"}]},{\"@type\":\"WebSite\",\"@id\":\"https:\/\/fliparas.com\/#website\",\"url\":\"https:\/\/fliparas.com\/\",\"name\":\"Agency Specialised in Stag and Hen Parties\",\"description\":\"Trust the highest rated agency to organize an unforgettable stag and hen parties in Europe\",\"publisher\":{\"@id\":\"https:\/\/fliparas.com\/#organization\"},\"alternateName\":\"Fliparas Agency Specialised in Stag and Hen Parties\",\"potentialAction\":[{\"@type\":\"SearchAction\",\"target\":{\"@type\":\"EntryPoint\",\"urlTemplate\":\"https:\/\/fliparas.com\/?s={search_term_string}\"},\"query-input\":{\"@type\":\"PropertyValueSpecification\",\"valueRequired\":true,\"valueName\":\"search_term_string\"}}],\"inLanguage\":\"pt-PT\"},{\"@type\":\"Organization\",\"@id\":\"https:\/\/fliparas.com\/#organization\",\"name\":\"Fliparas\",\"alternateName\":\"Agency Specialised in Stag and Hen Parties\",\"url\":\"https:\/\/fliparas.com\/\",\"logo\":{\"@type\":\"ImageObject\",\"inLanguage\":\"pt-PT\",\"@id\":\"https:\/\/fliparas.com\/#\/schema\/logo\/image\/\",\"url\":\"https:\/\/fliparas.com\/wp-content\/uploads\/2024\/03\/Logo-Fliparas.png\",\"contentUrl\":\"https:\/\/fliparas.com\/wp-content\/uploads\/2024\/03\/Logo-Fliparas.png\",\"width\":1024,\"height\":1024,\"caption\":\"Fliparas\"},\"image\":{\"@id\":\"https:\/\/fliparas.com\/#\/schema\/logo\/image\/\"}}]}<\/script>\n<meta property=\"product:price:amount\" content=\"80.00\" \/>\n<meta property=\"product:price:currency\" content=\"EUR\" \/>\n<meta property=\"og:availability\" content=\"instock\" \/>\n<meta property=\"product:availability\" content=\"instock\" \/>\n<meta property=\"product:condition\" content=\"new\" \/>\n<!-- \/ Yoast SEO plugin. -->","yoast_head_json":{"title":"Passeio ao p\u00f4r do sol em Ibiza \ud83c\udf05","description":"Sunset Tour Ibiza. Se querem uma experi\u00eancia inesquec\u00edvel, o p\u00f4r do sol em Ibiza \u00e9 o que precisam!!! Contactem-nos! P\u00f4r do sol em Ibiza!","robots":{"index":"index","follow":"follow","max-snippet":"max-snippet:-1","max-image-preview":"max-image-preview:large","max-video-preview":"max-video-preview:-1"},"canonical":"https:\/\/fliparas.com\/pt\/atividade\/passeio-ao-por-do-sol-em-ibiza\/","og_locale":"pt_PT","og_type":"article","og_title":"Sunset Tour Ibiza \ud83c\udf05\u200b","og_description":"Sunset Tour Ibiza. If you want an unforgettable experience, the sunsets in Ibiza are what you need!!! Contact Us! Sunsets in Ibiza!","og_url":"https:\/\/fliparas.com\/pt\/atividade\/passeio-ao-por-do-sol-em-ibiza\/","og_site_name":"Agency Specialised in Stag and Hen Parties","article_modified_time":"2025-01-31T10:26:03+00:00","og_image":[{"width":500,"height":457,"url":"https:\/\/fliparas.com\/wp-content\/uploads\/2024\/03\/Diseno-sin-titulo-12-1.png","type":"image\/png"}],"twitter_card":"summary_large_image","twitter_misc":{"pre\u00e7o":"80,00&nbsp;&euro;","Disponibilidade":"Em stock"},"schema":{"@context":"https:\/\/schema.org","@graph":[{"@type":"WebPage","@id":"https:\/\/fliparas.com\/activity\/sunset-tour-ibiza\/","url":"https:\/\/fliparas.com\/activity\/sunset-tour-ibiza\/","name":"Passeio ao p\u00f4r do sol em Ibiza \ud83c\udf05","isPartOf":{"@id":"https:\/\/fliparas.com\/#website"},"primaryImageOfPage":{"@id":"https:\/\/fliparas.com\/activity\/sunset-tour-ibiza\/#primaryimage"},"image":{"@id":"https:\/\/fliparas.com\/activity\/sunset-tour-ibiza\/#primaryimage"},"thumbnailUrl":"https:\/\/fliparas.com\/wp-content\/uploads\/2024\/03\/Diseno-sin-titulo-12-1.png","datePublished":"2024-03-26T14:04:43+00:00","dateModified":"2025-01-31T10:26:03+00:00","description":"Sunset Tour Ibiza. Se querem uma experi\u00eancia inesquec\u00edvel, o p\u00f4r do sol em Ibiza \u00e9 o que precisam!!! Contactem-nos! P\u00f4r do sol em Ibiza!","breadcrumb":{"@id":"https:\/\/fliparas.com\/activity\/sunset-tour-ibiza\/#breadcrumb"},"inLanguage":"pt-PT","potentialAction":[{"@type":"ReadAction","target":["https:\/\/fliparas.com\/activity\/sunset-tour-ibiza\/"]}]},{"@type":"ImageObject","inLanguage":"pt-PT","@id":"https:\/\/fliparas.com\/activity\/sunset-tour-ibiza\/#primaryimage","url":"https:\/\/fliparas.com\/wp-content\/uploads\/2024\/03\/Diseno-sin-titulo-12-1.png","contentUrl":"https:\/\/fliparas.com\/wp-content\/uploads\/2024\/03\/Diseno-sin-titulo-12-1.png","width":500,"height":457,"caption":"Sunset Tour Ibiza Image"},{"@type":"BreadcrumbList","@id":"https:\/\/fliparas.com\/activity\/sunset-tour-ibiza\/#breadcrumb","itemListElement":[{"@type":"ListItem","position":1,"name":"Home","item":"https:\/\/fliparas.com\/"},{"@type":"ListItem","position":2,"name":"Shop","item":"https:\/\/fliparas.com\/shop\/"},{"@type":"ListItem","position":3,"name":"Sunset Tour Ibiza"}]},{"@type":"WebSite","@id":"https:\/\/fliparas.com\/#website","url":"https:\/\/fliparas.com\/","name":"Ag\u00eancia especializada em despedidas de solteiro e de solteira","description":"Confie na ag\u00eancia mais bem classificada para organizar uma despedida de solteiro ou de solteira inesquec\u00edvel na Europa","publisher":{"@id":"https:\/\/fliparas.com\/#organization"},"alternateName":"Fliparas Agency Specialised in Stag and Hen Parties","potentialAction":[{"@type":"SearchAction","target":{"@type":"EntryPoint","urlTemplate":"https:\/\/fliparas.com\/?s={search_term_string}"},"query-input":{"@type":"PropertyValueSpecification","valueRequired":true,"valueName":"search_term_string"}}],"inLanguage":"pt-PT"},{"@type":"Organization","@id":"https:\/\/fliparas.com\/#organization","name":"Fliparas","alternateName":"Agency Specialised in Stag and Hen Parties","url":"https:\/\/fliparas.com\/","logo":{"@type":"ImageObject","inLanguage":"pt-PT","@id":"https:\/\/fliparas.com\/#\/schema\/logo\/image\/","url":"https:\/\/fliparas.com\/wp-content\/uploads\/2024\/03\/Logo-Fliparas.png","contentUrl":"https:\/\/fliparas.com\/wp-content\/uploads\/2024\/03\/Logo-Fliparas.png","width":1024,"height":1024,"caption":"Fliparas"},"image":{"@id":"https:\/\/fliparas.com\/#\/schema\/logo\/image\/"}}]},"product_price_amount":"80.00","product_price_currency":"EUR","og_availability":"instock","product_availability":"instock","product_condition":"new"},"_links":{"self":[{"href":"https:\/\/fliparas.com\/pt\/wp-json\/wp\/v2\/product\/1446","targetHints":{"allow":["GET"]}}],"collection":[{"href":"https:\/\/fliparas.com\/pt\/wp-json\/wp\/v2\/product"}],"about":[{"href":"https:\/\/fliparas.com\/pt\/wp-json\/wp\/v2\/types\/product"}],"wp:featuredmedia":[{"embeddable":true,"href":"https:\/\/fliparas.com\/pt\/wp-json\/wp\/v2\/media\/1447"}],"wp:attachment":[{"href":"https:\/\/fliparas.com\/pt\/wp-json\/wp\/v2\/media?parent=1446"}],"wp:term":[{"taxonomy":"product_brand","embeddable":true,"href":"https:\/\/fliparas.com\/pt\/wp-json\/wp\/v2\/product_brand?post=1446"},{"taxonomy":"product_cat","embeddable":true,"href":"https:\/\/fliparas.com\/pt\/wp-json\/wp\/v2\/product_cat?post=1446"},{"taxonomy":"product_tag","embeddable":true,"href":"https:\/\/fliparas.com\/pt\/wp-json\/wp\/v2\/product_tag?post=1446"}],"curies":[{"name":"wp","href":"https:\/\/api.w.org\/{rel}","templated":true}]}}