{"id":1461,"date":"2024-03-26T16:01:22","date_gmt":"2024-03-26T16:01:22","guid":{"rendered":"https:\/\/fliparas.com\/?post_type=product&#038;p=1461"},"modified":"2025-01-31T11:26:02","modified_gmt":"2025-01-31T10:26:02","slug":"almoco-sem-fundo-em-ibiza","status":"publish","type":"product","link":"https:\/\/fliparas.com\/pt\/atividade\/almoco-sem-fundo-em-ibiza\/","title":{"rendered":"Almo\u00e7o em Ibiza"},"content":{"rendered":"<ul>\n<li style=\"text-align: center;\">\n<h2 style=\"text-align: center;\">\ud83e\udd42\ud83e\udd50 Descobrir: BottomLess Lunch Ibiza \ud83e\udd42\ud83e\udd50<\/h2>\n<p>As melhores despedidas de solteiro com <a href=\"https:\/\/fliparas.com\/pt\/despedida-de-solteiro\/\">Festa de despedida de solteiro<\/a>! <a href=\"https:\/\/fliparas.com\/pt\/festa-de-despedida-de-solteira\/\">Festa da galinha<\/a>!<\/li>\n<\/ul>\n<p style=\"text-align: center;\">Est\u00e1 preparado para o <span style=\"font-size: 14.4px;\">Experi\u00eancia BottomLess Lunch?<br \/>\n<\/span><\/p>\n<p style=\"text-align: center;\"><strong><br \/>\nExplore Ibiza em estilo com o nosso almo\u00e7o BottomLess!<\/strong><\/p>\n<div style=\"text-align: center;\">\n<p>Comida deliciosa, bebidas refrescantes e Ibiza como pano de fundo! \u00c9 assim que vai ser o seu almo\u00e7o BottomLess!<\/p>\n<\/div>\n<div style=\"text-align: center;\">O menu do brunch \u00e9 variado, satisfazendo pessoas com diferentes gostos e prefer\u00eancias.<\/div>\n<div><\/div>\n<div style=\"text-align: center;\">\ud83d\udd38 O ambiente \u00e9 animado e festivo, mas calmo! O almo\u00e7o e o dia combinam com uma animada degusta\u00e7\u00e3o e depois a transi\u00e7\u00e3o para uma boa festa (quem sabe?).<\/div>\n<div><\/div>\n<div style=\"text-align: center;\">\ud83d\udd38 As bebidas s\u00e3o ilimitadas!!! Com mimosas, sangria, cerveja e muito mais!<\/div>\n<div style=\"text-align: center;\"><\/div>\n<div style=\"text-align: center;\">\n<p><strong><br \/>\nO equil\u00edbrio entre a bebida e a comida \u00e9 essencial, certo?<\/strong><\/p>\n<\/div>\n<div style=\"text-align: center;\">Aqui ter\u00e1 todas as melhores op\u00e7\u00f5es de comida e bebida e tudo isto com os seus amigos especiais e o ar natural de Ibiza!<\/div>\n<div>\n<div style=\"text-align: center;\">\n<p>&nbsp;<\/p>\n<p>Crie mem\u00f3rias inesquec\u00edveis com os seus amigos num ambiente animado e festivo.<br \/>\n<span style=\"color: #555555;\">Venha celebrar a vida com um almo\u00e7o inesquec\u00edvel!<\/span><\/p>\n<\/div>\n<\/div>\n<h4><\/h4>\n<h3 style=\"text-align: center;\">\ud83e\udd42\u00a0<strong>Mais do que um almo\u00e7o: Uma experi\u00eancia imperd\u00edvel no BottomLess Lunch Ibiza! <\/strong>\ud83e\udd42<\/h3>\n<p>&nbsp;<\/p>\n<p class=\"p1\" style=\"text-align: center;\"><strong>RESERVA POSS\u00cdVEL PARA GRUPOS DE: 6 a 12 PESSOAS.<\/strong><\/p>","protected":false},"excerpt":{"rendered":"<p>Almo\u00e7o BottomLess em Ibiza. Aqui ter\u00e1s as melhores op\u00e7\u00f5es de comida e bebida e tudo isto com os teus amigos especiais e o ar natural de Ibiza!<br \/>\n<strong>RESERVA POSS\u00cdVEL PARA GRUPOS DE: 6 a 12 PESSOAS.<\/strong><\/p>","protected":false},"featured_media":1462,"template":"","meta":[],"product_brand":[425],"product_cat":[266,265,267],"product_tag":[362,363,361],"class_list":{"0":"post-1461","1":"product","2":"type-product","3":"status-publish","4":"has-post-thumbnail","6":"product_brand-fliparas-inc","7":"product_cat-hen-party-ibiza-activities","8":"product_cat-ibiza","9":"product_cat-stag-party-ibiza-activities","10":"product_tag-brunch-ibiza","11":"product_tag-ibiza-brunch","12":"product_tag-the-bottomless-brunch-in-ibiza","14":"first","15":"instock","16":"virtual","17":"sold-individually","18":"purchasable","19":"product-type-booking"},"yoast_head":"<!-- This site is optimized with the Yoast SEO plugin v26.9 - https:\/\/yoast.com\/product\/yoast-seo-wordpress\/ -->\n<title>BottomLess Lunch In Ibiza \ud83e\udd42\u200b\ud83e\udd50<\/title>\n<meta name=\"description\" content=\"BottomLess Lunch In Ibiza. Here you&#039;ll have all the best food and drink options and all this with your special friends and the natural air of Ibiza! \ud83e\udd50\" \/>\n<meta name=\"robots\" content=\"index, follow, max-snippet:-1, max-image-preview:large, max-video-preview:-1\" \/>\n<link rel=\"canonical\" href=\"https:\/\/fliparas.com\/pt\/atividade\/almoco-sem-fundo-em-ibiza\/\" \/>\n<meta property=\"og:locale\" content=\"pt_PT\" \/>\n<meta property=\"og:type\" content=\"article\" \/>\n<meta property=\"og:title\" content=\"BottomLess Lunch In Ibiza \ud83e\udd42\u200b\ud83e\udd50\" \/>\n<meta property=\"og:description\" content=\"BottomLess Lunch In Ibiza. Here you&#039;ll have all the best food and drink options and all this with your special friends and the natural air of Ibiza! \ud83e\udd50\" \/>\n<meta property=\"og:url\" content=\"https:\/\/fliparas.com\/pt\/atividade\/almoco-sem-fundo-em-ibiza\/\" \/>\n<meta property=\"og:site_name\" content=\"Agency Specialised in Stag and Hen Parties\" \/>\n<meta property=\"article:modified_time\" content=\"2025-01-31T10:26:02+00:00\" \/>\n<meta property=\"og:image\" content=\"https:\/\/fliparas.com\/wp-content\/uploads\/2024\/03\/Diseno-sin-titulo-19-1-1.png\" \/>\n\t<meta property=\"og:image:width\" content=\"875\" \/>\n\t<meta property=\"og:image:height\" content=\"522\" \/>\n\t<meta property=\"og:image:type\" content=\"image\/png\" \/>\n<meta name=\"twitter:card\" content=\"summary_large_image\" \/>\n<meta name=\"twitter:label1\" content=\"pre\u00e7o\" \/>\n\t<meta name=\"twitter:data1\" content=\"45,00&nbsp;&euro;\" \/>\n\t<meta name=\"twitter:label2\" content=\"Disponibilidade\" \/>\n\t<meta name=\"twitter:data2\" content=\"Em stock\" \/>\n<script type=\"application\/ld+json\" class=\"yoast-schema-graph\">{\"@context\":\"https:\/\/schema.org\",\"@graph\":[{\"@type\":\"WebPage\",\"@id\":\"https:\/\/fliparas.com\/activity\/bottomless-lunch-in-ibiza\/\",\"url\":\"https:\/\/fliparas.com\/activity\/bottomless-lunch-in-ibiza\/\",\"name\":\"BottomLess Lunch In Ibiza \ud83e\udd42\u200b\ud83e\udd50\",\"isPartOf\":{\"@id\":\"https:\/\/fliparas.com\/#website\"},\"primaryImageOfPage\":{\"@id\":\"https:\/\/fliparas.com\/activity\/bottomless-lunch-in-ibiza\/#primaryimage\"},\"image\":{\"@id\":\"https:\/\/fliparas.com\/activity\/bottomless-lunch-in-ibiza\/#primaryimage\"},\"thumbnailUrl\":\"https:\/\/fliparas.com\/wp-content\/uploads\/2024\/03\/Diseno-sin-titulo-19-1-1.png\",\"datePublished\":\"2024-03-26T16:01:22+00:00\",\"dateModified\":\"2025-01-31T10:26:02+00:00\",\"description\":\"BottomLess Lunch In Ibiza. Here you'll have all the best food and drink options and all this with your special friends and the natural air of Ibiza! \ud83e\udd50\",\"breadcrumb\":{\"@id\":\"https:\/\/fliparas.com\/activity\/bottomless-lunch-in-ibiza\/#breadcrumb\"},\"inLanguage\":\"pt-PT\",\"potentialAction\":[{\"@type\":\"ReadAction\",\"target\":[\"https:\/\/fliparas.com\/activity\/bottomless-lunch-in-ibiza\/\"]}]},{\"@type\":\"ImageObject\",\"inLanguage\":\"pt-PT\",\"@id\":\"https:\/\/fliparas.com\/activity\/bottomless-lunch-in-ibiza\/#primaryimage\",\"url\":\"https:\/\/fliparas.com\/wp-content\/uploads\/2024\/03\/Diseno-sin-titulo-19-1-1.png\",\"contentUrl\":\"https:\/\/fliparas.com\/wp-content\/uploads\/2024\/03\/Diseno-sin-titulo-19-1-1.png\",\"width\":875,\"height\":522,\"caption\":\"BottomLess Lunch In Ibiza image\"},{\"@type\":\"BreadcrumbList\",\"@id\":\"https:\/\/fliparas.com\/activity\/bottomless-lunch-in-ibiza\/#breadcrumb\",\"itemListElement\":[{\"@type\":\"ListItem\",\"position\":1,\"name\":\"Home\",\"item\":\"https:\/\/fliparas.com\/\"},{\"@type\":\"ListItem\",\"position\":2,\"name\":\"Shop\",\"item\":\"https:\/\/fliparas.com\/shop\/\"},{\"@type\":\"ListItem\",\"position\":3,\"name\":\"BottomLess Lunch In Ibiza\"}]},{\"@type\":\"WebSite\",\"@id\":\"https:\/\/fliparas.com\/#website\",\"url\":\"https:\/\/fliparas.com\/\",\"name\":\"Agency Specialised in Stag and Hen Parties\",\"description\":\"Trust the highest rated agency to organize an unforgettable stag and hen parties in Europe\",\"publisher\":{\"@id\":\"https:\/\/fliparas.com\/#organization\"},\"alternateName\":\"Fliparas Agency Specialised in Stag and Hen Parties\",\"potentialAction\":[{\"@type\":\"SearchAction\",\"target\":{\"@type\":\"EntryPoint\",\"urlTemplate\":\"https:\/\/fliparas.com\/?s={search_term_string}\"},\"query-input\":{\"@type\":\"PropertyValueSpecification\",\"valueRequired\":true,\"valueName\":\"search_term_string\"}}],\"inLanguage\":\"pt-PT\"},{\"@type\":\"Organization\",\"@id\":\"https:\/\/fliparas.com\/#organization\",\"name\":\"Fliparas\",\"alternateName\":\"Agency Specialised in Stag and Hen Parties\",\"url\":\"https:\/\/fliparas.com\/\",\"logo\":{\"@type\":\"ImageObject\",\"inLanguage\":\"pt-PT\",\"@id\":\"https:\/\/fliparas.com\/#\/schema\/logo\/image\/\",\"url\":\"https:\/\/fliparas.com\/wp-content\/uploads\/2024\/03\/Logo-Fliparas.png\",\"contentUrl\":\"https:\/\/fliparas.com\/wp-content\/uploads\/2024\/03\/Logo-Fliparas.png\",\"width\":1024,\"height\":1024,\"caption\":\"Fliparas\"},\"image\":{\"@id\":\"https:\/\/fliparas.com\/#\/schema\/logo\/image\/\"}}]}<\/script>\n<meta property=\"product:price:amount\" content=\"45.00\" \/>\n<meta property=\"product:price:currency\" content=\"EUR\" \/>\n<meta property=\"og:availability\" content=\"instock\" \/>\n<meta property=\"product:availability\" content=\"instock\" \/>\n<meta property=\"product:condition\" content=\"new\" \/>\n<!-- \/ Yoast SEO plugin. -->","yoast_head_json":{"title":"Almo\u00e7o em Ibiza \ud83e\udd42\ud83e\udd50","description":"Almo\u00e7o BottomLess em Ibiza. Aqui ter\u00e1s todas as melhores op\u00e7\u00f5es de comida e bebida e tudo isto com os teus amigos especiais e o ar natural de Ibiza! \ud83e\udd50","robots":{"index":"index","follow":"follow","max-snippet":"max-snippet:-1","max-image-preview":"max-image-preview:large","max-video-preview":"max-video-preview:-1"},"canonical":"https:\/\/fliparas.com\/pt\/atividade\/almoco-sem-fundo-em-ibiza\/","og_locale":"pt_PT","og_type":"article","og_title":"BottomLess Lunch In Ibiza \ud83e\udd42\u200b\ud83e\udd50","og_description":"BottomLess Lunch In Ibiza. Here you'll have all the best food and drink options and all this with your special friends and the natural air of Ibiza! \ud83e\udd50","og_url":"https:\/\/fliparas.com\/pt\/atividade\/almoco-sem-fundo-em-ibiza\/","og_site_name":"Agency Specialised in Stag and Hen Parties","article_modified_time":"2025-01-31T10:26:02+00:00","og_image":[{"width":875,"height":522,"url":"https:\/\/fliparas.com\/wp-content\/uploads\/2024\/03\/Diseno-sin-titulo-19-1-1.png","type":"image\/png"}],"twitter_card":"summary_large_image","twitter_misc":{"pre\u00e7o":"45,00&nbsp;&euro;","Disponibilidade":"Em stock"},"schema":{"@context":"https:\/\/schema.org","@graph":[{"@type":"WebPage","@id":"https:\/\/fliparas.com\/activity\/bottomless-lunch-in-ibiza\/","url":"https:\/\/fliparas.com\/activity\/bottomless-lunch-in-ibiza\/","name":"Almo\u00e7o em Ibiza \ud83e\udd42\ud83e\udd50","isPartOf":{"@id":"https:\/\/fliparas.com\/#website"},"primaryImageOfPage":{"@id":"https:\/\/fliparas.com\/activity\/bottomless-lunch-in-ibiza\/#primaryimage"},"image":{"@id":"https:\/\/fliparas.com\/activity\/bottomless-lunch-in-ibiza\/#primaryimage"},"thumbnailUrl":"https:\/\/fliparas.com\/wp-content\/uploads\/2024\/03\/Diseno-sin-titulo-19-1-1.png","datePublished":"2024-03-26T16:01:22+00:00","dateModified":"2025-01-31T10:26:02+00:00","description":"Almo\u00e7o BottomLess em Ibiza. Aqui ter\u00e1s todas as melhores op\u00e7\u00f5es de comida e bebida e tudo isto com os teus amigos especiais e o ar natural de Ibiza! \ud83e\udd50","breadcrumb":{"@id":"https:\/\/fliparas.com\/activity\/bottomless-lunch-in-ibiza\/#breadcrumb"},"inLanguage":"pt-PT","potentialAction":[{"@type":"ReadAction","target":["https:\/\/fliparas.com\/activity\/bottomless-lunch-in-ibiza\/"]}]},{"@type":"ImageObject","inLanguage":"pt-PT","@id":"https:\/\/fliparas.com\/activity\/bottomless-lunch-in-ibiza\/#primaryimage","url":"https:\/\/fliparas.com\/wp-content\/uploads\/2024\/03\/Diseno-sin-titulo-19-1-1.png","contentUrl":"https:\/\/fliparas.com\/wp-content\/uploads\/2024\/03\/Diseno-sin-titulo-19-1-1.png","width":875,"height":522,"caption":"BottomLess Lunch In Ibiza image"},{"@type":"BreadcrumbList","@id":"https:\/\/fliparas.com\/activity\/bottomless-lunch-in-ibiza\/#breadcrumb","itemListElement":[{"@type":"ListItem","position":1,"name":"Home","item":"https:\/\/fliparas.com\/"},{"@type":"ListItem","position":2,"name":"Shop","item":"https:\/\/fliparas.com\/shop\/"},{"@type":"ListItem","position":3,"name":"BottomLess Lunch In Ibiza"}]},{"@type":"WebSite","@id":"https:\/\/fliparas.com\/#website","url":"https:\/\/fliparas.com\/","name":"Ag\u00eancia especializada em despedidas de solteiro e de solteira","description":"Confie na ag\u00eancia mais bem classificada para organizar uma despedida de solteiro ou de solteira inesquec\u00edvel na Europa","publisher":{"@id":"https:\/\/fliparas.com\/#organization"},"alternateName":"Fliparas Agency Specialised in Stag and Hen Parties","potentialAction":[{"@type":"SearchAction","target":{"@type":"EntryPoint","urlTemplate":"https:\/\/fliparas.com\/?s={search_term_string}"},"query-input":{"@type":"PropertyValueSpecification","valueRequired":true,"valueName":"search_term_string"}}],"inLanguage":"pt-PT"},{"@type":"Organization","@id":"https:\/\/fliparas.com\/#organization","name":"Fliparas","alternateName":"Agency Specialised in Stag and Hen Parties","url":"https:\/\/fliparas.com\/","logo":{"@type":"ImageObject","inLanguage":"pt-PT","@id":"https:\/\/fliparas.com\/#\/schema\/logo\/image\/","url":"https:\/\/fliparas.com\/wp-content\/uploads\/2024\/03\/Logo-Fliparas.png","contentUrl":"https:\/\/fliparas.com\/wp-content\/uploads\/2024\/03\/Logo-Fliparas.png","width":1024,"height":1024,"caption":"Fliparas"},"image":{"@id":"https:\/\/fliparas.com\/#\/schema\/logo\/image\/"}}]},"product_price_amount":"45.00","product_price_currency":"EUR","og_availability":"instock","product_availability":"instock","product_condition":"new"},"_links":{"self":[{"href":"https:\/\/fliparas.com\/pt\/wp-json\/wp\/v2\/product\/1461","targetHints":{"allow":["GET"]}}],"collection":[{"href":"https:\/\/fliparas.com\/pt\/wp-json\/wp\/v2\/product"}],"about":[{"href":"https:\/\/fliparas.com\/pt\/wp-json\/wp\/v2\/types\/product"}],"wp:featuredmedia":[{"embeddable":true,"href":"https:\/\/fliparas.com\/pt\/wp-json\/wp\/v2\/media\/1462"}],"wp:attachment":[{"href":"https:\/\/fliparas.com\/pt\/wp-json\/wp\/v2\/media?parent=1461"}],"wp:term":[{"taxonomy":"product_brand","embeddable":true,"href":"https:\/\/fliparas.com\/pt\/wp-json\/wp\/v2\/product_brand?post=1461"},{"taxonomy":"product_cat","embeddable":true,"href":"https:\/\/fliparas.com\/pt\/wp-json\/wp\/v2\/product_cat?post=1461"},{"taxonomy":"product_tag","embeddable":true,"href":"https:\/\/fliparas.com\/pt\/wp-json\/wp\/v2\/product_tag?post=1461"}],"curies":[{"name":"wp","href":"https:\/\/api.w.org\/{rel}","templated":true}]}}