{"id":1552,"date":"2024-03-27T14:50:50","date_gmt":"2024-03-27T14:50:50","guid":{"rendered":"https:\/\/fliparas.com\/?post_type=product&#038;p=1552"},"modified":"2025-01-31T11:26:14","modified_gmt":"2025-01-31T10:26:14","slug":"jet-ski-valencia","status":"publish","type":"product","link":"https:\/\/fliparas.com\/pt\/atividade\/jet-ski-valencia\/","title":{"rendered":"Jet Ski Val\u00eancia"},"content":{"rendered":"<p>Jet Ski Val\u00eancia. Desfrute de meia hora da atividade aqu\u00e1tica mais divertida: o jet ski.<\/p>\n<p>As melhores despedidas de solteiro com <a href=\"https:\/\/fliparas.com\/pt\/despedida-de-solteiro\/\">Festa de despedida de solteiro<\/a>! <a href=\"https:\/\/fliparas.com\/pt\/festa-de-despedida-de-solteira\/\">Festa da galinha<\/a>!<\/p>\n<h2 style=\"text-align: center;\">Jet Ski Val\u00eancia \ud83c\udf0a<\/h2>\n<ul>\n<li>Descubra a Adrenalina Aqu\u00e1tica! \ud83d\udea4\ud83d\udca6<\/li>\n<\/ul>\n<p>Experimente meia hora de emo\u00e7\u00f5es inesquec\u00edveis nas \u00e1guas cristalinas de Val\u00eancia com a nossa incr\u00edvel atividade de mota de \u00e1gua! \ud83c\udf34\ud83c\udf0a<\/p>\n<p>Suba para a sua mota de \u00e1gua e sinta a emo\u00e7\u00e3o de andar nas ondas do Mediterr\u00e2neo.<\/p>\n<p>Quer prefira a independ\u00eancia de uma experi\u00eancia individual ou a partilha de uma aventura em casal, tem a liberdade de escolher. Os casais podem alternar o papel de condutor para duplicar a divers\u00e3o enquanto descobrem a emo\u00e7\u00e3o de conduzir no mar.<\/p>\n<p>Deslize a toda a velocidade, sinta o vento no seu cabelo e saboreie cada momento desta emocionante experi\u00eancia aqu\u00e1tica. Com o esplendor de Val\u00eancia como pano de fundo, cada curva torna-se numa aventura inesquec\u00edvel.<\/p>\n<p>Reserve agora para uma aventura aqu\u00e1tica memor\u00e1vel!<\/p>\n<p>Ofere\u00e7a a si mesmo meia hora de divers\u00e3o sob o sol de Val\u00eancia. Deixe que o mar o guie numa aventura cheia de risos, emo\u00e7\u00f5es e mem\u00f3rias inesquec\u00edveis. Embarque numa experi\u00eancia de moto aqu\u00e1tica que ficar\u00e1 gravada na sua mem\u00f3ria! \ud83c\udfc4\u200d\u2642\ufe0f\ud83c\udfc4\u200d\u2640\ufe0f<\/p>\n<p style=\"text-align: center;\"><strong>Jet Ski Val\u00eancia<br \/>\nVENDA M\u00cdNIMA: 2 PESSOAS.\u00a0<\/strong><br \/>\n<strong>TEMPO: 30min.\u00a0<\/strong><\/p>","protected":false},"excerpt":{"rendered":"<p>Jet Ski Val\u00eancia. Viva meia hora de emo\u00e7\u00f5es inesquec\u00edveis nas \u00e1guas cristalinas de Val\u00eancia com a nossa incr\u00edvel atividade de motas de \u00e1gua!<br \/>\n<strong>VENDA M\u00cdNIMA: 2 PESSOAS.\u00a0<\/strong><br \/>\n<strong>TEMPO: 30min.\u00a0<\/strong><\/p>","protected":false},"featured_media":1570,"template":"","meta":[],"product_brand":[425],"product_cat":[370,371,369],"product_tag":[383],"class_list":{"0":"post-1552","1":"product","2":"type-product","3":"status-publish","4":"has-post-thumbnail","6":"product_brand-fliparas-inc","7":"product_cat-hen-party-valencia-activities","8":"product_cat-stag-party-valencia-activities","9":"product_cat-valencia","10":"product_tag-jet-ski-valencia","12":"first","13":"instock","14":"virtual","15":"sold-individually","16":"purchasable","17":"product-type-booking"},"yoast_head":"<!-- This site is optimized with the Yoast SEO plugin v26.9 - https:\/\/yoast.com\/product\/yoast-seo-wordpress\/ -->\n<title>Jet Ski Valencia - JET SKI EN VALENCIA! \ud83c\udf0a\u200b\u200b\u2600\ufe0f\u200b<\/title>\n<meta name=\"description\" content=\"Jet Ski Valencia. Enjoy half an hour of the most fun water activity: jet skiing. Have fun with your friends!!! Contact Us!\" \/>\n<meta name=\"robots\" content=\"index, follow, max-snippet:-1, max-image-preview:large, max-video-preview:-1\" \/>\n<link rel=\"canonical\" href=\"https:\/\/fliparas.com\/pt\/atividade\/jet-ski-valencia\/\" \/>\n<meta property=\"og:locale\" content=\"pt_PT\" \/>\n<meta property=\"og:type\" content=\"article\" \/>\n<meta property=\"og:title\" content=\"Jet Ski Valencia - JET SKI EN VALENCIA! \ud83c\udf0a\u200b\u200b\u2600\ufe0f\u200b\" \/>\n<meta property=\"og:description\" content=\"Jet Ski Valencia. Enjoy half an hour of the most fun water activity: jet skiing. Have fun with your friends!!! Contact Us!\" \/>\n<meta property=\"og:url\" content=\"https:\/\/fliparas.com\/pt\/atividade\/jet-ski-valencia\/\" \/>\n<meta property=\"og:site_name\" content=\"Agency Specialised in Stag and Hen Parties\" \/>\n<meta property=\"article:modified_time\" content=\"2025-01-31T10:26:14+00:00\" \/>\n<meta property=\"og:image\" content=\"https:\/\/fliparas.com\/wp-content\/uploads\/2024\/03\/Captura-de-pantalla-2024-03-27-a-las-9.50.45.png\" \/>\n\t<meta property=\"og:image:width\" content=\"1288\" \/>\n\t<meta property=\"og:image:height\" content=\"804\" \/>\n\t<meta property=\"og:image:type\" content=\"image\/png\" \/>\n<meta name=\"twitter:card\" content=\"summary_large_image\" \/>\n<meta name=\"twitter:label1\" content=\"pre\u00e7o\" \/>\n\t<meta name=\"twitter:data1\" content=\"110,00&nbsp;&euro;\" \/>\n\t<meta name=\"twitter:label2\" content=\"Disponibilidade\" \/>\n\t<meta name=\"twitter:data2\" content=\"Em stock\" \/>\n<script type=\"application\/ld+json\" class=\"yoast-schema-graph\">{\"@context\":\"https:\/\/schema.org\",\"@graph\":[{\"@type\":\"WebPage\",\"@id\":\"https:\/\/fliparas.com\/activity\/jet-ski-valencia\/\",\"url\":\"https:\/\/fliparas.com\/activity\/jet-ski-valencia\/\",\"name\":\"Jet Ski Valencia - JET SKI EN VALENCIA! \ud83c\udf0a\u200b\u200b\u2600\ufe0f\u200b\",\"isPartOf\":{\"@id\":\"https:\/\/fliparas.com\/#website\"},\"primaryImageOfPage\":{\"@id\":\"https:\/\/fliparas.com\/activity\/jet-ski-valencia\/#primaryimage\"},\"image\":{\"@id\":\"https:\/\/fliparas.com\/activity\/jet-ski-valencia\/#primaryimage\"},\"thumbnailUrl\":\"https:\/\/fliparas.com\/wp-content\/uploads\/2024\/03\/Captura-de-pantalla-2024-03-27-a-las-9.50.45.png\",\"datePublished\":\"2024-03-27T14:50:50+00:00\",\"dateModified\":\"2025-01-31T10:26:14+00:00\",\"description\":\"Jet Ski Valencia. Enjoy half an hour of the most fun water activity: jet skiing. Have fun with your friends!!! Contact Us!\",\"breadcrumb\":{\"@id\":\"https:\/\/fliparas.com\/activity\/jet-ski-valencia\/#breadcrumb\"},\"inLanguage\":\"pt-PT\",\"potentialAction\":[{\"@type\":\"ReadAction\",\"target\":[\"https:\/\/fliparas.com\/activity\/jet-ski-valencia\/\"]}]},{\"@type\":\"ImageObject\",\"inLanguage\":\"pt-PT\",\"@id\":\"https:\/\/fliparas.com\/activity\/jet-ski-valencia\/#primaryimage\",\"url\":\"https:\/\/fliparas.com\/wp-content\/uploads\/2024\/03\/Captura-de-pantalla-2024-03-27-a-las-9.50.45.png\",\"contentUrl\":\"https:\/\/fliparas.com\/wp-content\/uploads\/2024\/03\/Captura-de-pantalla-2024-03-27-a-las-9.50.45.png\",\"width\":1288,\"height\":804,\"caption\":\"Jet Ski Valencia Image Product\"},{\"@type\":\"BreadcrumbList\",\"@id\":\"https:\/\/fliparas.com\/activity\/jet-ski-valencia\/#breadcrumb\",\"itemListElement\":[{\"@type\":\"ListItem\",\"position\":1,\"name\":\"Home\",\"item\":\"https:\/\/fliparas.com\/\"},{\"@type\":\"ListItem\",\"position\":2,\"name\":\"Shop\",\"item\":\"https:\/\/fliparas.com\/shop\/\"},{\"@type\":\"ListItem\",\"position\":3,\"name\":\"Jet Ski Valencia\"}]},{\"@type\":\"WebSite\",\"@id\":\"https:\/\/fliparas.com\/#website\",\"url\":\"https:\/\/fliparas.com\/\",\"name\":\"Agency Specialised in Stag and Hen Parties\",\"description\":\"Trust the highest rated agency to organize an unforgettable stag and hen parties in Europe\",\"publisher\":{\"@id\":\"https:\/\/fliparas.com\/#organization\"},\"alternateName\":\"Fliparas Agency Specialised in Stag and Hen Parties\",\"potentialAction\":[{\"@type\":\"SearchAction\",\"target\":{\"@type\":\"EntryPoint\",\"urlTemplate\":\"https:\/\/fliparas.com\/?s={search_term_string}\"},\"query-input\":{\"@type\":\"PropertyValueSpecification\",\"valueRequired\":true,\"valueName\":\"search_term_string\"}}],\"inLanguage\":\"pt-PT\"},{\"@type\":\"Organization\",\"@id\":\"https:\/\/fliparas.com\/#organization\",\"name\":\"Fliparas\",\"alternateName\":\"Agency Specialised in Stag and Hen Parties\",\"url\":\"https:\/\/fliparas.com\/\",\"logo\":{\"@type\":\"ImageObject\",\"inLanguage\":\"pt-PT\",\"@id\":\"https:\/\/fliparas.com\/#\/schema\/logo\/image\/\",\"url\":\"https:\/\/fliparas.com\/wp-content\/uploads\/2024\/03\/Logo-Fliparas.png\",\"contentUrl\":\"https:\/\/fliparas.com\/wp-content\/uploads\/2024\/03\/Logo-Fliparas.png\",\"width\":1024,\"height\":1024,\"caption\":\"Fliparas\"},\"image\":{\"@id\":\"https:\/\/fliparas.com\/#\/schema\/logo\/image\/\"}}]}<\/script>\n<meta property=\"product:price:amount\" content=\"110.00\" \/>\n<meta property=\"product:price:currency\" content=\"EUR\" \/>\n<meta property=\"og:availability\" content=\"instock\" \/>\n<meta property=\"product:availability\" content=\"instock\" \/>\n<meta property=\"product:condition\" content=\"new\" \/>\n<!-- \/ Yoast SEO plugin. -->","yoast_head_json":{"title":"Jet Ski Valencia - JET SKI EN VALENCIA! \ud83c\udf0a\u2600\ufe0f","description":"Jet Ski Val\u00eancia. Desfrute de meia hora da atividade aqu\u00e1tica mais divertida: o jet ski. Divirta-se com os seus amigos!!! Contacte-nos!","robots":{"index":"index","follow":"follow","max-snippet":"max-snippet:-1","max-image-preview":"max-image-preview:large","max-video-preview":"max-video-preview:-1"},"canonical":"https:\/\/fliparas.com\/pt\/atividade\/jet-ski-valencia\/","og_locale":"pt_PT","og_type":"article","og_title":"Jet Ski Valencia - JET SKI EN VALENCIA! \ud83c\udf0a\u200b\u200b\u2600\ufe0f\u200b","og_description":"Jet Ski Valencia. Enjoy half an hour of the most fun water activity: jet skiing. Have fun with your friends!!! Contact Us!","og_url":"https:\/\/fliparas.com\/pt\/atividade\/jet-ski-valencia\/","og_site_name":"Agency Specialised in Stag and Hen Parties","article_modified_time":"2025-01-31T10:26:14+00:00","og_image":[{"width":1288,"height":804,"url":"https:\/\/fliparas.com\/wp-content\/uploads\/2024\/03\/Captura-de-pantalla-2024-03-27-a-las-9.50.45.png","type":"image\/png"}],"twitter_card":"summary_large_image","twitter_misc":{"pre\u00e7o":"110,00&nbsp;&euro;","Disponibilidade":"Em stock"},"schema":{"@context":"https:\/\/schema.org","@graph":[{"@type":"WebPage","@id":"https:\/\/fliparas.com\/activity\/jet-ski-valencia\/","url":"https:\/\/fliparas.com\/activity\/jet-ski-valencia\/","name":"Jet Ski Valencia - JET SKI EN VALENCIA! \ud83c\udf0a\u2600\ufe0f","isPartOf":{"@id":"https:\/\/fliparas.com\/#website"},"primaryImageOfPage":{"@id":"https:\/\/fliparas.com\/activity\/jet-ski-valencia\/#primaryimage"},"image":{"@id":"https:\/\/fliparas.com\/activity\/jet-ski-valencia\/#primaryimage"},"thumbnailUrl":"https:\/\/fliparas.com\/wp-content\/uploads\/2024\/03\/Captura-de-pantalla-2024-03-27-a-las-9.50.45.png","datePublished":"2024-03-27T14:50:50+00:00","dateModified":"2025-01-31T10:26:14+00:00","description":"Jet Ski Val\u00eancia. Desfrute de meia hora da atividade aqu\u00e1tica mais divertida: o jet ski. Divirta-se com os seus amigos!!! Contacte-nos!","breadcrumb":{"@id":"https:\/\/fliparas.com\/activity\/jet-ski-valencia\/#breadcrumb"},"inLanguage":"pt-PT","potentialAction":[{"@type":"ReadAction","target":["https:\/\/fliparas.com\/activity\/jet-ski-valencia\/"]}]},{"@type":"ImageObject","inLanguage":"pt-PT","@id":"https:\/\/fliparas.com\/activity\/jet-ski-valencia\/#primaryimage","url":"https:\/\/fliparas.com\/wp-content\/uploads\/2024\/03\/Captura-de-pantalla-2024-03-27-a-las-9.50.45.png","contentUrl":"https:\/\/fliparas.com\/wp-content\/uploads\/2024\/03\/Captura-de-pantalla-2024-03-27-a-las-9.50.45.png","width":1288,"height":804,"caption":"Jet Ski Valencia Image Product"},{"@type":"BreadcrumbList","@id":"https:\/\/fliparas.com\/activity\/jet-ski-valencia\/#breadcrumb","itemListElement":[{"@type":"ListItem","position":1,"name":"Home","item":"https:\/\/fliparas.com\/"},{"@type":"ListItem","position":2,"name":"Shop","item":"https:\/\/fliparas.com\/shop\/"},{"@type":"ListItem","position":3,"name":"Jet Ski Valencia"}]},{"@type":"WebSite","@id":"https:\/\/fliparas.com\/#website","url":"https:\/\/fliparas.com\/","name":"Ag\u00eancia especializada em despedidas de solteiro e de solteira","description":"Confie na ag\u00eancia mais bem classificada para organizar uma despedida de solteiro ou de solteira inesquec\u00edvel na Europa","publisher":{"@id":"https:\/\/fliparas.com\/#organization"},"alternateName":"Fliparas Agency Specialised in Stag and Hen Parties","potentialAction":[{"@type":"SearchAction","target":{"@type":"EntryPoint","urlTemplate":"https:\/\/fliparas.com\/?s={search_term_string}"},"query-input":{"@type":"PropertyValueSpecification","valueRequired":true,"valueName":"search_term_string"}}],"inLanguage":"pt-PT"},{"@type":"Organization","@id":"https:\/\/fliparas.com\/#organization","name":"Fliparas","alternateName":"Agency Specialised in Stag and Hen Parties","url":"https:\/\/fliparas.com\/","logo":{"@type":"ImageObject","inLanguage":"pt-PT","@id":"https:\/\/fliparas.com\/#\/schema\/logo\/image\/","url":"https:\/\/fliparas.com\/wp-content\/uploads\/2024\/03\/Logo-Fliparas.png","contentUrl":"https:\/\/fliparas.com\/wp-content\/uploads\/2024\/03\/Logo-Fliparas.png","width":1024,"height":1024,"caption":"Fliparas"},"image":{"@id":"https:\/\/fliparas.com\/#\/schema\/logo\/image\/"}}]},"product_price_amount":"110.00","product_price_currency":"EUR","og_availability":"instock","product_availability":"instock","product_condition":"new"},"_links":{"self":[{"href":"https:\/\/fliparas.com\/pt\/wp-json\/wp\/v2\/product\/1552","targetHints":{"allow":["GET"]}}],"collection":[{"href":"https:\/\/fliparas.com\/pt\/wp-json\/wp\/v2\/product"}],"about":[{"href":"https:\/\/fliparas.com\/pt\/wp-json\/wp\/v2\/types\/product"}],"wp:featuredmedia":[{"embeddable":true,"href":"https:\/\/fliparas.com\/pt\/wp-json\/wp\/v2\/media\/1570"}],"wp:attachment":[{"href":"https:\/\/fliparas.com\/pt\/wp-json\/wp\/v2\/media?parent=1552"}],"wp:term":[{"taxonomy":"product_brand","embeddable":true,"href":"https:\/\/fliparas.com\/pt\/wp-json\/wp\/v2\/product_brand?post=1552"},{"taxonomy":"product_cat","embeddable":true,"href":"https:\/\/fliparas.com\/pt\/wp-json\/wp\/v2\/product_cat?post=1552"},{"taxonomy":"product_tag","embeddable":true,"href":"https:\/\/fliparas.com\/pt\/wp-json\/wp\/v2\/product_tag?post=1552"}],"curies":[{"name":"wp","href":"https:\/\/api.w.org\/{rel}","templated":true}]}}