{"id":1565,"date":"2024-03-27T16:11:52","date_gmt":"2024-03-27T16:11:52","guid":{"rendered":"https:\/\/fliparas.com\/?post_type=product&#038;p=1565"},"modified":"2025-01-31T11:26:13","modified_gmt":"2025-01-31T10:26:13","slug":"aula-de-confecao-de-paella-valencia","status":"publish","type":"product","link":"https:\/\/fliparas.com\/pt\/atividade\/aula-de-confecao-de-paella-valencia\/","title":{"rendered":"Aula de confe\u00e7\u00e3o de paella em Val\u00eancia"},"content":{"rendered":"<p>Aula de confe\u00e7\u00e3o de paella em Val\u00eancia.<\/p>\n<p>N\u00f3s somos <a href=\"https:\/\/fliparas.com\/pt\/despedida-de-solteiro\/\">Festa de despedida de solteiro<\/a>! <a href=\"https:\/\/fliparas.com\/pt\/festa-de-despedida-de-solteira\/\">Festa da galinha<\/a>! e estamos a organizar a vossa despedida de solteiro<\/p>\n<p>Tornar-se um profissional da Paella em Val\u00eancia!<\/p>\n<ul>\n<li style=\"text-align: center;\">Liberte o cozinheiro que h\u00e1 em si e descubra a cozinha mais adorada de Espanha: a paella!<br \/>\n<span style=\"font-size: 23.04px; text-align: center; color: #333333;\"><br \/>\nAula de confe\u00e7\u00e3o de paella em Val\u00eancia \ud83e\udd58<br \/>\n<\/span><\/li>\n<\/ul>\n<div>\n<h4 style=\"text-align: center;\">Boas raz\u00f5es para aderir \u00e0 Paella Valencia:<\/h4>\n<div>\n<p>* <strong>A cozinha como um elo de liga\u00e7\u00e3o:<\/strong> Esta experi\u00eancia vai muito para al\u00e9m da simples aprendizagem de um prato, \u00e9 uma oportunidade para criar la\u00e7os com os nossos entes queridos, conhecer novas pessoas e criar mem\u00f3rias diferentes. Cozinhar, rir e partilhar.<\/p>\n<\/div>\n<div>\n<p>*<strong> Para todos os n\u00edveis:<\/strong> N\u00e3o importa se n\u00e3o sabe cozinhar arroz ou se \u00e9 o cozinheiro mais conhecido da sua cidade, a paella que ensinamos pode ser feita por qualquer pessoa!<\/p>\n<\/div>\n<div>\n<p>* <strong>Cozinheiros experientes:<\/strong> Os chefes s\u00e3o profissionais apaixonados pela cozinha de paella, pelo que aprender\u00e1 com os melhores. Eles falar-lhe-\u00e3o dos seus conhecimentos e tradi\u00e7\u00f5es em mat\u00e9ria de paella. A sua paella ser\u00e1 aut\u00eantica!<\/p>\n<\/div>\n<div>* <strong>Totalmente interativo:<\/strong> A aula \u00e9 leccionada de forma a que participe desde o in\u00edcio, sem tempo para pensar se compreende ou n\u00e3o uma etapa! Todos estar\u00e3o envolvidos em cada etapa at\u00e9 que o resultado seja alcan\u00e7ado! Uma experi\u00eancia imersiva.<\/div>\n<\/div>\n<h3 style=\"text-align: center;\">\ud83c\udf89 Descobrir a aula de confe\u00e7\u00e3o de paella em Val\u00eancia!<\/h3>\n<p style=\"text-align: center;\"><strong>VENDA M\u00cdNIMA: 6 PESSOAS.<br \/>\n<\/strong><strong>TEMPO: 4 HORAS.\u00a0<\/strong><\/p>","protected":false},"excerpt":{"rendered":"<p>Aula de paella em Val\u00eancia! Liberte o chef que h\u00e1 em si e descubra a cozinha mais amada de Espanha: a paella! Contacte-nos!<\/p>\n<p><strong>VENDA M\u00cdNIMA: 6 PESSOAS.<br \/>\n<\/strong><strong>TEMPO: 4 HORAS.\u00a0<\/strong><\/p>","protected":false},"featured_media":1566,"template":"","meta":[],"product_brand":[425],"product_cat":[370,371,369],"product_tag":[376,374,375],"class_list":{"0":"post-1565","1":"product","2":"type-product","3":"status-publish","4":"has-post-thumbnail","6":"product_brand-fliparas-inc","7":"product_cat-hen-party-valencia-activities","8":"product_cat-stag-party-valencia-activities","9":"product_cat-valencia","10":"product_tag-paella-class-valencia","11":"product_tag-paella-making-class-valencia","12":"product_tag-paella-valencia","14":"first","15":"instock","16":"virtual","17":"sold-individually","18":"purchasable","19":"product-type-booking"},"yoast_head":"<!-- This site is optimized with the Yoast SEO plugin v26.9 - https:\/\/yoast.com\/product\/yoast-seo-wordpress\/ -->\n<title>Paella Making Class Valencia \ud83e\udd58\u200b<\/title>\n<meta name=\"description\" content=\"Paella Making Class Valencia! Unlock the chef in you and discover Spain&#039;s most beloved cuisine: paella!\u00a0\ud83e\udd58\ud83e\udd58\u200b\ud83e\udd58\u200b Contact Us! \u200b\" \/>\n<meta name=\"robots\" content=\"index, follow, max-snippet:-1, max-image-preview:large, max-video-preview:-1\" \/>\n<link rel=\"canonical\" href=\"https:\/\/fliparas.com\/pt\/atividade\/aula-de-confecao-de-paella-valencia\/\" \/>\n<meta property=\"og:locale\" content=\"pt_PT\" \/>\n<meta property=\"og:type\" content=\"article\" \/>\n<meta property=\"og:title\" content=\"Paella Making Class Valencia \ud83e\udd58\u200b\" \/>\n<meta property=\"og:description\" content=\"Paella Making Class Valencia! Unlock the chef in you and discover Spain&#039;s most beloved cuisine: paella!\u00a0\ud83e\udd58\ud83e\udd58\u200b\ud83e\udd58\u200b Contact Us! \u200b\" \/>\n<meta property=\"og:url\" content=\"https:\/\/fliparas.com\/pt\/atividade\/aula-de-confecao-de-paella-valencia\/\" \/>\n<meta property=\"og:site_name\" content=\"Agency Specialised in Stag and Hen Parties\" \/>\n<meta property=\"article:modified_time\" content=\"2025-01-31T10:26:13+00:00\" \/>\n<meta property=\"og:image\" content=\"https:\/\/fliparas.com\/wp-content\/uploads\/2024\/03\/Diseno-sin-titulo-36-1.jpg\" \/>\n\t<meta property=\"og:image:width\" content=\"1188\" \/>\n\t<meta property=\"og:image:height\" content=\"785\" \/>\n\t<meta property=\"og:image:type\" content=\"image\/jpeg\" \/>\n<meta name=\"twitter:card\" content=\"summary_large_image\" \/>\n<meta name=\"twitter:label1\" content=\"pre\u00e7o\" \/>\n\t<meta name=\"twitter:data1\" content=\"80,00&nbsp;&euro;\" \/>\n\t<meta name=\"twitter:label2\" content=\"Disponibilidade\" \/>\n\t<meta name=\"twitter:data2\" content=\"Em stock\" \/>\n<script type=\"application\/ld+json\" class=\"yoast-schema-graph\">{\"@context\":\"https:\/\/schema.org\",\"@graph\":[{\"@type\":\"WebPage\",\"@id\":\"https:\/\/fliparas.com\/activity\/paella-making-class-valencia\/\",\"url\":\"https:\/\/fliparas.com\/activity\/paella-making-class-valencia\/\",\"name\":\"Paella Making Class Valencia \ud83e\udd58\u200b\",\"isPartOf\":{\"@id\":\"https:\/\/fliparas.com\/#website\"},\"primaryImageOfPage\":{\"@id\":\"https:\/\/fliparas.com\/activity\/paella-making-class-valencia\/#primaryimage\"},\"image\":{\"@id\":\"https:\/\/fliparas.com\/activity\/paella-making-class-valencia\/#primaryimage\"},\"thumbnailUrl\":\"https:\/\/fliparas.com\/wp-content\/uploads\/2024\/03\/Diseno-sin-titulo-36-1.jpg\",\"datePublished\":\"2024-03-27T16:11:52+00:00\",\"dateModified\":\"2025-01-31T10:26:13+00:00\",\"description\":\"Paella Making Class Valencia! Unlock the chef in you and discover Spain's most beloved cuisine: paella!\u00a0\ud83e\udd58\ud83e\udd58\u200b\ud83e\udd58\u200b Contact Us! \u200b\",\"breadcrumb\":{\"@id\":\"https:\/\/fliparas.com\/activity\/paella-making-class-valencia\/#breadcrumb\"},\"inLanguage\":\"pt-PT\",\"potentialAction\":[{\"@type\":\"ReadAction\",\"target\":[\"https:\/\/fliparas.com\/activity\/paella-making-class-valencia\/\"]}]},{\"@type\":\"ImageObject\",\"inLanguage\":\"pt-PT\",\"@id\":\"https:\/\/fliparas.com\/activity\/paella-making-class-valencia\/#primaryimage\",\"url\":\"https:\/\/fliparas.com\/wp-content\/uploads\/2024\/03\/Diseno-sin-titulo-36-1.jpg\",\"contentUrl\":\"https:\/\/fliparas.com\/wp-content\/uploads\/2024\/03\/Diseno-sin-titulo-36-1.jpg\",\"width\":1188,\"height\":785,\"caption\":\"Paella Making Class Valencia Image Product\"},{\"@type\":\"BreadcrumbList\",\"@id\":\"https:\/\/fliparas.com\/activity\/paella-making-class-valencia\/#breadcrumb\",\"itemListElement\":[{\"@type\":\"ListItem\",\"position\":1,\"name\":\"Home\",\"item\":\"https:\/\/fliparas.com\/\"},{\"@type\":\"ListItem\",\"position\":2,\"name\":\"Shop\",\"item\":\"https:\/\/fliparas.com\/shop\/\"},{\"@type\":\"ListItem\",\"position\":3,\"name\":\"Paella Making Class Valencia\"}]},{\"@type\":\"WebSite\",\"@id\":\"https:\/\/fliparas.com\/#website\",\"url\":\"https:\/\/fliparas.com\/\",\"name\":\"Agency Specialised in Stag and Hen Parties\",\"description\":\"Trust the highest rated agency to organize an unforgettable stag and hen parties in Europe\",\"publisher\":{\"@id\":\"https:\/\/fliparas.com\/#organization\"},\"alternateName\":\"Fliparas Agency Specialised in Stag and Hen Parties\",\"potentialAction\":[{\"@type\":\"SearchAction\",\"target\":{\"@type\":\"EntryPoint\",\"urlTemplate\":\"https:\/\/fliparas.com\/?s={search_term_string}\"},\"query-input\":{\"@type\":\"PropertyValueSpecification\",\"valueRequired\":true,\"valueName\":\"search_term_string\"}}],\"inLanguage\":\"pt-PT\"},{\"@type\":\"Organization\",\"@id\":\"https:\/\/fliparas.com\/#organization\",\"name\":\"Fliparas\",\"alternateName\":\"Agency Specialised in Stag and Hen Parties\",\"url\":\"https:\/\/fliparas.com\/\",\"logo\":{\"@type\":\"ImageObject\",\"inLanguage\":\"pt-PT\",\"@id\":\"https:\/\/fliparas.com\/#\/schema\/logo\/image\/\",\"url\":\"https:\/\/fliparas.com\/wp-content\/uploads\/2024\/03\/Logo-Fliparas.png\",\"contentUrl\":\"https:\/\/fliparas.com\/wp-content\/uploads\/2024\/03\/Logo-Fliparas.png\",\"width\":1024,\"height\":1024,\"caption\":\"Fliparas\"},\"image\":{\"@id\":\"https:\/\/fliparas.com\/#\/schema\/logo\/image\/\"}}]}<\/script>\n<meta property=\"product:price:amount\" content=\"80.00\" \/>\n<meta property=\"product:price:currency\" content=\"EUR\" \/>\n<meta property=\"og:availability\" content=\"instock\" \/>\n<meta property=\"product:availability\" content=\"instock\" \/>\n<meta property=\"product:condition\" content=\"new\" \/>\n<!-- \/ Yoast SEO plugin. -->","yoast_head_json":{"title":"Aula de confe\u00e7\u00e3o de paella em Val\u00eancia \ud83e\udd58","description":"Aula de paella em Val\u00eancia! Desbloqueie o chef que h\u00e1 em si e descubra a cozinha mais amada de Espanha: a paella! \ud83e\udd58\ud83e\udd58\ud83e\udd58 Contacte-nos!","robots":{"index":"index","follow":"follow","max-snippet":"max-snippet:-1","max-image-preview":"max-image-preview:large","max-video-preview":"max-video-preview:-1"},"canonical":"https:\/\/fliparas.com\/pt\/atividade\/aula-de-confecao-de-paella-valencia\/","og_locale":"pt_PT","og_type":"article","og_title":"Paella Making Class Valencia \ud83e\udd58\u200b","og_description":"Paella Making Class Valencia! Unlock the chef in you and discover Spain's most beloved cuisine: paella!\u00a0\ud83e\udd58\ud83e\udd58\u200b\ud83e\udd58\u200b Contact Us! \u200b","og_url":"https:\/\/fliparas.com\/pt\/atividade\/aula-de-confecao-de-paella-valencia\/","og_site_name":"Agency Specialised in Stag and Hen Parties","article_modified_time":"2025-01-31T10:26:13+00:00","og_image":[{"width":1188,"height":785,"url":"https:\/\/fliparas.com\/wp-content\/uploads\/2024\/03\/Diseno-sin-titulo-36-1.jpg","type":"image\/jpeg"}],"twitter_card":"summary_large_image","twitter_misc":{"pre\u00e7o":"80,00&nbsp;&euro;","Disponibilidade":"Em stock"},"schema":{"@context":"https:\/\/schema.org","@graph":[{"@type":"WebPage","@id":"https:\/\/fliparas.com\/activity\/paella-making-class-valencia\/","url":"https:\/\/fliparas.com\/activity\/paella-making-class-valencia\/","name":"Aula de confe\u00e7\u00e3o de paella em Val\u00eancia \ud83e\udd58","isPartOf":{"@id":"https:\/\/fliparas.com\/#website"},"primaryImageOfPage":{"@id":"https:\/\/fliparas.com\/activity\/paella-making-class-valencia\/#primaryimage"},"image":{"@id":"https:\/\/fliparas.com\/activity\/paella-making-class-valencia\/#primaryimage"},"thumbnailUrl":"https:\/\/fliparas.com\/wp-content\/uploads\/2024\/03\/Diseno-sin-titulo-36-1.jpg","datePublished":"2024-03-27T16:11:52+00:00","dateModified":"2025-01-31T10:26:13+00:00","description":"Aula de paella em Val\u00eancia! Desbloqueie o chef que h\u00e1 em si e descubra a cozinha mais amada de Espanha: a paella! \ud83e\udd58\ud83e\udd58\ud83e\udd58 Contacte-nos!","breadcrumb":{"@id":"https:\/\/fliparas.com\/activity\/paella-making-class-valencia\/#breadcrumb"},"inLanguage":"pt-PT","potentialAction":[{"@type":"ReadAction","target":["https:\/\/fliparas.com\/activity\/paella-making-class-valencia\/"]}]},{"@type":"ImageObject","inLanguage":"pt-PT","@id":"https:\/\/fliparas.com\/activity\/paella-making-class-valencia\/#primaryimage","url":"https:\/\/fliparas.com\/wp-content\/uploads\/2024\/03\/Diseno-sin-titulo-36-1.jpg","contentUrl":"https:\/\/fliparas.com\/wp-content\/uploads\/2024\/03\/Diseno-sin-titulo-36-1.jpg","width":1188,"height":785,"caption":"Paella Making Class Valencia Image Product"},{"@type":"BreadcrumbList","@id":"https:\/\/fliparas.com\/activity\/paella-making-class-valencia\/#breadcrumb","itemListElement":[{"@type":"ListItem","position":1,"name":"Home","item":"https:\/\/fliparas.com\/"},{"@type":"ListItem","position":2,"name":"Shop","item":"https:\/\/fliparas.com\/shop\/"},{"@type":"ListItem","position":3,"name":"Paella Making Class Valencia"}]},{"@type":"WebSite","@id":"https:\/\/fliparas.com\/#website","url":"https:\/\/fliparas.com\/","name":"Ag\u00eancia especializada em despedidas de solteiro e de solteira","description":"Confie na ag\u00eancia mais bem classificada para organizar uma despedida de solteiro ou de solteira inesquec\u00edvel na Europa","publisher":{"@id":"https:\/\/fliparas.com\/#organization"},"alternateName":"Fliparas Agency Specialised in Stag and Hen Parties","potentialAction":[{"@type":"SearchAction","target":{"@type":"EntryPoint","urlTemplate":"https:\/\/fliparas.com\/?s={search_term_string}"},"query-input":{"@type":"PropertyValueSpecification","valueRequired":true,"valueName":"search_term_string"}}],"inLanguage":"pt-PT"},{"@type":"Organization","@id":"https:\/\/fliparas.com\/#organization","name":"Fliparas","alternateName":"Agency Specialised in Stag and Hen Parties","url":"https:\/\/fliparas.com\/","logo":{"@type":"ImageObject","inLanguage":"pt-PT","@id":"https:\/\/fliparas.com\/#\/schema\/logo\/image\/","url":"https:\/\/fliparas.com\/wp-content\/uploads\/2024\/03\/Logo-Fliparas.png","contentUrl":"https:\/\/fliparas.com\/wp-content\/uploads\/2024\/03\/Logo-Fliparas.png","width":1024,"height":1024,"caption":"Fliparas"},"image":{"@id":"https:\/\/fliparas.com\/#\/schema\/logo\/image\/"}}]},"product_price_amount":"80.00","product_price_currency":"EUR","og_availability":"instock","product_availability":"instock","product_condition":"new"},"_links":{"self":[{"href":"https:\/\/fliparas.com\/pt\/wp-json\/wp\/v2\/product\/1565","targetHints":{"allow":["GET"]}}],"collection":[{"href":"https:\/\/fliparas.com\/pt\/wp-json\/wp\/v2\/product"}],"about":[{"href":"https:\/\/fliparas.com\/pt\/wp-json\/wp\/v2\/types\/product"}],"wp:featuredmedia":[{"embeddable":true,"href":"https:\/\/fliparas.com\/pt\/wp-json\/wp\/v2\/media\/1566"}],"wp:attachment":[{"href":"https:\/\/fliparas.com\/pt\/wp-json\/wp\/v2\/media?parent=1565"}],"wp:term":[{"taxonomy":"product_brand","embeddable":true,"href":"https:\/\/fliparas.com\/pt\/wp-json\/wp\/v2\/product_brand?post=1565"},{"taxonomy":"product_cat","embeddable":true,"href":"https:\/\/fliparas.com\/pt\/wp-json\/wp\/v2\/product_cat?post=1565"},{"taxonomy":"product_tag","embeddable":true,"href":"https:\/\/fliparas.com\/pt\/wp-json\/wp\/v2\/product_tag?post=1565"}],"curies":[{"name":"wp","href":"https:\/\/api.w.org\/{rel}","templated":true}]}}